{"id":76684,"date":"2025-08-13T06:40:07","date_gmt":"2025-08-13T03:40:07","guid":{"rendered":"https:\/\/www.castrum.ee\/tuoteluettelot\/"},"modified":"2025-12-22T15:34:53","modified_gmt":"2025-12-22T13:34:53","slug":"tuoteluettelot","status":"publish","type":"page","link":"https:\/\/www.castrum.ee\/fi\/tuoteluettelot\/","title":{"rendered":"Tuoteluettelot"},"content":{"rendered":"<div class=\"fusion-fullwidth fullwidth-box fusion-builder-row-1 fusion-flex-container has-pattern-background has-mask-background nonhundred-percent-fullwidth non-hundred-percent-height-scrolling\" style=\"--awb-border-radius-top-left:0px;--awb-border-radius-top-right:0px;--awb-border-radius-bottom-right:0px;--awb-border-radius-bottom-left:0px;--awb-margin-top:4%;--awb-margin-bottom:4%;--awb-flex-wrap:wrap;\" ><div class=\"fusion-builder-row fusion-row fusion-flex-align-items-flex-start fusion-flex-content-wrap\" style=\"max-width:1393.6px;margin-left: calc(-4% \/ 2 );margin-right: calc(-4% \/ 2 );\"><div class=\"fusion-layout-column fusion_builder_column fusion-builder-column-0 fusion_builder_column_1_1 1_1 fusion-flex-column\" style=\"--awb-bg-size:cover;--awb-width-large:100%;--awb-margin-top-large:0px;--awb-spacing-right-large:1.92%;--awb-margin-bottom-large:20px;--awb-spacing-left-large:1.92%;--awb-width-medium:100%;--awb-order-medium:0;--awb-spacing-right-medium:1.92%;--awb-spacing-left-medium:1.92%;--awb-width-small:100%;--awb-order-small:0;--awb-spacing-right-small:1.92%;--awb-spacing-left-small:1.92%;\"><div class=\"fusion-column-wrapper fusion-column-has-shadow fusion-flex-justify-content-flex-start fusion-content-layout-column\"><div class=\"fusion-title title fusion-title-1 fusion-sep-none fusion-title-center fusion-title-text fusion-title-size-one\" style=\"--awb-margin-top-small:10px;--awb-margin-right-small:0px;--awb-margin-bottom-small:10px;--awb-margin-left-small:0px;\"><h1 class=\"fusion-title-heading title-heading-center\" style=\"margin:0;text-transform:capitalize;\"><p class=\"vc_custom_heading\">Tuoteluettelot<\/p><\/h1><\/div><div class=\"fusion-text fusion-text-1\" style=\"--awb-content-alignment:center;\"><p>Verkkovalikoiman lis\u00e4ksi voit tilata tuotteita my\u00f6s RIVAL- ja Delta4x4-luetteloista, jotka tarjoavat laajan valikoiman korkealaatuisia varaosia ja lis\u00e4varusteita erilaisiin maastureihin ja pakettiautoihin. Valitse sinulle parhaiten sopiva tuote ja ota yhteytt\u00e4!<\/p>\n<\/div><\/div><\/div><div class=\"fusion-layout-column fusion_builder_column fusion-builder-column-1 fusion_builder_column_1_2 1_2 fusion-flex-column\" style=\"--awb-bg-size:cover;--awb-width-large:50%;--awb-margin-top-large:0px;--awb-spacing-right-large:3.84%;--awb-margin-bottom-large:20px;--awb-spacing-left-large:3.84%;--awb-width-medium:50%;--awb-order-medium:0;--awb-spacing-right-medium:3.84%;--awb-spacing-left-medium:3.84%;--awb-width-small:100%;--awb-order-small:0;--awb-spacing-right-small:1.92%;--awb-spacing-left-small:1.92%;\"><div class=\"fusion-column-wrapper fusion-column-has-shadow fusion-flex-justify-content-flex-start fusion-content-layout-column\"><div class=\"fusion-image-element \" style=\"--awb-caption-title-font-family:var(--h2_typography-font-family);--awb-caption-title-font-weight:var(--h2_typography-font-weight);--awb-caption-title-font-style:var(--h2_typography-font-style);--awb-caption-title-size:var(--h2_typography-font-size);--awb-caption-title-transform:var(--h2_typography-text-transform);--awb-caption-title-line-height:var(--h2_typography-line-height);--awb-caption-title-letter-spacing:var(--h2_typography-letter-spacing);\"><span class=\" fusion-imageframe imageframe-none imageframe-1 hover-type-none\"><a class=\"fusion-no-lightbox\" href=\"https:\/\/www.castrum.ee\/wp-content\/uploads\/2025\/08\/RIVAL4x4_catalogue2022-1.pdf\" target=\"_self\" aria-label=\"RIVAL_4x4_catalogue (1)\"><img decoding=\"async\" width=\"849\" height=\"1200\" src=\"https:\/\/www.castrum.ee\/wp-content\/uploads\/2025\/08\/RIVAL_4x4_kataloog-1.webp\" data-orig-src=\"https:\/\/www.castrum.ee\/wp-content\/uploads\/2025\/08\/RIVAL_4x4_kataloog-1.webp\" alt class=\"lazyload img-responsive wp-image-8777\" srcset=\"data:image\/svg+xml,%3Csvg%20xmlns%3D%27http%3A%2F%2Fwww.w3.org%2F2000%2Fsvg%27%20width%3D%27849%27%20height%3D%271200%27%20viewBox%3D%270%200%20849%201200%27%3E%3Crect%20width%3D%27849%27%20height%3D%271200%27%20fill-opacity%3D%220%22%2F%3E%3C%2Fsvg%3E\" data-srcset=\"https:\/\/www.castrum.ee\/wp-content\/uploads\/2025\/08\/RIVAL_4x4_kataloog-1-200x283.webp 200w, https:\/\/www.castrum.ee\/wp-content\/uploads\/2025\/08\/RIVAL_4x4_kataloog-1-400x565.webp 400w, https:\/\/www.castrum.ee\/wp-content\/uploads\/2025\/08\/RIVAL_4x4_kataloog-1-600x848.webp 600w, https:\/\/www.castrum.ee\/wp-content\/uploads\/2025\/08\/RIVAL_4x4_kataloog-1-800x1131.webp 800w, https:\/\/www.castrum.ee\/wp-content\/uploads\/2025\/08\/RIVAL_4x4_kataloog-1.webp 849w\" data-sizes=\"auto\" data-orig-sizes=\"(max-width: 800px) 100vw, 800px\" \/><\/a><\/span><\/div><div class=\"fusion-title title fusion-title-2 fusion-sep-none fusion-title-text fusion-title-size-three\" style=\"--awb-margin-top-small:10px;--awb-margin-right-small:0px;--awb-margin-bottom-small:10px;--awb-margin-left-small:0px;\"><h3 class=\"fusion-title-heading title-heading-left\" style=\"margin:0;text-transform:none;\"><p class=\"vc_custom_heading\"><a href=\"https:\/\/www.castrum.ee\/wp-content\/uploads\/2025\/08\/RIVAL4x4_catalogue2022-1.pdf\">RIVAL 4&#215;4 tarvikeluettelo<\/a><\/p><\/h3><\/div><div class=\"fusion-text fusion-text-2\"><p>Vastaavat merkit ja mallit on lueteltu laitekohtaisella sivulla.<\/p>\n<\/div><div ><a class=\"fusion-button button-flat fusion-button-default-size button-default fusion-button-default button-1 fusion-button-default-span fusion-button-default-type\" style=\"--button_text_transform:none;\" target=\"_self\" href=\"https:\/\/www.castrum.ee\/wp-content\/uploads\/2025\/08\/RIVAL4x4_catalogue2022-1.pdf\"><span class=\"fusion-button-text awb-button__text awb-button__text--default\">Katso luettelo<\/span><\/a><\/div><\/div><\/div><div class=\"fusion-layout-column fusion_builder_column fusion-builder-column-2 fusion_builder_column_1_2 1_2 fusion-flex-column\" style=\"--awb-bg-size:cover;--awb-width-large:50%;--awb-margin-top-large:0px;--awb-spacing-right-large:3.84%;--awb-margin-bottom-large:20px;--awb-spacing-left-large:3.84%;--awb-width-medium:50%;--awb-order-medium:0;--awb-spacing-right-medium:3.84%;--awb-spacing-left-medium:3.84%;--awb-width-small:100%;--awb-order-small:0;--awb-spacing-right-small:1.92%;--awb-spacing-left-small:1.92%;\"><div class=\"fusion-column-wrapper fusion-column-has-shadow fusion-flex-justify-content-flex-start fusion-content-layout-column\"><div class=\"fusion-image-element \" style=\"--awb-caption-title-font-family:var(--h2_typography-font-family);--awb-caption-title-font-weight:var(--h2_typography-font-weight);--awb-caption-title-font-style:var(--h2_typography-font-style);--awb-caption-title-size:var(--h2_typography-font-size);--awb-caption-title-transform:var(--h2_typography-text-transform);--awb-caption-title-line-height:var(--h2_typography-line-height);--awb-caption-title-letter-spacing:var(--h2_typography-letter-spacing);\"><span class=\" fusion-imageframe imageframe-none imageframe-2 hover-type-none\"><a class=\"fusion-no-lightbox\" href=\"https:\/\/delta4x4.com\/produkte\/kataloge\/\" target=\"_self\" aria-label=\"delta_4x4_catalogs (1)\"><img decoding=\"async\" width=\"849\" height=\"1200\" src=\"https:\/\/www.castrum.ee\/wp-content\/uploads\/2025\/08\/delta_4x4_kataloogid-1.webp\" data-orig-src=\"https:\/\/www.castrum.ee\/wp-content\/uploads\/2025\/08\/delta_4x4_kataloogid-1.webp\" alt class=\"lazyload img-responsive wp-image-8779\" srcset=\"data:image\/svg+xml,%3Csvg%20xmlns%3D%27http%3A%2F%2Fwww.w3.org%2F2000%2Fsvg%27%20width%3D%27849%27%20height%3D%271200%27%20viewBox%3D%270%200%20849%201200%27%3E%3Crect%20width%3D%27849%27%20height%3D%271200%27%20fill-opacity%3D%220%22%2F%3E%3C%2Fsvg%3E\" data-srcset=\"https:\/\/www.castrum.ee\/wp-content\/uploads\/2025\/08\/delta_4x4_kataloogid-1-200x283.webp 200w, https:\/\/www.castrum.ee\/wp-content\/uploads\/2025\/08\/delta_4x4_kataloogid-1-400x565.webp 400w, https:\/\/www.castrum.ee\/wp-content\/uploads\/2025\/08\/delta_4x4_kataloogid-1-600x848.webp 600w, https:\/\/www.castrum.ee\/wp-content\/uploads\/2025\/08\/delta_4x4_kataloogid-1-800x1131.webp 800w, https:\/\/www.castrum.ee\/wp-content\/uploads\/2025\/08\/delta_4x4_kataloogid-1.webp 849w\" data-sizes=\"auto\" data-orig-sizes=\"(max-width: 800px) 100vw, 800px\" \/><\/a><\/span><\/div><div class=\"fusion-title title fusion-title-3 fusion-sep-none fusion-title-text fusion-title-size-three\" style=\"--awb-margin-top-small:10px;--awb-margin-right-small:0px;--awb-margin-bottom-small:10px;--awb-margin-left-small:0px;\"><h3 class=\"fusion-title-heading title-heading-left\" style=\"margin:0;text-transform:none;\"><p class=\"vc_custom_heading\"><a href=\"https:\/\/delta4x4.com\/produkte\/kataloge\/\">Delta4x4-luettelot<\/a><\/p><\/h3><\/div><div class=\"fusion-text fusion-text-3\"><p>Klikkaa ja valitse ajoneuvoluettelosi avautuvalta sivulta.<\/p>\n<\/div><div ><a class=\"fusion-button button-flat fusion-button-default-size button-default fusion-button-default button-2 fusion-button-default-span fusion-button-default-type\" style=\"--button_text_transform:none;\" target=\"_self\" href=\"https:\/\/delta4x4.com\/produkte\/kataloge\/\"><span class=\"fusion-button-text awb-button__text awb-button__text--default\">Katso luettelot<\/span><\/a><\/div><\/div><\/div><\/div><\/div>\n","protected":false},"excerpt":{"rendered":"","protected":false},"author":2,"featured_media":0,"parent":0,"menu_order":0,"comment_status":"closed","ping_status":"closed","template":"","meta":{"_acf_changed":false,"footnotes":""},"class_list":["post-76684","page","type-page","status-publish","hentry"],"acf":[],"yoast_head":"<!-- This site is optimized with the Yoast SEO plugin v27.3 - https:\/\/yoast.com\/product\/yoast-seo-wordpress\/ -->\n<title>Tuotekatalogit | Rival 4x4 -varaosat | Delta 4x4 -lis\u00e4varusteet<\/title>\n<meta name=\"description\" content=\"Rival 4x4 -tuotekatalogi. Delta 4x4 -tuotekatalogi. Maastureiden ja pienbussien lis\u00e4varusteet ja lis\u00e4tarvikkeet \u2013 valitse sopiva ja ota yhteytt\u00e4\" \/>\n<meta name=\"robots\" content=\"index, follow, max-snippet:-1, max-image-preview:large, max-video-preview:-1\" \/>\n<link rel=\"canonical\" href=\"https:\/\/www.castrum.ee\/fi\/tuoteluettelot\/\" \/>\n<meta property=\"og:locale\" content=\"fi_FI\" \/>\n<meta property=\"og:type\" content=\"article\" \/>\n<meta property=\"og:title\" content=\"Tuotekatalogit | Rival 4x4 -varaosat | Delta 4x4 -lis\u00e4varusteet\" \/>\n<meta property=\"og:description\" content=\"Rival 4x4 -tuotekatalogi. Delta 4x4 -tuotekatalogi. Maastureiden ja pienbussien lis\u00e4varusteet ja lis\u00e4tarvikkeet \u2013 valitse sopiva ja ota yhteytt\u00e4\" \/>\n<meta property=\"og:url\" content=\"https:\/\/www.castrum.ee\/fi\/tuoteluettelot\/\" \/>\n<meta property=\"og:site_name\" content=\"Castrum\" \/>\n<meta property=\"article:publisher\" content=\"https:\/\/www.facebook.com\/castrum.ee\" \/>\n<meta property=\"article:modified_time\" content=\"2025-12-22T13:34:53+00:00\" \/>\n<meta name=\"twitter:card\" content=\"summary_large_image\" \/>\n<meta name=\"twitter:label1\" content=\"Arvioitu lukuaika\" \/>\n\t<meta name=\"twitter:data1\" content=\"9 minuuttia\" \/>\n<script type=\"application\/ld+json\" class=\"yoast-schema-graph\">{\"@context\":\"https:\\\/\\\/schema.org\",\"@graph\":[{\"@type\":\"WebPage\",\"@id\":\"https:\\\/\\\/www.castrum.ee\\\/fi\\\/tuoteluettelot\\\/\",\"url\":\"https:\\\/\\\/www.castrum.ee\\\/fi\\\/tuoteluettelot\\\/\",\"name\":\"Tuotekatalogit | Rival 4x4 -varaosat | Delta 4x4 -lis\u00e4varusteet\",\"isPartOf\":{\"@id\":\"https:\\\/\\\/www.castrum.ee\\\/fi\\\/#website\"},\"datePublished\":\"2025-08-13T03:40:07+00:00\",\"dateModified\":\"2025-12-22T13:34:53+00:00\",\"description\":\"Rival 4x4 -tuotekatalogi. Delta 4x4 -tuotekatalogi. Maastureiden ja pienbussien lis\u00e4varusteet ja lis\u00e4tarvikkeet \u2013 valitse sopiva ja ota yhteytt\u00e4\",\"breadcrumb\":{\"@id\":\"https:\\\/\\\/www.castrum.ee\\\/fi\\\/tuoteluettelot\\\/#breadcrumb\"},\"inLanguage\":\"fi\",\"potentialAction\":[{\"@type\":\"ReadAction\",\"target\":[\"https:\\\/\\\/www.castrum.ee\\\/fi\\\/tuoteluettelot\\\/\"]}]},{\"@type\":\"BreadcrumbList\",\"@id\":\"https:\\\/\\\/www.castrum.ee\\\/fi\\\/tuoteluettelot\\\/#breadcrumb\",\"itemListElement\":[{\"@type\":\"ListItem\",\"position\":1,\"name\":\"Home\",\"item\":\"https:\\\/\\\/www.castrum.ee\\\/fi\\\/kotisivu\\\/\"},{\"@type\":\"ListItem\",\"position\":2,\"name\":\"Tuoteluettelot\"}]},{\"@type\":\"WebSite\",\"@id\":\"https:\\\/\\\/www.castrum.ee\\\/fi\\\/#website\",\"url\":\"https:\\\/\\\/www.castrum.ee\\\/fi\\\/\",\"name\":\"Castrum\",\"description\":\"Maasturite, s\u00f5iduautode ja v\u00e4ikebusside lisavarustus\",\"publisher\":{\"@id\":\"https:\\\/\\\/www.castrum.ee\\\/fi\\\/#organization\"},\"potentialAction\":[{\"@type\":\"SearchAction\",\"target\":{\"@type\":\"EntryPoint\",\"urlTemplate\":\"https:\\\/\\\/www.castrum.ee\\\/fi\\\/?s={search_term_string}\"},\"query-input\":{\"@type\":\"PropertyValueSpecification\",\"valueRequired\":true,\"valueName\":\"search_term_string\"}}],\"inLanguage\":\"fi\"},{\"@type\":\"Organization\",\"@id\":\"https:\\\/\\\/www.castrum.ee\\\/fi\\\/#organization\",\"name\":\"Castrum Grupp O\u00dc\",\"url\":\"https:\\\/\\\/www.castrum.ee\\\/fi\\\/\",\"logo\":{\"@type\":\"ImageObject\",\"inLanguage\":\"fi\",\"@id\":\"https:\\\/\\\/www.castrum.ee\\\/fi\\\/#\\\/schema\\\/logo\\\/image\\\/\",\"url\":\"https:\\\/\\\/www.castrum.ee\\\/wp-content\\\/uploads\\\/2025\\\/03\\\/Castrum-logo-500.png\",\"contentUrl\":\"https:\\\/\\\/www.castrum.ee\\\/wp-content\\\/uploads\\\/2025\\\/03\\\/Castrum-logo-500.png\",\"width\":500,\"height\":250,\"caption\":\"Castrum Grupp O\u00dc\"},\"image\":{\"@id\":\"https:\\\/\\\/www.castrum.ee\\\/fi\\\/#\\\/schema\\\/logo\\\/image\\\/\"},\"sameAs\":[\"https:\\\/\\\/www.facebook.com\\\/castrum.ee\"]}]}<\/script>\n<!-- \/ Yoast SEO plugin. -->","yoast_head_json":{"title":"Tuotekatalogit | Rival 4x4 -varaosat | Delta 4x4 -lis\u00e4varusteet","description":"Rival 4x4 -tuotekatalogi. Delta 4x4 -tuotekatalogi. Maastureiden ja pienbussien lis\u00e4varusteet ja lis\u00e4tarvikkeet \u2013 valitse sopiva ja ota yhteytt\u00e4","robots":{"index":"index","follow":"follow","max-snippet":"max-snippet:-1","max-image-preview":"max-image-preview:large","max-video-preview":"max-video-preview:-1"},"canonical":"https:\/\/www.castrum.ee\/fi\/tuoteluettelot\/","og_locale":"fi_FI","og_type":"article","og_title":"Tuotekatalogit | Rival 4x4 -varaosat | Delta 4x4 -lis\u00e4varusteet","og_description":"Rival 4x4 -tuotekatalogi. Delta 4x4 -tuotekatalogi. Maastureiden ja pienbussien lis\u00e4varusteet ja lis\u00e4tarvikkeet \u2013 valitse sopiva ja ota yhteytt\u00e4","og_url":"https:\/\/www.castrum.ee\/fi\/tuoteluettelot\/","og_site_name":"Castrum","article_publisher":"https:\/\/www.facebook.com\/castrum.ee","article_modified_time":"2025-12-22T13:34:53+00:00","twitter_card":"summary_large_image","twitter_misc":{"Arvioitu lukuaika":"9 minuuttia"},"schema":{"@context":"https:\/\/schema.org","@graph":[{"@type":"WebPage","@id":"https:\/\/www.castrum.ee\/fi\/tuoteluettelot\/","url":"https:\/\/www.castrum.ee\/fi\/tuoteluettelot\/","name":"Tuotekatalogit | Rival 4x4 -varaosat | Delta 4x4 -lis\u00e4varusteet","isPartOf":{"@id":"https:\/\/www.castrum.ee\/fi\/#website"},"datePublished":"2025-08-13T03:40:07+00:00","dateModified":"2025-12-22T13:34:53+00:00","description":"Rival 4x4 -tuotekatalogi. Delta 4x4 -tuotekatalogi. Maastureiden ja pienbussien lis\u00e4varusteet ja lis\u00e4tarvikkeet \u2013 valitse sopiva ja ota yhteytt\u00e4","breadcrumb":{"@id":"https:\/\/www.castrum.ee\/fi\/tuoteluettelot\/#breadcrumb"},"inLanguage":"fi","potentialAction":[{"@type":"ReadAction","target":["https:\/\/www.castrum.ee\/fi\/tuoteluettelot\/"]}]},{"@type":"BreadcrumbList","@id":"https:\/\/www.castrum.ee\/fi\/tuoteluettelot\/#breadcrumb","itemListElement":[{"@type":"ListItem","position":1,"name":"Home","item":"https:\/\/www.castrum.ee\/fi\/kotisivu\/"},{"@type":"ListItem","position":2,"name":"Tuoteluettelot"}]},{"@type":"WebSite","@id":"https:\/\/www.castrum.ee\/fi\/#website","url":"https:\/\/www.castrum.ee\/fi\/","name":"Castrum","description":"Maasturite, s\u00f5iduautode ja v\u00e4ikebusside lisavarustus","publisher":{"@id":"https:\/\/www.castrum.ee\/fi\/#organization"},"potentialAction":[{"@type":"SearchAction","target":{"@type":"EntryPoint","urlTemplate":"https:\/\/www.castrum.ee\/fi\/?s={search_term_string}"},"query-input":{"@type":"PropertyValueSpecification","valueRequired":true,"valueName":"search_term_string"}}],"inLanguage":"fi"},{"@type":"Organization","@id":"https:\/\/www.castrum.ee\/fi\/#organization","name":"Castrum Grupp O\u00dc","url":"https:\/\/www.castrum.ee\/fi\/","logo":{"@type":"ImageObject","inLanguage":"fi","@id":"https:\/\/www.castrum.ee\/fi\/#\/schema\/logo\/image\/","url":"https:\/\/www.castrum.ee\/wp-content\/uploads\/2025\/03\/Castrum-logo-500.png","contentUrl":"https:\/\/www.castrum.ee\/wp-content\/uploads\/2025\/03\/Castrum-logo-500.png","width":500,"height":250,"caption":"Castrum Grupp O\u00dc"},"image":{"@id":"https:\/\/www.castrum.ee\/fi\/#\/schema\/logo\/image\/"},"sameAs":["https:\/\/www.facebook.com\/castrum.ee"]}]}},"_links":{"self":[{"href":"https:\/\/www.castrum.ee\/fi\/wp-json\/wp\/v2\/pages\/76684","targetHints":{"allow":["GET"]}}],"collection":[{"href":"https:\/\/www.castrum.ee\/fi\/wp-json\/wp\/v2\/pages"}],"about":[{"href":"https:\/\/www.castrum.ee\/fi\/wp-json\/wp\/v2\/types\/page"}],"author":[{"embeddable":true,"href":"https:\/\/www.castrum.ee\/fi\/wp-json\/wp\/v2\/users\/2"}],"replies":[{"embeddable":true,"href":"https:\/\/www.castrum.ee\/fi\/wp-json\/wp\/v2\/comments?post=76684"}],"version-history":[{"count":6,"href":"https:\/\/www.castrum.ee\/fi\/wp-json\/wp\/v2\/pages\/76684\/revisions"}],"predecessor-version":[{"id":77860,"href":"https:\/\/www.castrum.ee\/fi\/wp-json\/wp\/v2\/pages\/76684\/revisions\/77860"}],"wp:attachment":[{"href":"https:\/\/www.castrum.ee\/fi\/wp-json\/wp\/v2\/media?parent=76684"}],"curies":[{"name":"wp","href":"https:\/\/api.w.org\/{rel}","templated":true}]}}