{"id":10019,"date":"2025-08-22T11:13:08","date_gmt":"2025-08-22T11:13:08","guid":{"rendered":"https:\/\/castrum.hume.ee\/?post_type=product&#038;p=10019"},"modified":"2026-04-09T13:04:13","modified_gmt":"2026-04-09T10:04:13","slug":"stangeaaris-st008-tetri","status":"publish","type":"product","link":"https:\/\/www.castrum.ee\/fi\/toode\/stangeaaris-st008-tetri\/","title":{"rendered":"Stange\u00e4\u00e4ris ST008 Tetri"},"content":{"rendered":"<p>Laos, Tarne 2-3 p\u00e4eva<\/p>\n","protected":false},"excerpt":{"rendered":"<p>60mm l\u00e4bim\u00f5\u00f5duga ja 1,5mm seinaga roostevabast terasest madal esiraud ehk stange\u00e4\u00e4ris.<br \/>\nKomplekt sisaldab k\u00f5ike vajalikku paigalduseks.<\/p>\n","protected":false},"featured_media":4154,"template":"","meta":{"_acf_changed":false},"mark-ja-mudel":[],"product_brand":[93,329,392,487,318,136,355,163,306,307,308,133,325,114,294,340,162,322,369,304,346,131,471,354,127,130,166,165,313,465,356,298,134,359,167,345,299,305,139,124,125,120,113,315,137,1566,1568,1567,314,89,164,336],"product_cat":[91,463],"product_tag":[],"class_list":{"0":"post-10019","1":"product","2":"type-product","3":"status-publish","4":"has-post-thumbnail","6":"product_brand-amarok","7":"product_brand-audi","8":"product_brand-caddy","9":"product_brand-cr-v","10":"product_brand-crafter","11":"product_brand-custom","12":"product_brand-cx-5","13":"product_brand-d-max","14":"product_brand-dacia","15":"product_brand-duster","16":"product_brand-eclipse-cross","17":"product_brand-ford","18":"product_brand-grand-cherokee","19":"product_brand-hilux","20":"product_brand-honda","21":"product_brand-hyundai","22":"product_brand-isuzu","23":"product_brand-jeep","24":"product_brand-juke","25":"product_brand-kia","26":"product_brand-kuga","27":"product_brand-l200","28":"product_brand-land-cruiser-200-v8","29":"product_brand-mazda","30":"product_brand-mercedes-benz","31":"product_brand-mitsubishi","32":"product_brand-navara","33":"product_brand-nissan","34":"product_brand-opel","35":"product_brand-pajero","36":"product_brand-q5","37":"product_brand-qashqai","38":"product_brand-ranger","39":"product_brand-rav4","40":"product_brand-renault","41":"product_brand-santa-fe","42":"product_brand-sharan","43":"product_brand-sportage","44":"product_brand-sprinter","45":"product_brand-t5","46":"product_brand-t5-1","47":"product_brand-t6","48":"product_brand-toyota","49":"product_brand-trafic","50":"product_brand-transit-custom","51":"product_brand-v-class","52":"product_brand-viano","53":"product_brand-vito","54":"product_brand-vivaro","55":"product_brand-volkswagen","56":"product_brand-x-class","57":"product_brand-x-trail","58":"product_cat-4x4-rauad","59":"product_cat-esirauad-e-sertifikaadita","60":"product_shipping_class-suurveos","62":"first","63":"instock","64":"taxable","65":"shipping-taxable","66":"purchasable","67":"product-type-variable"},"bundled_by":[],"bundle_stock_status":"instock","bundle_stock_quantity":null,"bundle_virtual":false,"bundle_layout":"","bundle_add_to_cart_form_location":"","bundle_editable_in_cart":false,"bundle_sold_individually_context":"","bundle_item_grouping":"","bundle_min_size":"","bundle_max_size":"","bundle_price":[],"bundled_items":[],"bundle_sell_ids":[],"acf":[],"yoast_head":"<!-- This site is optimized with the Yoast SEO plugin v27.3 - https:\/\/yoast.com\/product\/yoast-seo-wordpress\/ -->\n<title>Stange\u00e4\u00e4ris ST008 Tetri | 4x4 rauad, Esirauad (e-sertifikaadita)<\/title>\n<meta name=\"description\" content=\"Stange\u00e4\u00e4ris ST008 Tetri - 4x4 rauad, Esirauad (e-sertifikaadita) . Autojen, maastureiden ja pakettiautojen lis\u00e4varusteet. Varaosat.\" \/>\n<meta name=\"robots\" content=\"index, follow, max-snippet:-1, max-image-preview:large, max-video-preview:-1\" \/>\n<link rel=\"canonical\" href=\"https:\/\/www.castrum.ee\/fi\/toode\/stangeaaris-st008-tetri\/\" \/>\n<meta property=\"og:locale\" content=\"fi_FI\" \/>\n<meta property=\"og:type\" content=\"article\" \/>\n<meta property=\"og:title\" content=\"Stange\u00e4\u00e4ris ST008 Tetri | 4x4 rauad, Esirauad (e-sertifikaadita)\" \/>\n<meta property=\"og:description\" content=\"Stange\u00e4\u00e4ris ST008 Tetri - 4x4 rauad, Esirauad (e-sertifikaadita) . Autojen, maastureiden ja pakettiautojen lis\u00e4varusteet. Varaosat.\" \/>\n<meta property=\"og:url\" content=\"https:\/\/www.castrum.ee\/fi\/toode\/stangeaaris-st008-tetri\/\" \/>\n<meta property=\"og:site_name\" content=\"Castrum\" \/>\n<meta property=\"article:publisher\" content=\"https:\/\/www.facebook.com\/castrum.ee\" \/>\n<meta property=\"article:modified_time\" content=\"2026-04-09T10:04:13+00:00\" \/>\n<meta property=\"og:image\" content=\"https:\/\/www.castrum.ee\/wp-content\/uploads\/2025\/06\/IMG_1557.jpeg\" \/>\n\t<meta property=\"og:image:width\" content=\"1912\" \/>\n\t<meta property=\"og:image:height\" content=\"1080\" \/>\n\t<meta property=\"og:image:type\" content=\"image\/jpeg\" \/>\n<meta name=\"twitter:card\" content=\"summary_large_image\" \/>\n<meta name=\"twitter:label1\" content=\"Arvioitu lukuaika\" \/>\n\t<meta name=\"twitter:data1\" content=\"1 minuutti\" \/>\n<script type=\"application\/ld+json\" class=\"yoast-schema-graph\">{\"@context\":\"https:\\\/\\\/schema.org\",\"@graph\":[{\"@type\":\"WebPage\",\"@id\":\"https:\\\/\\\/www.castrum.ee\\\/fi\\\/toode\\\/stangeaaris-st008-tetri\\\/\",\"url\":\"https:\\\/\\\/www.castrum.ee\\\/fi\\\/toode\\\/stangeaaris-st008-tetri\\\/\",\"name\":\"Stange\u00e4\u00e4ris ST008 Tetri | 4x4 rauad, Esirauad (e-sertifikaadita)\",\"isPartOf\":{\"@id\":\"https:\\\/\\\/www.castrum.ee\\\/fi\\\/#website\"},\"primaryImageOfPage\":{\"@id\":\"https:\\\/\\\/www.castrum.ee\\\/fi\\\/toode\\\/stangeaaris-st008-tetri\\\/#primaryimage\"},\"image\":{\"@id\":\"https:\\\/\\\/www.castrum.ee\\\/fi\\\/toode\\\/stangeaaris-st008-tetri\\\/#primaryimage\"},\"thumbnailUrl\":\"https:\\\/\\\/www.castrum.ee\\\/wp-content\\\/uploads\\\/2025\\\/06\\\/IMG_1557.jpeg\",\"datePublished\":\"2025-08-22T11:13:08+00:00\",\"dateModified\":\"2026-04-09T10:04:13+00:00\",\"description\":\"Stange\u00e4\u00e4ris ST008 Tetri - 4x4 rauad, Esirauad (e-sertifikaadita) . Autojen, maastureiden ja pakettiautojen lis\u00e4varusteet. Varaosat.\",\"breadcrumb\":{\"@id\":\"https:\\\/\\\/www.castrum.ee\\\/fi\\\/toode\\\/stangeaaris-st008-tetri\\\/#breadcrumb\"},\"inLanguage\":\"fi\",\"potentialAction\":[{\"@type\":\"ReadAction\",\"target\":[\"https:\\\/\\\/www.castrum.ee\\\/fi\\\/toode\\\/stangeaaris-st008-tetri\\\/\"]}]},{\"@type\":\"ImageObject\",\"inLanguage\":\"fi\",\"@id\":\"https:\\\/\\\/www.castrum.ee\\\/fi\\\/toode\\\/stangeaaris-st008-tetri\\\/#primaryimage\",\"url\":\"https:\\\/\\\/www.castrum.ee\\\/wp-content\\\/uploads\\\/2025\\\/06\\\/IMG_1557.jpeg\",\"contentUrl\":\"https:\\\/\\\/www.castrum.ee\\\/wp-content\\\/uploads\\\/2025\\\/06\\\/IMG_1557.jpeg\",\"width\":1912,\"height\":1080},{\"@type\":\"BreadcrumbList\",\"@id\":\"https:\\\/\\\/www.castrum.ee\\\/fi\\\/toode\\\/stangeaaris-st008-tetri\\\/#breadcrumb\",\"itemListElement\":[{\"@type\":\"ListItem\",\"position\":1,\"name\":\"Home\",\"item\":\"https:\\\/\\\/www.castrum.ee\\\/fi\\\/kotisivu\\\/\"},{\"@type\":\"ListItem\",\"position\":2,\"name\":\"Verkkokauppa\",\"item\":\"https:\\\/\\\/www.castrum.ee\\\/fi\\\/kauppa\\\/\"},{\"@type\":\"ListItem\",\"position\":3,\"name\":\"Stange\u00e4\u00e4ris ST008 Tetri\"}]},{\"@type\":\"WebSite\",\"@id\":\"https:\\\/\\\/www.castrum.ee\\\/fi\\\/#website\",\"url\":\"https:\\\/\\\/www.castrum.ee\\\/fi\\\/\",\"name\":\"Castrum\",\"description\":\"Maasturite, s\u00f5iduautode ja v\u00e4ikebusside lisavarustus\",\"publisher\":{\"@id\":\"https:\\\/\\\/www.castrum.ee\\\/fi\\\/#organization\"},\"potentialAction\":[{\"@type\":\"SearchAction\",\"target\":{\"@type\":\"EntryPoint\",\"urlTemplate\":\"https:\\\/\\\/www.castrum.ee\\\/fi\\\/?s={search_term_string}\"},\"query-input\":{\"@type\":\"PropertyValueSpecification\",\"valueRequired\":true,\"valueName\":\"search_term_string\"}}],\"inLanguage\":\"fi\"},{\"@type\":\"Organization\",\"@id\":\"https:\\\/\\\/www.castrum.ee\\\/fi\\\/#organization\",\"name\":\"Castrum Grupp O\u00dc\",\"url\":\"https:\\\/\\\/www.castrum.ee\\\/fi\\\/\",\"logo\":{\"@type\":\"ImageObject\",\"inLanguage\":\"fi\",\"@id\":\"https:\\\/\\\/www.castrum.ee\\\/fi\\\/#\\\/schema\\\/logo\\\/image\\\/\",\"url\":\"https:\\\/\\\/www.castrum.ee\\\/wp-content\\\/uploads\\\/2025\\\/03\\\/Castrum-logo-500.png\",\"contentUrl\":\"https:\\\/\\\/www.castrum.ee\\\/wp-content\\\/uploads\\\/2025\\\/03\\\/Castrum-logo-500.png\",\"width\":500,\"height\":250,\"caption\":\"Castrum Grupp O\u00dc\"},\"image\":{\"@id\":\"https:\\\/\\\/www.castrum.ee\\\/fi\\\/#\\\/schema\\\/logo\\\/image\\\/\"},\"sameAs\":[\"https:\\\/\\\/www.facebook.com\\\/castrum.ee\"]}]}<\/script>\n<!-- \/ Yoast SEO plugin. -->","yoast_head_json":{"title":"Stange\u00e4\u00e4ris ST008 Tetri | 4x4 rauad, Esirauad (e-sertifikaadita)","description":"Stange\u00e4\u00e4ris ST008 Tetri - 4x4 rauad, Esirauad (e-sertifikaadita) . Autojen, maastureiden ja pakettiautojen lis\u00e4varusteet. Varaosat.","robots":{"index":"index","follow":"follow","max-snippet":"max-snippet:-1","max-image-preview":"max-image-preview:large","max-video-preview":"max-video-preview:-1"},"canonical":"https:\/\/www.castrum.ee\/fi\/toode\/stangeaaris-st008-tetri\/","og_locale":"fi_FI","og_type":"article","og_title":"Stange\u00e4\u00e4ris ST008 Tetri | 4x4 rauad, Esirauad (e-sertifikaadita)","og_description":"Stange\u00e4\u00e4ris ST008 Tetri - 4x4 rauad, Esirauad (e-sertifikaadita) . Autojen, maastureiden ja pakettiautojen lis\u00e4varusteet. Varaosat.","og_url":"https:\/\/www.castrum.ee\/fi\/toode\/stangeaaris-st008-tetri\/","og_site_name":"Castrum","article_publisher":"https:\/\/www.facebook.com\/castrum.ee","article_modified_time":"2026-04-09T10:04:13+00:00","og_image":[{"width":1912,"height":1080,"url":"https:\/\/www.castrum.ee\/wp-content\/uploads\/2025\/06\/IMG_1557.jpeg","type":"image\/jpeg"}],"twitter_card":"summary_large_image","twitter_misc":{"Arvioitu lukuaika":"1 minuutti"},"schema":{"@context":"https:\/\/schema.org","@graph":[{"@type":"WebPage","@id":"https:\/\/www.castrum.ee\/fi\/toode\/stangeaaris-st008-tetri\/","url":"https:\/\/www.castrum.ee\/fi\/toode\/stangeaaris-st008-tetri\/","name":"Stange\u00e4\u00e4ris ST008 Tetri | 4x4 rauad, Esirauad (e-sertifikaadita)","isPartOf":{"@id":"https:\/\/www.castrum.ee\/fi\/#website"},"primaryImageOfPage":{"@id":"https:\/\/www.castrum.ee\/fi\/toode\/stangeaaris-st008-tetri\/#primaryimage"},"image":{"@id":"https:\/\/www.castrum.ee\/fi\/toode\/stangeaaris-st008-tetri\/#primaryimage"},"thumbnailUrl":"https:\/\/www.castrum.ee\/wp-content\/uploads\/2025\/06\/IMG_1557.jpeg","datePublished":"2025-08-22T11:13:08+00:00","dateModified":"2026-04-09T10:04:13+00:00","description":"Stange\u00e4\u00e4ris ST008 Tetri - 4x4 rauad, Esirauad (e-sertifikaadita) . Autojen, maastureiden ja pakettiautojen lis\u00e4varusteet. Varaosat.","breadcrumb":{"@id":"https:\/\/www.castrum.ee\/fi\/toode\/stangeaaris-st008-tetri\/#breadcrumb"},"inLanguage":"fi","potentialAction":[{"@type":"ReadAction","target":["https:\/\/www.castrum.ee\/fi\/toode\/stangeaaris-st008-tetri\/"]}]},{"@type":"ImageObject","inLanguage":"fi","@id":"https:\/\/www.castrum.ee\/fi\/toode\/stangeaaris-st008-tetri\/#primaryimage","url":"https:\/\/www.castrum.ee\/wp-content\/uploads\/2025\/06\/IMG_1557.jpeg","contentUrl":"https:\/\/www.castrum.ee\/wp-content\/uploads\/2025\/06\/IMG_1557.jpeg","width":1912,"height":1080},{"@type":"BreadcrumbList","@id":"https:\/\/www.castrum.ee\/fi\/toode\/stangeaaris-st008-tetri\/#breadcrumb","itemListElement":[{"@type":"ListItem","position":1,"name":"Home","item":"https:\/\/www.castrum.ee\/fi\/kotisivu\/"},{"@type":"ListItem","position":2,"name":"Verkkokauppa","item":"https:\/\/www.castrum.ee\/fi\/kauppa\/"},{"@type":"ListItem","position":3,"name":"Stange\u00e4\u00e4ris ST008 Tetri"}]},{"@type":"WebSite","@id":"https:\/\/www.castrum.ee\/fi\/#website","url":"https:\/\/www.castrum.ee\/fi\/","name":"Castrum","description":"Maasturite, s\u00f5iduautode ja v\u00e4ikebusside lisavarustus","publisher":{"@id":"https:\/\/www.castrum.ee\/fi\/#organization"},"potentialAction":[{"@type":"SearchAction","target":{"@type":"EntryPoint","urlTemplate":"https:\/\/www.castrum.ee\/fi\/?s={search_term_string}"},"query-input":{"@type":"PropertyValueSpecification","valueRequired":true,"valueName":"search_term_string"}}],"inLanguage":"fi"},{"@type":"Organization","@id":"https:\/\/www.castrum.ee\/fi\/#organization","name":"Castrum Grupp O\u00dc","url":"https:\/\/www.castrum.ee\/fi\/","logo":{"@type":"ImageObject","inLanguage":"fi","@id":"https:\/\/www.castrum.ee\/fi\/#\/schema\/logo\/image\/","url":"https:\/\/www.castrum.ee\/wp-content\/uploads\/2025\/03\/Castrum-logo-500.png","contentUrl":"https:\/\/www.castrum.ee\/wp-content\/uploads\/2025\/03\/Castrum-logo-500.png","width":500,"height":250,"caption":"Castrum Grupp O\u00dc"},"image":{"@id":"https:\/\/www.castrum.ee\/fi\/#\/schema\/logo\/image\/"},"sameAs":["https:\/\/www.facebook.com\/castrum.ee"]}]}},"_links":{"self":[{"href":"https:\/\/www.castrum.ee\/fi\/wp-json\/wp\/v2\/product\/10019","targetHints":{"allow":["GET"]}}],"collection":[{"href":"https:\/\/www.castrum.ee\/fi\/wp-json\/wp\/v2\/product"}],"about":[{"href":"https:\/\/www.castrum.ee\/fi\/wp-json\/wp\/v2\/types\/product"}],"wp:featuredmedia":[{"embeddable":true,"href":"https:\/\/www.castrum.ee\/fi\/wp-json\/wp\/v2\/media\/4154"}],"wp:attachment":[{"href":"https:\/\/www.castrum.ee\/fi\/wp-json\/wp\/v2\/media?parent=10019"}],"wp:term":[{"taxonomy":"mark-ja-mudel","embeddable":true,"href":"https:\/\/www.castrum.ee\/fi\/wp-json\/wp\/v2\/mark-ja-mudel?post=10019"},{"taxonomy":"product_brand","embeddable":true,"href":"https:\/\/www.castrum.ee\/fi\/wp-json\/wp\/v2\/product_brand?post=10019"},{"taxonomy":"product_cat","embeddable":true,"href":"https:\/\/www.castrum.ee\/fi\/wp-json\/wp\/v2\/product_cat?post=10019"},{"taxonomy":"product_tag","embeddable":true,"href":"https:\/\/www.castrum.ee\/fi\/wp-json\/wp\/v2\/product_tag?post=10019"}],"curies":[{"name":"wp","href":"https:\/\/api.w.org\/{rel}","templated":true}]}}