{"id":11727,"date":"2025-08-25T07:06:16","date_gmt":"2025-08-25T07:06:16","guid":{"rendered":"https:\/\/castrum.hume.ee\/?post_type=product&#038;p=11727"},"modified":"2026-04-09T13:04:10","modified_gmt":"2026-04-09T10:04:10","slug":"esiraud-wt003-inform","status":"publish","type":"product","link":"https:\/\/www.castrum.ee\/fi\/toode\/esiraud-wt003-inform\/","title":{"rendered":"Esiraud WT003 Inform"},"content":{"rendered":"<p>Tarne 4-5 p\u00e4eva<\/p>\n","protected":false},"excerpt":{"rendered":"<p>60mm l\u00e4bim\u00f5\u00f5duga ja 1,5mm seinaga roostevabast terasest esiraud.<br \/>\nKomplekt sisaldab k\u00f5ike vajalikku paigalduseks.<\/p>\n","protected":false},"featured_media":11875,"template":"","meta":{"_acf_changed":false},"mark-ja-mudel":[],"product_brand":[93,327,392,487,318,136,163,306,307,308,133,325,384,114,294,340,162,322,369,304,346,131,475,420,471,127,130,166,165,313,368,298,134,359,167,345,299,305,139,288,124,125,120,121,113,315,137,1566,1568,1567,314,89,296,336,482,358,297],"product_cat":[91,463],"product_tag":[],"class_list":{"0":"post-11727","1":"product","2":"type-product","3":"status-publish","4":"has-post-thumbnail","6":"product_brand-amarok","7":"product_brand-bmw","8":"product_brand-caddy","9":"product_brand-cr-v","10":"product_brand-crafter","11":"product_brand-custom","12":"product_brand-d-max","13":"product_brand-dacia","14":"product_brand-duster","15":"product_brand-eclipse-cross","16":"product_brand-ford","17":"product_brand-grand-cherokee","18":"product_brand-grand-vitara","19":"product_brand-hilux","20":"product_brand-honda","21":"product_brand-hyundai","22":"product_brand-isuzu","23":"product_brand-jeep","24":"product_brand-juke","25":"product_brand-kia","26":"product_brand-kuga","27":"product_brand-l200","28":"product_brand-land-cruiser-120","29":"product_brand-land-cruiser-150","30":"product_brand-land-cruiser-200-v8","31":"product_brand-mercedes-benz","32":"product_brand-mitsubishi","33":"product_brand-navara","34":"product_brand-nissan","35":"product_brand-opel","36":"product_brand-outlander","37":"product_brand-qashqai","38":"product_brand-ranger","39":"product_brand-rav4","40":"product_brand-renault","41":"product_brand-santa-fe","42":"product_brand-sharan","43":"product_brand-sportage","44":"product_brand-sprinter","45":"product_brand-suzuki","46":"product_brand-t5","47":"product_brand-t5-1","48":"product_brand-t6","49":"product_brand-t6-1","50":"product_brand-toyota","51":"product_brand-trafic","52":"product_brand-transit-custom","53":"product_brand-v-class","54":"product_brand-viano","55":"product_brand-vito","56":"product_brand-vivaro","57":"product_brand-volkswagen","58":"product_brand-volvo","59":"product_brand-x-trail","60":"product_brand-x6","61":"product_brand-xc60","62":"product_brand-xc90","63":"product_cat-4x4-rauad","64":"product_cat-esirauad-e-sertifikaadita","65":"product_shipping_class-suurveos","67":"first","68":"instock","69":"taxable","70":"shipping-taxable","71":"purchasable","72":"product-type-variable"},"bundled_by":[],"bundle_stock_status":"instock","bundle_stock_quantity":null,"bundle_virtual":false,"bundle_layout":"","bundle_add_to_cart_form_location":"","bundle_editable_in_cart":false,"bundle_sold_individually_context":"","bundle_item_grouping":"","bundle_min_size":"","bundle_max_size":"","bundle_price":[],"bundled_items":[],"bundle_sell_ids":[],"acf":[],"yoast_head":"<!-- This site is optimized with the Yoast SEO plugin v27.3 - https:\/\/yoast.com\/product\/yoast-seo-wordpress\/ -->\n<title>Esiraud WT003 Inform | 4x4 rauad, Esirauad (e-sertifikaadita)<\/title>\n<meta name=\"description\" content=\"Esiraud WT003 Inform - 4x4 rauad, Esirauad (e-sertifikaadita) . Autojen, maastureiden ja pakettiautojen lis\u00e4varusteet. Varaosat.\" \/>\n<meta name=\"robots\" content=\"index, follow, max-snippet:-1, max-image-preview:large, max-video-preview:-1\" \/>\n<link rel=\"canonical\" href=\"https:\/\/www.castrum.ee\/fi\/toode\/esiraud-wt003-inform\/\" \/>\n<meta property=\"og:locale\" content=\"fi_FI\" \/>\n<meta property=\"og:type\" content=\"article\" \/>\n<meta property=\"og:title\" content=\"Esiraud WT003 Inform | 4x4 rauad, Esirauad (e-sertifikaadita)\" \/>\n<meta property=\"og:description\" content=\"Esiraud WT003 Inform - 4x4 rauad, Esirauad (e-sertifikaadita) . Autojen, maastureiden ja pakettiautojen lis\u00e4varusteet. Varaosat.\" \/>\n<meta property=\"og:url\" content=\"https:\/\/www.castrum.ee\/fi\/toode\/esiraud-wt003-inform\/\" \/>\n<meta property=\"og:site_name\" content=\"Castrum\" \/>\n<meta property=\"article:publisher\" content=\"https:\/\/www.facebook.com\/castrum.ee\" \/>\n<meta property=\"article:modified_time\" content=\"2026-04-09T10:04:10+00:00\" \/>\n<meta property=\"og:image\" content=\"https:\/\/www.castrum.ee\/wp-content\/uploads\/2025\/08\/DSC_0587.jpeg\" \/>\n\t<meta property=\"og:image:width\" content=\"1626\" \/>\n\t<meta property=\"og:image:height\" content=\"1080\" \/>\n\t<meta property=\"og:image:type\" content=\"image\/jpeg\" \/>\n<meta name=\"twitter:card\" content=\"summary_large_image\" \/>\n<meta name=\"twitter:label1\" content=\"Arvioitu lukuaika\" \/>\n\t<meta name=\"twitter:data1\" content=\"1 minuutti\" \/>\n<script type=\"application\/ld+json\" class=\"yoast-schema-graph\">{\"@context\":\"https:\\\/\\\/schema.org\",\"@graph\":[{\"@type\":\"WebPage\",\"@id\":\"https:\\\/\\\/www.castrum.ee\\\/fi\\\/toode\\\/esiraud-wt003-inform\\\/\",\"url\":\"https:\\\/\\\/www.castrum.ee\\\/fi\\\/toode\\\/esiraud-wt003-inform\\\/\",\"name\":\"Esiraud WT003 Inform | 4x4 rauad, Esirauad (e-sertifikaadita)\",\"isPartOf\":{\"@id\":\"https:\\\/\\\/www.castrum.ee\\\/fi\\\/#website\"},\"primaryImageOfPage\":{\"@id\":\"https:\\\/\\\/www.castrum.ee\\\/fi\\\/toode\\\/esiraud-wt003-inform\\\/#primaryimage\"},\"image\":{\"@id\":\"https:\\\/\\\/www.castrum.ee\\\/fi\\\/toode\\\/esiraud-wt003-inform\\\/#primaryimage\"},\"thumbnailUrl\":\"https:\\\/\\\/www.castrum.ee\\\/wp-content\\\/uploads\\\/2025\\\/08\\\/DSC_0587.jpeg\",\"datePublished\":\"2025-08-25T07:06:16+00:00\",\"dateModified\":\"2026-04-09T10:04:10+00:00\",\"description\":\"Esiraud WT003 Inform - 4x4 rauad, Esirauad (e-sertifikaadita) . Autojen, maastureiden ja pakettiautojen lis\u00e4varusteet. Varaosat.\",\"breadcrumb\":{\"@id\":\"https:\\\/\\\/www.castrum.ee\\\/fi\\\/toode\\\/esiraud-wt003-inform\\\/#breadcrumb\"},\"inLanguage\":\"fi\",\"potentialAction\":[{\"@type\":\"ReadAction\",\"target\":[\"https:\\\/\\\/www.castrum.ee\\\/fi\\\/toode\\\/esiraud-wt003-inform\\\/\"]}]},{\"@type\":\"ImageObject\",\"inLanguage\":\"fi\",\"@id\":\"https:\\\/\\\/www.castrum.ee\\\/fi\\\/toode\\\/esiraud-wt003-inform\\\/#primaryimage\",\"url\":\"https:\\\/\\\/www.castrum.ee\\\/wp-content\\\/uploads\\\/2025\\\/08\\\/DSC_0587.jpeg\",\"contentUrl\":\"https:\\\/\\\/www.castrum.ee\\\/wp-content\\\/uploads\\\/2025\\\/08\\\/DSC_0587.jpeg\",\"width\":1626,\"height\":1080},{\"@type\":\"BreadcrumbList\",\"@id\":\"https:\\\/\\\/www.castrum.ee\\\/fi\\\/toode\\\/esiraud-wt003-inform\\\/#breadcrumb\",\"itemListElement\":[{\"@type\":\"ListItem\",\"position\":1,\"name\":\"Home\",\"item\":\"https:\\\/\\\/www.castrum.ee\\\/fi\\\/kotisivu\\\/\"},{\"@type\":\"ListItem\",\"position\":2,\"name\":\"Verkkokauppa\",\"item\":\"https:\\\/\\\/www.castrum.ee\\\/fi\\\/kauppa\\\/\"},{\"@type\":\"ListItem\",\"position\":3,\"name\":\"Esiraud WT003 Inform\"}]},{\"@type\":\"WebSite\",\"@id\":\"https:\\\/\\\/www.castrum.ee\\\/fi\\\/#website\",\"url\":\"https:\\\/\\\/www.castrum.ee\\\/fi\\\/\",\"name\":\"Castrum\",\"description\":\"Maasturite, s\u00f5iduautode ja v\u00e4ikebusside lisavarustus\",\"publisher\":{\"@id\":\"https:\\\/\\\/www.castrum.ee\\\/fi\\\/#organization\"},\"potentialAction\":[{\"@type\":\"SearchAction\",\"target\":{\"@type\":\"EntryPoint\",\"urlTemplate\":\"https:\\\/\\\/www.castrum.ee\\\/fi\\\/?s={search_term_string}\"},\"query-input\":{\"@type\":\"PropertyValueSpecification\",\"valueRequired\":true,\"valueName\":\"search_term_string\"}}],\"inLanguage\":\"fi\"},{\"@type\":\"Organization\",\"@id\":\"https:\\\/\\\/www.castrum.ee\\\/fi\\\/#organization\",\"name\":\"Castrum Grupp O\u00dc\",\"url\":\"https:\\\/\\\/www.castrum.ee\\\/fi\\\/\",\"logo\":{\"@type\":\"ImageObject\",\"inLanguage\":\"fi\",\"@id\":\"https:\\\/\\\/www.castrum.ee\\\/fi\\\/#\\\/schema\\\/logo\\\/image\\\/\",\"url\":\"https:\\\/\\\/www.castrum.ee\\\/wp-content\\\/uploads\\\/2025\\\/03\\\/Castrum-logo-500.png\",\"contentUrl\":\"https:\\\/\\\/www.castrum.ee\\\/wp-content\\\/uploads\\\/2025\\\/03\\\/Castrum-logo-500.png\",\"width\":500,\"height\":250,\"caption\":\"Castrum Grupp O\u00dc\"},\"image\":{\"@id\":\"https:\\\/\\\/www.castrum.ee\\\/fi\\\/#\\\/schema\\\/logo\\\/image\\\/\"},\"sameAs\":[\"https:\\\/\\\/www.facebook.com\\\/castrum.ee\"]}]}<\/script>\n<!-- \/ Yoast SEO plugin. -->","yoast_head_json":{"title":"Esiraud WT003 Inform | 4x4 rauad, Esirauad (e-sertifikaadita)","description":"Esiraud WT003 Inform - 4x4 rauad, Esirauad (e-sertifikaadita) . Autojen, maastureiden ja pakettiautojen lis\u00e4varusteet. Varaosat.","robots":{"index":"index","follow":"follow","max-snippet":"max-snippet:-1","max-image-preview":"max-image-preview:large","max-video-preview":"max-video-preview:-1"},"canonical":"https:\/\/www.castrum.ee\/fi\/toode\/esiraud-wt003-inform\/","og_locale":"fi_FI","og_type":"article","og_title":"Esiraud WT003 Inform | 4x4 rauad, Esirauad (e-sertifikaadita)","og_description":"Esiraud WT003 Inform - 4x4 rauad, Esirauad (e-sertifikaadita) . Autojen, maastureiden ja pakettiautojen lis\u00e4varusteet. Varaosat.","og_url":"https:\/\/www.castrum.ee\/fi\/toode\/esiraud-wt003-inform\/","og_site_name":"Castrum","article_publisher":"https:\/\/www.facebook.com\/castrum.ee","article_modified_time":"2026-04-09T10:04:10+00:00","og_image":[{"width":1626,"height":1080,"url":"https:\/\/www.castrum.ee\/wp-content\/uploads\/2025\/08\/DSC_0587.jpeg","type":"image\/jpeg"}],"twitter_card":"summary_large_image","twitter_misc":{"Arvioitu lukuaika":"1 minuutti"},"schema":{"@context":"https:\/\/schema.org","@graph":[{"@type":"WebPage","@id":"https:\/\/www.castrum.ee\/fi\/toode\/esiraud-wt003-inform\/","url":"https:\/\/www.castrum.ee\/fi\/toode\/esiraud-wt003-inform\/","name":"Esiraud WT003 Inform | 4x4 rauad, Esirauad (e-sertifikaadita)","isPartOf":{"@id":"https:\/\/www.castrum.ee\/fi\/#website"},"primaryImageOfPage":{"@id":"https:\/\/www.castrum.ee\/fi\/toode\/esiraud-wt003-inform\/#primaryimage"},"image":{"@id":"https:\/\/www.castrum.ee\/fi\/toode\/esiraud-wt003-inform\/#primaryimage"},"thumbnailUrl":"https:\/\/www.castrum.ee\/wp-content\/uploads\/2025\/08\/DSC_0587.jpeg","datePublished":"2025-08-25T07:06:16+00:00","dateModified":"2026-04-09T10:04:10+00:00","description":"Esiraud WT003 Inform - 4x4 rauad, Esirauad (e-sertifikaadita) . Autojen, maastureiden ja pakettiautojen lis\u00e4varusteet. Varaosat.","breadcrumb":{"@id":"https:\/\/www.castrum.ee\/fi\/toode\/esiraud-wt003-inform\/#breadcrumb"},"inLanguage":"fi","potentialAction":[{"@type":"ReadAction","target":["https:\/\/www.castrum.ee\/fi\/toode\/esiraud-wt003-inform\/"]}]},{"@type":"ImageObject","inLanguage":"fi","@id":"https:\/\/www.castrum.ee\/fi\/toode\/esiraud-wt003-inform\/#primaryimage","url":"https:\/\/www.castrum.ee\/wp-content\/uploads\/2025\/08\/DSC_0587.jpeg","contentUrl":"https:\/\/www.castrum.ee\/wp-content\/uploads\/2025\/08\/DSC_0587.jpeg","width":1626,"height":1080},{"@type":"BreadcrumbList","@id":"https:\/\/www.castrum.ee\/fi\/toode\/esiraud-wt003-inform\/#breadcrumb","itemListElement":[{"@type":"ListItem","position":1,"name":"Home","item":"https:\/\/www.castrum.ee\/fi\/kotisivu\/"},{"@type":"ListItem","position":2,"name":"Verkkokauppa","item":"https:\/\/www.castrum.ee\/fi\/kauppa\/"},{"@type":"ListItem","position":3,"name":"Esiraud WT003 Inform"}]},{"@type":"WebSite","@id":"https:\/\/www.castrum.ee\/fi\/#website","url":"https:\/\/www.castrum.ee\/fi\/","name":"Castrum","description":"Maasturite, s\u00f5iduautode ja v\u00e4ikebusside lisavarustus","publisher":{"@id":"https:\/\/www.castrum.ee\/fi\/#organization"},"potentialAction":[{"@type":"SearchAction","target":{"@type":"EntryPoint","urlTemplate":"https:\/\/www.castrum.ee\/fi\/?s={search_term_string}"},"query-input":{"@type":"PropertyValueSpecification","valueRequired":true,"valueName":"search_term_string"}}],"inLanguage":"fi"},{"@type":"Organization","@id":"https:\/\/www.castrum.ee\/fi\/#organization","name":"Castrum Grupp O\u00dc","url":"https:\/\/www.castrum.ee\/fi\/","logo":{"@type":"ImageObject","inLanguage":"fi","@id":"https:\/\/www.castrum.ee\/fi\/#\/schema\/logo\/image\/","url":"https:\/\/www.castrum.ee\/wp-content\/uploads\/2025\/03\/Castrum-logo-500.png","contentUrl":"https:\/\/www.castrum.ee\/wp-content\/uploads\/2025\/03\/Castrum-logo-500.png","width":500,"height":250,"caption":"Castrum Grupp O\u00dc"},"image":{"@id":"https:\/\/www.castrum.ee\/fi\/#\/schema\/logo\/image\/"},"sameAs":["https:\/\/www.facebook.com\/castrum.ee"]}]}},"_links":{"self":[{"href":"https:\/\/www.castrum.ee\/fi\/wp-json\/wp\/v2\/product\/11727","targetHints":{"allow":["GET"]}}],"collection":[{"href":"https:\/\/www.castrum.ee\/fi\/wp-json\/wp\/v2\/product"}],"about":[{"href":"https:\/\/www.castrum.ee\/fi\/wp-json\/wp\/v2\/types\/product"}],"wp:featuredmedia":[{"embeddable":true,"href":"https:\/\/www.castrum.ee\/fi\/wp-json\/wp\/v2\/media\/11875"}],"wp:attachment":[{"href":"https:\/\/www.castrum.ee\/fi\/wp-json\/wp\/v2\/media?parent=11727"}],"wp:term":[{"taxonomy":"mark-ja-mudel","embeddable":true,"href":"https:\/\/www.castrum.ee\/fi\/wp-json\/wp\/v2\/mark-ja-mudel?post=11727"},{"taxonomy":"product_brand","embeddable":true,"href":"https:\/\/www.castrum.ee\/fi\/wp-json\/wp\/v2\/product_brand?post=11727"},{"taxonomy":"product_cat","embeddable":true,"href":"https:\/\/www.castrum.ee\/fi\/wp-json\/wp\/v2\/product_cat?post=11727"},{"taxonomy":"product_tag","embeddable":true,"href":"https:\/\/www.castrum.ee\/fi\/wp-json\/wp\/v2\/product_tag?post=11727"}],"curies":[{"name":"wp","href":"https:\/\/api.w.org\/{rel}","templated":true}]}}