{"id":14029,"date":"2025-08-25T12:54:47","date_gmt":"2025-08-25T12:54:47","guid":{"rendered":"https:\/\/castrum.hume.ee\/?post_type=product&#038;p=14029"},"modified":"2025-10-31T08:54:34","modified_gmt":"2025-10-31T08:54:34","slug":"alumiiniumist-pakiraam-katusele-laadimist-abistava-rullikuga-partner-18-l1-berlingo-18-l1-combo-18-l1-proace-city-18","status":"publish","type":"product","link":"https:\/\/www.castrum.ee\/fi\/toode\/alumiiniumist-pakiraam-katusele-laadimist-abistava-rullikuga-partner-18-l1-berlingo-18-l1-combo-18-l1-proace-city-18\/","title":{"rendered":"Alumiiniumist pakiraam katusele, laadimist abistava rullikuga | Partner 18+ L1\/ Berlingo 18+ L1\/ Combo 18+ L1\/ ProAce City 18+"},"content":{"rendered":"<p>Sobivus mudelitele:<\/p>\n<ul>\n<li>Peugeot Partner 18+ L1<\/li>\n<li>Citroen Berlingo 18+ L1<\/li>\n<li>Opel Combo 18+ L1<\/li>\n<li>Toyota ProAce City 18+<\/li>\n<\/ul>\n","protected":false},"excerpt":{"rendered":"<p>Rullikuga katuseraam lihtsustab oluliselt kaupade ja pakkide laadimist. Eriti oluline on see tarbes\u00f5idukite puhul, kus katuseraam leiab igap\u00e4evast kasutust.<\/p>\n","protected":false},"featured_media":14133,"template":"","meta":{"_acf_changed":false},"mark-ja-mudel":[],"product_brand":[497,400,498,313,499,331,500,113],"product_cat":[491,490,1035],"product_tag":[442,444],"class_list":{"0":"post-14029","1":"product","2":"type-product","3":"status-publish","4":"has-post-thumbnail","6":"product_brand-berlingo-l1","7":"product_brand-citroen","8":"product_brand-combo","9":"product_brand-opel","10":"product_brand-partner-l1","11":"product_brand-peugeot","12":"product_brand-proace-city","13":"product_brand-toyota","14":"product_cat-katuseraamid","15":"product_cat-katuseraamid-ja-katusereelingud","16":"product_cat-toovarustus","17":"product_tag-laos","18":"product_tag-tarne-2-3-paeva","19":"product_shipping_class-suurveos","21":"first","22":"instock","23":"taxable","24":"shipping-taxable","25":"purchasable","26":"product-type-simple"},"bundled_by":[],"bundle_stock_status":"instock","bundle_stock_quantity":null,"bundle_virtual":false,"bundle_layout":"","bundle_add_to_cart_form_location":"","bundle_editable_in_cart":false,"bundle_sold_individually_context":"","bundle_item_grouping":"","bundle_min_size":"","bundle_max_size":"","bundle_price":[],"bundled_items":[],"bundle_sell_ids":[],"acf":[],"yoast_head":"<!-- This site is optimized with the Yoast SEO plugin v27.3 - https:\/\/yoast.com\/product\/yoast-seo-wordpress\/ -->\n<title>Alumiiniumist pakiraam katusele, laadimist abistava rullikuga | Partner 18+ L1\/ Berlingo 18+ L1\/ Combo 18+ L1\/ ProAce City 18+ | Katuseraamid, Katuseraamid ja katusereelingud, T\u00f6\u00f6varustus<\/title>\n<meta name=\"description\" content=\"Alumiiniumist pakiraam katusele, laadimist abistava rullikuga | Partner 18+ L1\/ Berlingo 18+ L1\/ Combo 18+ L1\/ ProAce City 18+ - Katuseraamid, Katuseraamid ja katusereelingud, T\u00f6\u00f6varustus . Autojen, maastureiden ja pakettiautojen lis\u00e4varusteet. Varaosat.\" \/>\n<meta name=\"robots\" content=\"index, follow, max-snippet:-1, max-image-preview:large, max-video-preview:-1\" \/>\n<link rel=\"canonical\" href=\"https:\/\/www.castrum.ee\/fi\/toode\/alumiiniumist-pakiraam-katusele-laadimist-abistava-rullikuga-partner-18-l1-berlingo-18-l1-combo-18-l1-proace-city-18\/\" \/>\n<meta property=\"og:locale\" content=\"fi_FI\" \/>\n<meta property=\"og:type\" content=\"article\" \/>\n<meta property=\"og:title\" content=\"Alumiiniumist pakiraam katusele, laadimist abistava rullikuga | Partner 18+ L1\/ Berlingo 18+ L1\/ Combo 18+ L1\/ ProAce City 18+ | Katuseraamid, Katuseraamid ja katusereelingud, T\u00f6\u00f6varustus\" \/>\n<meta property=\"og:description\" content=\"Alumiiniumist pakiraam katusele, laadimist abistava rullikuga | Partner 18+ L1\/ Berlingo 18+ L1\/ Combo 18+ L1\/ ProAce City 18+ - Katuseraamid, Katuseraamid ja katusereelingud, T\u00f6\u00f6varustus . Autojen, maastureiden ja pakettiautojen lis\u00e4varusteet. Varaosat.\" \/>\n<meta property=\"og:url\" content=\"https:\/\/www.castrum.ee\/fi\/toode\/alumiiniumist-pakiraam-katusele-laadimist-abistava-rullikuga-partner-18-l1-berlingo-18-l1-combo-18-l1-proace-city-18\/\" \/>\n<meta property=\"og:site_name\" content=\"Castrum\" \/>\n<meta property=\"article:publisher\" content=\"https:\/\/www.facebook.com\/castrum.ee\" \/>\n<meta property=\"article:modified_time\" content=\"2025-10-31T08:54:34+00:00\" \/>\n<meta property=\"og:image\" content=\"https:\/\/www.castrum.ee\/wp-content\/uploads\/2025\/08\/IMG_5547JPEG-1.jpg\" \/>\n\t<meta property=\"og:image:width\" content=\"800\" \/>\n\t<meta property=\"og:image:height\" content=\"533\" \/>\n\t<meta property=\"og:image:type\" content=\"image\/jpeg\" \/>\n<meta name=\"twitter:card\" content=\"summary_large_image\" \/>\n<script type=\"application\/ld+json\" class=\"yoast-schema-graph\">{\"@context\":\"https:\\\/\\\/schema.org\",\"@graph\":[{\"@type\":\"WebPage\",\"@id\":\"https:\\\/\\\/www.castrum.ee\\\/fi\\\/toode\\\/alumiiniumist-pakiraam-katusele-laadimist-abistava-rullikuga-partner-18-l1-berlingo-18-l1-combo-18-l1-proace-city-18\\\/\",\"url\":\"https:\\\/\\\/www.castrum.ee\\\/fi\\\/toode\\\/alumiiniumist-pakiraam-katusele-laadimist-abistava-rullikuga-partner-18-l1-berlingo-18-l1-combo-18-l1-proace-city-18\\\/\",\"name\":\"Alumiiniumist pakiraam katusele, laadimist abistava rullikuga | Partner 18+ L1\\\/ Berlingo 18+ L1\\\/ Combo 18+ L1\\\/ ProAce City 18+ | Katuseraamid, Katuseraamid ja katusereelingud, T\u00f6\u00f6varustus\",\"isPartOf\":{\"@id\":\"https:\\\/\\\/www.castrum.ee\\\/fi\\\/#website\"},\"primaryImageOfPage\":{\"@id\":\"https:\\\/\\\/www.castrum.ee\\\/fi\\\/toode\\\/alumiiniumist-pakiraam-katusele-laadimist-abistava-rullikuga-partner-18-l1-berlingo-18-l1-combo-18-l1-proace-city-18\\\/#primaryimage\"},\"image\":{\"@id\":\"https:\\\/\\\/www.castrum.ee\\\/fi\\\/toode\\\/alumiiniumist-pakiraam-katusele-laadimist-abistava-rullikuga-partner-18-l1-berlingo-18-l1-combo-18-l1-proace-city-18\\\/#primaryimage\"},\"thumbnailUrl\":\"https:\\\/\\\/www.castrum.ee\\\/wp-content\\\/uploads\\\/2025\\\/08\\\/IMG_5547JPEG-1.jpg\",\"datePublished\":\"2025-08-25T12:54:47+00:00\",\"dateModified\":\"2025-10-31T08:54:34+00:00\",\"description\":\"Alumiiniumist pakiraam katusele, laadimist abistava rullikuga | Partner 18+ L1\\\/ Berlingo 18+ L1\\\/ Combo 18+ L1\\\/ ProAce City 18+ - Katuseraamid, Katuseraamid ja katusereelingud, T\u00f6\u00f6varustus . Autojen, maastureiden ja pakettiautojen lis\u00e4varusteet. Varaosat.\",\"breadcrumb\":{\"@id\":\"https:\\\/\\\/www.castrum.ee\\\/fi\\\/toode\\\/alumiiniumist-pakiraam-katusele-laadimist-abistava-rullikuga-partner-18-l1-berlingo-18-l1-combo-18-l1-proace-city-18\\\/#breadcrumb\"},\"inLanguage\":\"fi\",\"potentialAction\":[{\"@type\":\"ReadAction\",\"target\":[\"https:\\\/\\\/www.castrum.ee\\\/fi\\\/toode\\\/alumiiniumist-pakiraam-katusele-laadimist-abistava-rullikuga-partner-18-l1-berlingo-18-l1-combo-18-l1-proace-city-18\\\/\"]}]},{\"@type\":\"ImageObject\",\"inLanguage\":\"fi\",\"@id\":\"https:\\\/\\\/www.castrum.ee\\\/fi\\\/toode\\\/alumiiniumist-pakiraam-katusele-laadimist-abistava-rullikuga-partner-18-l1-berlingo-18-l1-combo-18-l1-proace-city-18\\\/#primaryimage\",\"url\":\"https:\\\/\\\/www.castrum.ee\\\/wp-content\\\/uploads\\\/2025\\\/08\\\/IMG_5547JPEG-1.jpg\",\"contentUrl\":\"https:\\\/\\\/www.castrum.ee\\\/wp-content\\\/uploads\\\/2025\\\/08\\\/IMG_5547JPEG-1.jpg\",\"width\":800,\"height\":533},{\"@type\":\"BreadcrumbList\",\"@id\":\"https:\\\/\\\/www.castrum.ee\\\/fi\\\/toode\\\/alumiiniumist-pakiraam-katusele-laadimist-abistava-rullikuga-partner-18-l1-berlingo-18-l1-combo-18-l1-proace-city-18\\\/#breadcrumb\",\"itemListElement\":[{\"@type\":\"ListItem\",\"position\":1,\"name\":\"Home\",\"item\":\"https:\\\/\\\/www.castrum.ee\\\/fi\\\/kotisivu\\\/\"},{\"@type\":\"ListItem\",\"position\":2,\"name\":\"Verkkokauppa\",\"item\":\"https:\\\/\\\/www.castrum.ee\\\/fi\\\/kauppa\\\/\"},{\"@type\":\"ListItem\",\"position\":3,\"name\":\"Alumiiniumist pakiraam katusele, laadimist abistava rullikuga | Partner 18+ L1\\\/ Berlingo 18+ L1\\\/ Combo 18+ L1\\\/ ProAce City 18+\"}]},{\"@type\":\"WebSite\",\"@id\":\"https:\\\/\\\/www.castrum.ee\\\/fi\\\/#website\",\"url\":\"https:\\\/\\\/www.castrum.ee\\\/fi\\\/\",\"name\":\"Castrum\",\"description\":\"Maasturite, s\u00f5iduautode ja v\u00e4ikebusside lisavarustus\",\"publisher\":{\"@id\":\"https:\\\/\\\/www.castrum.ee\\\/fi\\\/#organization\"},\"potentialAction\":[{\"@type\":\"SearchAction\",\"target\":{\"@type\":\"EntryPoint\",\"urlTemplate\":\"https:\\\/\\\/www.castrum.ee\\\/fi\\\/?s={search_term_string}\"},\"query-input\":{\"@type\":\"PropertyValueSpecification\",\"valueRequired\":true,\"valueName\":\"search_term_string\"}}],\"inLanguage\":\"fi\"},{\"@type\":\"Organization\",\"@id\":\"https:\\\/\\\/www.castrum.ee\\\/fi\\\/#organization\",\"name\":\"Castrum Grupp O\u00dc\",\"url\":\"https:\\\/\\\/www.castrum.ee\\\/fi\\\/\",\"logo\":{\"@type\":\"ImageObject\",\"inLanguage\":\"fi\",\"@id\":\"https:\\\/\\\/www.castrum.ee\\\/fi\\\/#\\\/schema\\\/logo\\\/image\\\/\",\"url\":\"https:\\\/\\\/www.castrum.ee\\\/wp-content\\\/uploads\\\/2025\\\/03\\\/Castrum-logo-500.png\",\"contentUrl\":\"https:\\\/\\\/www.castrum.ee\\\/wp-content\\\/uploads\\\/2025\\\/03\\\/Castrum-logo-500.png\",\"width\":500,\"height\":250,\"caption\":\"Castrum Grupp O\u00dc\"},\"image\":{\"@id\":\"https:\\\/\\\/www.castrum.ee\\\/fi\\\/#\\\/schema\\\/logo\\\/image\\\/\"},\"sameAs\":[\"https:\\\/\\\/www.facebook.com\\\/castrum.ee\"]}]}<\/script>\n<!-- \/ Yoast SEO plugin. -->","yoast_head_json":{"title":"Alumiiniumist pakiraam katusele, laadimist abistava rullikuga | Partner 18+ L1\/ Berlingo 18+ L1\/ Combo 18+ L1\/ ProAce City 18+ | Katuseraamid, Katuseraamid ja katusereelingud, T\u00f6\u00f6varustus","description":"Alumiiniumist pakiraam katusele, laadimist abistava rullikuga | Partner 18+ L1\/ Berlingo 18+ L1\/ Combo 18+ L1\/ ProAce City 18+ - Katuseraamid, Katuseraamid ja katusereelingud, T\u00f6\u00f6varustus . Autojen, maastureiden ja pakettiautojen lis\u00e4varusteet. Varaosat.","robots":{"index":"index","follow":"follow","max-snippet":"max-snippet:-1","max-image-preview":"max-image-preview:large","max-video-preview":"max-video-preview:-1"},"canonical":"https:\/\/www.castrum.ee\/fi\/toode\/alumiiniumist-pakiraam-katusele-laadimist-abistava-rullikuga-partner-18-l1-berlingo-18-l1-combo-18-l1-proace-city-18\/","og_locale":"fi_FI","og_type":"article","og_title":"Alumiiniumist pakiraam katusele, laadimist abistava rullikuga | Partner 18+ L1\/ Berlingo 18+ L1\/ Combo 18+ L1\/ ProAce City 18+ | Katuseraamid, Katuseraamid ja katusereelingud, T\u00f6\u00f6varustus","og_description":"Alumiiniumist pakiraam katusele, laadimist abistava rullikuga | Partner 18+ L1\/ Berlingo 18+ L1\/ Combo 18+ L1\/ ProAce City 18+ - Katuseraamid, Katuseraamid ja katusereelingud, T\u00f6\u00f6varustus . Autojen, maastureiden ja pakettiautojen lis\u00e4varusteet. Varaosat.","og_url":"https:\/\/www.castrum.ee\/fi\/toode\/alumiiniumist-pakiraam-katusele-laadimist-abistava-rullikuga-partner-18-l1-berlingo-18-l1-combo-18-l1-proace-city-18\/","og_site_name":"Castrum","article_publisher":"https:\/\/www.facebook.com\/castrum.ee","article_modified_time":"2025-10-31T08:54:34+00:00","og_image":[{"width":800,"height":533,"url":"https:\/\/www.castrum.ee\/wp-content\/uploads\/2025\/08\/IMG_5547JPEG-1.jpg","type":"image\/jpeg"}],"twitter_card":"summary_large_image","schema":{"@context":"https:\/\/schema.org","@graph":[{"@type":"WebPage","@id":"https:\/\/www.castrum.ee\/fi\/toode\/alumiiniumist-pakiraam-katusele-laadimist-abistava-rullikuga-partner-18-l1-berlingo-18-l1-combo-18-l1-proace-city-18\/","url":"https:\/\/www.castrum.ee\/fi\/toode\/alumiiniumist-pakiraam-katusele-laadimist-abistava-rullikuga-partner-18-l1-berlingo-18-l1-combo-18-l1-proace-city-18\/","name":"Alumiiniumist pakiraam katusele, laadimist abistava rullikuga | Partner 18+ L1\/ Berlingo 18+ L1\/ Combo 18+ L1\/ ProAce City 18+ | Katuseraamid, Katuseraamid ja katusereelingud, T\u00f6\u00f6varustus","isPartOf":{"@id":"https:\/\/www.castrum.ee\/fi\/#website"},"primaryImageOfPage":{"@id":"https:\/\/www.castrum.ee\/fi\/toode\/alumiiniumist-pakiraam-katusele-laadimist-abistava-rullikuga-partner-18-l1-berlingo-18-l1-combo-18-l1-proace-city-18\/#primaryimage"},"image":{"@id":"https:\/\/www.castrum.ee\/fi\/toode\/alumiiniumist-pakiraam-katusele-laadimist-abistava-rullikuga-partner-18-l1-berlingo-18-l1-combo-18-l1-proace-city-18\/#primaryimage"},"thumbnailUrl":"https:\/\/www.castrum.ee\/wp-content\/uploads\/2025\/08\/IMG_5547JPEG-1.jpg","datePublished":"2025-08-25T12:54:47+00:00","dateModified":"2025-10-31T08:54:34+00:00","description":"Alumiiniumist pakiraam katusele, laadimist abistava rullikuga | Partner 18+ L1\/ Berlingo 18+ L1\/ Combo 18+ L1\/ ProAce City 18+ - Katuseraamid, Katuseraamid ja katusereelingud, T\u00f6\u00f6varustus . Autojen, maastureiden ja pakettiautojen lis\u00e4varusteet. Varaosat.","breadcrumb":{"@id":"https:\/\/www.castrum.ee\/fi\/toode\/alumiiniumist-pakiraam-katusele-laadimist-abistava-rullikuga-partner-18-l1-berlingo-18-l1-combo-18-l1-proace-city-18\/#breadcrumb"},"inLanguage":"fi","potentialAction":[{"@type":"ReadAction","target":["https:\/\/www.castrum.ee\/fi\/toode\/alumiiniumist-pakiraam-katusele-laadimist-abistava-rullikuga-partner-18-l1-berlingo-18-l1-combo-18-l1-proace-city-18\/"]}]},{"@type":"ImageObject","inLanguage":"fi","@id":"https:\/\/www.castrum.ee\/fi\/toode\/alumiiniumist-pakiraam-katusele-laadimist-abistava-rullikuga-partner-18-l1-berlingo-18-l1-combo-18-l1-proace-city-18\/#primaryimage","url":"https:\/\/www.castrum.ee\/wp-content\/uploads\/2025\/08\/IMG_5547JPEG-1.jpg","contentUrl":"https:\/\/www.castrum.ee\/wp-content\/uploads\/2025\/08\/IMG_5547JPEG-1.jpg","width":800,"height":533},{"@type":"BreadcrumbList","@id":"https:\/\/www.castrum.ee\/fi\/toode\/alumiiniumist-pakiraam-katusele-laadimist-abistava-rullikuga-partner-18-l1-berlingo-18-l1-combo-18-l1-proace-city-18\/#breadcrumb","itemListElement":[{"@type":"ListItem","position":1,"name":"Home","item":"https:\/\/www.castrum.ee\/fi\/kotisivu\/"},{"@type":"ListItem","position":2,"name":"Verkkokauppa","item":"https:\/\/www.castrum.ee\/fi\/kauppa\/"},{"@type":"ListItem","position":3,"name":"Alumiiniumist pakiraam katusele, laadimist abistava rullikuga | Partner 18+ L1\/ Berlingo 18+ L1\/ Combo 18+ L1\/ ProAce City 18+"}]},{"@type":"WebSite","@id":"https:\/\/www.castrum.ee\/fi\/#website","url":"https:\/\/www.castrum.ee\/fi\/","name":"Castrum","description":"Maasturite, s\u00f5iduautode ja v\u00e4ikebusside lisavarustus","publisher":{"@id":"https:\/\/www.castrum.ee\/fi\/#organization"},"potentialAction":[{"@type":"SearchAction","target":{"@type":"EntryPoint","urlTemplate":"https:\/\/www.castrum.ee\/fi\/?s={search_term_string}"},"query-input":{"@type":"PropertyValueSpecification","valueRequired":true,"valueName":"search_term_string"}}],"inLanguage":"fi"},{"@type":"Organization","@id":"https:\/\/www.castrum.ee\/fi\/#organization","name":"Castrum Grupp O\u00dc","url":"https:\/\/www.castrum.ee\/fi\/","logo":{"@type":"ImageObject","inLanguage":"fi","@id":"https:\/\/www.castrum.ee\/fi\/#\/schema\/logo\/image\/","url":"https:\/\/www.castrum.ee\/wp-content\/uploads\/2025\/03\/Castrum-logo-500.png","contentUrl":"https:\/\/www.castrum.ee\/wp-content\/uploads\/2025\/03\/Castrum-logo-500.png","width":500,"height":250,"caption":"Castrum Grupp O\u00dc"},"image":{"@id":"https:\/\/www.castrum.ee\/fi\/#\/schema\/logo\/image\/"},"sameAs":["https:\/\/www.facebook.com\/castrum.ee"]}]}},"_links":{"self":[{"href":"https:\/\/www.castrum.ee\/fi\/wp-json\/wp\/v2\/product\/14029","targetHints":{"allow":["GET"]}}],"collection":[{"href":"https:\/\/www.castrum.ee\/fi\/wp-json\/wp\/v2\/product"}],"about":[{"href":"https:\/\/www.castrum.ee\/fi\/wp-json\/wp\/v2\/types\/product"}],"wp:featuredmedia":[{"embeddable":true,"href":"https:\/\/www.castrum.ee\/fi\/wp-json\/wp\/v2\/media\/14133"}],"wp:attachment":[{"href":"https:\/\/www.castrum.ee\/fi\/wp-json\/wp\/v2\/media?parent=14029"}],"wp:term":[{"taxonomy":"mark-ja-mudel","embeddable":true,"href":"https:\/\/www.castrum.ee\/fi\/wp-json\/wp\/v2\/mark-ja-mudel?post=14029"},{"taxonomy":"product_brand","embeddable":true,"href":"https:\/\/www.castrum.ee\/fi\/wp-json\/wp\/v2\/product_brand?post=14029"},{"taxonomy":"product_cat","embeddable":true,"href":"https:\/\/www.castrum.ee\/fi\/wp-json\/wp\/v2\/product_cat?post=14029"},{"taxonomy":"product_tag","embeddable":true,"href":"https:\/\/www.castrum.ee\/fi\/wp-json\/wp\/v2\/product_tag?post=14029"}],"curies":[{"name":"wp","href":"https:\/\/api.w.org\/{rel}","templated":true}]}}