{"id":14359,"date":"2025-08-26T07:13:27","date_gmt":"2025-08-26T07:13:27","guid":{"rendered":"https:\/\/castrum.hume.ee\/?post_type=product&#038;p=14359"},"modified":"2025-08-26T07:13:49","modified_gmt":"2025-08-26T07:13:49","slug":"genevo-max-kasiseade","status":"publish","type":"product","link":"https:\/\/www.castrum.ee\/fi\/toode\/genevo-max-kasiseade\/","title":{"rendered":"GENEVO MAX k\u00e4siseade."},"content":{"rendered":"<h2 class=\"step2\">MAKSIMUM V\u00d5IMSUS<\/p>\n<p>MINIMAALSES SUURUSES<\/h2>\n<p>GENEVO MAX on varustatud meie kaasaskantavate radaridetektorite seas k\u00f5ige v\u00f5imsama 360 \u00b0 radarantenniga, s\u00f5jav\u00e4elise kollimaatori tehnoloogiaga t\u00e4ielikult \u00fcmber kujundatud lasersensoriga ja uusima, 5. p\u00f5lvkonna GPS-antenniga kogu Euroopa andmebaasiga. Teel ei oota teid \u00fcllatusi.<\/p>\n<h2 class=\"step2\">REVOLUTSIOONITEHNOLOOGIA<\/h2>\n<p>V\u00e4lja t\u00f6\u00f6tatud teie maksimaalse mugavuse tagamiseks, olgu see siis meie tipptasemel valeh\u00e4ire filtreerimise tehnoloogia, \u017eestide juhtimine, valgusandur v\u00f5i s\u00f5iduki m\u00fcrasensor. MAX-i funktsioonidega harjute hetkega.<\/p>\n<h3>MIS ON KARBIS<\/h3>\n<p>Radarip\u00fc\u00fcdja GENEVO MAX<\/p>\n<p>Magnethoidik<\/p>\n<p>USB-toitejuhe<\/p>\n<p>USB-C adaptor<\/p>\n<p>USB-C v\u00e4rskenduskaabel<\/p>\n<p>Kasutusjuhend<\/p>\n<p>Eluaegsed tasuta GPS-v\u00e4rskendused<\/p>\n<p>&nbsp;<\/p>\n","protected":false},"excerpt":{"rendered":"<p>MAKSIMUM V\u00d5IMSUS MINIMAALSES SUURUSES GENEVO MAX on varustatud meie kaasaskantavate  [&#8230;]<\/p>\n","protected":false},"featured_media":14384,"template":"","meta":{"_acf_changed":false},"mark-ja-mudel":[],"product_brand":[],"product_cat":[511],"product_tag":[444],"class_list":{"0":"post-14359","1":"product","2":"type-product","3":"status-publish","4":"has-post-thumbnail","6":"product_cat-radaripuudjad","7":"product_tag-tarne-2-3-paeva","9":"first","10":"instock","11":"taxable","12":"shipping-taxable","13":"purchasable","14":"product-type-simple"},"bundled_by":[],"bundle_stock_status":"instock","bundle_stock_quantity":null,"bundle_virtual":false,"bundle_layout":"","bundle_add_to_cart_form_location":"","bundle_editable_in_cart":false,"bundle_sold_individually_context":"","bundle_item_grouping":"","bundle_min_size":"","bundle_max_size":"","bundle_price":[],"bundled_items":[],"bundle_sell_ids":[],"acf":[],"yoast_head":"<!-- This site is optimized with the Yoast SEO plugin v27.3 - https:\/\/yoast.com\/product\/yoast-seo-wordpress\/ -->\n<title>GENEVO MAX k\u00e4siseade. | Radarip\u00fc\u00fcdjad<\/title>\n<meta name=\"description\" content=\"GENEVO MAX k\u00e4siseade. - Radarip\u00fc\u00fcdjad . Autojen, maastureiden ja pakettiautojen lis\u00e4varusteet. Varaosat.\" \/>\n<meta name=\"robots\" content=\"index, follow, max-snippet:-1, max-image-preview:large, max-video-preview:-1\" \/>\n<link rel=\"canonical\" href=\"https:\/\/www.castrum.ee\/fi\/toode\/genevo-max-kasiseade\/\" \/>\n<meta property=\"og:locale\" content=\"fi_FI\" \/>\n<meta property=\"og:type\" content=\"article\" \/>\n<meta property=\"og:title\" content=\"GENEVO MAX k\u00e4siseade. | Radarip\u00fc\u00fcdjad\" \/>\n<meta property=\"og:description\" content=\"GENEVO MAX k\u00e4siseade. - Radarip\u00fc\u00fcdjad . Autojen, maastureiden ja pakettiautojen lis\u00e4varusteet. Varaosat.\" \/>\n<meta property=\"og:url\" content=\"https:\/\/www.castrum.ee\/fi\/toode\/genevo-max-kasiseade\/\" \/>\n<meta property=\"og:site_name\" content=\"Castrum\" \/>\n<meta property=\"article:publisher\" content=\"https:\/\/www.facebook.com\/castrum.ee\" \/>\n<meta property=\"article:modified_time\" content=\"2025-08-26T07:13:49+00:00\" \/>\n<meta property=\"og:image\" content=\"https:\/\/www.castrum.ee\/wp-content\/uploads\/2025\/08\/A53FCCA7-942A-46E3-AFC4-5DABDF790175.jpeg\" \/>\n\t<meta property=\"og:image:width\" content=\"700\" \/>\n\t<meta property=\"og:image:height\" content=\"498\" \/>\n\t<meta property=\"og:image:type\" content=\"image\/jpeg\" \/>\n<meta name=\"twitter:card\" content=\"summary_large_image\" \/>\n<script type=\"application\/ld+json\" class=\"yoast-schema-graph\">{\"@context\":\"https:\\\/\\\/schema.org\",\"@graph\":[{\"@type\":\"WebPage\",\"@id\":\"https:\\\/\\\/www.castrum.ee\\\/fi\\\/toode\\\/genevo-max-kasiseade\\\/\",\"url\":\"https:\\\/\\\/www.castrum.ee\\\/fi\\\/toode\\\/genevo-max-kasiseade\\\/\",\"name\":\"GENEVO MAX k\u00e4siseade. | Radarip\u00fc\u00fcdjad\",\"isPartOf\":{\"@id\":\"https:\\\/\\\/www.castrum.ee\\\/fi\\\/#website\"},\"primaryImageOfPage\":{\"@id\":\"https:\\\/\\\/www.castrum.ee\\\/fi\\\/toode\\\/genevo-max-kasiseade\\\/#primaryimage\"},\"image\":{\"@id\":\"https:\\\/\\\/www.castrum.ee\\\/fi\\\/toode\\\/genevo-max-kasiseade\\\/#primaryimage\"},\"thumbnailUrl\":\"https:\\\/\\\/www.castrum.ee\\\/wp-content\\\/uploads\\\/2025\\\/08\\\/A53FCCA7-942A-46E3-AFC4-5DABDF790175.jpeg\",\"datePublished\":\"2025-08-26T07:13:27+00:00\",\"dateModified\":\"2025-08-26T07:13:49+00:00\",\"description\":\"GENEVO MAX k\u00e4siseade. - Radarip\u00fc\u00fcdjad . Autojen, maastureiden ja pakettiautojen lis\u00e4varusteet. Varaosat.\",\"breadcrumb\":{\"@id\":\"https:\\\/\\\/www.castrum.ee\\\/fi\\\/toode\\\/genevo-max-kasiseade\\\/#breadcrumb\"},\"inLanguage\":\"fi\",\"potentialAction\":[{\"@type\":\"ReadAction\",\"target\":[\"https:\\\/\\\/www.castrum.ee\\\/fi\\\/toode\\\/genevo-max-kasiseade\\\/\"]}]},{\"@type\":\"ImageObject\",\"inLanguage\":\"fi\",\"@id\":\"https:\\\/\\\/www.castrum.ee\\\/fi\\\/toode\\\/genevo-max-kasiseade\\\/#primaryimage\",\"url\":\"https:\\\/\\\/www.castrum.ee\\\/wp-content\\\/uploads\\\/2025\\\/08\\\/A53FCCA7-942A-46E3-AFC4-5DABDF790175.jpeg\",\"contentUrl\":\"https:\\\/\\\/www.castrum.ee\\\/wp-content\\\/uploads\\\/2025\\\/08\\\/A53FCCA7-942A-46E3-AFC4-5DABDF790175.jpeg\",\"width\":700,\"height\":498},{\"@type\":\"BreadcrumbList\",\"@id\":\"https:\\\/\\\/www.castrum.ee\\\/fi\\\/toode\\\/genevo-max-kasiseade\\\/#breadcrumb\",\"itemListElement\":[{\"@type\":\"ListItem\",\"position\":1,\"name\":\"Home\",\"item\":\"https:\\\/\\\/www.castrum.ee\\\/fi\\\/kotisivu\\\/\"},{\"@type\":\"ListItem\",\"position\":2,\"name\":\"Verkkokauppa\",\"item\":\"https:\\\/\\\/www.castrum.ee\\\/fi\\\/kauppa\\\/\"},{\"@type\":\"ListItem\",\"position\":3,\"name\":\"GENEVO MAX k\u00e4siseade.\"}]},{\"@type\":\"WebSite\",\"@id\":\"https:\\\/\\\/www.castrum.ee\\\/fi\\\/#website\",\"url\":\"https:\\\/\\\/www.castrum.ee\\\/fi\\\/\",\"name\":\"Castrum\",\"description\":\"Maasturite, s\u00f5iduautode ja v\u00e4ikebusside lisavarustus\",\"publisher\":{\"@id\":\"https:\\\/\\\/www.castrum.ee\\\/fi\\\/#organization\"},\"potentialAction\":[{\"@type\":\"SearchAction\",\"target\":{\"@type\":\"EntryPoint\",\"urlTemplate\":\"https:\\\/\\\/www.castrum.ee\\\/fi\\\/?s={search_term_string}\"},\"query-input\":{\"@type\":\"PropertyValueSpecification\",\"valueRequired\":true,\"valueName\":\"search_term_string\"}}],\"inLanguage\":\"fi\"},{\"@type\":\"Organization\",\"@id\":\"https:\\\/\\\/www.castrum.ee\\\/fi\\\/#organization\",\"name\":\"Castrum Grupp O\u00dc\",\"url\":\"https:\\\/\\\/www.castrum.ee\\\/fi\\\/\",\"logo\":{\"@type\":\"ImageObject\",\"inLanguage\":\"fi\",\"@id\":\"https:\\\/\\\/www.castrum.ee\\\/fi\\\/#\\\/schema\\\/logo\\\/image\\\/\",\"url\":\"https:\\\/\\\/www.castrum.ee\\\/wp-content\\\/uploads\\\/2025\\\/03\\\/Castrum-logo-500.png\",\"contentUrl\":\"https:\\\/\\\/www.castrum.ee\\\/wp-content\\\/uploads\\\/2025\\\/03\\\/Castrum-logo-500.png\",\"width\":500,\"height\":250,\"caption\":\"Castrum Grupp O\u00dc\"},\"image\":{\"@id\":\"https:\\\/\\\/www.castrum.ee\\\/fi\\\/#\\\/schema\\\/logo\\\/image\\\/\"},\"sameAs\":[\"https:\\\/\\\/www.facebook.com\\\/castrum.ee\"]}]}<\/script>\n<!-- \/ Yoast SEO plugin. -->","yoast_head_json":{"title":"GENEVO MAX k\u00e4siseade. | Radarip\u00fc\u00fcdjad","description":"GENEVO MAX k\u00e4siseade. - Radarip\u00fc\u00fcdjad . Autojen, maastureiden ja pakettiautojen lis\u00e4varusteet. Varaosat.","robots":{"index":"index","follow":"follow","max-snippet":"max-snippet:-1","max-image-preview":"max-image-preview:large","max-video-preview":"max-video-preview:-1"},"canonical":"https:\/\/www.castrum.ee\/fi\/toode\/genevo-max-kasiseade\/","og_locale":"fi_FI","og_type":"article","og_title":"GENEVO MAX k\u00e4siseade. | Radarip\u00fc\u00fcdjad","og_description":"GENEVO MAX k\u00e4siseade. - Radarip\u00fc\u00fcdjad . Autojen, maastureiden ja pakettiautojen lis\u00e4varusteet. Varaosat.","og_url":"https:\/\/www.castrum.ee\/fi\/toode\/genevo-max-kasiseade\/","og_site_name":"Castrum","article_publisher":"https:\/\/www.facebook.com\/castrum.ee","article_modified_time":"2025-08-26T07:13:49+00:00","og_image":[{"width":700,"height":498,"url":"https:\/\/www.castrum.ee\/wp-content\/uploads\/2025\/08\/A53FCCA7-942A-46E3-AFC4-5DABDF790175.jpeg","type":"image\/jpeg"}],"twitter_card":"summary_large_image","schema":{"@context":"https:\/\/schema.org","@graph":[{"@type":"WebPage","@id":"https:\/\/www.castrum.ee\/fi\/toode\/genevo-max-kasiseade\/","url":"https:\/\/www.castrum.ee\/fi\/toode\/genevo-max-kasiseade\/","name":"GENEVO MAX k\u00e4siseade. | Radarip\u00fc\u00fcdjad","isPartOf":{"@id":"https:\/\/www.castrum.ee\/fi\/#website"},"primaryImageOfPage":{"@id":"https:\/\/www.castrum.ee\/fi\/toode\/genevo-max-kasiseade\/#primaryimage"},"image":{"@id":"https:\/\/www.castrum.ee\/fi\/toode\/genevo-max-kasiseade\/#primaryimage"},"thumbnailUrl":"https:\/\/www.castrum.ee\/wp-content\/uploads\/2025\/08\/A53FCCA7-942A-46E3-AFC4-5DABDF790175.jpeg","datePublished":"2025-08-26T07:13:27+00:00","dateModified":"2025-08-26T07:13:49+00:00","description":"GENEVO MAX k\u00e4siseade. - Radarip\u00fc\u00fcdjad . Autojen, maastureiden ja pakettiautojen lis\u00e4varusteet. Varaosat.","breadcrumb":{"@id":"https:\/\/www.castrum.ee\/fi\/toode\/genevo-max-kasiseade\/#breadcrumb"},"inLanguage":"fi","potentialAction":[{"@type":"ReadAction","target":["https:\/\/www.castrum.ee\/fi\/toode\/genevo-max-kasiseade\/"]}]},{"@type":"ImageObject","inLanguage":"fi","@id":"https:\/\/www.castrum.ee\/fi\/toode\/genevo-max-kasiseade\/#primaryimage","url":"https:\/\/www.castrum.ee\/wp-content\/uploads\/2025\/08\/A53FCCA7-942A-46E3-AFC4-5DABDF790175.jpeg","contentUrl":"https:\/\/www.castrum.ee\/wp-content\/uploads\/2025\/08\/A53FCCA7-942A-46E3-AFC4-5DABDF790175.jpeg","width":700,"height":498},{"@type":"BreadcrumbList","@id":"https:\/\/www.castrum.ee\/fi\/toode\/genevo-max-kasiseade\/#breadcrumb","itemListElement":[{"@type":"ListItem","position":1,"name":"Home","item":"https:\/\/www.castrum.ee\/fi\/kotisivu\/"},{"@type":"ListItem","position":2,"name":"Verkkokauppa","item":"https:\/\/www.castrum.ee\/fi\/kauppa\/"},{"@type":"ListItem","position":3,"name":"GENEVO MAX k\u00e4siseade."}]},{"@type":"WebSite","@id":"https:\/\/www.castrum.ee\/fi\/#website","url":"https:\/\/www.castrum.ee\/fi\/","name":"Castrum","description":"Maasturite, s\u00f5iduautode ja v\u00e4ikebusside lisavarustus","publisher":{"@id":"https:\/\/www.castrum.ee\/fi\/#organization"},"potentialAction":[{"@type":"SearchAction","target":{"@type":"EntryPoint","urlTemplate":"https:\/\/www.castrum.ee\/fi\/?s={search_term_string}"},"query-input":{"@type":"PropertyValueSpecification","valueRequired":true,"valueName":"search_term_string"}}],"inLanguage":"fi"},{"@type":"Organization","@id":"https:\/\/www.castrum.ee\/fi\/#organization","name":"Castrum Grupp O\u00dc","url":"https:\/\/www.castrum.ee\/fi\/","logo":{"@type":"ImageObject","inLanguage":"fi","@id":"https:\/\/www.castrum.ee\/fi\/#\/schema\/logo\/image\/","url":"https:\/\/www.castrum.ee\/wp-content\/uploads\/2025\/03\/Castrum-logo-500.png","contentUrl":"https:\/\/www.castrum.ee\/wp-content\/uploads\/2025\/03\/Castrum-logo-500.png","width":500,"height":250,"caption":"Castrum Grupp O\u00dc"},"image":{"@id":"https:\/\/www.castrum.ee\/fi\/#\/schema\/logo\/image\/"},"sameAs":["https:\/\/www.facebook.com\/castrum.ee"]}]}},"_links":{"self":[{"href":"https:\/\/www.castrum.ee\/fi\/wp-json\/wp\/v2\/product\/14359","targetHints":{"allow":["GET"]}}],"collection":[{"href":"https:\/\/www.castrum.ee\/fi\/wp-json\/wp\/v2\/product"}],"about":[{"href":"https:\/\/www.castrum.ee\/fi\/wp-json\/wp\/v2\/types\/product"}],"wp:featuredmedia":[{"embeddable":true,"href":"https:\/\/www.castrum.ee\/fi\/wp-json\/wp\/v2\/media\/14384"}],"wp:attachment":[{"href":"https:\/\/www.castrum.ee\/fi\/wp-json\/wp\/v2\/media?parent=14359"}],"wp:term":[{"taxonomy":"mark-ja-mudel","embeddable":true,"href":"https:\/\/www.castrum.ee\/fi\/wp-json\/wp\/v2\/mark-ja-mudel?post=14359"},{"taxonomy":"product_brand","embeddable":true,"href":"https:\/\/www.castrum.ee\/fi\/wp-json\/wp\/v2\/product_brand?post=14359"},{"taxonomy":"product_cat","embeddable":true,"href":"https:\/\/www.castrum.ee\/fi\/wp-json\/wp\/v2\/product_cat?post=14359"},{"taxonomy":"product_tag","embeddable":true,"href":"https:\/\/www.castrum.ee\/fi\/wp-json\/wp\/v2\/product_tag?post=14359"}],"curies":[{"name":"wp","href":"https:\/\/api.w.org\/{rel}","templated":true}]}}