{"id":14361,"date":"2025-08-26T07:13:27","date_gmt":"2025-08-26T07:13:27","guid":{"rendered":"https:\/\/castrum.hume.ee\/?post_type=product&#038;p=14361"},"modified":"2025-08-26T07:13:59","modified_gmt":"2025-08-26T07:13:59","slug":"al-priority-radaripuudja-laser-jammer-bluetooth-moodul-kahe-anduriga-integreeritav-seade","status":"publish","type":"product","link":"https:\/\/www.castrum.ee\/fi\/toode\/al-priority-radaripuudja-laser-jammer-bluetooth-moodul-kahe-anduriga-integreeritav-seade\/","title":{"rendered":"AL Priority radarip\u00fc\u00fcdja laser jammer + Bluetooth moodul (kahe anduriga), integreeritav seade."},"content":{"rendered":"<h5>AL PRIORITY Kahe anduriga komplekt sisaldab:<\/h5>\n<div class=\"advanced_wp_columns_wrapper null\">\n<div class=\"advanced_wp_column null\">\n<h4><strong>Control Unit<\/strong><\/h4>\n<div>\n<ul>\n<li>Kontroll Box<\/li>\n<li>Kontroll Set<\/li>\n<li>Toitekaabel<\/li>\n<li>LED-kaabel<\/li>\n<li>Vajalik paigalduseks<\/li>\n<\/ul>\n<\/div>\n<\/div>\n<div class=\"advanced_wp_gutter null\"><strong>2 Sensor Units<\/strong><\/div>\n<div class=\"advanced_wp_column null\">\n<div>\n<ul>\n<li>Laser sensorid x2<\/li>\n<li>Sensorite kaablid x2<\/li>\n<li>Paigaldusvahendid x2<\/li>\n<li>vajalik paigalduseks.<\/li>\n<\/ul>\n<\/div>\n<\/div>\n<p>V\u00e4ikseim andur oma j\u00f5udluse klassis, \u00e4\u00e4rmiselt tundlik laser-h\u00e4irete suhtes.<\/p>\n<p>Nelja detektor dioodi t\u00f5ttu annab AL Priority palju parema laia nurga leviala andurile (kuni \u00b1 15 \u00b0 H \u00b1 15 \u00b0 V).<\/p>\n<p>Esimene s\u00fcsteem, mis sisaldab kahekordset 16\/32 bitist protsessorit, mis t\u00f6\u00f6tab \u00fcle 100 MHz. Unikaalne v\u00f5imsuse filtreerimine ja stabiliseerivad komponendid v\u00f5imaldavad ALP\u2019l t\u00f6\u00f6tada 10V kuni 17V toiteallikaga.<\/p>\n<\/div>\n<p>Superior Laser Detection patendeeritud tehnoloogia muudab anduri v\u00e4hemalt 40-100% efektiivsemks kui konkurentide tooted.<\/p>\n<p>Al Priority on esimene toode turul, mis on alati tarkvaraliselt uuendatud ja seadistatud USB-m\u00e4lupulgaga. T\u00e4nu anduri diskrimineerimisele teavitatakse kasutajat sellest, milline andur annab hoiatuse. Samuti t\u00e4nu arenenud enesetesti funktsioonile on kasutaja \u00f5igeaegselt mis tahes katkestamise v\u00f5i talitlush\u00e4irete puhul teavitatud.<\/p>\n<p>&nbsp;<\/p>\n","protected":false},"excerpt":{"rendered":"<p>AL PRIORITY Kahe anduriga komplekt sisaldab: Control Unit Kontroll Box  [&#8230;]<\/p>\n","protected":false},"featured_media":14417,"template":"","meta":{"_acf_changed":false},"mark-ja-mudel":[],"product_brand":[],"product_cat":[511],"product_tag":[444],"class_list":{"0":"post-14361","1":"product","2":"type-product","3":"status-publish","4":"has-post-thumbnail","6":"product_cat-radaripuudjad","7":"product_tag-tarne-2-3-paeva","9":"first","10":"instock","11":"taxable","12":"shipping-taxable","13":"purchasable","14":"product-type-simple"},"bundled_by":[],"bundle_stock_status":"instock","bundle_stock_quantity":null,"bundle_virtual":false,"bundle_layout":"","bundle_add_to_cart_form_location":"","bundle_editable_in_cart":false,"bundle_sold_individually_context":"","bundle_item_grouping":"","bundle_min_size":"","bundle_max_size":"","bundle_price":[],"bundled_items":[],"bundle_sell_ids":[],"acf":[],"yoast_head":"<!-- This site is optimized with the Yoast SEO plugin v27.3 - https:\/\/yoast.com\/product\/yoast-seo-wordpress\/ -->\n<title>AL Priority radarip\u00fc\u00fcdja laser jammer + Bluetooth moodul (kahe anduriga), integreeritav seade. | Radarip\u00fc\u00fcdjad<\/title>\n<meta name=\"description\" content=\"AL Priority radarip\u00fc\u00fcdja laser jammer + Bluetooth moodul (kahe anduriga), integreeritav seade. - Radarip\u00fc\u00fcdjad . Autojen, maastureiden ja pakettiautojen lis\u00e4varusteet. Varaosat.\" \/>\n<meta name=\"robots\" content=\"index, follow, max-snippet:-1, max-image-preview:large, max-video-preview:-1\" \/>\n<link rel=\"canonical\" href=\"https:\/\/www.castrum.ee\/fi\/toode\/al-priority-radaripuudja-laser-jammer-bluetooth-moodul-kahe-anduriga-integreeritav-seade\/\" \/>\n<meta property=\"og:locale\" content=\"fi_FI\" \/>\n<meta property=\"og:type\" content=\"article\" \/>\n<meta property=\"og:title\" content=\"AL Priority radarip\u00fc\u00fcdja laser jammer + Bluetooth moodul (kahe anduriga), integreeritav seade. | Radarip\u00fc\u00fcdjad\" \/>\n<meta property=\"og:description\" content=\"AL Priority radarip\u00fc\u00fcdja laser jammer + Bluetooth moodul (kahe anduriga), integreeritav seade. - Radarip\u00fc\u00fcdjad . Autojen, maastureiden ja pakettiautojen lis\u00e4varusteet. Varaosat.\" \/>\n<meta property=\"og:url\" content=\"https:\/\/www.castrum.ee\/fi\/toode\/al-priority-radaripuudja-laser-jammer-bluetooth-moodul-kahe-anduriga-integreeritav-seade\/\" \/>\n<meta property=\"og:site_name\" content=\"Castrum\" \/>\n<meta property=\"article:publisher\" content=\"https:\/\/www.facebook.com\/castrum.ee\" \/>\n<meta property=\"article:modified_time\" content=\"2025-08-26T07:13:59+00:00\" \/>\n<meta property=\"og:image\" content=\"https:\/\/www.castrum.ee\/wp-content\/uploads\/2025\/08\/8F936691-BD25-4B80-A785-210EAD670537.jpeg\" \/>\n\t<meta property=\"og:image:width\" content=\"1247\" \/>\n\t<meta property=\"og:image:height\" content=\"1080\" \/>\n\t<meta property=\"og:image:type\" content=\"image\/jpeg\" \/>\n<meta name=\"twitter:card\" content=\"summary_large_image\" \/>\n<meta name=\"twitter:label1\" content=\"Arvioitu lukuaika\" \/>\n\t<meta name=\"twitter:data1\" content=\"1 minuutti\" \/>\n<script type=\"application\/ld+json\" class=\"yoast-schema-graph\">{\"@context\":\"https:\\\/\\\/schema.org\",\"@graph\":[{\"@type\":\"WebPage\",\"@id\":\"https:\\\/\\\/www.castrum.ee\\\/fi\\\/toode\\\/al-priority-radaripuudja-laser-jammer-bluetooth-moodul-kahe-anduriga-integreeritav-seade\\\/\",\"url\":\"https:\\\/\\\/www.castrum.ee\\\/fi\\\/toode\\\/al-priority-radaripuudja-laser-jammer-bluetooth-moodul-kahe-anduriga-integreeritav-seade\\\/\",\"name\":\"AL Priority radarip\u00fc\u00fcdja laser jammer + Bluetooth moodul (kahe anduriga), integreeritav seade. | Radarip\u00fc\u00fcdjad\",\"isPartOf\":{\"@id\":\"https:\\\/\\\/www.castrum.ee\\\/fi\\\/#website\"},\"primaryImageOfPage\":{\"@id\":\"https:\\\/\\\/www.castrum.ee\\\/fi\\\/toode\\\/al-priority-radaripuudja-laser-jammer-bluetooth-moodul-kahe-anduriga-integreeritav-seade\\\/#primaryimage\"},\"image\":{\"@id\":\"https:\\\/\\\/www.castrum.ee\\\/fi\\\/toode\\\/al-priority-radaripuudja-laser-jammer-bluetooth-moodul-kahe-anduriga-integreeritav-seade\\\/#primaryimage\"},\"thumbnailUrl\":\"https:\\\/\\\/www.castrum.ee\\\/wp-content\\\/uploads\\\/2025\\\/08\\\/8F936691-BD25-4B80-A785-210EAD670537.jpeg\",\"datePublished\":\"2025-08-26T07:13:27+00:00\",\"dateModified\":\"2025-08-26T07:13:59+00:00\",\"description\":\"AL Priority radarip\u00fc\u00fcdja laser jammer + Bluetooth moodul (kahe anduriga), integreeritav seade. - Radarip\u00fc\u00fcdjad . Autojen, maastureiden ja pakettiautojen lis\u00e4varusteet. Varaosat.\",\"breadcrumb\":{\"@id\":\"https:\\\/\\\/www.castrum.ee\\\/fi\\\/toode\\\/al-priority-radaripuudja-laser-jammer-bluetooth-moodul-kahe-anduriga-integreeritav-seade\\\/#breadcrumb\"},\"inLanguage\":\"fi\",\"potentialAction\":[{\"@type\":\"ReadAction\",\"target\":[\"https:\\\/\\\/www.castrum.ee\\\/fi\\\/toode\\\/al-priority-radaripuudja-laser-jammer-bluetooth-moodul-kahe-anduriga-integreeritav-seade\\\/\"]}]},{\"@type\":\"ImageObject\",\"inLanguage\":\"fi\",\"@id\":\"https:\\\/\\\/www.castrum.ee\\\/fi\\\/toode\\\/al-priority-radaripuudja-laser-jammer-bluetooth-moodul-kahe-anduriga-integreeritav-seade\\\/#primaryimage\",\"url\":\"https:\\\/\\\/www.castrum.ee\\\/wp-content\\\/uploads\\\/2025\\\/08\\\/8F936691-BD25-4B80-A785-210EAD670537.jpeg\",\"contentUrl\":\"https:\\\/\\\/www.castrum.ee\\\/wp-content\\\/uploads\\\/2025\\\/08\\\/8F936691-BD25-4B80-A785-210EAD670537.jpeg\",\"width\":1247,\"height\":1080},{\"@type\":\"BreadcrumbList\",\"@id\":\"https:\\\/\\\/www.castrum.ee\\\/fi\\\/toode\\\/al-priority-radaripuudja-laser-jammer-bluetooth-moodul-kahe-anduriga-integreeritav-seade\\\/#breadcrumb\",\"itemListElement\":[{\"@type\":\"ListItem\",\"position\":1,\"name\":\"Home\",\"item\":\"https:\\\/\\\/www.castrum.ee\\\/fi\\\/kotisivu\\\/\"},{\"@type\":\"ListItem\",\"position\":2,\"name\":\"Verkkokauppa\",\"item\":\"https:\\\/\\\/www.castrum.ee\\\/fi\\\/kauppa\\\/\"},{\"@type\":\"ListItem\",\"position\":3,\"name\":\"AL Priority radarip\u00fc\u00fcdja laser jammer + Bluetooth moodul (kahe anduriga), integreeritav seade.\"}]},{\"@type\":\"WebSite\",\"@id\":\"https:\\\/\\\/www.castrum.ee\\\/fi\\\/#website\",\"url\":\"https:\\\/\\\/www.castrum.ee\\\/fi\\\/\",\"name\":\"Castrum\",\"description\":\"Maasturite, s\u00f5iduautode ja v\u00e4ikebusside lisavarustus\",\"publisher\":{\"@id\":\"https:\\\/\\\/www.castrum.ee\\\/fi\\\/#organization\"},\"potentialAction\":[{\"@type\":\"SearchAction\",\"target\":{\"@type\":\"EntryPoint\",\"urlTemplate\":\"https:\\\/\\\/www.castrum.ee\\\/fi\\\/?s={search_term_string}\"},\"query-input\":{\"@type\":\"PropertyValueSpecification\",\"valueRequired\":true,\"valueName\":\"search_term_string\"}}],\"inLanguage\":\"fi\"},{\"@type\":\"Organization\",\"@id\":\"https:\\\/\\\/www.castrum.ee\\\/fi\\\/#organization\",\"name\":\"Castrum Grupp O\u00dc\",\"url\":\"https:\\\/\\\/www.castrum.ee\\\/fi\\\/\",\"logo\":{\"@type\":\"ImageObject\",\"inLanguage\":\"fi\",\"@id\":\"https:\\\/\\\/www.castrum.ee\\\/fi\\\/#\\\/schema\\\/logo\\\/image\\\/\",\"url\":\"https:\\\/\\\/www.castrum.ee\\\/wp-content\\\/uploads\\\/2025\\\/03\\\/Castrum-logo-500.png\",\"contentUrl\":\"https:\\\/\\\/www.castrum.ee\\\/wp-content\\\/uploads\\\/2025\\\/03\\\/Castrum-logo-500.png\",\"width\":500,\"height\":250,\"caption\":\"Castrum Grupp O\u00dc\"},\"image\":{\"@id\":\"https:\\\/\\\/www.castrum.ee\\\/fi\\\/#\\\/schema\\\/logo\\\/image\\\/\"},\"sameAs\":[\"https:\\\/\\\/www.facebook.com\\\/castrum.ee\"]}]}<\/script>\n<!-- \/ Yoast SEO plugin. -->","yoast_head_json":{"title":"AL Priority radarip\u00fc\u00fcdja laser jammer + Bluetooth moodul (kahe anduriga), integreeritav seade. | Radarip\u00fc\u00fcdjad","description":"AL Priority radarip\u00fc\u00fcdja laser jammer + Bluetooth moodul (kahe anduriga), integreeritav seade. - Radarip\u00fc\u00fcdjad . Autojen, maastureiden ja pakettiautojen lis\u00e4varusteet. Varaosat.","robots":{"index":"index","follow":"follow","max-snippet":"max-snippet:-1","max-image-preview":"max-image-preview:large","max-video-preview":"max-video-preview:-1"},"canonical":"https:\/\/www.castrum.ee\/fi\/toode\/al-priority-radaripuudja-laser-jammer-bluetooth-moodul-kahe-anduriga-integreeritav-seade\/","og_locale":"fi_FI","og_type":"article","og_title":"AL Priority radarip\u00fc\u00fcdja laser jammer + Bluetooth moodul (kahe anduriga), integreeritav seade. | Radarip\u00fc\u00fcdjad","og_description":"AL Priority radarip\u00fc\u00fcdja laser jammer + Bluetooth moodul (kahe anduriga), integreeritav seade. - Radarip\u00fc\u00fcdjad . Autojen, maastureiden ja pakettiautojen lis\u00e4varusteet. Varaosat.","og_url":"https:\/\/www.castrum.ee\/fi\/toode\/al-priority-radaripuudja-laser-jammer-bluetooth-moodul-kahe-anduriga-integreeritav-seade\/","og_site_name":"Castrum","article_publisher":"https:\/\/www.facebook.com\/castrum.ee","article_modified_time":"2025-08-26T07:13:59+00:00","og_image":[{"width":1247,"height":1080,"url":"https:\/\/www.castrum.ee\/wp-content\/uploads\/2025\/08\/8F936691-BD25-4B80-A785-210EAD670537.jpeg","type":"image\/jpeg"}],"twitter_card":"summary_large_image","twitter_misc":{"Arvioitu lukuaika":"1 minuutti"},"schema":{"@context":"https:\/\/schema.org","@graph":[{"@type":"WebPage","@id":"https:\/\/www.castrum.ee\/fi\/toode\/al-priority-radaripuudja-laser-jammer-bluetooth-moodul-kahe-anduriga-integreeritav-seade\/","url":"https:\/\/www.castrum.ee\/fi\/toode\/al-priority-radaripuudja-laser-jammer-bluetooth-moodul-kahe-anduriga-integreeritav-seade\/","name":"AL Priority radarip\u00fc\u00fcdja laser jammer + Bluetooth moodul (kahe anduriga), integreeritav seade. | Radarip\u00fc\u00fcdjad","isPartOf":{"@id":"https:\/\/www.castrum.ee\/fi\/#website"},"primaryImageOfPage":{"@id":"https:\/\/www.castrum.ee\/fi\/toode\/al-priority-radaripuudja-laser-jammer-bluetooth-moodul-kahe-anduriga-integreeritav-seade\/#primaryimage"},"image":{"@id":"https:\/\/www.castrum.ee\/fi\/toode\/al-priority-radaripuudja-laser-jammer-bluetooth-moodul-kahe-anduriga-integreeritav-seade\/#primaryimage"},"thumbnailUrl":"https:\/\/www.castrum.ee\/wp-content\/uploads\/2025\/08\/8F936691-BD25-4B80-A785-210EAD670537.jpeg","datePublished":"2025-08-26T07:13:27+00:00","dateModified":"2025-08-26T07:13:59+00:00","description":"AL Priority radarip\u00fc\u00fcdja laser jammer + Bluetooth moodul (kahe anduriga), integreeritav seade. - Radarip\u00fc\u00fcdjad . Autojen, maastureiden ja pakettiautojen lis\u00e4varusteet. Varaosat.","breadcrumb":{"@id":"https:\/\/www.castrum.ee\/fi\/toode\/al-priority-radaripuudja-laser-jammer-bluetooth-moodul-kahe-anduriga-integreeritav-seade\/#breadcrumb"},"inLanguage":"fi","potentialAction":[{"@type":"ReadAction","target":["https:\/\/www.castrum.ee\/fi\/toode\/al-priority-radaripuudja-laser-jammer-bluetooth-moodul-kahe-anduriga-integreeritav-seade\/"]}]},{"@type":"ImageObject","inLanguage":"fi","@id":"https:\/\/www.castrum.ee\/fi\/toode\/al-priority-radaripuudja-laser-jammer-bluetooth-moodul-kahe-anduriga-integreeritav-seade\/#primaryimage","url":"https:\/\/www.castrum.ee\/wp-content\/uploads\/2025\/08\/8F936691-BD25-4B80-A785-210EAD670537.jpeg","contentUrl":"https:\/\/www.castrum.ee\/wp-content\/uploads\/2025\/08\/8F936691-BD25-4B80-A785-210EAD670537.jpeg","width":1247,"height":1080},{"@type":"BreadcrumbList","@id":"https:\/\/www.castrum.ee\/fi\/toode\/al-priority-radaripuudja-laser-jammer-bluetooth-moodul-kahe-anduriga-integreeritav-seade\/#breadcrumb","itemListElement":[{"@type":"ListItem","position":1,"name":"Home","item":"https:\/\/www.castrum.ee\/fi\/kotisivu\/"},{"@type":"ListItem","position":2,"name":"Verkkokauppa","item":"https:\/\/www.castrum.ee\/fi\/kauppa\/"},{"@type":"ListItem","position":3,"name":"AL Priority radarip\u00fc\u00fcdja laser jammer + Bluetooth moodul (kahe anduriga), integreeritav seade."}]},{"@type":"WebSite","@id":"https:\/\/www.castrum.ee\/fi\/#website","url":"https:\/\/www.castrum.ee\/fi\/","name":"Castrum","description":"Maasturite, s\u00f5iduautode ja v\u00e4ikebusside lisavarustus","publisher":{"@id":"https:\/\/www.castrum.ee\/fi\/#organization"},"potentialAction":[{"@type":"SearchAction","target":{"@type":"EntryPoint","urlTemplate":"https:\/\/www.castrum.ee\/fi\/?s={search_term_string}"},"query-input":{"@type":"PropertyValueSpecification","valueRequired":true,"valueName":"search_term_string"}}],"inLanguage":"fi"},{"@type":"Organization","@id":"https:\/\/www.castrum.ee\/fi\/#organization","name":"Castrum Grupp O\u00dc","url":"https:\/\/www.castrum.ee\/fi\/","logo":{"@type":"ImageObject","inLanguage":"fi","@id":"https:\/\/www.castrum.ee\/fi\/#\/schema\/logo\/image\/","url":"https:\/\/www.castrum.ee\/wp-content\/uploads\/2025\/03\/Castrum-logo-500.png","contentUrl":"https:\/\/www.castrum.ee\/wp-content\/uploads\/2025\/03\/Castrum-logo-500.png","width":500,"height":250,"caption":"Castrum Grupp O\u00dc"},"image":{"@id":"https:\/\/www.castrum.ee\/fi\/#\/schema\/logo\/image\/"},"sameAs":["https:\/\/www.facebook.com\/castrum.ee"]}]}},"_links":{"self":[{"href":"https:\/\/www.castrum.ee\/fi\/wp-json\/wp\/v2\/product\/14361","targetHints":{"allow":["GET"]}}],"collection":[{"href":"https:\/\/www.castrum.ee\/fi\/wp-json\/wp\/v2\/product"}],"about":[{"href":"https:\/\/www.castrum.ee\/fi\/wp-json\/wp\/v2\/types\/product"}],"wp:featuredmedia":[{"embeddable":true,"href":"https:\/\/www.castrum.ee\/fi\/wp-json\/wp\/v2\/media\/14417"}],"wp:attachment":[{"href":"https:\/\/www.castrum.ee\/fi\/wp-json\/wp\/v2\/media?parent=14361"}],"wp:term":[{"taxonomy":"mark-ja-mudel","embeddable":true,"href":"https:\/\/www.castrum.ee\/fi\/wp-json\/wp\/v2\/mark-ja-mudel?post=14361"},{"taxonomy":"product_brand","embeddable":true,"href":"https:\/\/www.castrum.ee\/fi\/wp-json\/wp\/v2\/product_brand?post=14361"},{"taxonomy":"product_cat","embeddable":true,"href":"https:\/\/www.castrum.ee\/fi\/wp-json\/wp\/v2\/product_cat?post=14361"},{"taxonomy":"product_tag","embeddable":true,"href":"https:\/\/www.castrum.ee\/fi\/wp-json\/wp\/v2\/product_tag?post=14361"}],"curies":[{"name":"wp","href":"https:\/\/api.w.org\/{rel}","templated":true}]}}