{"id":17171,"date":"2025-09-18T11:59:30","date_gmt":"2025-09-18T11:59:30","guid":{"rendered":"https:\/\/castrum.hume.ee\/?post_type=product&#038;p=17171"},"modified":"2026-04-10T11:10:20","modified_gmt":"2026-04-10T08:10:20","slug":"lazer-rp-spot-off-road-kaugtuli","status":"publish","type":"product","link":"https:\/\/www.castrum.ee\/fi\/toode\/lazer-rp-spot-off-road-kaugtuli\/","title":{"rendered":"LAZER RP SPOT Off-road kaugtuli"},"content":{"rendered":"<p>4 suure intensiivsusega 20 W LED-i<\/p>\n<p>Vaakummetalliseeritud v\u00f5imendusoptika<\/p>\n<p>Mereklassi alumiiniumist tule korpus<\/p>\n<p>A2 roostevabast terasest kinnitusdetailid, deltatihendiga maksimaalseks korrosioonikaitseks.<\/p>\n<p>CAE optimeeritud jahutuss\u00fcsteem koos elektroonilise soojusjuhtimisega<\/p>\n<p>5000k v\u00e4rvitemperatuur<\/p>\n<p>Saadaval lai valik objektiivikatteid<\/p>\n<p>K\u00f5vakattega pol\u00fckarbonaadist l\u00e4\u00e4ts<\/p>\n<p>Autot\u00f6\u00f6stuse klassi korrosioonikindlus<\/p>\n<p>IP68 \/ IP69k kinnitatud<\/p>\n<p>\u00dclepinge vastu kaitstud<\/p>\n<p>Vastupidise polaarsuse kaitse<\/p>\n<p>Kaasas isane\/emane (2-pin) Deutsch-pistikud<\/p>\n<p>5 aastat garantiid<\/p>\n<p>Valmistatud \u00dchendkuningriigis<\/p>\n","protected":false},"excerpt":{"rendered":"<p>4 suure intensiivsusega 20 W LED-i Vaakummetalliseeritud v\u00f5imendusoptika Mereklassi alumiiniumist  [&#8230;]<\/p>\n","protected":false},"featured_media":17611,"template":"","meta":{"_acf_changed":false},"mark-ja-mudel":[],"product_brand":[],"product_cat":[680,683],"product_tag":[444],"class_list":{"0":"post-17171","1":"product","2":"type-product","3":"status-publish","4":"has-post-thumbnail","6":"product_cat-led-lisatuled-ja-tarvikud","7":"product_cat-tootuled","8":"product_tag-tarne-2-3-paeva","10":"first","11":"instock","12":"sale","13":"taxable","14":"shipping-taxable","15":"purchasable","16":"product-type-simple"},"bundled_by":[],"bundle_stock_status":"instock","bundle_stock_quantity":null,"bundle_virtual":false,"bundle_layout":"","bundle_add_to_cart_form_location":"","bundle_editable_in_cart":false,"bundle_sold_individually_context":"","bundle_item_grouping":"","bundle_min_size":"","bundle_max_size":"","bundle_price":[],"bundled_items":[],"bundle_sell_ids":[],"acf":[],"yoast_head":"<!-- This site is optimized with the Yoast SEO plugin v27.3 - https:\/\/yoast.com\/product\/yoast-seo-wordpress\/ -->\n<title>LAZER RP SPOT Off-road kaugtuli | LED lisatuled ja tarvikud, T\u00f6\u00f6tuled<\/title>\n<meta name=\"description\" content=\"LAZER RP SPOT Off-road kaugtuli - LED lisatuled ja tarvikud, T\u00f6\u00f6tuled . Autojen, maastureiden ja pakettiautojen lis\u00e4varusteet. Varaosat.\" \/>\n<meta name=\"robots\" content=\"index, follow, max-snippet:-1, max-image-preview:large, max-video-preview:-1\" \/>\n<link rel=\"canonical\" href=\"https:\/\/www.castrum.ee\/fi\/toode\/lazer-rp-spot-off-road-kaugtuli\/\" \/>\n<meta property=\"og:locale\" content=\"fi_FI\" \/>\n<meta property=\"og:type\" content=\"article\" \/>\n<meta property=\"og:title\" content=\"LAZER RP SPOT Off-road kaugtuli | LED lisatuled ja tarvikud, T\u00f6\u00f6tuled\" \/>\n<meta property=\"og:description\" content=\"LAZER RP SPOT Off-road kaugtuli - LED lisatuled ja tarvikud, T\u00f6\u00f6tuled . Autojen, maastureiden ja pakettiautojen lis\u00e4varusteet. Varaosat.\" \/>\n<meta property=\"og:url\" content=\"https:\/\/www.castrum.ee\/fi\/toode\/lazer-rp-spot-off-road-kaugtuli\/\" \/>\n<meta property=\"og:site_name\" content=\"Castrum\" \/>\n<meta property=\"article:publisher\" content=\"https:\/\/www.facebook.com\/castrum.ee\" \/>\n<meta property=\"article:modified_time\" content=\"2026-04-10T08:10:20+00:00\" \/>\n<meta property=\"og:image\" content=\"https:\/\/www.castrum.ee\/wp-content\/uploads\/2025\/09\/IMG_9419.jpeg\" \/>\n\t<meta property=\"og:image:width\" content=\"1000\" \/>\n\t<meta property=\"og:image:height\" content=\"750\" \/>\n\t<meta property=\"og:image:type\" content=\"image\/jpeg\" \/>\n<meta name=\"twitter:card\" content=\"summary_large_image\" \/>\n<script type=\"application\/ld+json\" class=\"yoast-schema-graph\">{\"@context\":\"https:\\\/\\\/schema.org\",\"@graph\":[{\"@type\":\"WebPage\",\"@id\":\"https:\\\/\\\/www.castrum.ee\\\/fi\\\/toode\\\/lazer-rp-spot-off-road-kaugtuli\\\/\",\"url\":\"https:\\\/\\\/www.castrum.ee\\\/fi\\\/toode\\\/lazer-rp-spot-off-road-kaugtuli\\\/\",\"name\":\"LAZER RP SPOT Off-road kaugtuli | LED lisatuled ja tarvikud, T\u00f6\u00f6tuled\",\"isPartOf\":{\"@id\":\"https:\\\/\\\/www.castrum.ee\\\/fi\\\/#website\"},\"primaryImageOfPage\":{\"@id\":\"https:\\\/\\\/www.castrum.ee\\\/fi\\\/toode\\\/lazer-rp-spot-off-road-kaugtuli\\\/#primaryimage\"},\"image\":{\"@id\":\"https:\\\/\\\/www.castrum.ee\\\/fi\\\/toode\\\/lazer-rp-spot-off-road-kaugtuli\\\/#primaryimage\"},\"thumbnailUrl\":\"https:\\\/\\\/www.castrum.ee\\\/wp-content\\\/uploads\\\/2025\\\/09\\\/IMG_9419.jpeg\",\"datePublished\":\"2025-09-18T11:59:30+00:00\",\"dateModified\":\"2026-04-10T08:10:20+00:00\",\"description\":\"LAZER RP SPOT Off-road kaugtuli - LED lisatuled ja tarvikud, T\u00f6\u00f6tuled . Autojen, maastureiden ja pakettiautojen lis\u00e4varusteet. Varaosat.\",\"breadcrumb\":{\"@id\":\"https:\\\/\\\/www.castrum.ee\\\/fi\\\/toode\\\/lazer-rp-spot-off-road-kaugtuli\\\/#breadcrumb\"},\"inLanguage\":\"fi\",\"potentialAction\":[{\"@type\":\"ReadAction\",\"target\":[\"https:\\\/\\\/www.castrum.ee\\\/fi\\\/toode\\\/lazer-rp-spot-off-road-kaugtuli\\\/\"]}]},{\"@type\":\"ImageObject\",\"inLanguage\":\"fi\",\"@id\":\"https:\\\/\\\/www.castrum.ee\\\/fi\\\/toode\\\/lazer-rp-spot-off-road-kaugtuli\\\/#primaryimage\",\"url\":\"https:\\\/\\\/www.castrum.ee\\\/wp-content\\\/uploads\\\/2025\\\/09\\\/IMG_9419.jpeg\",\"contentUrl\":\"https:\\\/\\\/www.castrum.ee\\\/wp-content\\\/uploads\\\/2025\\\/09\\\/IMG_9419.jpeg\",\"width\":1000,\"height\":750},{\"@type\":\"BreadcrumbList\",\"@id\":\"https:\\\/\\\/www.castrum.ee\\\/fi\\\/toode\\\/lazer-rp-spot-off-road-kaugtuli\\\/#breadcrumb\",\"itemListElement\":[{\"@type\":\"ListItem\",\"position\":1,\"name\":\"Home\",\"item\":\"https:\\\/\\\/www.castrum.ee\\\/fi\\\/kotisivu\\\/\"},{\"@type\":\"ListItem\",\"position\":2,\"name\":\"Verkkokauppa\",\"item\":\"https:\\\/\\\/www.castrum.ee\\\/fi\\\/kauppa\\\/\"},{\"@type\":\"ListItem\",\"position\":3,\"name\":\"LAZER RP SPOT Off-road kaugtuli\"}]},{\"@type\":\"WebSite\",\"@id\":\"https:\\\/\\\/www.castrum.ee\\\/fi\\\/#website\",\"url\":\"https:\\\/\\\/www.castrum.ee\\\/fi\\\/\",\"name\":\"Castrum\",\"description\":\"Maasturite, s\u00f5iduautode ja v\u00e4ikebusside lisavarustus\",\"publisher\":{\"@id\":\"https:\\\/\\\/www.castrum.ee\\\/fi\\\/#organization\"},\"potentialAction\":[{\"@type\":\"SearchAction\",\"target\":{\"@type\":\"EntryPoint\",\"urlTemplate\":\"https:\\\/\\\/www.castrum.ee\\\/fi\\\/?s={search_term_string}\"},\"query-input\":{\"@type\":\"PropertyValueSpecification\",\"valueRequired\":true,\"valueName\":\"search_term_string\"}}],\"inLanguage\":\"fi\"},{\"@type\":\"Organization\",\"@id\":\"https:\\\/\\\/www.castrum.ee\\\/fi\\\/#organization\",\"name\":\"Castrum Grupp O\u00dc\",\"url\":\"https:\\\/\\\/www.castrum.ee\\\/fi\\\/\",\"logo\":{\"@type\":\"ImageObject\",\"inLanguage\":\"fi\",\"@id\":\"https:\\\/\\\/www.castrum.ee\\\/fi\\\/#\\\/schema\\\/logo\\\/image\\\/\",\"url\":\"https:\\\/\\\/www.castrum.ee\\\/wp-content\\\/uploads\\\/2025\\\/03\\\/Castrum-logo-500.png\",\"contentUrl\":\"https:\\\/\\\/www.castrum.ee\\\/wp-content\\\/uploads\\\/2025\\\/03\\\/Castrum-logo-500.png\",\"width\":500,\"height\":250,\"caption\":\"Castrum Grupp O\u00dc\"},\"image\":{\"@id\":\"https:\\\/\\\/www.castrum.ee\\\/fi\\\/#\\\/schema\\\/logo\\\/image\\\/\"},\"sameAs\":[\"https:\\\/\\\/www.facebook.com\\\/castrum.ee\"]}]}<\/script>\n<!-- \/ Yoast SEO plugin. -->","yoast_head_json":{"title":"LAZER RP SPOT Off-road kaugtuli | LED lisatuled ja tarvikud, T\u00f6\u00f6tuled","description":"LAZER RP SPOT Off-road kaugtuli - LED lisatuled ja tarvikud, T\u00f6\u00f6tuled . Autojen, maastureiden ja pakettiautojen lis\u00e4varusteet. Varaosat.","robots":{"index":"index","follow":"follow","max-snippet":"max-snippet:-1","max-image-preview":"max-image-preview:large","max-video-preview":"max-video-preview:-1"},"canonical":"https:\/\/www.castrum.ee\/fi\/toode\/lazer-rp-spot-off-road-kaugtuli\/","og_locale":"fi_FI","og_type":"article","og_title":"LAZER RP SPOT Off-road kaugtuli | LED lisatuled ja tarvikud, T\u00f6\u00f6tuled","og_description":"LAZER RP SPOT Off-road kaugtuli - LED lisatuled ja tarvikud, T\u00f6\u00f6tuled . Autojen, maastureiden ja pakettiautojen lis\u00e4varusteet. Varaosat.","og_url":"https:\/\/www.castrum.ee\/fi\/toode\/lazer-rp-spot-off-road-kaugtuli\/","og_site_name":"Castrum","article_publisher":"https:\/\/www.facebook.com\/castrum.ee","article_modified_time":"2026-04-10T08:10:20+00:00","og_image":[{"width":1000,"height":750,"url":"https:\/\/www.castrum.ee\/wp-content\/uploads\/2025\/09\/IMG_9419.jpeg","type":"image\/jpeg"}],"twitter_card":"summary_large_image","schema":{"@context":"https:\/\/schema.org","@graph":[{"@type":"WebPage","@id":"https:\/\/www.castrum.ee\/fi\/toode\/lazer-rp-spot-off-road-kaugtuli\/","url":"https:\/\/www.castrum.ee\/fi\/toode\/lazer-rp-spot-off-road-kaugtuli\/","name":"LAZER RP SPOT Off-road kaugtuli | LED lisatuled ja tarvikud, T\u00f6\u00f6tuled","isPartOf":{"@id":"https:\/\/www.castrum.ee\/fi\/#website"},"primaryImageOfPage":{"@id":"https:\/\/www.castrum.ee\/fi\/toode\/lazer-rp-spot-off-road-kaugtuli\/#primaryimage"},"image":{"@id":"https:\/\/www.castrum.ee\/fi\/toode\/lazer-rp-spot-off-road-kaugtuli\/#primaryimage"},"thumbnailUrl":"https:\/\/www.castrum.ee\/wp-content\/uploads\/2025\/09\/IMG_9419.jpeg","datePublished":"2025-09-18T11:59:30+00:00","dateModified":"2026-04-10T08:10:20+00:00","description":"LAZER RP SPOT Off-road kaugtuli - LED lisatuled ja tarvikud, T\u00f6\u00f6tuled . Autojen, maastureiden ja pakettiautojen lis\u00e4varusteet. Varaosat.","breadcrumb":{"@id":"https:\/\/www.castrum.ee\/fi\/toode\/lazer-rp-spot-off-road-kaugtuli\/#breadcrumb"},"inLanguage":"fi","potentialAction":[{"@type":"ReadAction","target":["https:\/\/www.castrum.ee\/fi\/toode\/lazer-rp-spot-off-road-kaugtuli\/"]}]},{"@type":"ImageObject","inLanguage":"fi","@id":"https:\/\/www.castrum.ee\/fi\/toode\/lazer-rp-spot-off-road-kaugtuli\/#primaryimage","url":"https:\/\/www.castrum.ee\/wp-content\/uploads\/2025\/09\/IMG_9419.jpeg","contentUrl":"https:\/\/www.castrum.ee\/wp-content\/uploads\/2025\/09\/IMG_9419.jpeg","width":1000,"height":750},{"@type":"BreadcrumbList","@id":"https:\/\/www.castrum.ee\/fi\/toode\/lazer-rp-spot-off-road-kaugtuli\/#breadcrumb","itemListElement":[{"@type":"ListItem","position":1,"name":"Home","item":"https:\/\/www.castrum.ee\/fi\/kotisivu\/"},{"@type":"ListItem","position":2,"name":"Verkkokauppa","item":"https:\/\/www.castrum.ee\/fi\/kauppa\/"},{"@type":"ListItem","position":3,"name":"LAZER RP SPOT Off-road kaugtuli"}]},{"@type":"WebSite","@id":"https:\/\/www.castrum.ee\/fi\/#website","url":"https:\/\/www.castrum.ee\/fi\/","name":"Castrum","description":"Maasturite, s\u00f5iduautode ja v\u00e4ikebusside lisavarustus","publisher":{"@id":"https:\/\/www.castrum.ee\/fi\/#organization"},"potentialAction":[{"@type":"SearchAction","target":{"@type":"EntryPoint","urlTemplate":"https:\/\/www.castrum.ee\/fi\/?s={search_term_string}"},"query-input":{"@type":"PropertyValueSpecification","valueRequired":true,"valueName":"search_term_string"}}],"inLanguage":"fi"},{"@type":"Organization","@id":"https:\/\/www.castrum.ee\/fi\/#organization","name":"Castrum Grupp O\u00dc","url":"https:\/\/www.castrum.ee\/fi\/","logo":{"@type":"ImageObject","inLanguage":"fi","@id":"https:\/\/www.castrum.ee\/fi\/#\/schema\/logo\/image\/","url":"https:\/\/www.castrum.ee\/wp-content\/uploads\/2025\/03\/Castrum-logo-500.png","contentUrl":"https:\/\/www.castrum.ee\/wp-content\/uploads\/2025\/03\/Castrum-logo-500.png","width":500,"height":250,"caption":"Castrum Grupp O\u00dc"},"image":{"@id":"https:\/\/www.castrum.ee\/fi\/#\/schema\/logo\/image\/"},"sameAs":["https:\/\/www.facebook.com\/castrum.ee"]}]}},"_links":{"self":[{"href":"https:\/\/www.castrum.ee\/fi\/wp-json\/wp\/v2\/product\/17171","targetHints":{"allow":["GET"]}}],"collection":[{"href":"https:\/\/www.castrum.ee\/fi\/wp-json\/wp\/v2\/product"}],"about":[{"href":"https:\/\/www.castrum.ee\/fi\/wp-json\/wp\/v2\/types\/product"}],"wp:featuredmedia":[{"embeddable":true,"href":"https:\/\/www.castrum.ee\/fi\/wp-json\/wp\/v2\/media\/17611"}],"wp:attachment":[{"href":"https:\/\/www.castrum.ee\/fi\/wp-json\/wp\/v2\/media?parent=17171"}],"wp:term":[{"taxonomy":"mark-ja-mudel","embeddable":true,"href":"https:\/\/www.castrum.ee\/fi\/wp-json\/wp\/v2\/mark-ja-mudel?post=17171"},{"taxonomy":"product_brand","embeddable":true,"href":"https:\/\/www.castrum.ee\/fi\/wp-json\/wp\/v2\/product_brand?post=17171"},{"taxonomy":"product_cat","embeddable":true,"href":"https:\/\/www.castrum.ee\/fi\/wp-json\/wp\/v2\/product_cat?post=17171"},{"taxonomy":"product_tag","embeddable":true,"href":"https:\/\/www.castrum.ee\/fi\/wp-json\/wp\/v2\/product_tag?post=17171"}],"curies":[{"name":"wp","href":"https:\/\/api.w.org\/{rel}","templated":true}]}}