{"id":17352,"date":"2025-09-18T13:17:13","date_gmt":"2025-09-18T13:17:13","guid":{"rendered":"https:\/\/castrum.hume.ee\/?post_type=product&#038;p=17352"},"modified":"2026-04-10T10:33:55","modified_gmt":"2026-04-10T07:33:55","slug":"lazer-triple-r-1000","status":"publish","type":"product","link":"https:\/\/www.castrum.ee\/fi\/toode\/lazer-triple-r-1000\/","title":{"rendered":"LAZER Triple-R 1000"},"content":{"rendered":"<ul>\n<li class=\"\">ECE R112<\/li>\n<li class=\"\">E9 markeering<\/li>\n<li class=\"\">R markeering (t\u00e4istuli)<\/li>\n<li>Alumiinium korpus<\/li>\n<li>Pol\u00fckarbonaat klaas mis on kaetud spetsiaalse lakiga<\/li>\n<li>IP67 tolmu- ja veekindlus<\/li>\n<li>Pinge 9-32V<\/li>\n<li>Kaal 1,7 kg<\/li>\n<li>Valgustugevus 9240 LM (E-Mark = 1848 LM)<\/li>\n<li>V\u00f5imsus 88w (E-Mark = 17,6w)<\/li>\n<li>REF 12,5<\/li>\n<li>DRL \u2013 lisaks LED p\u00e4evas\u00f5idutulede funktsioon, valge v\u00f5i kollaka valgusega<\/li>\n<\/ul>\n","protected":false},"excerpt":{"rendered":"<p>ECE R112 E9 markeering R markeering (t\u00e4istuli) Alumiinium korpus Pol\u00fckarbonaat  [&#8230;]<\/p>\n","protected":false},"featured_media":17846,"template":"","meta":{"_acf_changed":false},"mark-ja-mudel":[],"product_brand":[],"product_cat":[682,680],"product_tag":[444],"class_list":{"0":"post-17352","1":"product","2":"type-product","3":"status-publish","4":"has-post-thumbnail","6":"product_cat-led-kaugtuled","7":"product_cat-led-lisatuled-ja-tarvikud","8":"product_tag-tarne-2-3-paeva","10":"first","11":"instock","12":"sale","13":"taxable","14":"shipping-taxable","15":"purchasable","16":"product-type-simple"},"bundled_by":[],"bundle_stock_status":"instock","bundle_stock_quantity":null,"bundle_virtual":false,"bundle_layout":"","bundle_add_to_cart_form_location":"","bundle_editable_in_cart":false,"bundle_sold_individually_context":"","bundle_item_grouping":"","bundle_min_size":"","bundle_max_size":"","bundle_price":[],"bundled_items":[],"bundle_sell_ids":[],"acf":[],"yoast_head":"<!-- This site is optimized with the Yoast SEO plugin v27.3 - https:\/\/yoast.com\/product\/yoast-seo-wordpress\/ -->\n<title>LAZER Triple-R 1000 | LED kaugtuled, LED lisatuled ja tarvikud<\/title>\n<meta name=\"description\" content=\"LAZER Triple-R 1000 - LED kaugtuled, LED lisatuled ja tarvikud . Autojen, maastureiden ja pakettiautojen lis\u00e4varusteet. Varaosat.\" \/>\n<meta name=\"robots\" content=\"index, follow, max-snippet:-1, max-image-preview:large, max-video-preview:-1\" \/>\n<link rel=\"canonical\" href=\"https:\/\/www.castrum.ee\/fi\/toode\/lazer-triple-r-1000\/\" \/>\n<meta property=\"og:locale\" content=\"fi_FI\" \/>\n<meta property=\"og:type\" content=\"article\" \/>\n<meta property=\"og:title\" content=\"LAZER Triple-R 1000 | LED kaugtuled, LED lisatuled ja tarvikud\" \/>\n<meta property=\"og:description\" content=\"LAZER Triple-R 1000 - LED kaugtuled, LED lisatuled ja tarvikud . Autojen, maastureiden ja pakettiautojen lis\u00e4varusteet. Varaosat.\" \/>\n<meta property=\"og:url\" content=\"https:\/\/www.castrum.ee\/fi\/toode\/lazer-triple-r-1000\/\" \/>\n<meta property=\"og:site_name\" content=\"Castrum\" \/>\n<meta property=\"article:publisher\" content=\"https:\/\/www.facebook.com\/castrum.ee\" \/>\n<meta property=\"article:modified_time\" content=\"2026-04-10T07:33:55+00:00\" \/>\n<meta property=\"og:image\" content=\"https:\/\/www.castrum.ee\/wp-content\/uploads\/2025\/09\/triple-r_1000_gen2_-_angled_-_white_pl_-_web.jpg\" \/>\n\t<meta property=\"og:image:width\" content=\"1000\" \/>\n\t<meta property=\"og:image:height\" content=\"750\" \/>\n\t<meta property=\"og:image:type\" content=\"image\/jpeg\" \/>\n<meta name=\"twitter:card\" content=\"summary_large_image\" \/>\n<script type=\"application\/ld+json\" class=\"yoast-schema-graph\">{\"@context\":\"https:\\\/\\\/schema.org\",\"@graph\":[{\"@type\":\"WebPage\",\"@id\":\"https:\\\/\\\/www.castrum.ee\\\/fi\\\/toode\\\/lazer-triple-r-1000\\\/\",\"url\":\"https:\\\/\\\/www.castrum.ee\\\/fi\\\/toode\\\/lazer-triple-r-1000\\\/\",\"name\":\"LAZER Triple-R 1000 | LED kaugtuled, LED lisatuled ja tarvikud\",\"isPartOf\":{\"@id\":\"https:\\\/\\\/www.castrum.ee\\\/fi\\\/#website\"},\"primaryImageOfPage\":{\"@id\":\"https:\\\/\\\/www.castrum.ee\\\/fi\\\/toode\\\/lazer-triple-r-1000\\\/#primaryimage\"},\"image\":{\"@id\":\"https:\\\/\\\/www.castrum.ee\\\/fi\\\/toode\\\/lazer-triple-r-1000\\\/#primaryimage\"},\"thumbnailUrl\":\"https:\\\/\\\/www.castrum.ee\\\/wp-content\\\/uploads\\\/2025\\\/09\\\/triple-r_1000_gen2_-_angled_-_white_pl_-_web.jpg\",\"datePublished\":\"2025-09-18T13:17:13+00:00\",\"dateModified\":\"2026-04-10T07:33:55+00:00\",\"description\":\"LAZER Triple-R 1000 - LED kaugtuled, LED lisatuled ja tarvikud . Autojen, maastureiden ja pakettiautojen lis\u00e4varusteet. Varaosat.\",\"breadcrumb\":{\"@id\":\"https:\\\/\\\/www.castrum.ee\\\/fi\\\/toode\\\/lazer-triple-r-1000\\\/#breadcrumb\"},\"inLanguage\":\"fi\",\"potentialAction\":[{\"@type\":\"ReadAction\",\"target\":[\"https:\\\/\\\/www.castrum.ee\\\/fi\\\/toode\\\/lazer-triple-r-1000\\\/\"]}]},{\"@type\":\"ImageObject\",\"inLanguage\":\"fi\",\"@id\":\"https:\\\/\\\/www.castrum.ee\\\/fi\\\/toode\\\/lazer-triple-r-1000\\\/#primaryimage\",\"url\":\"https:\\\/\\\/www.castrum.ee\\\/wp-content\\\/uploads\\\/2025\\\/09\\\/triple-r_1000_gen2_-_angled_-_white_pl_-_web.jpg\",\"contentUrl\":\"https:\\\/\\\/www.castrum.ee\\\/wp-content\\\/uploads\\\/2025\\\/09\\\/triple-r_1000_gen2_-_angled_-_white_pl_-_web.jpg\",\"width\":1000,\"height\":750},{\"@type\":\"BreadcrumbList\",\"@id\":\"https:\\\/\\\/www.castrum.ee\\\/fi\\\/toode\\\/lazer-triple-r-1000\\\/#breadcrumb\",\"itemListElement\":[{\"@type\":\"ListItem\",\"position\":1,\"name\":\"Home\",\"item\":\"https:\\\/\\\/www.castrum.ee\\\/fi\\\/kotisivu\\\/\"},{\"@type\":\"ListItem\",\"position\":2,\"name\":\"Verkkokauppa\",\"item\":\"https:\\\/\\\/www.castrum.ee\\\/fi\\\/kauppa\\\/\"},{\"@type\":\"ListItem\",\"position\":3,\"name\":\"LAZER Triple-R 1000\"}]},{\"@type\":\"WebSite\",\"@id\":\"https:\\\/\\\/www.castrum.ee\\\/fi\\\/#website\",\"url\":\"https:\\\/\\\/www.castrum.ee\\\/fi\\\/\",\"name\":\"Castrum\",\"description\":\"Maasturite, s\u00f5iduautode ja v\u00e4ikebusside lisavarustus\",\"publisher\":{\"@id\":\"https:\\\/\\\/www.castrum.ee\\\/fi\\\/#organization\"},\"potentialAction\":[{\"@type\":\"SearchAction\",\"target\":{\"@type\":\"EntryPoint\",\"urlTemplate\":\"https:\\\/\\\/www.castrum.ee\\\/fi\\\/?s={search_term_string}\"},\"query-input\":{\"@type\":\"PropertyValueSpecification\",\"valueRequired\":true,\"valueName\":\"search_term_string\"}}],\"inLanguage\":\"fi\"},{\"@type\":\"Organization\",\"@id\":\"https:\\\/\\\/www.castrum.ee\\\/fi\\\/#organization\",\"name\":\"Castrum Grupp O\u00dc\",\"url\":\"https:\\\/\\\/www.castrum.ee\\\/fi\\\/\",\"logo\":{\"@type\":\"ImageObject\",\"inLanguage\":\"fi\",\"@id\":\"https:\\\/\\\/www.castrum.ee\\\/fi\\\/#\\\/schema\\\/logo\\\/image\\\/\",\"url\":\"https:\\\/\\\/www.castrum.ee\\\/wp-content\\\/uploads\\\/2025\\\/03\\\/Castrum-logo-500.png\",\"contentUrl\":\"https:\\\/\\\/www.castrum.ee\\\/wp-content\\\/uploads\\\/2025\\\/03\\\/Castrum-logo-500.png\",\"width\":500,\"height\":250,\"caption\":\"Castrum Grupp O\u00dc\"},\"image\":{\"@id\":\"https:\\\/\\\/www.castrum.ee\\\/fi\\\/#\\\/schema\\\/logo\\\/image\\\/\"},\"sameAs\":[\"https:\\\/\\\/www.facebook.com\\\/castrum.ee\"]}]}<\/script>\n<!-- \/ Yoast SEO plugin. -->","yoast_head_json":{"title":"LAZER Triple-R 1000 | LED kaugtuled, LED lisatuled ja tarvikud","description":"LAZER Triple-R 1000 - LED kaugtuled, LED lisatuled ja tarvikud . Autojen, maastureiden ja pakettiautojen lis\u00e4varusteet. Varaosat.","robots":{"index":"index","follow":"follow","max-snippet":"max-snippet:-1","max-image-preview":"max-image-preview:large","max-video-preview":"max-video-preview:-1"},"canonical":"https:\/\/www.castrum.ee\/fi\/toode\/lazer-triple-r-1000\/","og_locale":"fi_FI","og_type":"article","og_title":"LAZER Triple-R 1000 | LED kaugtuled, LED lisatuled ja tarvikud","og_description":"LAZER Triple-R 1000 - LED kaugtuled, LED lisatuled ja tarvikud . Autojen, maastureiden ja pakettiautojen lis\u00e4varusteet. Varaosat.","og_url":"https:\/\/www.castrum.ee\/fi\/toode\/lazer-triple-r-1000\/","og_site_name":"Castrum","article_publisher":"https:\/\/www.facebook.com\/castrum.ee","article_modified_time":"2026-04-10T07:33:55+00:00","og_image":[{"width":1000,"height":750,"url":"https:\/\/www.castrum.ee\/wp-content\/uploads\/2025\/09\/triple-r_1000_gen2_-_angled_-_white_pl_-_web.jpg","type":"image\/jpeg"}],"twitter_card":"summary_large_image","schema":{"@context":"https:\/\/schema.org","@graph":[{"@type":"WebPage","@id":"https:\/\/www.castrum.ee\/fi\/toode\/lazer-triple-r-1000\/","url":"https:\/\/www.castrum.ee\/fi\/toode\/lazer-triple-r-1000\/","name":"LAZER Triple-R 1000 | LED kaugtuled, LED lisatuled ja tarvikud","isPartOf":{"@id":"https:\/\/www.castrum.ee\/fi\/#website"},"primaryImageOfPage":{"@id":"https:\/\/www.castrum.ee\/fi\/toode\/lazer-triple-r-1000\/#primaryimage"},"image":{"@id":"https:\/\/www.castrum.ee\/fi\/toode\/lazer-triple-r-1000\/#primaryimage"},"thumbnailUrl":"https:\/\/www.castrum.ee\/wp-content\/uploads\/2025\/09\/triple-r_1000_gen2_-_angled_-_white_pl_-_web.jpg","datePublished":"2025-09-18T13:17:13+00:00","dateModified":"2026-04-10T07:33:55+00:00","description":"LAZER Triple-R 1000 - LED kaugtuled, LED lisatuled ja tarvikud . Autojen, maastureiden ja pakettiautojen lis\u00e4varusteet. Varaosat.","breadcrumb":{"@id":"https:\/\/www.castrum.ee\/fi\/toode\/lazer-triple-r-1000\/#breadcrumb"},"inLanguage":"fi","potentialAction":[{"@type":"ReadAction","target":["https:\/\/www.castrum.ee\/fi\/toode\/lazer-triple-r-1000\/"]}]},{"@type":"ImageObject","inLanguage":"fi","@id":"https:\/\/www.castrum.ee\/fi\/toode\/lazer-triple-r-1000\/#primaryimage","url":"https:\/\/www.castrum.ee\/wp-content\/uploads\/2025\/09\/triple-r_1000_gen2_-_angled_-_white_pl_-_web.jpg","contentUrl":"https:\/\/www.castrum.ee\/wp-content\/uploads\/2025\/09\/triple-r_1000_gen2_-_angled_-_white_pl_-_web.jpg","width":1000,"height":750},{"@type":"BreadcrumbList","@id":"https:\/\/www.castrum.ee\/fi\/toode\/lazer-triple-r-1000\/#breadcrumb","itemListElement":[{"@type":"ListItem","position":1,"name":"Home","item":"https:\/\/www.castrum.ee\/fi\/kotisivu\/"},{"@type":"ListItem","position":2,"name":"Verkkokauppa","item":"https:\/\/www.castrum.ee\/fi\/kauppa\/"},{"@type":"ListItem","position":3,"name":"LAZER Triple-R 1000"}]},{"@type":"WebSite","@id":"https:\/\/www.castrum.ee\/fi\/#website","url":"https:\/\/www.castrum.ee\/fi\/","name":"Castrum","description":"Maasturite, s\u00f5iduautode ja v\u00e4ikebusside lisavarustus","publisher":{"@id":"https:\/\/www.castrum.ee\/fi\/#organization"},"potentialAction":[{"@type":"SearchAction","target":{"@type":"EntryPoint","urlTemplate":"https:\/\/www.castrum.ee\/fi\/?s={search_term_string}"},"query-input":{"@type":"PropertyValueSpecification","valueRequired":true,"valueName":"search_term_string"}}],"inLanguage":"fi"},{"@type":"Organization","@id":"https:\/\/www.castrum.ee\/fi\/#organization","name":"Castrum Grupp O\u00dc","url":"https:\/\/www.castrum.ee\/fi\/","logo":{"@type":"ImageObject","inLanguage":"fi","@id":"https:\/\/www.castrum.ee\/fi\/#\/schema\/logo\/image\/","url":"https:\/\/www.castrum.ee\/wp-content\/uploads\/2025\/03\/Castrum-logo-500.png","contentUrl":"https:\/\/www.castrum.ee\/wp-content\/uploads\/2025\/03\/Castrum-logo-500.png","width":500,"height":250,"caption":"Castrum Grupp O\u00dc"},"image":{"@id":"https:\/\/www.castrum.ee\/fi\/#\/schema\/logo\/image\/"},"sameAs":["https:\/\/www.facebook.com\/castrum.ee"]}]}},"_links":{"self":[{"href":"https:\/\/www.castrum.ee\/fi\/wp-json\/wp\/v2\/product\/17352","targetHints":{"allow":["GET"]}}],"collection":[{"href":"https:\/\/www.castrum.ee\/fi\/wp-json\/wp\/v2\/product"}],"about":[{"href":"https:\/\/www.castrum.ee\/fi\/wp-json\/wp\/v2\/types\/product"}],"wp:featuredmedia":[{"embeddable":true,"href":"https:\/\/www.castrum.ee\/fi\/wp-json\/wp\/v2\/media\/17846"}],"wp:attachment":[{"href":"https:\/\/www.castrum.ee\/fi\/wp-json\/wp\/v2\/media?parent=17352"}],"wp:term":[{"taxonomy":"mark-ja-mudel","embeddable":true,"href":"https:\/\/www.castrum.ee\/fi\/wp-json\/wp\/v2\/mark-ja-mudel?post=17352"},{"taxonomy":"product_brand","embeddable":true,"href":"https:\/\/www.castrum.ee\/fi\/wp-json\/wp\/v2\/product_brand?post=17352"},{"taxonomy":"product_cat","embeddable":true,"href":"https:\/\/www.castrum.ee\/fi\/wp-json\/wp\/v2\/product_cat?post=17352"},{"taxonomy":"product_tag","embeddable":true,"href":"https:\/\/www.castrum.ee\/fi\/wp-json\/wp\/v2\/product_tag?post=17352"}],"curies":[{"name":"wp","href":"https:\/\/api.w.org\/{rel}","templated":true}]}}