{"id":17764,"date":"2025-09-22T08:27:27","date_gmt":"2025-09-22T08:27:27","guid":{"rendered":"https:\/\/castrum.hume.ee\/?post_type=product&#038;p=17764"},"modified":"2026-04-10T10:34:07","modified_gmt":"2026-04-10T07:34:07","slug":"lazer-triple-r-1250-elite-plus","status":"publish","type":"product","link":"https:\/\/www.castrum.ee\/fi\/toode\/lazer-triple-r-1250-elite-plus\/","title":{"rendered":"LAZER Triple-R 1250 Elite+"},"content":{"rendered":"<ul>\n<li data-start=\"23\" data-end=\"96\">\n<p data-start=\"25\" data-end=\"96\">\u00dchendab <strong data-start=\"33\" data-end=\"68\">v\u00e4ga efektiivsed valged (5000K)<\/strong> ja <strong data-start=\"72\" data-end=\"94\">PC-kollased LED-id<\/strong><\/p>\n<\/li>\n<li data-start=\"97\" data-end=\"181\">\n<p data-start=\"99\" data-end=\"181\"><strong data-start=\"99\" data-end=\"118\">Kollased LED-id<\/strong> optimeeritud kasutamiseks <strong data-start=\"145\" data-end=\"167\" data-is-only-node=\"\">lume, udu ja tolmu<\/strong> tingimustes<\/p>\n<\/li>\n<li data-start=\"182\" data-end=\"256\">\n<p data-start=\"184\" data-end=\"256\"><strong data-start=\"184\" data-end=\"254\">Integreeritud valge ja merevaigukollane positsioonitule funktsioon<\/strong><\/p>\n<\/li>\n<li data-start=\"257\" data-end=\"426\">\n<p data-start=\"259\" data-end=\"426\"><strong data-start=\"259\" data-end=\"275\">Valge valgus<\/strong> vastab <strong data-start=\"283\" data-end=\"323\" data-is-only-node=\"\">ECE Reg 149 (Class B, Driving Light)<\/strong> n\u00f5uetele (E-Boost tehnoloogia) ning <strong data-start=\"360\" data-end=\"371\">Reg 148<\/strong> positsiooni-\/gabariittule standardile (valge re\u017eiim)<\/p>\n<\/li>\n<li data-start=\"427\" data-end=\"522\">\n<p data-start=\"429\" data-end=\"522\">Varustatud <strong data-start=\"440\" data-end=\"485\">eelseadistatud isas-\/emas 2-pin Econoseal<\/strong> ja <strong data-start=\"489\" data-end=\"508\">3-pin Superseal<\/strong> pistikutega<\/p>\n<\/li>\n<li data-start=\"523\" data-end=\"590\">\n<p data-start=\"525\" data-end=\"590\"><strong data-start=\"525\" data-end=\"539\">Komplektis<\/strong>: \u00fche tule juhtmekomplekt (<em data-start=\"566\" data-end=\"587\" data-is-only-node=\"\">One-Lamp Wiring Kit<\/em>)<\/p>\n<\/li>\n<li data-start=\"591\" data-end=\"653\">\n<p data-start=\"593\" data-end=\"653\"><strong data-start=\"593\" data-end=\"607\">Hetkl\u00fcliti<\/strong> v\u00f5imaldab kiiret valgusre\u017eiimide vahetamist<\/p>\n<\/li>\n<li data-start=\"654\" data-end=\"740\">\n<p data-start=\"656\" data-end=\"740\"><strong data-start=\"656\" data-end=\"674\">M\u00e4lufunktsioon<\/strong> taastab eelistatud valgusre\u017eiimi automaatselt igal k\u00e4ivitamisel<\/p>\n<\/li>\n<li data-start=\"741\" data-end=\"801\">\n<p data-start=\"743\" data-end=\"801\">Sisaldab <strong data-start=\"752\" data-end=\"770\">kesk-kinnitust<\/strong> ja <strong data-start=\"774\" data-end=\"799\">k\u00fclgkinnituskomplekti<\/strong><\/p>\n<\/li>\n<li data-start=\"802\" data-end=\"887\">\n<p data-start=\"804\" data-end=\"887\"><strong data-start=\"804\" data-end=\"845\">CAE-optimeeritud soojuseralduss\u00fcsteem<\/strong> parandab soojusjuhtivust ja t\u00f6\u00f6kindlust<\/p>\n<\/li>\n<li data-start=\"888\" data-end=\"1022\">\n<p data-start=\"890\" data-end=\"1022\"><strong data-start=\"890\" data-end=\"916\">Anodeeritud eelt\u00f6\u00f6tlus<\/strong> ja <strong data-start=\"920\" data-end=\"971\" data-is-only-node=\"\">autot\u00f6\u00f6stuse tasemel pulberv\u00e4rvkatte viimistlus<\/strong> tagavad parima korrosiooni- ja kemikaalikindluse<\/p>\n<\/li>\n<li data-start=\"1023\" data-end=\"1112\">\n<p data-start=\"1025\" data-end=\"1112\"><strong data-start=\"1025\" data-end=\"1062\">Elektrooniline termohalduss\u00fcsteem<\/strong> optimeerib valgusvoo ja pikendab LED-ide eluiga<\/p>\n<\/li>\n<li data-start=\"1113\" data-end=\"1164\">\n<p data-start=\"1115\" data-end=\"1164\"><strong data-start=\"1115\" data-end=\"1162\">Purunematu, k\u00f5vakattega pol\u00fckarbonaatl\u00e4\u00e4tse<\/strong><\/p>\n<\/li>\n<li data-start=\"1165\" data-end=\"1223\">\n<p data-start=\"1167\" data-end=\"1223\"><strong data-start=\"1167\" data-end=\"1186\">IP68 veekindlus<\/strong> (t\u00e4ielik kaitse vee ja tolmu eest)<\/p>\n<\/li>\n<li data-start=\"1224\" data-end=\"1250\">\n<p data-start=\"1226\" data-end=\"1250\"><strong data-start=\"1226\" data-end=\"1248\">5-aastane garantii<\/strong><\/p>\n<\/li>\n<li data-start=\"1251\" data-end=\"1297\" data-is-last-node=\"\">\n<p data-start=\"1253\" data-end=\"1297\" data-is-last-node=\"\"><strong data-start=\"1253\" data-end=\"1297\" data-is-last-node=\"\">Disainitud ja toodetud \u00dchendkuningriigis<\/strong><\/p>\n<\/li>\n<\/ul>\n<p>Pakendis:<\/p>\n<ul>\n<li>x1 Triple-R 1250 Elite+ LED Lamp<\/li>\n<li>x2 Centre Mount (1114k)<\/li>\n<li>x2 Wiring Kits (Econoseal &amp; Superseal connections)<\/li>\n<li>x1 Installation Instructions<\/li>\n<\/ul>\n<div class=\"video-shortcode\"><iframe title=\"LAZER LAMPS | Triple-R 1250 Elite+\" width=\"1340\" height=\"754\" src=\"https:\/\/www.youtube.com\/embed\/r89nURJxf2Y?feature=oembed\" frameborder=\"0\" allow=\"accelerometer; autoplay; clipboard-write; encrypted-media; gyroscope; picture-in-picture; web-share\" referrerpolicy=\"strict-origin-when-cross-origin\" allowfullscreen><\/iframe><\/div>\n","protected":false},"excerpt":{"rendered":"<p data-start=\"0\" data-end=\"261\"><strong data-start=\"0\" data-end=\"10\">LAZER Triple-R 1250 Elite+<\/strong> sari t\u00e4histab uut arenguetappi meie k\u00f5rgeima j\u00f5udlusega LED-valgustuslahendustes, pakkudes veelgi paremat valgusv\u00f5imsust, valgusjaotust ja funktsionaalsust. Parandused tulenevad muu hulgas <strong data-start=\"200\" data-end=\"232\">t\u00e4iendavate kollaste LED-ide<\/strong> lisamisest igasse tulesse.<\/p>\n<p data-start=\"263\" data-end=\"288\">Kollased LED-id v\u00f5ivad:<\/p>\n<ul data-start=\"289\" data-end=\"602\">\n<li data-start=\"289\" data-end=\"447\">\n<p data-start=\"291\" data-end=\"447\"><strong data-start=\"291\" data-end=\"307\">t\u00f6\u00f6tada koos<\/strong> juba niigi v\u00f5imsa valge kaugtulevalgusega, luues muljetavaldava \u00f6ise n\u00e4htavuse veidi pehmema ja silmale mugavama v\u00e4rvitemperatuuriga, v\u00f5i<\/p>\n<\/li>\n<li data-start=\"448\" data-end=\"602\">\n<p data-start=\"450\" data-end=\"602\"><strong data-start=\"450\" data-end=\"473\">t\u00f6\u00f6tada iseseisvalt<\/strong>, kusjuures valgus on suunatud <strong data-start=\"504\" data-end=\"541\">kergelt allapoole ja tee \u00e4\u00e4rtesse<\/strong> \u2013 ideaalne lahendus <strong data-start=\"562\" data-end=\"585\">lume, udu v\u00f5i tolmu<\/strong> tingimustesse.<\/p>\n<\/li>\n<\/ul>\n<p data-start=\"604\" data-end=\"712\" data-is-last-node=\"\" data-is-only-node=\"\">Elite+ seeria \u00fchendab seega tippklassi j\u00f5udluse ja mitmek\u00fclgse kasutusmugavuse ka k\u00f5ige keerukamates oludes.<\/p>\n","protected":false},"featured_media":18008,"template":"","meta":{"_acf_changed":false},"mark-ja-mudel":[],"product_brand":[],"product_cat":[682,680],"product_tag":[140],"class_list":{"0":"post-17764","1":"product","2":"type-product","3":"status-publish","4":"has-post-thumbnail","6":"product_cat-led-kaugtuled","7":"product_cat-led-lisatuled-ja-tarvikud","8":"product_tag-tarne-4-5-paeva","10":"first","11":"instock","12":"sale","13":"taxable","14":"shipping-taxable","15":"purchasable","16":"product-type-simple"},"bundled_by":[],"bundle_stock_status":"instock","bundle_stock_quantity":null,"bundle_virtual":false,"bundle_layout":"","bundle_add_to_cart_form_location":"","bundle_editable_in_cart":false,"bundle_sold_individually_context":"","bundle_item_grouping":"","bundle_min_size":"","bundle_max_size":"","bundle_price":[],"bundled_items":[],"bundle_sell_ids":[],"acf":[],"yoast_head":"<!-- This site is optimized with the Yoast SEO plugin v27.3 - https:\/\/yoast.com\/product\/yoast-seo-wordpress\/ -->\n<title>LAZER Triple-R 1250 Elite+ | LED kaugtuled, LED lisatuled ja tarvikud<\/title>\n<meta name=\"description\" content=\"LAZER Triple-R 1250 Elite+ - LED kaugtuled, LED lisatuled ja tarvikud . Autojen, maastureiden ja pakettiautojen lis\u00e4varusteet. Varaosat.\" \/>\n<meta name=\"robots\" content=\"index, follow, max-snippet:-1, max-image-preview:large, max-video-preview:-1\" \/>\n<link rel=\"canonical\" href=\"https:\/\/www.castrum.ee\/fi\/toode\/lazer-triple-r-1250-elite-plus\/\" \/>\n<meta property=\"og:locale\" content=\"fi_FI\" \/>\n<meta property=\"og:type\" content=\"article\" \/>\n<meta property=\"og:title\" content=\"LAZER Triple-R 1250 Elite+ | LED kaugtuled, LED lisatuled ja tarvikud\" \/>\n<meta property=\"og:description\" content=\"LAZER Triple-R 1250 Elite+ - LED kaugtuled, LED lisatuled ja tarvikud . Autojen, maastureiden ja pakettiautojen lis\u00e4varusteet. Varaosat.\" \/>\n<meta property=\"og:url\" content=\"https:\/\/www.castrum.ee\/fi\/toode\/lazer-triple-r-1250-elite-plus\/\" \/>\n<meta property=\"og:site_name\" content=\"Castrum\" \/>\n<meta property=\"article:publisher\" content=\"https:\/\/www.facebook.com\/castrum.ee\" \/>\n<meta property=\"article:modified_time\" content=\"2026-04-10T07:34:07+00:00\" \/>\n<meta property=\"og:image\" content=\"https:\/\/www.castrum.ee\/wp-content\/uploads\/2025\/09\/IMG_9692.jpeg\" \/>\n\t<meta property=\"og:image:width\" content=\"1000\" \/>\n\t<meta property=\"og:image:height\" content=\"750\" \/>\n\t<meta property=\"og:image:type\" content=\"image\/jpeg\" \/>\n<meta name=\"twitter:card\" content=\"summary_large_image\" \/>\n<meta name=\"twitter:label1\" content=\"Arvioitu lukuaika\" \/>\n\t<meta name=\"twitter:data1\" content=\"1 minuutti\" \/>\n<script type=\"application\/ld+json\" class=\"yoast-schema-graph\">{\"@context\":\"https:\\\/\\\/schema.org\",\"@graph\":[{\"@type\":\"WebPage\",\"@id\":\"https:\\\/\\\/www.castrum.ee\\\/fi\\\/toode\\\/lazer-triple-r-1250-elite-plus\\\/\",\"url\":\"https:\\\/\\\/www.castrum.ee\\\/fi\\\/toode\\\/lazer-triple-r-1250-elite-plus\\\/\",\"name\":\"LAZER Triple-R 1250 Elite+ | LED kaugtuled, LED lisatuled ja tarvikud\",\"isPartOf\":{\"@id\":\"https:\\\/\\\/www.castrum.ee\\\/fi\\\/#website\"},\"primaryImageOfPage\":{\"@id\":\"https:\\\/\\\/www.castrum.ee\\\/fi\\\/toode\\\/lazer-triple-r-1250-elite-plus\\\/#primaryimage\"},\"image\":{\"@id\":\"https:\\\/\\\/www.castrum.ee\\\/fi\\\/toode\\\/lazer-triple-r-1250-elite-plus\\\/#primaryimage\"},\"thumbnailUrl\":\"https:\\\/\\\/www.castrum.ee\\\/wp-content\\\/uploads\\\/2025\\\/09\\\/IMG_9692.jpeg\",\"datePublished\":\"2025-09-22T08:27:27+00:00\",\"dateModified\":\"2026-04-10T07:34:07+00:00\",\"description\":\"LAZER Triple-R 1250 Elite+ - LED kaugtuled, LED lisatuled ja tarvikud . Autojen, maastureiden ja pakettiautojen lis\u00e4varusteet. Varaosat.\",\"breadcrumb\":{\"@id\":\"https:\\\/\\\/www.castrum.ee\\\/fi\\\/toode\\\/lazer-triple-r-1250-elite-plus\\\/#breadcrumb\"},\"inLanguage\":\"fi\",\"potentialAction\":[{\"@type\":\"ReadAction\",\"target\":[\"https:\\\/\\\/www.castrum.ee\\\/fi\\\/toode\\\/lazer-triple-r-1250-elite-plus\\\/\"]}]},{\"@type\":\"ImageObject\",\"inLanguage\":\"fi\",\"@id\":\"https:\\\/\\\/www.castrum.ee\\\/fi\\\/toode\\\/lazer-triple-r-1250-elite-plus\\\/#primaryimage\",\"url\":\"https:\\\/\\\/www.castrum.ee\\\/wp-content\\\/uploads\\\/2025\\\/09\\\/IMG_9692.jpeg\",\"contentUrl\":\"https:\\\/\\\/www.castrum.ee\\\/wp-content\\\/uploads\\\/2025\\\/09\\\/IMG_9692.jpeg\",\"width\":1000,\"height\":750},{\"@type\":\"BreadcrumbList\",\"@id\":\"https:\\\/\\\/www.castrum.ee\\\/fi\\\/toode\\\/lazer-triple-r-1250-elite-plus\\\/#breadcrumb\",\"itemListElement\":[{\"@type\":\"ListItem\",\"position\":1,\"name\":\"Home\",\"item\":\"https:\\\/\\\/www.castrum.ee\\\/fi\\\/kotisivu\\\/\"},{\"@type\":\"ListItem\",\"position\":2,\"name\":\"Verkkokauppa\",\"item\":\"https:\\\/\\\/www.castrum.ee\\\/fi\\\/kauppa\\\/\"},{\"@type\":\"ListItem\",\"position\":3,\"name\":\"LAZER Triple-R 1250 Elite+\"}]},{\"@type\":\"WebSite\",\"@id\":\"https:\\\/\\\/www.castrum.ee\\\/fi\\\/#website\",\"url\":\"https:\\\/\\\/www.castrum.ee\\\/fi\\\/\",\"name\":\"Castrum\",\"description\":\"Maasturite, s\u00f5iduautode ja v\u00e4ikebusside lisavarustus\",\"publisher\":{\"@id\":\"https:\\\/\\\/www.castrum.ee\\\/fi\\\/#organization\"},\"potentialAction\":[{\"@type\":\"SearchAction\",\"target\":{\"@type\":\"EntryPoint\",\"urlTemplate\":\"https:\\\/\\\/www.castrum.ee\\\/fi\\\/?s={search_term_string}\"},\"query-input\":{\"@type\":\"PropertyValueSpecification\",\"valueRequired\":true,\"valueName\":\"search_term_string\"}}],\"inLanguage\":\"fi\"},{\"@type\":\"Organization\",\"@id\":\"https:\\\/\\\/www.castrum.ee\\\/fi\\\/#organization\",\"name\":\"Castrum Grupp O\u00dc\",\"url\":\"https:\\\/\\\/www.castrum.ee\\\/fi\\\/\",\"logo\":{\"@type\":\"ImageObject\",\"inLanguage\":\"fi\",\"@id\":\"https:\\\/\\\/www.castrum.ee\\\/fi\\\/#\\\/schema\\\/logo\\\/image\\\/\",\"url\":\"https:\\\/\\\/www.castrum.ee\\\/wp-content\\\/uploads\\\/2025\\\/03\\\/Castrum-logo-500.png\",\"contentUrl\":\"https:\\\/\\\/www.castrum.ee\\\/wp-content\\\/uploads\\\/2025\\\/03\\\/Castrum-logo-500.png\",\"width\":500,\"height\":250,\"caption\":\"Castrum Grupp O\u00dc\"},\"image\":{\"@id\":\"https:\\\/\\\/www.castrum.ee\\\/fi\\\/#\\\/schema\\\/logo\\\/image\\\/\"},\"sameAs\":[\"https:\\\/\\\/www.facebook.com\\\/castrum.ee\"]}]}<\/script>\n<!-- \/ Yoast SEO plugin. -->","yoast_head_json":{"title":"LAZER Triple-R 1250 Elite+ | LED kaugtuled, LED lisatuled ja tarvikud","description":"LAZER Triple-R 1250 Elite+ - LED kaugtuled, LED lisatuled ja tarvikud . Autojen, maastureiden ja pakettiautojen lis\u00e4varusteet. Varaosat.","robots":{"index":"index","follow":"follow","max-snippet":"max-snippet:-1","max-image-preview":"max-image-preview:large","max-video-preview":"max-video-preview:-1"},"canonical":"https:\/\/www.castrum.ee\/fi\/toode\/lazer-triple-r-1250-elite-plus\/","og_locale":"fi_FI","og_type":"article","og_title":"LAZER Triple-R 1250 Elite+ | LED kaugtuled, LED lisatuled ja tarvikud","og_description":"LAZER Triple-R 1250 Elite+ - LED kaugtuled, LED lisatuled ja tarvikud . Autojen, maastureiden ja pakettiautojen lis\u00e4varusteet. Varaosat.","og_url":"https:\/\/www.castrum.ee\/fi\/toode\/lazer-triple-r-1250-elite-plus\/","og_site_name":"Castrum","article_publisher":"https:\/\/www.facebook.com\/castrum.ee","article_modified_time":"2026-04-10T07:34:07+00:00","og_image":[{"width":1000,"height":750,"url":"https:\/\/www.castrum.ee\/wp-content\/uploads\/2025\/09\/IMG_9692.jpeg","type":"image\/jpeg"}],"twitter_card":"summary_large_image","twitter_misc":{"Arvioitu lukuaika":"1 minuutti"},"schema":{"@context":"https:\/\/schema.org","@graph":[{"@type":"WebPage","@id":"https:\/\/www.castrum.ee\/fi\/toode\/lazer-triple-r-1250-elite-plus\/","url":"https:\/\/www.castrum.ee\/fi\/toode\/lazer-triple-r-1250-elite-plus\/","name":"LAZER Triple-R 1250 Elite+ | LED kaugtuled, LED lisatuled ja tarvikud","isPartOf":{"@id":"https:\/\/www.castrum.ee\/fi\/#website"},"primaryImageOfPage":{"@id":"https:\/\/www.castrum.ee\/fi\/toode\/lazer-triple-r-1250-elite-plus\/#primaryimage"},"image":{"@id":"https:\/\/www.castrum.ee\/fi\/toode\/lazer-triple-r-1250-elite-plus\/#primaryimage"},"thumbnailUrl":"https:\/\/www.castrum.ee\/wp-content\/uploads\/2025\/09\/IMG_9692.jpeg","datePublished":"2025-09-22T08:27:27+00:00","dateModified":"2026-04-10T07:34:07+00:00","description":"LAZER Triple-R 1250 Elite+ - LED kaugtuled, LED lisatuled ja tarvikud . Autojen, maastureiden ja pakettiautojen lis\u00e4varusteet. Varaosat.","breadcrumb":{"@id":"https:\/\/www.castrum.ee\/fi\/toode\/lazer-triple-r-1250-elite-plus\/#breadcrumb"},"inLanguage":"fi","potentialAction":[{"@type":"ReadAction","target":["https:\/\/www.castrum.ee\/fi\/toode\/lazer-triple-r-1250-elite-plus\/"]}]},{"@type":"ImageObject","inLanguage":"fi","@id":"https:\/\/www.castrum.ee\/fi\/toode\/lazer-triple-r-1250-elite-plus\/#primaryimage","url":"https:\/\/www.castrum.ee\/wp-content\/uploads\/2025\/09\/IMG_9692.jpeg","contentUrl":"https:\/\/www.castrum.ee\/wp-content\/uploads\/2025\/09\/IMG_9692.jpeg","width":1000,"height":750},{"@type":"BreadcrumbList","@id":"https:\/\/www.castrum.ee\/fi\/toode\/lazer-triple-r-1250-elite-plus\/#breadcrumb","itemListElement":[{"@type":"ListItem","position":1,"name":"Home","item":"https:\/\/www.castrum.ee\/fi\/kotisivu\/"},{"@type":"ListItem","position":2,"name":"Verkkokauppa","item":"https:\/\/www.castrum.ee\/fi\/kauppa\/"},{"@type":"ListItem","position":3,"name":"LAZER Triple-R 1250 Elite+"}]},{"@type":"WebSite","@id":"https:\/\/www.castrum.ee\/fi\/#website","url":"https:\/\/www.castrum.ee\/fi\/","name":"Castrum","description":"Maasturite, s\u00f5iduautode ja v\u00e4ikebusside lisavarustus","publisher":{"@id":"https:\/\/www.castrum.ee\/fi\/#organization"},"potentialAction":[{"@type":"SearchAction","target":{"@type":"EntryPoint","urlTemplate":"https:\/\/www.castrum.ee\/fi\/?s={search_term_string}"},"query-input":{"@type":"PropertyValueSpecification","valueRequired":true,"valueName":"search_term_string"}}],"inLanguage":"fi"},{"@type":"Organization","@id":"https:\/\/www.castrum.ee\/fi\/#organization","name":"Castrum Grupp O\u00dc","url":"https:\/\/www.castrum.ee\/fi\/","logo":{"@type":"ImageObject","inLanguage":"fi","@id":"https:\/\/www.castrum.ee\/fi\/#\/schema\/logo\/image\/","url":"https:\/\/www.castrum.ee\/wp-content\/uploads\/2025\/03\/Castrum-logo-500.png","contentUrl":"https:\/\/www.castrum.ee\/wp-content\/uploads\/2025\/03\/Castrum-logo-500.png","width":500,"height":250,"caption":"Castrum Grupp O\u00dc"},"image":{"@id":"https:\/\/www.castrum.ee\/fi\/#\/schema\/logo\/image\/"},"sameAs":["https:\/\/www.facebook.com\/castrum.ee"]}]}},"_links":{"self":[{"href":"https:\/\/www.castrum.ee\/fi\/wp-json\/wp\/v2\/product\/17764","targetHints":{"allow":["GET"]}}],"collection":[{"href":"https:\/\/www.castrum.ee\/fi\/wp-json\/wp\/v2\/product"}],"about":[{"href":"https:\/\/www.castrum.ee\/fi\/wp-json\/wp\/v2\/types\/product"}],"wp:featuredmedia":[{"embeddable":true,"href":"https:\/\/www.castrum.ee\/fi\/wp-json\/wp\/v2\/media\/18008"}],"wp:attachment":[{"href":"https:\/\/www.castrum.ee\/fi\/wp-json\/wp\/v2\/media?parent=17764"}],"wp:term":[{"taxonomy":"mark-ja-mudel","embeddable":true,"href":"https:\/\/www.castrum.ee\/fi\/wp-json\/wp\/v2\/mark-ja-mudel?post=17764"},{"taxonomy":"product_brand","embeddable":true,"href":"https:\/\/www.castrum.ee\/fi\/wp-json\/wp\/v2\/product_brand?post=17764"},{"taxonomy":"product_cat","embeddable":true,"href":"https:\/\/www.castrum.ee\/fi\/wp-json\/wp\/v2\/product_cat?post=17764"},{"taxonomy":"product_tag","embeddable":true,"href":"https:\/\/www.castrum.ee\/fi\/wp-json\/wp\/v2\/product_tag?post=17764"}],"curies":[{"name":"wp","href":"https:\/\/api.w.org\/{rel}","templated":true}]}}