{"id":18259,"date":"2025-09-22T09:38:32","date_gmt":"2025-09-22T09:38:32","guid":{"rendered":"https:\/\/castrum.hume.ee\/?post_type=product&#038;p=18259"},"modified":"2025-09-22T09:38:56","modified_gmt":"2025-09-22T09:38:56","slug":"vints-warn-vr-evo-12-s-12000-lbs-sunt-nooriga","status":"publish","type":"product","link":"https:\/\/www.castrum.ee\/fi\/toode\/vints-warn-vr-evo-12-s-12000-lbs-sunt-nooriga\/","title":{"rendered":"Vints Warn VR EVO 12-S 12000 lbs, s\u00fcnt. n\u00f6\u00f6riga."},"content":{"rendered":"<ul>\n<li>V\u00f5imas mootor ja planetaar\u00fclekanne tagavad koormuse all suurema liinikiiruse.<\/li>\n<li>K\u00f5rge j\u00f5udlusega Albrighti kontaktor tagab maksimaalse t\u00f6\u00f6kindluse<\/li>\n<li>Vastupidav \u00fches t\u00fckis valatud alumiiniumist sideplaat tugevuse ja vastupidavuse suurendamiseks<\/li>\n<li>Kaks-\u00fches kaugjuhtimispult, millel on juhtmega ja juhtmevabad valikud kasutuslihtsuse ja mitmek\u00fclgsuse tagamiseks<\/li>\n<li>IP68-klassi veekindel vintsikonstruktsioon<\/li>\n<li>12 000 naela n\u00f6\u00f6rit\u00f5mbej\u00f5ud<\/li>\n<li>N\u00f6\u00f6ri pikkus 27,4 m<\/li>\n<\/ul>\n<p>Pakendis:<\/p>\n<ul>\n<li>Vints VR EVO 12-S<\/li>\n<li>Kaugjuhtimispult<\/li>\n<li>S\u00fcnt. n\u00f6\u00f6r<\/li>\n<\/ul>\n","protected":false},"excerpt":{"rendered":"<p>V\u00f5imas mootor ja planetaar\u00fclekanne tagavad koormuse all suurema liinikiiruse. K\u00f5rge  [&#8230;]<\/p>\n","protected":false},"featured_media":18335,"template":"","meta":{"_acf_changed":false},"mark-ja-mudel":[],"product_brand":[],"product_cat":[686,685],"product_tag":[140],"class_list":{"0":"post-18259","1":"product","2":"type-product","3":"status-publish","4":"has-post-thumbnail","6":"product_cat-vintsid-ja-tarvikud","7":"product_cat-vintsid-tarvikud","8":"product_tag-tarne-4-5-paeva","10":"first","11":"instock","12":"taxable","13":"shipping-taxable","14":"purchasable","15":"product-type-simple"},"bundled_by":[],"bundle_stock_status":"instock","bundle_stock_quantity":null,"bundle_virtual":false,"bundle_layout":"","bundle_add_to_cart_form_location":"","bundle_editable_in_cart":false,"bundle_sold_individually_context":"","bundle_item_grouping":"","bundle_min_size":"","bundle_max_size":"","bundle_price":[],"bundled_items":[],"bundle_sell_ids":[],"acf":[],"yoast_head":"<!-- This site is optimized with the Yoast SEO plugin v27.3 - https:\/\/yoast.com\/product\/yoast-seo-wordpress\/ -->\n<title>Vints Warn VR EVO 12-S 12000 lbs, s\u00fcnt. n\u00f6\u00f6riga. | Vintsid ja tarvikud, Vintsid ja vintsitarvikud<\/title>\n<meta name=\"description\" content=\"Vints Warn VR EVO 12-S 12000 lbs, s\u00fcnt. n\u00f6\u00f6riga. - Vintsid ja tarvikud, Vintsid ja vintsitarvikud . Autojen, maastureiden ja pakettiautojen lis\u00e4varusteet. Varaosat.\" \/>\n<meta name=\"robots\" content=\"index, follow, max-snippet:-1, max-image-preview:large, max-video-preview:-1\" \/>\n<link rel=\"canonical\" href=\"https:\/\/www.castrum.ee\/fi\/toode\/vints-warn-vr-evo-12-s-12000-lbs-sunt-nooriga\/\" \/>\n<meta property=\"og:locale\" content=\"fi_FI\" \/>\n<meta property=\"og:type\" content=\"article\" \/>\n<meta property=\"og:title\" content=\"Vints Warn VR EVO 12-S 12000 lbs, s\u00fcnt. n\u00f6\u00f6riga. | Vintsid ja tarvikud, Vintsid ja vintsitarvikud\" \/>\n<meta property=\"og:description\" content=\"Vints Warn VR EVO 12-S 12000 lbs, s\u00fcnt. n\u00f6\u00f6riga. - Vintsid ja tarvikud, Vintsid ja vintsitarvikud . Autojen, maastureiden ja pakettiautojen lis\u00e4varusteet. Varaosat.\" \/>\n<meta property=\"og:url\" content=\"https:\/\/www.castrum.ee\/fi\/toode\/vints-warn-vr-evo-12-s-12000-lbs-sunt-nooriga\/\" \/>\n<meta property=\"og:site_name\" content=\"Castrum\" \/>\n<meta property=\"article:publisher\" content=\"https:\/\/www.facebook.com\/castrum.ee\" \/>\n<meta property=\"article:modified_time\" content=\"2025-09-22T09:38:56+00:00\" \/>\n<meta property=\"og:image\" content=\"https:\/\/www.castrum.ee\/wp-content\/uploads\/2025\/09\/eng_pl_Winch-with-synthetic-rope-12-000-lbs-Warn-VR-EVO-12-S-6307_1.jpg\" \/>\n\t<meta property=\"og:image:width\" content=\"750\" \/>\n\t<meta property=\"og:image:height\" content=\"750\" \/>\n\t<meta property=\"og:image:type\" content=\"image\/jpeg\" \/>\n<meta name=\"twitter:card\" content=\"summary_large_image\" \/>\n<script type=\"application\/ld+json\" class=\"yoast-schema-graph\">{\"@context\":\"https:\\\/\\\/schema.org\",\"@graph\":[{\"@type\":\"WebPage\",\"@id\":\"https:\\\/\\\/www.castrum.ee\\\/fi\\\/toode\\\/vints-warn-vr-evo-12-s-12000-lbs-sunt-nooriga\\\/\",\"url\":\"https:\\\/\\\/www.castrum.ee\\\/fi\\\/toode\\\/vints-warn-vr-evo-12-s-12000-lbs-sunt-nooriga\\\/\",\"name\":\"Vints Warn VR EVO 12-S 12000 lbs, s\u00fcnt. n\u00f6\u00f6riga. | Vintsid ja tarvikud, Vintsid ja vintsitarvikud\",\"isPartOf\":{\"@id\":\"https:\\\/\\\/www.castrum.ee\\\/fi\\\/#website\"},\"primaryImageOfPage\":{\"@id\":\"https:\\\/\\\/www.castrum.ee\\\/fi\\\/toode\\\/vints-warn-vr-evo-12-s-12000-lbs-sunt-nooriga\\\/#primaryimage\"},\"image\":{\"@id\":\"https:\\\/\\\/www.castrum.ee\\\/fi\\\/toode\\\/vints-warn-vr-evo-12-s-12000-lbs-sunt-nooriga\\\/#primaryimage\"},\"thumbnailUrl\":\"https:\\\/\\\/www.castrum.ee\\\/wp-content\\\/uploads\\\/2025\\\/09\\\/eng_pl_Winch-with-synthetic-rope-12-000-lbs-Warn-VR-EVO-12-S-6307_1.jpg\",\"datePublished\":\"2025-09-22T09:38:32+00:00\",\"dateModified\":\"2025-09-22T09:38:56+00:00\",\"description\":\"Vints Warn VR EVO 12-S 12000 lbs, s\u00fcnt. n\u00f6\u00f6riga. - Vintsid ja tarvikud, Vintsid ja vintsitarvikud . Autojen, maastureiden ja pakettiautojen lis\u00e4varusteet. Varaosat.\",\"breadcrumb\":{\"@id\":\"https:\\\/\\\/www.castrum.ee\\\/fi\\\/toode\\\/vints-warn-vr-evo-12-s-12000-lbs-sunt-nooriga\\\/#breadcrumb\"},\"inLanguage\":\"fi\",\"potentialAction\":[{\"@type\":\"ReadAction\",\"target\":[\"https:\\\/\\\/www.castrum.ee\\\/fi\\\/toode\\\/vints-warn-vr-evo-12-s-12000-lbs-sunt-nooriga\\\/\"]}]},{\"@type\":\"ImageObject\",\"inLanguage\":\"fi\",\"@id\":\"https:\\\/\\\/www.castrum.ee\\\/fi\\\/toode\\\/vints-warn-vr-evo-12-s-12000-lbs-sunt-nooriga\\\/#primaryimage\",\"url\":\"https:\\\/\\\/www.castrum.ee\\\/wp-content\\\/uploads\\\/2025\\\/09\\\/eng_pl_Winch-with-synthetic-rope-12-000-lbs-Warn-VR-EVO-12-S-6307_1.jpg\",\"contentUrl\":\"https:\\\/\\\/www.castrum.ee\\\/wp-content\\\/uploads\\\/2025\\\/09\\\/eng_pl_Winch-with-synthetic-rope-12-000-lbs-Warn-VR-EVO-12-S-6307_1.jpg\",\"width\":750,\"height\":750},{\"@type\":\"BreadcrumbList\",\"@id\":\"https:\\\/\\\/www.castrum.ee\\\/fi\\\/toode\\\/vints-warn-vr-evo-12-s-12000-lbs-sunt-nooriga\\\/#breadcrumb\",\"itemListElement\":[{\"@type\":\"ListItem\",\"position\":1,\"name\":\"Home\",\"item\":\"https:\\\/\\\/www.castrum.ee\\\/fi\\\/kotisivu\\\/\"},{\"@type\":\"ListItem\",\"position\":2,\"name\":\"Verkkokauppa\",\"item\":\"https:\\\/\\\/www.castrum.ee\\\/fi\\\/kauppa\\\/\"},{\"@type\":\"ListItem\",\"position\":3,\"name\":\"Vints Warn VR EVO 12-S 12000 lbs, s\u00fcnt. n\u00f6\u00f6riga.\"}]},{\"@type\":\"WebSite\",\"@id\":\"https:\\\/\\\/www.castrum.ee\\\/fi\\\/#website\",\"url\":\"https:\\\/\\\/www.castrum.ee\\\/fi\\\/\",\"name\":\"Castrum\",\"description\":\"Maasturite, s\u00f5iduautode ja v\u00e4ikebusside lisavarustus\",\"publisher\":{\"@id\":\"https:\\\/\\\/www.castrum.ee\\\/fi\\\/#organization\"},\"potentialAction\":[{\"@type\":\"SearchAction\",\"target\":{\"@type\":\"EntryPoint\",\"urlTemplate\":\"https:\\\/\\\/www.castrum.ee\\\/fi\\\/?s={search_term_string}\"},\"query-input\":{\"@type\":\"PropertyValueSpecification\",\"valueRequired\":true,\"valueName\":\"search_term_string\"}}],\"inLanguage\":\"fi\"},{\"@type\":\"Organization\",\"@id\":\"https:\\\/\\\/www.castrum.ee\\\/fi\\\/#organization\",\"name\":\"Castrum Grupp O\u00dc\",\"url\":\"https:\\\/\\\/www.castrum.ee\\\/fi\\\/\",\"logo\":{\"@type\":\"ImageObject\",\"inLanguage\":\"fi\",\"@id\":\"https:\\\/\\\/www.castrum.ee\\\/fi\\\/#\\\/schema\\\/logo\\\/image\\\/\",\"url\":\"https:\\\/\\\/www.castrum.ee\\\/wp-content\\\/uploads\\\/2025\\\/03\\\/Castrum-logo-500.png\",\"contentUrl\":\"https:\\\/\\\/www.castrum.ee\\\/wp-content\\\/uploads\\\/2025\\\/03\\\/Castrum-logo-500.png\",\"width\":500,\"height\":250,\"caption\":\"Castrum Grupp O\u00dc\"},\"image\":{\"@id\":\"https:\\\/\\\/www.castrum.ee\\\/fi\\\/#\\\/schema\\\/logo\\\/image\\\/\"},\"sameAs\":[\"https:\\\/\\\/www.facebook.com\\\/castrum.ee\"]}]}<\/script>\n<!-- \/ Yoast SEO plugin. -->","yoast_head_json":{"title":"Vints Warn VR EVO 12-S 12000 lbs, s\u00fcnt. n\u00f6\u00f6riga. | Vintsid ja tarvikud, Vintsid ja vintsitarvikud","description":"Vints Warn VR EVO 12-S 12000 lbs, s\u00fcnt. n\u00f6\u00f6riga. - Vintsid ja tarvikud, Vintsid ja vintsitarvikud . Autojen, maastureiden ja pakettiautojen lis\u00e4varusteet. Varaosat.","robots":{"index":"index","follow":"follow","max-snippet":"max-snippet:-1","max-image-preview":"max-image-preview:large","max-video-preview":"max-video-preview:-1"},"canonical":"https:\/\/www.castrum.ee\/fi\/toode\/vints-warn-vr-evo-12-s-12000-lbs-sunt-nooriga\/","og_locale":"fi_FI","og_type":"article","og_title":"Vints Warn VR EVO 12-S 12000 lbs, s\u00fcnt. n\u00f6\u00f6riga. | Vintsid ja tarvikud, Vintsid ja vintsitarvikud","og_description":"Vints Warn VR EVO 12-S 12000 lbs, s\u00fcnt. n\u00f6\u00f6riga. - Vintsid ja tarvikud, Vintsid ja vintsitarvikud . Autojen, maastureiden ja pakettiautojen lis\u00e4varusteet. Varaosat.","og_url":"https:\/\/www.castrum.ee\/fi\/toode\/vints-warn-vr-evo-12-s-12000-lbs-sunt-nooriga\/","og_site_name":"Castrum","article_publisher":"https:\/\/www.facebook.com\/castrum.ee","article_modified_time":"2025-09-22T09:38:56+00:00","og_image":[{"width":750,"height":750,"url":"https:\/\/www.castrum.ee\/wp-content\/uploads\/2025\/09\/eng_pl_Winch-with-synthetic-rope-12-000-lbs-Warn-VR-EVO-12-S-6307_1.jpg","type":"image\/jpeg"}],"twitter_card":"summary_large_image","schema":{"@context":"https:\/\/schema.org","@graph":[{"@type":"WebPage","@id":"https:\/\/www.castrum.ee\/fi\/toode\/vints-warn-vr-evo-12-s-12000-lbs-sunt-nooriga\/","url":"https:\/\/www.castrum.ee\/fi\/toode\/vints-warn-vr-evo-12-s-12000-lbs-sunt-nooriga\/","name":"Vints Warn VR EVO 12-S 12000 lbs, s\u00fcnt. n\u00f6\u00f6riga. | Vintsid ja tarvikud, Vintsid ja vintsitarvikud","isPartOf":{"@id":"https:\/\/www.castrum.ee\/fi\/#website"},"primaryImageOfPage":{"@id":"https:\/\/www.castrum.ee\/fi\/toode\/vints-warn-vr-evo-12-s-12000-lbs-sunt-nooriga\/#primaryimage"},"image":{"@id":"https:\/\/www.castrum.ee\/fi\/toode\/vints-warn-vr-evo-12-s-12000-lbs-sunt-nooriga\/#primaryimage"},"thumbnailUrl":"https:\/\/www.castrum.ee\/wp-content\/uploads\/2025\/09\/eng_pl_Winch-with-synthetic-rope-12-000-lbs-Warn-VR-EVO-12-S-6307_1.jpg","datePublished":"2025-09-22T09:38:32+00:00","dateModified":"2025-09-22T09:38:56+00:00","description":"Vints Warn VR EVO 12-S 12000 lbs, s\u00fcnt. n\u00f6\u00f6riga. - Vintsid ja tarvikud, Vintsid ja vintsitarvikud . Autojen, maastureiden ja pakettiautojen lis\u00e4varusteet. Varaosat.","breadcrumb":{"@id":"https:\/\/www.castrum.ee\/fi\/toode\/vints-warn-vr-evo-12-s-12000-lbs-sunt-nooriga\/#breadcrumb"},"inLanguage":"fi","potentialAction":[{"@type":"ReadAction","target":["https:\/\/www.castrum.ee\/fi\/toode\/vints-warn-vr-evo-12-s-12000-lbs-sunt-nooriga\/"]}]},{"@type":"ImageObject","inLanguage":"fi","@id":"https:\/\/www.castrum.ee\/fi\/toode\/vints-warn-vr-evo-12-s-12000-lbs-sunt-nooriga\/#primaryimage","url":"https:\/\/www.castrum.ee\/wp-content\/uploads\/2025\/09\/eng_pl_Winch-with-synthetic-rope-12-000-lbs-Warn-VR-EVO-12-S-6307_1.jpg","contentUrl":"https:\/\/www.castrum.ee\/wp-content\/uploads\/2025\/09\/eng_pl_Winch-with-synthetic-rope-12-000-lbs-Warn-VR-EVO-12-S-6307_1.jpg","width":750,"height":750},{"@type":"BreadcrumbList","@id":"https:\/\/www.castrum.ee\/fi\/toode\/vints-warn-vr-evo-12-s-12000-lbs-sunt-nooriga\/#breadcrumb","itemListElement":[{"@type":"ListItem","position":1,"name":"Home","item":"https:\/\/www.castrum.ee\/fi\/kotisivu\/"},{"@type":"ListItem","position":2,"name":"Verkkokauppa","item":"https:\/\/www.castrum.ee\/fi\/kauppa\/"},{"@type":"ListItem","position":3,"name":"Vints Warn VR EVO 12-S 12000 lbs, s\u00fcnt. n\u00f6\u00f6riga."}]},{"@type":"WebSite","@id":"https:\/\/www.castrum.ee\/fi\/#website","url":"https:\/\/www.castrum.ee\/fi\/","name":"Castrum","description":"Maasturite, s\u00f5iduautode ja v\u00e4ikebusside lisavarustus","publisher":{"@id":"https:\/\/www.castrum.ee\/fi\/#organization"},"potentialAction":[{"@type":"SearchAction","target":{"@type":"EntryPoint","urlTemplate":"https:\/\/www.castrum.ee\/fi\/?s={search_term_string}"},"query-input":{"@type":"PropertyValueSpecification","valueRequired":true,"valueName":"search_term_string"}}],"inLanguage":"fi"},{"@type":"Organization","@id":"https:\/\/www.castrum.ee\/fi\/#organization","name":"Castrum Grupp O\u00dc","url":"https:\/\/www.castrum.ee\/fi\/","logo":{"@type":"ImageObject","inLanguage":"fi","@id":"https:\/\/www.castrum.ee\/fi\/#\/schema\/logo\/image\/","url":"https:\/\/www.castrum.ee\/wp-content\/uploads\/2025\/03\/Castrum-logo-500.png","contentUrl":"https:\/\/www.castrum.ee\/wp-content\/uploads\/2025\/03\/Castrum-logo-500.png","width":500,"height":250,"caption":"Castrum Grupp O\u00dc"},"image":{"@id":"https:\/\/www.castrum.ee\/fi\/#\/schema\/logo\/image\/"},"sameAs":["https:\/\/www.facebook.com\/castrum.ee"]}]}},"_links":{"self":[{"href":"https:\/\/www.castrum.ee\/fi\/wp-json\/wp\/v2\/product\/18259","targetHints":{"allow":["GET"]}}],"collection":[{"href":"https:\/\/www.castrum.ee\/fi\/wp-json\/wp\/v2\/product"}],"about":[{"href":"https:\/\/www.castrum.ee\/fi\/wp-json\/wp\/v2\/types\/product"}],"wp:featuredmedia":[{"embeddable":true,"href":"https:\/\/www.castrum.ee\/fi\/wp-json\/wp\/v2\/media\/18335"}],"wp:attachment":[{"href":"https:\/\/www.castrum.ee\/fi\/wp-json\/wp\/v2\/media?parent=18259"}],"wp:term":[{"taxonomy":"mark-ja-mudel","embeddable":true,"href":"https:\/\/www.castrum.ee\/fi\/wp-json\/wp\/v2\/mark-ja-mudel?post=18259"},{"taxonomy":"product_brand","embeddable":true,"href":"https:\/\/www.castrum.ee\/fi\/wp-json\/wp\/v2\/product_brand?post=18259"},{"taxonomy":"product_cat","embeddable":true,"href":"https:\/\/www.castrum.ee\/fi\/wp-json\/wp\/v2\/product_cat?post=18259"},{"taxonomy":"product_tag","embeddable":true,"href":"https:\/\/www.castrum.ee\/fi\/wp-json\/wp\/v2\/product_tag?post=18259"}],"curies":[{"name":"wp","href":"https:\/\/api.w.org\/{rel}","templated":true}]}}