{"id":18265,"date":"2025-09-22T09:38:33","date_gmt":"2025-09-22T09:38:33","guid":{"rendered":"https:\/\/castrum.hume.ee\/?post_type=product&#038;p=18265"},"modified":"2025-09-22T09:39:32","modified_gmt":"2025-09-22T09:39:32","slug":"vints-more4x4-pro-13000-12v-noori-ja-rullikuteta-2-in-1-puldiga","status":"publish","type":"product","link":"https:\/\/www.castrum.ee\/fi\/toode\/vints-more4x4-pro-13000-12v-noori-ja-rullikuteta-2-in-1-puldiga\/","title":{"rendered":"Vints More4x4 PRO 13000 12V, n\u00f6\u00f6ri ja rullikuteta, 2 in 1 puldiga"},"content":{"rendered":"<p>Garantii 5 aastat<\/p>\n<p>Tehnilised andmed:<br \/>\nMaksimaalne t\u00f5mbej\u00f5ud: 5897 kg (13 000 naela)<br \/>\nMootor: 6,7 hj \/ 4,9 kW<br \/>\nToide: DC 12V<br \/>\nJuhtimine: pult 3,7 m kaablil, juhtmevaba pult<br \/>\nK\u00e4igukast: planetaarne, kolmeastmeline<br \/>\n\u00dclekandearv: 218,4:1<br \/>\nPidur: automaatne, sisseehitatud trumlisse<br \/>\nTrumli suurus: l\u00e4bim\u00f5\u00f5t: 64 mm, pikkus: 224 mm<br \/>\nAku: soovitatav aku min. 64 Ah<br \/>\nToitejuhtmed: 38,5 mm2, pikkus 183 cm<br \/>\nKaal: 21,0 kg<br \/>\nM\u00f5\u00f5dud P x S x K (K koos kangiga): 535 x 165 x 230 mm<br \/>\nPoltide vahe: 254 x 114 mm<\/p>\n","protected":false},"excerpt":{"rendered":"<p>Garantii 5 aastat Tehnilised andmed: Maksimaalne t\u00f5mbej\u00f5ud: 5897 kg (13  [&#8230;]<\/p>\n","protected":false},"featured_media":18425,"template":"","meta":{"_acf_changed":false},"mark-ja-mudel":[],"product_brand":[],"product_cat":[686,685],"product_tag":[],"class_list":{"0":"post-18265","1":"product","2":"type-product","3":"status-publish","4":"has-post-thumbnail","6":"product_cat-vintsid-ja-tarvikud","7":"product_cat-vintsid-tarvikud","9":"first","10":"instock","11":"taxable","12":"shipping-taxable","13":"purchasable","14":"product-type-simple"},"bundled_by":[],"bundle_stock_status":"instock","bundle_stock_quantity":null,"bundle_virtual":false,"bundle_layout":"","bundle_add_to_cart_form_location":"","bundle_editable_in_cart":false,"bundle_sold_individually_context":"","bundle_item_grouping":"","bundle_min_size":"","bundle_max_size":"","bundle_price":[],"bundled_items":[],"bundle_sell_ids":[],"acf":[],"yoast_head":"<!-- This site is optimized with the Yoast SEO plugin v27.3 - https:\/\/yoast.com\/product\/yoast-seo-wordpress\/ -->\n<title>Vints More4x4 PRO 13000 12V, n\u00f6\u00f6ri ja rullikuteta, 2 in 1 puldiga | Vintsid ja tarvikud, Vintsid ja vintsitarvikud<\/title>\n<meta name=\"description\" content=\"Vints More4x4 PRO 13000 12V, n\u00f6\u00f6ri ja rullikuteta, 2 in 1 puldiga - Vintsid ja tarvikud, Vintsid ja vintsitarvikud . Autojen, maastureiden ja pakettiautojen lis\u00e4varusteet. Varaosat.\" \/>\n<meta name=\"robots\" content=\"index, follow, max-snippet:-1, max-image-preview:large, max-video-preview:-1\" \/>\n<link rel=\"canonical\" href=\"https:\/\/www.castrum.ee\/fi\/toode\/vints-more4x4-pro-13000-12v-noori-ja-rullikuteta-2-in-1-puldiga\/\" \/>\n<meta property=\"og:locale\" content=\"fi_FI\" \/>\n<meta property=\"og:type\" content=\"article\" \/>\n<meta property=\"og:title\" content=\"Vints More4x4 PRO 13000 12V, n\u00f6\u00f6ri ja rullikuteta, 2 in 1 puldiga | Vintsid ja tarvikud, Vintsid ja vintsitarvikud\" \/>\n<meta property=\"og:description\" content=\"Vints More4x4 PRO 13000 12V, n\u00f6\u00f6ri ja rullikuteta, 2 in 1 puldiga - Vintsid ja tarvikud, Vintsid ja vintsitarvikud . Autojen, maastureiden ja pakettiautojen lis\u00e4varusteet. Varaosat.\" \/>\n<meta property=\"og:url\" content=\"https:\/\/www.castrum.ee\/fi\/toode\/vints-more4x4-pro-13000-12v-noori-ja-rullikuteta-2-in-1-puldiga\/\" \/>\n<meta property=\"og:site_name\" content=\"Castrum\" \/>\n<meta property=\"article:publisher\" content=\"https:\/\/www.facebook.com\/castrum.ee\" \/>\n<meta property=\"article:modified_time\" content=\"2025-09-22T09:39:32+00:00\" \/>\n<meta property=\"og:image\" content=\"https:\/\/www.castrum.ee\/wp-content\/uploads\/2025\/09\/102-wyciagarka-more-4x4-pro-13000lbs-12v.-bez-liny-i-rolek.-pilot-bp.jpg\" \/>\n\t<meta property=\"og:image:width\" content=\"380\" \/>\n\t<meta property=\"og:image:height\" content=\"253\" \/>\n\t<meta property=\"og:image:type\" content=\"image\/jpeg\" \/>\n<meta name=\"twitter:card\" content=\"summary_large_image\" \/>\n<script type=\"application\/ld+json\" class=\"yoast-schema-graph\">{\"@context\":\"https:\\\/\\\/schema.org\",\"@graph\":[{\"@type\":\"WebPage\",\"@id\":\"https:\\\/\\\/www.castrum.ee\\\/fi\\\/toode\\\/vints-more4x4-pro-13000-12v-noori-ja-rullikuteta-2-in-1-puldiga\\\/\",\"url\":\"https:\\\/\\\/www.castrum.ee\\\/fi\\\/toode\\\/vints-more4x4-pro-13000-12v-noori-ja-rullikuteta-2-in-1-puldiga\\\/\",\"name\":\"Vints More4x4 PRO 13000 12V, n\u00f6\u00f6ri ja rullikuteta, 2 in 1 puldiga | Vintsid ja tarvikud, Vintsid ja vintsitarvikud\",\"isPartOf\":{\"@id\":\"https:\\\/\\\/www.castrum.ee\\\/fi\\\/#website\"},\"primaryImageOfPage\":{\"@id\":\"https:\\\/\\\/www.castrum.ee\\\/fi\\\/toode\\\/vints-more4x4-pro-13000-12v-noori-ja-rullikuteta-2-in-1-puldiga\\\/#primaryimage\"},\"image\":{\"@id\":\"https:\\\/\\\/www.castrum.ee\\\/fi\\\/toode\\\/vints-more4x4-pro-13000-12v-noori-ja-rullikuteta-2-in-1-puldiga\\\/#primaryimage\"},\"thumbnailUrl\":\"https:\\\/\\\/www.castrum.ee\\\/wp-content\\\/uploads\\\/2025\\\/09\\\/102-wyciagarka-more-4x4-pro-13000lbs-12v.-bez-liny-i-rolek.-pilot-bp.jpg\",\"datePublished\":\"2025-09-22T09:38:33+00:00\",\"dateModified\":\"2025-09-22T09:39:32+00:00\",\"description\":\"Vints More4x4 PRO 13000 12V, n\u00f6\u00f6ri ja rullikuteta, 2 in 1 puldiga - Vintsid ja tarvikud, Vintsid ja vintsitarvikud . Autojen, maastureiden ja pakettiautojen lis\u00e4varusteet. Varaosat.\",\"breadcrumb\":{\"@id\":\"https:\\\/\\\/www.castrum.ee\\\/fi\\\/toode\\\/vints-more4x4-pro-13000-12v-noori-ja-rullikuteta-2-in-1-puldiga\\\/#breadcrumb\"},\"inLanguage\":\"fi\",\"potentialAction\":[{\"@type\":\"ReadAction\",\"target\":[\"https:\\\/\\\/www.castrum.ee\\\/fi\\\/toode\\\/vints-more4x4-pro-13000-12v-noori-ja-rullikuteta-2-in-1-puldiga\\\/\"]}]},{\"@type\":\"ImageObject\",\"inLanguage\":\"fi\",\"@id\":\"https:\\\/\\\/www.castrum.ee\\\/fi\\\/toode\\\/vints-more4x4-pro-13000-12v-noori-ja-rullikuteta-2-in-1-puldiga\\\/#primaryimage\",\"url\":\"https:\\\/\\\/www.castrum.ee\\\/wp-content\\\/uploads\\\/2025\\\/09\\\/102-wyciagarka-more-4x4-pro-13000lbs-12v.-bez-liny-i-rolek.-pilot-bp.jpg\",\"contentUrl\":\"https:\\\/\\\/www.castrum.ee\\\/wp-content\\\/uploads\\\/2025\\\/09\\\/102-wyciagarka-more-4x4-pro-13000lbs-12v.-bez-liny-i-rolek.-pilot-bp.jpg\",\"width\":380,\"height\":253},{\"@type\":\"BreadcrumbList\",\"@id\":\"https:\\\/\\\/www.castrum.ee\\\/fi\\\/toode\\\/vints-more4x4-pro-13000-12v-noori-ja-rullikuteta-2-in-1-puldiga\\\/#breadcrumb\",\"itemListElement\":[{\"@type\":\"ListItem\",\"position\":1,\"name\":\"Home\",\"item\":\"https:\\\/\\\/www.castrum.ee\\\/fi\\\/kotisivu\\\/\"},{\"@type\":\"ListItem\",\"position\":2,\"name\":\"Verkkokauppa\",\"item\":\"https:\\\/\\\/www.castrum.ee\\\/fi\\\/kauppa\\\/\"},{\"@type\":\"ListItem\",\"position\":3,\"name\":\"Vints More4x4 PRO 13000 12V, n\u00f6\u00f6ri ja rullikuteta, 2 in 1 puldiga\"}]},{\"@type\":\"WebSite\",\"@id\":\"https:\\\/\\\/www.castrum.ee\\\/fi\\\/#website\",\"url\":\"https:\\\/\\\/www.castrum.ee\\\/fi\\\/\",\"name\":\"Castrum\",\"description\":\"Maasturite, s\u00f5iduautode ja v\u00e4ikebusside lisavarustus\",\"publisher\":{\"@id\":\"https:\\\/\\\/www.castrum.ee\\\/fi\\\/#organization\"},\"potentialAction\":[{\"@type\":\"SearchAction\",\"target\":{\"@type\":\"EntryPoint\",\"urlTemplate\":\"https:\\\/\\\/www.castrum.ee\\\/fi\\\/?s={search_term_string}\"},\"query-input\":{\"@type\":\"PropertyValueSpecification\",\"valueRequired\":true,\"valueName\":\"search_term_string\"}}],\"inLanguage\":\"fi\"},{\"@type\":\"Organization\",\"@id\":\"https:\\\/\\\/www.castrum.ee\\\/fi\\\/#organization\",\"name\":\"Castrum Grupp O\u00dc\",\"url\":\"https:\\\/\\\/www.castrum.ee\\\/fi\\\/\",\"logo\":{\"@type\":\"ImageObject\",\"inLanguage\":\"fi\",\"@id\":\"https:\\\/\\\/www.castrum.ee\\\/fi\\\/#\\\/schema\\\/logo\\\/image\\\/\",\"url\":\"https:\\\/\\\/www.castrum.ee\\\/wp-content\\\/uploads\\\/2025\\\/03\\\/Castrum-logo-500.png\",\"contentUrl\":\"https:\\\/\\\/www.castrum.ee\\\/wp-content\\\/uploads\\\/2025\\\/03\\\/Castrum-logo-500.png\",\"width\":500,\"height\":250,\"caption\":\"Castrum Grupp O\u00dc\"},\"image\":{\"@id\":\"https:\\\/\\\/www.castrum.ee\\\/fi\\\/#\\\/schema\\\/logo\\\/image\\\/\"},\"sameAs\":[\"https:\\\/\\\/www.facebook.com\\\/castrum.ee\"]}]}<\/script>\n<!-- \/ Yoast SEO plugin. -->","yoast_head_json":{"title":"Vints More4x4 PRO 13000 12V, n\u00f6\u00f6ri ja rullikuteta, 2 in 1 puldiga | Vintsid ja tarvikud, Vintsid ja vintsitarvikud","description":"Vints More4x4 PRO 13000 12V, n\u00f6\u00f6ri ja rullikuteta, 2 in 1 puldiga - Vintsid ja tarvikud, Vintsid ja vintsitarvikud . Autojen, maastureiden ja pakettiautojen lis\u00e4varusteet. Varaosat.","robots":{"index":"index","follow":"follow","max-snippet":"max-snippet:-1","max-image-preview":"max-image-preview:large","max-video-preview":"max-video-preview:-1"},"canonical":"https:\/\/www.castrum.ee\/fi\/toode\/vints-more4x4-pro-13000-12v-noori-ja-rullikuteta-2-in-1-puldiga\/","og_locale":"fi_FI","og_type":"article","og_title":"Vints More4x4 PRO 13000 12V, n\u00f6\u00f6ri ja rullikuteta, 2 in 1 puldiga | Vintsid ja tarvikud, Vintsid ja vintsitarvikud","og_description":"Vints More4x4 PRO 13000 12V, n\u00f6\u00f6ri ja rullikuteta, 2 in 1 puldiga - Vintsid ja tarvikud, Vintsid ja vintsitarvikud . Autojen, maastureiden ja pakettiautojen lis\u00e4varusteet. Varaosat.","og_url":"https:\/\/www.castrum.ee\/fi\/toode\/vints-more4x4-pro-13000-12v-noori-ja-rullikuteta-2-in-1-puldiga\/","og_site_name":"Castrum","article_publisher":"https:\/\/www.facebook.com\/castrum.ee","article_modified_time":"2025-09-22T09:39:32+00:00","og_image":[{"width":380,"height":253,"url":"https:\/\/www.castrum.ee\/wp-content\/uploads\/2025\/09\/102-wyciagarka-more-4x4-pro-13000lbs-12v.-bez-liny-i-rolek.-pilot-bp.jpg","type":"image\/jpeg"}],"twitter_card":"summary_large_image","schema":{"@context":"https:\/\/schema.org","@graph":[{"@type":"WebPage","@id":"https:\/\/www.castrum.ee\/fi\/toode\/vints-more4x4-pro-13000-12v-noori-ja-rullikuteta-2-in-1-puldiga\/","url":"https:\/\/www.castrum.ee\/fi\/toode\/vints-more4x4-pro-13000-12v-noori-ja-rullikuteta-2-in-1-puldiga\/","name":"Vints More4x4 PRO 13000 12V, n\u00f6\u00f6ri ja rullikuteta, 2 in 1 puldiga | Vintsid ja tarvikud, Vintsid ja vintsitarvikud","isPartOf":{"@id":"https:\/\/www.castrum.ee\/fi\/#website"},"primaryImageOfPage":{"@id":"https:\/\/www.castrum.ee\/fi\/toode\/vints-more4x4-pro-13000-12v-noori-ja-rullikuteta-2-in-1-puldiga\/#primaryimage"},"image":{"@id":"https:\/\/www.castrum.ee\/fi\/toode\/vints-more4x4-pro-13000-12v-noori-ja-rullikuteta-2-in-1-puldiga\/#primaryimage"},"thumbnailUrl":"https:\/\/www.castrum.ee\/wp-content\/uploads\/2025\/09\/102-wyciagarka-more-4x4-pro-13000lbs-12v.-bez-liny-i-rolek.-pilot-bp.jpg","datePublished":"2025-09-22T09:38:33+00:00","dateModified":"2025-09-22T09:39:32+00:00","description":"Vints More4x4 PRO 13000 12V, n\u00f6\u00f6ri ja rullikuteta, 2 in 1 puldiga - Vintsid ja tarvikud, Vintsid ja vintsitarvikud . Autojen, maastureiden ja pakettiautojen lis\u00e4varusteet. Varaosat.","breadcrumb":{"@id":"https:\/\/www.castrum.ee\/fi\/toode\/vints-more4x4-pro-13000-12v-noori-ja-rullikuteta-2-in-1-puldiga\/#breadcrumb"},"inLanguage":"fi","potentialAction":[{"@type":"ReadAction","target":["https:\/\/www.castrum.ee\/fi\/toode\/vints-more4x4-pro-13000-12v-noori-ja-rullikuteta-2-in-1-puldiga\/"]}]},{"@type":"ImageObject","inLanguage":"fi","@id":"https:\/\/www.castrum.ee\/fi\/toode\/vints-more4x4-pro-13000-12v-noori-ja-rullikuteta-2-in-1-puldiga\/#primaryimage","url":"https:\/\/www.castrum.ee\/wp-content\/uploads\/2025\/09\/102-wyciagarka-more-4x4-pro-13000lbs-12v.-bez-liny-i-rolek.-pilot-bp.jpg","contentUrl":"https:\/\/www.castrum.ee\/wp-content\/uploads\/2025\/09\/102-wyciagarka-more-4x4-pro-13000lbs-12v.-bez-liny-i-rolek.-pilot-bp.jpg","width":380,"height":253},{"@type":"BreadcrumbList","@id":"https:\/\/www.castrum.ee\/fi\/toode\/vints-more4x4-pro-13000-12v-noori-ja-rullikuteta-2-in-1-puldiga\/#breadcrumb","itemListElement":[{"@type":"ListItem","position":1,"name":"Home","item":"https:\/\/www.castrum.ee\/fi\/kotisivu\/"},{"@type":"ListItem","position":2,"name":"Verkkokauppa","item":"https:\/\/www.castrum.ee\/fi\/kauppa\/"},{"@type":"ListItem","position":3,"name":"Vints More4x4 PRO 13000 12V, n\u00f6\u00f6ri ja rullikuteta, 2 in 1 puldiga"}]},{"@type":"WebSite","@id":"https:\/\/www.castrum.ee\/fi\/#website","url":"https:\/\/www.castrum.ee\/fi\/","name":"Castrum","description":"Maasturite, s\u00f5iduautode ja v\u00e4ikebusside lisavarustus","publisher":{"@id":"https:\/\/www.castrum.ee\/fi\/#organization"},"potentialAction":[{"@type":"SearchAction","target":{"@type":"EntryPoint","urlTemplate":"https:\/\/www.castrum.ee\/fi\/?s={search_term_string}"},"query-input":{"@type":"PropertyValueSpecification","valueRequired":true,"valueName":"search_term_string"}}],"inLanguage":"fi"},{"@type":"Organization","@id":"https:\/\/www.castrum.ee\/fi\/#organization","name":"Castrum Grupp O\u00dc","url":"https:\/\/www.castrum.ee\/fi\/","logo":{"@type":"ImageObject","inLanguage":"fi","@id":"https:\/\/www.castrum.ee\/fi\/#\/schema\/logo\/image\/","url":"https:\/\/www.castrum.ee\/wp-content\/uploads\/2025\/03\/Castrum-logo-500.png","contentUrl":"https:\/\/www.castrum.ee\/wp-content\/uploads\/2025\/03\/Castrum-logo-500.png","width":500,"height":250,"caption":"Castrum Grupp O\u00dc"},"image":{"@id":"https:\/\/www.castrum.ee\/fi\/#\/schema\/logo\/image\/"},"sameAs":["https:\/\/www.facebook.com\/castrum.ee"]}]}},"_links":{"self":[{"href":"https:\/\/www.castrum.ee\/fi\/wp-json\/wp\/v2\/product\/18265","targetHints":{"allow":["GET"]}}],"collection":[{"href":"https:\/\/www.castrum.ee\/fi\/wp-json\/wp\/v2\/product"}],"about":[{"href":"https:\/\/www.castrum.ee\/fi\/wp-json\/wp\/v2\/types\/product"}],"wp:featuredmedia":[{"embeddable":true,"href":"https:\/\/www.castrum.ee\/fi\/wp-json\/wp\/v2\/media\/18425"}],"wp:attachment":[{"href":"https:\/\/www.castrum.ee\/fi\/wp-json\/wp\/v2\/media?parent=18265"}],"wp:term":[{"taxonomy":"mark-ja-mudel","embeddable":true,"href":"https:\/\/www.castrum.ee\/fi\/wp-json\/wp\/v2\/mark-ja-mudel?post=18265"},{"taxonomy":"product_brand","embeddable":true,"href":"https:\/\/www.castrum.ee\/fi\/wp-json\/wp\/v2\/product_brand?post=18265"},{"taxonomy":"product_cat","embeddable":true,"href":"https:\/\/www.castrum.ee\/fi\/wp-json\/wp\/v2\/product_cat?post=18265"},{"taxonomy":"product_tag","embeddable":true,"href":"https:\/\/www.castrum.ee\/fi\/wp-json\/wp\/v2\/product_tag?post=18265"}],"curies":[{"name":"wp","href":"https:\/\/api.w.org\/{rel}","templated":true}]}}