{"id":18266,"date":"2025-09-22T09:38:33","date_gmt":"2025-09-22T09:38:33","guid":{"rendered":"https:\/\/castrum.hume.ee\/?post_type=product&#038;p=18266"},"modified":"2025-09-22T09:39:46","modified_gmt":"2025-09-22T09:39:46","slug":"vints-more4x4-x-pro-13000lbs-12v-sunteetilise-nooriga-2-in-1-juhtpult","status":"publish","type":"product","link":"https:\/\/www.castrum.ee\/fi\/toode\/vints-more4x4-x-pro-13000lbs-12v-sunteetilise-nooriga-2-in-1-juhtpult\/","title":{"rendered":"Vints More4x4 X-PRO 13000lbs 12V s\u00fcnteetilise n\u00f6\u00f6riga, 2 in 1 juhtpult."},"content":{"rendered":"<p>Garantii 5 aastat<\/p>\n<p>Tehnilised andmed:<\/p>\n<p>Maksimaalne t\u00f5mbej\u00f5ud: 5909 kg (13 000 naela)<br \/>\nMootor: 6,0 hj \/ 4,5 kW<br \/>\nToide: 12V<br \/>\nJuhtimine: 3,7 m juhtmega ja juhtmevaba 2in1 kaugjuhtimispult<br \/>\nK\u00e4igukast: planetaarne, kolmeastmeline<br \/>\n\u00dclekandearv: 265:1<br \/>\nPidur: automaatne, sisseehitatud trumlisse<br \/>\nTrumli suurus: l\u00e4bim\u00f5\u00f5t 63,5 mm, pikkus: 224 mm<br \/>\nN\u00f6\u00f6r: s\u00fcnteetiline 27 m x 9,5 mm<br \/>\nTrossijuhik: alumiiniumist juhik<br \/>\nAku: soovitatav aku min. 64Ah<br \/>\nToitejuhtmed: 38,5 mm2, pikkus 183 cm<br \/>\nKaal: 21,0 kg<br \/>\nM\u00f5\u00f5dud P x S x K (K koos kangiga): 530 x 160 x 205 mm<br \/>\nPoltide vahe: 254 x 114 mm<\/p>\n","protected":false},"excerpt":{"rendered":"<p>Garantii 5 aastat Tehnilised andmed: Maksimaalne t\u00f5mbej\u00f5ud: 5909 kg (13  [&#8230;]<\/p>\n","protected":false},"featured_media":18428,"template":"","meta":{"_acf_changed":false},"mark-ja-mudel":[],"product_brand":[],"product_cat":[686,685],"product_tag":[140],"class_list":{"0":"post-18266","1":"product","2":"type-product","3":"status-publish","4":"has-post-thumbnail","6":"product_cat-vintsid-ja-tarvikud","7":"product_cat-vintsid-tarvikud","8":"product_tag-tarne-4-5-paeva","10":"first","11":"instock","12":"taxable","13":"shipping-taxable","14":"purchasable","15":"product-type-simple"},"bundled_by":[],"bundle_stock_status":"instock","bundle_stock_quantity":null,"bundle_virtual":false,"bundle_layout":"","bundle_add_to_cart_form_location":"","bundle_editable_in_cart":false,"bundle_sold_individually_context":"","bundle_item_grouping":"","bundle_min_size":"","bundle_max_size":"","bundle_price":[],"bundled_items":[],"bundle_sell_ids":[],"acf":[],"yoast_head":"<!-- This site is optimized with the Yoast SEO plugin v27.3 - https:\/\/yoast.com\/product\/yoast-seo-wordpress\/ -->\n<title>Vints More4x4 X-PRO 13000lbs 12V s\u00fcnteetilise n\u00f6\u00f6riga, 2 in 1 juhtpult. | Vintsid ja tarvikud, Vintsid ja vintsitarvikud<\/title>\n<meta name=\"description\" content=\"Vints More4x4 X-PRO 13000lbs 12V s\u00fcnteetilise n\u00f6\u00f6riga, 2 in 1 juhtpult. - Vintsid ja tarvikud, Vintsid ja vintsitarvikud . Autojen, maastureiden ja pakettiautojen lis\u00e4varusteet. Varaosat.\" \/>\n<meta name=\"robots\" content=\"index, follow, max-snippet:-1, max-image-preview:large, max-video-preview:-1\" \/>\n<link rel=\"canonical\" href=\"https:\/\/www.castrum.ee\/fi\/toode\/vints-more4x4-x-pro-13000lbs-12v-sunteetilise-nooriga-2-in-1-juhtpult\/\" \/>\n<meta property=\"og:locale\" content=\"fi_FI\" \/>\n<meta property=\"og:type\" content=\"article\" \/>\n<meta property=\"og:title\" content=\"Vints More4x4 X-PRO 13000lbs 12V s\u00fcnteetilise n\u00f6\u00f6riga, 2 in 1 juhtpult. | Vintsid ja tarvikud, Vintsid ja vintsitarvikud\" \/>\n<meta property=\"og:description\" content=\"Vints More4x4 X-PRO 13000lbs 12V s\u00fcnteetilise n\u00f6\u00f6riga, 2 in 1 juhtpult. - Vintsid ja tarvikud, Vintsid ja vintsitarvikud . Autojen, maastureiden ja pakettiautojen lis\u00e4varusteet. Varaosat.\" \/>\n<meta property=\"og:url\" content=\"https:\/\/www.castrum.ee\/fi\/toode\/vints-more4x4-x-pro-13000lbs-12v-sunteetilise-nooriga-2-in-1-juhtpult\/\" \/>\n<meta property=\"og:site_name\" content=\"Castrum\" \/>\n<meta property=\"article:publisher\" content=\"https:\/\/www.facebook.com\/castrum.ee\" \/>\n<meta property=\"article:modified_time\" content=\"2025-09-22T09:39:46+00:00\" \/>\n<meta property=\"og:image\" content=\"https:\/\/www.castrum.ee\/wp-content\/uploads\/2025\/09\/118-wyciagarka-more-4x4-x-pro-13000lbs-12v.-syntetyk.-slizg.-pilot-bp.jpg\" \/>\n\t<meta property=\"og:image:width\" content=\"1350\" \/>\n\t<meta property=\"og:image:height\" content=\"900\" \/>\n\t<meta property=\"og:image:type\" content=\"image\/jpeg\" \/>\n<meta name=\"twitter:card\" content=\"summary_large_image\" \/>\n<script type=\"application\/ld+json\" class=\"yoast-schema-graph\">{\"@context\":\"https:\\\/\\\/schema.org\",\"@graph\":[{\"@type\":\"WebPage\",\"@id\":\"https:\\\/\\\/www.castrum.ee\\\/fi\\\/toode\\\/vints-more4x4-x-pro-13000lbs-12v-sunteetilise-nooriga-2-in-1-juhtpult\\\/\",\"url\":\"https:\\\/\\\/www.castrum.ee\\\/fi\\\/toode\\\/vints-more4x4-x-pro-13000lbs-12v-sunteetilise-nooriga-2-in-1-juhtpult\\\/\",\"name\":\"Vints More4x4 X-PRO 13000lbs 12V s\u00fcnteetilise n\u00f6\u00f6riga, 2 in 1 juhtpult. | Vintsid ja tarvikud, Vintsid ja vintsitarvikud\",\"isPartOf\":{\"@id\":\"https:\\\/\\\/www.castrum.ee\\\/fi\\\/#website\"},\"primaryImageOfPage\":{\"@id\":\"https:\\\/\\\/www.castrum.ee\\\/fi\\\/toode\\\/vints-more4x4-x-pro-13000lbs-12v-sunteetilise-nooriga-2-in-1-juhtpult\\\/#primaryimage\"},\"image\":{\"@id\":\"https:\\\/\\\/www.castrum.ee\\\/fi\\\/toode\\\/vints-more4x4-x-pro-13000lbs-12v-sunteetilise-nooriga-2-in-1-juhtpult\\\/#primaryimage\"},\"thumbnailUrl\":\"https:\\\/\\\/www.castrum.ee\\\/wp-content\\\/uploads\\\/2025\\\/09\\\/118-wyciagarka-more-4x4-x-pro-13000lbs-12v.-syntetyk.-slizg.-pilot-bp.jpg\",\"datePublished\":\"2025-09-22T09:38:33+00:00\",\"dateModified\":\"2025-09-22T09:39:46+00:00\",\"description\":\"Vints More4x4 X-PRO 13000lbs 12V s\u00fcnteetilise n\u00f6\u00f6riga, 2 in 1 juhtpult. - Vintsid ja tarvikud, Vintsid ja vintsitarvikud . Autojen, maastureiden ja pakettiautojen lis\u00e4varusteet. Varaosat.\",\"breadcrumb\":{\"@id\":\"https:\\\/\\\/www.castrum.ee\\\/fi\\\/toode\\\/vints-more4x4-x-pro-13000lbs-12v-sunteetilise-nooriga-2-in-1-juhtpult\\\/#breadcrumb\"},\"inLanguage\":\"fi\",\"potentialAction\":[{\"@type\":\"ReadAction\",\"target\":[\"https:\\\/\\\/www.castrum.ee\\\/fi\\\/toode\\\/vints-more4x4-x-pro-13000lbs-12v-sunteetilise-nooriga-2-in-1-juhtpult\\\/\"]}]},{\"@type\":\"ImageObject\",\"inLanguage\":\"fi\",\"@id\":\"https:\\\/\\\/www.castrum.ee\\\/fi\\\/toode\\\/vints-more4x4-x-pro-13000lbs-12v-sunteetilise-nooriga-2-in-1-juhtpult\\\/#primaryimage\",\"url\":\"https:\\\/\\\/www.castrum.ee\\\/wp-content\\\/uploads\\\/2025\\\/09\\\/118-wyciagarka-more-4x4-x-pro-13000lbs-12v.-syntetyk.-slizg.-pilot-bp.jpg\",\"contentUrl\":\"https:\\\/\\\/www.castrum.ee\\\/wp-content\\\/uploads\\\/2025\\\/09\\\/118-wyciagarka-more-4x4-x-pro-13000lbs-12v.-syntetyk.-slizg.-pilot-bp.jpg\",\"width\":1350,\"height\":900},{\"@type\":\"BreadcrumbList\",\"@id\":\"https:\\\/\\\/www.castrum.ee\\\/fi\\\/toode\\\/vints-more4x4-x-pro-13000lbs-12v-sunteetilise-nooriga-2-in-1-juhtpult\\\/#breadcrumb\",\"itemListElement\":[{\"@type\":\"ListItem\",\"position\":1,\"name\":\"Home\",\"item\":\"https:\\\/\\\/www.castrum.ee\\\/fi\\\/kotisivu\\\/\"},{\"@type\":\"ListItem\",\"position\":2,\"name\":\"Verkkokauppa\",\"item\":\"https:\\\/\\\/www.castrum.ee\\\/fi\\\/kauppa\\\/\"},{\"@type\":\"ListItem\",\"position\":3,\"name\":\"Vints More4x4 X-PRO 13000lbs 12V s\u00fcnteetilise n\u00f6\u00f6riga, 2 in 1 juhtpult.\"}]},{\"@type\":\"WebSite\",\"@id\":\"https:\\\/\\\/www.castrum.ee\\\/fi\\\/#website\",\"url\":\"https:\\\/\\\/www.castrum.ee\\\/fi\\\/\",\"name\":\"Castrum\",\"description\":\"Maasturite, s\u00f5iduautode ja v\u00e4ikebusside lisavarustus\",\"publisher\":{\"@id\":\"https:\\\/\\\/www.castrum.ee\\\/fi\\\/#organization\"},\"potentialAction\":[{\"@type\":\"SearchAction\",\"target\":{\"@type\":\"EntryPoint\",\"urlTemplate\":\"https:\\\/\\\/www.castrum.ee\\\/fi\\\/?s={search_term_string}\"},\"query-input\":{\"@type\":\"PropertyValueSpecification\",\"valueRequired\":true,\"valueName\":\"search_term_string\"}}],\"inLanguage\":\"fi\"},{\"@type\":\"Organization\",\"@id\":\"https:\\\/\\\/www.castrum.ee\\\/fi\\\/#organization\",\"name\":\"Castrum Grupp O\u00dc\",\"url\":\"https:\\\/\\\/www.castrum.ee\\\/fi\\\/\",\"logo\":{\"@type\":\"ImageObject\",\"inLanguage\":\"fi\",\"@id\":\"https:\\\/\\\/www.castrum.ee\\\/fi\\\/#\\\/schema\\\/logo\\\/image\\\/\",\"url\":\"https:\\\/\\\/www.castrum.ee\\\/wp-content\\\/uploads\\\/2025\\\/03\\\/Castrum-logo-500.png\",\"contentUrl\":\"https:\\\/\\\/www.castrum.ee\\\/wp-content\\\/uploads\\\/2025\\\/03\\\/Castrum-logo-500.png\",\"width\":500,\"height\":250,\"caption\":\"Castrum Grupp O\u00dc\"},\"image\":{\"@id\":\"https:\\\/\\\/www.castrum.ee\\\/fi\\\/#\\\/schema\\\/logo\\\/image\\\/\"},\"sameAs\":[\"https:\\\/\\\/www.facebook.com\\\/castrum.ee\"]}]}<\/script>\n<!-- \/ Yoast SEO plugin. -->","yoast_head_json":{"title":"Vints More4x4 X-PRO 13000lbs 12V s\u00fcnteetilise n\u00f6\u00f6riga, 2 in 1 juhtpult. | Vintsid ja tarvikud, Vintsid ja vintsitarvikud","description":"Vints More4x4 X-PRO 13000lbs 12V s\u00fcnteetilise n\u00f6\u00f6riga, 2 in 1 juhtpult. - Vintsid ja tarvikud, Vintsid ja vintsitarvikud . Autojen, maastureiden ja pakettiautojen lis\u00e4varusteet. Varaosat.","robots":{"index":"index","follow":"follow","max-snippet":"max-snippet:-1","max-image-preview":"max-image-preview:large","max-video-preview":"max-video-preview:-1"},"canonical":"https:\/\/www.castrum.ee\/fi\/toode\/vints-more4x4-x-pro-13000lbs-12v-sunteetilise-nooriga-2-in-1-juhtpult\/","og_locale":"fi_FI","og_type":"article","og_title":"Vints More4x4 X-PRO 13000lbs 12V s\u00fcnteetilise n\u00f6\u00f6riga, 2 in 1 juhtpult. | Vintsid ja tarvikud, Vintsid ja vintsitarvikud","og_description":"Vints More4x4 X-PRO 13000lbs 12V s\u00fcnteetilise n\u00f6\u00f6riga, 2 in 1 juhtpult. - Vintsid ja tarvikud, Vintsid ja vintsitarvikud . Autojen, maastureiden ja pakettiautojen lis\u00e4varusteet. Varaosat.","og_url":"https:\/\/www.castrum.ee\/fi\/toode\/vints-more4x4-x-pro-13000lbs-12v-sunteetilise-nooriga-2-in-1-juhtpult\/","og_site_name":"Castrum","article_publisher":"https:\/\/www.facebook.com\/castrum.ee","article_modified_time":"2025-09-22T09:39:46+00:00","og_image":[{"width":1350,"height":900,"url":"https:\/\/www.castrum.ee\/wp-content\/uploads\/2025\/09\/118-wyciagarka-more-4x4-x-pro-13000lbs-12v.-syntetyk.-slizg.-pilot-bp.jpg","type":"image\/jpeg"}],"twitter_card":"summary_large_image","schema":{"@context":"https:\/\/schema.org","@graph":[{"@type":"WebPage","@id":"https:\/\/www.castrum.ee\/fi\/toode\/vints-more4x4-x-pro-13000lbs-12v-sunteetilise-nooriga-2-in-1-juhtpult\/","url":"https:\/\/www.castrum.ee\/fi\/toode\/vints-more4x4-x-pro-13000lbs-12v-sunteetilise-nooriga-2-in-1-juhtpult\/","name":"Vints More4x4 X-PRO 13000lbs 12V s\u00fcnteetilise n\u00f6\u00f6riga, 2 in 1 juhtpult. | Vintsid ja tarvikud, Vintsid ja vintsitarvikud","isPartOf":{"@id":"https:\/\/www.castrum.ee\/fi\/#website"},"primaryImageOfPage":{"@id":"https:\/\/www.castrum.ee\/fi\/toode\/vints-more4x4-x-pro-13000lbs-12v-sunteetilise-nooriga-2-in-1-juhtpult\/#primaryimage"},"image":{"@id":"https:\/\/www.castrum.ee\/fi\/toode\/vints-more4x4-x-pro-13000lbs-12v-sunteetilise-nooriga-2-in-1-juhtpult\/#primaryimage"},"thumbnailUrl":"https:\/\/www.castrum.ee\/wp-content\/uploads\/2025\/09\/118-wyciagarka-more-4x4-x-pro-13000lbs-12v.-syntetyk.-slizg.-pilot-bp.jpg","datePublished":"2025-09-22T09:38:33+00:00","dateModified":"2025-09-22T09:39:46+00:00","description":"Vints More4x4 X-PRO 13000lbs 12V s\u00fcnteetilise n\u00f6\u00f6riga, 2 in 1 juhtpult. - Vintsid ja tarvikud, Vintsid ja vintsitarvikud . Autojen, maastureiden ja pakettiautojen lis\u00e4varusteet. Varaosat.","breadcrumb":{"@id":"https:\/\/www.castrum.ee\/fi\/toode\/vints-more4x4-x-pro-13000lbs-12v-sunteetilise-nooriga-2-in-1-juhtpult\/#breadcrumb"},"inLanguage":"fi","potentialAction":[{"@type":"ReadAction","target":["https:\/\/www.castrum.ee\/fi\/toode\/vints-more4x4-x-pro-13000lbs-12v-sunteetilise-nooriga-2-in-1-juhtpult\/"]}]},{"@type":"ImageObject","inLanguage":"fi","@id":"https:\/\/www.castrum.ee\/fi\/toode\/vints-more4x4-x-pro-13000lbs-12v-sunteetilise-nooriga-2-in-1-juhtpult\/#primaryimage","url":"https:\/\/www.castrum.ee\/wp-content\/uploads\/2025\/09\/118-wyciagarka-more-4x4-x-pro-13000lbs-12v.-syntetyk.-slizg.-pilot-bp.jpg","contentUrl":"https:\/\/www.castrum.ee\/wp-content\/uploads\/2025\/09\/118-wyciagarka-more-4x4-x-pro-13000lbs-12v.-syntetyk.-slizg.-pilot-bp.jpg","width":1350,"height":900},{"@type":"BreadcrumbList","@id":"https:\/\/www.castrum.ee\/fi\/toode\/vints-more4x4-x-pro-13000lbs-12v-sunteetilise-nooriga-2-in-1-juhtpult\/#breadcrumb","itemListElement":[{"@type":"ListItem","position":1,"name":"Home","item":"https:\/\/www.castrum.ee\/fi\/kotisivu\/"},{"@type":"ListItem","position":2,"name":"Verkkokauppa","item":"https:\/\/www.castrum.ee\/fi\/kauppa\/"},{"@type":"ListItem","position":3,"name":"Vints More4x4 X-PRO 13000lbs 12V s\u00fcnteetilise n\u00f6\u00f6riga, 2 in 1 juhtpult."}]},{"@type":"WebSite","@id":"https:\/\/www.castrum.ee\/fi\/#website","url":"https:\/\/www.castrum.ee\/fi\/","name":"Castrum","description":"Maasturite, s\u00f5iduautode ja v\u00e4ikebusside lisavarustus","publisher":{"@id":"https:\/\/www.castrum.ee\/fi\/#organization"},"potentialAction":[{"@type":"SearchAction","target":{"@type":"EntryPoint","urlTemplate":"https:\/\/www.castrum.ee\/fi\/?s={search_term_string}"},"query-input":{"@type":"PropertyValueSpecification","valueRequired":true,"valueName":"search_term_string"}}],"inLanguage":"fi"},{"@type":"Organization","@id":"https:\/\/www.castrum.ee\/fi\/#organization","name":"Castrum Grupp O\u00dc","url":"https:\/\/www.castrum.ee\/fi\/","logo":{"@type":"ImageObject","inLanguage":"fi","@id":"https:\/\/www.castrum.ee\/fi\/#\/schema\/logo\/image\/","url":"https:\/\/www.castrum.ee\/wp-content\/uploads\/2025\/03\/Castrum-logo-500.png","contentUrl":"https:\/\/www.castrum.ee\/wp-content\/uploads\/2025\/03\/Castrum-logo-500.png","width":500,"height":250,"caption":"Castrum Grupp O\u00dc"},"image":{"@id":"https:\/\/www.castrum.ee\/fi\/#\/schema\/logo\/image\/"},"sameAs":["https:\/\/www.facebook.com\/castrum.ee"]}]}},"_links":{"self":[{"href":"https:\/\/www.castrum.ee\/fi\/wp-json\/wp\/v2\/product\/18266","targetHints":{"allow":["GET"]}}],"collection":[{"href":"https:\/\/www.castrum.ee\/fi\/wp-json\/wp\/v2\/product"}],"about":[{"href":"https:\/\/www.castrum.ee\/fi\/wp-json\/wp\/v2\/types\/product"}],"wp:featuredmedia":[{"embeddable":true,"href":"https:\/\/www.castrum.ee\/fi\/wp-json\/wp\/v2\/media\/18428"}],"wp:attachment":[{"href":"https:\/\/www.castrum.ee\/fi\/wp-json\/wp\/v2\/media?parent=18266"}],"wp:term":[{"taxonomy":"mark-ja-mudel","embeddable":true,"href":"https:\/\/www.castrum.ee\/fi\/wp-json\/wp\/v2\/mark-ja-mudel?post=18266"},{"taxonomy":"product_brand","embeddable":true,"href":"https:\/\/www.castrum.ee\/fi\/wp-json\/wp\/v2\/product_brand?post=18266"},{"taxonomy":"product_cat","embeddable":true,"href":"https:\/\/www.castrum.ee\/fi\/wp-json\/wp\/v2\/product_cat?post=18266"},{"taxonomy":"product_tag","embeddable":true,"href":"https:\/\/www.castrum.ee\/fi\/wp-json\/wp\/v2\/product_tag?post=18266"}],"curies":[{"name":"wp","href":"https:\/\/api.w.org\/{rel}","templated":true}]}}