{"id":18967,"date":"2025-09-23T06:53:36","date_gmt":"2025-09-23T06:53:36","guid":{"rendered":"https:\/\/castrum.hume.ee\/?post_type=product&#038;p=18967"},"modified":"2025-09-23T06:53:40","modified_gmt":"2025-09-23T06:53:40","slug":"5-rough-country-tostesari-dodge-ram-1500-02-05","status":"publish","type":"product","link":"https:\/\/www.castrum.ee\/fi\/toode\/5-rough-country-tostesari-dodge-ram-1500-02-05\/","title":{"rendered":"5&#8243; Rough Country T\u00f5stesari | Dodge RAM 1500 [02-05]"},"content":{"rendered":"<p>5&#8243; Rough Country T\u00f5stesari &#8211; Dodge Ram-1500 [02-05]<\/a><\/p>\n<p>Sisaldab:<\/p>\n<ul>\n<li>T\u00f5stetud roolinukk<\/li>\n<li>Integreeritud alaraami konstruktsioon<\/li>\n<li>Diferentsiaali allalaskmise kinnitused<\/li>\n<li>Tugevduse vardad (Stinger bars)<\/li>\n<li>Alumine kaitseplaat<\/li>\n<li>Stabilisaatori vardad<\/li>\n<li>Puhvripikendused (bump-stop)<\/li>\n<li>Taga t\u00f5steklotsid<\/li>\n<li>4x RC N20 seeria amordid<\/li>\n<li>Kinnitusdetailid<\/li>\n<\/ul>\n","protected":false},"excerpt":{"rendered":"<p>5&#8243; Rough Country T\u00f5stesari &#8211; Dodge Ram-1500 [02-05] Sisaldab: T\u00f5stetud  [&#8230;]<\/p>\n","protected":false},"featured_media":18999,"template":"","meta":{"_acf_changed":false},"mark-ja-mudel":[],"product_brand":[142,143],"product_cat":[700,701],"product_tag":[117],"class_list":{"0":"post-18967","1":"product","2":"type-product","3":"status-publish","4":"has-post-thumbnail","6":"product_brand-dodge","7":"product_brand-ram-1500","8":"product_cat-4x4-off-road-varustus","9":"product_cat-tostesarjad","10":"product_tag-tarne-1-nadal","12":"first","13":"instock","14":"taxable","15":"shipping-taxable","16":"purchasable","17":"product-type-simple"},"bundled_by":[],"bundle_stock_status":"instock","bundle_stock_quantity":null,"bundle_virtual":false,"bundle_layout":"","bundle_add_to_cart_form_location":"","bundle_editable_in_cart":false,"bundle_sold_individually_context":"","bundle_item_grouping":"","bundle_min_size":"","bundle_max_size":"","bundle_price":[],"bundled_items":[],"bundle_sell_ids":[],"acf":[],"yoast_head":"<!-- This site is optimized with the Yoast SEO plugin v27.3 - https:\/\/yoast.com\/product\/yoast-seo-wordpress\/ -->\n<title>5&quot; Rough Country T\u00f5stesari | Dodge RAM 1500 [02-05] | 4x4 off-road varustus, T\u00f5stesarjad<\/title>\n<meta name=\"description\" content=\"5&quot; Rough Country T\u00f5stesari | Dodge RAM 1500 [02-05] - 4x4 off-road varustus, T\u00f5stesarjad . Autojen, maastureiden ja pakettiautojen lis\u00e4varusteet. Varaosat.\" \/>\n<meta name=\"robots\" content=\"index, follow, max-snippet:-1, max-image-preview:large, max-video-preview:-1\" \/>\n<link rel=\"canonical\" href=\"https:\/\/www.castrum.ee\/fi\/toode\/5-rough-country-tostesari-dodge-ram-1500-02-05\/\" \/>\n<meta property=\"og:locale\" content=\"fi_FI\" \/>\n<meta property=\"og:type\" content=\"article\" \/>\n<meta property=\"og:title\" content=\"5&quot; Rough Country T\u00f5stesari | Dodge RAM 1500 [02-05] | 4x4 off-road varustus, T\u00f5stesarjad\" \/>\n<meta property=\"og:description\" content=\"5&quot; Rough Country T\u00f5stesari | Dodge RAM 1500 [02-05] - 4x4 off-road varustus, T\u00f5stesarjad . Autojen, maastureiden ja pakettiautojen lis\u00e4varusteet. Varaosat.\" \/>\n<meta property=\"og:url\" content=\"https:\/\/www.castrum.ee\/fi\/toode\/5-rough-country-tostesari-dodge-ram-1500-02-05\/\" \/>\n<meta property=\"og:site_name\" content=\"Castrum\" \/>\n<meta property=\"article:publisher\" content=\"https:\/\/www.facebook.com\/castrum.ee\" \/>\n<meta property=\"article:modified_time\" content=\"2025-09-23T06:53:40+00:00\" \/>\n<meta property=\"og:image\" content=\"https:\/\/www.castrum.ee\/wp-content\/uploads\/2025\/09\/7F5B0E61-EBE7-4380-810E-EB48F08610CC.jpeg\" \/>\n\t<meta property=\"og:image:width\" content=\"600\" \/>\n\t<meta property=\"og:image:height\" content=\"600\" \/>\n\t<meta property=\"og:image:type\" content=\"image\/jpeg\" \/>\n<meta name=\"twitter:card\" content=\"summary_large_image\" \/>\n<script type=\"application\/ld+json\" class=\"yoast-schema-graph\">{\"@context\":\"https:\\\/\\\/schema.org\",\"@graph\":[{\"@type\":\"WebPage\",\"@id\":\"https:\\\/\\\/www.castrum.ee\\\/fi\\\/toode\\\/5-rough-country-tostesari-dodge-ram-1500-02-05\\\/\",\"url\":\"https:\\\/\\\/www.castrum.ee\\\/fi\\\/toode\\\/5-rough-country-tostesari-dodge-ram-1500-02-05\\\/\",\"name\":\"5\\\" Rough Country T\u00f5stesari | Dodge RAM 1500 [02-05] | 4x4 off-road varustus, T\u00f5stesarjad\",\"isPartOf\":{\"@id\":\"https:\\\/\\\/www.castrum.ee\\\/fi\\\/#website\"},\"primaryImageOfPage\":{\"@id\":\"https:\\\/\\\/www.castrum.ee\\\/fi\\\/toode\\\/5-rough-country-tostesari-dodge-ram-1500-02-05\\\/#primaryimage\"},\"image\":{\"@id\":\"https:\\\/\\\/www.castrum.ee\\\/fi\\\/toode\\\/5-rough-country-tostesari-dodge-ram-1500-02-05\\\/#primaryimage\"},\"thumbnailUrl\":\"https:\\\/\\\/www.castrum.ee\\\/wp-content\\\/uploads\\\/2025\\\/09\\\/7F5B0E61-EBE7-4380-810E-EB48F08610CC.jpeg\",\"datePublished\":\"2025-09-23T06:53:36+00:00\",\"dateModified\":\"2025-09-23T06:53:40+00:00\",\"description\":\"5\\\" Rough Country T\u00f5stesari | Dodge RAM 1500 [02-05] - 4x4 off-road varustus, T\u00f5stesarjad . Autojen, maastureiden ja pakettiautojen lis\u00e4varusteet. Varaosat.\",\"breadcrumb\":{\"@id\":\"https:\\\/\\\/www.castrum.ee\\\/fi\\\/toode\\\/5-rough-country-tostesari-dodge-ram-1500-02-05\\\/#breadcrumb\"},\"inLanguage\":\"fi\",\"potentialAction\":[{\"@type\":\"ReadAction\",\"target\":[\"https:\\\/\\\/www.castrum.ee\\\/fi\\\/toode\\\/5-rough-country-tostesari-dodge-ram-1500-02-05\\\/\"]}]},{\"@type\":\"ImageObject\",\"inLanguage\":\"fi\",\"@id\":\"https:\\\/\\\/www.castrum.ee\\\/fi\\\/toode\\\/5-rough-country-tostesari-dodge-ram-1500-02-05\\\/#primaryimage\",\"url\":\"https:\\\/\\\/www.castrum.ee\\\/wp-content\\\/uploads\\\/2025\\\/09\\\/7F5B0E61-EBE7-4380-810E-EB48F08610CC.jpeg\",\"contentUrl\":\"https:\\\/\\\/www.castrum.ee\\\/wp-content\\\/uploads\\\/2025\\\/09\\\/7F5B0E61-EBE7-4380-810E-EB48F08610CC.jpeg\",\"width\":600,\"height\":600},{\"@type\":\"BreadcrumbList\",\"@id\":\"https:\\\/\\\/www.castrum.ee\\\/fi\\\/toode\\\/5-rough-country-tostesari-dodge-ram-1500-02-05\\\/#breadcrumb\",\"itemListElement\":[{\"@type\":\"ListItem\",\"position\":1,\"name\":\"Home\",\"item\":\"https:\\\/\\\/www.castrum.ee\\\/fi\\\/kotisivu\\\/\"},{\"@type\":\"ListItem\",\"position\":2,\"name\":\"Verkkokauppa\",\"item\":\"https:\\\/\\\/www.castrum.ee\\\/fi\\\/kauppa\\\/\"},{\"@type\":\"ListItem\",\"position\":3,\"name\":\"5&#8243; Rough Country T\u00f5stesari | Dodge RAM 1500 [02-05]\"}]},{\"@type\":\"WebSite\",\"@id\":\"https:\\\/\\\/www.castrum.ee\\\/fi\\\/#website\",\"url\":\"https:\\\/\\\/www.castrum.ee\\\/fi\\\/\",\"name\":\"Castrum\",\"description\":\"Maasturite, s\u00f5iduautode ja v\u00e4ikebusside lisavarustus\",\"publisher\":{\"@id\":\"https:\\\/\\\/www.castrum.ee\\\/fi\\\/#organization\"},\"potentialAction\":[{\"@type\":\"SearchAction\",\"target\":{\"@type\":\"EntryPoint\",\"urlTemplate\":\"https:\\\/\\\/www.castrum.ee\\\/fi\\\/?s={search_term_string}\"},\"query-input\":{\"@type\":\"PropertyValueSpecification\",\"valueRequired\":true,\"valueName\":\"search_term_string\"}}],\"inLanguage\":\"fi\"},{\"@type\":\"Organization\",\"@id\":\"https:\\\/\\\/www.castrum.ee\\\/fi\\\/#organization\",\"name\":\"Castrum Grupp O\u00dc\",\"url\":\"https:\\\/\\\/www.castrum.ee\\\/fi\\\/\",\"logo\":{\"@type\":\"ImageObject\",\"inLanguage\":\"fi\",\"@id\":\"https:\\\/\\\/www.castrum.ee\\\/fi\\\/#\\\/schema\\\/logo\\\/image\\\/\",\"url\":\"https:\\\/\\\/www.castrum.ee\\\/wp-content\\\/uploads\\\/2025\\\/03\\\/Castrum-logo-500.png\",\"contentUrl\":\"https:\\\/\\\/www.castrum.ee\\\/wp-content\\\/uploads\\\/2025\\\/03\\\/Castrum-logo-500.png\",\"width\":500,\"height\":250,\"caption\":\"Castrum Grupp O\u00dc\"},\"image\":{\"@id\":\"https:\\\/\\\/www.castrum.ee\\\/fi\\\/#\\\/schema\\\/logo\\\/image\\\/\"},\"sameAs\":[\"https:\\\/\\\/www.facebook.com\\\/castrum.ee\"]}]}<\/script>\n<!-- \/ Yoast SEO plugin. -->","yoast_head_json":{"title":"5\" Rough Country T\u00f5stesari | Dodge RAM 1500 [02-05] | 4x4 off-road varustus, T\u00f5stesarjad","description":"5\" Rough Country T\u00f5stesari | Dodge RAM 1500 [02-05] - 4x4 off-road varustus, T\u00f5stesarjad . Autojen, maastureiden ja pakettiautojen lis\u00e4varusteet. Varaosat.","robots":{"index":"index","follow":"follow","max-snippet":"max-snippet:-1","max-image-preview":"max-image-preview:large","max-video-preview":"max-video-preview:-1"},"canonical":"https:\/\/www.castrum.ee\/fi\/toode\/5-rough-country-tostesari-dodge-ram-1500-02-05\/","og_locale":"fi_FI","og_type":"article","og_title":"5\" Rough Country T\u00f5stesari | Dodge RAM 1500 [02-05] | 4x4 off-road varustus, T\u00f5stesarjad","og_description":"5\" Rough Country T\u00f5stesari | Dodge RAM 1500 [02-05] - 4x4 off-road varustus, T\u00f5stesarjad . Autojen, maastureiden ja pakettiautojen lis\u00e4varusteet. Varaosat.","og_url":"https:\/\/www.castrum.ee\/fi\/toode\/5-rough-country-tostesari-dodge-ram-1500-02-05\/","og_site_name":"Castrum","article_publisher":"https:\/\/www.facebook.com\/castrum.ee","article_modified_time":"2025-09-23T06:53:40+00:00","og_image":[{"width":600,"height":600,"url":"https:\/\/www.castrum.ee\/wp-content\/uploads\/2025\/09\/7F5B0E61-EBE7-4380-810E-EB48F08610CC.jpeg","type":"image\/jpeg"}],"twitter_card":"summary_large_image","schema":{"@context":"https:\/\/schema.org","@graph":[{"@type":"WebPage","@id":"https:\/\/www.castrum.ee\/fi\/toode\/5-rough-country-tostesari-dodge-ram-1500-02-05\/","url":"https:\/\/www.castrum.ee\/fi\/toode\/5-rough-country-tostesari-dodge-ram-1500-02-05\/","name":"5\" Rough Country T\u00f5stesari | Dodge RAM 1500 [02-05] | 4x4 off-road varustus, T\u00f5stesarjad","isPartOf":{"@id":"https:\/\/www.castrum.ee\/fi\/#website"},"primaryImageOfPage":{"@id":"https:\/\/www.castrum.ee\/fi\/toode\/5-rough-country-tostesari-dodge-ram-1500-02-05\/#primaryimage"},"image":{"@id":"https:\/\/www.castrum.ee\/fi\/toode\/5-rough-country-tostesari-dodge-ram-1500-02-05\/#primaryimage"},"thumbnailUrl":"https:\/\/www.castrum.ee\/wp-content\/uploads\/2025\/09\/7F5B0E61-EBE7-4380-810E-EB48F08610CC.jpeg","datePublished":"2025-09-23T06:53:36+00:00","dateModified":"2025-09-23T06:53:40+00:00","description":"5\" Rough Country T\u00f5stesari | Dodge RAM 1500 [02-05] - 4x4 off-road varustus, T\u00f5stesarjad . Autojen, maastureiden ja pakettiautojen lis\u00e4varusteet. Varaosat.","breadcrumb":{"@id":"https:\/\/www.castrum.ee\/fi\/toode\/5-rough-country-tostesari-dodge-ram-1500-02-05\/#breadcrumb"},"inLanguage":"fi","potentialAction":[{"@type":"ReadAction","target":["https:\/\/www.castrum.ee\/fi\/toode\/5-rough-country-tostesari-dodge-ram-1500-02-05\/"]}]},{"@type":"ImageObject","inLanguage":"fi","@id":"https:\/\/www.castrum.ee\/fi\/toode\/5-rough-country-tostesari-dodge-ram-1500-02-05\/#primaryimage","url":"https:\/\/www.castrum.ee\/wp-content\/uploads\/2025\/09\/7F5B0E61-EBE7-4380-810E-EB48F08610CC.jpeg","contentUrl":"https:\/\/www.castrum.ee\/wp-content\/uploads\/2025\/09\/7F5B0E61-EBE7-4380-810E-EB48F08610CC.jpeg","width":600,"height":600},{"@type":"BreadcrumbList","@id":"https:\/\/www.castrum.ee\/fi\/toode\/5-rough-country-tostesari-dodge-ram-1500-02-05\/#breadcrumb","itemListElement":[{"@type":"ListItem","position":1,"name":"Home","item":"https:\/\/www.castrum.ee\/fi\/kotisivu\/"},{"@type":"ListItem","position":2,"name":"Verkkokauppa","item":"https:\/\/www.castrum.ee\/fi\/kauppa\/"},{"@type":"ListItem","position":3,"name":"5&#8243; Rough Country T\u00f5stesari | Dodge RAM 1500 [02-05]"}]},{"@type":"WebSite","@id":"https:\/\/www.castrum.ee\/fi\/#website","url":"https:\/\/www.castrum.ee\/fi\/","name":"Castrum","description":"Maasturite, s\u00f5iduautode ja v\u00e4ikebusside lisavarustus","publisher":{"@id":"https:\/\/www.castrum.ee\/fi\/#organization"},"potentialAction":[{"@type":"SearchAction","target":{"@type":"EntryPoint","urlTemplate":"https:\/\/www.castrum.ee\/fi\/?s={search_term_string}"},"query-input":{"@type":"PropertyValueSpecification","valueRequired":true,"valueName":"search_term_string"}}],"inLanguage":"fi"},{"@type":"Organization","@id":"https:\/\/www.castrum.ee\/fi\/#organization","name":"Castrum Grupp O\u00dc","url":"https:\/\/www.castrum.ee\/fi\/","logo":{"@type":"ImageObject","inLanguage":"fi","@id":"https:\/\/www.castrum.ee\/fi\/#\/schema\/logo\/image\/","url":"https:\/\/www.castrum.ee\/wp-content\/uploads\/2025\/03\/Castrum-logo-500.png","contentUrl":"https:\/\/www.castrum.ee\/wp-content\/uploads\/2025\/03\/Castrum-logo-500.png","width":500,"height":250,"caption":"Castrum Grupp O\u00dc"},"image":{"@id":"https:\/\/www.castrum.ee\/fi\/#\/schema\/logo\/image\/"},"sameAs":["https:\/\/www.facebook.com\/castrum.ee"]}]}},"_links":{"self":[{"href":"https:\/\/www.castrum.ee\/fi\/wp-json\/wp\/v2\/product\/18967","targetHints":{"allow":["GET"]}}],"collection":[{"href":"https:\/\/www.castrum.ee\/fi\/wp-json\/wp\/v2\/product"}],"about":[{"href":"https:\/\/www.castrum.ee\/fi\/wp-json\/wp\/v2\/types\/product"}],"wp:featuredmedia":[{"embeddable":true,"href":"https:\/\/www.castrum.ee\/fi\/wp-json\/wp\/v2\/media\/18999"}],"wp:attachment":[{"href":"https:\/\/www.castrum.ee\/fi\/wp-json\/wp\/v2\/media?parent=18967"}],"wp:term":[{"taxonomy":"mark-ja-mudel","embeddable":true,"href":"https:\/\/www.castrum.ee\/fi\/wp-json\/wp\/v2\/mark-ja-mudel?post=18967"},{"taxonomy":"product_brand","embeddable":true,"href":"https:\/\/www.castrum.ee\/fi\/wp-json\/wp\/v2\/product_brand?post=18967"},{"taxonomy":"product_cat","embeddable":true,"href":"https:\/\/www.castrum.ee\/fi\/wp-json\/wp\/v2\/product_cat?post=18967"},{"taxonomy":"product_tag","embeddable":true,"href":"https:\/\/www.castrum.ee\/fi\/wp-json\/wp\/v2\/product_tag?post=18967"}],"curies":[{"name":"wp","href":"https:\/\/api.w.org\/{rel}","templated":true}]}}