{"id":18970,"date":"2025-09-23T06:53:36","date_gmt":"2025-09-23T06:53:36","guid":{"rendered":"https:\/\/castrum.hume.ee\/?post_type=product&#038;p=18970"},"modified":"2025-09-23T06:53:42","modified_gmt":"2025-09-23T06:53:42","slug":"4-rough-country-lift-kit-tostesari-jeep-grand-cherokee-wj-wg","status":"publish","type":"product","link":"https:\/\/www.castrum.ee\/fi\/toode\/4-rough-country-lift-kit-tostesari-jeep-grand-cherokee-wj-wg\/","title":{"rendered":"4&#8243; Rough Country Lift Kit t\u00f5stesari | Jeep Grand Cherokee WJ WG"},"content":{"rendered":"<div>T\u00f5stesari sisaldab:<\/div>\n<p><\/p>\n<ul>\n<li>Esi- ja tagavedrud +4&#8243;<\/li>\n<li>Ees torukujulised alumised \u00f5\u00f5tshoovad (tubular lower control arms) koos uretaanpuksidega<\/li>\n<\/ul>\n<ul>\n<li>Alumiste \u00f5\u00f5tshoobade langetuskronsteinid (lower control arm drop brackets)<\/li>\n<li>Langetatud pitman-hoob (drop pitman arm)<\/li>\n<li>Roolivarda \u00fcmbert\u00f5stmise kronstein (track bar relocation bracket)<\/li>\n<li>Esi puhvripikendused (front bumpstop spacers)<\/li>\n<li>Taga puhvripikendused (rear bumpstop extensions)<\/li>\n<li>Jaotuskasti (transfer case) langetussari<\/li>\n<li>Tagumiste \u00fclemiste \u00f5\u00f5tshoobade kronstein (rear upper control arms bracket)<\/li>\n<li>Tagumised stabilisaatori kronsteinid (rear sway-bar brackets)<\/li>\n<li>Pikendatud tagumiste amortide kinnitus (extended rear shocks mounting)<\/li>\n<\/ul>\n","protected":false},"excerpt":{"rendered":"<p>T\u00f5stesari sisaldab: Esi- ja tagavedrud +4&#8243; Ees torukujulised alumised \u00f5\u00f5tshoovad  [&#8230;]<\/p>\n","protected":false},"featured_media":19008,"template":"","meta":{"_acf_changed":false},"mark-ja-mudel":[],"product_brand":[325,322],"product_cat":[700,701],"product_tag":[117],"class_list":{"0":"post-18970","1":"product","2":"type-product","3":"status-publish","4":"has-post-thumbnail","6":"product_brand-grand-cherokee","7":"product_brand-jeep","8":"product_cat-4x4-off-road-varustus","9":"product_cat-tostesarjad","10":"product_tag-tarne-1-nadal","12":"first","13":"instock","14":"taxable","15":"shipping-taxable","16":"purchasable","17":"product-type-simple"},"bundled_by":[],"bundle_stock_status":"instock","bundle_stock_quantity":null,"bundle_virtual":false,"bundle_layout":"","bundle_add_to_cart_form_location":"","bundle_editable_in_cart":false,"bundle_sold_individually_context":"","bundle_item_grouping":"","bundle_min_size":"","bundle_max_size":"","bundle_price":[],"bundled_items":[],"bundle_sell_ids":[],"acf":[],"yoast_head":"<!-- This site is optimized with the Yoast SEO plugin v27.3 - https:\/\/yoast.com\/product\/yoast-seo-wordpress\/ -->\n<title>4&quot; Rough Country Lift Kit t\u00f5stesari | Jeep Grand Cherokee WJ WG | 4x4 off-road varustus, T\u00f5stesarjad<\/title>\n<meta name=\"description\" content=\"4&quot; Rough Country Lift Kit t\u00f5stesari | Jeep Grand Cherokee WJ WG - 4x4 off-road varustus, T\u00f5stesarjad . Autojen, maastureiden ja pakettiautojen lis\u00e4varusteet. Varaosat.\" \/>\n<meta name=\"robots\" content=\"index, follow, max-snippet:-1, max-image-preview:large, max-video-preview:-1\" \/>\n<link rel=\"canonical\" href=\"https:\/\/www.castrum.ee\/fi\/toode\/4-rough-country-lift-kit-tostesari-jeep-grand-cherokee-wj-wg\/\" \/>\n<meta property=\"og:locale\" content=\"fi_FI\" \/>\n<meta property=\"og:type\" content=\"article\" \/>\n<meta property=\"og:title\" content=\"4&quot; Rough Country Lift Kit t\u00f5stesari | Jeep Grand Cherokee WJ WG | 4x4 off-road varustus, T\u00f5stesarjad\" \/>\n<meta property=\"og:description\" content=\"4&quot; Rough Country Lift Kit t\u00f5stesari | Jeep Grand Cherokee WJ WG - 4x4 off-road varustus, T\u00f5stesarjad . Autojen, maastureiden ja pakettiautojen lis\u00e4varusteet. Varaosat.\" \/>\n<meta property=\"og:url\" content=\"https:\/\/www.castrum.ee\/fi\/toode\/4-rough-country-lift-kit-tostesari-jeep-grand-cherokee-wj-wg\/\" \/>\n<meta property=\"og:site_name\" content=\"Castrum\" \/>\n<meta property=\"article:publisher\" content=\"https:\/\/www.facebook.com\/castrum.ee\" \/>\n<meta property=\"article:modified_time\" content=\"2025-09-23T06:53:42+00:00\" \/>\n<meta property=\"og:image\" content=\"https:\/\/www.castrum.ee\/wp-content\/uploads\/2025\/09\/4C1ADF6C-F582-4C61-B1CD-02E67ABEE602.jpeg\" \/>\n\t<meta property=\"og:image:width\" content=\"600\" \/>\n\t<meta property=\"og:image:height\" content=\"600\" \/>\n\t<meta property=\"og:image:type\" content=\"image\/jpeg\" \/>\n<meta name=\"twitter:card\" content=\"summary_large_image\" \/>\n<script type=\"application\/ld+json\" class=\"yoast-schema-graph\">{\"@context\":\"https:\\\/\\\/schema.org\",\"@graph\":[{\"@type\":\"WebPage\",\"@id\":\"https:\\\/\\\/www.castrum.ee\\\/fi\\\/toode\\\/4-rough-country-lift-kit-tostesari-jeep-grand-cherokee-wj-wg\\\/\",\"url\":\"https:\\\/\\\/www.castrum.ee\\\/fi\\\/toode\\\/4-rough-country-lift-kit-tostesari-jeep-grand-cherokee-wj-wg\\\/\",\"name\":\"4\\\" Rough Country Lift Kit t\u00f5stesari | Jeep Grand Cherokee WJ WG | 4x4 off-road varustus, T\u00f5stesarjad\",\"isPartOf\":{\"@id\":\"https:\\\/\\\/www.castrum.ee\\\/fi\\\/#website\"},\"primaryImageOfPage\":{\"@id\":\"https:\\\/\\\/www.castrum.ee\\\/fi\\\/toode\\\/4-rough-country-lift-kit-tostesari-jeep-grand-cherokee-wj-wg\\\/#primaryimage\"},\"image\":{\"@id\":\"https:\\\/\\\/www.castrum.ee\\\/fi\\\/toode\\\/4-rough-country-lift-kit-tostesari-jeep-grand-cherokee-wj-wg\\\/#primaryimage\"},\"thumbnailUrl\":\"https:\\\/\\\/www.castrum.ee\\\/wp-content\\\/uploads\\\/2025\\\/09\\\/4C1ADF6C-F582-4C61-B1CD-02E67ABEE602.jpeg\",\"datePublished\":\"2025-09-23T06:53:36+00:00\",\"dateModified\":\"2025-09-23T06:53:42+00:00\",\"description\":\"4\\\" Rough Country Lift Kit t\u00f5stesari | Jeep Grand Cherokee WJ WG - 4x4 off-road varustus, T\u00f5stesarjad . Autojen, maastureiden ja pakettiautojen lis\u00e4varusteet. Varaosat.\",\"breadcrumb\":{\"@id\":\"https:\\\/\\\/www.castrum.ee\\\/fi\\\/toode\\\/4-rough-country-lift-kit-tostesari-jeep-grand-cherokee-wj-wg\\\/#breadcrumb\"},\"inLanguage\":\"fi\",\"potentialAction\":[{\"@type\":\"ReadAction\",\"target\":[\"https:\\\/\\\/www.castrum.ee\\\/fi\\\/toode\\\/4-rough-country-lift-kit-tostesari-jeep-grand-cherokee-wj-wg\\\/\"]}]},{\"@type\":\"ImageObject\",\"inLanguage\":\"fi\",\"@id\":\"https:\\\/\\\/www.castrum.ee\\\/fi\\\/toode\\\/4-rough-country-lift-kit-tostesari-jeep-grand-cherokee-wj-wg\\\/#primaryimage\",\"url\":\"https:\\\/\\\/www.castrum.ee\\\/wp-content\\\/uploads\\\/2025\\\/09\\\/4C1ADF6C-F582-4C61-B1CD-02E67ABEE602.jpeg\",\"contentUrl\":\"https:\\\/\\\/www.castrum.ee\\\/wp-content\\\/uploads\\\/2025\\\/09\\\/4C1ADF6C-F582-4C61-B1CD-02E67ABEE602.jpeg\",\"width\":600,\"height\":600},{\"@type\":\"BreadcrumbList\",\"@id\":\"https:\\\/\\\/www.castrum.ee\\\/fi\\\/toode\\\/4-rough-country-lift-kit-tostesari-jeep-grand-cherokee-wj-wg\\\/#breadcrumb\",\"itemListElement\":[{\"@type\":\"ListItem\",\"position\":1,\"name\":\"Home\",\"item\":\"https:\\\/\\\/www.castrum.ee\\\/fi\\\/kotisivu\\\/\"},{\"@type\":\"ListItem\",\"position\":2,\"name\":\"Verkkokauppa\",\"item\":\"https:\\\/\\\/www.castrum.ee\\\/fi\\\/kauppa\\\/\"},{\"@type\":\"ListItem\",\"position\":3,\"name\":\"4&#8243; Rough Country Lift Kit t\u00f5stesari | Jeep Grand Cherokee WJ WG\"}]},{\"@type\":\"WebSite\",\"@id\":\"https:\\\/\\\/www.castrum.ee\\\/fi\\\/#website\",\"url\":\"https:\\\/\\\/www.castrum.ee\\\/fi\\\/\",\"name\":\"Castrum\",\"description\":\"Maasturite, s\u00f5iduautode ja v\u00e4ikebusside lisavarustus\",\"publisher\":{\"@id\":\"https:\\\/\\\/www.castrum.ee\\\/fi\\\/#organization\"},\"potentialAction\":[{\"@type\":\"SearchAction\",\"target\":{\"@type\":\"EntryPoint\",\"urlTemplate\":\"https:\\\/\\\/www.castrum.ee\\\/fi\\\/?s={search_term_string}\"},\"query-input\":{\"@type\":\"PropertyValueSpecification\",\"valueRequired\":true,\"valueName\":\"search_term_string\"}}],\"inLanguage\":\"fi\"},{\"@type\":\"Organization\",\"@id\":\"https:\\\/\\\/www.castrum.ee\\\/fi\\\/#organization\",\"name\":\"Castrum Grupp O\u00dc\",\"url\":\"https:\\\/\\\/www.castrum.ee\\\/fi\\\/\",\"logo\":{\"@type\":\"ImageObject\",\"inLanguage\":\"fi\",\"@id\":\"https:\\\/\\\/www.castrum.ee\\\/fi\\\/#\\\/schema\\\/logo\\\/image\\\/\",\"url\":\"https:\\\/\\\/www.castrum.ee\\\/wp-content\\\/uploads\\\/2025\\\/03\\\/Castrum-logo-500.png\",\"contentUrl\":\"https:\\\/\\\/www.castrum.ee\\\/wp-content\\\/uploads\\\/2025\\\/03\\\/Castrum-logo-500.png\",\"width\":500,\"height\":250,\"caption\":\"Castrum Grupp O\u00dc\"},\"image\":{\"@id\":\"https:\\\/\\\/www.castrum.ee\\\/fi\\\/#\\\/schema\\\/logo\\\/image\\\/\"},\"sameAs\":[\"https:\\\/\\\/www.facebook.com\\\/castrum.ee\"]}]}<\/script>\n<!-- \/ Yoast SEO plugin. -->","yoast_head_json":{"title":"4\" Rough Country Lift Kit t\u00f5stesari | Jeep Grand Cherokee WJ WG | 4x4 off-road varustus, T\u00f5stesarjad","description":"4\" Rough Country Lift Kit t\u00f5stesari | Jeep Grand Cherokee WJ WG - 4x4 off-road varustus, T\u00f5stesarjad . Autojen, maastureiden ja pakettiautojen lis\u00e4varusteet. Varaosat.","robots":{"index":"index","follow":"follow","max-snippet":"max-snippet:-1","max-image-preview":"max-image-preview:large","max-video-preview":"max-video-preview:-1"},"canonical":"https:\/\/www.castrum.ee\/fi\/toode\/4-rough-country-lift-kit-tostesari-jeep-grand-cherokee-wj-wg\/","og_locale":"fi_FI","og_type":"article","og_title":"4\" Rough Country Lift Kit t\u00f5stesari | Jeep Grand Cherokee WJ WG | 4x4 off-road varustus, T\u00f5stesarjad","og_description":"4\" Rough Country Lift Kit t\u00f5stesari | Jeep Grand Cherokee WJ WG - 4x4 off-road varustus, T\u00f5stesarjad . Autojen, maastureiden ja pakettiautojen lis\u00e4varusteet. Varaosat.","og_url":"https:\/\/www.castrum.ee\/fi\/toode\/4-rough-country-lift-kit-tostesari-jeep-grand-cherokee-wj-wg\/","og_site_name":"Castrum","article_publisher":"https:\/\/www.facebook.com\/castrum.ee","article_modified_time":"2025-09-23T06:53:42+00:00","og_image":[{"width":600,"height":600,"url":"https:\/\/www.castrum.ee\/wp-content\/uploads\/2025\/09\/4C1ADF6C-F582-4C61-B1CD-02E67ABEE602.jpeg","type":"image\/jpeg"}],"twitter_card":"summary_large_image","schema":{"@context":"https:\/\/schema.org","@graph":[{"@type":"WebPage","@id":"https:\/\/www.castrum.ee\/fi\/toode\/4-rough-country-lift-kit-tostesari-jeep-grand-cherokee-wj-wg\/","url":"https:\/\/www.castrum.ee\/fi\/toode\/4-rough-country-lift-kit-tostesari-jeep-grand-cherokee-wj-wg\/","name":"4\" Rough Country Lift Kit t\u00f5stesari | Jeep Grand Cherokee WJ WG | 4x4 off-road varustus, T\u00f5stesarjad","isPartOf":{"@id":"https:\/\/www.castrum.ee\/fi\/#website"},"primaryImageOfPage":{"@id":"https:\/\/www.castrum.ee\/fi\/toode\/4-rough-country-lift-kit-tostesari-jeep-grand-cherokee-wj-wg\/#primaryimage"},"image":{"@id":"https:\/\/www.castrum.ee\/fi\/toode\/4-rough-country-lift-kit-tostesari-jeep-grand-cherokee-wj-wg\/#primaryimage"},"thumbnailUrl":"https:\/\/www.castrum.ee\/wp-content\/uploads\/2025\/09\/4C1ADF6C-F582-4C61-B1CD-02E67ABEE602.jpeg","datePublished":"2025-09-23T06:53:36+00:00","dateModified":"2025-09-23T06:53:42+00:00","description":"4\" Rough Country Lift Kit t\u00f5stesari | Jeep Grand Cherokee WJ WG - 4x4 off-road varustus, T\u00f5stesarjad . Autojen, maastureiden ja pakettiautojen lis\u00e4varusteet. Varaosat.","breadcrumb":{"@id":"https:\/\/www.castrum.ee\/fi\/toode\/4-rough-country-lift-kit-tostesari-jeep-grand-cherokee-wj-wg\/#breadcrumb"},"inLanguage":"fi","potentialAction":[{"@type":"ReadAction","target":["https:\/\/www.castrum.ee\/fi\/toode\/4-rough-country-lift-kit-tostesari-jeep-grand-cherokee-wj-wg\/"]}]},{"@type":"ImageObject","inLanguage":"fi","@id":"https:\/\/www.castrum.ee\/fi\/toode\/4-rough-country-lift-kit-tostesari-jeep-grand-cherokee-wj-wg\/#primaryimage","url":"https:\/\/www.castrum.ee\/wp-content\/uploads\/2025\/09\/4C1ADF6C-F582-4C61-B1CD-02E67ABEE602.jpeg","contentUrl":"https:\/\/www.castrum.ee\/wp-content\/uploads\/2025\/09\/4C1ADF6C-F582-4C61-B1CD-02E67ABEE602.jpeg","width":600,"height":600},{"@type":"BreadcrumbList","@id":"https:\/\/www.castrum.ee\/fi\/toode\/4-rough-country-lift-kit-tostesari-jeep-grand-cherokee-wj-wg\/#breadcrumb","itemListElement":[{"@type":"ListItem","position":1,"name":"Home","item":"https:\/\/www.castrum.ee\/fi\/kotisivu\/"},{"@type":"ListItem","position":2,"name":"Verkkokauppa","item":"https:\/\/www.castrum.ee\/fi\/kauppa\/"},{"@type":"ListItem","position":3,"name":"4&#8243; Rough Country Lift Kit t\u00f5stesari | Jeep Grand Cherokee WJ WG"}]},{"@type":"WebSite","@id":"https:\/\/www.castrum.ee\/fi\/#website","url":"https:\/\/www.castrum.ee\/fi\/","name":"Castrum","description":"Maasturite, s\u00f5iduautode ja v\u00e4ikebusside lisavarustus","publisher":{"@id":"https:\/\/www.castrum.ee\/fi\/#organization"},"potentialAction":[{"@type":"SearchAction","target":{"@type":"EntryPoint","urlTemplate":"https:\/\/www.castrum.ee\/fi\/?s={search_term_string}"},"query-input":{"@type":"PropertyValueSpecification","valueRequired":true,"valueName":"search_term_string"}}],"inLanguage":"fi"},{"@type":"Organization","@id":"https:\/\/www.castrum.ee\/fi\/#organization","name":"Castrum Grupp O\u00dc","url":"https:\/\/www.castrum.ee\/fi\/","logo":{"@type":"ImageObject","inLanguage":"fi","@id":"https:\/\/www.castrum.ee\/fi\/#\/schema\/logo\/image\/","url":"https:\/\/www.castrum.ee\/wp-content\/uploads\/2025\/03\/Castrum-logo-500.png","contentUrl":"https:\/\/www.castrum.ee\/wp-content\/uploads\/2025\/03\/Castrum-logo-500.png","width":500,"height":250,"caption":"Castrum Grupp O\u00dc"},"image":{"@id":"https:\/\/www.castrum.ee\/fi\/#\/schema\/logo\/image\/"},"sameAs":["https:\/\/www.facebook.com\/castrum.ee"]}]}},"_links":{"self":[{"href":"https:\/\/www.castrum.ee\/fi\/wp-json\/wp\/v2\/product\/18970","targetHints":{"allow":["GET"]}}],"collection":[{"href":"https:\/\/www.castrum.ee\/fi\/wp-json\/wp\/v2\/product"}],"about":[{"href":"https:\/\/www.castrum.ee\/fi\/wp-json\/wp\/v2\/types\/product"}],"wp:featuredmedia":[{"embeddable":true,"href":"https:\/\/www.castrum.ee\/fi\/wp-json\/wp\/v2\/media\/19008"}],"wp:attachment":[{"href":"https:\/\/www.castrum.ee\/fi\/wp-json\/wp\/v2\/media?parent=18970"}],"wp:term":[{"taxonomy":"mark-ja-mudel","embeddable":true,"href":"https:\/\/www.castrum.ee\/fi\/wp-json\/wp\/v2\/mark-ja-mudel?post=18970"},{"taxonomy":"product_brand","embeddable":true,"href":"https:\/\/www.castrum.ee\/fi\/wp-json\/wp\/v2\/product_brand?post=18970"},{"taxonomy":"product_cat","embeddable":true,"href":"https:\/\/www.castrum.ee\/fi\/wp-json\/wp\/v2\/product_cat?post=18970"},{"taxonomy":"product_tag","embeddable":true,"href":"https:\/\/www.castrum.ee\/fi\/wp-json\/wp\/v2\/product_tag?post=18970"}],"curies":[{"name":"wp","href":"https:\/\/api.w.org\/{rel}","templated":true}]}}