{"id":18978,"date":"2025-09-23T06:53:37","date_gmt":"2025-09-23T06:53:37","guid":{"rendered":"https:\/\/castrum.hume.ee\/?post_type=product&#038;p=18978"},"modified":"2025-09-23T06:53:49","modified_gmt":"2025-09-23T06:53:49","slug":"50mm-tostesari-ome-mercedes-w463-g-class","status":"publish","type":"product","link":"https:\/\/www.castrum.ee\/fi\/toode\/50mm-tostesari-ome-mercedes-w463-g-class\/","title":{"rendered":"50mm t\u00f5stesari OME | Mercedes W463 G-Class"},"content":{"rendered":"<p>50mm t\u00f5stesari OME &#8211; Mercedes W463 G Class<\/p>\n<p>Sisaldab:<\/p>\n<ul>\n<li>Esi vedrud, 1 paar (Front Coil Springs, 3028)<\/li>\n<li>Taga vedrud, 2 tk (Rear Coil Springs, 3030)<\/li>\n<li>Esi amordid, 2 tk (Front Shock, 60113)<\/li>\n<li>Taga amordid, 2 tk (Rear Shock, 60114)<\/li>\n<\/ul>\n","protected":false},"excerpt":{"rendered":"<p>50mm t\u00f5stesari OME &#8211; Mercedes W463 G Class Sisaldab: Esi  [&#8230;]<\/p>\n","protected":false},"featured_media":19032,"template":"","meta":{"_acf_changed":false},"mark-ja-mudel":[],"product_brand":[676,127],"product_cat":[700,701],"product_tag":[117],"class_list":{"0":"post-18978","1":"product","2":"type-product","3":"status-publish","4":"has-post-thumbnail","6":"product_brand-g-class","7":"product_brand-mercedes-benz","8":"product_cat-4x4-off-road-varustus","9":"product_cat-tostesarjad","10":"product_tag-tarne-1-nadal","12":"first","13":"instock","14":"taxable","15":"shipping-taxable","16":"purchasable","17":"product-type-simple"},"bundled_by":[],"bundle_stock_status":"instock","bundle_stock_quantity":null,"bundle_virtual":false,"bundle_layout":"","bundle_add_to_cart_form_location":"","bundle_editable_in_cart":false,"bundle_sold_individually_context":"","bundle_item_grouping":"","bundle_min_size":"","bundle_max_size":"","bundle_price":[],"bundled_items":[],"bundle_sell_ids":[],"acf":[],"yoast_head":"<!-- This site is optimized with the Yoast SEO plugin v27.3 - https:\/\/yoast.com\/product\/yoast-seo-wordpress\/ -->\n<title>50mm t\u00f5stesari OME | Mercedes W463 G-Class | 4x4 off-road varustus, T\u00f5stesarjad<\/title>\n<meta name=\"description\" content=\"50mm t\u00f5stesari OME | Mercedes W463 G-Class - 4x4 off-road varustus, T\u00f5stesarjad . Autojen, maastureiden ja pakettiautojen lis\u00e4varusteet. Varaosat.\" \/>\n<meta name=\"robots\" content=\"index, follow, max-snippet:-1, max-image-preview:large, max-video-preview:-1\" \/>\n<link rel=\"canonical\" href=\"https:\/\/www.castrum.ee\/fi\/toode\/50mm-tostesari-ome-mercedes-w463-g-class\/\" \/>\n<meta property=\"og:locale\" content=\"fi_FI\" \/>\n<meta property=\"og:type\" content=\"article\" \/>\n<meta property=\"og:title\" content=\"50mm t\u00f5stesari OME | Mercedes W463 G-Class | 4x4 off-road varustus, T\u00f5stesarjad\" \/>\n<meta property=\"og:description\" content=\"50mm t\u00f5stesari OME | Mercedes W463 G-Class - 4x4 off-road varustus, T\u00f5stesarjad . Autojen, maastureiden ja pakettiautojen lis\u00e4varusteet. Varaosat.\" \/>\n<meta property=\"og:url\" content=\"https:\/\/www.castrum.ee\/fi\/toode\/50mm-tostesari-ome-mercedes-w463-g-class\/\" \/>\n<meta property=\"og:site_name\" content=\"Castrum\" \/>\n<meta property=\"article:publisher\" content=\"https:\/\/www.facebook.com\/castrum.ee\" \/>\n<meta property=\"article:modified_time\" content=\"2025-09-23T06:53:49+00:00\" \/>\n<meta property=\"og:image\" content=\"https:\/\/www.castrum.ee\/wp-content\/uploads\/2025\/09\/DC3BCACC-CF84-4BB9-88E7-448F0CACD2C7.jpeg\" \/>\n\t<meta property=\"og:image:width\" content=\"600\" \/>\n\t<meta property=\"og:image:height\" content=\"600\" \/>\n\t<meta property=\"og:image:type\" content=\"image\/jpeg\" \/>\n<meta name=\"twitter:card\" content=\"summary_large_image\" \/>\n<script type=\"application\/ld+json\" class=\"yoast-schema-graph\">{\"@context\":\"https:\\\/\\\/schema.org\",\"@graph\":[{\"@type\":\"WebPage\",\"@id\":\"https:\\\/\\\/www.castrum.ee\\\/fi\\\/toode\\\/50mm-tostesari-ome-mercedes-w463-g-class\\\/\",\"url\":\"https:\\\/\\\/www.castrum.ee\\\/fi\\\/toode\\\/50mm-tostesari-ome-mercedes-w463-g-class\\\/\",\"name\":\"50mm t\u00f5stesari OME | Mercedes W463 G-Class | 4x4 off-road varustus, T\u00f5stesarjad\",\"isPartOf\":{\"@id\":\"https:\\\/\\\/www.castrum.ee\\\/fi\\\/#website\"},\"primaryImageOfPage\":{\"@id\":\"https:\\\/\\\/www.castrum.ee\\\/fi\\\/toode\\\/50mm-tostesari-ome-mercedes-w463-g-class\\\/#primaryimage\"},\"image\":{\"@id\":\"https:\\\/\\\/www.castrum.ee\\\/fi\\\/toode\\\/50mm-tostesari-ome-mercedes-w463-g-class\\\/#primaryimage\"},\"thumbnailUrl\":\"https:\\\/\\\/www.castrum.ee\\\/wp-content\\\/uploads\\\/2025\\\/09\\\/DC3BCACC-CF84-4BB9-88E7-448F0CACD2C7.jpeg\",\"datePublished\":\"2025-09-23T06:53:37+00:00\",\"dateModified\":\"2025-09-23T06:53:49+00:00\",\"description\":\"50mm t\u00f5stesari OME | Mercedes W463 G-Class - 4x4 off-road varustus, T\u00f5stesarjad . Autojen, maastureiden ja pakettiautojen lis\u00e4varusteet. Varaosat.\",\"breadcrumb\":{\"@id\":\"https:\\\/\\\/www.castrum.ee\\\/fi\\\/toode\\\/50mm-tostesari-ome-mercedes-w463-g-class\\\/#breadcrumb\"},\"inLanguage\":\"fi\",\"potentialAction\":[{\"@type\":\"ReadAction\",\"target\":[\"https:\\\/\\\/www.castrum.ee\\\/fi\\\/toode\\\/50mm-tostesari-ome-mercedes-w463-g-class\\\/\"]}]},{\"@type\":\"ImageObject\",\"inLanguage\":\"fi\",\"@id\":\"https:\\\/\\\/www.castrum.ee\\\/fi\\\/toode\\\/50mm-tostesari-ome-mercedes-w463-g-class\\\/#primaryimage\",\"url\":\"https:\\\/\\\/www.castrum.ee\\\/wp-content\\\/uploads\\\/2025\\\/09\\\/DC3BCACC-CF84-4BB9-88E7-448F0CACD2C7.jpeg\",\"contentUrl\":\"https:\\\/\\\/www.castrum.ee\\\/wp-content\\\/uploads\\\/2025\\\/09\\\/DC3BCACC-CF84-4BB9-88E7-448F0CACD2C7.jpeg\",\"width\":600,\"height\":600},{\"@type\":\"BreadcrumbList\",\"@id\":\"https:\\\/\\\/www.castrum.ee\\\/fi\\\/toode\\\/50mm-tostesari-ome-mercedes-w463-g-class\\\/#breadcrumb\",\"itemListElement\":[{\"@type\":\"ListItem\",\"position\":1,\"name\":\"Home\",\"item\":\"https:\\\/\\\/www.castrum.ee\\\/fi\\\/kotisivu\\\/\"},{\"@type\":\"ListItem\",\"position\":2,\"name\":\"Verkkokauppa\",\"item\":\"https:\\\/\\\/www.castrum.ee\\\/fi\\\/kauppa\\\/\"},{\"@type\":\"ListItem\",\"position\":3,\"name\":\"50mm t\u00f5stesari OME | Mercedes W463 G-Class\"}]},{\"@type\":\"WebSite\",\"@id\":\"https:\\\/\\\/www.castrum.ee\\\/fi\\\/#website\",\"url\":\"https:\\\/\\\/www.castrum.ee\\\/fi\\\/\",\"name\":\"Castrum\",\"description\":\"Maasturite, s\u00f5iduautode ja v\u00e4ikebusside lisavarustus\",\"publisher\":{\"@id\":\"https:\\\/\\\/www.castrum.ee\\\/fi\\\/#organization\"},\"potentialAction\":[{\"@type\":\"SearchAction\",\"target\":{\"@type\":\"EntryPoint\",\"urlTemplate\":\"https:\\\/\\\/www.castrum.ee\\\/fi\\\/?s={search_term_string}\"},\"query-input\":{\"@type\":\"PropertyValueSpecification\",\"valueRequired\":true,\"valueName\":\"search_term_string\"}}],\"inLanguage\":\"fi\"},{\"@type\":\"Organization\",\"@id\":\"https:\\\/\\\/www.castrum.ee\\\/fi\\\/#organization\",\"name\":\"Castrum Grupp O\u00dc\",\"url\":\"https:\\\/\\\/www.castrum.ee\\\/fi\\\/\",\"logo\":{\"@type\":\"ImageObject\",\"inLanguage\":\"fi\",\"@id\":\"https:\\\/\\\/www.castrum.ee\\\/fi\\\/#\\\/schema\\\/logo\\\/image\\\/\",\"url\":\"https:\\\/\\\/www.castrum.ee\\\/wp-content\\\/uploads\\\/2025\\\/03\\\/Castrum-logo-500.png\",\"contentUrl\":\"https:\\\/\\\/www.castrum.ee\\\/wp-content\\\/uploads\\\/2025\\\/03\\\/Castrum-logo-500.png\",\"width\":500,\"height\":250,\"caption\":\"Castrum Grupp O\u00dc\"},\"image\":{\"@id\":\"https:\\\/\\\/www.castrum.ee\\\/fi\\\/#\\\/schema\\\/logo\\\/image\\\/\"},\"sameAs\":[\"https:\\\/\\\/www.facebook.com\\\/castrum.ee\"]}]}<\/script>\n<!-- \/ Yoast SEO plugin. -->","yoast_head_json":{"title":"50mm t\u00f5stesari OME | Mercedes W463 G-Class | 4x4 off-road varustus, T\u00f5stesarjad","description":"50mm t\u00f5stesari OME | Mercedes W463 G-Class - 4x4 off-road varustus, T\u00f5stesarjad . Autojen, maastureiden ja pakettiautojen lis\u00e4varusteet. Varaosat.","robots":{"index":"index","follow":"follow","max-snippet":"max-snippet:-1","max-image-preview":"max-image-preview:large","max-video-preview":"max-video-preview:-1"},"canonical":"https:\/\/www.castrum.ee\/fi\/toode\/50mm-tostesari-ome-mercedes-w463-g-class\/","og_locale":"fi_FI","og_type":"article","og_title":"50mm t\u00f5stesari OME | Mercedes W463 G-Class | 4x4 off-road varustus, T\u00f5stesarjad","og_description":"50mm t\u00f5stesari OME | Mercedes W463 G-Class - 4x4 off-road varustus, T\u00f5stesarjad . Autojen, maastureiden ja pakettiautojen lis\u00e4varusteet. Varaosat.","og_url":"https:\/\/www.castrum.ee\/fi\/toode\/50mm-tostesari-ome-mercedes-w463-g-class\/","og_site_name":"Castrum","article_publisher":"https:\/\/www.facebook.com\/castrum.ee","article_modified_time":"2025-09-23T06:53:49+00:00","og_image":[{"width":600,"height":600,"url":"https:\/\/www.castrum.ee\/wp-content\/uploads\/2025\/09\/DC3BCACC-CF84-4BB9-88E7-448F0CACD2C7.jpeg","type":"image\/jpeg"}],"twitter_card":"summary_large_image","schema":{"@context":"https:\/\/schema.org","@graph":[{"@type":"WebPage","@id":"https:\/\/www.castrum.ee\/fi\/toode\/50mm-tostesari-ome-mercedes-w463-g-class\/","url":"https:\/\/www.castrum.ee\/fi\/toode\/50mm-tostesari-ome-mercedes-w463-g-class\/","name":"50mm t\u00f5stesari OME | Mercedes W463 G-Class | 4x4 off-road varustus, T\u00f5stesarjad","isPartOf":{"@id":"https:\/\/www.castrum.ee\/fi\/#website"},"primaryImageOfPage":{"@id":"https:\/\/www.castrum.ee\/fi\/toode\/50mm-tostesari-ome-mercedes-w463-g-class\/#primaryimage"},"image":{"@id":"https:\/\/www.castrum.ee\/fi\/toode\/50mm-tostesari-ome-mercedes-w463-g-class\/#primaryimage"},"thumbnailUrl":"https:\/\/www.castrum.ee\/wp-content\/uploads\/2025\/09\/DC3BCACC-CF84-4BB9-88E7-448F0CACD2C7.jpeg","datePublished":"2025-09-23T06:53:37+00:00","dateModified":"2025-09-23T06:53:49+00:00","description":"50mm t\u00f5stesari OME | Mercedes W463 G-Class - 4x4 off-road varustus, T\u00f5stesarjad . Autojen, maastureiden ja pakettiautojen lis\u00e4varusteet. Varaosat.","breadcrumb":{"@id":"https:\/\/www.castrum.ee\/fi\/toode\/50mm-tostesari-ome-mercedes-w463-g-class\/#breadcrumb"},"inLanguage":"fi","potentialAction":[{"@type":"ReadAction","target":["https:\/\/www.castrum.ee\/fi\/toode\/50mm-tostesari-ome-mercedes-w463-g-class\/"]}]},{"@type":"ImageObject","inLanguage":"fi","@id":"https:\/\/www.castrum.ee\/fi\/toode\/50mm-tostesari-ome-mercedes-w463-g-class\/#primaryimage","url":"https:\/\/www.castrum.ee\/wp-content\/uploads\/2025\/09\/DC3BCACC-CF84-4BB9-88E7-448F0CACD2C7.jpeg","contentUrl":"https:\/\/www.castrum.ee\/wp-content\/uploads\/2025\/09\/DC3BCACC-CF84-4BB9-88E7-448F0CACD2C7.jpeg","width":600,"height":600},{"@type":"BreadcrumbList","@id":"https:\/\/www.castrum.ee\/fi\/toode\/50mm-tostesari-ome-mercedes-w463-g-class\/#breadcrumb","itemListElement":[{"@type":"ListItem","position":1,"name":"Home","item":"https:\/\/www.castrum.ee\/fi\/kotisivu\/"},{"@type":"ListItem","position":2,"name":"Verkkokauppa","item":"https:\/\/www.castrum.ee\/fi\/kauppa\/"},{"@type":"ListItem","position":3,"name":"50mm t\u00f5stesari OME | Mercedes W463 G-Class"}]},{"@type":"WebSite","@id":"https:\/\/www.castrum.ee\/fi\/#website","url":"https:\/\/www.castrum.ee\/fi\/","name":"Castrum","description":"Maasturite, s\u00f5iduautode ja v\u00e4ikebusside lisavarustus","publisher":{"@id":"https:\/\/www.castrum.ee\/fi\/#organization"},"potentialAction":[{"@type":"SearchAction","target":{"@type":"EntryPoint","urlTemplate":"https:\/\/www.castrum.ee\/fi\/?s={search_term_string}"},"query-input":{"@type":"PropertyValueSpecification","valueRequired":true,"valueName":"search_term_string"}}],"inLanguage":"fi"},{"@type":"Organization","@id":"https:\/\/www.castrum.ee\/fi\/#organization","name":"Castrum Grupp O\u00dc","url":"https:\/\/www.castrum.ee\/fi\/","logo":{"@type":"ImageObject","inLanguage":"fi","@id":"https:\/\/www.castrum.ee\/fi\/#\/schema\/logo\/image\/","url":"https:\/\/www.castrum.ee\/wp-content\/uploads\/2025\/03\/Castrum-logo-500.png","contentUrl":"https:\/\/www.castrum.ee\/wp-content\/uploads\/2025\/03\/Castrum-logo-500.png","width":500,"height":250,"caption":"Castrum Grupp O\u00dc"},"image":{"@id":"https:\/\/www.castrum.ee\/fi\/#\/schema\/logo\/image\/"},"sameAs":["https:\/\/www.facebook.com\/castrum.ee"]}]}},"_links":{"self":[{"href":"https:\/\/www.castrum.ee\/fi\/wp-json\/wp\/v2\/product\/18978","targetHints":{"allow":["GET"]}}],"collection":[{"href":"https:\/\/www.castrum.ee\/fi\/wp-json\/wp\/v2\/product"}],"about":[{"href":"https:\/\/www.castrum.ee\/fi\/wp-json\/wp\/v2\/types\/product"}],"wp:featuredmedia":[{"embeddable":true,"href":"https:\/\/www.castrum.ee\/fi\/wp-json\/wp\/v2\/media\/19032"}],"wp:attachment":[{"href":"https:\/\/www.castrum.ee\/fi\/wp-json\/wp\/v2\/media?parent=18978"}],"wp:term":[{"taxonomy":"mark-ja-mudel","embeddable":true,"href":"https:\/\/www.castrum.ee\/fi\/wp-json\/wp\/v2\/mark-ja-mudel?post=18978"},{"taxonomy":"product_brand","embeddable":true,"href":"https:\/\/www.castrum.ee\/fi\/wp-json\/wp\/v2\/product_brand?post=18978"},{"taxonomy":"product_cat","embeddable":true,"href":"https:\/\/www.castrum.ee\/fi\/wp-json\/wp\/v2\/product_cat?post=18978"},{"taxonomy":"product_tag","embeddable":true,"href":"https:\/\/www.castrum.ee\/fi\/wp-json\/wp\/v2\/product_tag?post=18978"}],"curies":[{"name":"wp","href":"https:\/\/api.w.org\/{rel}","templated":true}]}}