{"id":18989,"date":"2025-09-23T06:53:37","date_gmt":"2025-09-23T06:53:37","guid":{"rendered":"https:\/\/castrum.hume.ee\/?post_type=product&#038;p=18989"},"modified":"2025-09-23T06:54:07","modified_gmt":"2025-09-23T06:54:07","slug":"4-rough-country-tostesari-n3-amortidega-dodge-ram-1500-12-18","status":"publish","type":"product","link":"https:\/\/www.castrum.ee\/toode\/4-rough-country-tostesari-n3-amortidega-dodge-ram-1500-12-18\/","title":{"rendered":"4&#8243; Rough Country t\u00f5stesari N3 amortidega | Dodge RAM 1500 [12-18]"},"content":{"rendered":"<h2>Kestev vedrustuskomplekt Rough Countrylt<\/h2>\n<p>Anna oma RAM 1500-le ideaalne kombinatsioon j\u00f5udlusest, kaitsest ja stiilist Rough Country 4&#8243; t\u00f5stevedrustusega. See on loodud pakkuma taskukohast viisi, kuidas <strong>maksimeerida maastikusuutlikkust ja kasutada kuni 35&#8243; rehve<\/strong>. Komplekt sisaldab kvaliteetseid, raskeveokite terasosadest komponente, mis on m\u00f5eldud uutele RAM 1500 mudelitele. Laseriga l\u00f5igatud tugevdatud terasosad tagavad t\u00f6\u00f6kindluse, samas kui 4&#8243; t\u00f5stevedrustus on t\u00e4ielik komplekt k\u00f5ige vajalikuga maastikul h\u00e4sti toimimiseks. Suure kliirensiga esi- ja tagumised risttalad pakuvad <strong>piisavalt ruumi maastikul ronimiseks ja s\u00f5iduks<\/strong>. Tugev kaitseplaat (skid plate) varjab diferentsiaali, pakkudes kaitset keerulisel maastikul. Komplektis on ka vastupidavad t\u00f5stetud valatud roolinukid (lifted cast knuckles), mis aitavad s\u00e4ilitada \u00f5ige geomeetria p\u00e4rast t\u00f5stmist. T\u00f5elistele maastikus\u00f5pradele sisaldab komplekt ka <strong>tagumisi N3 l\u00e4mmastikt\u00e4itega amorte (Nitrogen-charged shock absorbers)<\/strong>, mis on h\u00e4\u00e4lestatud pakkuma tasakaalu maanteel ja maastikul s\u00f5itmiseks.  <\/p>\n<p><strong>Spetsifikatsioonid:<\/strong><\/p>\n<ul>\n<li><strong>Valmistatud uhkusega USA-s<\/strong><\/li>\n<li>S\u00e4ilitab tehase s\u00f5idumugavuse<\/li>\n<li>Suurendab kliirensit<\/li>\n<li>Tasandab esiosa s\u00f5iduki tagumistega<\/li>\n<\/ul>\n<p><strong>Komplektis:<\/strong><\/p>\n<ul>\n<li>Esi t\u00f5stetud roolinukid (front lifted knuckles)<\/li>\n<li>Esi \u00fclemised amordi vahet\u00fckid (front upper strut spacers)<\/li>\n<li>Esi risttala (front crossmember)<\/li>\n<li>Esi diferentsiaali langetuskronsteinid (front differential drop brackets)<\/li>\n<li>Esi kardaani vahet\u00fckk (front driveshaft spacer)<\/li>\n<li>Esi stabilisaatori vardad (front sway-bar links)<\/li>\n<li>Esi kaitseplaat (front skid plate)<\/li>\n<li>Taga risttala (rear crossmember)<\/li>\n<li>Taga \u00fclemised vedru vahet\u00fckid (rear upper coil spacers)<\/li>\n<li>Taga stabilisaatori vardad (rear sway-bar links)<\/li>\n<li>Taga puhvrikronsteinid (rear bump-stop brackets)<\/li>\n<li>Taga pidurivooliku kronsteinid (rear brake line brackets)<\/li>\n<li>2x tagumised N3 premium amordid (rear N3 premium shocks)<\/li>\n<li>Kinnitusdetailid<\/li>\n<\/ul>\n<p><strong>M\u00e4rkused:<\/strong><\/p>\n<ul>\n<li>N\u00f5uab l\u00f5ikamist<\/li>\n<li>Komplekti ei soovitata AWD mudelitele<\/li>\n<li>Sobib Eco Diesel mootoriga mudelitele<\/li>\n<li>TRX mudelitel saavutatakse umbes 1&#8243; lisat\u00f5stet<\/li>\n<li>Ei sobi tehasest \u00f5hkvedrustusega mudelitele<\/li>\n<li>N\u00f5uab 20&#8243; v\u00f5i suuremaid velgi<\/li>\n<li>Ei sobi 18&#8243; v\u00f5i v\u00e4iksematele velgedele<\/li>\n<li>Sobib ainult 4WD mudelitele (<strong>ONLY<\/strong>)<\/li>\n<\/ul>\n","protected":false},"excerpt":{"rendered":"<p>Kestev vedrustuskomplekt Rough Countrylt Anna oma RAM 1500-le ideaalne kombinatsioon  [&#8230;]<\/p>\n","protected":false},"featured_media":19062,"template":"","meta":{"_acf_changed":false},"mark-ja-mudel":[],"product_brand":[142,143],"product_cat":[700,701],"product_tag":[140],"class_list":{"0":"post-18989","1":"product","2":"type-product","3":"status-publish","4":"has-post-thumbnail","6":"product_brand-dodge","7":"product_brand-ram-1500","8":"product_cat-4x4-off-road-varustus","9":"product_cat-tostesarjad","10":"product_tag-tarne-4-5-paeva","12":"first","13":"instock","14":"taxable","15":"shipping-taxable","16":"purchasable","17":"product-type-simple"},"bundled_by":[],"bundle_stock_status":"instock","bundle_stock_quantity":null,"bundle_virtual":false,"bundle_layout":"","bundle_add_to_cart_form_location":"","bundle_editable_in_cart":false,"bundle_sold_individually_context":"","bundle_item_grouping":"","bundle_min_size":"","bundle_max_size":"","bundle_price":[],"bundled_items":[],"bundle_sell_ids":[],"acf":[],"yoast_head":"<!-- This site is optimized with the Yoast SEO plugin v27.3 - https:\/\/yoast.com\/product\/yoast-seo-wordpress\/ -->\n<title>4&quot; Rough Country t\u00f5stesari N3 amortidega | Dodge RAM 1500 [12-18] | 4x4 off-road varustus, T\u00f5stesarjad<\/title>\n<meta name=\"description\" content=\"4&quot; Rough Country t\u00f5stesari N3 amortidega | Dodge RAM 1500 [12-18] - 4x4 off-road varustus, T\u00f5stesarjad . Autojen, maastureiden ja pakettiautojen lis\u00e4varusteet. Varaosat.\" \/>\n<meta name=\"robots\" content=\"index, follow, max-snippet:-1, max-image-preview:large, max-video-preview:-1\" \/>\n<link rel=\"canonical\" href=\"https:\/\/www.castrum.ee\/fi\/toode\/4-rough-country-tostesari-n3-amortidega-dodge-ram-1500-12-18\/\" \/>\n<meta property=\"og:locale\" content=\"fi_FI\" \/>\n<meta property=\"og:type\" content=\"article\" \/>\n<meta property=\"og:title\" content=\"4&quot; Rough Country t\u00f5stesari N3 amortidega | Dodge RAM 1500 [12-18] | 4x4 off-road varustus, T\u00f5stesarjad\" \/>\n<meta property=\"og:description\" content=\"4&quot; Rough Country t\u00f5stesari N3 amortidega | Dodge RAM 1500 [12-18] - 4x4 off-road varustus, T\u00f5stesarjad . Autojen, maastureiden ja pakettiautojen lis\u00e4varusteet. Varaosat.\" \/>\n<meta property=\"og:url\" content=\"https:\/\/www.castrum.ee\/toode\/4-rough-country-tostesari-n3-amortidega-dodge-ram-1500-12-18\/\" \/>\n<meta property=\"og:site_name\" content=\"Castrum\" \/>\n<meta property=\"article:publisher\" content=\"https:\/\/www.facebook.com\/castrum.ee\" \/>\n<meta property=\"article:modified_time\" content=\"2025-09-23T06:54:07+00:00\" \/>\n<meta property=\"og:image\" content=\"https:\/\/www.castrum.ee\/wp-content\/uploads\/2025\/09\/IMG_0216.jpeg\" \/>\n\t<meta property=\"og:image:width\" content=\"750\" \/>\n\t<meta property=\"og:image:height\" content=\"750\" \/>\n\t<meta property=\"og:image:type\" content=\"image\/jpeg\" \/>\n<meta name=\"twitter:card\" content=\"summary_large_image\" \/>\n<meta name=\"twitter:label1\" content=\"Arvioitu lukuaika\" \/>\n\t<meta name=\"twitter:data1\" content=\"1 minuutti\" \/>\n<script type=\"application\/ld+json\" class=\"yoast-schema-graph\">{\"@context\":\"https:\\\/\\\/schema.org\",\"@graph\":[{\"@type\":\"WebPage\",\"@id\":\"https:\\\/\\\/www.castrum.ee\\\/toode\\\/4-rough-country-tostesari-n3-amortidega-dodge-ram-1500-12-18\\\/\",\"url\":\"https:\\\/\\\/www.castrum.ee\\\/toode\\\/4-rough-country-tostesari-n3-amortidega-dodge-ram-1500-12-18\\\/\",\"name\":\"4\\\" Rough Country t\u00f5stesari N3 amortidega | Dodge RAM 1500 [12-18] | 4x4 off-road varustus, T\u00f5stesarjad\",\"isPartOf\":{\"@id\":\"https:\\\/\\\/www.castrum.ee\\\/fi\\\/#website\"},\"primaryImageOfPage\":{\"@id\":\"https:\\\/\\\/www.castrum.ee\\\/toode\\\/4-rough-country-tostesari-n3-amortidega-dodge-ram-1500-12-18\\\/#primaryimage\"},\"image\":{\"@id\":\"https:\\\/\\\/www.castrum.ee\\\/toode\\\/4-rough-country-tostesari-n3-amortidega-dodge-ram-1500-12-18\\\/#primaryimage\"},\"thumbnailUrl\":\"https:\\\/\\\/www.castrum.ee\\\/wp-content\\\/uploads\\\/2025\\\/09\\\/IMG_0216.jpeg\",\"datePublished\":\"2025-09-23T06:53:37+00:00\",\"dateModified\":\"2025-09-23T06:54:07+00:00\",\"description\":\"4\\\" Rough Country t\u00f5stesari N3 amortidega | Dodge RAM 1500 [12-18] - 4x4 off-road varustus, T\u00f5stesarjad . Autojen, maastureiden ja pakettiautojen lis\u00e4varusteet. Varaosat.\",\"breadcrumb\":{\"@id\":\"https:\\\/\\\/www.castrum.ee\\\/toode\\\/4-rough-country-tostesari-n3-amortidega-dodge-ram-1500-12-18\\\/#breadcrumb\"},\"inLanguage\":\"fi\",\"potentialAction\":[{\"@type\":\"ReadAction\",\"target\":[\"https:\\\/\\\/www.castrum.ee\\\/toode\\\/4-rough-country-tostesari-n3-amortidega-dodge-ram-1500-12-18\\\/\"]}]},{\"@type\":\"ImageObject\",\"inLanguage\":\"fi\",\"@id\":\"https:\\\/\\\/www.castrum.ee\\\/toode\\\/4-rough-country-tostesari-n3-amortidega-dodge-ram-1500-12-18\\\/#primaryimage\",\"url\":\"https:\\\/\\\/www.castrum.ee\\\/wp-content\\\/uploads\\\/2025\\\/09\\\/IMG_0216.jpeg\",\"contentUrl\":\"https:\\\/\\\/www.castrum.ee\\\/wp-content\\\/uploads\\\/2025\\\/09\\\/IMG_0216.jpeg\",\"width\":750,\"height\":750},{\"@type\":\"BreadcrumbList\",\"@id\":\"https:\\\/\\\/www.castrum.ee\\\/toode\\\/4-rough-country-tostesari-n3-amortidega-dodge-ram-1500-12-18\\\/#breadcrumb\",\"itemListElement\":[{\"@type\":\"ListItem\",\"position\":1,\"name\":\"Home\",\"item\":\"https:\\\/\\\/www.castrum.ee\\\/fi\\\/kotisivu\\\/\"},{\"@type\":\"ListItem\",\"position\":2,\"name\":\"Verkkokauppa\",\"item\":\"https:\\\/\\\/www.castrum.ee\\\/fi\\\/kauppa\\\/\"},{\"@type\":\"ListItem\",\"position\":3,\"name\":\"4&#8243; Rough Country t\u00f5stesari N3 amortidega | Dodge RAM 1500 [12-18]\"}]},{\"@type\":\"WebSite\",\"@id\":\"https:\\\/\\\/www.castrum.ee\\\/fi\\\/#website\",\"url\":\"https:\\\/\\\/www.castrum.ee\\\/fi\\\/\",\"name\":\"Castrum\",\"description\":\"Maastoautojen, henkil\u00f6autojen ja pienvaunujen lis\u00e4varusteet\",\"publisher\":{\"@id\":\"https:\\\/\\\/www.castrum.ee\\\/fi\\\/#organization\"},\"potentialAction\":[{\"@type\":\"SearchAction\",\"target\":{\"@type\":\"EntryPoint\",\"urlTemplate\":\"https:\\\/\\\/www.castrum.ee\\\/fi\\\/?s={search_term_string}\"},\"query-input\":{\"@type\":\"PropertyValueSpecification\",\"valueRequired\":true,\"valueName\":\"search_term_string\"}}],\"inLanguage\":\"fi\"},{\"@type\":\"Organization\",\"@id\":\"https:\\\/\\\/www.castrum.ee\\\/fi\\\/#organization\",\"name\":\"Castrum Grupp O\u00dc\",\"url\":\"https:\\\/\\\/www.castrum.ee\\\/fi\\\/\",\"logo\":{\"@type\":\"ImageObject\",\"inLanguage\":\"fi\",\"@id\":\"https:\\\/\\\/www.castrum.ee\\\/fi\\\/#\\\/schema\\\/logo\\\/image\\\/\",\"url\":\"https:\\\/\\\/www.castrum.ee\\\/wp-content\\\/uploads\\\/2025\\\/03\\\/Castrum-logo-500.png\",\"contentUrl\":\"https:\\\/\\\/www.castrum.ee\\\/wp-content\\\/uploads\\\/2025\\\/03\\\/Castrum-logo-500.png\",\"width\":500,\"height\":250,\"caption\":\"Castrum Grupp O\u00dc\"},\"image\":{\"@id\":\"https:\\\/\\\/www.castrum.ee\\\/fi\\\/#\\\/schema\\\/logo\\\/image\\\/\"},\"sameAs\":[\"https:\\\/\\\/www.facebook.com\\\/castrum.ee\"]}]}<\/script>\n<!-- \/ Yoast SEO plugin. -->","yoast_head_json":{"title":"4\" Rough Country t\u00f5stesari N3 amortidega | Dodge RAM 1500 [12-18] | 4x4 off-road varustus, T\u00f5stesarjad","description":"4\" Rough Country t\u00f5stesari N3 amortidega | Dodge RAM 1500 [12-18] - 4x4 off-road varustus, T\u00f5stesarjad . Autojen, maastureiden ja pakettiautojen lis\u00e4varusteet. Varaosat.","robots":{"index":"index","follow":"follow","max-snippet":"max-snippet:-1","max-image-preview":"max-image-preview:large","max-video-preview":"max-video-preview:-1"},"canonical":"https:\/\/www.castrum.ee\/fi\/toode\/4-rough-country-tostesari-n3-amortidega-dodge-ram-1500-12-18\/","og_locale":"fi_FI","og_type":"article","og_title":"4\" Rough Country t\u00f5stesari N3 amortidega | Dodge RAM 1500 [12-18] | 4x4 off-road varustus, T\u00f5stesarjad","og_description":"4\" Rough Country t\u00f5stesari N3 amortidega | Dodge RAM 1500 [12-18] - 4x4 off-road varustus, T\u00f5stesarjad . Autojen, maastureiden ja pakettiautojen lis\u00e4varusteet. Varaosat.","og_url":"https:\/\/www.castrum.ee\/toode\/4-rough-country-tostesari-n3-amortidega-dodge-ram-1500-12-18\/","og_site_name":"Castrum","article_publisher":"https:\/\/www.facebook.com\/castrum.ee","article_modified_time":"2025-09-23T06:54:07+00:00","og_image":[{"width":750,"height":750,"url":"https:\/\/www.castrum.ee\/wp-content\/uploads\/2025\/09\/IMG_0216.jpeg","type":"image\/jpeg"}],"twitter_card":"summary_large_image","twitter_misc":{"Arvioitu lukuaika":"1 minuutti"},"schema":{"@context":"https:\/\/schema.org","@graph":[{"@type":"WebPage","@id":"https:\/\/www.castrum.ee\/toode\/4-rough-country-tostesari-n3-amortidega-dodge-ram-1500-12-18\/","url":"https:\/\/www.castrum.ee\/toode\/4-rough-country-tostesari-n3-amortidega-dodge-ram-1500-12-18\/","name":"4\" Rough Country t\u00f5stesari N3 amortidega | Dodge RAM 1500 [12-18] | 4x4 off-road varustus, T\u00f5stesarjad","isPartOf":{"@id":"https:\/\/www.castrum.ee\/fi\/#website"},"primaryImageOfPage":{"@id":"https:\/\/www.castrum.ee\/toode\/4-rough-country-tostesari-n3-amortidega-dodge-ram-1500-12-18\/#primaryimage"},"image":{"@id":"https:\/\/www.castrum.ee\/toode\/4-rough-country-tostesari-n3-amortidega-dodge-ram-1500-12-18\/#primaryimage"},"thumbnailUrl":"https:\/\/www.castrum.ee\/wp-content\/uploads\/2025\/09\/IMG_0216.jpeg","datePublished":"2025-09-23T06:53:37+00:00","dateModified":"2025-09-23T06:54:07+00:00","description":"4\" Rough Country t\u00f5stesari N3 amortidega | Dodge RAM 1500 [12-18] - 4x4 off-road varustus, T\u00f5stesarjad . Autojen, maastureiden ja pakettiautojen lis\u00e4varusteet. Varaosat.","breadcrumb":{"@id":"https:\/\/www.castrum.ee\/toode\/4-rough-country-tostesari-n3-amortidega-dodge-ram-1500-12-18\/#breadcrumb"},"inLanguage":"fi","potentialAction":[{"@type":"ReadAction","target":["https:\/\/www.castrum.ee\/toode\/4-rough-country-tostesari-n3-amortidega-dodge-ram-1500-12-18\/"]}]},{"@type":"ImageObject","inLanguage":"fi","@id":"https:\/\/www.castrum.ee\/toode\/4-rough-country-tostesari-n3-amortidega-dodge-ram-1500-12-18\/#primaryimage","url":"https:\/\/www.castrum.ee\/wp-content\/uploads\/2025\/09\/IMG_0216.jpeg","contentUrl":"https:\/\/www.castrum.ee\/wp-content\/uploads\/2025\/09\/IMG_0216.jpeg","width":750,"height":750},{"@type":"BreadcrumbList","@id":"https:\/\/www.castrum.ee\/toode\/4-rough-country-tostesari-n3-amortidega-dodge-ram-1500-12-18\/#breadcrumb","itemListElement":[{"@type":"ListItem","position":1,"name":"Home","item":"https:\/\/www.castrum.ee\/fi\/kotisivu\/"},{"@type":"ListItem","position":2,"name":"Verkkokauppa","item":"https:\/\/www.castrum.ee\/fi\/kauppa\/"},{"@type":"ListItem","position":3,"name":"4&#8243; Rough Country t\u00f5stesari N3 amortidega | Dodge RAM 1500 [12-18]"}]},{"@type":"WebSite","@id":"https:\/\/www.castrum.ee\/fi\/#website","url":"https:\/\/www.castrum.ee\/fi\/","name":"Castrum","description":"Maastoautojen, henkil\u00f6autojen ja pienvaunujen lis\u00e4varusteet","publisher":{"@id":"https:\/\/www.castrum.ee\/fi\/#organization"},"potentialAction":[{"@type":"SearchAction","target":{"@type":"EntryPoint","urlTemplate":"https:\/\/www.castrum.ee\/fi\/?s={search_term_string}"},"query-input":{"@type":"PropertyValueSpecification","valueRequired":true,"valueName":"search_term_string"}}],"inLanguage":"fi"},{"@type":"Organization","@id":"https:\/\/www.castrum.ee\/fi\/#organization","name":"Castrum Grupp O\u00dc","url":"https:\/\/www.castrum.ee\/fi\/","logo":{"@type":"ImageObject","inLanguage":"fi","@id":"https:\/\/www.castrum.ee\/fi\/#\/schema\/logo\/image\/","url":"https:\/\/www.castrum.ee\/wp-content\/uploads\/2025\/03\/Castrum-logo-500.png","contentUrl":"https:\/\/www.castrum.ee\/wp-content\/uploads\/2025\/03\/Castrum-logo-500.png","width":500,"height":250,"caption":"Castrum Grupp O\u00dc"},"image":{"@id":"https:\/\/www.castrum.ee\/fi\/#\/schema\/logo\/image\/"},"sameAs":["https:\/\/www.facebook.com\/castrum.ee"]}]}},"_links":{"self":[{"href":"https:\/\/www.castrum.ee\/fi\/wp-json\/wp\/v2\/product\/18989","targetHints":{"allow":["GET"]}}],"collection":[{"href":"https:\/\/www.castrum.ee\/fi\/wp-json\/wp\/v2\/product"}],"about":[{"href":"https:\/\/www.castrum.ee\/fi\/wp-json\/wp\/v2\/types\/product"}],"wp:featuredmedia":[{"embeddable":true,"href":"https:\/\/www.castrum.ee\/fi\/wp-json\/wp\/v2\/media\/19062"}],"wp:attachment":[{"href":"https:\/\/www.castrum.ee\/fi\/wp-json\/wp\/v2\/media?parent=18989"}],"wp:term":[{"taxonomy":"mark-ja-mudel","embeddable":true,"href":"https:\/\/www.castrum.ee\/fi\/wp-json\/wp\/v2\/mark-ja-mudel?post=18989"},{"taxonomy":"product_brand","embeddable":true,"href":"https:\/\/www.castrum.ee\/fi\/wp-json\/wp\/v2\/product_brand?post=18989"},{"taxonomy":"product_cat","embeddable":true,"href":"https:\/\/www.castrum.ee\/fi\/wp-json\/wp\/v2\/product_cat?post=18989"},{"taxonomy":"product_tag","embeddable":true,"href":"https:\/\/www.castrum.ee\/fi\/wp-json\/wp\/v2\/product_tag?post=18989"}],"curies":[{"name":"wp","href":"https:\/\/api.w.org\/{rel}","templated":true}]}}