{"id":18990,"date":"2025-09-23T06:53:37","date_gmt":"2025-09-23T06:53:37","guid":{"rendered":"https:\/\/castrum.hume.ee\/?post_type=product&#038;p=18990"},"modified":"2025-09-23T06:54:11","modified_gmt":"2025-09-23T06:54:11","slug":"4-bds-tostesari-nx2-amortidele-ohkvedrustus-dodge-ram-1500-13-18","status":"publish","type":"product","link":"https:\/\/www.castrum.ee\/fi\/toode\/4-bds-tostesari-nx2-amortidele-ohkvedrustus-dodge-ram-1500-13-18\/","title":{"rendered":"4&#8243; BDS t\u00f5stesari NX2 amortidele (\u00f5hkvedrustus) | Dodge RAM 1500 [13-18]"},"content":{"rendered":"<p>See uus t\u00f5stesari on spetsiaalselt loodud t\u00f6\u00f6tama Dodge Ram 1500 tehase reguleeritava \u00f5hkvedrustuss\u00fcsteemiga. Valides BDS vedrustuskomplekti, v\u00f5id kindel olla, et iga detail on valmistatud <strong>k\u00f5rgeima kvaliteediga materjalidest<\/strong> ja sobib sinu s\u00f5idukile ideaalselt. Komplekt <strong>suurendab kliirensit<\/strong>, v\u00f5imaldades paigaldada suuremaid rehve ning kohandada s\u00f5idukit maastikuoludele. K\u00f5ik elemendid tagavad vedrustuse laitmatu t\u00f6\u00f6 ka t\u00f5stetud s\u00f5idukil. Komplekt sisaldab kinnitusdetaile. Vali BDS ja mine rajale muretult!  <\/p>\n<p><strong>Spetsifikatsioonid:<\/strong><\/p>\n<ul>\n<li>Professionaalne t\u00f5stesari, loodud sobima sinu autole<\/li>\n<li>Tagab korrektsed s\u00f5iduomadused ka t\u00f5stetuna<\/li>\n<li>Kohandatud nii maanteele kui ka maastikule<\/li>\n<li>Parandab t\u00f5stetud auto juhitavust<\/li>\n<\/ul>\n<p><strong>Komplektis:<\/strong><\/p>\n<ul>\n<li>Esi- ja tagumised risttalad (front and rear crossmembers)<\/li>\n<li>Esi pidurivoolikud (front brake lines)<\/li>\n<li>Esi amordi vahet\u00fckid (front strut spacers)<\/li>\n<li>Roolivarda otsad (tie rod ends)<\/li>\n<li>Diferentsiaali kaitseplaat (differential skid plate)<\/li>\n<li>Roolinukid (steering knuckles)<\/li>\n<li>Diferentsiaali langetuskronsteinid (differential drop brackets)<\/li>\n<li>Stabilisaatori varraste pikendused (sway bar link extensions)<\/li>\n<li>Pidurivooliku \u00fcmbert\u00f5stmise kronsteinid (brake line relocation brackets)<\/li>\n<li>Puhvripikendused (bump stop extensions)<\/li>\n<li>Tagumiste \u00fclemiste \u00f5\u00f5tshoobade \u00fcmbert\u00f5stmise kronsteinid (rear upper control arm relocation brackets)<\/li>\n<li>Tagumise roolivarda \u00fcmbert\u00f5stmise kronstein (rear track bar relocation bracket)<\/li>\n<li>Tagumised stabilisaatori vardad (rear sway bar links)<\/li>\n<li>2x tagumised BDS NX2 Nitro seeria amordid (rear BDS NX2 Nitro series shocks)<\/li>\n<li>Kinnitusdetailid<\/li>\n<\/ul>\n<p><strong>M\u00e4rkused:<\/strong><\/p>\n<ul>\n<li>Sobib ainult tehase \u00f5hkvedrustusega mudelitele (<strong>ONLY<\/strong>)<\/li>\n<li>Sobib ka Air Ride Rebel mudelitele 2015\u20132018<\/li>\n<li>N\u00f5uab l\u00f5ikamist<\/li>\n<li>Tehase \u00f5hkvedrustus on suletud s\u00fcsteem. S\u00fcsteemi avamine rohkem kordi kui juhendis v\u00f5i tehase hooldusraamatus on ette n\u00e4htud, n\u00f5uab s\u00fcsteemi uuesti t\u00e4itmist. Seda saab teha Ram ametlikus hoolduses<\/li>\n<li>Tehase 20&#8243; velge saab kasutada ainult koos tehasesuuruses rehvidega. Tehase 17&#8243; ja 18&#8243; veljed ei sobi<\/li>\n<li>Sobib ka Eco-Diesel mudelitele, kuid vajab j\u00e4relturu esikardaani<\/li>\n<\/ul>\n","protected":false},"excerpt":{"rendered":"<p>See uus t\u00f5stesari on spetsiaalselt loodud t\u00f6\u00f6tama Dodge Ram 1500  [&#8230;]<\/p>\n","protected":false},"featured_media":19068,"template":"","meta":{"_acf_changed":false},"mark-ja-mudel":[],"product_brand":[142,143],"product_cat":[700,701],"product_tag":[140],"class_list":{"0":"post-18990","1":"product","2":"type-product","3":"status-publish","4":"has-post-thumbnail","6":"product_brand-dodge","7":"product_brand-ram-1500","8":"product_cat-4x4-off-road-varustus","9":"product_cat-tostesarjad","10":"product_tag-tarne-4-5-paeva","12":"first","13":"instock","14":"taxable","15":"shipping-taxable","16":"purchasable","17":"product-type-simple"},"bundled_by":[],"bundle_stock_status":"instock","bundle_stock_quantity":null,"bundle_virtual":false,"bundle_layout":"","bundle_add_to_cart_form_location":"","bundle_editable_in_cart":false,"bundle_sold_individually_context":"","bundle_item_grouping":"","bundle_min_size":"","bundle_max_size":"","bundle_price":[],"bundled_items":[],"bundle_sell_ids":[],"acf":[],"yoast_head":"<!-- This site is optimized with the Yoast SEO plugin v27.3 - https:\/\/yoast.com\/product\/yoast-seo-wordpress\/ -->\n<title>4&quot; BDS t\u00f5stesari NX2 amortidele (\u00f5hkvedrustus) | Dodge RAM 1500 [13-18] | 4x4 off-road varustus, T\u00f5stesarjad<\/title>\n<meta name=\"description\" content=\"4&quot; BDS t\u00f5stesari NX2 amortidele (\u00f5hkvedrustus) | Dodge RAM 1500 [13-18] - 4x4 off-road varustus, T\u00f5stesarjad . Autojen, maastureiden ja pakettiautojen lis\u00e4varusteet. Varaosat.\" \/>\n<meta name=\"robots\" content=\"index, follow, max-snippet:-1, max-image-preview:large, max-video-preview:-1\" \/>\n<link rel=\"canonical\" href=\"https:\/\/www.castrum.ee\/fi\/toode\/4-bds-tostesari-nx2-amortidele-ohkvedrustus-dodge-ram-1500-13-18\/\" \/>\n<meta property=\"og:locale\" content=\"fi_FI\" \/>\n<meta property=\"og:type\" content=\"article\" \/>\n<meta property=\"og:title\" content=\"4&quot; BDS t\u00f5stesari NX2 amortidele (\u00f5hkvedrustus) | Dodge RAM 1500 [13-18] | 4x4 off-road varustus, T\u00f5stesarjad\" \/>\n<meta property=\"og:description\" content=\"4&quot; BDS t\u00f5stesari NX2 amortidele (\u00f5hkvedrustus) | Dodge RAM 1500 [13-18] - 4x4 off-road varustus, T\u00f5stesarjad . Autojen, maastureiden ja pakettiautojen lis\u00e4varusteet. Varaosat.\" \/>\n<meta property=\"og:url\" content=\"https:\/\/www.castrum.ee\/fi\/toode\/4-bds-tostesari-nx2-amortidele-ohkvedrustus-dodge-ram-1500-13-18\/\" \/>\n<meta property=\"og:site_name\" content=\"Castrum\" \/>\n<meta property=\"article:publisher\" content=\"https:\/\/www.facebook.com\/castrum.ee\" \/>\n<meta property=\"article:modified_time\" content=\"2025-09-23T06:54:11+00:00\" \/>\n<meta property=\"og:image\" content=\"https:\/\/www.castrum.ee\/wp-content\/uploads\/2025\/09\/IMG_0218.jpeg\" \/>\n\t<meta property=\"og:image:width\" content=\"750\" \/>\n\t<meta property=\"og:image:height\" content=\"750\" \/>\n\t<meta property=\"og:image:type\" content=\"image\/jpeg\" \/>\n<meta name=\"twitter:card\" content=\"summary_large_image\" \/>\n<meta name=\"twitter:label1\" content=\"Arvioitu lukuaika\" \/>\n\t<meta name=\"twitter:data1\" content=\"1 minuutti\" \/>\n<script type=\"application\/ld+json\" class=\"yoast-schema-graph\">{\"@context\":\"https:\\\/\\\/schema.org\",\"@graph\":[{\"@type\":\"WebPage\",\"@id\":\"https:\\\/\\\/www.castrum.ee\\\/fi\\\/toode\\\/4-bds-tostesari-nx2-amortidele-ohkvedrustus-dodge-ram-1500-13-18\\\/\",\"url\":\"https:\\\/\\\/www.castrum.ee\\\/fi\\\/toode\\\/4-bds-tostesari-nx2-amortidele-ohkvedrustus-dodge-ram-1500-13-18\\\/\",\"name\":\"4\\\" BDS t\u00f5stesari NX2 amortidele (\u00f5hkvedrustus) | Dodge RAM 1500 [13-18] | 4x4 off-road varustus, T\u00f5stesarjad\",\"isPartOf\":{\"@id\":\"https:\\\/\\\/www.castrum.ee\\\/fi\\\/#website\"},\"primaryImageOfPage\":{\"@id\":\"https:\\\/\\\/www.castrum.ee\\\/fi\\\/toode\\\/4-bds-tostesari-nx2-amortidele-ohkvedrustus-dodge-ram-1500-13-18\\\/#primaryimage\"},\"image\":{\"@id\":\"https:\\\/\\\/www.castrum.ee\\\/fi\\\/toode\\\/4-bds-tostesari-nx2-amortidele-ohkvedrustus-dodge-ram-1500-13-18\\\/#primaryimage\"},\"thumbnailUrl\":\"https:\\\/\\\/www.castrum.ee\\\/wp-content\\\/uploads\\\/2025\\\/09\\\/IMG_0218.jpeg\",\"datePublished\":\"2025-09-23T06:53:37+00:00\",\"dateModified\":\"2025-09-23T06:54:11+00:00\",\"description\":\"4\\\" BDS t\u00f5stesari NX2 amortidele (\u00f5hkvedrustus) | Dodge RAM 1500 [13-18] - 4x4 off-road varustus, T\u00f5stesarjad . Autojen, maastureiden ja pakettiautojen lis\u00e4varusteet. Varaosat.\",\"breadcrumb\":{\"@id\":\"https:\\\/\\\/www.castrum.ee\\\/fi\\\/toode\\\/4-bds-tostesari-nx2-amortidele-ohkvedrustus-dodge-ram-1500-13-18\\\/#breadcrumb\"},\"inLanguage\":\"fi\",\"potentialAction\":[{\"@type\":\"ReadAction\",\"target\":[\"https:\\\/\\\/www.castrum.ee\\\/fi\\\/toode\\\/4-bds-tostesari-nx2-amortidele-ohkvedrustus-dodge-ram-1500-13-18\\\/\"]}]},{\"@type\":\"ImageObject\",\"inLanguage\":\"fi\",\"@id\":\"https:\\\/\\\/www.castrum.ee\\\/fi\\\/toode\\\/4-bds-tostesari-nx2-amortidele-ohkvedrustus-dodge-ram-1500-13-18\\\/#primaryimage\",\"url\":\"https:\\\/\\\/www.castrum.ee\\\/wp-content\\\/uploads\\\/2025\\\/09\\\/IMG_0218.jpeg\",\"contentUrl\":\"https:\\\/\\\/www.castrum.ee\\\/wp-content\\\/uploads\\\/2025\\\/09\\\/IMG_0218.jpeg\",\"width\":750,\"height\":750},{\"@type\":\"BreadcrumbList\",\"@id\":\"https:\\\/\\\/www.castrum.ee\\\/fi\\\/toode\\\/4-bds-tostesari-nx2-amortidele-ohkvedrustus-dodge-ram-1500-13-18\\\/#breadcrumb\",\"itemListElement\":[{\"@type\":\"ListItem\",\"position\":1,\"name\":\"Home\",\"item\":\"https:\\\/\\\/www.castrum.ee\\\/fi\\\/kotisivu\\\/\"},{\"@type\":\"ListItem\",\"position\":2,\"name\":\"Verkkokauppa\",\"item\":\"https:\\\/\\\/www.castrum.ee\\\/fi\\\/kauppa\\\/\"},{\"@type\":\"ListItem\",\"position\":3,\"name\":\"4&#8243; BDS t\u00f5stesari NX2 amortidele (\u00f5hkvedrustus) | Dodge RAM 1500 [13-18]\"}]},{\"@type\":\"WebSite\",\"@id\":\"https:\\\/\\\/www.castrum.ee\\\/fi\\\/#website\",\"url\":\"https:\\\/\\\/www.castrum.ee\\\/fi\\\/\",\"name\":\"Castrum\",\"description\":\"Maasturite, s\u00f5iduautode ja v\u00e4ikebusside lisavarustus\",\"publisher\":{\"@id\":\"https:\\\/\\\/www.castrum.ee\\\/fi\\\/#organization\"},\"potentialAction\":[{\"@type\":\"SearchAction\",\"target\":{\"@type\":\"EntryPoint\",\"urlTemplate\":\"https:\\\/\\\/www.castrum.ee\\\/fi\\\/?s={search_term_string}\"},\"query-input\":{\"@type\":\"PropertyValueSpecification\",\"valueRequired\":true,\"valueName\":\"search_term_string\"}}],\"inLanguage\":\"fi\"},{\"@type\":\"Organization\",\"@id\":\"https:\\\/\\\/www.castrum.ee\\\/fi\\\/#organization\",\"name\":\"Castrum Grupp O\u00dc\",\"url\":\"https:\\\/\\\/www.castrum.ee\\\/fi\\\/\",\"logo\":{\"@type\":\"ImageObject\",\"inLanguage\":\"fi\",\"@id\":\"https:\\\/\\\/www.castrum.ee\\\/fi\\\/#\\\/schema\\\/logo\\\/image\\\/\",\"url\":\"https:\\\/\\\/www.castrum.ee\\\/wp-content\\\/uploads\\\/2025\\\/03\\\/Castrum-logo-500.png\",\"contentUrl\":\"https:\\\/\\\/www.castrum.ee\\\/wp-content\\\/uploads\\\/2025\\\/03\\\/Castrum-logo-500.png\",\"width\":500,\"height\":250,\"caption\":\"Castrum Grupp O\u00dc\"},\"image\":{\"@id\":\"https:\\\/\\\/www.castrum.ee\\\/fi\\\/#\\\/schema\\\/logo\\\/image\\\/\"},\"sameAs\":[\"https:\\\/\\\/www.facebook.com\\\/castrum.ee\"]}]}<\/script>\n<!-- \/ Yoast SEO plugin. -->","yoast_head_json":{"title":"4\" BDS t\u00f5stesari NX2 amortidele (\u00f5hkvedrustus) | Dodge RAM 1500 [13-18] | 4x4 off-road varustus, T\u00f5stesarjad","description":"4\" BDS t\u00f5stesari NX2 amortidele (\u00f5hkvedrustus) | Dodge RAM 1500 [13-18] - 4x4 off-road varustus, T\u00f5stesarjad . Autojen, maastureiden ja pakettiautojen lis\u00e4varusteet. Varaosat.","robots":{"index":"index","follow":"follow","max-snippet":"max-snippet:-1","max-image-preview":"max-image-preview:large","max-video-preview":"max-video-preview:-1"},"canonical":"https:\/\/www.castrum.ee\/fi\/toode\/4-bds-tostesari-nx2-amortidele-ohkvedrustus-dodge-ram-1500-13-18\/","og_locale":"fi_FI","og_type":"article","og_title":"4\" BDS t\u00f5stesari NX2 amortidele (\u00f5hkvedrustus) | Dodge RAM 1500 [13-18] | 4x4 off-road varustus, T\u00f5stesarjad","og_description":"4\" BDS t\u00f5stesari NX2 amortidele (\u00f5hkvedrustus) | Dodge RAM 1500 [13-18] - 4x4 off-road varustus, T\u00f5stesarjad . Autojen, maastureiden ja pakettiautojen lis\u00e4varusteet. Varaosat.","og_url":"https:\/\/www.castrum.ee\/fi\/toode\/4-bds-tostesari-nx2-amortidele-ohkvedrustus-dodge-ram-1500-13-18\/","og_site_name":"Castrum","article_publisher":"https:\/\/www.facebook.com\/castrum.ee","article_modified_time":"2025-09-23T06:54:11+00:00","og_image":[{"width":750,"height":750,"url":"https:\/\/www.castrum.ee\/wp-content\/uploads\/2025\/09\/IMG_0218.jpeg","type":"image\/jpeg"}],"twitter_card":"summary_large_image","twitter_misc":{"Arvioitu lukuaika":"1 minuutti"},"schema":{"@context":"https:\/\/schema.org","@graph":[{"@type":"WebPage","@id":"https:\/\/www.castrum.ee\/fi\/toode\/4-bds-tostesari-nx2-amortidele-ohkvedrustus-dodge-ram-1500-13-18\/","url":"https:\/\/www.castrum.ee\/fi\/toode\/4-bds-tostesari-nx2-amortidele-ohkvedrustus-dodge-ram-1500-13-18\/","name":"4\" BDS t\u00f5stesari NX2 amortidele (\u00f5hkvedrustus) | Dodge RAM 1500 [13-18] | 4x4 off-road varustus, T\u00f5stesarjad","isPartOf":{"@id":"https:\/\/www.castrum.ee\/fi\/#website"},"primaryImageOfPage":{"@id":"https:\/\/www.castrum.ee\/fi\/toode\/4-bds-tostesari-nx2-amortidele-ohkvedrustus-dodge-ram-1500-13-18\/#primaryimage"},"image":{"@id":"https:\/\/www.castrum.ee\/fi\/toode\/4-bds-tostesari-nx2-amortidele-ohkvedrustus-dodge-ram-1500-13-18\/#primaryimage"},"thumbnailUrl":"https:\/\/www.castrum.ee\/wp-content\/uploads\/2025\/09\/IMG_0218.jpeg","datePublished":"2025-09-23T06:53:37+00:00","dateModified":"2025-09-23T06:54:11+00:00","description":"4\" BDS t\u00f5stesari NX2 amortidele (\u00f5hkvedrustus) | Dodge RAM 1500 [13-18] - 4x4 off-road varustus, T\u00f5stesarjad . Autojen, maastureiden ja pakettiautojen lis\u00e4varusteet. Varaosat.","breadcrumb":{"@id":"https:\/\/www.castrum.ee\/fi\/toode\/4-bds-tostesari-nx2-amortidele-ohkvedrustus-dodge-ram-1500-13-18\/#breadcrumb"},"inLanguage":"fi","potentialAction":[{"@type":"ReadAction","target":["https:\/\/www.castrum.ee\/fi\/toode\/4-bds-tostesari-nx2-amortidele-ohkvedrustus-dodge-ram-1500-13-18\/"]}]},{"@type":"ImageObject","inLanguage":"fi","@id":"https:\/\/www.castrum.ee\/fi\/toode\/4-bds-tostesari-nx2-amortidele-ohkvedrustus-dodge-ram-1500-13-18\/#primaryimage","url":"https:\/\/www.castrum.ee\/wp-content\/uploads\/2025\/09\/IMG_0218.jpeg","contentUrl":"https:\/\/www.castrum.ee\/wp-content\/uploads\/2025\/09\/IMG_0218.jpeg","width":750,"height":750},{"@type":"BreadcrumbList","@id":"https:\/\/www.castrum.ee\/fi\/toode\/4-bds-tostesari-nx2-amortidele-ohkvedrustus-dodge-ram-1500-13-18\/#breadcrumb","itemListElement":[{"@type":"ListItem","position":1,"name":"Home","item":"https:\/\/www.castrum.ee\/fi\/kotisivu\/"},{"@type":"ListItem","position":2,"name":"Verkkokauppa","item":"https:\/\/www.castrum.ee\/fi\/kauppa\/"},{"@type":"ListItem","position":3,"name":"4&#8243; BDS t\u00f5stesari NX2 amortidele (\u00f5hkvedrustus) | Dodge RAM 1500 [13-18]"}]},{"@type":"WebSite","@id":"https:\/\/www.castrum.ee\/fi\/#website","url":"https:\/\/www.castrum.ee\/fi\/","name":"Castrum","description":"Maasturite, s\u00f5iduautode ja v\u00e4ikebusside lisavarustus","publisher":{"@id":"https:\/\/www.castrum.ee\/fi\/#organization"},"potentialAction":[{"@type":"SearchAction","target":{"@type":"EntryPoint","urlTemplate":"https:\/\/www.castrum.ee\/fi\/?s={search_term_string}"},"query-input":{"@type":"PropertyValueSpecification","valueRequired":true,"valueName":"search_term_string"}}],"inLanguage":"fi"},{"@type":"Organization","@id":"https:\/\/www.castrum.ee\/fi\/#organization","name":"Castrum Grupp O\u00dc","url":"https:\/\/www.castrum.ee\/fi\/","logo":{"@type":"ImageObject","inLanguage":"fi","@id":"https:\/\/www.castrum.ee\/fi\/#\/schema\/logo\/image\/","url":"https:\/\/www.castrum.ee\/wp-content\/uploads\/2025\/03\/Castrum-logo-500.png","contentUrl":"https:\/\/www.castrum.ee\/wp-content\/uploads\/2025\/03\/Castrum-logo-500.png","width":500,"height":250,"caption":"Castrum Grupp O\u00dc"},"image":{"@id":"https:\/\/www.castrum.ee\/fi\/#\/schema\/logo\/image\/"},"sameAs":["https:\/\/www.facebook.com\/castrum.ee"]}]}},"_links":{"self":[{"href":"https:\/\/www.castrum.ee\/fi\/wp-json\/wp\/v2\/product\/18990","targetHints":{"allow":["GET"]}}],"collection":[{"href":"https:\/\/www.castrum.ee\/fi\/wp-json\/wp\/v2\/product"}],"about":[{"href":"https:\/\/www.castrum.ee\/fi\/wp-json\/wp\/v2\/types\/product"}],"wp:featuredmedia":[{"embeddable":true,"href":"https:\/\/www.castrum.ee\/fi\/wp-json\/wp\/v2\/media\/19068"}],"wp:attachment":[{"href":"https:\/\/www.castrum.ee\/fi\/wp-json\/wp\/v2\/media?parent=18990"}],"wp:term":[{"taxonomy":"mark-ja-mudel","embeddable":true,"href":"https:\/\/www.castrum.ee\/fi\/wp-json\/wp\/v2\/mark-ja-mudel?post=18990"},{"taxonomy":"product_brand","embeddable":true,"href":"https:\/\/www.castrum.ee\/fi\/wp-json\/wp\/v2\/product_brand?post=18990"},{"taxonomy":"product_cat","embeddable":true,"href":"https:\/\/www.castrum.ee\/fi\/wp-json\/wp\/v2\/product_cat?post=18990"},{"taxonomy":"product_tag","embeddable":true,"href":"https:\/\/www.castrum.ee\/fi\/wp-json\/wp\/v2\/product_tag?post=18990"}],"curies":[{"name":"wp","href":"https:\/\/api.w.org\/{rel}","templated":true}]}}