{"id":2658,"date":"2025-05-29T09:12:37","date_gmt":"2025-05-29T09:12:37","guid":{"rendered":"https:\/\/castrum.hume.ee\/?post_type=product&#038;p=2658"},"modified":"2025-05-29T09:12:58","modified_gmt":"2025-05-29T09:12:58","slug":"raptor-23-esiraud-a-raud-2","status":"publish","type":"product","link":"https:\/\/www.castrum.ee\/fi\/toode\/raptor-23-esiraud-a-raud-2\/","title":{"rendered":"Raptor 23+ esiraud, A-raud."},"content":{"rendered":"<p>STEELER\u00ae roostevabast terasest kaitseraud<\/p>\n<p>STEELER\u00ae kaitserauad on loodud spetsiaalselt selleks, et r\u00f5hutada teie auto unikaalset iseloomu.<\/p>\n<p>Laiad 70 mm l\u00e4bim\u00f5\u00f5duga ja 2 mm paksused kaitserauad on valmistatud roostevabast terasest ning k\u00e4sitsi poleeritud, et tagada vastupidavus ning pakkuda lisakaitset auto olulistele osadele. Need annavad s\u00f5idukile stiilse ja j\u00f5ulise v\u00e4limuse, muutes selle massist silmapaistvaks.<\/p>\n<p>Kaitseraudadega on kaasas t\u00e4ielik paigalduskomplekt ja lihtne paigaldusjuhend.<\/p>\n<p>Esikaitseraud omab Euroopa t\u00fc\u00fcbikinnitust \u2013 see on projekteeritud vastavalt uusimatele EL-i standarditele ning vastab direktiivi 78\/2009\/EC n\u00f5uetele. See t\u00e4hendab, et meie tooted vastavad k\u00f5rgeimatele ohutusstandarditele ja on edukalt l\u00e4binud k\u00f5ik sertifitseerimistestid, sealhulgas jalak\u00e4ijate turvalisuse osas.<\/p>\n<p>Kui soovid, et Sinu masin paistaks silma, s\u00e4ilitades samal ajal oma ideaalse kuju, on meie kaitserauad kahtlemata v\u00e4\u00e4rt investeering.<\/p>\n<p>Roostevaba teras (AISI 304) omab v\u00e4ga k\u00f5rget korrosioonikindlust ka rasketes ilmastikutingimustes ning seda kasutatakse edukalt ka t\u00f6\u00f6stuses, sealhulgas toiduainet\u00f6\u00f6stuses.<\/p>\n<p>Me usaldame oma toodete kvaliteeti, pakkudes 24-kuulist garantiid poleeritud kaitseraudadele ja 12-kuulist garantiid mustaks v\u00e4rvitud kaitseraudade viimistlusele.<\/p>\n","protected":false},"excerpt":{"rendered":"<p>STEELER\u00ae kaitserauad on loodud spetsiaalselt selleks, et r\u00f5hutada teie auto unikaalset iseloomu. Kaitseraudadega on kaasas t\u00e4ielik paigalduskomplekt ja lihtne paigaldusjuhend.<\/p>\n","protected":false},"featured_media":2689,"template":"","meta":{"_acf_changed":false},"mark-ja-mudel":[],"product_brand":[133,134],"product_cat":[91,92],"product_tag":[],"class_list":{"0":"post-2658","1":"product","2":"type-product","3":"status-publish","4":"has-post-thumbnail","6":"product_brand-ford","7":"product_brand-ranger","8":"product_cat-4x4-rauad","9":"product_cat-esirauad-e-sertifikaadiga","10":"product_shipping_class-suurveos","12":"first","13":"instock","14":"taxable","15":"shipping-taxable","16":"purchasable","17":"product-type-variable"},"bundled_by":[],"bundle_stock_status":"instock","bundle_stock_quantity":null,"bundle_virtual":false,"bundle_layout":"","bundle_add_to_cart_form_location":"","bundle_editable_in_cart":false,"bundle_sold_individually_context":"","bundle_item_grouping":"","bundle_min_size":"","bundle_max_size":"","bundle_price":[],"bundled_items":[],"bundle_sell_ids":[],"acf":[],"yoast_head":"<!-- This site is optimized with the Yoast SEO plugin v27.3 - https:\/\/yoast.com\/product\/yoast-seo-wordpress\/ -->\n<title>Raptor 23+ esiraud, A-raud. | 4x4 rauad, Esirauad (e-sertifikaadiga)<\/title>\n<meta name=\"description\" content=\"Raptor 23+ esiraud, A-raud. - 4x4 rauad, Esirauad (e-sertifikaadiga) . Autojen, maastureiden ja pakettiautojen lis\u00e4varusteet. Varaosat.\" \/>\n<meta name=\"robots\" content=\"index, follow, max-snippet:-1, max-image-preview:large, max-video-preview:-1\" \/>\n<link rel=\"canonical\" href=\"https:\/\/www.castrum.ee\/fi\/toode\/raptor-23-esiraud-a-raud-2\/\" \/>\n<meta property=\"og:locale\" content=\"fi_FI\" \/>\n<meta property=\"og:type\" content=\"article\" \/>\n<meta property=\"og:title\" content=\"Raptor 23+ esiraud, A-raud. | 4x4 rauad, Esirauad (e-sertifikaadiga)\" \/>\n<meta property=\"og:description\" content=\"Raptor 23+ esiraud, A-raud. - 4x4 rauad, Esirauad (e-sertifikaadiga) . Autojen, maastureiden ja pakettiautojen lis\u00e4varusteet. Varaosat.\" \/>\n<meta property=\"og:url\" content=\"https:\/\/www.castrum.ee\/fi\/toode\/raptor-23-esiraud-a-raud-2\/\" \/>\n<meta property=\"og:site_name\" content=\"Castrum\" \/>\n<meta property=\"article:publisher\" content=\"https:\/\/www.facebook.com\/castrum.ee\" \/>\n<meta property=\"article:modified_time\" content=\"2025-05-29T09:12:58+00:00\" \/>\n<meta property=\"og:image\" content=\"https:\/\/www.castrum.ee\/wp-content\/uploads\/2025\/05\/IMG_9303.jpeg\" \/>\n\t<meta property=\"og:image:width\" content=\"1000\" \/>\n\t<meta property=\"og:image:height\" content=\"562\" \/>\n\t<meta property=\"og:image:type\" content=\"image\/jpeg\" \/>\n<meta name=\"twitter:card\" content=\"summary_large_image\" \/>\n<meta name=\"twitter:label1\" content=\"Arvioitu lukuaika\" \/>\n\t<meta name=\"twitter:data1\" content=\"1 minuutti\" \/>\n<script type=\"application\/ld+json\" class=\"yoast-schema-graph\">{\"@context\":\"https:\\\/\\\/schema.org\",\"@graph\":[{\"@type\":\"WebPage\",\"@id\":\"https:\\\/\\\/www.castrum.ee\\\/fi\\\/toode\\\/raptor-23-esiraud-a-raud-2\\\/\",\"url\":\"https:\\\/\\\/www.castrum.ee\\\/fi\\\/toode\\\/raptor-23-esiraud-a-raud-2\\\/\",\"name\":\"Raptor 23+ esiraud, A-raud. | 4x4 rauad, Esirauad (e-sertifikaadiga)\",\"isPartOf\":{\"@id\":\"https:\\\/\\\/www.castrum.ee\\\/fi\\\/#website\"},\"primaryImageOfPage\":{\"@id\":\"https:\\\/\\\/www.castrum.ee\\\/fi\\\/toode\\\/raptor-23-esiraud-a-raud-2\\\/#primaryimage\"},\"image\":{\"@id\":\"https:\\\/\\\/www.castrum.ee\\\/fi\\\/toode\\\/raptor-23-esiraud-a-raud-2\\\/#primaryimage\"},\"thumbnailUrl\":\"https:\\\/\\\/www.castrum.ee\\\/wp-content\\\/uploads\\\/2025\\\/05\\\/IMG_9303.jpeg\",\"datePublished\":\"2025-05-29T09:12:37+00:00\",\"dateModified\":\"2025-05-29T09:12:58+00:00\",\"description\":\"Raptor 23+ esiraud, A-raud. - 4x4 rauad, Esirauad (e-sertifikaadiga) . Autojen, maastureiden ja pakettiautojen lis\u00e4varusteet. Varaosat.\",\"breadcrumb\":{\"@id\":\"https:\\\/\\\/www.castrum.ee\\\/fi\\\/toode\\\/raptor-23-esiraud-a-raud-2\\\/#breadcrumb\"},\"inLanguage\":\"fi\",\"potentialAction\":[{\"@type\":\"ReadAction\",\"target\":[\"https:\\\/\\\/www.castrum.ee\\\/fi\\\/toode\\\/raptor-23-esiraud-a-raud-2\\\/\"]}]},{\"@type\":\"ImageObject\",\"inLanguage\":\"fi\",\"@id\":\"https:\\\/\\\/www.castrum.ee\\\/fi\\\/toode\\\/raptor-23-esiraud-a-raud-2\\\/#primaryimage\",\"url\":\"https:\\\/\\\/www.castrum.ee\\\/wp-content\\\/uploads\\\/2025\\\/05\\\/IMG_9303.jpeg\",\"contentUrl\":\"https:\\\/\\\/www.castrum.ee\\\/wp-content\\\/uploads\\\/2025\\\/05\\\/IMG_9303.jpeg\",\"width\":1000,\"height\":562},{\"@type\":\"BreadcrumbList\",\"@id\":\"https:\\\/\\\/www.castrum.ee\\\/fi\\\/toode\\\/raptor-23-esiraud-a-raud-2\\\/#breadcrumb\",\"itemListElement\":[{\"@type\":\"ListItem\",\"position\":1,\"name\":\"Home\",\"item\":\"https:\\\/\\\/www.castrum.ee\\\/fi\\\/kotisivu\\\/\"},{\"@type\":\"ListItem\",\"position\":2,\"name\":\"Verkkokauppa\",\"item\":\"https:\\\/\\\/www.castrum.ee\\\/fi\\\/kauppa\\\/\"},{\"@type\":\"ListItem\",\"position\":3,\"name\":\"Raptor 23+ esiraud, A-raud.\"}]},{\"@type\":\"WebSite\",\"@id\":\"https:\\\/\\\/www.castrum.ee\\\/fi\\\/#website\",\"url\":\"https:\\\/\\\/www.castrum.ee\\\/fi\\\/\",\"name\":\"Castrum\",\"description\":\"Maasturite, s\u00f5iduautode ja v\u00e4ikebusside lisavarustus\",\"publisher\":{\"@id\":\"https:\\\/\\\/www.castrum.ee\\\/fi\\\/#organization\"},\"potentialAction\":[{\"@type\":\"SearchAction\",\"target\":{\"@type\":\"EntryPoint\",\"urlTemplate\":\"https:\\\/\\\/www.castrum.ee\\\/fi\\\/?s={search_term_string}\"},\"query-input\":{\"@type\":\"PropertyValueSpecification\",\"valueRequired\":true,\"valueName\":\"search_term_string\"}}],\"inLanguage\":\"fi\"},{\"@type\":\"Organization\",\"@id\":\"https:\\\/\\\/www.castrum.ee\\\/fi\\\/#organization\",\"name\":\"Castrum Grupp O\u00dc\",\"url\":\"https:\\\/\\\/www.castrum.ee\\\/fi\\\/\",\"logo\":{\"@type\":\"ImageObject\",\"inLanguage\":\"fi\",\"@id\":\"https:\\\/\\\/www.castrum.ee\\\/fi\\\/#\\\/schema\\\/logo\\\/image\\\/\",\"url\":\"https:\\\/\\\/www.castrum.ee\\\/wp-content\\\/uploads\\\/2025\\\/03\\\/Castrum-logo-500.png\",\"contentUrl\":\"https:\\\/\\\/www.castrum.ee\\\/wp-content\\\/uploads\\\/2025\\\/03\\\/Castrum-logo-500.png\",\"width\":500,\"height\":250,\"caption\":\"Castrum Grupp O\u00dc\"},\"image\":{\"@id\":\"https:\\\/\\\/www.castrum.ee\\\/fi\\\/#\\\/schema\\\/logo\\\/image\\\/\"},\"sameAs\":[\"https:\\\/\\\/www.facebook.com\\\/castrum.ee\"]}]}<\/script>\n<!-- \/ Yoast SEO plugin. -->","yoast_head_json":{"title":"Raptor 23+ esiraud, A-raud. | 4x4 rauad, Esirauad (e-sertifikaadiga)","description":"Raptor 23+ esiraud, A-raud. - 4x4 rauad, Esirauad (e-sertifikaadiga) . Autojen, maastureiden ja pakettiautojen lis\u00e4varusteet. Varaosat.","robots":{"index":"index","follow":"follow","max-snippet":"max-snippet:-1","max-image-preview":"max-image-preview:large","max-video-preview":"max-video-preview:-1"},"canonical":"https:\/\/www.castrum.ee\/fi\/toode\/raptor-23-esiraud-a-raud-2\/","og_locale":"fi_FI","og_type":"article","og_title":"Raptor 23+ esiraud, A-raud. | 4x4 rauad, Esirauad (e-sertifikaadiga)","og_description":"Raptor 23+ esiraud, A-raud. - 4x4 rauad, Esirauad (e-sertifikaadiga) . Autojen, maastureiden ja pakettiautojen lis\u00e4varusteet. Varaosat.","og_url":"https:\/\/www.castrum.ee\/fi\/toode\/raptor-23-esiraud-a-raud-2\/","og_site_name":"Castrum","article_publisher":"https:\/\/www.facebook.com\/castrum.ee","article_modified_time":"2025-05-29T09:12:58+00:00","og_image":[{"width":1000,"height":562,"url":"https:\/\/www.castrum.ee\/wp-content\/uploads\/2025\/05\/IMG_9303.jpeg","type":"image\/jpeg"}],"twitter_card":"summary_large_image","twitter_misc":{"Arvioitu lukuaika":"1 minuutti"},"schema":{"@context":"https:\/\/schema.org","@graph":[{"@type":"WebPage","@id":"https:\/\/www.castrum.ee\/fi\/toode\/raptor-23-esiraud-a-raud-2\/","url":"https:\/\/www.castrum.ee\/fi\/toode\/raptor-23-esiraud-a-raud-2\/","name":"Raptor 23+ esiraud, A-raud. | 4x4 rauad, Esirauad (e-sertifikaadiga)","isPartOf":{"@id":"https:\/\/www.castrum.ee\/fi\/#website"},"primaryImageOfPage":{"@id":"https:\/\/www.castrum.ee\/fi\/toode\/raptor-23-esiraud-a-raud-2\/#primaryimage"},"image":{"@id":"https:\/\/www.castrum.ee\/fi\/toode\/raptor-23-esiraud-a-raud-2\/#primaryimage"},"thumbnailUrl":"https:\/\/www.castrum.ee\/wp-content\/uploads\/2025\/05\/IMG_9303.jpeg","datePublished":"2025-05-29T09:12:37+00:00","dateModified":"2025-05-29T09:12:58+00:00","description":"Raptor 23+ esiraud, A-raud. - 4x4 rauad, Esirauad (e-sertifikaadiga) . Autojen, maastureiden ja pakettiautojen lis\u00e4varusteet. Varaosat.","breadcrumb":{"@id":"https:\/\/www.castrum.ee\/fi\/toode\/raptor-23-esiraud-a-raud-2\/#breadcrumb"},"inLanguage":"fi","potentialAction":[{"@type":"ReadAction","target":["https:\/\/www.castrum.ee\/fi\/toode\/raptor-23-esiraud-a-raud-2\/"]}]},{"@type":"ImageObject","inLanguage":"fi","@id":"https:\/\/www.castrum.ee\/fi\/toode\/raptor-23-esiraud-a-raud-2\/#primaryimage","url":"https:\/\/www.castrum.ee\/wp-content\/uploads\/2025\/05\/IMG_9303.jpeg","contentUrl":"https:\/\/www.castrum.ee\/wp-content\/uploads\/2025\/05\/IMG_9303.jpeg","width":1000,"height":562},{"@type":"BreadcrumbList","@id":"https:\/\/www.castrum.ee\/fi\/toode\/raptor-23-esiraud-a-raud-2\/#breadcrumb","itemListElement":[{"@type":"ListItem","position":1,"name":"Home","item":"https:\/\/www.castrum.ee\/fi\/kotisivu\/"},{"@type":"ListItem","position":2,"name":"Verkkokauppa","item":"https:\/\/www.castrum.ee\/fi\/kauppa\/"},{"@type":"ListItem","position":3,"name":"Raptor 23+ esiraud, A-raud."}]},{"@type":"WebSite","@id":"https:\/\/www.castrum.ee\/fi\/#website","url":"https:\/\/www.castrum.ee\/fi\/","name":"Castrum","description":"Maasturite, s\u00f5iduautode ja v\u00e4ikebusside lisavarustus","publisher":{"@id":"https:\/\/www.castrum.ee\/fi\/#organization"},"potentialAction":[{"@type":"SearchAction","target":{"@type":"EntryPoint","urlTemplate":"https:\/\/www.castrum.ee\/fi\/?s={search_term_string}"},"query-input":{"@type":"PropertyValueSpecification","valueRequired":true,"valueName":"search_term_string"}}],"inLanguage":"fi"},{"@type":"Organization","@id":"https:\/\/www.castrum.ee\/fi\/#organization","name":"Castrum Grupp O\u00dc","url":"https:\/\/www.castrum.ee\/fi\/","logo":{"@type":"ImageObject","inLanguage":"fi","@id":"https:\/\/www.castrum.ee\/fi\/#\/schema\/logo\/image\/","url":"https:\/\/www.castrum.ee\/wp-content\/uploads\/2025\/03\/Castrum-logo-500.png","contentUrl":"https:\/\/www.castrum.ee\/wp-content\/uploads\/2025\/03\/Castrum-logo-500.png","width":500,"height":250,"caption":"Castrum Grupp O\u00dc"},"image":{"@id":"https:\/\/www.castrum.ee\/fi\/#\/schema\/logo\/image\/"},"sameAs":["https:\/\/www.facebook.com\/castrum.ee"]}]}},"_links":{"self":[{"href":"https:\/\/www.castrum.ee\/fi\/wp-json\/wp\/v2\/product\/2658","targetHints":{"allow":["GET"]}}],"collection":[{"href":"https:\/\/www.castrum.ee\/fi\/wp-json\/wp\/v2\/product"}],"about":[{"href":"https:\/\/www.castrum.ee\/fi\/wp-json\/wp\/v2\/types\/product"}],"wp:featuredmedia":[{"embeddable":true,"href":"https:\/\/www.castrum.ee\/fi\/wp-json\/wp\/v2\/media\/2689"}],"wp:attachment":[{"href":"https:\/\/www.castrum.ee\/fi\/wp-json\/wp\/v2\/media?parent=2658"}],"wp:term":[{"taxonomy":"mark-ja-mudel","embeddable":true,"href":"https:\/\/www.castrum.ee\/fi\/wp-json\/wp\/v2\/mark-ja-mudel?post=2658"},{"taxonomy":"product_brand","embeddable":true,"href":"https:\/\/www.castrum.ee\/fi\/wp-json\/wp\/v2\/product_brand?post=2658"},{"taxonomy":"product_cat","embeddable":true,"href":"https:\/\/www.castrum.ee\/fi\/wp-json\/wp\/v2\/product_cat?post=2658"},{"taxonomy":"product_tag","embeddable":true,"href":"https:\/\/www.castrum.ee\/fi\/wp-json\/wp\/v2\/product_tag?post=2658"}],"curies":[{"name":"wp","href":"https:\/\/api.w.org\/{rel}","templated":true}]}}