{"id":27522,"date":"2025-10-14T11:15:05","date_gmt":"2025-10-14T11:15:05","guid":{"rendered":"https:\/\/castrum.hume.ee\/?post_type=product&#038;p=27522"},"modified":"2025-10-14T11:15:22","modified_gmt":"2025-10-14T11:15:22","slug":"rival-alumiiniumist-kastikong-dodge-ram-1500-double-cab-18","status":"publish","type":"product","link":"https:\/\/www.castrum.ee\/fi\/toode\/rival-alumiiniumist-kastikong-dodge-ram-1500-double-cab-18\/","title":{"rendered":"RIVAL Alumiiniumist kastikong Dodge RAM 1500 Double Cab [18+]"},"content":{"rendered":"<p>RIVAL-kastikong on varustatud esmaklassilise mati musta pulberkattega PVDF-s\u00fcsteemis, tagades \u00fcletamatu vastupidavuse ja ilmastikukindluse. See kvaliteetviimistlus takistab efektiivselt oks\u00fcdatsiooni, pikendab toote eluiga ning t\u00e4iustab selle stiilset ja kaasaegset v\u00e4limust \u2013 vastates k\u00f5ige k\u00f5rgematele t\u00f6\u00f6stusstandarditele nii j\u00f5udluse kui esteetika osas.<\/p>\n<p>Kastikong on valmistatud A6063 alumiiniumist ekstrudeeritud raamiga.<\/p>\n<p>K\u00f5ik paneelid on 4 mm alumiiniumkomposiiti ja tugevdatud terasest raamiga, mille sees on EVA-vahtisolatsioon.<\/p>\n<p>Integreeritud LED-valgustus tagab mugavuse igal ajal: pehme ja \u00fchtlane valgus loob hubase atmosf\u00e4\u00e4ri, suurendab funktsionaalsust ja lisab ruumile stiili. Valgustus on t\u00e4pselt seal, kus seda vajate\u202f\u2013 ilma liigsete juhtmete ja keerulise paigalduseta.<\/p>\n<p>Tugevdatud gaasiamordid v\u00f5imaldavad RIVAL-kastikongi avada \u00fche k\u00e4ega, isegi keerulistes ilmastikutingimustes. Korrosioonikindel konstruktsioon tagab aastatepikkuse t\u00f6\u00f6kindluse. <\/p>\n<p>RIVAL-kastikong on projekteeritud sujuvaks funktsionaalsuseks ning varustatud diskreetse, kuid tugeva katusereelingu s\u00fcsteemiga, mis on spetsiaalselt loodud RIVAL-katusraamide ja muude premium-tarvikute paigaldamiseks. <\/p>\n<p>Mugav ligip\u00e4\u00e4sus\u00fcsteem, mis tagab probleemivaba ja sujuva kasutuse igas olukorras:<\/p>\n<li>\n<ul>Suured ja kohmakad esemed saab kergesti peale laadida optimeeritud k\u00f5rgusega laadimiseservast<\/ul>\n<ul>Mitmesuunaline uste konfiguratsioon vastavalt vajadusele<\/ul>\n<ul>Turvaline \u00fche k\u00e4ega avamine intuitiivse lukustus\u00admehhanismiga<\/ul>\n<\/li>\n","protected":false},"excerpt":{"rendered":"<p>Loodud neile, kes n\u00f5uavad tipptaset \u2013 meie alumiiniumist modulaarne katusekonstruktsioon kasutab k\u00f5rgekvaliteedilist ekstrudeeritud profiilis\u00fcsteemi, mis tagab erakordse tugevuse, t\u00e4psuse ja lihtsa kokkupaneku. \u00dcksteisega lukustuvad profiilid liuglevad laitmatult omale kohale, luues tugeva ja j\u00e4iga struktuuri, ilma keerulisi t\u00f6\u00f6riistu vajamata. Koge esmatasemelist lahendust, mis on projekteeritud t\u00f6\u00f6kindluseks, vastupidavuseks ja mugavaks paigalduseks. Naudi mugavust ilma liigse vaevata!<\/p>\n","protected":false},"featured_media":27537,"template":"","meta":{"_acf_changed":false},"mark-ja-mudel":[],"product_brand":[142,143],"product_cat":[961,960],"product_tag":[140],"class_list":{"0":"post-27522","1":"product","2":"type-product","3":"status-publish","4":"has-post-thumbnail","6":"product_brand-dodge","7":"product_brand-ram-1500","8":"product_cat-kastikongid","9":"product_cat-kastirauad-ja-kastikatted","10":"product_tag-tarne-4-5-paeva","12":"first","13":"instock","14":"taxable","15":"shipping-taxable","16":"purchasable","17":"product-type-simple"},"bundled_by":[],"bundle_stock_status":"instock","bundle_stock_quantity":null,"bundle_virtual":false,"bundle_layout":"","bundle_add_to_cart_form_location":"","bundle_editable_in_cart":false,"bundle_sold_individually_context":"","bundle_item_grouping":"","bundle_min_size":"","bundle_max_size":"","bundle_price":[],"bundled_items":[],"bundle_sell_ids":[],"acf":[],"yoast_head":"<!-- This site is optimized with the Yoast SEO plugin v27.3 - https:\/\/yoast.com\/product\/yoast-seo-wordpress\/ -->\n<title>RIVAL Alumiiniumist kastikong Dodge RAM 1500 Double Cab [18+] | Kastikongid, Kastirauad ja kastikatted<\/title>\n<meta name=\"description\" content=\"RIVAL Alumiiniumist kastikong Dodge RAM 1500 Double Cab [18+] - Kastikongid, Kastirauad ja kastikatted . Autojen, maastureiden ja pakettiautojen lis\u00e4varusteet. Varaosat.\" \/>\n<meta name=\"robots\" content=\"index, follow, max-snippet:-1, max-image-preview:large, max-video-preview:-1\" \/>\n<link rel=\"canonical\" href=\"https:\/\/www.castrum.ee\/fi\/toode\/rival-alumiiniumist-kastikong-dodge-ram-1500-double-cab-18\/\" \/>\n<meta property=\"og:locale\" content=\"fi_FI\" \/>\n<meta property=\"og:type\" content=\"article\" \/>\n<meta property=\"og:title\" content=\"RIVAL Alumiiniumist kastikong Dodge RAM 1500 Double Cab [18+] | Kastikongid, Kastirauad ja kastikatted\" \/>\n<meta property=\"og:description\" content=\"RIVAL Alumiiniumist kastikong Dodge RAM 1500 Double Cab [18+] - Kastikongid, Kastirauad ja kastikatted . Autojen, maastureiden ja pakettiautojen lis\u00e4varusteet. Varaosat.\" \/>\n<meta property=\"og:url\" content=\"https:\/\/www.castrum.ee\/fi\/toode\/rival-alumiiniumist-kastikong-dodge-ram-1500-double-cab-18\/\" \/>\n<meta property=\"og:site_name\" content=\"Castrum\" \/>\n<meta property=\"article:publisher\" content=\"https:\/\/www.facebook.com\/castrum.ee\" \/>\n<meta property=\"article:modified_time\" content=\"2025-10-14T11:15:22+00:00\" \/>\n<meta property=\"og:image\" content=\"https:\/\/www.castrum.ee\/wp-content\/uploads\/2025\/10\/EXRIVCAN1870B.jpg\" \/>\n\t<meta property=\"og:image:width\" content=\"1200\" \/>\n\t<meta property=\"og:image:height\" content=\"848\" \/>\n\t<meta property=\"og:image:type\" content=\"image\/jpeg\" \/>\n<meta name=\"twitter:card\" content=\"summary_large_image\" \/>\n<meta name=\"twitter:label1\" content=\"Arvioitu lukuaika\" \/>\n\t<meta name=\"twitter:data1\" content=\"1 minuutti\" \/>\n<script type=\"application\/ld+json\" class=\"yoast-schema-graph\">{\"@context\":\"https:\\\/\\\/schema.org\",\"@graph\":[{\"@type\":\"WebPage\",\"@id\":\"https:\\\/\\\/www.castrum.ee\\\/fi\\\/toode\\\/rival-alumiiniumist-kastikong-dodge-ram-1500-double-cab-18\\\/\",\"url\":\"https:\\\/\\\/www.castrum.ee\\\/fi\\\/toode\\\/rival-alumiiniumist-kastikong-dodge-ram-1500-double-cab-18\\\/\",\"name\":\"RIVAL Alumiiniumist kastikong Dodge RAM 1500 Double Cab [18+] | Kastikongid, Kastirauad ja kastikatted\",\"isPartOf\":{\"@id\":\"https:\\\/\\\/www.castrum.ee\\\/fi\\\/#website\"},\"primaryImageOfPage\":{\"@id\":\"https:\\\/\\\/www.castrum.ee\\\/fi\\\/toode\\\/rival-alumiiniumist-kastikong-dodge-ram-1500-double-cab-18\\\/#primaryimage\"},\"image\":{\"@id\":\"https:\\\/\\\/www.castrum.ee\\\/fi\\\/toode\\\/rival-alumiiniumist-kastikong-dodge-ram-1500-double-cab-18\\\/#primaryimage\"},\"thumbnailUrl\":\"https:\\\/\\\/www.castrum.ee\\\/wp-content\\\/uploads\\\/2025\\\/10\\\/EXRIVCAN1870B.jpg\",\"datePublished\":\"2025-10-14T11:15:05+00:00\",\"dateModified\":\"2025-10-14T11:15:22+00:00\",\"description\":\"RIVAL Alumiiniumist kastikong Dodge RAM 1500 Double Cab [18+] - Kastikongid, Kastirauad ja kastikatted . Autojen, maastureiden ja pakettiautojen lis\u00e4varusteet. Varaosat.\",\"breadcrumb\":{\"@id\":\"https:\\\/\\\/www.castrum.ee\\\/fi\\\/toode\\\/rival-alumiiniumist-kastikong-dodge-ram-1500-double-cab-18\\\/#breadcrumb\"},\"inLanguage\":\"fi\",\"potentialAction\":[{\"@type\":\"ReadAction\",\"target\":[\"https:\\\/\\\/www.castrum.ee\\\/fi\\\/toode\\\/rival-alumiiniumist-kastikong-dodge-ram-1500-double-cab-18\\\/\"]}]},{\"@type\":\"ImageObject\",\"inLanguage\":\"fi\",\"@id\":\"https:\\\/\\\/www.castrum.ee\\\/fi\\\/toode\\\/rival-alumiiniumist-kastikong-dodge-ram-1500-double-cab-18\\\/#primaryimage\",\"url\":\"https:\\\/\\\/www.castrum.ee\\\/wp-content\\\/uploads\\\/2025\\\/10\\\/EXRIVCAN1870B.jpg\",\"contentUrl\":\"https:\\\/\\\/www.castrum.ee\\\/wp-content\\\/uploads\\\/2025\\\/10\\\/EXRIVCAN1870B.jpg\",\"width\":1200,\"height\":848},{\"@type\":\"BreadcrumbList\",\"@id\":\"https:\\\/\\\/www.castrum.ee\\\/fi\\\/toode\\\/rival-alumiiniumist-kastikong-dodge-ram-1500-double-cab-18\\\/#breadcrumb\",\"itemListElement\":[{\"@type\":\"ListItem\",\"position\":1,\"name\":\"Home\",\"item\":\"https:\\\/\\\/www.castrum.ee\\\/fi\\\/kotisivu\\\/\"},{\"@type\":\"ListItem\",\"position\":2,\"name\":\"Verkkokauppa\",\"item\":\"https:\\\/\\\/www.castrum.ee\\\/fi\\\/kauppa\\\/\"},{\"@type\":\"ListItem\",\"position\":3,\"name\":\"RIVAL Alumiiniumist kastikong Dodge RAM 1500 Double Cab [18+]\"}]},{\"@type\":\"WebSite\",\"@id\":\"https:\\\/\\\/www.castrum.ee\\\/fi\\\/#website\",\"url\":\"https:\\\/\\\/www.castrum.ee\\\/fi\\\/\",\"name\":\"Castrum\",\"description\":\"Maasturite, s\u00f5iduautode ja v\u00e4ikebusside lisavarustus\",\"publisher\":{\"@id\":\"https:\\\/\\\/www.castrum.ee\\\/fi\\\/#organization\"},\"potentialAction\":[{\"@type\":\"SearchAction\",\"target\":{\"@type\":\"EntryPoint\",\"urlTemplate\":\"https:\\\/\\\/www.castrum.ee\\\/fi\\\/?s={search_term_string}\"},\"query-input\":{\"@type\":\"PropertyValueSpecification\",\"valueRequired\":true,\"valueName\":\"search_term_string\"}}],\"inLanguage\":\"fi\"},{\"@type\":\"Organization\",\"@id\":\"https:\\\/\\\/www.castrum.ee\\\/fi\\\/#organization\",\"name\":\"Castrum Grupp O\u00dc\",\"url\":\"https:\\\/\\\/www.castrum.ee\\\/fi\\\/\",\"logo\":{\"@type\":\"ImageObject\",\"inLanguage\":\"fi\",\"@id\":\"https:\\\/\\\/www.castrum.ee\\\/fi\\\/#\\\/schema\\\/logo\\\/image\\\/\",\"url\":\"https:\\\/\\\/www.castrum.ee\\\/wp-content\\\/uploads\\\/2025\\\/03\\\/Castrum-logo-500.png\",\"contentUrl\":\"https:\\\/\\\/www.castrum.ee\\\/wp-content\\\/uploads\\\/2025\\\/03\\\/Castrum-logo-500.png\",\"width\":500,\"height\":250,\"caption\":\"Castrum Grupp O\u00dc\"},\"image\":{\"@id\":\"https:\\\/\\\/www.castrum.ee\\\/fi\\\/#\\\/schema\\\/logo\\\/image\\\/\"},\"sameAs\":[\"https:\\\/\\\/www.facebook.com\\\/castrum.ee\"]}]}<\/script>\n<!-- \/ Yoast SEO plugin. -->","yoast_head_json":{"title":"RIVAL Alumiiniumist kastikong Dodge RAM 1500 Double Cab [18+] | Kastikongid, Kastirauad ja kastikatted","description":"RIVAL Alumiiniumist kastikong Dodge RAM 1500 Double Cab [18+] - Kastikongid, Kastirauad ja kastikatted . Autojen, maastureiden ja pakettiautojen lis\u00e4varusteet. Varaosat.","robots":{"index":"index","follow":"follow","max-snippet":"max-snippet:-1","max-image-preview":"max-image-preview:large","max-video-preview":"max-video-preview:-1"},"canonical":"https:\/\/www.castrum.ee\/fi\/toode\/rival-alumiiniumist-kastikong-dodge-ram-1500-double-cab-18\/","og_locale":"fi_FI","og_type":"article","og_title":"RIVAL Alumiiniumist kastikong Dodge RAM 1500 Double Cab [18+] | Kastikongid, Kastirauad ja kastikatted","og_description":"RIVAL Alumiiniumist kastikong Dodge RAM 1500 Double Cab [18+] - Kastikongid, Kastirauad ja kastikatted . Autojen, maastureiden ja pakettiautojen lis\u00e4varusteet. Varaosat.","og_url":"https:\/\/www.castrum.ee\/fi\/toode\/rival-alumiiniumist-kastikong-dodge-ram-1500-double-cab-18\/","og_site_name":"Castrum","article_publisher":"https:\/\/www.facebook.com\/castrum.ee","article_modified_time":"2025-10-14T11:15:22+00:00","og_image":[{"width":1200,"height":848,"url":"https:\/\/www.castrum.ee\/wp-content\/uploads\/2025\/10\/EXRIVCAN1870B.jpg","type":"image\/jpeg"}],"twitter_card":"summary_large_image","twitter_misc":{"Arvioitu lukuaika":"1 minuutti"},"schema":{"@context":"https:\/\/schema.org","@graph":[{"@type":"WebPage","@id":"https:\/\/www.castrum.ee\/fi\/toode\/rival-alumiiniumist-kastikong-dodge-ram-1500-double-cab-18\/","url":"https:\/\/www.castrum.ee\/fi\/toode\/rival-alumiiniumist-kastikong-dodge-ram-1500-double-cab-18\/","name":"RIVAL Alumiiniumist kastikong Dodge RAM 1500 Double Cab [18+] | Kastikongid, Kastirauad ja kastikatted","isPartOf":{"@id":"https:\/\/www.castrum.ee\/fi\/#website"},"primaryImageOfPage":{"@id":"https:\/\/www.castrum.ee\/fi\/toode\/rival-alumiiniumist-kastikong-dodge-ram-1500-double-cab-18\/#primaryimage"},"image":{"@id":"https:\/\/www.castrum.ee\/fi\/toode\/rival-alumiiniumist-kastikong-dodge-ram-1500-double-cab-18\/#primaryimage"},"thumbnailUrl":"https:\/\/www.castrum.ee\/wp-content\/uploads\/2025\/10\/EXRIVCAN1870B.jpg","datePublished":"2025-10-14T11:15:05+00:00","dateModified":"2025-10-14T11:15:22+00:00","description":"RIVAL Alumiiniumist kastikong Dodge RAM 1500 Double Cab [18+] - Kastikongid, Kastirauad ja kastikatted . Autojen, maastureiden ja pakettiautojen lis\u00e4varusteet. Varaosat.","breadcrumb":{"@id":"https:\/\/www.castrum.ee\/fi\/toode\/rival-alumiiniumist-kastikong-dodge-ram-1500-double-cab-18\/#breadcrumb"},"inLanguage":"fi","potentialAction":[{"@type":"ReadAction","target":["https:\/\/www.castrum.ee\/fi\/toode\/rival-alumiiniumist-kastikong-dodge-ram-1500-double-cab-18\/"]}]},{"@type":"ImageObject","inLanguage":"fi","@id":"https:\/\/www.castrum.ee\/fi\/toode\/rival-alumiiniumist-kastikong-dodge-ram-1500-double-cab-18\/#primaryimage","url":"https:\/\/www.castrum.ee\/wp-content\/uploads\/2025\/10\/EXRIVCAN1870B.jpg","contentUrl":"https:\/\/www.castrum.ee\/wp-content\/uploads\/2025\/10\/EXRIVCAN1870B.jpg","width":1200,"height":848},{"@type":"BreadcrumbList","@id":"https:\/\/www.castrum.ee\/fi\/toode\/rival-alumiiniumist-kastikong-dodge-ram-1500-double-cab-18\/#breadcrumb","itemListElement":[{"@type":"ListItem","position":1,"name":"Home","item":"https:\/\/www.castrum.ee\/fi\/kotisivu\/"},{"@type":"ListItem","position":2,"name":"Verkkokauppa","item":"https:\/\/www.castrum.ee\/fi\/kauppa\/"},{"@type":"ListItem","position":3,"name":"RIVAL Alumiiniumist kastikong Dodge RAM 1500 Double Cab [18+]"}]},{"@type":"WebSite","@id":"https:\/\/www.castrum.ee\/fi\/#website","url":"https:\/\/www.castrum.ee\/fi\/","name":"Castrum","description":"Maasturite, s\u00f5iduautode ja v\u00e4ikebusside lisavarustus","publisher":{"@id":"https:\/\/www.castrum.ee\/fi\/#organization"},"potentialAction":[{"@type":"SearchAction","target":{"@type":"EntryPoint","urlTemplate":"https:\/\/www.castrum.ee\/fi\/?s={search_term_string}"},"query-input":{"@type":"PropertyValueSpecification","valueRequired":true,"valueName":"search_term_string"}}],"inLanguage":"fi"},{"@type":"Organization","@id":"https:\/\/www.castrum.ee\/fi\/#organization","name":"Castrum Grupp O\u00dc","url":"https:\/\/www.castrum.ee\/fi\/","logo":{"@type":"ImageObject","inLanguage":"fi","@id":"https:\/\/www.castrum.ee\/fi\/#\/schema\/logo\/image\/","url":"https:\/\/www.castrum.ee\/wp-content\/uploads\/2025\/03\/Castrum-logo-500.png","contentUrl":"https:\/\/www.castrum.ee\/wp-content\/uploads\/2025\/03\/Castrum-logo-500.png","width":500,"height":250,"caption":"Castrum Grupp O\u00dc"},"image":{"@id":"https:\/\/www.castrum.ee\/fi\/#\/schema\/logo\/image\/"},"sameAs":["https:\/\/www.facebook.com\/castrum.ee"]}]}},"_links":{"self":[{"href":"https:\/\/www.castrum.ee\/fi\/wp-json\/wp\/v2\/product\/27522","targetHints":{"allow":["GET"]}}],"collection":[{"href":"https:\/\/www.castrum.ee\/fi\/wp-json\/wp\/v2\/product"}],"about":[{"href":"https:\/\/www.castrum.ee\/fi\/wp-json\/wp\/v2\/types\/product"}],"wp:featuredmedia":[{"embeddable":true,"href":"https:\/\/www.castrum.ee\/fi\/wp-json\/wp\/v2\/media\/27537"}],"wp:attachment":[{"href":"https:\/\/www.castrum.ee\/fi\/wp-json\/wp\/v2\/media?parent=27522"}],"wp:term":[{"taxonomy":"mark-ja-mudel","embeddable":true,"href":"https:\/\/www.castrum.ee\/fi\/wp-json\/wp\/v2\/mark-ja-mudel?post=27522"},{"taxonomy":"product_brand","embeddable":true,"href":"https:\/\/www.castrum.ee\/fi\/wp-json\/wp\/v2\/product_brand?post=27522"},{"taxonomy":"product_cat","embeddable":true,"href":"https:\/\/www.castrum.ee\/fi\/wp-json\/wp\/v2\/product_cat?post=27522"},{"taxonomy":"product_tag","embeddable":true,"href":"https:\/\/www.castrum.ee\/fi\/wp-json\/wp\/v2\/product_tag?post=27522"}],"curies":[{"name":"wp","href":"https:\/\/api.w.org\/{rel}","templated":true}]}}