{"id":2776,"date":"2025-05-29T09:13:40","date_gmt":"2025-05-29T09:13:40","guid":{"rendered":"https:\/\/castrum.hume.ee\/?post_type=product&#038;p=2776"},"modified":"2025-05-29T09:13:56","modified_gmt":"2025-05-29T09:13:56","slug":"ford-ranger-23-esiraud-stageaaris-2","status":"publish","type":"product","link":"https:\/\/www.castrum.ee\/fi\/toode\/ford-ranger-23-esiraud-stageaaris-2\/","title":{"rendered":"Ford Ranger 23+ esiraud stage\u00e4\u00e4ris."},"content":{"rendered":"<p>Stange\u00e4\u00e4rised on valmistatud suure, 70 mm l\u00e4bim\u00f5\u00f5duga ja 2 mm paksusest roostevabast terasest ning k\u00e4sitsi poleeritud, et tagada nende vastupidavus ning pakkuda t\u00e4iendavat kaitset s\u00f5iduki olulistele osadele.<\/p>\n<p>Komplekti kuuluvad k\u00f5ik vajalikud paigaldustarvikud ning lihtne paigaldusjuhend, mis teeb kinnitamise kiireks ja mugavaks.<\/p>\n<p>Madala spoileriga stange\u00e4\u00e4ris omab Euroopa t\u00fc\u00fcbiheakskiitu \u2013 see on projekteeritud vastavalt kehtivatele EL-i standarditele ja vastab direktiivi 78\/2009\/E\u00dc n\u00f5uetele. See t\u00e4hendab, et meie tooted on valmistatud k\u00f5rgeimate ohutusstandardite j\u00e4rgi ning on edukalt l\u00e4binud k\u00f5ik sertifitseerimistestid, sealhulgas jalak\u00e4ijate turvalisuse kontrolli.<\/p>\n","protected":false},"excerpt":{"rendered":"<p>Madala spoileriga stange\u00e4\u00e4ris ei ole mitte ainult stiilne disainielement, vaid t\u00e4nu oma laiale konstruktsioonile kaitseb see t\u00f5husalt stange alumist osa nii maanteel kokkup\u00f5rke korral kui ka maastikul s\u00f5ites. Stange\u00e4\u00e4ris katab t\u00e4nu oma ehitusele kogu esiosa laiuse, pakkudes efektiivset kaitset stange alumistele osadele. Lisaks turvalisusele iseloomustab meie toodet ka elegantne ja oman\u00e4oline disain, mis lisab teie autole iseloomu ja ainulaadsust.<\/p>\n","protected":false},"featured_media":2808,"template":"","meta":{"_acf_changed":false},"mark-ja-mudel":[],"product_brand":[133,134],"product_cat":[91,92],"product_tag":[],"class_list":{"0":"post-2776","1":"product","2":"type-product","3":"status-publish","4":"has-post-thumbnail","6":"product_brand-ford","7":"product_brand-ranger","8":"product_cat-4x4-rauad","9":"product_cat-esirauad-e-sertifikaadiga","10":"product_shipping_class-suurveos","12":"first","13":"instock","14":"taxable","15":"shipping-taxable","16":"purchasable","17":"product-type-variable"},"bundled_by":[],"bundle_stock_status":"instock","bundle_stock_quantity":null,"bundle_virtual":false,"bundle_layout":"","bundle_add_to_cart_form_location":"","bundle_editable_in_cart":false,"bundle_sold_individually_context":"","bundle_item_grouping":"","bundle_min_size":"","bundle_max_size":"","bundle_price":[],"bundled_items":[],"bundle_sell_ids":[],"acf":[],"yoast_head":"<!-- This site is optimized with the Yoast SEO plugin v27.3 - https:\/\/yoast.com\/product\/yoast-seo-wordpress\/ -->\n<title>Ford Ranger 23+ esiraud stage\u00e4\u00e4ris. | 4x4 rauad, Esirauad (e-sertifikaadiga)<\/title>\n<meta name=\"description\" content=\"Ford Ranger 23+ esiraud stage\u00e4\u00e4ris. - 4x4 rauad, Esirauad (e-sertifikaadiga) . Autojen, maastureiden ja pakettiautojen lis\u00e4varusteet. Varaosat.\" \/>\n<meta name=\"robots\" content=\"index, follow, max-snippet:-1, max-image-preview:large, max-video-preview:-1\" \/>\n<link rel=\"canonical\" href=\"https:\/\/www.castrum.ee\/fi\/toode\/ford-ranger-23-esiraud-stageaaris-2\/\" \/>\n<meta property=\"og:locale\" content=\"fi_FI\" \/>\n<meta property=\"og:type\" content=\"article\" \/>\n<meta property=\"og:title\" content=\"Ford Ranger 23+ esiraud stage\u00e4\u00e4ris. | 4x4 rauad, Esirauad (e-sertifikaadiga)\" \/>\n<meta property=\"og:description\" content=\"Ford Ranger 23+ esiraud stage\u00e4\u00e4ris. - 4x4 rauad, Esirauad (e-sertifikaadiga) . Autojen, maastureiden ja pakettiautojen lis\u00e4varusteet. Varaosat.\" \/>\n<meta property=\"og:url\" content=\"https:\/\/www.castrum.ee\/fi\/toode\/ford-ranger-23-esiraud-stageaaris-2\/\" \/>\n<meta property=\"og:site_name\" content=\"Castrum\" \/>\n<meta property=\"article:publisher\" content=\"https:\/\/www.facebook.com\/castrum.ee\" \/>\n<meta property=\"article:modified_time\" content=\"2025-05-29T09:13:56+00:00\" \/>\n<meta property=\"og:image\" content=\"https:\/\/www.castrum.ee\/wp-content\/uploads\/2025\/05\/big_R23-L2370-08.jpg\" \/>\n\t<meta property=\"og:image:width\" content=\"1000\" \/>\n\t<meta property=\"og:image:height\" content=\"710\" \/>\n\t<meta property=\"og:image:type\" content=\"image\/jpeg\" \/>\n<meta name=\"twitter:card\" content=\"summary_large_image\" \/>\n<script type=\"application\/ld+json\" class=\"yoast-schema-graph\">{\"@context\":\"https:\\\/\\\/schema.org\",\"@graph\":[{\"@type\":\"WebPage\",\"@id\":\"https:\\\/\\\/www.castrum.ee\\\/fi\\\/toode\\\/ford-ranger-23-esiraud-stageaaris-2\\\/\",\"url\":\"https:\\\/\\\/www.castrum.ee\\\/fi\\\/toode\\\/ford-ranger-23-esiraud-stageaaris-2\\\/\",\"name\":\"Ford Ranger 23+ esiraud stage\u00e4\u00e4ris. | 4x4 rauad, Esirauad (e-sertifikaadiga)\",\"isPartOf\":{\"@id\":\"https:\\\/\\\/www.castrum.ee\\\/fi\\\/#website\"},\"primaryImageOfPage\":{\"@id\":\"https:\\\/\\\/www.castrum.ee\\\/fi\\\/toode\\\/ford-ranger-23-esiraud-stageaaris-2\\\/#primaryimage\"},\"image\":{\"@id\":\"https:\\\/\\\/www.castrum.ee\\\/fi\\\/toode\\\/ford-ranger-23-esiraud-stageaaris-2\\\/#primaryimage\"},\"thumbnailUrl\":\"https:\\\/\\\/www.castrum.ee\\\/wp-content\\\/uploads\\\/2025\\\/05\\\/big_R23-L2370-08.jpg\",\"datePublished\":\"2025-05-29T09:13:40+00:00\",\"dateModified\":\"2025-05-29T09:13:56+00:00\",\"description\":\"Ford Ranger 23+ esiraud stage\u00e4\u00e4ris. - 4x4 rauad, Esirauad (e-sertifikaadiga) . Autojen, maastureiden ja pakettiautojen lis\u00e4varusteet. Varaosat.\",\"breadcrumb\":{\"@id\":\"https:\\\/\\\/www.castrum.ee\\\/fi\\\/toode\\\/ford-ranger-23-esiraud-stageaaris-2\\\/#breadcrumb\"},\"inLanguage\":\"fi\",\"potentialAction\":[{\"@type\":\"ReadAction\",\"target\":[\"https:\\\/\\\/www.castrum.ee\\\/fi\\\/toode\\\/ford-ranger-23-esiraud-stageaaris-2\\\/\"]}]},{\"@type\":\"ImageObject\",\"inLanguage\":\"fi\",\"@id\":\"https:\\\/\\\/www.castrum.ee\\\/fi\\\/toode\\\/ford-ranger-23-esiraud-stageaaris-2\\\/#primaryimage\",\"url\":\"https:\\\/\\\/www.castrum.ee\\\/wp-content\\\/uploads\\\/2025\\\/05\\\/big_R23-L2370-08.jpg\",\"contentUrl\":\"https:\\\/\\\/www.castrum.ee\\\/wp-content\\\/uploads\\\/2025\\\/05\\\/big_R23-L2370-08.jpg\",\"width\":1000,\"height\":710},{\"@type\":\"BreadcrumbList\",\"@id\":\"https:\\\/\\\/www.castrum.ee\\\/fi\\\/toode\\\/ford-ranger-23-esiraud-stageaaris-2\\\/#breadcrumb\",\"itemListElement\":[{\"@type\":\"ListItem\",\"position\":1,\"name\":\"Home\",\"item\":\"https:\\\/\\\/www.castrum.ee\\\/fi\\\/kotisivu\\\/\"},{\"@type\":\"ListItem\",\"position\":2,\"name\":\"Verkkokauppa\",\"item\":\"https:\\\/\\\/www.castrum.ee\\\/fi\\\/kauppa\\\/\"},{\"@type\":\"ListItem\",\"position\":3,\"name\":\"Ford Ranger 23+ esiraud stage\u00e4\u00e4ris.\"}]},{\"@type\":\"WebSite\",\"@id\":\"https:\\\/\\\/www.castrum.ee\\\/fi\\\/#website\",\"url\":\"https:\\\/\\\/www.castrum.ee\\\/fi\\\/\",\"name\":\"Castrum\",\"description\":\"Maasturite, s\u00f5iduautode ja v\u00e4ikebusside lisavarustus\",\"publisher\":{\"@id\":\"https:\\\/\\\/www.castrum.ee\\\/fi\\\/#organization\"},\"potentialAction\":[{\"@type\":\"SearchAction\",\"target\":{\"@type\":\"EntryPoint\",\"urlTemplate\":\"https:\\\/\\\/www.castrum.ee\\\/fi\\\/?s={search_term_string}\"},\"query-input\":{\"@type\":\"PropertyValueSpecification\",\"valueRequired\":true,\"valueName\":\"search_term_string\"}}],\"inLanguage\":\"fi\"},{\"@type\":\"Organization\",\"@id\":\"https:\\\/\\\/www.castrum.ee\\\/fi\\\/#organization\",\"name\":\"Castrum Grupp O\u00dc\",\"url\":\"https:\\\/\\\/www.castrum.ee\\\/fi\\\/\",\"logo\":{\"@type\":\"ImageObject\",\"inLanguage\":\"fi\",\"@id\":\"https:\\\/\\\/www.castrum.ee\\\/fi\\\/#\\\/schema\\\/logo\\\/image\\\/\",\"url\":\"https:\\\/\\\/www.castrum.ee\\\/wp-content\\\/uploads\\\/2025\\\/03\\\/Castrum-logo-500.png\",\"contentUrl\":\"https:\\\/\\\/www.castrum.ee\\\/wp-content\\\/uploads\\\/2025\\\/03\\\/Castrum-logo-500.png\",\"width\":500,\"height\":250,\"caption\":\"Castrum Grupp O\u00dc\"},\"image\":{\"@id\":\"https:\\\/\\\/www.castrum.ee\\\/fi\\\/#\\\/schema\\\/logo\\\/image\\\/\"},\"sameAs\":[\"https:\\\/\\\/www.facebook.com\\\/castrum.ee\"]}]}<\/script>\n<!-- \/ Yoast SEO plugin. -->","yoast_head_json":{"title":"Ford Ranger 23+ esiraud stage\u00e4\u00e4ris. | 4x4 rauad, Esirauad (e-sertifikaadiga)","description":"Ford Ranger 23+ esiraud stage\u00e4\u00e4ris. - 4x4 rauad, Esirauad (e-sertifikaadiga) . Autojen, maastureiden ja pakettiautojen lis\u00e4varusteet. Varaosat.","robots":{"index":"index","follow":"follow","max-snippet":"max-snippet:-1","max-image-preview":"max-image-preview:large","max-video-preview":"max-video-preview:-1"},"canonical":"https:\/\/www.castrum.ee\/fi\/toode\/ford-ranger-23-esiraud-stageaaris-2\/","og_locale":"fi_FI","og_type":"article","og_title":"Ford Ranger 23+ esiraud stage\u00e4\u00e4ris. | 4x4 rauad, Esirauad (e-sertifikaadiga)","og_description":"Ford Ranger 23+ esiraud stage\u00e4\u00e4ris. - 4x4 rauad, Esirauad (e-sertifikaadiga) . Autojen, maastureiden ja pakettiautojen lis\u00e4varusteet. Varaosat.","og_url":"https:\/\/www.castrum.ee\/fi\/toode\/ford-ranger-23-esiraud-stageaaris-2\/","og_site_name":"Castrum","article_publisher":"https:\/\/www.facebook.com\/castrum.ee","article_modified_time":"2025-05-29T09:13:56+00:00","og_image":[{"width":1000,"height":710,"url":"https:\/\/www.castrum.ee\/wp-content\/uploads\/2025\/05\/big_R23-L2370-08.jpg","type":"image\/jpeg"}],"twitter_card":"summary_large_image","schema":{"@context":"https:\/\/schema.org","@graph":[{"@type":"WebPage","@id":"https:\/\/www.castrum.ee\/fi\/toode\/ford-ranger-23-esiraud-stageaaris-2\/","url":"https:\/\/www.castrum.ee\/fi\/toode\/ford-ranger-23-esiraud-stageaaris-2\/","name":"Ford Ranger 23+ esiraud stage\u00e4\u00e4ris. | 4x4 rauad, Esirauad (e-sertifikaadiga)","isPartOf":{"@id":"https:\/\/www.castrum.ee\/fi\/#website"},"primaryImageOfPage":{"@id":"https:\/\/www.castrum.ee\/fi\/toode\/ford-ranger-23-esiraud-stageaaris-2\/#primaryimage"},"image":{"@id":"https:\/\/www.castrum.ee\/fi\/toode\/ford-ranger-23-esiraud-stageaaris-2\/#primaryimage"},"thumbnailUrl":"https:\/\/www.castrum.ee\/wp-content\/uploads\/2025\/05\/big_R23-L2370-08.jpg","datePublished":"2025-05-29T09:13:40+00:00","dateModified":"2025-05-29T09:13:56+00:00","description":"Ford Ranger 23+ esiraud stage\u00e4\u00e4ris. - 4x4 rauad, Esirauad (e-sertifikaadiga) . Autojen, maastureiden ja pakettiautojen lis\u00e4varusteet. Varaosat.","breadcrumb":{"@id":"https:\/\/www.castrum.ee\/fi\/toode\/ford-ranger-23-esiraud-stageaaris-2\/#breadcrumb"},"inLanguage":"fi","potentialAction":[{"@type":"ReadAction","target":["https:\/\/www.castrum.ee\/fi\/toode\/ford-ranger-23-esiraud-stageaaris-2\/"]}]},{"@type":"ImageObject","inLanguage":"fi","@id":"https:\/\/www.castrum.ee\/fi\/toode\/ford-ranger-23-esiraud-stageaaris-2\/#primaryimage","url":"https:\/\/www.castrum.ee\/wp-content\/uploads\/2025\/05\/big_R23-L2370-08.jpg","contentUrl":"https:\/\/www.castrum.ee\/wp-content\/uploads\/2025\/05\/big_R23-L2370-08.jpg","width":1000,"height":710},{"@type":"BreadcrumbList","@id":"https:\/\/www.castrum.ee\/fi\/toode\/ford-ranger-23-esiraud-stageaaris-2\/#breadcrumb","itemListElement":[{"@type":"ListItem","position":1,"name":"Home","item":"https:\/\/www.castrum.ee\/fi\/kotisivu\/"},{"@type":"ListItem","position":2,"name":"Verkkokauppa","item":"https:\/\/www.castrum.ee\/fi\/kauppa\/"},{"@type":"ListItem","position":3,"name":"Ford Ranger 23+ esiraud stage\u00e4\u00e4ris."}]},{"@type":"WebSite","@id":"https:\/\/www.castrum.ee\/fi\/#website","url":"https:\/\/www.castrum.ee\/fi\/","name":"Castrum","description":"Maasturite, s\u00f5iduautode ja v\u00e4ikebusside lisavarustus","publisher":{"@id":"https:\/\/www.castrum.ee\/fi\/#organization"},"potentialAction":[{"@type":"SearchAction","target":{"@type":"EntryPoint","urlTemplate":"https:\/\/www.castrum.ee\/fi\/?s={search_term_string}"},"query-input":{"@type":"PropertyValueSpecification","valueRequired":true,"valueName":"search_term_string"}}],"inLanguage":"fi"},{"@type":"Organization","@id":"https:\/\/www.castrum.ee\/fi\/#organization","name":"Castrum Grupp O\u00dc","url":"https:\/\/www.castrum.ee\/fi\/","logo":{"@type":"ImageObject","inLanguage":"fi","@id":"https:\/\/www.castrum.ee\/fi\/#\/schema\/logo\/image\/","url":"https:\/\/www.castrum.ee\/wp-content\/uploads\/2025\/03\/Castrum-logo-500.png","contentUrl":"https:\/\/www.castrum.ee\/wp-content\/uploads\/2025\/03\/Castrum-logo-500.png","width":500,"height":250,"caption":"Castrum Grupp O\u00dc"},"image":{"@id":"https:\/\/www.castrum.ee\/fi\/#\/schema\/logo\/image\/"},"sameAs":["https:\/\/www.facebook.com\/castrum.ee"]}]}},"_links":{"self":[{"href":"https:\/\/www.castrum.ee\/fi\/wp-json\/wp\/v2\/product\/2776","targetHints":{"allow":["GET"]}}],"collection":[{"href":"https:\/\/www.castrum.ee\/fi\/wp-json\/wp\/v2\/product"}],"about":[{"href":"https:\/\/www.castrum.ee\/fi\/wp-json\/wp\/v2\/types\/product"}],"wp:featuredmedia":[{"embeddable":true,"href":"https:\/\/www.castrum.ee\/fi\/wp-json\/wp\/v2\/media\/2808"}],"wp:attachment":[{"href":"https:\/\/www.castrum.ee\/fi\/wp-json\/wp\/v2\/media?parent=2776"}],"wp:term":[{"taxonomy":"mark-ja-mudel","embeddable":true,"href":"https:\/\/www.castrum.ee\/fi\/wp-json\/wp\/v2\/mark-ja-mudel?post=2776"},{"taxonomy":"product_brand","embeddable":true,"href":"https:\/\/www.castrum.ee\/fi\/wp-json\/wp\/v2\/product_brand?post=2776"},{"taxonomy":"product_cat","embeddable":true,"href":"https:\/\/www.castrum.ee\/fi\/wp-json\/wp\/v2\/product_cat?post=2776"},{"taxonomy":"product_tag","embeddable":true,"href":"https:\/\/www.castrum.ee\/fi\/wp-json\/wp\/v2\/product_tag?post=2776"}],"curies":[{"name":"wp","href":"https:\/\/api.w.org\/{rel}","templated":true}]}}