{"id":4889,"date":"2025-06-18T11:23:20","date_gmt":"2025-06-18T11:23:20","guid":{"rendered":"https:\/\/castrum.hume.ee\/?post_type=product&#038;p=4889"},"modified":"2026-04-09T13:04:20","modified_gmt":"2026-04-09T10:04:20","slug":"astmetega-kuljerauad-bb005-delux","status":"publish","type":"product","link":"https:\/\/www.castrum.ee\/fi\/toode\/astmetega-kuljerauad-bb005-delux\/","title":{"rendered":"Astmetega k\u00fcljerauad BB005 Delux"},"content":{"rendered":"<p>Roostevabast terasest k\u00fcljerauad, mis on valmistatud uusima tehnoloogia abil (CNC \u2013 laserl\u00f5ikus), pakkudes s\u00f5idukile paremat kaitset ja silmapaistvat v\u00e4limust.<\/p>\n<p><strong>Omadused<\/strong><\/p>\n<ul>\n<li>Silmapaistev v\u00e4limus \u2013 annab autole ainulaadse ilme.<\/li>\n<li>Valmistatud roostevabast terasest \u2013 suurendab s\u00f5iduki kaitset.<\/li>\n<li>Vastupidavus \u2013 talub ilmastikutingimusi ja ajahambast tingitud kulumist.<\/li>\n<li>Lihtne paigaldamine \/ Plug and play \u2013 k\u00fcljerauad on h\u00f5lpsasti paigaldatavad, kuna komplektis on paigaldusjuhised ja vajalikud kinnitused. S\u00f5idukit ei ole vaja t\u00e4iendavalt kohandada \u2013 k\u00fcljerauad kinnitatakse olemasolevatele kinnituskohtadele.<\/li>\n<\/ul>\n<p><strong>Komplekt sisaldab:<\/strong><\/p>\n<ul>\n<li>\u00dchte paari k\u00fcljeraudasid (vasak ja parem).<\/li>\n<li>Paigaldamiseks vajalikke kinnitusvahendeid<\/li>\n<li>Paigaldusjuhendit.<\/li>\n<\/ul>\n<p><strong>Lihtne paigaldada:<\/strong><br \/>\nK\u00fcljeraudade paigaldamine on v\u00e4ga lihtne, kuna komplektis on kaasas nii paigaldusjuhend kui ka vajalikud osad. See v\u00e4listab vajaduse s\u00f5iduki t\u00e4iendavate modifikatsioonide j\u00e4rele. K\u00fcljerauad paigaldatakse olemasolevatele kinnituskohtadele s\u00f5iduki raamil v\u00f5i kerel.<\/p>\n<p><strong>Lisakaitse s\u00f5iduki kerele:<\/strong><br \/>\nK\u00fcljerauad pakuvad kaitset ustele ja k\u00fclgpaneelidele kivikeste, asfaldit\u00fckikeste ning kitsastes parkimiskohtades teiste autode ustega tekkinud kahjustuste eest. See on eriti oluline kruusa- ja pinnasteedel. Samuti kaitsevad astmelauad suuremate kivide ja rataste alt paiskuvate esemete eest.<\/p>\n<p><strong>Oluline teave:<\/strong><\/p>\n<ul>\n<li>M\u00f5nel s\u00f5idukil v\u00f5ivad kinnituste paigaldusaukude katmiseks olla plastikust korgid, mis tuleb enne k\u00fcljekarpide paigaldamist eemaldada.<\/li>\n<li>Palun \u00e4rge kasutage metallist lisatarvikute puhastamiseks auto puhastusvahendeid, mis sisaldavad TFR- (Traffic Film Remover) kemikaale, kuna need v\u00f5ivad p\u00f5hjustada korrosiooni. Nende lahustega puhastamine v\u00f5ib garantii t\u00fchistada.<\/li>\n<li>Soovitame tungivalt kontrollida kruvisid ja kinnitusdetaile 7 p\u00e4eva p\u00e4rast esmast paigaldust, veendumaks, et need on korralikult kinnitatud. Ohutuse huvides tuleks k\u00f5ik osad \u00fcle vaadata iga 3\u20136 kuu tagant.<\/li>\n<\/ul>\n<p><strong>ARP br\u00e4ndist:<\/strong><br \/>\nARP on autoosade ja -tarvikute t\u00f6\u00f6stuses oluline tegija, pakkudes varuosi ja tarvikuid 4\u00d74 maasturitele, pikapitele, s\u00f5iduautodele, tarbes\u00f5idukitele ja kommertss\u00f5idukitele, sealhulgas nii vanematele kui ka uuematele mudelitele. Castrum on ARP toodete ametlik edasim\u00fc\u00fcja Eestis.<\/p>\n","protected":false},"excerpt":{"rendered":"<p>76mm l\u00e4bim\u00f5\u00f5duga ja 1,5mm seinaga roostevabast terasest k\u00fcljerauad, millel on s\u00fcvistatud astmed. Komplekti kuulub k\u00f5ik vajalik paigalduseks.<\/p>\n","protected":false},"featured_media":4891,"template":"","meta":{"_acf_changed":false},"mark-ja-mudel":[],"product_brand":[93,329,402,392,400,377,487,136,393,163,306,374,424,307,308,373,133,325,384,114,294,340,162,322,289,401,304,301,320,346,131,347,370,354,127,130,317,166,165,313,331,356,383,298,359,167,345,299,375,305,316,288,326,300,437,113,315,344,137,379,361,314,89,296,164,358,417,297],"product_cat":[169,386],"product_tag":[],"class_list":{"0":"post-4889","1":"product","2":"type-product","3":"status-publish","4":"has-post-thumbnail","6":"product_brand-amarok","7":"product_brand-audi","8":"product_brand-boxer-swb-mwb-lwb","9":"product_brand-caddy","10":"product_brand-citroen","11":"product_brand-commander","12":"product_brand-cr-v","13":"product_brand-custom","14":"product_brand-cx7","15":"product_brand-d-max","16":"product_brand-dacia","17":"product_brand-discovery","18":"product_brand-discovery-sport","19":"product_brand-duster","20":"product_brand-eclipse-cross","21":"product_brand-evoque","22":"product_brand-ford","23":"product_brand-grand-cherokee","24":"product_brand-grand-vitara","25":"product_brand-hilux","26":"product_brand-honda","27":"product_brand-hyundai","28":"product_brand-isuzu","29":"product_brand-jeep","30":"product_brand-jimny","31":"product_brand-jumper-swb-mwb-lwb","32":"product_brand-kia","33":"product_brand-koleos","34":"product_brand-korando","35":"product_brand-kuga","36":"product_brand-l200","37":"product_brand-land-rover","38":"product_brand-m-class","39":"product_brand-mazda","40":"product_brand-mercedes-benz","41":"product_brand-mitsubishi","42":"product_brand-musso","43":"product_brand-navara","44":"product_brand-nissan","45":"product_brand-opel","46":"product_brand-peugeot","47":"product_brand-q5","48":"product_brand-q7","49":"product_brand-qashqai","50":"product_brand-rav4","51":"product_brand-renault","52":"product_brand-santa-fe","53":"product_brand-sharan","54":"product_brand-sorento","55":"product_brand-sportage","56":"product_brand-ssangyong","57":"product_brand-suzuki","58":"product_brand-t4","59":"product_brand-touareg","60":"product_brand-touran","61":"product_brand-toyota","62":"product_brand-trafic","63":"product_brand-transit","64":"product_brand-transit-custom","65":"product_brand-tucson","66":"product_brand-vitara","67":"product_brand-vivaro","68":"product_brand-volkswagen","69":"product_brand-volvo","70":"product_brand-x-class","71":"product_brand-xc60","72":"product_brand-xc70","73":"product_brand-xc90","74":"product_cat-astmelauad-ja-kuljerauad","75":"product_cat-kuljerauad","76":"product_shipping_class-suurveos","78":"first","79":"instock","80":"taxable","81":"shipping-taxable","82":"purchasable","83":"product-type-variable"},"bundled_by":[],"bundle_stock_status":"instock","bundle_stock_quantity":null,"bundle_virtual":false,"bundle_layout":"","bundle_add_to_cart_form_location":"","bundle_editable_in_cart":false,"bundle_sold_individually_context":"","bundle_item_grouping":"","bundle_min_size":"","bundle_max_size":"","bundle_price":[],"bundled_items":[],"bundle_sell_ids":[],"acf":[],"yoast_head":"<!-- This site is optimized with the Yoast SEO plugin v27.3 - https:\/\/yoast.com\/product\/yoast-seo-wordpress\/ -->\n<title>Astmetega k\u00fcljerauad BB005 Delux | Astmelauad ja k\u00fcljerauad, K\u00fcljerauad<\/title>\n<meta name=\"description\" content=\"Astmetega k\u00fcljerauad BB005 Delux - Astmelauad ja k\u00fcljerauad, K\u00fcljerauad . Autojen, maastureiden ja pakettiautojen lis\u00e4varusteet. Varaosat.\" \/>\n<meta name=\"robots\" content=\"index, follow, max-snippet:-1, max-image-preview:large, max-video-preview:-1\" \/>\n<link rel=\"canonical\" href=\"https:\/\/www.castrum.ee\/fi\/toode\/astmetega-kuljerauad-bb005-delux\/\" \/>\n<meta property=\"og:locale\" content=\"fi_FI\" \/>\n<meta property=\"og:type\" content=\"article\" \/>\n<meta property=\"og:title\" content=\"Astmetega k\u00fcljerauad BB005 Delux | Astmelauad ja k\u00fcljerauad, K\u00fcljerauad\" \/>\n<meta property=\"og:description\" content=\"Astmetega k\u00fcljerauad BB005 Delux - Astmelauad ja k\u00fcljerauad, K\u00fcljerauad . Autojen, maastureiden ja pakettiautojen lis\u00e4varusteet. Varaosat.\" \/>\n<meta property=\"og:url\" content=\"https:\/\/www.castrum.ee\/fi\/toode\/astmetega-kuljerauad-bb005-delux\/\" \/>\n<meta property=\"og:site_name\" content=\"Castrum\" \/>\n<meta property=\"article:publisher\" content=\"https:\/\/www.facebook.com\/castrum.ee\" \/>\n<meta property=\"article:modified_time\" content=\"2026-04-09T10:04:20+00:00\" \/>\n<meta property=\"og:image\" content=\"https:\/\/www.castrum.ee\/wp-content\/uploads\/2025\/06\/A53D0363-4B37-4ACE-A941-87F393986311.jpeg\" \/>\n\t<meta property=\"og:image:width\" content=\"800\" \/>\n\t<meta property=\"og:image:height\" content=\"600\" \/>\n\t<meta property=\"og:image:type\" content=\"image\/jpeg\" \/>\n<meta name=\"twitter:card\" content=\"summary_large_image\" \/>\n<meta name=\"twitter:label1\" content=\"Arvioitu lukuaika\" \/>\n\t<meta name=\"twitter:data1\" content=\"2 minuuttia\" \/>\n<script type=\"application\/ld+json\" class=\"yoast-schema-graph\">{\"@context\":\"https:\\\/\\\/schema.org\",\"@graph\":[{\"@type\":\"WebPage\",\"@id\":\"https:\\\/\\\/www.castrum.ee\\\/fi\\\/toode\\\/astmetega-kuljerauad-bb005-delux\\\/\",\"url\":\"https:\\\/\\\/www.castrum.ee\\\/fi\\\/toode\\\/astmetega-kuljerauad-bb005-delux\\\/\",\"name\":\"Astmetega k\u00fcljerauad BB005 Delux | Astmelauad ja k\u00fcljerauad, K\u00fcljerauad\",\"isPartOf\":{\"@id\":\"https:\\\/\\\/www.castrum.ee\\\/fi\\\/#website\"},\"primaryImageOfPage\":{\"@id\":\"https:\\\/\\\/www.castrum.ee\\\/fi\\\/toode\\\/astmetega-kuljerauad-bb005-delux\\\/#primaryimage\"},\"image\":{\"@id\":\"https:\\\/\\\/www.castrum.ee\\\/fi\\\/toode\\\/astmetega-kuljerauad-bb005-delux\\\/#primaryimage\"},\"thumbnailUrl\":\"https:\\\/\\\/www.castrum.ee\\\/wp-content\\\/uploads\\\/2025\\\/06\\\/A53D0363-4B37-4ACE-A941-87F393986311.jpeg\",\"datePublished\":\"2025-06-18T11:23:20+00:00\",\"dateModified\":\"2026-04-09T10:04:20+00:00\",\"description\":\"Astmetega k\u00fcljerauad BB005 Delux - Astmelauad ja k\u00fcljerauad, K\u00fcljerauad . Autojen, maastureiden ja pakettiautojen lis\u00e4varusteet. Varaosat.\",\"breadcrumb\":{\"@id\":\"https:\\\/\\\/www.castrum.ee\\\/fi\\\/toode\\\/astmetega-kuljerauad-bb005-delux\\\/#breadcrumb\"},\"inLanguage\":\"fi\",\"potentialAction\":[{\"@type\":\"ReadAction\",\"target\":[\"https:\\\/\\\/www.castrum.ee\\\/fi\\\/toode\\\/astmetega-kuljerauad-bb005-delux\\\/\"]}]},{\"@type\":\"ImageObject\",\"inLanguage\":\"fi\",\"@id\":\"https:\\\/\\\/www.castrum.ee\\\/fi\\\/toode\\\/astmetega-kuljerauad-bb005-delux\\\/#primaryimage\",\"url\":\"https:\\\/\\\/www.castrum.ee\\\/wp-content\\\/uploads\\\/2025\\\/06\\\/A53D0363-4B37-4ACE-A941-87F393986311.jpeg\",\"contentUrl\":\"https:\\\/\\\/www.castrum.ee\\\/wp-content\\\/uploads\\\/2025\\\/06\\\/A53D0363-4B37-4ACE-A941-87F393986311.jpeg\",\"width\":800,\"height\":600},{\"@type\":\"BreadcrumbList\",\"@id\":\"https:\\\/\\\/www.castrum.ee\\\/fi\\\/toode\\\/astmetega-kuljerauad-bb005-delux\\\/#breadcrumb\",\"itemListElement\":[{\"@type\":\"ListItem\",\"position\":1,\"name\":\"Home\",\"item\":\"https:\\\/\\\/www.castrum.ee\\\/fi\\\/kotisivu\\\/\"},{\"@type\":\"ListItem\",\"position\":2,\"name\":\"Verkkokauppa\",\"item\":\"https:\\\/\\\/www.castrum.ee\\\/fi\\\/kauppa\\\/\"},{\"@type\":\"ListItem\",\"position\":3,\"name\":\"Astmetega k\u00fcljerauad BB005 Delux\"}]},{\"@type\":\"WebSite\",\"@id\":\"https:\\\/\\\/www.castrum.ee\\\/fi\\\/#website\",\"url\":\"https:\\\/\\\/www.castrum.ee\\\/fi\\\/\",\"name\":\"Castrum\",\"description\":\"Maasturite, s\u00f5iduautode ja v\u00e4ikebusside lisavarustus\",\"publisher\":{\"@id\":\"https:\\\/\\\/www.castrum.ee\\\/fi\\\/#organization\"},\"potentialAction\":[{\"@type\":\"SearchAction\",\"target\":{\"@type\":\"EntryPoint\",\"urlTemplate\":\"https:\\\/\\\/www.castrum.ee\\\/fi\\\/?s={search_term_string}\"},\"query-input\":{\"@type\":\"PropertyValueSpecification\",\"valueRequired\":true,\"valueName\":\"search_term_string\"}}],\"inLanguage\":\"fi\"},{\"@type\":\"Organization\",\"@id\":\"https:\\\/\\\/www.castrum.ee\\\/fi\\\/#organization\",\"name\":\"Castrum Grupp O\u00dc\",\"url\":\"https:\\\/\\\/www.castrum.ee\\\/fi\\\/\",\"logo\":{\"@type\":\"ImageObject\",\"inLanguage\":\"fi\",\"@id\":\"https:\\\/\\\/www.castrum.ee\\\/fi\\\/#\\\/schema\\\/logo\\\/image\\\/\",\"url\":\"https:\\\/\\\/www.castrum.ee\\\/wp-content\\\/uploads\\\/2025\\\/03\\\/Castrum-logo-500.png\",\"contentUrl\":\"https:\\\/\\\/www.castrum.ee\\\/wp-content\\\/uploads\\\/2025\\\/03\\\/Castrum-logo-500.png\",\"width\":500,\"height\":250,\"caption\":\"Castrum Grupp O\u00dc\"},\"image\":{\"@id\":\"https:\\\/\\\/www.castrum.ee\\\/fi\\\/#\\\/schema\\\/logo\\\/image\\\/\"},\"sameAs\":[\"https:\\\/\\\/www.facebook.com\\\/castrum.ee\"]}]}<\/script>\n<!-- \/ Yoast SEO plugin. -->","yoast_head_json":{"title":"Astmetega k\u00fcljerauad BB005 Delux | Astmelauad ja k\u00fcljerauad, K\u00fcljerauad","description":"Astmetega k\u00fcljerauad BB005 Delux - Astmelauad ja k\u00fcljerauad, K\u00fcljerauad . Autojen, maastureiden ja pakettiautojen lis\u00e4varusteet. Varaosat.","robots":{"index":"index","follow":"follow","max-snippet":"max-snippet:-1","max-image-preview":"max-image-preview:large","max-video-preview":"max-video-preview:-1"},"canonical":"https:\/\/www.castrum.ee\/fi\/toode\/astmetega-kuljerauad-bb005-delux\/","og_locale":"fi_FI","og_type":"article","og_title":"Astmetega k\u00fcljerauad BB005 Delux | Astmelauad ja k\u00fcljerauad, K\u00fcljerauad","og_description":"Astmetega k\u00fcljerauad BB005 Delux - Astmelauad ja k\u00fcljerauad, K\u00fcljerauad . Autojen, maastureiden ja pakettiautojen lis\u00e4varusteet. Varaosat.","og_url":"https:\/\/www.castrum.ee\/fi\/toode\/astmetega-kuljerauad-bb005-delux\/","og_site_name":"Castrum","article_publisher":"https:\/\/www.facebook.com\/castrum.ee","article_modified_time":"2026-04-09T10:04:20+00:00","og_image":[{"width":800,"height":600,"url":"https:\/\/www.castrum.ee\/wp-content\/uploads\/2025\/06\/A53D0363-4B37-4ACE-A941-87F393986311.jpeg","type":"image\/jpeg"}],"twitter_card":"summary_large_image","twitter_misc":{"Arvioitu lukuaika":"2 minuuttia"},"schema":{"@context":"https:\/\/schema.org","@graph":[{"@type":"WebPage","@id":"https:\/\/www.castrum.ee\/fi\/toode\/astmetega-kuljerauad-bb005-delux\/","url":"https:\/\/www.castrum.ee\/fi\/toode\/astmetega-kuljerauad-bb005-delux\/","name":"Astmetega k\u00fcljerauad BB005 Delux | Astmelauad ja k\u00fcljerauad, K\u00fcljerauad","isPartOf":{"@id":"https:\/\/www.castrum.ee\/fi\/#website"},"primaryImageOfPage":{"@id":"https:\/\/www.castrum.ee\/fi\/toode\/astmetega-kuljerauad-bb005-delux\/#primaryimage"},"image":{"@id":"https:\/\/www.castrum.ee\/fi\/toode\/astmetega-kuljerauad-bb005-delux\/#primaryimage"},"thumbnailUrl":"https:\/\/www.castrum.ee\/wp-content\/uploads\/2025\/06\/A53D0363-4B37-4ACE-A941-87F393986311.jpeg","datePublished":"2025-06-18T11:23:20+00:00","dateModified":"2026-04-09T10:04:20+00:00","description":"Astmetega k\u00fcljerauad BB005 Delux - Astmelauad ja k\u00fcljerauad, K\u00fcljerauad . Autojen, maastureiden ja pakettiautojen lis\u00e4varusteet. Varaosat.","breadcrumb":{"@id":"https:\/\/www.castrum.ee\/fi\/toode\/astmetega-kuljerauad-bb005-delux\/#breadcrumb"},"inLanguage":"fi","potentialAction":[{"@type":"ReadAction","target":["https:\/\/www.castrum.ee\/fi\/toode\/astmetega-kuljerauad-bb005-delux\/"]}]},{"@type":"ImageObject","inLanguage":"fi","@id":"https:\/\/www.castrum.ee\/fi\/toode\/astmetega-kuljerauad-bb005-delux\/#primaryimage","url":"https:\/\/www.castrum.ee\/wp-content\/uploads\/2025\/06\/A53D0363-4B37-4ACE-A941-87F393986311.jpeg","contentUrl":"https:\/\/www.castrum.ee\/wp-content\/uploads\/2025\/06\/A53D0363-4B37-4ACE-A941-87F393986311.jpeg","width":800,"height":600},{"@type":"BreadcrumbList","@id":"https:\/\/www.castrum.ee\/fi\/toode\/astmetega-kuljerauad-bb005-delux\/#breadcrumb","itemListElement":[{"@type":"ListItem","position":1,"name":"Home","item":"https:\/\/www.castrum.ee\/fi\/kotisivu\/"},{"@type":"ListItem","position":2,"name":"Verkkokauppa","item":"https:\/\/www.castrum.ee\/fi\/kauppa\/"},{"@type":"ListItem","position":3,"name":"Astmetega k\u00fcljerauad BB005 Delux"}]},{"@type":"WebSite","@id":"https:\/\/www.castrum.ee\/fi\/#website","url":"https:\/\/www.castrum.ee\/fi\/","name":"Castrum","description":"Maasturite, s\u00f5iduautode ja v\u00e4ikebusside lisavarustus","publisher":{"@id":"https:\/\/www.castrum.ee\/fi\/#organization"},"potentialAction":[{"@type":"SearchAction","target":{"@type":"EntryPoint","urlTemplate":"https:\/\/www.castrum.ee\/fi\/?s={search_term_string}"},"query-input":{"@type":"PropertyValueSpecification","valueRequired":true,"valueName":"search_term_string"}}],"inLanguage":"fi"},{"@type":"Organization","@id":"https:\/\/www.castrum.ee\/fi\/#organization","name":"Castrum Grupp O\u00dc","url":"https:\/\/www.castrum.ee\/fi\/","logo":{"@type":"ImageObject","inLanguage":"fi","@id":"https:\/\/www.castrum.ee\/fi\/#\/schema\/logo\/image\/","url":"https:\/\/www.castrum.ee\/wp-content\/uploads\/2025\/03\/Castrum-logo-500.png","contentUrl":"https:\/\/www.castrum.ee\/wp-content\/uploads\/2025\/03\/Castrum-logo-500.png","width":500,"height":250,"caption":"Castrum Grupp O\u00dc"},"image":{"@id":"https:\/\/www.castrum.ee\/fi\/#\/schema\/logo\/image\/"},"sameAs":["https:\/\/www.facebook.com\/castrum.ee"]}]}},"_links":{"self":[{"href":"https:\/\/www.castrum.ee\/fi\/wp-json\/wp\/v2\/product\/4889","targetHints":{"allow":["GET"]}}],"collection":[{"href":"https:\/\/www.castrum.ee\/fi\/wp-json\/wp\/v2\/product"}],"about":[{"href":"https:\/\/www.castrum.ee\/fi\/wp-json\/wp\/v2\/types\/product"}],"wp:featuredmedia":[{"embeddable":true,"href":"https:\/\/www.castrum.ee\/fi\/wp-json\/wp\/v2\/media\/4891"}],"wp:attachment":[{"href":"https:\/\/www.castrum.ee\/fi\/wp-json\/wp\/v2\/media?parent=4889"}],"wp:term":[{"taxonomy":"mark-ja-mudel","embeddable":true,"href":"https:\/\/www.castrum.ee\/fi\/wp-json\/wp\/v2\/mark-ja-mudel?post=4889"},{"taxonomy":"product_brand","embeddable":true,"href":"https:\/\/www.castrum.ee\/fi\/wp-json\/wp\/v2\/product_brand?post=4889"},{"taxonomy":"product_cat","embeddable":true,"href":"https:\/\/www.castrum.ee\/fi\/wp-json\/wp\/v2\/product_cat?post=4889"},{"taxonomy":"product_tag","embeddable":true,"href":"https:\/\/www.castrum.ee\/fi\/wp-json\/wp\/v2\/product_tag?post=4889"}],"curies":[{"name":"wp","href":"https:\/\/api.w.org\/{rel}","templated":true}]}}