{"id":5104,"date":"2025-06-18T12:07:44","date_gmt":"2025-06-18T12:07:44","guid":{"rendered":"https:\/\/castrum.hume.ee\/?post_type=product&#038;p=5104"},"modified":"2026-04-09T13:01:53","modified_gmt":"2026-04-09T10:01:53","slug":"ford-custom-12-18-kuljerauad-kollaste-led-gabariitidega-must-voi-poleeritud-teras","status":"publish","type":"product","link":"https:\/\/www.castrum.ee\/fi\/toode\/ford-custom-12-18-kuljerauad-kollaste-led-gabariitidega-must-voi-poleeritud-teras\/","title":{"rendered":"Ford Custom [12+ \/ 18+] k\u00fcljerauad kollaste LED gabariitidega, must v\u00f5i poleeritud teras."},"content":{"rendered":"","protected":false},"excerpt":{"rendered":"<p>10 x LED gabariiti.<\/p>\n<p>Komplektis k\u00f5ik vajalik paigalduseks.<\/p>\n","protected":false},"featured_media":5128,"template":"","meta":{"_acf_changed":false},"mark-ja-mudel":[],"product_brand":[136,133,137],"product_cat":[169,386],"product_tag":[],"class_list":{"0":"post-5104","1":"product","2":"type-product","3":"status-publish","4":"has-post-thumbnail","6":"product_brand-custom","7":"product_brand-ford","8":"product_brand-transit-custom","9":"product_cat-astmelauad-ja-kuljerauad","10":"product_cat-kuljerauad","11":"product_shipping_class-suurveos","13":"first","14":"instock","15":"taxable","16":"shipping-taxable","17":"purchasable","18":"product-type-variable"},"bundled_by":[],"bundle_stock_status":"instock","bundle_stock_quantity":null,"bundle_virtual":false,"bundle_layout":"","bundle_add_to_cart_form_location":"","bundle_editable_in_cart":false,"bundle_sold_individually_context":"","bundle_item_grouping":"","bundle_min_size":"","bundle_max_size":"","bundle_price":[],"bundled_items":[],"bundle_sell_ids":[],"acf":[],"yoast_head":"<!-- This site is optimized with the Yoast SEO plugin v27.3 - https:\/\/yoast.com\/product\/yoast-seo-wordpress\/ -->\n<title>Ford Custom [12+ \/ 18+] k\u00fcljerauad kollaste LED gabariitidega, must v\u00f5i poleeritud teras. | Astmelauad ja k\u00fcljerauad, K\u00fcljerauad<\/title>\n<meta name=\"description\" content=\"Ford Custom [12+ \/ 18+] k\u00fcljerauad kollaste LED gabariitidega, must v\u00f5i poleeritud teras. - Astmelauad ja k\u00fcljerauad, K\u00fcljerauad . Autojen, maastureiden ja pakettiautojen lis\u00e4varusteet. Varaosat.\" \/>\n<meta name=\"robots\" content=\"index, follow, max-snippet:-1, max-image-preview:large, max-video-preview:-1\" \/>\n<link rel=\"canonical\" href=\"https:\/\/www.castrum.ee\/fi\/toode\/ford-custom-12-18-kuljerauad-kollaste-led-gabariitidega-must-voi-poleeritud-teras\/\" \/>\n<meta property=\"og:locale\" content=\"fi_FI\" \/>\n<meta property=\"og:type\" content=\"article\" \/>\n<meta property=\"og:title\" content=\"Ford Custom [12+ \/ 18+] k\u00fcljerauad kollaste LED gabariitidega, must v\u00f5i poleeritud teras. | Astmelauad ja k\u00fcljerauad, K\u00fcljerauad\" \/>\n<meta property=\"og:description\" content=\"Ford Custom [12+ \/ 18+] k\u00fcljerauad kollaste LED gabariitidega, must v\u00f5i poleeritud teras. - Astmelauad ja k\u00fcljerauad, K\u00fcljerauad . Autojen, maastureiden ja pakettiautojen lis\u00e4varusteet. Varaosat.\" \/>\n<meta property=\"og:url\" content=\"https:\/\/www.castrum.ee\/fi\/toode\/ford-custom-12-18-kuljerauad-kollaste-led-gabariitidega-must-voi-poleeritud-teras\/\" \/>\n<meta property=\"og:site_name\" content=\"Castrum\" \/>\n<meta property=\"article:publisher\" content=\"https:\/\/www.facebook.com\/castrum.ee\" \/>\n<meta property=\"article:modified_time\" content=\"2026-04-09T10:01:53+00:00\" \/>\n<meta property=\"og:image\" content=\"https:\/\/www.castrum.ee\/wp-content\/uploads\/2025\/06\/IMG_8948.jpeg\" \/>\n\t<meta property=\"og:image:width\" content=\"1800\" \/>\n\t<meta property=\"og:image:height\" content=\"1076\" \/>\n\t<meta property=\"og:image:type\" content=\"image\/jpeg\" \/>\n<meta name=\"twitter:card\" content=\"summary_large_image\" \/>\n<script type=\"application\/ld+json\" class=\"yoast-schema-graph\">{\"@context\":\"https:\\\/\\\/schema.org\",\"@graph\":[{\"@type\":\"WebPage\",\"@id\":\"https:\\\/\\\/www.castrum.ee\\\/fi\\\/toode\\\/ford-custom-12-18-kuljerauad-kollaste-led-gabariitidega-must-voi-poleeritud-teras\\\/\",\"url\":\"https:\\\/\\\/www.castrum.ee\\\/fi\\\/toode\\\/ford-custom-12-18-kuljerauad-kollaste-led-gabariitidega-must-voi-poleeritud-teras\\\/\",\"name\":\"Ford Custom [12+ \\\/ 18+] k\u00fcljerauad kollaste LED gabariitidega, must v\u00f5i poleeritud teras. | Astmelauad ja k\u00fcljerauad, K\u00fcljerauad\",\"isPartOf\":{\"@id\":\"https:\\\/\\\/www.castrum.ee\\\/fi\\\/#website\"},\"primaryImageOfPage\":{\"@id\":\"https:\\\/\\\/www.castrum.ee\\\/fi\\\/toode\\\/ford-custom-12-18-kuljerauad-kollaste-led-gabariitidega-must-voi-poleeritud-teras\\\/#primaryimage\"},\"image\":{\"@id\":\"https:\\\/\\\/www.castrum.ee\\\/fi\\\/toode\\\/ford-custom-12-18-kuljerauad-kollaste-led-gabariitidega-must-voi-poleeritud-teras\\\/#primaryimage\"},\"thumbnailUrl\":\"https:\\\/\\\/www.castrum.ee\\\/wp-content\\\/uploads\\\/2025\\\/06\\\/IMG_8948.jpeg\",\"datePublished\":\"2025-06-18T12:07:44+00:00\",\"dateModified\":\"2026-04-09T10:01:53+00:00\",\"description\":\"Ford Custom [12+ \\\/ 18+] k\u00fcljerauad kollaste LED gabariitidega, must v\u00f5i poleeritud teras. - Astmelauad ja k\u00fcljerauad, K\u00fcljerauad . Autojen, maastureiden ja pakettiautojen lis\u00e4varusteet. Varaosat.\",\"breadcrumb\":{\"@id\":\"https:\\\/\\\/www.castrum.ee\\\/fi\\\/toode\\\/ford-custom-12-18-kuljerauad-kollaste-led-gabariitidega-must-voi-poleeritud-teras\\\/#breadcrumb\"},\"inLanguage\":\"fi\",\"potentialAction\":[{\"@type\":\"ReadAction\",\"target\":[\"https:\\\/\\\/www.castrum.ee\\\/fi\\\/toode\\\/ford-custom-12-18-kuljerauad-kollaste-led-gabariitidega-must-voi-poleeritud-teras\\\/\"]}]},{\"@type\":\"ImageObject\",\"inLanguage\":\"fi\",\"@id\":\"https:\\\/\\\/www.castrum.ee\\\/fi\\\/toode\\\/ford-custom-12-18-kuljerauad-kollaste-led-gabariitidega-must-voi-poleeritud-teras\\\/#primaryimage\",\"url\":\"https:\\\/\\\/www.castrum.ee\\\/wp-content\\\/uploads\\\/2025\\\/06\\\/IMG_8948.jpeg\",\"contentUrl\":\"https:\\\/\\\/www.castrum.ee\\\/wp-content\\\/uploads\\\/2025\\\/06\\\/IMG_8948.jpeg\",\"width\":1800,\"height\":1076},{\"@type\":\"BreadcrumbList\",\"@id\":\"https:\\\/\\\/www.castrum.ee\\\/fi\\\/toode\\\/ford-custom-12-18-kuljerauad-kollaste-led-gabariitidega-must-voi-poleeritud-teras\\\/#breadcrumb\",\"itemListElement\":[{\"@type\":\"ListItem\",\"position\":1,\"name\":\"Home\",\"item\":\"https:\\\/\\\/www.castrum.ee\\\/fi\\\/kotisivu\\\/\"},{\"@type\":\"ListItem\",\"position\":2,\"name\":\"Verkkokauppa\",\"item\":\"https:\\\/\\\/www.castrum.ee\\\/fi\\\/kauppa\\\/\"},{\"@type\":\"ListItem\",\"position\":3,\"name\":\"Ford Custom [12+ \\\/ 18+] k\u00fcljerauad kollaste LED gabariitidega, must v\u00f5i poleeritud teras.\"}]},{\"@type\":\"WebSite\",\"@id\":\"https:\\\/\\\/www.castrum.ee\\\/fi\\\/#website\",\"url\":\"https:\\\/\\\/www.castrum.ee\\\/fi\\\/\",\"name\":\"Castrum\",\"description\":\"Maasturite, s\u00f5iduautode ja v\u00e4ikebusside lisavarustus\",\"publisher\":{\"@id\":\"https:\\\/\\\/www.castrum.ee\\\/fi\\\/#organization\"},\"potentialAction\":[{\"@type\":\"SearchAction\",\"target\":{\"@type\":\"EntryPoint\",\"urlTemplate\":\"https:\\\/\\\/www.castrum.ee\\\/fi\\\/?s={search_term_string}\"},\"query-input\":{\"@type\":\"PropertyValueSpecification\",\"valueRequired\":true,\"valueName\":\"search_term_string\"}}],\"inLanguage\":\"fi\"},{\"@type\":\"Organization\",\"@id\":\"https:\\\/\\\/www.castrum.ee\\\/fi\\\/#organization\",\"name\":\"Castrum Grupp O\u00dc\",\"url\":\"https:\\\/\\\/www.castrum.ee\\\/fi\\\/\",\"logo\":{\"@type\":\"ImageObject\",\"inLanguage\":\"fi\",\"@id\":\"https:\\\/\\\/www.castrum.ee\\\/fi\\\/#\\\/schema\\\/logo\\\/image\\\/\",\"url\":\"https:\\\/\\\/www.castrum.ee\\\/wp-content\\\/uploads\\\/2025\\\/03\\\/Castrum-logo-500.png\",\"contentUrl\":\"https:\\\/\\\/www.castrum.ee\\\/wp-content\\\/uploads\\\/2025\\\/03\\\/Castrum-logo-500.png\",\"width\":500,\"height\":250,\"caption\":\"Castrum Grupp O\u00dc\"},\"image\":{\"@id\":\"https:\\\/\\\/www.castrum.ee\\\/fi\\\/#\\\/schema\\\/logo\\\/image\\\/\"},\"sameAs\":[\"https:\\\/\\\/www.facebook.com\\\/castrum.ee\"]}]}<\/script>\n<!-- \/ Yoast SEO plugin. -->","yoast_head_json":{"title":"Ford Custom [12+ \/ 18+] k\u00fcljerauad kollaste LED gabariitidega, must v\u00f5i poleeritud teras. | Astmelauad ja k\u00fcljerauad, K\u00fcljerauad","description":"Ford Custom [12+ \/ 18+] k\u00fcljerauad kollaste LED gabariitidega, must v\u00f5i poleeritud teras. - Astmelauad ja k\u00fcljerauad, K\u00fcljerauad . Autojen, maastureiden ja pakettiautojen lis\u00e4varusteet. Varaosat.","robots":{"index":"index","follow":"follow","max-snippet":"max-snippet:-1","max-image-preview":"max-image-preview:large","max-video-preview":"max-video-preview:-1"},"canonical":"https:\/\/www.castrum.ee\/fi\/toode\/ford-custom-12-18-kuljerauad-kollaste-led-gabariitidega-must-voi-poleeritud-teras\/","og_locale":"fi_FI","og_type":"article","og_title":"Ford Custom [12+ \/ 18+] k\u00fcljerauad kollaste LED gabariitidega, must v\u00f5i poleeritud teras. | Astmelauad ja k\u00fcljerauad, K\u00fcljerauad","og_description":"Ford Custom [12+ \/ 18+] k\u00fcljerauad kollaste LED gabariitidega, must v\u00f5i poleeritud teras. - Astmelauad ja k\u00fcljerauad, K\u00fcljerauad . Autojen, maastureiden ja pakettiautojen lis\u00e4varusteet. Varaosat.","og_url":"https:\/\/www.castrum.ee\/fi\/toode\/ford-custom-12-18-kuljerauad-kollaste-led-gabariitidega-must-voi-poleeritud-teras\/","og_site_name":"Castrum","article_publisher":"https:\/\/www.facebook.com\/castrum.ee","article_modified_time":"2026-04-09T10:01:53+00:00","og_image":[{"width":1800,"height":1076,"url":"https:\/\/www.castrum.ee\/wp-content\/uploads\/2025\/06\/IMG_8948.jpeg","type":"image\/jpeg"}],"twitter_card":"summary_large_image","schema":{"@context":"https:\/\/schema.org","@graph":[{"@type":"WebPage","@id":"https:\/\/www.castrum.ee\/fi\/toode\/ford-custom-12-18-kuljerauad-kollaste-led-gabariitidega-must-voi-poleeritud-teras\/","url":"https:\/\/www.castrum.ee\/fi\/toode\/ford-custom-12-18-kuljerauad-kollaste-led-gabariitidega-must-voi-poleeritud-teras\/","name":"Ford Custom [12+ \/ 18+] k\u00fcljerauad kollaste LED gabariitidega, must v\u00f5i poleeritud teras. | Astmelauad ja k\u00fcljerauad, K\u00fcljerauad","isPartOf":{"@id":"https:\/\/www.castrum.ee\/fi\/#website"},"primaryImageOfPage":{"@id":"https:\/\/www.castrum.ee\/fi\/toode\/ford-custom-12-18-kuljerauad-kollaste-led-gabariitidega-must-voi-poleeritud-teras\/#primaryimage"},"image":{"@id":"https:\/\/www.castrum.ee\/fi\/toode\/ford-custom-12-18-kuljerauad-kollaste-led-gabariitidega-must-voi-poleeritud-teras\/#primaryimage"},"thumbnailUrl":"https:\/\/www.castrum.ee\/wp-content\/uploads\/2025\/06\/IMG_8948.jpeg","datePublished":"2025-06-18T12:07:44+00:00","dateModified":"2026-04-09T10:01:53+00:00","description":"Ford Custom [12+ \/ 18+] k\u00fcljerauad kollaste LED gabariitidega, must v\u00f5i poleeritud teras. - Astmelauad ja k\u00fcljerauad, K\u00fcljerauad . Autojen, maastureiden ja pakettiautojen lis\u00e4varusteet. Varaosat.","breadcrumb":{"@id":"https:\/\/www.castrum.ee\/fi\/toode\/ford-custom-12-18-kuljerauad-kollaste-led-gabariitidega-must-voi-poleeritud-teras\/#breadcrumb"},"inLanguage":"fi","potentialAction":[{"@type":"ReadAction","target":["https:\/\/www.castrum.ee\/fi\/toode\/ford-custom-12-18-kuljerauad-kollaste-led-gabariitidega-must-voi-poleeritud-teras\/"]}]},{"@type":"ImageObject","inLanguage":"fi","@id":"https:\/\/www.castrum.ee\/fi\/toode\/ford-custom-12-18-kuljerauad-kollaste-led-gabariitidega-must-voi-poleeritud-teras\/#primaryimage","url":"https:\/\/www.castrum.ee\/wp-content\/uploads\/2025\/06\/IMG_8948.jpeg","contentUrl":"https:\/\/www.castrum.ee\/wp-content\/uploads\/2025\/06\/IMG_8948.jpeg","width":1800,"height":1076},{"@type":"BreadcrumbList","@id":"https:\/\/www.castrum.ee\/fi\/toode\/ford-custom-12-18-kuljerauad-kollaste-led-gabariitidega-must-voi-poleeritud-teras\/#breadcrumb","itemListElement":[{"@type":"ListItem","position":1,"name":"Home","item":"https:\/\/www.castrum.ee\/fi\/kotisivu\/"},{"@type":"ListItem","position":2,"name":"Verkkokauppa","item":"https:\/\/www.castrum.ee\/fi\/kauppa\/"},{"@type":"ListItem","position":3,"name":"Ford Custom [12+ \/ 18+] k\u00fcljerauad kollaste LED gabariitidega, must v\u00f5i poleeritud teras."}]},{"@type":"WebSite","@id":"https:\/\/www.castrum.ee\/fi\/#website","url":"https:\/\/www.castrum.ee\/fi\/","name":"Castrum","description":"Maasturite, s\u00f5iduautode ja v\u00e4ikebusside lisavarustus","publisher":{"@id":"https:\/\/www.castrum.ee\/fi\/#organization"},"potentialAction":[{"@type":"SearchAction","target":{"@type":"EntryPoint","urlTemplate":"https:\/\/www.castrum.ee\/fi\/?s={search_term_string}"},"query-input":{"@type":"PropertyValueSpecification","valueRequired":true,"valueName":"search_term_string"}}],"inLanguage":"fi"},{"@type":"Organization","@id":"https:\/\/www.castrum.ee\/fi\/#organization","name":"Castrum Grupp O\u00dc","url":"https:\/\/www.castrum.ee\/fi\/","logo":{"@type":"ImageObject","inLanguage":"fi","@id":"https:\/\/www.castrum.ee\/fi\/#\/schema\/logo\/image\/","url":"https:\/\/www.castrum.ee\/wp-content\/uploads\/2025\/03\/Castrum-logo-500.png","contentUrl":"https:\/\/www.castrum.ee\/wp-content\/uploads\/2025\/03\/Castrum-logo-500.png","width":500,"height":250,"caption":"Castrum Grupp O\u00dc"},"image":{"@id":"https:\/\/www.castrum.ee\/fi\/#\/schema\/logo\/image\/"},"sameAs":["https:\/\/www.facebook.com\/castrum.ee"]}]}},"_links":{"self":[{"href":"https:\/\/www.castrum.ee\/fi\/wp-json\/wp\/v2\/product\/5104","targetHints":{"allow":["GET"]}}],"collection":[{"href":"https:\/\/www.castrum.ee\/fi\/wp-json\/wp\/v2\/product"}],"about":[{"href":"https:\/\/www.castrum.ee\/fi\/wp-json\/wp\/v2\/types\/product"}],"wp:featuredmedia":[{"embeddable":true,"href":"https:\/\/www.castrum.ee\/fi\/wp-json\/wp\/v2\/media\/5128"}],"wp:attachment":[{"href":"https:\/\/www.castrum.ee\/fi\/wp-json\/wp\/v2\/media?parent=5104"}],"wp:term":[{"taxonomy":"mark-ja-mudel","embeddable":true,"href":"https:\/\/www.castrum.ee\/fi\/wp-json\/wp\/v2\/mark-ja-mudel?post=5104"},{"taxonomy":"product_brand","embeddable":true,"href":"https:\/\/www.castrum.ee\/fi\/wp-json\/wp\/v2\/product_brand?post=5104"},{"taxonomy":"product_cat","embeddable":true,"href":"https:\/\/www.castrum.ee\/fi\/wp-json\/wp\/v2\/product_cat?post=5104"},{"taxonomy":"product_tag","embeddable":true,"href":"https:\/\/www.castrum.ee\/fi\/wp-json\/wp\/v2\/product_tag?post=5104"}],"curies":[{"name":"wp","href":"https:\/\/api.w.org\/{rel}","templated":true}]}}