{"id":5949,"date":"2025-07-29T06:21:32","date_gmt":"2025-07-29T06:21:32","guid":{"rendered":"https:\/\/castrum.hume.ee\/?post_type=product&#038;p=5949"},"modified":"2025-07-29T06:22:03","modified_gmt":"2025-07-29T06:22:03","slug":"astmelauad-nr003-northstar-black","status":"publish","type":"product","link":"https:\/\/www.castrum.ee\/fi\/toode\/astmelauad-nr003-northstar-black\/","title":{"rendered":"Astmelauad NR003 Northstar Black"},"content":{"rendered":"<p><strong>Miks valida just need astmelauad:<\/strong><\/p>\n<ul>\n<li>Pakuvad t\u00e4iendavat kaitset teie s\u00f5idukile.<\/li>\n<li>Sobivad s\u00f5idukile nagu OEM lisavarustus<\/li>\n<li>Lihtne paigaldada \/ Plug and play.<\/li>\n<\/ul>\n<p><strong>Komplekt sisaldab:<\/strong><\/p>\n<ul>\n<li>\u00dchte paari astmelaudasid (vasak ja parem).<\/li>\n<li>Paigaldamiseks vajalikke kinnitusvahendeid.<\/li>\n<li>Paigaldusjuhendit.<\/li>\n<\/ul>\n<p><strong>Lihtne paigaldada:<\/strong><br \/>\nAstmelaudade paigaldamine on v\u00e4ga lihtne, kuna komplektis on kaasas nii paigaldusjuhend kui ka vajalikud osad. See v\u00e4listab vajaduse s\u00f5iduki t\u00e4iendavate modifikatsioonide j\u00e4rele. Astmelauad paigaldatakse olemasolevatele kinnituskohtadele s\u00f5iduki raamil v\u00f5i kerel.<\/p>\n<p><strong>Lisakaitse s\u00f5iduki kerele:<\/strong><br \/>\nAstmelauad pakuvad kaitset ustele ja k\u00fclgpaneelidele kivikeste, asfaldit\u00fckikeste ning kitsastes parkimiskohtades teiste autode ustega tekkinud kahjustuste eest. See on eriti oluline kruusa- ja pinnasteedel. Samuti kaitsevad astmelauad suuremate kivide ja rataste alt paiskuvate esemete eest.<\/p>\n<p>Lisaks on astmelauad varustatud libisemisvastase tehnoloogiaga, mis parandab haardumist ja v\u00f5ib \u00e4ra hoida \u00f5nnetusi olukorras, kus jalan\u00f5ude tallal on pori, lumi, \u00f5li jms. Samuti aitab see kaitsta s\u00f5iduki jalamatte.<\/p>\n<p><strong>Oluline teave:<\/strong><\/p>\n<ul>\n<li>M\u00f5nel s\u00f5idukil v\u00f5ivad kinnituste paigaldusaukude katmiseks olla plastikust korgid, mis tuleb enne k\u00fcljekarpide paigaldamist eemaldada.<\/li>\n<li>Palun \u00e4rge kasutage metallist lisatarvikute puhastamiseks auto puhastusvahendeid, mis sisaldavad TFR- (Traffic Film Remover) kemikaale, kuna need v\u00f5ivad p\u00f5hjustada korrosiooni. Nende lahustega puhastamine v\u00f5ib garantii t\u00fchistada.<\/li>\n<li>Soovitame tungivalt kontrollida kruvisid ja kinnitusdetaile 7 p\u00e4eva p\u00e4rast esmast paigaldust, veendumaks, et need on korralikult kinnitatud. Ohutuse huvides tuleks k\u00f5ik osad \u00fcle vaadata iga 3\u20136 kuu tagant.<\/li>\n<\/ul>\n<p><strong>ARP br\u00e4ndist:<\/strong><br \/>\nARP on autoosade ja -tarvikute t\u00f6\u00f6stuses oluline tegija, pakkudes varuosi ja tarvikuid 4\u00d74 maasturitele, pikapitele, s\u00f5iduautodele, tarbes\u00f5idukitele ja kommertss\u00f5idukitele, sealhulgas nii vanematele kui ka uuematele mudelitele. Castrum on ARP toodete ametlik edasim\u00fc\u00fcja Eestis.<\/p>\n","protected":false},"excerpt":{"rendered":"<p>Anodeeritud alumiiniumist ja roostevaba terasega kaetud astmelauad. Komplekti kuulub k\u00f5ik vajalik paigalduseks.<\/p>\n","protected":false},"featured_media":5953,"template":"","meta":{"_acf_changed":false},"mark-ja-mudel":[],"product_brand":[93,329,377,163,114,162,322,334,131,127,130,166,165,383,333,113,89,164],"product_cat":[170,169],"product_tag":[],"class_list":{"0":"post-5949","1":"product","2":"type-product","3":"status-publish","4":"has-post-thumbnail","6":"product_brand-amarok","7":"product_brand-audi","8":"product_brand-commander","9":"product_brand-d-max","10":"product_brand-hilux","11":"product_brand-isuzu","12":"product_brand-jeep","13":"product_brand-kodiaq","14":"product_brand-l200","15":"product_brand-mercedes-benz","16":"product_brand-mitsubishi","17":"product_brand-navara","18":"product_brand-nissan","19":"product_brand-q7","20":"product_brand-skoda","21":"product_brand-toyota","22":"product_brand-volkswagen","23":"product_brand-x-class","24":"product_cat-astmelauad","25":"product_cat-astmelauad-ja-kuljerauad","26":"product_shipping_class-suurveos","28":"first","29":"instock","30":"taxable","31":"shipping-taxable","32":"purchasable","33":"product-type-variable"},"bundled_by":[],"bundle_stock_status":"instock","bundle_stock_quantity":null,"bundle_virtual":false,"bundle_layout":"","bundle_add_to_cart_form_location":"","bundle_editable_in_cart":false,"bundle_sold_individually_context":"","bundle_item_grouping":"","bundle_min_size":"","bundle_max_size":"","bundle_price":[],"bundled_items":[],"bundle_sell_ids":[],"acf":[],"yoast_head":"<!-- This site is optimized with the Yoast SEO plugin v27.3 - https:\/\/yoast.com\/product\/yoast-seo-wordpress\/ -->\n<title>Astmelauad NR003 Northstar Black | Astmelauad, Astmelauad ja k\u00fcljerauad<\/title>\n<meta name=\"description\" content=\"Astmelauad NR003 Northstar Black - Astmelauad, Astmelauad ja k\u00fcljerauad . Autojen, maastureiden ja pakettiautojen lis\u00e4varusteet. Varaosat.\" \/>\n<meta name=\"robots\" content=\"index, follow, max-snippet:-1, max-image-preview:large, max-video-preview:-1\" \/>\n<link rel=\"canonical\" href=\"https:\/\/www.castrum.ee\/fi\/toode\/astmelauad-nr003-northstar-black\/\" \/>\n<meta property=\"og:locale\" content=\"fi_FI\" \/>\n<meta property=\"og:type\" content=\"article\" \/>\n<meta property=\"og:title\" content=\"Astmelauad NR003 Northstar Black | Astmelauad, Astmelauad ja k\u00fcljerauad\" \/>\n<meta property=\"og:description\" content=\"Astmelauad NR003 Northstar Black - Astmelauad, Astmelauad ja k\u00fcljerauad . Autojen, maastureiden ja pakettiautojen lis\u00e4varusteet. Varaosat.\" \/>\n<meta property=\"og:url\" content=\"https:\/\/www.castrum.ee\/fi\/toode\/astmelauad-nr003-northstar-black\/\" \/>\n<meta property=\"og:site_name\" content=\"Castrum\" \/>\n<meta property=\"article:publisher\" content=\"https:\/\/www.facebook.com\/castrum.ee\" \/>\n<meta property=\"article:modified_time\" content=\"2025-07-29T06:22:03+00:00\" \/>\n<meta property=\"og:image\" content=\"https:\/\/www.castrum.ee\/wp-content\/uploads\/2025\/07\/39CBD2D7-59F8-40FB-9714-C24441168645.jpeg\" \/>\n\t<meta property=\"og:image:width\" content=\"1626\" \/>\n\t<meta property=\"og:image:height\" content=\"1080\" \/>\n\t<meta property=\"og:image:type\" content=\"image\/jpeg\" \/>\n<meta name=\"twitter:card\" content=\"summary_large_image\" \/>\n<meta name=\"twitter:label1\" content=\"Arvioitu lukuaika\" \/>\n\t<meta name=\"twitter:data1\" content=\"1 minuutti\" \/>\n<script type=\"application\/ld+json\" class=\"yoast-schema-graph\">{\"@context\":\"https:\\\/\\\/schema.org\",\"@graph\":[{\"@type\":\"WebPage\",\"@id\":\"https:\\\/\\\/www.castrum.ee\\\/fi\\\/toode\\\/astmelauad-nr003-northstar-black\\\/\",\"url\":\"https:\\\/\\\/www.castrum.ee\\\/fi\\\/toode\\\/astmelauad-nr003-northstar-black\\\/\",\"name\":\"Astmelauad NR003 Northstar Black | Astmelauad, Astmelauad ja k\u00fcljerauad\",\"isPartOf\":{\"@id\":\"https:\\\/\\\/www.castrum.ee\\\/fi\\\/#website\"},\"primaryImageOfPage\":{\"@id\":\"https:\\\/\\\/www.castrum.ee\\\/fi\\\/toode\\\/astmelauad-nr003-northstar-black\\\/#primaryimage\"},\"image\":{\"@id\":\"https:\\\/\\\/www.castrum.ee\\\/fi\\\/toode\\\/astmelauad-nr003-northstar-black\\\/#primaryimage\"},\"thumbnailUrl\":\"https:\\\/\\\/www.castrum.ee\\\/wp-content\\\/uploads\\\/2025\\\/07\\\/39CBD2D7-59F8-40FB-9714-C24441168645.jpeg\",\"datePublished\":\"2025-07-29T06:21:32+00:00\",\"dateModified\":\"2025-07-29T06:22:03+00:00\",\"description\":\"Astmelauad NR003 Northstar Black - Astmelauad, Astmelauad ja k\u00fcljerauad . Autojen, maastureiden ja pakettiautojen lis\u00e4varusteet. Varaosat.\",\"breadcrumb\":{\"@id\":\"https:\\\/\\\/www.castrum.ee\\\/fi\\\/toode\\\/astmelauad-nr003-northstar-black\\\/#breadcrumb\"},\"inLanguage\":\"fi\",\"potentialAction\":[{\"@type\":\"ReadAction\",\"target\":[\"https:\\\/\\\/www.castrum.ee\\\/fi\\\/toode\\\/astmelauad-nr003-northstar-black\\\/\"]}]},{\"@type\":\"ImageObject\",\"inLanguage\":\"fi\",\"@id\":\"https:\\\/\\\/www.castrum.ee\\\/fi\\\/toode\\\/astmelauad-nr003-northstar-black\\\/#primaryimage\",\"url\":\"https:\\\/\\\/www.castrum.ee\\\/wp-content\\\/uploads\\\/2025\\\/07\\\/39CBD2D7-59F8-40FB-9714-C24441168645.jpeg\",\"contentUrl\":\"https:\\\/\\\/www.castrum.ee\\\/wp-content\\\/uploads\\\/2025\\\/07\\\/39CBD2D7-59F8-40FB-9714-C24441168645.jpeg\",\"width\":1626,\"height\":1080},{\"@type\":\"BreadcrumbList\",\"@id\":\"https:\\\/\\\/www.castrum.ee\\\/fi\\\/toode\\\/astmelauad-nr003-northstar-black\\\/#breadcrumb\",\"itemListElement\":[{\"@type\":\"ListItem\",\"position\":1,\"name\":\"Home\",\"item\":\"https:\\\/\\\/www.castrum.ee\\\/fi\\\/kotisivu\\\/\"},{\"@type\":\"ListItem\",\"position\":2,\"name\":\"Verkkokauppa\",\"item\":\"https:\\\/\\\/www.castrum.ee\\\/fi\\\/kauppa\\\/\"},{\"@type\":\"ListItem\",\"position\":3,\"name\":\"Astmelauad NR003 Northstar Black\"}]},{\"@type\":\"WebSite\",\"@id\":\"https:\\\/\\\/www.castrum.ee\\\/fi\\\/#website\",\"url\":\"https:\\\/\\\/www.castrum.ee\\\/fi\\\/\",\"name\":\"Castrum\",\"description\":\"Maasturite, s\u00f5iduautode ja v\u00e4ikebusside lisavarustus\",\"publisher\":{\"@id\":\"https:\\\/\\\/www.castrum.ee\\\/fi\\\/#organization\"},\"potentialAction\":[{\"@type\":\"SearchAction\",\"target\":{\"@type\":\"EntryPoint\",\"urlTemplate\":\"https:\\\/\\\/www.castrum.ee\\\/fi\\\/?s={search_term_string}\"},\"query-input\":{\"@type\":\"PropertyValueSpecification\",\"valueRequired\":true,\"valueName\":\"search_term_string\"}}],\"inLanguage\":\"fi\"},{\"@type\":\"Organization\",\"@id\":\"https:\\\/\\\/www.castrum.ee\\\/fi\\\/#organization\",\"name\":\"Castrum Grupp O\u00dc\",\"url\":\"https:\\\/\\\/www.castrum.ee\\\/fi\\\/\",\"logo\":{\"@type\":\"ImageObject\",\"inLanguage\":\"fi\",\"@id\":\"https:\\\/\\\/www.castrum.ee\\\/fi\\\/#\\\/schema\\\/logo\\\/image\\\/\",\"url\":\"https:\\\/\\\/www.castrum.ee\\\/wp-content\\\/uploads\\\/2025\\\/03\\\/Castrum-logo-500.png\",\"contentUrl\":\"https:\\\/\\\/www.castrum.ee\\\/wp-content\\\/uploads\\\/2025\\\/03\\\/Castrum-logo-500.png\",\"width\":500,\"height\":250,\"caption\":\"Castrum Grupp O\u00dc\"},\"image\":{\"@id\":\"https:\\\/\\\/www.castrum.ee\\\/fi\\\/#\\\/schema\\\/logo\\\/image\\\/\"},\"sameAs\":[\"https:\\\/\\\/www.facebook.com\\\/castrum.ee\"]}]}<\/script>\n<!-- \/ Yoast SEO plugin. -->","yoast_head_json":{"title":"Astmelauad NR003 Northstar Black | Astmelauad, Astmelauad ja k\u00fcljerauad","description":"Astmelauad NR003 Northstar Black - Astmelauad, Astmelauad ja k\u00fcljerauad . Autojen, maastureiden ja pakettiautojen lis\u00e4varusteet. Varaosat.","robots":{"index":"index","follow":"follow","max-snippet":"max-snippet:-1","max-image-preview":"max-image-preview:large","max-video-preview":"max-video-preview:-1"},"canonical":"https:\/\/www.castrum.ee\/fi\/toode\/astmelauad-nr003-northstar-black\/","og_locale":"fi_FI","og_type":"article","og_title":"Astmelauad NR003 Northstar Black | Astmelauad, Astmelauad ja k\u00fcljerauad","og_description":"Astmelauad NR003 Northstar Black - Astmelauad, Astmelauad ja k\u00fcljerauad . Autojen, maastureiden ja pakettiautojen lis\u00e4varusteet. Varaosat.","og_url":"https:\/\/www.castrum.ee\/fi\/toode\/astmelauad-nr003-northstar-black\/","og_site_name":"Castrum","article_publisher":"https:\/\/www.facebook.com\/castrum.ee","article_modified_time":"2025-07-29T06:22:03+00:00","og_image":[{"width":1626,"height":1080,"url":"https:\/\/www.castrum.ee\/wp-content\/uploads\/2025\/07\/39CBD2D7-59F8-40FB-9714-C24441168645.jpeg","type":"image\/jpeg"}],"twitter_card":"summary_large_image","twitter_misc":{"Arvioitu lukuaika":"1 minuutti"},"schema":{"@context":"https:\/\/schema.org","@graph":[{"@type":"WebPage","@id":"https:\/\/www.castrum.ee\/fi\/toode\/astmelauad-nr003-northstar-black\/","url":"https:\/\/www.castrum.ee\/fi\/toode\/astmelauad-nr003-northstar-black\/","name":"Astmelauad NR003 Northstar Black | Astmelauad, Astmelauad ja k\u00fcljerauad","isPartOf":{"@id":"https:\/\/www.castrum.ee\/fi\/#website"},"primaryImageOfPage":{"@id":"https:\/\/www.castrum.ee\/fi\/toode\/astmelauad-nr003-northstar-black\/#primaryimage"},"image":{"@id":"https:\/\/www.castrum.ee\/fi\/toode\/astmelauad-nr003-northstar-black\/#primaryimage"},"thumbnailUrl":"https:\/\/www.castrum.ee\/wp-content\/uploads\/2025\/07\/39CBD2D7-59F8-40FB-9714-C24441168645.jpeg","datePublished":"2025-07-29T06:21:32+00:00","dateModified":"2025-07-29T06:22:03+00:00","description":"Astmelauad NR003 Northstar Black - Astmelauad, Astmelauad ja k\u00fcljerauad . Autojen, maastureiden ja pakettiautojen lis\u00e4varusteet. Varaosat.","breadcrumb":{"@id":"https:\/\/www.castrum.ee\/fi\/toode\/astmelauad-nr003-northstar-black\/#breadcrumb"},"inLanguage":"fi","potentialAction":[{"@type":"ReadAction","target":["https:\/\/www.castrum.ee\/fi\/toode\/astmelauad-nr003-northstar-black\/"]}]},{"@type":"ImageObject","inLanguage":"fi","@id":"https:\/\/www.castrum.ee\/fi\/toode\/astmelauad-nr003-northstar-black\/#primaryimage","url":"https:\/\/www.castrum.ee\/wp-content\/uploads\/2025\/07\/39CBD2D7-59F8-40FB-9714-C24441168645.jpeg","contentUrl":"https:\/\/www.castrum.ee\/wp-content\/uploads\/2025\/07\/39CBD2D7-59F8-40FB-9714-C24441168645.jpeg","width":1626,"height":1080},{"@type":"BreadcrumbList","@id":"https:\/\/www.castrum.ee\/fi\/toode\/astmelauad-nr003-northstar-black\/#breadcrumb","itemListElement":[{"@type":"ListItem","position":1,"name":"Home","item":"https:\/\/www.castrum.ee\/fi\/kotisivu\/"},{"@type":"ListItem","position":2,"name":"Verkkokauppa","item":"https:\/\/www.castrum.ee\/fi\/kauppa\/"},{"@type":"ListItem","position":3,"name":"Astmelauad NR003 Northstar Black"}]},{"@type":"WebSite","@id":"https:\/\/www.castrum.ee\/fi\/#website","url":"https:\/\/www.castrum.ee\/fi\/","name":"Castrum","description":"Maasturite, s\u00f5iduautode ja v\u00e4ikebusside lisavarustus","publisher":{"@id":"https:\/\/www.castrum.ee\/fi\/#organization"},"potentialAction":[{"@type":"SearchAction","target":{"@type":"EntryPoint","urlTemplate":"https:\/\/www.castrum.ee\/fi\/?s={search_term_string}"},"query-input":{"@type":"PropertyValueSpecification","valueRequired":true,"valueName":"search_term_string"}}],"inLanguage":"fi"},{"@type":"Organization","@id":"https:\/\/www.castrum.ee\/fi\/#organization","name":"Castrum Grupp O\u00dc","url":"https:\/\/www.castrum.ee\/fi\/","logo":{"@type":"ImageObject","inLanguage":"fi","@id":"https:\/\/www.castrum.ee\/fi\/#\/schema\/logo\/image\/","url":"https:\/\/www.castrum.ee\/wp-content\/uploads\/2025\/03\/Castrum-logo-500.png","contentUrl":"https:\/\/www.castrum.ee\/wp-content\/uploads\/2025\/03\/Castrum-logo-500.png","width":500,"height":250,"caption":"Castrum Grupp O\u00dc"},"image":{"@id":"https:\/\/www.castrum.ee\/fi\/#\/schema\/logo\/image\/"},"sameAs":["https:\/\/www.facebook.com\/castrum.ee"]}]}},"_links":{"self":[{"href":"https:\/\/www.castrum.ee\/fi\/wp-json\/wp\/v2\/product\/5949","targetHints":{"allow":["GET"]}}],"collection":[{"href":"https:\/\/www.castrum.ee\/fi\/wp-json\/wp\/v2\/product"}],"about":[{"href":"https:\/\/www.castrum.ee\/fi\/wp-json\/wp\/v2\/types\/product"}],"wp:featuredmedia":[{"embeddable":true,"href":"https:\/\/www.castrum.ee\/fi\/wp-json\/wp\/v2\/media\/5953"}],"wp:attachment":[{"href":"https:\/\/www.castrum.ee\/fi\/wp-json\/wp\/v2\/media?parent=5949"}],"wp:term":[{"taxonomy":"mark-ja-mudel","embeddable":true,"href":"https:\/\/www.castrum.ee\/fi\/wp-json\/wp\/v2\/mark-ja-mudel?post=5949"},{"taxonomy":"product_brand","embeddable":true,"href":"https:\/\/www.castrum.ee\/fi\/wp-json\/wp\/v2\/product_brand?post=5949"},{"taxonomy":"product_cat","embeddable":true,"href":"https:\/\/www.castrum.ee\/fi\/wp-json\/wp\/v2\/product_cat?post=5949"},{"taxonomy":"product_tag","embeddable":true,"href":"https:\/\/www.castrum.ee\/fi\/wp-json\/wp\/v2\/product_tag?post=5949"}],"curies":[{"name":"wp","href":"https:\/\/api.w.org\/{rel}","templated":true}]}}