{"id":6441,"date":"2025-08-13T07:59:05","date_gmt":"2025-08-13T07:59:05","guid":{"rendered":"https:\/\/castrum.hume.ee\/?post_type=product&#038;p=6441"},"modified":"2026-02-11T10:04:27","modified_gmt":"2026-02-11T08:04:27","slug":"lumonite-compass-r-v7-1367-lm","status":"publish","type":"product","link":"https:\/\/www.castrum.ee\/fi\/toode\/lumonite-compass-r-v7-1367-lm\/","title":{"rendered":"LUMONITE Compass R V7, 1367 lm"},"content":{"rendered":"<h2>Pakend sisaldab<\/h2>\n<ul>\n<li>Pealamp<\/li>\n<li>Aku<\/li>\n<li>Laadimisseade (USB)<\/li>\n<li>Peapael kiirkinnitusega<\/li>\n<li>Peapaela pealne rihm (eemaldatav)<\/li>\n<li>Terasest taskuklamber<\/li>\n<li>Kasutusjuhend (FI\/SE\/NO\/EN)<\/li>\n<\/ul>\n<h2>Spetsifikatsioon<\/h2>\n<ul>\n<li>Valgusvoog: 1367 lm (Labsphere FL2 \u2013 laboratoorselt testitud tegelikud luumenid)<\/li>\n<li>Valgusvihk: kombineeritud<\/li>\n<li>Toiteallikas: Lumonite SCB2 liitiumioonaku, 3,6 V \/ 3500 mAh<\/li>\n<li>Valgustuskaugus: 110 m<\/li>\n<li>Laadimisaeg: 0\u2013100% 3 h (USB)<\/li>\n<li>T\u00f6\u00f6re\u017eiimid: 4 v\u00f5imsusastet + moonlight<\/li>\n<li>Klahvilukk<\/li>\n<li>Aku pingeindikaator<\/li>\n<li>Materjal: alumiinium<\/li>\n<li>Korpuse kaitseaste: IP69<\/li>\n<li>M\u00f5\u00f5dud: 106 \u00d7 21 \u00d7 33 mm<\/li>\n<li>Kaal: komplekteeritult koos akuga 155 g<\/li>\n<li>Garantii: 60 kuud<\/li>\n<\/ul>\n<h2>J\u00f5udlus (ANSI\/FL1)<\/h2>\n<ul>\n<li>Max: 1367 lm \/ 1 h 30 min \/ 110 m<\/li>\n<li>High: 600 lm \/ 3 h 35 min \/ 75 m<\/li>\n<li>Med: 240 lm \/ 8 h 25 min \/ 50 m<\/li>\n<li>Low: 80 lm \/ 25 h \/ 28 m<\/li>\n<li>Moon: 2 lm \/ 740 h \/ \u2013<\/li>\n<\/ul>\n","protected":false},"excerpt":{"rendered":"<p data-start=\"0\" data-end=\"300\"><strong data-start=\"0\" data-end=\"21\">LUMONITE\u24c7 Compass<\/strong> on Soomes disainitud multifunktsionaalne valgusti, mis on m\u00f5eldud nii professionaalseks kasutamiseks kui ka n\u00f5udlikele loodushuvilistele. Selle <strong data-start=\"166\" data-end=\"221\" data-is-only-node=\"\">kerge, kuid erakordselt vastupidav alumiiniumkorpus<\/strong> on valmistatud \u00fchest t\u00fckist ning sellel puuduvad lahtised v\u00f5i liikuvad osad.<\/p>\n<p data-start=\"302\" data-end=\"519\" data-is-last-node=\"\" data-is-only-node=\"\">Valgusti on <strong data-start=\"314\" data-end=\"356\">t\u00e4ielikult tolmu-, vee- ja l\u00f6\u00f6gikindel<\/strong> ning koos lihtsa konstruktsiooni, laitmatu tehnoloogia ja turu parima j\u00f5udlusega on Compass \u00e4\u00e4rmiselt t\u00f6\u00f6kindel ka k\u00f5ige keerulisemates ja karmimates tingimustes.<\/p>\n","protected":false},"featured_media":6471,"template":"","meta":{"_acf_changed":false},"mark-ja-mudel":[],"product_brand":[],"product_cat":[441],"product_tag":[140],"class_list":{"0":"post-6441","1":"product","2":"type-product","3":"status-publish","4":"has-post-thumbnail","6":"product_cat-lumonite-led-otsmiku-ja-spordilambid-ning-tarvikud","7":"product_tag-tarne-4-5-paeva","8":"product_shipping_class-tavaveos","10":"first","11":"instock","12":"taxable","13":"shipping-taxable","14":"purchasable","15":"product-type-simple"},"bundled_by":[],"bundle_stock_status":"instock","bundle_stock_quantity":null,"bundle_virtual":false,"bundle_layout":"","bundle_add_to_cart_form_location":"","bundle_editable_in_cart":false,"bundle_sold_individually_context":"","bundle_item_grouping":"","bundle_min_size":"","bundle_max_size":"","bundle_price":[],"bundled_items":[],"bundle_sell_ids":[],"acf":[],"yoast_head":"<!-- This site is optimized with the Yoast SEO plugin v27.3 - https:\/\/yoast.com\/product\/yoast-seo-wordpress\/ -->\n<title>LUMONITE Compass R V7, 1367 lm | Lumonite LED otsmiku- ja spordilambid ning tarvikud<\/title>\n<meta name=\"description\" content=\"LUMONITE Compass R V7, 1367 lm - Lumonite LED otsmiku- ja spordilambid ning tarvikud . Autojen, maastureiden ja pakettiautojen lis\u00e4varusteet. Varaosat.\" \/>\n<meta name=\"robots\" content=\"index, follow, max-snippet:-1, max-image-preview:large, max-video-preview:-1\" \/>\n<link rel=\"canonical\" href=\"https:\/\/www.castrum.ee\/fi\/toode\/lumonite-compass-r-v7-1367-lm\/\" \/>\n<meta property=\"og:locale\" content=\"fi_FI\" \/>\n<meta property=\"og:type\" content=\"article\" \/>\n<meta property=\"og:title\" content=\"LUMONITE Compass R V7, 1367 lm | Lumonite LED otsmiku- ja spordilambid ning tarvikud\" \/>\n<meta property=\"og:description\" content=\"LUMONITE Compass R V7, 1367 lm - Lumonite LED otsmiku- ja spordilambid ning tarvikud . Autojen, maastureiden ja pakettiautojen lis\u00e4varusteet. Varaosat.\" \/>\n<meta property=\"og:url\" content=\"https:\/\/www.castrum.ee\/fi\/toode\/lumonite-compass-r-v7-1367-lm\/\" \/>\n<meta property=\"og:site_name\" content=\"Castrum\" \/>\n<meta property=\"article:publisher\" content=\"https:\/\/www.facebook.com\/castrum.ee\" \/>\n<meta property=\"article:modified_time\" content=\"2026-02-11T08:04:27+00:00\" \/>\n<meta property=\"og:image\" content=\"https:\/\/www.castrum.ee\/wp-content\/uploads\/2025\/08\/lumonite_compass_v7_basic_set_1_normal.png\" \/>\n\t<meta property=\"og:image:width\" content=\"600\" \/>\n\t<meta property=\"og:image:height\" content=\"600\" \/>\n\t<meta property=\"og:image:type\" content=\"image\/png\" \/>\n<meta name=\"twitter:card\" content=\"summary_large_image\" \/>\n<meta name=\"twitter:label1\" content=\"Arvioitu lukuaika\" \/>\n\t<meta name=\"twitter:data1\" content=\"1 minuutti\" \/>\n<script type=\"application\/ld+json\" class=\"yoast-schema-graph\">{\"@context\":\"https:\\\/\\\/schema.org\",\"@graph\":[{\"@type\":\"WebPage\",\"@id\":\"https:\\\/\\\/www.castrum.ee\\\/fi\\\/toode\\\/lumonite-compass-r-v7-1367-lm\\\/\",\"url\":\"https:\\\/\\\/www.castrum.ee\\\/fi\\\/toode\\\/lumonite-compass-r-v7-1367-lm\\\/\",\"name\":\"LUMONITE Compass R V7, 1367 lm | Lumonite LED otsmiku- ja spordilambid ning tarvikud\",\"isPartOf\":{\"@id\":\"https:\\\/\\\/www.castrum.ee\\\/fi\\\/#website\"},\"primaryImageOfPage\":{\"@id\":\"https:\\\/\\\/www.castrum.ee\\\/fi\\\/toode\\\/lumonite-compass-r-v7-1367-lm\\\/#primaryimage\"},\"image\":{\"@id\":\"https:\\\/\\\/www.castrum.ee\\\/fi\\\/toode\\\/lumonite-compass-r-v7-1367-lm\\\/#primaryimage\"},\"thumbnailUrl\":\"https:\\\/\\\/www.castrum.ee\\\/wp-content\\\/uploads\\\/2025\\\/08\\\/lumonite_compass_v7_basic_set_1_normal.png\",\"datePublished\":\"2025-08-13T07:59:05+00:00\",\"dateModified\":\"2026-02-11T08:04:27+00:00\",\"description\":\"LUMONITE Compass R V7, 1367 lm - Lumonite LED otsmiku- ja spordilambid ning tarvikud . Autojen, maastureiden ja pakettiautojen lis\u00e4varusteet. Varaosat.\",\"breadcrumb\":{\"@id\":\"https:\\\/\\\/www.castrum.ee\\\/fi\\\/toode\\\/lumonite-compass-r-v7-1367-lm\\\/#breadcrumb\"},\"inLanguage\":\"fi\",\"potentialAction\":[{\"@type\":\"ReadAction\",\"target\":[\"https:\\\/\\\/www.castrum.ee\\\/fi\\\/toode\\\/lumonite-compass-r-v7-1367-lm\\\/\"]}]},{\"@type\":\"ImageObject\",\"inLanguage\":\"fi\",\"@id\":\"https:\\\/\\\/www.castrum.ee\\\/fi\\\/toode\\\/lumonite-compass-r-v7-1367-lm\\\/#primaryimage\",\"url\":\"https:\\\/\\\/www.castrum.ee\\\/wp-content\\\/uploads\\\/2025\\\/08\\\/lumonite_compass_v7_basic_set_1_normal.png\",\"contentUrl\":\"https:\\\/\\\/www.castrum.ee\\\/wp-content\\\/uploads\\\/2025\\\/08\\\/lumonite_compass_v7_basic_set_1_normal.png\",\"width\":600,\"height\":600},{\"@type\":\"BreadcrumbList\",\"@id\":\"https:\\\/\\\/www.castrum.ee\\\/fi\\\/toode\\\/lumonite-compass-r-v7-1367-lm\\\/#breadcrumb\",\"itemListElement\":[{\"@type\":\"ListItem\",\"position\":1,\"name\":\"Home\",\"item\":\"https:\\\/\\\/www.castrum.ee\\\/fi\\\/kotisivu\\\/\"},{\"@type\":\"ListItem\",\"position\":2,\"name\":\"Verkkokauppa\",\"item\":\"https:\\\/\\\/www.castrum.ee\\\/fi\\\/kauppa\\\/\"},{\"@type\":\"ListItem\",\"position\":3,\"name\":\"LUMONITE Compass R V7, 1367 lm\"}]},{\"@type\":\"WebSite\",\"@id\":\"https:\\\/\\\/www.castrum.ee\\\/fi\\\/#website\",\"url\":\"https:\\\/\\\/www.castrum.ee\\\/fi\\\/\",\"name\":\"Castrum\",\"description\":\"Maasturite, s\u00f5iduautode ja v\u00e4ikebusside lisavarustus\",\"publisher\":{\"@id\":\"https:\\\/\\\/www.castrum.ee\\\/fi\\\/#organization\"},\"potentialAction\":[{\"@type\":\"SearchAction\",\"target\":{\"@type\":\"EntryPoint\",\"urlTemplate\":\"https:\\\/\\\/www.castrum.ee\\\/fi\\\/?s={search_term_string}\"},\"query-input\":{\"@type\":\"PropertyValueSpecification\",\"valueRequired\":true,\"valueName\":\"search_term_string\"}}],\"inLanguage\":\"fi\"},{\"@type\":\"Organization\",\"@id\":\"https:\\\/\\\/www.castrum.ee\\\/fi\\\/#organization\",\"name\":\"Castrum Grupp O\u00dc\",\"url\":\"https:\\\/\\\/www.castrum.ee\\\/fi\\\/\",\"logo\":{\"@type\":\"ImageObject\",\"inLanguage\":\"fi\",\"@id\":\"https:\\\/\\\/www.castrum.ee\\\/fi\\\/#\\\/schema\\\/logo\\\/image\\\/\",\"url\":\"https:\\\/\\\/www.castrum.ee\\\/wp-content\\\/uploads\\\/2025\\\/03\\\/Castrum-logo-500.png\",\"contentUrl\":\"https:\\\/\\\/www.castrum.ee\\\/wp-content\\\/uploads\\\/2025\\\/03\\\/Castrum-logo-500.png\",\"width\":500,\"height\":250,\"caption\":\"Castrum Grupp O\u00dc\"},\"image\":{\"@id\":\"https:\\\/\\\/www.castrum.ee\\\/fi\\\/#\\\/schema\\\/logo\\\/image\\\/\"},\"sameAs\":[\"https:\\\/\\\/www.facebook.com\\\/castrum.ee\"]}]}<\/script>\n<!-- \/ Yoast SEO plugin. -->","yoast_head_json":{"title":"LUMONITE Compass R V7, 1367 lm | Lumonite LED otsmiku- ja spordilambid ning tarvikud","description":"LUMONITE Compass R V7, 1367 lm - Lumonite LED otsmiku- ja spordilambid ning tarvikud . Autojen, maastureiden ja pakettiautojen lis\u00e4varusteet. Varaosat.","robots":{"index":"index","follow":"follow","max-snippet":"max-snippet:-1","max-image-preview":"max-image-preview:large","max-video-preview":"max-video-preview:-1"},"canonical":"https:\/\/www.castrum.ee\/fi\/toode\/lumonite-compass-r-v7-1367-lm\/","og_locale":"fi_FI","og_type":"article","og_title":"LUMONITE Compass R V7, 1367 lm | Lumonite LED otsmiku- ja spordilambid ning tarvikud","og_description":"LUMONITE Compass R V7, 1367 lm - Lumonite LED otsmiku- ja spordilambid ning tarvikud . Autojen, maastureiden ja pakettiautojen lis\u00e4varusteet. Varaosat.","og_url":"https:\/\/www.castrum.ee\/fi\/toode\/lumonite-compass-r-v7-1367-lm\/","og_site_name":"Castrum","article_publisher":"https:\/\/www.facebook.com\/castrum.ee","article_modified_time":"2026-02-11T08:04:27+00:00","og_image":[{"width":600,"height":600,"url":"https:\/\/www.castrum.ee\/wp-content\/uploads\/2025\/08\/lumonite_compass_v7_basic_set_1_normal.png","type":"image\/png"}],"twitter_card":"summary_large_image","twitter_misc":{"Arvioitu lukuaika":"1 minuutti"},"schema":{"@context":"https:\/\/schema.org","@graph":[{"@type":"WebPage","@id":"https:\/\/www.castrum.ee\/fi\/toode\/lumonite-compass-r-v7-1367-lm\/","url":"https:\/\/www.castrum.ee\/fi\/toode\/lumonite-compass-r-v7-1367-lm\/","name":"LUMONITE Compass R V7, 1367 lm | Lumonite LED otsmiku- ja spordilambid ning tarvikud","isPartOf":{"@id":"https:\/\/www.castrum.ee\/fi\/#website"},"primaryImageOfPage":{"@id":"https:\/\/www.castrum.ee\/fi\/toode\/lumonite-compass-r-v7-1367-lm\/#primaryimage"},"image":{"@id":"https:\/\/www.castrum.ee\/fi\/toode\/lumonite-compass-r-v7-1367-lm\/#primaryimage"},"thumbnailUrl":"https:\/\/www.castrum.ee\/wp-content\/uploads\/2025\/08\/lumonite_compass_v7_basic_set_1_normal.png","datePublished":"2025-08-13T07:59:05+00:00","dateModified":"2026-02-11T08:04:27+00:00","description":"LUMONITE Compass R V7, 1367 lm - Lumonite LED otsmiku- ja spordilambid ning tarvikud . Autojen, maastureiden ja pakettiautojen lis\u00e4varusteet. Varaosat.","breadcrumb":{"@id":"https:\/\/www.castrum.ee\/fi\/toode\/lumonite-compass-r-v7-1367-lm\/#breadcrumb"},"inLanguage":"fi","potentialAction":[{"@type":"ReadAction","target":["https:\/\/www.castrum.ee\/fi\/toode\/lumonite-compass-r-v7-1367-lm\/"]}]},{"@type":"ImageObject","inLanguage":"fi","@id":"https:\/\/www.castrum.ee\/fi\/toode\/lumonite-compass-r-v7-1367-lm\/#primaryimage","url":"https:\/\/www.castrum.ee\/wp-content\/uploads\/2025\/08\/lumonite_compass_v7_basic_set_1_normal.png","contentUrl":"https:\/\/www.castrum.ee\/wp-content\/uploads\/2025\/08\/lumonite_compass_v7_basic_set_1_normal.png","width":600,"height":600},{"@type":"BreadcrumbList","@id":"https:\/\/www.castrum.ee\/fi\/toode\/lumonite-compass-r-v7-1367-lm\/#breadcrumb","itemListElement":[{"@type":"ListItem","position":1,"name":"Home","item":"https:\/\/www.castrum.ee\/fi\/kotisivu\/"},{"@type":"ListItem","position":2,"name":"Verkkokauppa","item":"https:\/\/www.castrum.ee\/fi\/kauppa\/"},{"@type":"ListItem","position":3,"name":"LUMONITE Compass R V7, 1367 lm"}]},{"@type":"WebSite","@id":"https:\/\/www.castrum.ee\/fi\/#website","url":"https:\/\/www.castrum.ee\/fi\/","name":"Castrum","description":"Maasturite, s\u00f5iduautode ja v\u00e4ikebusside lisavarustus","publisher":{"@id":"https:\/\/www.castrum.ee\/fi\/#organization"},"potentialAction":[{"@type":"SearchAction","target":{"@type":"EntryPoint","urlTemplate":"https:\/\/www.castrum.ee\/fi\/?s={search_term_string}"},"query-input":{"@type":"PropertyValueSpecification","valueRequired":true,"valueName":"search_term_string"}}],"inLanguage":"fi"},{"@type":"Organization","@id":"https:\/\/www.castrum.ee\/fi\/#organization","name":"Castrum Grupp O\u00dc","url":"https:\/\/www.castrum.ee\/fi\/","logo":{"@type":"ImageObject","inLanguage":"fi","@id":"https:\/\/www.castrum.ee\/fi\/#\/schema\/logo\/image\/","url":"https:\/\/www.castrum.ee\/wp-content\/uploads\/2025\/03\/Castrum-logo-500.png","contentUrl":"https:\/\/www.castrum.ee\/wp-content\/uploads\/2025\/03\/Castrum-logo-500.png","width":500,"height":250,"caption":"Castrum Grupp O\u00dc"},"image":{"@id":"https:\/\/www.castrum.ee\/fi\/#\/schema\/logo\/image\/"},"sameAs":["https:\/\/www.facebook.com\/castrum.ee"]}]}},"_links":{"self":[{"href":"https:\/\/www.castrum.ee\/fi\/wp-json\/wp\/v2\/product\/6441","targetHints":{"allow":["GET"]}}],"collection":[{"href":"https:\/\/www.castrum.ee\/fi\/wp-json\/wp\/v2\/product"}],"about":[{"href":"https:\/\/www.castrum.ee\/fi\/wp-json\/wp\/v2\/types\/product"}],"wp:featuredmedia":[{"embeddable":true,"href":"https:\/\/www.castrum.ee\/fi\/wp-json\/wp\/v2\/media\/6471"}],"wp:attachment":[{"href":"https:\/\/www.castrum.ee\/fi\/wp-json\/wp\/v2\/media?parent=6441"}],"wp:term":[{"taxonomy":"mark-ja-mudel","embeddable":true,"href":"https:\/\/www.castrum.ee\/fi\/wp-json\/wp\/v2\/mark-ja-mudel?post=6441"},{"taxonomy":"product_brand","embeddable":true,"href":"https:\/\/www.castrum.ee\/fi\/wp-json\/wp\/v2\/product_brand?post=6441"},{"taxonomy":"product_cat","embeddable":true,"href":"https:\/\/www.castrum.ee\/fi\/wp-json\/wp\/v2\/product_cat?post=6441"},{"taxonomy":"product_tag","embeddable":true,"href":"https:\/\/www.castrum.ee\/fi\/wp-json\/wp\/v2\/product_tag?post=6441"}],"curies":[{"name":"wp","href":"https:\/\/api.w.org\/{rel}","templated":true}]}}