{"id":76990,"date":"2025-10-14T11:15:06","date_gmt":"2025-10-14T11:15:06","guid":{"rendered":"https:\/\/www.castrum.ee\/toode\/rival-alumiinilava-vw-amarok-double-cab-23\/"},"modified":"2025-10-14T11:15:06","modified_gmt":"2025-10-14T08:15:06","slug":"rival-alumiinilava-vw-amarok-double-cab-23","status":"publish","type":"product","link":"https:\/\/www.castrum.ee\/fi\/toode\/rival-alumiinilava-vw-amarok-double-cab-23\/","title":{"rendered":"RIVAL alumiinilava VW Amarok Double Cab [23+]"},"content":{"rendered":"<p>RIVALin alumiinilava on varustettu ensiluokkaisella mattamustalla PVDF-jauhepinnoitteella, joka takaa erinomaisen kest\u00e4vyyden ja s\u00e4\u00e4nkest\u00e4vyyden. T\u00e4m\u00e4 korkealaatuinen viimeistely est\u00e4\u00e4 tehokkaasti hapettumista, pident\u00e4\u00e4 tuotteen k\u00e4ytt\u00f6ik\u00e4\u00e4 ja korostaa sen tyylik\u00e4st\u00e4, modernia ulkon\u00e4k\u00f6\u00e4 \u2013 t\u00e4ytt\u00e4en alan korkeimmat standardit sek\u00e4 suorituskyvyn ett\u00e4 estetiikan osalta. <\/p>\n<p>Lava on valmistettu A6063-alumiinista, jossa on puristettu runkorakenne.<\/p>\n<p>Kaikki paneelit ovat 4 mm alumiinikomposiittia ja vahvistettu ter\u00e4srungolla, jonka sis\u00e4ll\u00e4 on EVA-vaahtoeriste.<\/p>\n<p>Integroitu LED-valaistus takaa mukavuuden kaikkina aikoina: pehme\u00e4 ja tasainen valo luo viihtyis\u00e4n tunnelman, lis\u00e4\u00e4 k\u00e4yt\u00e4nn\u00f6llisyytt\u00e4 ja tuo tilaan tyyli\u00e4. Valaistus on juuri siell\u00e4, miss\u00e4 sit\u00e4 tarvitset \u2013 ilman ylim\u00e4\u00e4r\u00e4isi\u00e4 johtoja tai monimutkaista asennusta. <\/p>\n<p>Vahvistetut kaasujouset mahdollistavat RIVAL-lavan avaamisen yhdell\u00e4 k\u00e4dell\u00e4, jopa vaativissa s\u00e4\u00e4olosuhteissa. Korroosionkest\u00e4v\u00e4 rakenne takaa luotettavuuden vuosiksi eteenp\u00e4in. <\/p>\n<p>RIVAL-lava on suunniteltu sujuvaa k\u00e4ytt\u00f6mukavuutta varten ja varustettu huomaamattomalla mutta vahvalla kattokaitej\u00e4rjestelm\u00e4ll\u00e4, joka on erityisesti suunniteltu RIVALin kattotelineiden ja muiden premium-lis\u00e4varusteiden asentamiseen.<\/p>\n<p>K\u00e4tev\u00e4n p\u00e4\u00e4syj\u00e4rjestelm\u00e4n ansiosta k\u00e4ytt\u00f6 on vaivatonta ja sujuvaa kaikissa tilanteissa:<\/p>\n<ul>\n<li>\n<ul>Suuret ja hankalat esineet on helppo lastata optimoidun korkeuden lastausreunan ansiosta.<\/ul>\n<ul>Monisuuntainen ovikonfiguraatio tarpeen mukaan<\/ul>\n<ul>Turvallinen yhden k\u00e4den avaaminen intuitiivisella lukitusmekanismilla<\/ul>\n<\/li>\n<\/ul>\n","protected":false},"excerpt":{"rendered":"<p>Suunniteltu niille, jotka vaativat parasta \u2013 alumiininen modulaarinen kattorakenteemme hy\u00f6dynt\u00e4\u00e4 korkealaatuista puristeprofiilij\u00e4rjestelm\u00e4\u00e4, joka takaa poikkeuksellisen lujuuden, tarkkuuden ja helpon kokoamisen. Toisiinsa lukkiutuvat profiilit liukuvat saumattomasti paikoilleen, muodostaen vahvan ja j\u00e4yk\u00e4n rakenteen ilman monimutkaisia ty\u00f6kaluja. Koe huippuluokan ratkaisu, joka on suunniteltu luotettavuuteen, kest\u00e4vyyteen ja vaivattomaan asennukseen. Nauti mukavuudesta ilman turhaa vaivaa!   <\/p>\n","protected":false},"featured_media":27537,"template":"","meta":{"_acf_changed":false},"mark-ja-mudel":[],"product_brand":[1276,1275],"product_cat":[1074,1073],"product_tag":[1107],"class_list":{"0":"post-76990","1":"product","2":"type-product","3":"status-publish","4":"has-post-thumbnail","6":"product_brand-amarok","7":"product_brand-volkswagen","8":"product_cat-lavakuvut","9":"product_cat-lavaraudat-ja-lavakannet","10":"product_tag-toimitusaika-4-5-paivaa","12":"first","13":"instock","14":"taxable","15":"shipping-taxable","16":"purchasable","17":"product-type-simple"},"bundled_by":[],"bundle_stock_status":"instock","bundle_stock_quantity":null,"bundle_virtual":false,"bundle_layout":"","bundle_add_to_cart_form_location":"","bundle_editable_in_cart":false,"bundle_sold_individually_context":"","bundle_item_grouping":"","bundle_min_size":"","bundle_max_size":"","bundle_price":[],"bundled_items":[],"bundle_sell_ids":[],"acf":[],"yoast_head":"<!-- This site is optimized with the Yoast SEO plugin v27.3 - https:\/\/yoast.com\/product\/yoast-seo-wordpress\/ -->\n<title>RIVAL alumiinilava VW Amarok Double Cab [23+] | Lavakuvut, Lavaraudat ja lavakannet<\/title>\n<meta name=\"description\" content=\"RIVAL alumiinilava VW Amarok Double Cab [23+] - Lavakuvut, Lavaraudat ja lavakannet . Autojen, maastureiden ja pakettiautojen lis\u00e4varusteet. Varaosat.\" \/>\n<meta name=\"robots\" content=\"index, follow, max-snippet:-1, max-image-preview:large, max-video-preview:-1\" \/>\n<link rel=\"canonical\" href=\"https:\/\/www.castrum.ee\/fi\/toode\/rival-alumiinilava-vw-amarok-double-cab-23\/\" \/>\n<meta property=\"og:locale\" content=\"fi_FI\" \/>\n<meta property=\"og:type\" content=\"article\" \/>\n<meta property=\"og:title\" content=\"RIVAL alumiinilava VW Amarok Double Cab [23+] | Lavakuvut, Lavaraudat ja lavakannet\" \/>\n<meta property=\"og:description\" content=\"RIVAL alumiinilava VW Amarok Double Cab [23+] - Lavakuvut, Lavaraudat ja lavakannet . Autojen, maastureiden ja pakettiautojen lis\u00e4varusteet. Varaosat.\" \/>\n<meta property=\"og:url\" content=\"https:\/\/www.castrum.ee\/fi\/toode\/rival-alumiinilava-vw-amarok-double-cab-23\/\" \/>\n<meta property=\"og:site_name\" content=\"Castrum\" \/>\n<meta property=\"article:publisher\" content=\"https:\/\/www.facebook.com\/castrum.ee\" \/>\n<meta property=\"og:image\" content=\"https:\/\/www.castrum.ee\/wp-content\/uploads\/2025\/10\/EXRIVCAN1870B.jpg\" \/>\n\t<meta property=\"og:image:width\" content=\"1200\" \/>\n\t<meta property=\"og:image:height\" content=\"848\" \/>\n\t<meta property=\"og:image:type\" content=\"image\/jpeg\" \/>\n<meta name=\"twitter:card\" content=\"summary_large_image\" \/>\n<meta name=\"twitter:label1\" content=\"Arvioitu lukuaika\" \/>\n\t<meta name=\"twitter:data1\" content=\"1 minuutti\" \/>\n<script type=\"application\/ld+json\" class=\"yoast-schema-graph\">{\"@context\":\"https:\\\/\\\/schema.org\",\"@graph\":[{\"@type\":\"WebPage\",\"@id\":\"https:\\\/\\\/www.castrum.ee\\\/fi\\\/toode\\\/rival-alumiinilava-vw-amarok-double-cab-23\\\/\",\"url\":\"https:\\\/\\\/www.castrum.ee\\\/fi\\\/toode\\\/rival-alumiinilava-vw-amarok-double-cab-23\\\/\",\"name\":\"RIVAL alumiinilava VW Amarok Double Cab [23+] | Lavakuvut, Lavaraudat ja lavakannet\",\"isPartOf\":{\"@id\":\"https:\\\/\\\/www.castrum.ee\\\/fi\\\/#website\"},\"primaryImageOfPage\":{\"@id\":\"https:\\\/\\\/www.castrum.ee\\\/fi\\\/toode\\\/rival-alumiinilava-vw-amarok-double-cab-23\\\/#primaryimage\"},\"image\":{\"@id\":\"https:\\\/\\\/www.castrum.ee\\\/fi\\\/toode\\\/rival-alumiinilava-vw-amarok-double-cab-23\\\/#primaryimage\"},\"thumbnailUrl\":\"https:\\\/\\\/www.castrum.ee\\\/wp-content\\\/uploads\\\/2025\\\/10\\\/EXRIVCAN1870B.jpg\",\"datePublished\":\"2025-10-14T11:15:06+00:00\",\"description\":\"RIVAL alumiinilava VW Amarok Double Cab [23+] - Lavakuvut, Lavaraudat ja lavakannet . Autojen, maastureiden ja pakettiautojen lis\u00e4varusteet. Varaosat.\",\"breadcrumb\":{\"@id\":\"https:\\\/\\\/www.castrum.ee\\\/fi\\\/toode\\\/rival-alumiinilava-vw-amarok-double-cab-23\\\/#breadcrumb\"},\"inLanguage\":\"fi\",\"potentialAction\":[{\"@type\":\"ReadAction\",\"target\":[\"https:\\\/\\\/www.castrum.ee\\\/fi\\\/toode\\\/rival-alumiinilava-vw-amarok-double-cab-23\\\/\"]}]},{\"@type\":\"ImageObject\",\"inLanguage\":\"fi\",\"@id\":\"https:\\\/\\\/www.castrum.ee\\\/fi\\\/toode\\\/rival-alumiinilava-vw-amarok-double-cab-23\\\/#primaryimage\",\"url\":\"https:\\\/\\\/www.castrum.ee\\\/wp-content\\\/uploads\\\/2025\\\/10\\\/EXRIVCAN1870B.jpg\",\"contentUrl\":\"https:\\\/\\\/www.castrum.ee\\\/wp-content\\\/uploads\\\/2025\\\/10\\\/EXRIVCAN1870B.jpg\",\"width\":1200,\"height\":848},{\"@type\":\"BreadcrumbList\",\"@id\":\"https:\\\/\\\/www.castrum.ee\\\/fi\\\/toode\\\/rival-alumiinilava-vw-amarok-double-cab-23\\\/#breadcrumb\",\"itemListElement\":[{\"@type\":\"ListItem\",\"position\":1,\"name\":\"Home\",\"item\":\"https:\\\/\\\/www.castrum.ee\\\/fi\\\/kotisivu\\\/\"},{\"@type\":\"ListItem\",\"position\":2,\"name\":\"Verkkokauppa\",\"item\":\"https:\\\/\\\/www.castrum.ee\\\/fi\\\/kauppa\\\/\"},{\"@type\":\"ListItem\",\"position\":3,\"name\":\"RIVAL alumiinilava VW Amarok Double Cab [23+]\"}]},{\"@type\":\"WebSite\",\"@id\":\"https:\\\/\\\/www.castrum.ee\\\/fi\\\/#website\",\"url\":\"https:\\\/\\\/www.castrum.ee\\\/fi\\\/\",\"name\":\"Castrum\",\"description\":\"Maasturite, s\u00f5iduautode ja v\u00e4ikebusside lisavarustus\",\"publisher\":{\"@id\":\"https:\\\/\\\/www.castrum.ee\\\/fi\\\/#organization\"},\"potentialAction\":[{\"@type\":\"SearchAction\",\"target\":{\"@type\":\"EntryPoint\",\"urlTemplate\":\"https:\\\/\\\/www.castrum.ee\\\/fi\\\/?s={search_term_string}\"},\"query-input\":{\"@type\":\"PropertyValueSpecification\",\"valueRequired\":true,\"valueName\":\"search_term_string\"}}],\"inLanguage\":\"fi\"},{\"@type\":\"Organization\",\"@id\":\"https:\\\/\\\/www.castrum.ee\\\/fi\\\/#organization\",\"name\":\"Castrum Grupp O\u00dc\",\"url\":\"https:\\\/\\\/www.castrum.ee\\\/fi\\\/\",\"logo\":{\"@type\":\"ImageObject\",\"inLanguage\":\"fi\",\"@id\":\"https:\\\/\\\/www.castrum.ee\\\/fi\\\/#\\\/schema\\\/logo\\\/image\\\/\",\"url\":\"https:\\\/\\\/www.castrum.ee\\\/wp-content\\\/uploads\\\/2025\\\/03\\\/Castrum-logo-500.png\",\"contentUrl\":\"https:\\\/\\\/www.castrum.ee\\\/wp-content\\\/uploads\\\/2025\\\/03\\\/Castrum-logo-500.png\",\"width\":500,\"height\":250,\"caption\":\"Castrum Grupp O\u00dc\"},\"image\":{\"@id\":\"https:\\\/\\\/www.castrum.ee\\\/fi\\\/#\\\/schema\\\/logo\\\/image\\\/\"},\"sameAs\":[\"https:\\\/\\\/www.facebook.com\\\/castrum.ee\"]}]}<\/script>\n<!-- \/ Yoast SEO plugin. -->","yoast_head_json":{"title":"RIVAL alumiinilava VW Amarok Double Cab [23+] | Lavakuvut, Lavaraudat ja lavakannet","description":"RIVAL alumiinilava VW Amarok Double Cab [23+] - Lavakuvut, Lavaraudat ja lavakannet . Autojen, maastureiden ja pakettiautojen lis\u00e4varusteet. Varaosat.","robots":{"index":"index","follow":"follow","max-snippet":"max-snippet:-1","max-image-preview":"max-image-preview:large","max-video-preview":"max-video-preview:-1"},"canonical":"https:\/\/www.castrum.ee\/fi\/toode\/rival-alumiinilava-vw-amarok-double-cab-23\/","og_locale":"fi_FI","og_type":"article","og_title":"RIVAL alumiinilava VW Amarok Double Cab [23+] | Lavakuvut, Lavaraudat ja lavakannet","og_description":"RIVAL alumiinilava VW Amarok Double Cab [23+] - Lavakuvut, Lavaraudat ja lavakannet . Autojen, maastureiden ja pakettiautojen lis\u00e4varusteet. Varaosat.","og_url":"https:\/\/www.castrum.ee\/fi\/toode\/rival-alumiinilava-vw-amarok-double-cab-23\/","og_site_name":"Castrum","article_publisher":"https:\/\/www.facebook.com\/castrum.ee","og_image":[{"width":1200,"height":848,"url":"https:\/\/www.castrum.ee\/wp-content\/uploads\/2025\/10\/EXRIVCAN1870B.jpg","type":"image\/jpeg"}],"twitter_card":"summary_large_image","twitter_misc":{"Arvioitu lukuaika":"1 minuutti"},"schema":{"@context":"https:\/\/schema.org","@graph":[{"@type":"WebPage","@id":"https:\/\/www.castrum.ee\/fi\/toode\/rival-alumiinilava-vw-amarok-double-cab-23\/","url":"https:\/\/www.castrum.ee\/fi\/toode\/rival-alumiinilava-vw-amarok-double-cab-23\/","name":"RIVAL alumiinilava VW Amarok Double Cab [23+] | Lavakuvut, Lavaraudat ja lavakannet","isPartOf":{"@id":"https:\/\/www.castrum.ee\/fi\/#website"},"primaryImageOfPage":{"@id":"https:\/\/www.castrum.ee\/fi\/toode\/rival-alumiinilava-vw-amarok-double-cab-23\/#primaryimage"},"image":{"@id":"https:\/\/www.castrum.ee\/fi\/toode\/rival-alumiinilava-vw-amarok-double-cab-23\/#primaryimage"},"thumbnailUrl":"https:\/\/www.castrum.ee\/wp-content\/uploads\/2025\/10\/EXRIVCAN1870B.jpg","datePublished":"2025-10-14T11:15:06+00:00","description":"RIVAL alumiinilava VW Amarok Double Cab [23+] - Lavakuvut, Lavaraudat ja lavakannet . Autojen, maastureiden ja pakettiautojen lis\u00e4varusteet. Varaosat.","breadcrumb":{"@id":"https:\/\/www.castrum.ee\/fi\/toode\/rival-alumiinilava-vw-amarok-double-cab-23\/#breadcrumb"},"inLanguage":"fi","potentialAction":[{"@type":"ReadAction","target":["https:\/\/www.castrum.ee\/fi\/toode\/rival-alumiinilava-vw-amarok-double-cab-23\/"]}]},{"@type":"ImageObject","inLanguage":"fi","@id":"https:\/\/www.castrum.ee\/fi\/toode\/rival-alumiinilava-vw-amarok-double-cab-23\/#primaryimage","url":"https:\/\/www.castrum.ee\/wp-content\/uploads\/2025\/10\/EXRIVCAN1870B.jpg","contentUrl":"https:\/\/www.castrum.ee\/wp-content\/uploads\/2025\/10\/EXRIVCAN1870B.jpg","width":1200,"height":848},{"@type":"BreadcrumbList","@id":"https:\/\/www.castrum.ee\/fi\/toode\/rival-alumiinilava-vw-amarok-double-cab-23\/#breadcrumb","itemListElement":[{"@type":"ListItem","position":1,"name":"Home","item":"https:\/\/www.castrum.ee\/fi\/kotisivu\/"},{"@type":"ListItem","position":2,"name":"Verkkokauppa","item":"https:\/\/www.castrum.ee\/fi\/kauppa\/"},{"@type":"ListItem","position":3,"name":"RIVAL alumiinilava VW Amarok Double Cab [23+]"}]},{"@type":"WebSite","@id":"https:\/\/www.castrum.ee\/fi\/#website","url":"https:\/\/www.castrum.ee\/fi\/","name":"Castrum","description":"Maasturite, s\u00f5iduautode ja v\u00e4ikebusside lisavarustus","publisher":{"@id":"https:\/\/www.castrum.ee\/fi\/#organization"},"potentialAction":[{"@type":"SearchAction","target":{"@type":"EntryPoint","urlTemplate":"https:\/\/www.castrum.ee\/fi\/?s={search_term_string}"},"query-input":{"@type":"PropertyValueSpecification","valueRequired":true,"valueName":"search_term_string"}}],"inLanguage":"fi"},{"@type":"Organization","@id":"https:\/\/www.castrum.ee\/fi\/#organization","name":"Castrum Grupp O\u00dc","url":"https:\/\/www.castrum.ee\/fi\/","logo":{"@type":"ImageObject","inLanguage":"fi","@id":"https:\/\/www.castrum.ee\/fi\/#\/schema\/logo\/image\/","url":"https:\/\/www.castrum.ee\/wp-content\/uploads\/2025\/03\/Castrum-logo-500.png","contentUrl":"https:\/\/www.castrum.ee\/wp-content\/uploads\/2025\/03\/Castrum-logo-500.png","width":500,"height":250,"caption":"Castrum Grupp O\u00dc"},"image":{"@id":"https:\/\/www.castrum.ee\/fi\/#\/schema\/logo\/image\/"},"sameAs":["https:\/\/www.facebook.com\/castrum.ee"]}]}},"_links":{"self":[{"href":"https:\/\/www.castrum.ee\/fi\/wp-json\/wp\/v2\/product\/76990","targetHints":{"allow":["GET"]}}],"collection":[{"href":"https:\/\/www.castrum.ee\/fi\/wp-json\/wp\/v2\/product"}],"about":[{"href":"https:\/\/www.castrum.ee\/fi\/wp-json\/wp\/v2\/types\/product"}],"wp:featuredmedia":[{"embeddable":true,"href":"https:\/\/www.castrum.ee\/fi\/wp-json\/wp\/v2\/media\/27537"}],"wp:attachment":[{"href":"https:\/\/www.castrum.ee\/fi\/wp-json\/wp\/v2\/media?parent=76990"}],"wp:term":[{"taxonomy":"mark-ja-mudel","embeddable":true,"href":"https:\/\/www.castrum.ee\/fi\/wp-json\/wp\/v2\/mark-ja-mudel?post=76990"},{"taxonomy":"product_brand","embeddable":true,"href":"https:\/\/www.castrum.ee\/fi\/wp-json\/wp\/v2\/product_brand?post=76990"},{"taxonomy":"product_cat","embeddable":true,"href":"https:\/\/www.castrum.ee\/fi\/wp-json\/wp\/v2\/product_cat?post=76990"},{"taxonomy":"product_tag","embeddable":true,"href":"https:\/\/www.castrum.ee\/fi\/wp-json\/wp\/v2\/product_tag?post=76990"}],"curies":[{"name":"wp","href":"https:\/\/api.w.org\/{rel}","templated":true}]}}