{"id":76999,"date":"2025-08-14T11:18:28","date_gmt":"2025-08-14T11:18:28","guid":{"rendered":"https:\/\/www.castrum.ee\/toode\/teleskooppisivupaneelit-tessera-tower-malliin-2-kpl\/"},"modified":"2025-11-12T13:16:17","modified_gmt":"2025-11-12T11:16:17","slug":"teleskooppisivupaneelit-tessera-tower-malliin-2-kpl","status":"publish","type":"product","link":"https:\/\/www.castrum.ee\/fi\/toode\/teleskooppisivupaneelit-tessera-tower-malliin-2-kpl\/","title":{"rendered":"Teleskooppisivupaneelit Tessera Tower+ -malliin (2 kpl)"},"content":{"rendered":"<p>Tyylikk\u00e4\u00e4t teleskooppiset sivupaneelit &#8211; parantavat Tessera Tower+ -j\u00e4rjestelm\u00e4n ulkon\u00e4k\u00f6\u00e4 ja toimivuutta.<br \/>\nKorkeuss\u00e4\u00e4dett\u00e4v\u00e4t paneelit tarjoavat enemm\u00e4n kiinnityspisteit\u00e4 ja turvareunan, jolloin lastin kiinnitt\u00e4minen on helpompaa ja turvallisempaa. Nykyaikainen mattamusta viimeistely on kest\u00e4v\u00e4, s\u00e4\u00e4nkest\u00e4v\u00e4 ja rakennettu kest\u00e4m\u00e4\u00e4n. Tessera Tower+ -j\u00e4rjestelm\u00e4n t\u00e4ydellinen istuvuus takaa, ett\u00e4 laatikko n\u00e4ytt\u00e4\u00e4 hyv\u00e4lt\u00e4 ja toimii tehokkaasti jokaisella matkalla &#8211; olipa kyse sitten ty\u00f6st\u00e4 tai seikkailusta.<\/p>\n","protected":false},"excerpt":{"rendered":"<p>Lis\u00e4toiminnallisuus Tessera Tower+ -ratkaisuun, joka sopii t\u00e4ydellisesti sek\u00e4 ulkon\u00e4\u00f6lt\u00e4\u00e4n ett\u00e4 tarkoitukseltaan.<\/p>\n","protected":false},"featured_media":9357,"template":"","meta":{"_acf_changed":false},"mark-ja-mudel":[],"product_brand":[],"product_cat":[1075],"product_tag":[1125],"class_list":{"0":"post-76999","1":"product","2":"type-product","3":"status-publish","4":"has-post-thumbnail","6":"product_cat-rullattavat-lavakannet-ja-tarvikkeet","7":"product_tag-toimitusaika-1-viikko","9":"first","10":"instock","11":"taxable","12":"shipping-taxable","13":"purchasable","14":"product-type-simple"},"bundled_by":["77003","77004","77005","77006","77007","77108","77109","77110","77111","77112"],"bundle_stock_status":"instock","bundle_stock_quantity":null,"bundle_virtual":false,"bundle_layout":"","bundle_add_to_cart_form_location":"","bundle_editable_in_cart":false,"bundle_sold_individually_context":"","bundle_item_grouping":"","bundle_min_size":"","bundle_max_size":"","bundle_price":[],"bundled_items":[],"bundle_sell_ids":[],"acf":[],"yoast_head":"<!-- This site is optimized with the Yoast SEO plugin v27.3 - https:\/\/yoast.com\/product\/yoast-seo-wordpress\/ -->\n<title>Teleskooppisivupaneelit Tessera Tower+ -malliin (2 kpl) | Rullattavat lavakannet ja tarvikkeet<\/title>\n<meta name=\"description\" content=\"Teleskooppisivupaneelit Tessera Tower+ -malliin (2 kpl) - Rullattavat lavakannet ja tarvikkeet . Autojen, maastureiden ja pakettiautojen lis\u00e4varusteet. Varaosat.\" \/>\n<meta name=\"robots\" content=\"index, follow, max-snippet:-1, max-image-preview:large, max-video-preview:-1\" \/>\n<link rel=\"canonical\" href=\"https:\/\/www.castrum.ee\/fi\/toode\/teleskooppisivupaneelit-tessera-tower-malliin-2-kpl\/\" \/>\n<meta property=\"og:locale\" content=\"fi_FI\" \/>\n<meta property=\"og:type\" content=\"article\" \/>\n<meta property=\"og:title\" content=\"Teleskooppisivupaneelit Tessera Tower+ -malliin (2 kpl) | Rullattavat lavakannet ja tarvikkeet\" \/>\n<meta property=\"og:description\" content=\"Teleskooppisivupaneelit Tessera Tower+ -malliin (2 kpl) - Rullattavat lavakannet ja tarvikkeet . Autojen, maastureiden ja pakettiautojen lis\u00e4varusteet. Varaosat.\" \/>\n<meta property=\"og:url\" content=\"https:\/\/www.castrum.ee\/fi\/toode\/teleskooppisivupaneelit-tessera-tower-malliin-2-kpl\/\" \/>\n<meta property=\"og:site_name\" content=\"Castrum\" \/>\n<meta property=\"article:publisher\" content=\"https:\/\/www.facebook.com\/castrum.ee\" \/>\n<meta property=\"article:modified_time\" content=\"2025-11-12T11:16:17+00:00\" \/>\n<meta property=\"og:image\" content=\"https:\/\/www.castrum.ee\/wp-content\/uploads\/2025\/08\/dd203185-f7af-44f5-88ef-d09beb2c168c.webp\" \/>\n\t<meta property=\"og:image:width\" content=\"860\" \/>\n\t<meta property=\"og:image:height\" content=\"650\" \/>\n\t<meta property=\"og:image:type\" content=\"image\/webp\" \/>\n<meta name=\"twitter:card\" content=\"summary_large_image\" \/>\n<script type=\"application\/ld+json\" class=\"yoast-schema-graph\">{\"@context\":\"https:\\\/\\\/schema.org\",\"@graph\":[{\"@type\":\"WebPage\",\"@id\":\"https:\\\/\\\/www.castrum.ee\\\/fi\\\/toode\\\/teleskooppisivupaneelit-tessera-tower-malliin-2-kpl\\\/\",\"url\":\"https:\\\/\\\/www.castrum.ee\\\/fi\\\/toode\\\/teleskooppisivupaneelit-tessera-tower-malliin-2-kpl\\\/\",\"name\":\"Teleskooppisivupaneelit Tessera Tower+ -malliin (2 kpl) | Rullattavat lavakannet ja tarvikkeet\",\"isPartOf\":{\"@id\":\"https:\\\/\\\/www.castrum.ee\\\/fi\\\/#website\"},\"primaryImageOfPage\":{\"@id\":\"https:\\\/\\\/www.castrum.ee\\\/fi\\\/toode\\\/teleskooppisivupaneelit-tessera-tower-malliin-2-kpl\\\/#primaryimage\"},\"image\":{\"@id\":\"https:\\\/\\\/www.castrum.ee\\\/fi\\\/toode\\\/teleskooppisivupaneelit-tessera-tower-malliin-2-kpl\\\/#primaryimage\"},\"thumbnailUrl\":\"https:\\\/\\\/www.castrum.ee\\\/wp-content\\\/uploads\\\/2025\\\/08\\\/dd203185-f7af-44f5-88ef-d09beb2c168c.webp\",\"datePublished\":\"2025-08-14T11:18:28+00:00\",\"dateModified\":\"2025-11-12T11:16:17+00:00\",\"description\":\"Teleskooppisivupaneelit Tessera Tower+ -malliin (2 kpl) - Rullattavat lavakannet ja tarvikkeet . Autojen, maastureiden ja pakettiautojen lis\u00e4varusteet. Varaosat.\",\"breadcrumb\":{\"@id\":\"https:\\\/\\\/www.castrum.ee\\\/fi\\\/toode\\\/teleskooppisivupaneelit-tessera-tower-malliin-2-kpl\\\/#breadcrumb\"},\"inLanguage\":\"fi\",\"potentialAction\":[{\"@type\":\"ReadAction\",\"target\":[\"https:\\\/\\\/www.castrum.ee\\\/fi\\\/toode\\\/teleskooppisivupaneelit-tessera-tower-malliin-2-kpl\\\/\"]}]},{\"@type\":\"ImageObject\",\"inLanguage\":\"fi\",\"@id\":\"https:\\\/\\\/www.castrum.ee\\\/fi\\\/toode\\\/teleskooppisivupaneelit-tessera-tower-malliin-2-kpl\\\/#primaryimage\",\"url\":\"https:\\\/\\\/www.castrum.ee\\\/wp-content\\\/uploads\\\/2025\\\/08\\\/dd203185-f7af-44f5-88ef-d09beb2c168c.webp\",\"contentUrl\":\"https:\\\/\\\/www.castrum.ee\\\/wp-content\\\/uploads\\\/2025\\\/08\\\/dd203185-f7af-44f5-88ef-d09beb2c168c.webp\",\"width\":860,\"height\":650},{\"@type\":\"BreadcrumbList\",\"@id\":\"https:\\\/\\\/www.castrum.ee\\\/fi\\\/toode\\\/teleskooppisivupaneelit-tessera-tower-malliin-2-kpl\\\/#breadcrumb\",\"itemListElement\":[{\"@type\":\"ListItem\",\"position\":1,\"name\":\"Home\",\"item\":\"https:\\\/\\\/www.castrum.ee\\\/fi\\\/kotisivu\\\/\"},{\"@type\":\"ListItem\",\"position\":2,\"name\":\"Verkkokauppa\",\"item\":\"https:\\\/\\\/www.castrum.ee\\\/fi\\\/kauppa\\\/\"},{\"@type\":\"ListItem\",\"position\":3,\"name\":\"Teleskooppisivupaneelit Tessera Tower+ -malliin (2 kpl)\"}]},{\"@type\":\"WebSite\",\"@id\":\"https:\\\/\\\/www.castrum.ee\\\/fi\\\/#website\",\"url\":\"https:\\\/\\\/www.castrum.ee\\\/fi\\\/\",\"name\":\"Castrum\",\"description\":\"Maasturite, s\u00f5iduautode ja v\u00e4ikebusside lisavarustus\",\"publisher\":{\"@id\":\"https:\\\/\\\/www.castrum.ee\\\/fi\\\/#organization\"},\"potentialAction\":[{\"@type\":\"SearchAction\",\"target\":{\"@type\":\"EntryPoint\",\"urlTemplate\":\"https:\\\/\\\/www.castrum.ee\\\/fi\\\/?s={search_term_string}\"},\"query-input\":{\"@type\":\"PropertyValueSpecification\",\"valueRequired\":true,\"valueName\":\"search_term_string\"}}],\"inLanguage\":\"fi\"},{\"@type\":\"Organization\",\"@id\":\"https:\\\/\\\/www.castrum.ee\\\/fi\\\/#organization\",\"name\":\"Castrum Grupp O\u00dc\",\"url\":\"https:\\\/\\\/www.castrum.ee\\\/fi\\\/\",\"logo\":{\"@type\":\"ImageObject\",\"inLanguage\":\"fi\",\"@id\":\"https:\\\/\\\/www.castrum.ee\\\/fi\\\/#\\\/schema\\\/logo\\\/image\\\/\",\"url\":\"https:\\\/\\\/www.castrum.ee\\\/wp-content\\\/uploads\\\/2025\\\/03\\\/Castrum-logo-500.png\",\"contentUrl\":\"https:\\\/\\\/www.castrum.ee\\\/wp-content\\\/uploads\\\/2025\\\/03\\\/Castrum-logo-500.png\",\"width\":500,\"height\":250,\"caption\":\"Castrum Grupp O\u00dc\"},\"image\":{\"@id\":\"https:\\\/\\\/www.castrum.ee\\\/fi\\\/#\\\/schema\\\/logo\\\/image\\\/\"},\"sameAs\":[\"https:\\\/\\\/www.facebook.com\\\/castrum.ee\"]}]}<\/script>\n<!-- \/ Yoast SEO plugin. -->","yoast_head_json":{"title":"Teleskooppisivupaneelit Tessera Tower+ -malliin (2 kpl) | Rullattavat lavakannet ja tarvikkeet","description":"Teleskooppisivupaneelit Tessera Tower+ -malliin (2 kpl) - Rullattavat lavakannet ja tarvikkeet . Autojen, maastureiden ja pakettiautojen lis\u00e4varusteet. Varaosat.","robots":{"index":"index","follow":"follow","max-snippet":"max-snippet:-1","max-image-preview":"max-image-preview:large","max-video-preview":"max-video-preview:-1"},"canonical":"https:\/\/www.castrum.ee\/fi\/toode\/teleskooppisivupaneelit-tessera-tower-malliin-2-kpl\/","og_locale":"fi_FI","og_type":"article","og_title":"Teleskooppisivupaneelit Tessera Tower+ -malliin (2 kpl) | Rullattavat lavakannet ja tarvikkeet","og_description":"Teleskooppisivupaneelit Tessera Tower+ -malliin (2 kpl) - Rullattavat lavakannet ja tarvikkeet . Autojen, maastureiden ja pakettiautojen lis\u00e4varusteet. Varaosat.","og_url":"https:\/\/www.castrum.ee\/fi\/toode\/teleskooppisivupaneelit-tessera-tower-malliin-2-kpl\/","og_site_name":"Castrum","article_publisher":"https:\/\/www.facebook.com\/castrum.ee","article_modified_time":"2025-11-12T11:16:17+00:00","og_image":[{"width":860,"height":650,"url":"https:\/\/www.castrum.ee\/wp-content\/uploads\/2025\/08\/dd203185-f7af-44f5-88ef-d09beb2c168c.webp","type":"image\/webp"}],"twitter_card":"summary_large_image","schema":{"@context":"https:\/\/schema.org","@graph":[{"@type":"WebPage","@id":"https:\/\/www.castrum.ee\/fi\/toode\/teleskooppisivupaneelit-tessera-tower-malliin-2-kpl\/","url":"https:\/\/www.castrum.ee\/fi\/toode\/teleskooppisivupaneelit-tessera-tower-malliin-2-kpl\/","name":"Teleskooppisivupaneelit Tessera Tower+ -malliin (2 kpl) | Rullattavat lavakannet ja tarvikkeet","isPartOf":{"@id":"https:\/\/www.castrum.ee\/fi\/#website"},"primaryImageOfPage":{"@id":"https:\/\/www.castrum.ee\/fi\/toode\/teleskooppisivupaneelit-tessera-tower-malliin-2-kpl\/#primaryimage"},"image":{"@id":"https:\/\/www.castrum.ee\/fi\/toode\/teleskooppisivupaneelit-tessera-tower-malliin-2-kpl\/#primaryimage"},"thumbnailUrl":"https:\/\/www.castrum.ee\/wp-content\/uploads\/2025\/08\/dd203185-f7af-44f5-88ef-d09beb2c168c.webp","datePublished":"2025-08-14T11:18:28+00:00","dateModified":"2025-11-12T11:16:17+00:00","description":"Teleskooppisivupaneelit Tessera Tower+ -malliin (2 kpl) - Rullattavat lavakannet ja tarvikkeet . Autojen, maastureiden ja pakettiautojen lis\u00e4varusteet. Varaosat.","breadcrumb":{"@id":"https:\/\/www.castrum.ee\/fi\/toode\/teleskooppisivupaneelit-tessera-tower-malliin-2-kpl\/#breadcrumb"},"inLanguage":"fi","potentialAction":[{"@type":"ReadAction","target":["https:\/\/www.castrum.ee\/fi\/toode\/teleskooppisivupaneelit-tessera-tower-malliin-2-kpl\/"]}]},{"@type":"ImageObject","inLanguage":"fi","@id":"https:\/\/www.castrum.ee\/fi\/toode\/teleskooppisivupaneelit-tessera-tower-malliin-2-kpl\/#primaryimage","url":"https:\/\/www.castrum.ee\/wp-content\/uploads\/2025\/08\/dd203185-f7af-44f5-88ef-d09beb2c168c.webp","contentUrl":"https:\/\/www.castrum.ee\/wp-content\/uploads\/2025\/08\/dd203185-f7af-44f5-88ef-d09beb2c168c.webp","width":860,"height":650},{"@type":"BreadcrumbList","@id":"https:\/\/www.castrum.ee\/fi\/toode\/teleskooppisivupaneelit-tessera-tower-malliin-2-kpl\/#breadcrumb","itemListElement":[{"@type":"ListItem","position":1,"name":"Home","item":"https:\/\/www.castrum.ee\/fi\/kotisivu\/"},{"@type":"ListItem","position":2,"name":"Verkkokauppa","item":"https:\/\/www.castrum.ee\/fi\/kauppa\/"},{"@type":"ListItem","position":3,"name":"Teleskooppisivupaneelit Tessera Tower+ -malliin (2 kpl)"}]},{"@type":"WebSite","@id":"https:\/\/www.castrum.ee\/fi\/#website","url":"https:\/\/www.castrum.ee\/fi\/","name":"Castrum","description":"Maasturite, s\u00f5iduautode ja v\u00e4ikebusside lisavarustus","publisher":{"@id":"https:\/\/www.castrum.ee\/fi\/#organization"},"potentialAction":[{"@type":"SearchAction","target":{"@type":"EntryPoint","urlTemplate":"https:\/\/www.castrum.ee\/fi\/?s={search_term_string}"},"query-input":{"@type":"PropertyValueSpecification","valueRequired":true,"valueName":"search_term_string"}}],"inLanguage":"fi"},{"@type":"Organization","@id":"https:\/\/www.castrum.ee\/fi\/#organization","name":"Castrum Grupp O\u00dc","url":"https:\/\/www.castrum.ee\/fi\/","logo":{"@type":"ImageObject","inLanguage":"fi","@id":"https:\/\/www.castrum.ee\/fi\/#\/schema\/logo\/image\/","url":"https:\/\/www.castrum.ee\/wp-content\/uploads\/2025\/03\/Castrum-logo-500.png","contentUrl":"https:\/\/www.castrum.ee\/wp-content\/uploads\/2025\/03\/Castrum-logo-500.png","width":500,"height":250,"caption":"Castrum Grupp O\u00dc"},"image":{"@id":"https:\/\/www.castrum.ee\/fi\/#\/schema\/logo\/image\/"},"sameAs":["https:\/\/www.facebook.com\/castrum.ee"]}]}},"_links":{"self":[{"href":"https:\/\/www.castrum.ee\/fi\/wp-json\/wp\/v2\/product\/76999","targetHints":{"allow":["GET"]}}],"collection":[{"href":"https:\/\/www.castrum.ee\/fi\/wp-json\/wp\/v2\/product"}],"about":[{"href":"https:\/\/www.castrum.ee\/fi\/wp-json\/wp\/v2\/types\/product"}],"wp:featuredmedia":[{"embeddable":true,"href":"https:\/\/www.castrum.ee\/fi\/wp-json\/wp\/v2\/media\/9357"}],"wp:attachment":[{"href":"https:\/\/www.castrum.ee\/fi\/wp-json\/wp\/v2\/media?parent=76999"}],"wp:term":[{"taxonomy":"mark-ja-mudel","embeddable":true,"href":"https:\/\/www.castrum.ee\/fi\/wp-json\/wp\/v2\/mark-ja-mudel?post=76999"},{"taxonomy":"product_brand","embeddable":true,"href":"https:\/\/www.castrum.ee\/fi\/wp-json\/wp\/v2\/product_brand?post=76999"},{"taxonomy":"product_cat","embeddable":true,"href":"https:\/\/www.castrum.ee\/fi\/wp-json\/wp\/v2\/product_cat?post=76999"},{"taxonomy":"product_tag","embeddable":true,"href":"https:\/\/www.castrum.ee\/fi\/wp-json\/wp\/v2\/product_tag?post=76999"}],"curies":[{"name":"wp","href":"https:\/\/api.w.org\/{rel}","templated":true}]}}