{"id":77000,"date":"2025-08-14T11:18:27","date_gmt":"2025-08-14T08:18:27","guid":{"rendered":"https:\/\/www.castrum.ee\/toode\/tessera-tower-teleskooppirunko-lavalle\/"},"modified":"2025-08-14T11:18:27","modified_gmt":"2025-08-14T08:18:27","slug":"tessera-tower-teleskooppirunko-lavalle","status":"publish","type":"product","link":"https:\/\/www.castrum.ee\/fi\/toode\/tessera-tower-teleskooppirunko-lavalle\/","title":{"rendered":"Tessera Tower+ teleskooppirunko lavalle"},"content":{"rendered":"<p>Tessera Tower+ \u2013 s\u00e4\u00e4dett\u00e4v\u00e4 lavakaide, joka yhdist\u00e4\u00e4 voiman, monipuolisuuden ja tyylin.<br \/>\nKevyt ja vahva: Erityisk\u00e4sitelty alumiini kest\u00e4\u00e4 kuormitusta, mutta ei lis\u00e4\u00e4 ajoneuvon painoa.<br \/>\nSuuri kantavuus: 75 kg ajossa, jopa 150 kg paikallaan \u2013 ihanteellinen sek\u00e4 ty\u00f6h\u00f6n ett\u00e4 seikkailuihin.<br \/>\nJoustava mukauttaminen: Poikkipalkkien korkeus s\u00e4\u00e4dett\u00e4viss\u00e4 jopa +15 cm, teleskooppiset sivukaiteet jatkettavissa +50 cm.<br \/>\nTy\u00f6kaluton asennus: T-uraj\u00e4rjestelm\u00e4 mahdollistaa lis\u00e4varusteiden nopean kiinnityksen.<br \/>\nT\u00e4ydellinen yhteensopivuus: Sopii kaikille lava-autoille, yhteensopiva Tessera Roll+, SE ja muiden j\u00e4rjestelmien kanssa.<br \/>\nTessera Tower+ nostaa lava-autosi mahdollisuudet uudelle tasolle \u2013 luotettava apuri ty\u00f6p\u00e4iville ja varma kumppani seikkailuihin.<\/p>\n","protected":false},"excerpt":{"rendered":"<p>Monipuolinen ja kest\u00e4v\u00e4 teleskooppirunkoinen j\u00e4rjestelm\u00e4 sek\u00e4 ty\u00f6ntekij\u00e4lle ett\u00e4 seikkailijalle \u2013 varusteiden sijoittamiseen lavalle juuri omien tarpeidesi mukaan.<\/p>\n","protected":false},"featured_media":9355,"template":"","meta":{"_acf_changed":false},"mark-ja-mudel":[],"product_brand":[],"product_cat":[1075],"product_tag":[1125],"class_list":{"0":"post-77000","1":"product","2":"type-product","3":"status-publish","4":"has-post-thumbnail","6":"product_cat-rullattavat-lavakannet-ja-tarvikkeet","7":"product_tag-toimitusaika-1-viikko","8":"product_shipping_class-tukku","10":"first","11":"instock","12":"taxable","13":"shipping-taxable","14":"purchasable","15":"product-type-simple"},"bundled_by":["77003","77004","77005","77006","77007","77108","77109","77110","77111","77112"],"bundle_stock_status":"instock","bundle_stock_quantity":null,"bundle_virtual":false,"bundle_layout":"","bundle_add_to_cart_form_location":"","bundle_editable_in_cart":false,"bundle_sold_individually_context":"","bundle_item_grouping":"","bundle_min_size":"","bundle_max_size":"","bundle_price":[],"bundled_items":[],"bundle_sell_ids":[],"acf":[],"yoast_head":"<!-- This site is optimized with the Yoast SEO plugin v27.3 - https:\/\/yoast.com\/product\/yoast-seo-wordpress\/ -->\n<title>Tessera Tower+ teleskooppirunko lavalle | Rullattavat lavakannet ja tarvikkeet<\/title>\n<meta name=\"description\" content=\"Tessera Tower+ teleskooppirunko lavalle - Rullattavat lavakannet ja tarvikkeet . Autojen, maastureiden ja pakettiautojen lis\u00e4varusteet. Varaosat.\" \/>\n<meta name=\"robots\" content=\"index, follow, max-snippet:-1, max-image-preview:large, max-video-preview:-1\" \/>\n<link rel=\"canonical\" href=\"https:\/\/www.castrum.ee\/fi\/toode\/tessera-tower-teleskooppirunko-lavalle\/\" \/>\n<meta property=\"og:locale\" content=\"fi_FI\" \/>\n<meta property=\"og:type\" content=\"article\" \/>\n<meta property=\"og:title\" content=\"Tessera Tower+ teleskooppirunko lavalle | Rullattavat lavakannet ja tarvikkeet\" \/>\n<meta property=\"og:description\" content=\"Tessera Tower+ teleskooppirunko lavalle - Rullattavat lavakannet ja tarvikkeet . Autojen, maastureiden ja pakettiautojen lis\u00e4varusteet. Varaosat.\" \/>\n<meta property=\"og:url\" content=\"https:\/\/www.castrum.ee\/fi\/toode\/tessera-tower-teleskooppirunko-lavalle\/\" \/>\n<meta property=\"og:site_name\" content=\"Castrum\" \/>\n<meta property=\"article:publisher\" content=\"https:\/\/www.facebook.com\/castrum.ee\" \/>\n<meta property=\"og:image\" content=\"https:\/\/www.castrum.ee\/wp-content\/uploads\/2025\/08\/4bdb4cdc-3d94-41f3-91a7-5d202af2480d.webp\" \/>\n\t<meta property=\"og:image:width\" content=\"860\" \/>\n\t<meta property=\"og:image:height\" content=\"650\" \/>\n\t<meta property=\"og:image:type\" content=\"image\/webp\" \/>\n<meta name=\"twitter:card\" content=\"summary_large_image\" \/>\n<script type=\"application\/ld+json\" class=\"yoast-schema-graph\">{\"@context\":\"https:\\\/\\\/schema.org\",\"@graph\":[{\"@type\":\"WebPage\",\"@id\":\"https:\\\/\\\/www.castrum.ee\\\/fi\\\/toode\\\/tessera-tower-teleskooppirunko-lavalle\\\/\",\"url\":\"https:\\\/\\\/www.castrum.ee\\\/fi\\\/toode\\\/tessera-tower-teleskooppirunko-lavalle\\\/\",\"name\":\"Tessera Tower+ teleskooppirunko lavalle | Rullattavat lavakannet ja tarvikkeet\",\"isPartOf\":{\"@id\":\"https:\\\/\\\/www.castrum.ee\\\/fi\\\/#website\"},\"primaryImageOfPage\":{\"@id\":\"https:\\\/\\\/www.castrum.ee\\\/fi\\\/toode\\\/tessera-tower-teleskooppirunko-lavalle\\\/#primaryimage\"},\"image\":{\"@id\":\"https:\\\/\\\/www.castrum.ee\\\/fi\\\/toode\\\/tessera-tower-teleskooppirunko-lavalle\\\/#primaryimage\"},\"thumbnailUrl\":\"https:\\\/\\\/www.castrum.ee\\\/wp-content\\\/uploads\\\/2025\\\/08\\\/4bdb4cdc-3d94-41f3-91a7-5d202af2480d.webp\",\"datePublished\":\"2025-08-14T08:18:27+00:00\",\"description\":\"Tessera Tower+ teleskooppirunko lavalle - Rullattavat lavakannet ja tarvikkeet . Autojen, maastureiden ja pakettiautojen lis\u00e4varusteet. Varaosat.\",\"breadcrumb\":{\"@id\":\"https:\\\/\\\/www.castrum.ee\\\/fi\\\/toode\\\/tessera-tower-teleskooppirunko-lavalle\\\/#breadcrumb\"},\"inLanguage\":\"fi\",\"potentialAction\":[{\"@type\":\"ReadAction\",\"target\":[\"https:\\\/\\\/www.castrum.ee\\\/fi\\\/toode\\\/tessera-tower-teleskooppirunko-lavalle\\\/\"]}]},{\"@type\":\"ImageObject\",\"inLanguage\":\"fi\",\"@id\":\"https:\\\/\\\/www.castrum.ee\\\/fi\\\/toode\\\/tessera-tower-teleskooppirunko-lavalle\\\/#primaryimage\",\"url\":\"https:\\\/\\\/www.castrum.ee\\\/wp-content\\\/uploads\\\/2025\\\/08\\\/4bdb4cdc-3d94-41f3-91a7-5d202af2480d.webp\",\"contentUrl\":\"https:\\\/\\\/www.castrum.ee\\\/wp-content\\\/uploads\\\/2025\\\/08\\\/4bdb4cdc-3d94-41f3-91a7-5d202af2480d.webp\",\"width\":860,\"height\":650},{\"@type\":\"BreadcrumbList\",\"@id\":\"https:\\\/\\\/www.castrum.ee\\\/fi\\\/toode\\\/tessera-tower-teleskooppirunko-lavalle\\\/#breadcrumb\",\"itemListElement\":[{\"@type\":\"ListItem\",\"position\":1,\"name\":\"Home\",\"item\":\"https:\\\/\\\/www.castrum.ee\\\/fi\\\/kotisivu\\\/\"},{\"@type\":\"ListItem\",\"position\":2,\"name\":\"Verkkokauppa\",\"item\":\"https:\\\/\\\/www.castrum.ee\\\/fi\\\/kauppa\\\/\"},{\"@type\":\"ListItem\",\"position\":3,\"name\":\"Tessera Tower+ teleskooppirunko lavalle\"}]},{\"@type\":\"WebSite\",\"@id\":\"https:\\\/\\\/www.castrum.ee\\\/fi\\\/#website\",\"url\":\"https:\\\/\\\/www.castrum.ee\\\/fi\\\/\",\"name\":\"Castrum\",\"description\":\"Maasturite, s\u00f5iduautode ja v\u00e4ikebusside lisavarustus\",\"publisher\":{\"@id\":\"https:\\\/\\\/www.castrum.ee\\\/fi\\\/#organization\"},\"potentialAction\":[{\"@type\":\"SearchAction\",\"target\":{\"@type\":\"EntryPoint\",\"urlTemplate\":\"https:\\\/\\\/www.castrum.ee\\\/fi\\\/?s={search_term_string}\"},\"query-input\":{\"@type\":\"PropertyValueSpecification\",\"valueRequired\":true,\"valueName\":\"search_term_string\"}}],\"inLanguage\":\"fi\"},{\"@type\":\"Organization\",\"@id\":\"https:\\\/\\\/www.castrum.ee\\\/fi\\\/#organization\",\"name\":\"Castrum Grupp O\u00dc\",\"url\":\"https:\\\/\\\/www.castrum.ee\\\/fi\\\/\",\"logo\":{\"@type\":\"ImageObject\",\"inLanguage\":\"fi\",\"@id\":\"https:\\\/\\\/www.castrum.ee\\\/fi\\\/#\\\/schema\\\/logo\\\/image\\\/\",\"url\":\"https:\\\/\\\/www.castrum.ee\\\/wp-content\\\/uploads\\\/2025\\\/03\\\/Castrum-logo-500.png\",\"contentUrl\":\"https:\\\/\\\/www.castrum.ee\\\/wp-content\\\/uploads\\\/2025\\\/03\\\/Castrum-logo-500.png\",\"width\":500,\"height\":250,\"caption\":\"Castrum Grupp O\u00dc\"},\"image\":{\"@id\":\"https:\\\/\\\/www.castrum.ee\\\/fi\\\/#\\\/schema\\\/logo\\\/image\\\/\"},\"sameAs\":[\"https:\\\/\\\/www.facebook.com\\\/castrum.ee\"]}]}<\/script>\n<!-- \/ Yoast SEO plugin. -->","yoast_head_json":{"title":"Tessera Tower+ teleskooppirunko lavalle | Rullattavat lavakannet ja tarvikkeet","description":"Tessera Tower+ teleskooppirunko lavalle - Rullattavat lavakannet ja tarvikkeet . Autojen, maastureiden ja pakettiautojen lis\u00e4varusteet. Varaosat.","robots":{"index":"index","follow":"follow","max-snippet":"max-snippet:-1","max-image-preview":"max-image-preview:large","max-video-preview":"max-video-preview:-1"},"canonical":"https:\/\/www.castrum.ee\/fi\/toode\/tessera-tower-teleskooppirunko-lavalle\/","og_locale":"fi_FI","og_type":"article","og_title":"Tessera Tower+ teleskooppirunko lavalle | Rullattavat lavakannet ja tarvikkeet","og_description":"Tessera Tower+ teleskooppirunko lavalle - Rullattavat lavakannet ja tarvikkeet . Autojen, maastureiden ja pakettiautojen lis\u00e4varusteet. Varaosat.","og_url":"https:\/\/www.castrum.ee\/fi\/toode\/tessera-tower-teleskooppirunko-lavalle\/","og_site_name":"Castrum","article_publisher":"https:\/\/www.facebook.com\/castrum.ee","og_image":[{"width":860,"height":650,"url":"https:\/\/www.castrum.ee\/wp-content\/uploads\/2025\/08\/4bdb4cdc-3d94-41f3-91a7-5d202af2480d.webp","type":"image\/webp"}],"twitter_card":"summary_large_image","schema":{"@context":"https:\/\/schema.org","@graph":[{"@type":"WebPage","@id":"https:\/\/www.castrum.ee\/fi\/toode\/tessera-tower-teleskooppirunko-lavalle\/","url":"https:\/\/www.castrum.ee\/fi\/toode\/tessera-tower-teleskooppirunko-lavalle\/","name":"Tessera Tower+ teleskooppirunko lavalle | Rullattavat lavakannet ja tarvikkeet","isPartOf":{"@id":"https:\/\/www.castrum.ee\/fi\/#website"},"primaryImageOfPage":{"@id":"https:\/\/www.castrum.ee\/fi\/toode\/tessera-tower-teleskooppirunko-lavalle\/#primaryimage"},"image":{"@id":"https:\/\/www.castrum.ee\/fi\/toode\/tessera-tower-teleskooppirunko-lavalle\/#primaryimage"},"thumbnailUrl":"https:\/\/www.castrum.ee\/wp-content\/uploads\/2025\/08\/4bdb4cdc-3d94-41f3-91a7-5d202af2480d.webp","datePublished":"2025-08-14T08:18:27+00:00","description":"Tessera Tower+ teleskooppirunko lavalle - Rullattavat lavakannet ja tarvikkeet . Autojen, maastureiden ja pakettiautojen lis\u00e4varusteet. Varaosat.","breadcrumb":{"@id":"https:\/\/www.castrum.ee\/fi\/toode\/tessera-tower-teleskooppirunko-lavalle\/#breadcrumb"},"inLanguage":"fi","potentialAction":[{"@type":"ReadAction","target":["https:\/\/www.castrum.ee\/fi\/toode\/tessera-tower-teleskooppirunko-lavalle\/"]}]},{"@type":"ImageObject","inLanguage":"fi","@id":"https:\/\/www.castrum.ee\/fi\/toode\/tessera-tower-teleskooppirunko-lavalle\/#primaryimage","url":"https:\/\/www.castrum.ee\/wp-content\/uploads\/2025\/08\/4bdb4cdc-3d94-41f3-91a7-5d202af2480d.webp","contentUrl":"https:\/\/www.castrum.ee\/wp-content\/uploads\/2025\/08\/4bdb4cdc-3d94-41f3-91a7-5d202af2480d.webp","width":860,"height":650},{"@type":"BreadcrumbList","@id":"https:\/\/www.castrum.ee\/fi\/toode\/tessera-tower-teleskooppirunko-lavalle\/#breadcrumb","itemListElement":[{"@type":"ListItem","position":1,"name":"Home","item":"https:\/\/www.castrum.ee\/fi\/kotisivu\/"},{"@type":"ListItem","position":2,"name":"Verkkokauppa","item":"https:\/\/www.castrum.ee\/fi\/kauppa\/"},{"@type":"ListItem","position":3,"name":"Tessera Tower+ teleskooppirunko lavalle"}]},{"@type":"WebSite","@id":"https:\/\/www.castrum.ee\/fi\/#website","url":"https:\/\/www.castrum.ee\/fi\/","name":"Castrum","description":"Maasturite, s\u00f5iduautode ja v\u00e4ikebusside lisavarustus","publisher":{"@id":"https:\/\/www.castrum.ee\/fi\/#organization"},"potentialAction":[{"@type":"SearchAction","target":{"@type":"EntryPoint","urlTemplate":"https:\/\/www.castrum.ee\/fi\/?s={search_term_string}"},"query-input":{"@type":"PropertyValueSpecification","valueRequired":true,"valueName":"search_term_string"}}],"inLanguage":"fi"},{"@type":"Organization","@id":"https:\/\/www.castrum.ee\/fi\/#organization","name":"Castrum Grupp O\u00dc","url":"https:\/\/www.castrum.ee\/fi\/","logo":{"@type":"ImageObject","inLanguage":"fi","@id":"https:\/\/www.castrum.ee\/fi\/#\/schema\/logo\/image\/","url":"https:\/\/www.castrum.ee\/wp-content\/uploads\/2025\/03\/Castrum-logo-500.png","contentUrl":"https:\/\/www.castrum.ee\/wp-content\/uploads\/2025\/03\/Castrum-logo-500.png","width":500,"height":250,"caption":"Castrum Grupp O\u00dc"},"image":{"@id":"https:\/\/www.castrum.ee\/fi\/#\/schema\/logo\/image\/"},"sameAs":["https:\/\/www.facebook.com\/castrum.ee"]}]}},"_links":{"self":[{"href":"https:\/\/www.castrum.ee\/fi\/wp-json\/wp\/v2\/product\/77000","targetHints":{"allow":["GET"]}}],"collection":[{"href":"https:\/\/www.castrum.ee\/fi\/wp-json\/wp\/v2\/product"}],"about":[{"href":"https:\/\/www.castrum.ee\/fi\/wp-json\/wp\/v2\/types\/product"}],"wp:featuredmedia":[{"embeddable":true,"href":"https:\/\/www.castrum.ee\/fi\/wp-json\/wp\/v2\/media\/9355"}],"wp:attachment":[{"href":"https:\/\/www.castrum.ee\/fi\/wp-json\/wp\/v2\/media?parent=77000"}],"wp:term":[{"taxonomy":"mark-ja-mudel","embeddable":true,"href":"https:\/\/www.castrum.ee\/fi\/wp-json\/wp\/v2\/mark-ja-mudel?post=77000"},{"taxonomy":"product_brand","embeddable":true,"href":"https:\/\/www.castrum.ee\/fi\/wp-json\/wp\/v2\/product_brand?post=77000"},{"taxonomy":"product_cat","embeddable":true,"href":"https:\/\/www.castrum.ee\/fi\/wp-json\/wp\/v2\/product_cat?post=77000"},{"taxonomy":"product_tag","embeddable":true,"href":"https:\/\/www.castrum.ee\/fi\/wp-json\/wp\/v2\/product_tag?post=77000"}],"curies":[{"name":"wp","href":"https:\/\/api.w.org\/{rel}","templated":true}]}}