{"id":77001,"date":"2025-08-14T11:18:26","date_gmt":"2025-08-14T11:18:26","guid":{"rendered":"https:\/\/www.castrum.ee\/toode\/tessera-divider-lavan-sisajarjestelma\/"},"modified":"2025-11-12T13:16:31","modified_gmt":"2025-11-12T11:16:31","slug":"tessera-divider-lavan-sisajarjestelma","status":"publish","type":"product","link":"https:\/\/www.castrum.ee\/fi\/toode\/tessera-divider-lavan-sisajarjestelma\/","title":{"rendered":"Tessera Divider+ lavan sis\u00e4j\u00e4rjestelm\u00e4"},"content":{"rendered":"<p>Tessera Divider+ \u2013 2-in-1 modulaarinen lavaj\u00e4rjestelij\u00e4, joka tuo j\u00e4rjestyksen ja mukavuuden lava-autoosi.<\/p>\n<p>Monipuolinen ja mukautettava: Kaksi vahvaa alumiinipaneelia lukittuvat yhteen tai s\u00e4ilyv\u00e4t sivuilla, j\u00e4tt\u00e4en pohja-alueen vapaaksi.<\/p>\n<p>Innovatiivinen liukumekanismi: Siirr\u00e4 jakajaa edestakaisin ja lukitse se turvallisesti \u2013 kuorma pysyy paikallaan.<\/p>\n<p>Ty\u00f6kaluton asennus: Nopea ja helppo kiinnitys, yhteensopiva sek\u00e4 C-kanavien kanssa ett\u00e4 ilman (EXTRA-lis\u00e4paketilla).<\/p>\n<p>Molle-paneelitoiminto: S\u00e4ilyt\u00e4 t\u00e4rke\u00e4t ty\u00f6kalut tai kevyet varusteet suoraan lavan sein\u00e4ll\u00e4.<\/p>\n<p>T\u00e4ysi yhteensopivuus Tessera-tuotevalikoiman kanssa: Roll+, SE Series, Bar+, Tower+.<\/p>\n<p>Tessera Divider+ tekee lavatilasta helppok\u00e4ytt\u00f6isen \u2013 enemm\u00e4n tilaa, parempi j\u00e4rjestys ja turvallisempi kuljetus jokaisella matkalla.<\/p>\n","protected":false},"excerpt":{"rendered":"<p>Mukava ja ammattimainen ratkaisu lavan sis\u00e4ll\u00f6n j\u00e4rjest\u00e4miseen \u2013 pid\u00e4 jokainen tavara omalla paikallaan.<\/p>\n","protected":false},"featured_media":9353,"template":"","meta":{"_acf_changed":false},"mark-ja-mudel":[],"product_brand":[],"product_cat":[1075],"product_tag":[1125],"class_list":{"0":"post-77001","1":"product","2":"type-product","3":"status-publish","4":"has-post-thumbnail","6":"product_cat-rullattavat-lavakannet-ja-tarvikkeet","7":"product_tag-toimitusaika-1-viikko","8":"product_shipping_class-tukku","10":"first","11":"instock","12":"taxable","13":"shipping-taxable","14":"purchasable","15":"product-type-simple"},"bundled_by":["77003","77004","77005","77006","77007","77108","77109","77110","77111","77112"],"bundle_stock_status":"instock","bundle_stock_quantity":null,"bundle_virtual":false,"bundle_layout":"","bundle_add_to_cart_form_location":"","bundle_editable_in_cart":false,"bundle_sold_individually_context":"","bundle_item_grouping":"","bundle_min_size":"","bundle_max_size":"","bundle_price":[],"bundled_items":[],"bundle_sell_ids":[],"acf":[],"yoast_head":"<!-- This site is optimized with the Yoast SEO plugin v27.3 - https:\/\/yoast.com\/product\/yoast-seo-wordpress\/ -->\n<title>Tessera Divider+ lavan sis\u00e4j\u00e4rjestelm\u00e4 | Rullattavat lavakannet ja tarvikkeet<\/title>\n<meta name=\"description\" content=\"Tessera Divider+ lavan sis\u00e4j\u00e4rjestelm\u00e4 - Rullattavat lavakannet ja tarvikkeet . Autojen, maastureiden ja pakettiautojen lis\u00e4varusteet. Varaosat.\" \/>\n<meta name=\"robots\" content=\"index, follow, max-snippet:-1, max-image-preview:large, max-video-preview:-1\" \/>\n<link rel=\"canonical\" href=\"https:\/\/www.castrum.ee\/fi\/toode\/tessera-divider-lavan-sisajarjestelma\/\" \/>\n<meta property=\"og:locale\" content=\"fi_FI\" \/>\n<meta property=\"og:type\" content=\"article\" \/>\n<meta property=\"og:title\" content=\"Tessera Divider+ lavan sis\u00e4j\u00e4rjestelm\u00e4 | Rullattavat lavakannet ja tarvikkeet\" \/>\n<meta property=\"og:description\" content=\"Tessera Divider+ lavan sis\u00e4j\u00e4rjestelm\u00e4 - Rullattavat lavakannet ja tarvikkeet . Autojen, maastureiden ja pakettiautojen lis\u00e4varusteet. Varaosat.\" \/>\n<meta property=\"og:url\" content=\"https:\/\/www.castrum.ee\/fi\/toode\/tessera-divider-lavan-sisajarjestelma\/\" \/>\n<meta property=\"og:site_name\" content=\"Castrum\" \/>\n<meta property=\"article:publisher\" content=\"https:\/\/www.facebook.com\/castrum.ee\" \/>\n<meta property=\"article:modified_time\" content=\"2025-11-12T11:16:31+00:00\" \/>\n<meta property=\"og:image\" content=\"https:\/\/www.castrum.ee\/wp-content\/uploads\/2025\/08\/b220ba60-11f8-4db1-9dda-3137ee9d08e1.webp\" \/>\n\t<meta property=\"og:image:width\" content=\"1720\" \/>\n\t<meta property=\"og:image:height\" content=\"1300\" \/>\n\t<meta property=\"og:image:type\" content=\"image\/webp\" \/>\n<meta name=\"twitter:card\" content=\"summary_large_image\" \/>\n<meta name=\"twitter:label1\" content=\"Arvioitu lukuaika\" \/>\n\t<meta name=\"twitter:data1\" content=\"1 minuutti\" \/>\n<script type=\"application\/ld+json\" class=\"yoast-schema-graph\">{\"@context\":\"https:\\\/\\\/schema.org\",\"@graph\":[{\"@type\":\"WebPage\",\"@id\":\"https:\\\/\\\/www.castrum.ee\\\/fi\\\/toode\\\/tessera-divider-lavan-sisajarjestelma\\\/\",\"url\":\"https:\\\/\\\/www.castrum.ee\\\/fi\\\/toode\\\/tessera-divider-lavan-sisajarjestelma\\\/\",\"name\":\"Tessera Divider+ lavan sis\u00e4j\u00e4rjestelm\u00e4 | Rullattavat lavakannet ja tarvikkeet\",\"isPartOf\":{\"@id\":\"https:\\\/\\\/www.castrum.ee\\\/fi\\\/#website\"},\"primaryImageOfPage\":{\"@id\":\"https:\\\/\\\/www.castrum.ee\\\/fi\\\/toode\\\/tessera-divider-lavan-sisajarjestelma\\\/#primaryimage\"},\"image\":{\"@id\":\"https:\\\/\\\/www.castrum.ee\\\/fi\\\/toode\\\/tessera-divider-lavan-sisajarjestelma\\\/#primaryimage\"},\"thumbnailUrl\":\"https:\\\/\\\/www.castrum.ee\\\/wp-content\\\/uploads\\\/2025\\\/08\\\/b220ba60-11f8-4db1-9dda-3137ee9d08e1.webp\",\"datePublished\":\"2025-08-14T11:18:26+00:00\",\"dateModified\":\"2025-11-12T11:16:31+00:00\",\"description\":\"Tessera Divider+ lavan sis\u00e4j\u00e4rjestelm\u00e4 - Rullattavat lavakannet ja tarvikkeet . Autojen, maastureiden ja pakettiautojen lis\u00e4varusteet. Varaosat.\",\"breadcrumb\":{\"@id\":\"https:\\\/\\\/www.castrum.ee\\\/fi\\\/toode\\\/tessera-divider-lavan-sisajarjestelma\\\/#breadcrumb\"},\"inLanguage\":\"fi\",\"potentialAction\":[{\"@type\":\"ReadAction\",\"target\":[\"https:\\\/\\\/www.castrum.ee\\\/fi\\\/toode\\\/tessera-divider-lavan-sisajarjestelma\\\/\"]}]},{\"@type\":\"ImageObject\",\"inLanguage\":\"fi\",\"@id\":\"https:\\\/\\\/www.castrum.ee\\\/fi\\\/toode\\\/tessera-divider-lavan-sisajarjestelma\\\/#primaryimage\",\"url\":\"https:\\\/\\\/www.castrum.ee\\\/wp-content\\\/uploads\\\/2025\\\/08\\\/b220ba60-11f8-4db1-9dda-3137ee9d08e1.webp\",\"contentUrl\":\"https:\\\/\\\/www.castrum.ee\\\/wp-content\\\/uploads\\\/2025\\\/08\\\/b220ba60-11f8-4db1-9dda-3137ee9d08e1.webp\",\"width\":1720,\"height\":1300},{\"@type\":\"BreadcrumbList\",\"@id\":\"https:\\\/\\\/www.castrum.ee\\\/fi\\\/toode\\\/tessera-divider-lavan-sisajarjestelma\\\/#breadcrumb\",\"itemListElement\":[{\"@type\":\"ListItem\",\"position\":1,\"name\":\"Home\",\"item\":\"https:\\\/\\\/www.castrum.ee\\\/fi\\\/kotisivu\\\/\"},{\"@type\":\"ListItem\",\"position\":2,\"name\":\"Verkkokauppa\",\"item\":\"https:\\\/\\\/www.castrum.ee\\\/fi\\\/kauppa\\\/\"},{\"@type\":\"ListItem\",\"position\":3,\"name\":\"Tessera Divider+ lavan sis\u00e4j\u00e4rjestelm\u00e4\"}]},{\"@type\":\"WebSite\",\"@id\":\"https:\\\/\\\/www.castrum.ee\\\/fi\\\/#website\",\"url\":\"https:\\\/\\\/www.castrum.ee\\\/fi\\\/\",\"name\":\"Castrum\",\"description\":\"Maasturite, s\u00f5iduautode ja v\u00e4ikebusside lisavarustus\",\"publisher\":{\"@id\":\"https:\\\/\\\/www.castrum.ee\\\/fi\\\/#organization\"},\"potentialAction\":[{\"@type\":\"SearchAction\",\"target\":{\"@type\":\"EntryPoint\",\"urlTemplate\":\"https:\\\/\\\/www.castrum.ee\\\/fi\\\/?s={search_term_string}\"},\"query-input\":{\"@type\":\"PropertyValueSpecification\",\"valueRequired\":true,\"valueName\":\"search_term_string\"}}],\"inLanguage\":\"fi\"},{\"@type\":\"Organization\",\"@id\":\"https:\\\/\\\/www.castrum.ee\\\/fi\\\/#organization\",\"name\":\"Castrum Grupp O\u00dc\",\"url\":\"https:\\\/\\\/www.castrum.ee\\\/fi\\\/\",\"logo\":{\"@type\":\"ImageObject\",\"inLanguage\":\"fi\",\"@id\":\"https:\\\/\\\/www.castrum.ee\\\/fi\\\/#\\\/schema\\\/logo\\\/image\\\/\",\"url\":\"https:\\\/\\\/www.castrum.ee\\\/wp-content\\\/uploads\\\/2025\\\/03\\\/Castrum-logo-500.png\",\"contentUrl\":\"https:\\\/\\\/www.castrum.ee\\\/wp-content\\\/uploads\\\/2025\\\/03\\\/Castrum-logo-500.png\",\"width\":500,\"height\":250,\"caption\":\"Castrum Grupp O\u00dc\"},\"image\":{\"@id\":\"https:\\\/\\\/www.castrum.ee\\\/fi\\\/#\\\/schema\\\/logo\\\/image\\\/\"},\"sameAs\":[\"https:\\\/\\\/www.facebook.com\\\/castrum.ee\"]}]}<\/script>\n<!-- \/ Yoast SEO plugin. -->","yoast_head_json":{"title":"Tessera Divider+ lavan sis\u00e4j\u00e4rjestelm\u00e4 | Rullattavat lavakannet ja tarvikkeet","description":"Tessera Divider+ lavan sis\u00e4j\u00e4rjestelm\u00e4 - Rullattavat lavakannet ja tarvikkeet . Autojen, maastureiden ja pakettiautojen lis\u00e4varusteet. Varaosat.","robots":{"index":"index","follow":"follow","max-snippet":"max-snippet:-1","max-image-preview":"max-image-preview:large","max-video-preview":"max-video-preview:-1"},"canonical":"https:\/\/www.castrum.ee\/fi\/toode\/tessera-divider-lavan-sisajarjestelma\/","og_locale":"fi_FI","og_type":"article","og_title":"Tessera Divider+ lavan sis\u00e4j\u00e4rjestelm\u00e4 | Rullattavat lavakannet ja tarvikkeet","og_description":"Tessera Divider+ lavan sis\u00e4j\u00e4rjestelm\u00e4 - Rullattavat lavakannet ja tarvikkeet . Autojen, maastureiden ja pakettiautojen lis\u00e4varusteet. Varaosat.","og_url":"https:\/\/www.castrum.ee\/fi\/toode\/tessera-divider-lavan-sisajarjestelma\/","og_site_name":"Castrum","article_publisher":"https:\/\/www.facebook.com\/castrum.ee","article_modified_time":"2025-11-12T11:16:31+00:00","og_image":[{"width":1720,"height":1300,"url":"https:\/\/www.castrum.ee\/wp-content\/uploads\/2025\/08\/b220ba60-11f8-4db1-9dda-3137ee9d08e1.webp","type":"image\/webp"}],"twitter_card":"summary_large_image","twitter_misc":{"Arvioitu lukuaika":"1 minuutti"},"schema":{"@context":"https:\/\/schema.org","@graph":[{"@type":"WebPage","@id":"https:\/\/www.castrum.ee\/fi\/toode\/tessera-divider-lavan-sisajarjestelma\/","url":"https:\/\/www.castrum.ee\/fi\/toode\/tessera-divider-lavan-sisajarjestelma\/","name":"Tessera Divider+ lavan sis\u00e4j\u00e4rjestelm\u00e4 | Rullattavat lavakannet ja tarvikkeet","isPartOf":{"@id":"https:\/\/www.castrum.ee\/fi\/#website"},"primaryImageOfPage":{"@id":"https:\/\/www.castrum.ee\/fi\/toode\/tessera-divider-lavan-sisajarjestelma\/#primaryimage"},"image":{"@id":"https:\/\/www.castrum.ee\/fi\/toode\/tessera-divider-lavan-sisajarjestelma\/#primaryimage"},"thumbnailUrl":"https:\/\/www.castrum.ee\/wp-content\/uploads\/2025\/08\/b220ba60-11f8-4db1-9dda-3137ee9d08e1.webp","datePublished":"2025-08-14T11:18:26+00:00","dateModified":"2025-11-12T11:16:31+00:00","description":"Tessera Divider+ lavan sis\u00e4j\u00e4rjestelm\u00e4 - Rullattavat lavakannet ja tarvikkeet . Autojen, maastureiden ja pakettiautojen lis\u00e4varusteet. Varaosat.","breadcrumb":{"@id":"https:\/\/www.castrum.ee\/fi\/toode\/tessera-divider-lavan-sisajarjestelma\/#breadcrumb"},"inLanguage":"fi","potentialAction":[{"@type":"ReadAction","target":["https:\/\/www.castrum.ee\/fi\/toode\/tessera-divider-lavan-sisajarjestelma\/"]}]},{"@type":"ImageObject","inLanguage":"fi","@id":"https:\/\/www.castrum.ee\/fi\/toode\/tessera-divider-lavan-sisajarjestelma\/#primaryimage","url":"https:\/\/www.castrum.ee\/wp-content\/uploads\/2025\/08\/b220ba60-11f8-4db1-9dda-3137ee9d08e1.webp","contentUrl":"https:\/\/www.castrum.ee\/wp-content\/uploads\/2025\/08\/b220ba60-11f8-4db1-9dda-3137ee9d08e1.webp","width":1720,"height":1300},{"@type":"BreadcrumbList","@id":"https:\/\/www.castrum.ee\/fi\/toode\/tessera-divider-lavan-sisajarjestelma\/#breadcrumb","itemListElement":[{"@type":"ListItem","position":1,"name":"Home","item":"https:\/\/www.castrum.ee\/fi\/kotisivu\/"},{"@type":"ListItem","position":2,"name":"Verkkokauppa","item":"https:\/\/www.castrum.ee\/fi\/kauppa\/"},{"@type":"ListItem","position":3,"name":"Tessera Divider+ lavan sis\u00e4j\u00e4rjestelm\u00e4"}]},{"@type":"WebSite","@id":"https:\/\/www.castrum.ee\/fi\/#website","url":"https:\/\/www.castrum.ee\/fi\/","name":"Castrum","description":"Maasturite, s\u00f5iduautode ja v\u00e4ikebusside lisavarustus","publisher":{"@id":"https:\/\/www.castrum.ee\/fi\/#organization"},"potentialAction":[{"@type":"SearchAction","target":{"@type":"EntryPoint","urlTemplate":"https:\/\/www.castrum.ee\/fi\/?s={search_term_string}"},"query-input":{"@type":"PropertyValueSpecification","valueRequired":true,"valueName":"search_term_string"}}],"inLanguage":"fi"},{"@type":"Organization","@id":"https:\/\/www.castrum.ee\/fi\/#organization","name":"Castrum Grupp O\u00dc","url":"https:\/\/www.castrum.ee\/fi\/","logo":{"@type":"ImageObject","inLanguage":"fi","@id":"https:\/\/www.castrum.ee\/fi\/#\/schema\/logo\/image\/","url":"https:\/\/www.castrum.ee\/wp-content\/uploads\/2025\/03\/Castrum-logo-500.png","contentUrl":"https:\/\/www.castrum.ee\/wp-content\/uploads\/2025\/03\/Castrum-logo-500.png","width":500,"height":250,"caption":"Castrum Grupp O\u00dc"},"image":{"@id":"https:\/\/www.castrum.ee\/fi\/#\/schema\/logo\/image\/"},"sameAs":["https:\/\/www.facebook.com\/castrum.ee"]}]}},"_links":{"self":[{"href":"https:\/\/www.castrum.ee\/fi\/wp-json\/wp\/v2\/product\/77001","targetHints":{"allow":["GET"]}}],"collection":[{"href":"https:\/\/www.castrum.ee\/fi\/wp-json\/wp\/v2\/product"}],"about":[{"href":"https:\/\/www.castrum.ee\/fi\/wp-json\/wp\/v2\/types\/product"}],"wp:featuredmedia":[{"embeddable":true,"href":"https:\/\/www.castrum.ee\/fi\/wp-json\/wp\/v2\/media\/9353"}],"wp:attachment":[{"href":"https:\/\/www.castrum.ee\/fi\/wp-json\/wp\/v2\/media?parent=77001"}],"wp:term":[{"taxonomy":"mark-ja-mudel","embeddable":true,"href":"https:\/\/www.castrum.ee\/fi\/wp-json\/wp\/v2\/mark-ja-mudel?post=77001"},{"taxonomy":"product_brand","embeddable":true,"href":"https:\/\/www.castrum.ee\/fi\/wp-json\/wp\/v2\/product_brand?post=77001"},{"taxonomy":"product_cat","embeddable":true,"href":"https:\/\/www.castrum.ee\/fi\/wp-json\/wp\/v2\/product_cat?post=77001"},{"taxonomy":"product_tag","embeddable":true,"href":"https:\/\/www.castrum.ee\/fi\/wp-json\/wp\/v2\/product_tag?post=77001"}],"curies":[{"name":"wp","href":"https:\/\/api.w.org\/{rel}","templated":true}]}}