{"id":77006,"date":"2025-08-13T18:22:32","date_gmt":"2025-08-13T18:22:32","guid":{"rendered":"https:\/\/www.castrum.ee\/toode\/tessera-roll-s-kit-matt-must-kastiruloo-vedruajamiga-ford-ranger-23\/"},"modified":"2025-08-13T18:22:32","modified_gmt":"2025-08-13T15:22:32","slug":"tessera-roll-s-kit-matt-must-kastiruloo-vedruajamiga-ford-ranger-23","status":"publish","type":"product","link":"https:\/\/www.castrum.ee\/fi\/toode\/tessera-roll-s-kit-matt-must-kastiruloo-vedruajamiga-ford-ranger-23\/","title":{"rendered":"Tessera Roll+ S-KIT matt must kastiruloo vedruajamiga| Ford Ranger [23+]"},"content":{"rendered":"<p>Uue p\u00f5lvkonna elektriline kastiruloo Tessera Roll+ (BASIC versioon koos integreeritud S-KITiga) 8 patendiga, saadaval Ford Ranger T6.2 (P703) 2023+ double cab, sobib Fordi tehasevarustuse WildTraki rollbar-iga. Revolutsiooniline ja futuristlik disain, mitmek\u00fclgsus, vastupidavus, 100% k\u00e4sit\u00f6\u00f6 ja 3-aastane garantii materjalidele ja valmistuskvaliteedile. <\/p>\n<ul>\n<li>Helppo ja mukava k\u00e4ytt\u00e4\u00e4. Ty\u00f6skentele tehokkaammin hy\u00f6dynt\u00e4m\u00e4ll\u00e4 rullokannen jousitoimintaa. <\/li>\n<li>Peh\u00e4 ja turvallinen kannen automaattinen rullautuminen koteloon.<\/li>\n<li>Erityisesti suunnitellut alumiiniset sivukiskot (5 mm paksuiset), integroidulla \u201cT-SLOTS\u201d-j\u00e4rjestelm\u00e4ll\u00e4, joka mahdollistaa lis\u00e4varusteiden, kuten rollbarien, sivukahvojen ja poikittaispalkkien, helpon ja turvallisen asennuksen ilman porausta.<\/li>\n<li>Tyylik\u00e4s ja k\u00e4yt\u00e4nn\u00f6llinen punainen LED-valonauha, jota voidaan k\u00e4ytt\u00e4\u00e4 ty\u00f6valona, jarruvalona sek\u00e4 e-Kit-versiossa estevaroituksena tai jopa h\u00e4lyttimen\u00e4.<\/li>\n<li>Liikkuva t\u00e4yspitk\u00e4 valkoinen LED-valonauha, joka sijaitsee rullokannen p\u00e4\u00e4tyosassa ja valaisee kuormatilan alueen \u2013 kuorman koosta riippumatta.<\/li>\n<li>Erikoisvalmisteinen sis\u00e4inen lukitusj\u00e4rjestelm\u00e4 alumiinisilla lukitushampailla est\u00e4\u00e4 luvattoman p\u00e4\u00e4syn. K\u00e4yt\u00e4 Tessera Roll+ -kannen avaamiseen automaattista hihnaa ja tee arjestasi helpompaa. Parempi suoja ja k\u00e4ytt\u00f6mukavuus kylmiss\u00e4 olosuhteissa.  <\/li>\n<li>Leve\u00e4mm\u00e4t, vahvemmat ja \u201cveitsenkest\u00e4v\u00e4t\u201d lamellit takaavat 100 % kuorman turvallisuuden, ja kumitiivisteet varmistavat maksimaalisen eristyksen.<\/li>\n<li>Kaksi erityisesti suunniteltua \u03a620-viem\u00e4rij\u00e4rjestelm\u00e4\u00e4, joissa on kaksi ylivuotokanavaa ja integroitu \u201cANTI-LEAF\u201d-teknologia kasetissa takaavat veden t\u00e4ydellisen poistumisen (60 litraa minuutissa).<\/li>\n<li>Innovatiivinen takap\u00e4\u00e4tyrakenne, jossa on markkinoiden pienimm\u00e4t kasetin mitat (26 cm x 30 cm), maksimoi kuormatilan sek\u00e4 pituuden ett\u00e4 korkeuden osalta.<\/li>\n<li>Erityisesti suunniteltu kasetin kansi mahdollistaa helpon p\u00e4\u00e4syn ja Tessera Roll+ -j\u00e4rjestelm\u00e4n hallinnan.<\/li>\n<li>Uuden sukupolven pulverimaalaus (luokka 2) takaa hienon pinnanrakenteen ja erinomaisen s\u00e4\u00e4nkest\u00e4vyyden. Pulverimaali levitet\u00e4\u00e4n erikoisuuneissa 15 minuutin ajan 190 \u00b0C:n l\u00e4mp\u00f6tilassa. <\/li>\n<li>Helppo asennus ajoneuvoihin riippumatta siit\u00e4, onko lavassa vuoraus vai ei. Molemmissa tapauksissa asennus onnistuu helposti sek\u00e4 UNDER-rail- ett\u00e4 OVER-rail-tyylill\u00e4. <\/li>\n<li>Helppo ja nopea asennus ilman porausta.<\/li>\n<li>Aerodynaaminen muotoilu parantaa polttoainetehokkuutta.<\/li>\n<\/ul>\n<div class=\"video-shortcode\"><iframe title=\"At www.tessera4x4.com: The future and revolution of roll top covers, the ultimate &quot;Tessera Roll+&quot;.\" width=\"1340\" height=\"754\" src=\"https:\/\/www.youtube.com\/embed\/LYo98_2V_0c?feature=oembed\" frameborder=\"0\" allow=\"accelerometer; autoplay; clipboard-write; encrypted-media; gyroscope; picture-in-picture; web-share\" referrerpolicy=\"strict-origin-when-cross-origin\" allowfullscreen><\/iframe><\/div>\n<div class=\"video-shortcode\"><iframe title=\"Installation video of upgrading Tessera Roll+ basic version (manual) with s-Kit  (Spring version)\" width=\"1340\" height=\"754\" src=\"https:\/\/www.youtube.com\/embed\/nhngabX0kCI?feature=oembed\" frameborder=\"0\" allow=\"accelerometer; autoplay; clipboard-write; encrypted-media; gyroscope; picture-in-picture; web-share\" referrerpolicy=\"strict-origin-when-cross-origin\" allowfullscreen><\/iframe><\/div>\n<div class=\"video-shortcode\"><iframe title=\"At www.tessera4x4.com:The next big thing in 4X4 auto accessories industry the Ultimate Tessera Roll+\" width=\"1340\" height=\"754\" src=\"https:\/\/www.youtube.com\/embed\/XIm3Yn5ofsw?feature=oembed\" frameborder=\"0\" allow=\"accelerometer; autoplay; clipboard-write; encrypted-media; gyroscope; picture-in-picture; web-share\" referrerpolicy=\"strict-origin-when-cross-origin\" allowfullscreen><\/iframe><\/div>\n<div class=\"video-shortcode\"><iframe title=\"Tessera Roll+ : Owner&#039;s instruction manual for the Ultimate roll top cover &quot;Tessera Roll+&quot;.\" width=\"1340\" height=\"754\" src=\"https:\/\/www.youtube.com\/embed\/HwuqpahqpoU?feature=oembed\" frameborder=\"0\" allow=\"accelerometer; autoplay; clipboard-write; encrypted-media; gyroscope; picture-in-picture; web-share\" referrerpolicy=\"strict-origin-when-cross-origin\" allowfullscreen><\/iframe><\/div>\n","protected":false},"excerpt":{"rendered":"<p>Uue p\u00f5lvkonna elektriline kastiruloo Tessera Roll+ (BASIC versioon koos integreeritud S-KITiga) 8 patendiga, saadaval Ford Ranger T6.2 (P703) 2023+ double cab, sobib Fordi tehasevarustuse WildTraki rollbar-iga. Revolutsiooniline ja futuristlik disain, mitmek\u00fclgsus, vastupidavus, 100% k\u00e4sit\u00f6\u00f6 ja 3-aastane garantii materjalidele ja valmistuskvaliteedile. <\/p>\n","protected":false},"featured_media":6754,"template":"","meta":{"_acf_changed":false},"mark-ja-mudel":[],"product_brand":[1286,1287],"product_cat":[1075],"product_tag":[1125],"class_list":{"0":"post-77006","1":"product","2":"type-product","3":"status-publish","4":"has-post-thumbnail","6":"product_brand-ford","7":"product_brand-ranger","8":"product_cat-rullattavat-lavakannet-ja-tarvikkeet","9":"product_tag-toimitusaika-1-viikko","10":"product_shipping_class-tukku","12":"first","13":"instock","14":"taxable","15":"shipping-taxable","16":"purchasable","17":"product-type-bundle"},"bundled_by":[],"bundle_stock_status":"instock","bundle_stock_quantity":"","bundle_virtual":false,"bundle_layout":"tabular","bundle_add_to_cart_form_location":"default","bundle_editable_in_cart":false,"bundle_sold_individually_context":"product","bundle_item_grouping":"parent","bundle_min_size":"","bundle_max_size":"","bundle_price":{"price":{"min":{"incl_tax":"2940.00","excl_tax":"2370.97"},"max":{"incl_tax":"","excl_tax":""}},"regular_price":{"min":{"incl_tax":"2940.00","excl_tax":"2370.97"},"max":{"incl_tax":"","excl_tax":""}}},"bundled_items":[{"bundled_item_id":78,"product_id":77002,"menu_order":0,"quantity_min":0,"quantity_max":"","quantity_default":0,"priced_individually":true,"shipped_individually":false,"override_title":true,"title":"Tessera Bar+","override_description":true,"description":"2-in-1 lavarailot teleskooppij\u00e4rjestelm\u00e4ll\u00e4","optional":false,"hide_thumbnail":false,"discount":"","override_variations":false,"allowed_variations":[""],"override_default_variation_attributes":false,"default_variation_attributes":[],"single_product_visibility":"visible","cart_visibility":"visible","order_visibility":"visible","single_product_price_visibility":"visible","cart_price_visibility":"visible","order_price_visibility":"visible","stock_status":"in_stock"},{"bundled_item_id":79,"product_id":77001,"menu_order":1,"quantity_min":0,"quantity_max":"","quantity_default":0,"priced_individually":true,"shipped_individually":false,"override_title":true,"title":"Tessera Divider+","override_description":true,"description":"Lavan sis\u00e4j\u00e4rjestelij\u00e4","optional":false,"hide_thumbnail":false,"discount":"","override_variations":false,"allowed_variations":[""],"override_default_variation_attributes":false,"default_variation_attributes":[],"single_product_visibility":"visible","cart_visibility":"visible","order_visibility":"visible","single_product_price_visibility":"visible","cart_price_visibility":"visible","order_price_visibility":"visible","stock_status":"in_stock"},{"bundled_item_id":80,"product_id":77000,"menu_order":2,"quantity_min":0,"quantity_max":"","quantity_default":0,"priced_individually":true,"shipped_individually":false,"override_title":true,"title":"Tessera Tower+","override_description":true,"description":"Teleskooppirunko lavalle","optional":false,"hide_thumbnail":false,"discount":"","override_variations":false,"allowed_variations":[""],"override_default_variation_attributes":false,"default_variation_attributes":[],"single_product_visibility":"visible","cart_visibility":"visible","order_visibility":"visible","single_product_price_visibility":"visible","cart_price_visibility":"visible","order_price_visibility":"visible","stock_status":"in_stock"},{"bundled_item_id":81,"product_id":76999,"menu_order":3,"quantity_min":0,"quantity_max":"","quantity_default":0,"priced_individually":true,"shipped_individually":false,"override_title":true,"title":"Teleskooppisivupaneelit (2 kpl)","override_description":true,"description":"Tessera Tower+ -j\u00e4rjestelm\u00e4lle","optional":false,"hide_thumbnail":false,"discount":"","override_variations":false,"allowed_variations":[""],"override_default_variation_attributes":false,"default_variation_attributes":[],"single_product_visibility":"visible","cart_visibility":"visible","order_visibility":"visible","single_product_price_visibility":"visible","cart_price_visibility":"visible","order_price_visibility":"visible","stock_status":"in_stock"}],"bundle_sell_ids":[],"acf":[],"yoast_head":"<!-- This site is optimized with the Yoast SEO plugin v27.3 - https:\/\/yoast.com\/product\/yoast-seo-wordpress\/ -->\n<title>Tessera Roll+ S-KIT matt must kastiruloo vedruajamiga| Ford Ranger [23+] | Rullattavat lavakannet ja tarvikkeet<\/title>\n<meta name=\"description\" content=\"Tessera Roll+ S-KIT matt must kastiruloo vedruajamiga| Ford Ranger [23+] - Rullattavat lavakannet ja tarvikkeet . Autojen, maastureiden ja pakettiautojen lis\u00e4varusteet. Varaosat.\" \/>\n<meta name=\"robots\" content=\"index, follow, max-snippet:-1, max-image-preview:large, max-video-preview:-1\" \/>\n<link rel=\"canonical\" href=\"https:\/\/www.castrum.ee\/fi\/toode\/tessera-roll-s-kit-matt-must-kastiruloo-vedruajamiga-ford-ranger-23\/\" \/>\n<meta property=\"og:locale\" content=\"fi_FI\" \/>\n<meta property=\"og:type\" content=\"article\" \/>\n<meta property=\"og:title\" content=\"Tessera Roll+ S-KIT matt must kastiruloo vedruajamiga| Ford Ranger [23+] | Rullattavat lavakannet ja tarvikkeet\" \/>\n<meta property=\"og:description\" content=\"Tessera Roll+ S-KIT matt must kastiruloo vedruajamiga| Ford Ranger [23+] - Rullattavat lavakannet ja tarvikkeet . Autojen, maastureiden ja pakettiautojen lis\u00e4varusteet. Varaosat.\" \/>\n<meta property=\"og:url\" content=\"https:\/\/www.castrum.ee\/fi\/toode\/tessera-roll-s-kit-matt-must-kastiruloo-vedruajamiga-ford-ranger-23\/\" \/>\n<meta property=\"og:site_name\" content=\"Castrum\" \/>\n<meta property=\"article:publisher\" content=\"https:\/\/www.facebook.com\/castrum.ee\" \/>\n<meta name=\"twitter:card\" content=\"summary_large_image\" \/>\n<meta name=\"twitter:label1\" content=\"Arvioitu lukuaika\" \/>\n\t<meta name=\"twitter:data1\" content=\"2 minuuttia\" \/>\n<script type=\"application\/ld+json\" class=\"yoast-schema-graph\">{\"@context\":\"https:\\\/\\\/schema.org\",\"@graph\":[{\"@type\":\"WebPage\",\"@id\":\"https:\\\/\\\/www.castrum.ee\\\/fi\\\/toode\\\/tessera-roll-s-kit-matt-must-kastiruloo-vedruajamiga-ford-ranger-23\\\/\",\"url\":\"https:\\\/\\\/www.castrum.ee\\\/fi\\\/toode\\\/tessera-roll-s-kit-matt-must-kastiruloo-vedruajamiga-ford-ranger-23\\\/\",\"name\":\"Tessera Roll+ S-KIT matt must kastiruloo vedruajamiga| Ford Ranger [23+] | Rullattavat lavakannet ja tarvikkeet\",\"isPartOf\":{\"@id\":\"https:\\\/\\\/www.castrum.ee\\\/fi\\\/#website\"},\"primaryImageOfPage\":{\"@id\":\"https:\\\/\\\/www.castrum.ee\\\/fi\\\/toode\\\/tessera-roll-s-kit-matt-must-kastiruloo-vedruajamiga-ford-ranger-23\\\/#primaryimage\"},\"image\":{\"@id\":\"https:\\\/\\\/www.castrum.ee\\\/fi\\\/toode\\\/tessera-roll-s-kit-matt-must-kastiruloo-vedruajamiga-ford-ranger-23\\\/#primaryimage\"},\"thumbnailUrl\":\"https:\\\/\\\/www.castrum.ee\\\/wp-content\\\/uploads\\\/2025\\\/08\\\/IMG_9981.jpeg\",\"datePublished\":\"2025-08-13T18:22:32+00:00\",\"description\":\"Tessera Roll+ S-KIT matt must kastiruloo vedruajamiga| Ford Ranger [23+] - Rullattavat lavakannet ja tarvikkeet . Autojen, maastureiden ja pakettiautojen lis\u00e4varusteet. Varaosat.\",\"breadcrumb\":{\"@id\":\"https:\\\/\\\/www.castrum.ee\\\/fi\\\/toode\\\/tessera-roll-s-kit-matt-must-kastiruloo-vedruajamiga-ford-ranger-23\\\/#breadcrumb\"},\"inLanguage\":\"fi\",\"potentialAction\":[{\"@type\":\"ReadAction\",\"target\":[\"https:\\\/\\\/www.castrum.ee\\\/fi\\\/toode\\\/tessera-roll-s-kit-matt-must-kastiruloo-vedruajamiga-ford-ranger-23\\\/\"]}]},{\"@type\":\"ImageObject\",\"inLanguage\":\"fi\",\"@id\":\"https:\\\/\\\/www.castrum.ee\\\/fi\\\/toode\\\/tessera-roll-s-kit-matt-must-kastiruloo-vedruajamiga-ford-ranger-23\\\/#primaryimage\",\"url\":\"https:\\\/\\\/www.castrum.ee\\\/wp-content\\\/uploads\\\/2025\\\/08\\\/IMG_9981.jpeg\",\"contentUrl\":\"https:\\\/\\\/www.castrum.ee\\\/wp-content\\\/uploads\\\/2025\\\/08\\\/IMG_9981.jpeg\",\"width\":1458,\"height\":1080},{\"@type\":\"BreadcrumbList\",\"@id\":\"https:\\\/\\\/www.castrum.ee\\\/fi\\\/toode\\\/tessera-roll-s-kit-matt-must-kastiruloo-vedruajamiga-ford-ranger-23\\\/#breadcrumb\",\"itemListElement\":[{\"@type\":\"ListItem\",\"position\":1,\"name\":\"Home\",\"item\":\"https:\\\/\\\/www.castrum.ee\\\/fi\\\/kotisivu\\\/\"},{\"@type\":\"ListItem\",\"position\":2,\"name\":\"Verkkokauppa\",\"item\":\"https:\\\/\\\/www.castrum.ee\\\/fi\\\/kauppa\\\/\"},{\"@type\":\"ListItem\",\"position\":3,\"name\":\"Tessera Roll+ S-KIT matt must kastiruloo vedruajamiga| Ford Ranger [23+]\"}]},{\"@type\":\"WebSite\",\"@id\":\"https:\\\/\\\/www.castrum.ee\\\/fi\\\/#website\",\"url\":\"https:\\\/\\\/www.castrum.ee\\\/fi\\\/\",\"name\":\"Castrum\",\"description\":\"Maasturite, s\u00f5iduautode ja v\u00e4ikebusside lisavarustus\",\"publisher\":{\"@id\":\"https:\\\/\\\/www.castrum.ee\\\/fi\\\/#organization\"},\"potentialAction\":[{\"@type\":\"SearchAction\",\"target\":{\"@type\":\"EntryPoint\",\"urlTemplate\":\"https:\\\/\\\/www.castrum.ee\\\/fi\\\/?s={search_term_string}\"},\"query-input\":{\"@type\":\"PropertyValueSpecification\",\"valueRequired\":true,\"valueName\":\"search_term_string\"}}],\"inLanguage\":\"fi\"},{\"@type\":\"Organization\",\"@id\":\"https:\\\/\\\/www.castrum.ee\\\/fi\\\/#organization\",\"name\":\"Castrum Grupp O\u00dc\",\"url\":\"https:\\\/\\\/www.castrum.ee\\\/fi\\\/\",\"logo\":{\"@type\":\"ImageObject\",\"inLanguage\":\"fi\",\"@id\":\"https:\\\/\\\/www.castrum.ee\\\/fi\\\/#\\\/schema\\\/logo\\\/image\\\/\",\"url\":\"https:\\\/\\\/www.castrum.ee\\\/wp-content\\\/uploads\\\/2025\\\/03\\\/Castrum-logo-500.png\",\"contentUrl\":\"https:\\\/\\\/www.castrum.ee\\\/wp-content\\\/uploads\\\/2025\\\/03\\\/Castrum-logo-500.png\",\"width\":500,\"height\":250,\"caption\":\"Castrum Grupp O\u00dc\"},\"image\":{\"@id\":\"https:\\\/\\\/www.castrum.ee\\\/fi\\\/#\\\/schema\\\/logo\\\/image\\\/\"},\"sameAs\":[\"https:\\\/\\\/www.facebook.com\\\/castrum.ee\"]}]}<\/script>\n<!-- \/ Yoast SEO plugin. -->","yoast_head_json":{"title":"Tessera Roll+ S-KIT matt must kastiruloo vedruajamiga| Ford Ranger [23+] | Rullattavat lavakannet ja tarvikkeet","description":"Tessera Roll+ S-KIT matt must kastiruloo vedruajamiga| Ford Ranger [23+] - Rullattavat lavakannet ja tarvikkeet . Autojen, maastureiden ja pakettiautojen lis\u00e4varusteet. Varaosat.","robots":{"index":"index","follow":"follow","max-snippet":"max-snippet:-1","max-image-preview":"max-image-preview:large","max-video-preview":"max-video-preview:-1"},"canonical":"https:\/\/www.castrum.ee\/fi\/toode\/tessera-roll-s-kit-matt-must-kastiruloo-vedruajamiga-ford-ranger-23\/","og_locale":"fi_FI","og_type":"article","og_title":"Tessera Roll+ S-KIT matt must kastiruloo vedruajamiga| Ford Ranger [23+] | Rullattavat lavakannet ja tarvikkeet","og_description":"Tessera Roll+ S-KIT matt must kastiruloo vedruajamiga| Ford Ranger [23+] - Rullattavat lavakannet ja tarvikkeet . Autojen, maastureiden ja pakettiautojen lis\u00e4varusteet. Varaosat.","og_url":"https:\/\/www.castrum.ee\/fi\/toode\/tessera-roll-s-kit-matt-must-kastiruloo-vedruajamiga-ford-ranger-23\/","og_site_name":"Castrum","article_publisher":"https:\/\/www.facebook.com\/castrum.ee","twitter_card":"summary_large_image","twitter_misc":{"Arvioitu lukuaika":"2 minuuttia"},"schema":{"@context":"https:\/\/schema.org","@graph":[{"@type":"WebPage","@id":"https:\/\/www.castrum.ee\/fi\/toode\/tessera-roll-s-kit-matt-must-kastiruloo-vedruajamiga-ford-ranger-23\/","url":"https:\/\/www.castrum.ee\/fi\/toode\/tessera-roll-s-kit-matt-must-kastiruloo-vedruajamiga-ford-ranger-23\/","name":"Tessera Roll+ S-KIT matt must kastiruloo vedruajamiga| Ford Ranger [23+] | Rullattavat lavakannet ja tarvikkeet","isPartOf":{"@id":"https:\/\/www.castrum.ee\/fi\/#website"},"primaryImageOfPage":{"@id":"https:\/\/www.castrum.ee\/fi\/toode\/tessera-roll-s-kit-matt-must-kastiruloo-vedruajamiga-ford-ranger-23\/#primaryimage"},"image":{"@id":"https:\/\/www.castrum.ee\/fi\/toode\/tessera-roll-s-kit-matt-must-kastiruloo-vedruajamiga-ford-ranger-23\/#primaryimage"},"thumbnailUrl":"https:\/\/www.castrum.ee\/wp-content\/uploads\/2025\/08\/IMG_9981.jpeg","datePublished":"2025-08-13T18:22:32+00:00","description":"Tessera Roll+ S-KIT matt must kastiruloo vedruajamiga| Ford Ranger [23+] - Rullattavat lavakannet ja tarvikkeet . Autojen, maastureiden ja pakettiautojen lis\u00e4varusteet. Varaosat.","breadcrumb":{"@id":"https:\/\/www.castrum.ee\/fi\/toode\/tessera-roll-s-kit-matt-must-kastiruloo-vedruajamiga-ford-ranger-23\/#breadcrumb"},"inLanguage":"fi","potentialAction":[{"@type":"ReadAction","target":["https:\/\/www.castrum.ee\/fi\/toode\/tessera-roll-s-kit-matt-must-kastiruloo-vedruajamiga-ford-ranger-23\/"]}]},{"@type":"ImageObject","inLanguage":"fi","@id":"https:\/\/www.castrum.ee\/fi\/toode\/tessera-roll-s-kit-matt-must-kastiruloo-vedruajamiga-ford-ranger-23\/#primaryimage","url":"https:\/\/www.castrum.ee\/wp-content\/uploads\/2025\/08\/IMG_9981.jpeg","contentUrl":"https:\/\/www.castrum.ee\/wp-content\/uploads\/2025\/08\/IMG_9981.jpeg","width":1458,"height":1080},{"@type":"BreadcrumbList","@id":"https:\/\/www.castrum.ee\/fi\/toode\/tessera-roll-s-kit-matt-must-kastiruloo-vedruajamiga-ford-ranger-23\/#breadcrumb","itemListElement":[{"@type":"ListItem","position":1,"name":"Home","item":"https:\/\/www.castrum.ee\/fi\/kotisivu\/"},{"@type":"ListItem","position":2,"name":"Verkkokauppa","item":"https:\/\/www.castrum.ee\/fi\/kauppa\/"},{"@type":"ListItem","position":3,"name":"Tessera Roll+ S-KIT matt must kastiruloo vedruajamiga| Ford Ranger [23+]"}]},{"@type":"WebSite","@id":"https:\/\/www.castrum.ee\/fi\/#website","url":"https:\/\/www.castrum.ee\/fi\/","name":"Castrum","description":"Maasturite, s\u00f5iduautode ja v\u00e4ikebusside lisavarustus","publisher":{"@id":"https:\/\/www.castrum.ee\/fi\/#organization"},"potentialAction":[{"@type":"SearchAction","target":{"@type":"EntryPoint","urlTemplate":"https:\/\/www.castrum.ee\/fi\/?s={search_term_string}"},"query-input":{"@type":"PropertyValueSpecification","valueRequired":true,"valueName":"search_term_string"}}],"inLanguage":"fi"},{"@type":"Organization","@id":"https:\/\/www.castrum.ee\/fi\/#organization","name":"Castrum Grupp O\u00dc","url":"https:\/\/www.castrum.ee\/fi\/","logo":{"@type":"ImageObject","inLanguage":"fi","@id":"https:\/\/www.castrum.ee\/fi\/#\/schema\/logo\/image\/","url":"https:\/\/www.castrum.ee\/wp-content\/uploads\/2025\/03\/Castrum-logo-500.png","contentUrl":"https:\/\/www.castrum.ee\/wp-content\/uploads\/2025\/03\/Castrum-logo-500.png","width":500,"height":250,"caption":"Castrum Grupp O\u00dc"},"image":{"@id":"https:\/\/www.castrum.ee\/fi\/#\/schema\/logo\/image\/"},"sameAs":["https:\/\/www.facebook.com\/castrum.ee"]}]}},"_links":{"self":[{"href":"https:\/\/www.castrum.ee\/fi\/wp-json\/wp\/v2\/product\/77006","targetHints":{"allow":["GET"]}}],"collection":[{"href":"https:\/\/www.castrum.ee\/fi\/wp-json\/wp\/v2\/product"}],"about":[{"href":"https:\/\/www.castrum.ee\/fi\/wp-json\/wp\/v2\/types\/product"}],"wp:featuredmedia":[{"embeddable":true,"href":"https:\/\/www.castrum.ee\/fi\/wp-json\/wp\/v2\/media\/6754"}],"wp:attachment":[{"href":"https:\/\/www.castrum.ee\/fi\/wp-json\/wp\/v2\/media?parent=77006"}],"wp:term":[{"taxonomy":"mark-ja-mudel","embeddable":true,"href":"https:\/\/www.castrum.ee\/fi\/wp-json\/wp\/v2\/mark-ja-mudel?post=77006"},{"taxonomy":"product_brand","embeddable":true,"href":"https:\/\/www.castrum.ee\/fi\/wp-json\/wp\/v2\/product_brand?post=77006"},{"taxonomy":"product_cat","embeddable":true,"href":"https:\/\/www.castrum.ee\/fi\/wp-json\/wp\/v2\/product_cat?post=77006"},{"taxonomy":"product_tag","embeddable":true,"href":"https:\/\/www.castrum.ee\/fi\/wp-json\/wp\/v2\/product_tag?post=77006"}],"curies":[{"name":"wp","href":"https:\/\/api.w.org\/{rel}","templated":true}]}}