{"id":77008,"date":"2025-08-13T18:22:31","date_gmt":"2025-08-13T18:22:31","guid":{"rendered":"https:\/\/www.castrum.ee\/toode\/cp009-retraxone-lavapeite-valitse-merkki-ja-malli\/"},"modified":"2025-08-13T18:22:31","modified_gmt":"2025-08-13T15:22:31","slug":"cp009-retraxone-lavapeite-valitse-merkki-ja-malli","status":"publish","type":"product","link":"https:\/\/www.castrum.ee\/fi\/toode\/cp009-retraxone-lavapeite-valitse-merkki-ja-malli\/","title":{"rendered":"CP009 RetraxONE lavapeite | Valitse merkki ja malli"},"content":{"rendered":"<p>Polykarbonaatista valmistettu rullautuva lavapeite. Lukittava, kantavuus 200 kg. Monoliittinen muotoilu ja suojattu lukitusmekanismi takaavat toimivuuden pohjoisissa olosuhteissa \u2013 ei j\u00e4\u00e4dy kiinni.  <\/p>\n<p>Paketti sis\u00e4lt\u00e4\u00e4 kaiken tarvittavan asennukseen.<\/p>\n<p>&nbsp;<\/p>\n<div class=\"video-shortcode\"><iframe title=\"RetraxONE Truck Bed Covers - Features and Benefits\" width=\"1340\" height=\"754\" src=\"https:\/\/www.youtube.com\/embed\/LrNcxdrOGyE?feature=oembed\" frameborder=\"0\" allow=\"accelerometer; autoplay; clipboard-write; encrypted-media; gyroscope; picture-in-picture; web-share\" referrerpolicy=\"strict-origin-when-cross-origin\" allowfullscreen><\/iframe><\/div>\n","protected":false},"excerpt":{"rendered":"<p>Polykarbonaatista valmistettu rullautuva lavapeite. Lukittava, kantavuus 200 kg. Monoliittinen muotoilu ja suojattu lukitusmekanismi takaavat toimivuuden pohjoisissa olosuhteissa \u2013 ei j\u00e4\u00e4dy kiinni.  <\/p>\n","protected":false},"featured_media":9077,"template":"","meta":{"_acf_changed":false},"mark-ja-mudel":[],"product_brand":[1276,1295,1286,1278,1294,1282,1298,1297,1287,1277,1275,1296],"product_cat":[1075],"product_tag":[1130],"class_list":{"0":"post-77008","1":"product","2":"type-product","3":"status-publish","4":"has-post-thumbnail","6":"product_brand-amarok","7":"product_brand-d-max","8":"product_brand-ford","9":"product_brand-hilux","10":"product_brand-isuzu","11":"product_brand-mercedes-benz","12":"product_brand-navara","13":"product_brand-nissan","14":"product_brand-ranger","15":"product_brand-toyota","16":"product_brand-volkswagen","17":"product_brand-x-class","18":"product_cat-rullattavat-lavakannet-ja-tarvikkeet","19":"product_tag-toimitusaika-2-3-viikkoa","20":"product_shipping_class-tukku","22":"first","23":"instock","24":"taxable","25":"shipping-taxable","26":"purchasable","27":"product-type-variable"},"bundled_by":[],"bundle_stock_status":"instock","bundle_stock_quantity":null,"bundle_virtual":false,"bundle_layout":"","bundle_add_to_cart_form_location":"","bundle_editable_in_cart":false,"bundle_sold_individually_context":"","bundle_item_grouping":"","bundle_min_size":"","bundle_max_size":"","bundle_price":[],"bundled_items":[],"bundle_sell_ids":[],"acf":[],"yoast_head":"<!-- This site is optimized with the Yoast SEO plugin v27.3 - https:\/\/yoast.com\/product\/yoast-seo-wordpress\/ -->\n<title>CP009 RetraxONE lavapeite | Valitse merkki ja malli | Rullattavat lavakannet ja tarvikkeet<\/title>\n<meta name=\"description\" content=\"CP009 RetraxONE lavapeite | Valitse merkki ja malli - Rullattavat lavakannet ja tarvikkeet . Autojen, maastureiden ja pakettiautojen lis\u00e4varusteet. Varaosat.\" \/>\n<meta name=\"robots\" content=\"index, follow, max-snippet:-1, max-image-preview:large, max-video-preview:-1\" \/>\n<link rel=\"canonical\" href=\"https:\/\/www.castrum.ee\/fi\/toode\/cp009-retraxone-lavapeite-valitse-merkki-ja-malli\/\" \/>\n<meta property=\"og:locale\" content=\"fi_FI\" \/>\n<meta property=\"og:type\" content=\"article\" \/>\n<meta property=\"og:title\" content=\"CP009 RetraxONE lavapeite | Valitse merkki ja malli | Rullattavat lavakannet ja tarvikkeet\" \/>\n<meta property=\"og:description\" content=\"CP009 RetraxONE lavapeite | Valitse merkki ja malli - Rullattavat lavakannet ja tarvikkeet . Autojen, maastureiden ja pakettiautojen lis\u00e4varusteet. Varaosat.\" \/>\n<meta property=\"og:url\" content=\"https:\/\/www.castrum.ee\/fi\/toode\/cp009-retraxone-lavapeite-valitse-merkki-ja-malli\/\" \/>\n<meta property=\"og:site_name\" content=\"Castrum\" \/>\n<meta property=\"article:publisher\" content=\"https:\/\/www.facebook.com\/castrum.ee\" \/>\n<meta name=\"twitter:card\" content=\"summary_large_image\" \/>\n<script type=\"application\/ld+json\" class=\"yoast-schema-graph\">{\"@context\":\"https:\\\/\\\/schema.org\",\"@graph\":[{\"@type\":\"WebPage\",\"@id\":\"https:\\\/\\\/www.castrum.ee\\\/fi\\\/toode\\\/cp009-retraxone-lavapeite-valitse-merkki-ja-malli\\\/\",\"url\":\"https:\\\/\\\/www.castrum.ee\\\/fi\\\/toode\\\/cp009-retraxone-lavapeite-valitse-merkki-ja-malli\\\/\",\"name\":\"CP009 RetraxONE lavapeite | Valitse merkki ja malli | Rullattavat lavakannet ja tarvikkeet\",\"isPartOf\":{\"@id\":\"https:\\\/\\\/www.castrum.ee\\\/fi\\\/#website\"},\"primaryImageOfPage\":{\"@id\":\"https:\\\/\\\/www.castrum.ee\\\/fi\\\/toode\\\/cp009-retraxone-lavapeite-valitse-merkki-ja-malli\\\/#primaryimage\"},\"image\":{\"@id\":\"https:\\\/\\\/www.castrum.ee\\\/fi\\\/toode\\\/cp009-retraxone-lavapeite-valitse-merkki-ja-malli\\\/#primaryimage\"},\"thumbnailUrl\":\"https:\\\/\\\/www.castrum.ee\\\/wp-content\\\/uploads\\\/2025\\\/08\\\/ED903D66-55CB-47FE-A296-6342DDB9A24E.jpeg\",\"datePublished\":\"2025-08-13T18:22:31+00:00\",\"description\":\"CP009 RetraxONE lavapeite | Valitse merkki ja malli - Rullattavat lavakannet ja tarvikkeet . Autojen, maastureiden ja pakettiautojen lis\u00e4varusteet. Varaosat.\",\"breadcrumb\":{\"@id\":\"https:\\\/\\\/www.castrum.ee\\\/fi\\\/toode\\\/cp009-retraxone-lavapeite-valitse-merkki-ja-malli\\\/#breadcrumb\"},\"inLanguage\":\"fi\",\"potentialAction\":[{\"@type\":\"ReadAction\",\"target\":[\"https:\\\/\\\/www.castrum.ee\\\/fi\\\/toode\\\/cp009-retraxone-lavapeite-valitse-merkki-ja-malli\\\/\"]}]},{\"@type\":\"ImageObject\",\"inLanguage\":\"fi\",\"@id\":\"https:\\\/\\\/www.castrum.ee\\\/fi\\\/toode\\\/cp009-retraxone-lavapeite-valitse-merkki-ja-malli\\\/#primaryimage\",\"url\":\"https:\\\/\\\/www.castrum.ee\\\/wp-content\\\/uploads\\\/2025\\\/08\\\/ED903D66-55CB-47FE-A296-6342DDB9A24E.jpeg\",\"contentUrl\":\"https:\\\/\\\/www.castrum.ee\\\/wp-content\\\/uploads\\\/2025\\\/08\\\/ED903D66-55CB-47FE-A296-6342DDB9A24E.jpeg\",\"width\":1170,\"height\":780},{\"@type\":\"BreadcrumbList\",\"@id\":\"https:\\\/\\\/www.castrum.ee\\\/fi\\\/toode\\\/cp009-retraxone-lavapeite-valitse-merkki-ja-malli\\\/#breadcrumb\",\"itemListElement\":[{\"@type\":\"ListItem\",\"position\":1,\"name\":\"Home\",\"item\":\"https:\\\/\\\/www.castrum.ee\\\/fi\\\/kotisivu\\\/\"},{\"@type\":\"ListItem\",\"position\":2,\"name\":\"Verkkokauppa\",\"item\":\"https:\\\/\\\/www.castrum.ee\\\/fi\\\/kauppa\\\/\"},{\"@type\":\"ListItem\",\"position\":3,\"name\":\"CP009 RetraxONE lavapeite | Valitse merkki ja malli\"}]},{\"@type\":\"WebSite\",\"@id\":\"https:\\\/\\\/www.castrum.ee\\\/fi\\\/#website\",\"url\":\"https:\\\/\\\/www.castrum.ee\\\/fi\\\/\",\"name\":\"Castrum\",\"description\":\"Maasturite, s\u00f5iduautode ja v\u00e4ikebusside lisavarustus\",\"publisher\":{\"@id\":\"https:\\\/\\\/www.castrum.ee\\\/fi\\\/#organization\"},\"potentialAction\":[{\"@type\":\"SearchAction\",\"target\":{\"@type\":\"EntryPoint\",\"urlTemplate\":\"https:\\\/\\\/www.castrum.ee\\\/fi\\\/?s={search_term_string}\"},\"query-input\":{\"@type\":\"PropertyValueSpecification\",\"valueRequired\":true,\"valueName\":\"search_term_string\"}}],\"inLanguage\":\"fi\"},{\"@type\":\"Organization\",\"@id\":\"https:\\\/\\\/www.castrum.ee\\\/fi\\\/#organization\",\"name\":\"Castrum Grupp O\u00dc\",\"url\":\"https:\\\/\\\/www.castrum.ee\\\/fi\\\/\",\"logo\":{\"@type\":\"ImageObject\",\"inLanguage\":\"fi\",\"@id\":\"https:\\\/\\\/www.castrum.ee\\\/fi\\\/#\\\/schema\\\/logo\\\/image\\\/\",\"url\":\"https:\\\/\\\/www.castrum.ee\\\/wp-content\\\/uploads\\\/2025\\\/03\\\/Castrum-logo-500.png\",\"contentUrl\":\"https:\\\/\\\/www.castrum.ee\\\/wp-content\\\/uploads\\\/2025\\\/03\\\/Castrum-logo-500.png\",\"width\":500,\"height\":250,\"caption\":\"Castrum Grupp O\u00dc\"},\"image\":{\"@id\":\"https:\\\/\\\/www.castrum.ee\\\/fi\\\/#\\\/schema\\\/logo\\\/image\\\/\"},\"sameAs\":[\"https:\\\/\\\/www.facebook.com\\\/castrum.ee\"]}]}<\/script>\n<!-- \/ Yoast SEO plugin. -->","yoast_head_json":{"title":"CP009 RetraxONE lavapeite | Valitse merkki ja malli | Rullattavat lavakannet ja tarvikkeet","description":"CP009 RetraxONE lavapeite | Valitse merkki ja malli - Rullattavat lavakannet ja tarvikkeet . Autojen, maastureiden ja pakettiautojen lis\u00e4varusteet. Varaosat.","robots":{"index":"index","follow":"follow","max-snippet":"max-snippet:-1","max-image-preview":"max-image-preview:large","max-video-preview":"max-video-preview:-1"},"canonical":"https:\/\/www.castrum.ee\/fi\/toode\/cp009-retraxone-lavapeite-valitse-merkki-ja-malli\/","og_locale":"fi_FI","og_type":"article","og_title":"CP009 RetraxONE lavapeite | Valitse merkki ja malli | Rullattavat lavakannet ja tarvikkeet","og_description":"CP009 RetraxONE lavapeite | Valitse merkki ja malli - Rullattavat lavakannet ja tarvikkeet . Autojen, maastureiden ja pakettiautojen lis\u00e4varusteet. Varaosat.","og_url":"https:\/\/www.castrum.ee\/fi\/toode\/cp009-retraxone-lavapeite-valitse-merkki-ja-malli\/","og_site_name":"Castrum","article_publisher":"https:\/\/www.facebook.com\/castrum.ee","twitter_card":"summary_large_image","schema":{"@context":"https:\/\/schema.org","@graph":[{"@type":"WebPage","@id":"https:\/\/www.castrum.ee\/fi\/toode\/cp009-retraxone-lavapeite-valitse-merkki-ja-malli\/","url":"https:\/\/www.castrum.ee\/fi\/toode\/cp009-retraxone-lavapeite-valitse-merkki-ja-malli\/","name":"CP009 RetraxONE lavapeite | Valitse merkki ja malli | Rullattavat lavakannet ja tarvikkeet","isPartOf":{"@id":"https:\/\/www.castrum.ee\/fi\/#website"},"primaryImageOfPage":{"@id":"https:\/\/www.castrum.ee\/fi\/toode\/cp009-retraxone-lavapeite-valitse-merkki-ja-malli\/#primaryimage"},"image":{"@id":"https:\/\/www.castrum.ee\/fi\/toode\/cp009-retraxone-lavapeite-valitse-merkki-ja-malli\/#primaryimage"},"thumbnailUrl":"https:\/\/www.castrum.ee\/wp-content\/uploads\/2025\/08\/ED903D66-55CB-47FE-A296-6342DDB9A24E.jpeg","datePublished":"2025-08-13T18:22:31+00:00","description":"CP009 RetraxONE lavapeite | Valitse merkki ja malli - Rullattavat lavakannet ja tarvikkeet . Autojen, maastureiden ja pakettiautojen lis\u00e4varusteet. Varaosat.","breadcrumb":{"@id":"https:\/\/www.castrum.ee\/fi\/toode\/cp009-retraxone-lavapeite-valitse-merkki-ja-malli\/#breadcrumb"},"inLanguage":"fi","potentialAction":[{"@type":"ReadAction","target":["https:\/\/www.castrum.ee\/fi\/toode\/cp009-retraxone-lavapeite-valitse-merkki-ja-malli\/"]}]},{"@type":"ImageObject","inLanguage":"fi","@id":"https:\/\/www.castrum.ee\/fi\/toode\/cp009-retraxone-lavapeite-valitse-merkki-ja-malli\/#primaryimage","url":"https:\/\/www.castrum.ee\/wp-content\/uploads\/2025\/08\/ED903D66-55CB-47FE-A296-6342DDB9A24E.jpeg","contentUrl":"https:\/\/www.castrum.ee\/wp-content\/uploads\/2025\/08\/ED903D66-55CB-47FE-A296-6342DDB9A24E.jpeg","width":1170,"height":780},{"@type":"BreadcrumbList","@id":"https:\/\/www.castrum.ee\/fi\/toode\/cp009-retraxone-lavapeite-valitse-merkki-ja-malli\/#breadcrumb","itemListElement":[{"@type":"ListItem","position":1,"name":"Home","item":"https:\/\/www.castrum.ee\/fi\/kotisivu\/"},{"@type":"ListItem","position":2,"name":"Verkkokauppa","item":"https:\/\/www.castrum.ee\/fi\/kauppa\/"},{"@type":"ListItem","position":3,"name":"CP009 RetraxONE lavapeite | Valitse merkki ja malli"}]},{"@type":"WebSite","@id":"https:\/\/www.castrum.ee\/fi\/#website","url":"https:\/\/www.castrum.ee\/fi\/","name":"Castrum","description":"Maasturite, s\u00f5iduautode ja v\u00e4ikebusside lisavarustus","publisher":{"@id":"https:\/\/www.castrum.ee\/fi\/#organization"},"potentialAction":[{"@type":"SearchAction","target":{"@type":"EntryPoint","urlTemplate":"https:\/\/www.castrum.ee\/fi\/?s={search_term_string}"},"query-input":{"@type":"PropertyValueSpecification","valueRequired":true,"valueName":"search_term_string"}}],"inLanguage":"fi"},{"@type":"Organization","@id":"https:\/\/www.castrum.ee\/fi\/#organization","name":"Castrum Grupp O\u00dc","url":"https:\/\/www.castrum.ee\/fi\/","logo":{"@type":"ImageObject","inLanguage":"fi","@id":"https:\/\/www.castrum.ee\/fi\/#\/schema\/logo\/image\/","url":"https:\/\/www.castrum.ee\/wp-content\/uploads\/2025\/03\/Castrum-logo-500.png","contentUrl":"https:\/\/www.castrum.ee\/wp-content\/uploads\/2025\/03\/Castrum-logo-500.png","width":500,"height":250,"caption":"Castrum Grupp O\u00dc"},"image":{"@id":"https:\/\/www.castrum.ee\/fi\/#\/schema\/logo\/image\/"},"sameAs":["https:\/\/www.facebook.com\/castrum.ee"]}]}},"_links":{"self":[{"href":"https:\/\/www.castrum.ee\/fi\/wp-json\/wp\/v2\/product\/77008","targetHints":{"allow":["GET"]}}],"collection":[{"href":"https:\/\/www.castrum.ee\/fi\/wp-json\/wp\/v2\/product"}],"about":[{"href":"https:\/\/www.castrum.ee\/fi\/wp-json\/wp\/v2\/types\/product"}],"wp:featuredmedia":[{"embeddable":true,"href":"https:\/\/www.castrum.ee\/fi\/wp-json\/wp\/v2\/media\/9077"}],"wp:attachment":[{"href":"https:\/\/www.castrum.ee\/fi\/wp-json\/wp\/v2\/media?parent=77008"}],"wp:term":[{"taxonomy":"mark-ja-mudel","embeddable":true,"href":"https:\/\/www.castrum.ee\/fi\/wp-json\/wp\/v2\/mark-ja-mudel?post=77008"},{"taxonomy":"product_brand","embeddable":true,"href":"https:\/\/www.castrum.ee\/fi\/wp-json\/wp\/v2\/product_brand?post=77008"},{"taxonomy":"product_cat","embeddable":true,"href":"https:\/\/www.castrum.ee\/fi\/wp-json\/wp\/v2\/product_cat?post=77008"},{"taxonomy":"product_tag","embeddable":true,"href":"https:\/\/www.castrum.ee\/fi\/wp-json\/wp\/v2\/product_tag?post=77008"}],"curies":[{"name":"wp","href":"https:\/\/api.w.org\/{rel}","templated":true}]}}