{"id":77129,"date":"2025-09-22T09:38:33","date_gmt":"2025-09-22T09:38:33","guid":{"rendered":"https:\/\/www.castrum.ee\/toode\/vinssi-more4x4-pro-17500lbs-12v-vaijerilla-2-in-1-kauko-ohjaimella\/"},"modified":"2025-09-22T09:38:33","modified_gmt":"2025-09-22T06:38:33","slug":"vinssi-more4x4-pro-17500lbs-12v-vaijerilla-2-in-1-kauko-ohjaimella","status":"publish","type":"product","link":"https:\/\/www.castrum.ee\/fi\/toode\/vinssi-more4x4-pro-17500lbs-12v-vaijerilla-2-in-1-kauko-ohjaimella\/","title":{"rendered":"Vinssi More4x4 PRO 17500lbs 12V vaijerilla, 2 in 1 -kauko-ohjaimella."},"content":{"rendered":"<p>Takuu 5 vuotta<\/p>\n<p>Tekniset tiedot:<\/p>\n<p>Suurin vetovoima: 7954 kg (17 500 lbs)<br \/>\nMoottori: 6,6 hv \/ 4,5 kW<br \/>\nVirtal\u00e4hde: DC 12V<br \/>\nOhjaus: kauko-ohjain 3,7 m kaapelilla, langaton ohjain<br \/>\nVaihteisto: planeettavaihteisto, kolmivaiheinen<br \/>\nV\u00e4lityssuhde: 432:1<br \/>\nJarru: automaattinen, rummun sis\u00e4\u00e4nrakennettu<br \/>\nRummun koko: halkaisija 89 mm, pituus 228,6 mm<br \/>\nVaijeri: 28 m x 11,5 mm<br \/>\nVaijerinohjuri: nelisuuntainen rullaohjuri<br \/>\nAkku: suositeltu v\u00e4hint\u00e4\u00e4n 64 Ah<br \/>\nVirtakaapelit: 38,5 mm\u00b2, pituus 183 cm<br \/>\nPaino: 53,0 kg<br \/>\nMitat (P x L x K, kahvan kanssa): 563 x 194 x 253 mm<br \/>\nPulttijako: 254 x 114 mm<\/p>\n","protected":false},"excerpt":{"rendered":"<p>Takuu 5 vuotta Tekniset tiedot: Suurin vetovoima: 7954 kg (17  [&#8230;]<\/p>\n","protected":false},"featured_media":18458,"template":"","meta":{"_acf_changed":false},"mark-ja-mudel":[],"product_brand":[],"product_cat":[1105,1103],"product_tag":[1107],"class_list":{"0":"post-77129","1":"product","2":"type-product","3":"status-publish","4":"has-post-thumbnail","6":"product_cat-vinssit-ja-tarvikkeet","7":"product_cat-vinssit-ja-vinssitarvikkeet","8":"product_tag-toimitusaika-4-5-paivaa","10":"first","11":"instock","12":"taxable","13":"shipping-taxable","14":"purchasable","15":"product-type-simple"},"bundled_by":[],"bundle_stock_status":"instock","bundle_stock_quantity":null,"bundle_virtual":false,"bundle_layout":"","bundle_add_to_cart_form_location":"","bundle_editable_in_cart":false,"bundle_sold_individually_context":"","bundle_item_grouping":"","bundle_min_size":"","bundle_max_size":"","bundle_price":[],"bundled_items":[],"bundle_sell_ids":[],"acf":[],"yoast_head":"<!-- This site is optimized with the Yoast SEO plugin v27.3 - https:\/\/yoast.com\/product\/yoast-seo-wordpress\/ -->\n<title>Vinssi More4x4 PRO 17500lbs 12V vaijerilla, 2 in 1 -kauko-ohjaimella. | Vinssit ja tarvikkeet, Vinssit ja vinssitarvikkeet<\/title>\n<meta name=\"description\" content=\"Vinssi More4x4 PRO 17500lbs 12V vaijerilla, 2 in 1 -kauko-ohjaimella. - Vinssit ja tarvikkeet, Vinssit ja vinssitarvikkeet . Autojen, maastureiden ja pakettiautojen lis\u00e4varusteet. Varaosat.\" \/>\n<meta name=\"robots\" content=\"index, follow, max-snippet:-1, max-image-preview:large, max-video-preview:-1\" \/>\n<link rel=\"canonical\" href=\"https:\/\/www.castrum.ee\/fi\/toode\/vinssi-more4x4-pro-17500lbs-12v-vaijerilla-2-in-1-kauko-ohjaimella\/\" \/>\n<meta property=\"og:locale\" content=\"fi_FI\" \/>\n<meta property=\"og:type\" content=\"article\" \/>\n<meta property=\"og:title\" content=\"Vinssi More4x4 PRO 17500lbs 12V vaijerilla, 2 in 1 -kauko-ohjaimella. | Vinssit ja tarvikkeet, Vinssit ja vinssitarvikkeet\" \/>\n<meta property=\"og:description\" content=\"Vinssi More4x4 PRO 17500lbs 12V vaijerilla, 2 in 1 -kauko-ohjaimella. - Vinssit ja tarvikkeet, Vinssit ja vinssitarvikkeet . Autojen, maastureiden ja pakettiautojen lis\u00e4varusteet. Varaosat.\" \/>\n<meta property=\"og:url\" content=\"https:\/\/www.castrum.ee\/fi\/toode\/vinssi-more4x4-pro-17500lbs-12v-vaijerilla-2-in-1-kauko-ohjaimella\/\" \/>\n<meta property=\"og:site_name\" content=\"Castrum\" \/>\n<meta property=\"article:publisher\" content=\"https:\/\/www.facebook.com\/castrum.ee\" \/>\n<meta name=\"twitter:card\" content=\"summary_large_image\" \/>\n<script type=\"application\/ld+json\" class=\"yoast-schema-graph\">{\"@context\":\"https:\\\/\\\/schema.org\",\"@graph\":[{\"@type\":\"WebPage\",\"@id\":\"https:\\\/\\\/www.castrum.ee\\\/fi\\\/toode\\\/vinssi-more4x4-pro-17500lbs-12v-vaijerilla-2-in-1-kauko-ohjaimella\\\/\",\"url\":\"https:\\\/\\\/www.castrum.ee\\\/fi\\\/toode\\\/vinssi-more4x4-pro-17500lbs-12v-vaijerilla-2-in-1-kauko-ohjaimella\\\/\",\"name\":\"Vinssi More4x4 PRO 17500lbs 12V vaijerilla, 2 in 1 -kauko-ohjaimella. | Vinssit ja tarvikkeet, Vinssit ja vinssitarvikkeet\",\"isPartOf\":{\"@id\":\"https:\\\/\\\/www.castrum.ee\\\/fi\\\/#website\"},\"primaryImageOfPage\":{\"@id\":\"https:\\\/\\\/www.castrum.ee\\\/fi\\\/toode\\\/vinssi-more4x4-pro-17500lbs-12v-vaijerilla-2-in-1-kauko-ohjaimella\\\/#primaryimage\"},\"image\":{\"@id\":\"https:\\\/\\\/www.castrum.ee\\\/fi\\\/toode\\\/vinssi-more4x4-pro-17500lbs-12v-vaijerilla-2-in-1-kauko-ohjaimella\\\/#primaryimage\"},\"thumbnailUrl\":\"https:\\\/\\\/www.castrum.ee\\\/wp-content\\\/uploads\\\/2025\\\/09\\\/1136-wyciagarka-more-4x4-pro-17500lbs-12v.-pilot-bp.jpg\",\"datePublished\":\"2025-09-22T09:38:33+00:00\",\"description\":\"Vinssi More4x4 PRO 17500lbs 12V vaijerilla, 2 in 1 -kauko-ohjaimella. - Vinssit ja tarvikkeet, Vinssit ja vinssitarvikkeet . Autojen, maastureiden ja pakettiautojen lis\u00e4varusteet. Varaosat.\",\"breadcrumb\":{\"@id\":\"https:\\\/\\\/www.castrum.ee\\\/fi\\\/toode\\\/vinssi-more4x4-pro-17500lbs-12v-vaijerilla-2-in-1-kauko-ohjaimella\\\/#breadcrumb\"},\"inLanguage\":\"fi\",\"potentialAction\":[{\"@type\":\"ReadAction\",\"target\":[\"https:\\\/\\\/www.castrum.ee\\\/fi\\\/toode\\\/vinssi-more4x4-pro-17500lbs-12v-vaijerilla-2-in-1-kauko-ohjaimella\\\/\"]}]},{\"@type\":\"ImageObject\",\"inLanguage\":\"fi\",\"@id\":\"https:\\\/\\\/www.castrum.ee\\\/fi\\\/toode\\\/vinssi-more4x4-pro-17500lbs-12v-vaijerilla-2-in-1-kauko-ohjaimella\\\/#primaryimage\",\"url\":\"https:\\\/\\\/www.castrum.ee\\\/wp-content\\\/uploads\\\/2025\\\/09\\\/1136-wyciagarka-more-4x4-pro-17500lbs-12v.-pilot-bp.jpg\",\"contentUrl\":\"https:\\\/\\\/www.castrum.ee\\\/wp-content\\\/uploads\\\/2025\\\/09\\\/1136-wyciagarka-more-4x4-pro-17500lbs-12v.-pilot-bp.jpg\",\"width\":800,\"height\":533},{\"@type\":\"BreadcrumbList\",\"@id\":\"https:\\\/\\\/www.castrum.ee\\\/fi\\\/toode\\\/vinssi-more4x4-pro-17500lbs-12v-vaijerilla-2-in-1-kauko-ohjaimella\\\/#breadcrumb\",\"itemListElement\":[{\"@type\":\"ListItem\",\"position\":1,\"name\":\"Home\",\"item\":\"https:\\\/\\\/www.castrum.ee\\\/fi\\\/kotisivu\\\/\"},{\"@type\":\"ListItem\",\"position\":2,\"name\":\"Verkkokauppa\",\"item\":\"https:\\\/\\\/www.castrum.ee\\\/fi\\\/kauppa\\\/\"},{\"@type\":\"ListItem\",\"position\":3,\"name\":\"Vinssi More4x4 PRO 17500lbs 12V vaijerilla, 2 in 1 -kauko-ohjaimella.\"}]},{\"@type\":\"WebSite\",\"@id\":\"https:\\\/\\\/www.castrum.ee\\\/fi\\\/#website\",\"url\":\"https:\\\/\\\/www.castrum.ee\\\/fi\\\/\",\"name\":\"Castrum\",\"description\":\"Maasturite, s\u00f5iduautode ja v\u00e4ikebusside lisavarustus\",\"publisher\":{\"@id\":\"https:\\\/\\\/www.castrum.ee\\\/fi\\\/#organization\"},\"potentialAction\":[{\"@type\":\"SearchAction\",\"target\":{\"@type\":\"EntryPoint\",\"urlTemplate\":\"https:\\\/\\\/www.castrum.ee\\\/fi\\\/?s={search_term_string}\"},\"query-input\":{\"@type\":\"PropertyValueSpecification\",\"valueRequired\":true,\"valueName\":\"search_term_string\"}}],\"inLanguage\":\"fi\"},{\"@type\":\"Organization\",\"@id\":\"https:\\\/\\\/www.castrum.ee\\\/fi\\\/#organization\",\"name\":\"Castrum Grupp O\u00dc\",\"url\":\"https:\\\/\\\/www.castrum.ee\\\/fi\\\/\",\"logo\":{\"@type\":\"ImageObject\",\"inLanguage\":\"fi\",\"@id\":\"https:\\\/\\\/www.castrum.ee\\\/fi\\\/#\\\/schema\\\/logo\\\/image\\\/\",\"url\":\"https:\\\/\\\/www.castrum.ee\\\/wp-content\\\/uploads\\\/2025\\\/03\\\/Castrum-logo-500.png\",\"contentUrl\":\"https:\\\/\\\/www.castrum.ee\\\/wp-content\\\/uploads\\\/2025\\\/03\\\/Castrum-logo-500.png\",\"width\":500,\"height\":250,\"caption\":\"Castrum Grupp O\u00dc\"},\"image\":{\"@id\":\"https:\\\/\\\/www.castrum.ee\\\/fi\\\/#\\\/schema\\\/logo\\\/image\\\/\"},\"sameAs\":[\"https:\\\/\\\/www.facebook.com\\\/castrum.ee\"]}]}<\/script>\n<!-- \/ Yoast SEO plugin. -->","yoast_head_json":{"title":"Vinssi More4x4 PRO 17500lbs 12V vaijerilla, 2 in 1 -kauko-ohjaimella. | Vinssit ja tarvikkeet, Vinssit ja vinssitarvikkeet","description":"Vinssi More4x4 PRO 17500lbs 12V vaijerilla, 2 in 1 -kauko-ohjaimella. - Vinssit ja tarvikkeet, Vinssit ja vinssitarvikkeet . Autojen, maastureiden ja pakettiautojen lis\u00e4varusteet. Varaosat.","robots":{"index":"index","follow":"follow","max-snippet":"max-snippet:-1","max-image-preview":"max-image-preview:large","max-video-preview":"max-video-preview:-1"},"canonical":"https:\/\/www.castrum.ee\/fi\/toode\/vinssi-more4x4-pro-17500lbs-12v-vaijerilla-2-in-1-kauko-ohjaimella\/","og_locale":"fi_FI","og_type":"article","og_title":"Vinssi More4x4 PRO 17500lbs 12V vaijerilla, 2 in 1 -kauko-ohjaimella. | Vinssit ja tarvikkeet, Vinssit ja vinssitarvikkeet","og_description":"Vinssi More4x4 PRO 17500lbs 12V vaijerilla, 2 in 1 -kauko-ohjaimella. - Vinssit ja tarvikkeet, Vinssit ja vinssitarvikkeet . Autojen, maastureiden ja pakettiautojen lis\u00e4varusteet. Varaosat.","og_url":"https:\/\/www.castrum.ee\/fi\/toode\/vinssi-more4x4-pro-17500lbs-12v-vaijerilla-2-in-1-kauko-ohjaimella\/","og_site_name":"Castrum","article_publisher":"https:\/\/www.facebook.com\/castrum.ee","twitter_card":"summary_large_image","schema":{"@context":"https:\/\/schema.org","@graph":[{"@type":"WebPage","@id":"https:\/\/www.castrum.ee\/fi\/toode\/vinssi-more4x4-pro-17500lbs-12v-vaijerilla-2-in-1-kauko-ohjaimella\/","url":"https:\/\/www.castrum.ee\/fi\/toode\/vinssi-more4x4-pro-17500lbs-12v-vaijerilla-2-in-1-kauko-ohjaimella\/","name":"Vinssi More4x4 PRO 17500lbs 12V vaijerilla, 2 in 1 -kauko-ohjaimella. | Vinssit ja tarvikkeet, Vinssit ja vinssitarvikkeet","isPartOf":{"@id":"https:\/\/www.castrum.ee\/fi\/#website"},"primaryImageOfPage":{"@id":"https:\/\/www.castrum.ee\/fi\/toode\/vinssi-more4x4-pro-17500lbs-12v-vaijerilla-2-in-1-kauko-ohjaimella\/#primaryimage"},"image":{"@id":"https:\/\/www.castrum.ee\/fi\/toode\/vinssi-more4x4-pro-17500lbs-12v-vaijerilla-2-in-1-kauko-ohjaimella\/#primaryimage"},"thumbnailUrl":"https:\/\/www.castrum.ee\/wp-content\/uploads\/2025\/09\/1136-wyciagarka-more-4x4-pro-17500lbs-12v.-pilot-bp.jpg","datePublished":"2025-09-22T09:38:33+00:00","description":"Vinssi More4x4 PRO 17500lbs 12V vaijerilla, 2 in 1 -kauko-ohjaimella. - Vinssit ja tarvikkeet, Vinssit ja vinssitarvikkeet . Autojen, maastureiden ja pakettiautojen lis\u00e4varusteet. Varaosat.","breadcrumb":{"@id":"https:\/\/www.castrum.ee\/fi\/toode\/vinssi-more4x4-pro-17500lbs-12v-vaijerilla-2-in-1-kauko-ohjaimella\/#breadcrumb"},"inLanguage":"fi","potentialAction":[{"@type":"ReadAction","target":["https:\/\/www.castrum.ee\/fi\/toode\/vinssi-more4x4-pro-17500lbs-12v-vaijerilla-2-in-1-kauko-ohjaimella\/"]}]},{"@type":"ImageObject","inLanguage":"fi","@id":"https:\/\/www.castrum.ee\/fi\/toode\/vinssi-more4x4-pro-17500lbs-12v-vaijerilla-2-in-1-kauko-ohjaimella\/#primaryimage","url":"https:\/\/www.castrum.ee\/wp-content\/uploads\/2025\/09\/1136-wyciagarka-more-4x4-pro-17500lbs-12v.-pilot-bp.jpg","contentUrl":"https:\/\/www.castrum.ee\/wp-content\/uploads\/2025\/09\/1136-wyciagarka-more-4x4-pro-17500lbs-12v.-pilot-bp.jpg","width":800,"height":533},{"@type":"BreadcrumbList","@id":"https:\/\/www.castrum.ee\/fi\/toode\/vinssi-more4x4-pro-17500lbs-12v-vaijerilla-2-in-1-kauko-ohjaimella\/#breadcrumb","itemListElement":[{"@type":"ListItem","position":1,"name":"Home","item":"https:\/\/www.castrum.ee\/fi\/kotisivu\/"},{"@type":"ListItem","position":2,"name":"Verkkokauppa","item":"https:\/\/www.castrum.ee\/fi\/kauppa\/"},{"@type":"ListItem","position":3,"name":"Vinssi More4x4 PRO 17500lbs 12V vaijerilla, 2 in 1 -kauko-ohjaimella."}]},{"@type":"WebSite","@id":"https:\/\/www.castrum.ee\/fi\/#website","url":"https:\/\/www.castrum.ee\/fi\/","name":"Castrum","description":"Maasturite, s\u00f5iduautode ja v\u00e4ikebusside lisavarustus","publisher":{"@id":"https:\/\/www.castrum.ee\/fi\/#organization"},"potentialAction":[{"@type":"SearchAction","target":{"@type":"EntryPoint","urlTemplate":"https:\/\/www.castrum.ee\/fi\/?s={search_term_string}"},"query-input":{"@type":"PropertyValueSpecification","valueRequired":true,"valueName":"search_term_string"}}],"inLanguage":"fi"},{"@type":"Organization","@id":"https:\/\/www.castrum.ee\/fi\/#organization","name":"Castrum Grupp O\u00dc","url":"https:\/\/www.castrum.ee\/fi\/","logo":{"@type":"ImageObject","inLanguage":"fi","@id":"https:\/\/www.castrum.ee\/fi\/#\/schema\/logo\/image\/","url":"https:\/\/www.castrum.ee\/wp-content\/uploads\/2025\/03\/Castrum-logo-500.png","contentUrl":"https:\/\/www.castrum.ee\/wp-content\/uploads\/2025\/03\/Castrum-logo-500.png","width":500,"height":250,"caption":"Castrum Grupp O\u00dc"},"image":{"@id":"https:\/\/www.castrum.ee\/fi\/#\/schema\/logo\/image\/"},"sameAs":["https:\/\/www.facebook.com\/castrum.ee"]}]}},"_links":{"self":[{"href":"https:\/\/www.castrum.ee\/fi\/wp-json\/wp\/v2\/product\/77129","targetHints":{"allow":["GET"]}}],"collection":[{"href":"https:\/\/www.castrum.ee\/fi\/wp-json\/wp\/v2\/product"}],"about":[{"href":"https:\/\/www.castrum.ee\/fi\/wp-json\/wp\/v2\/types\/product"}],"wp:featuredmedia":[{"embeddable":true,"href":"https:\/\/www.castrum.ee\/fi\/wp-json\/wp\/v2\/media\/18458"}],"wp:attachment":[{"href":"https:\/\/www.castrum.ee\/fi\/wp-json\/wp\/v2\/media?parent=77129"}],"wp:term":[{"taxonomy":"mark-ja-mudel","embeddable":true,"href":"https:\/\/www.castrum.ee\/fi\/wp-json\/wp\/v2\/mark-ja-mudel?post=77129"},{"taxonomy":"product_brand","embeddable":true,"href":"https:\/\/www.castrum.ee\/fi\/wp-json\/wp\/v2\/product_brand?post=77129"},{"taxonomy":"product_cat","embeddable":true,"href":"https:\/\/www.castrum.ee\/fi\/wp-json\/wp\/v2\/product_cat?post=77129"},{"taxonomy":"product_tag","embeddable":true,"href":"https:\/\/www.castrum.ee\/fi\/wp-json\/wp\/v2\/product_tag?post=77129"}],"curies":[{"name":"wp","href":"https:\/\/api.w.org\/{rel}","templated":true}]}}