{"id":77143,"date":"2025-11-12T10:57:38","date_gmt":"2025-11-12T08:57:38","guid":{"rendered":"https:\/\/www.castrum.ee\/toode\/steeler-e-sertifioitu-a-puskuri-toyota-land-cruiser-250-24\/"},"modified":"2025-11-12T10:57:38","modified_gmt":"2025-11-12T08:57:38","slug":"steeler-e-sertifioitu-a-puskuri-toyota-land-cruiser-250-24","status":"publish","type":"product","link":"https:\/\/www.castrum.ee\/fi\/toode\/steeler-e-sertifioitu-a-puskuri-toyota-land-cruiser-250-24\/","title":{"rendered":"Steeler E-sertifioitu A-puskuri | Toyota Land Cruiser 250 [24+]"},"content":{"rendered":"<p data-start=\"0\" data-end=\"129\"><strong data-start=\"0\" data-end=\"72\">STEELER\u00ae ruostumattomasta ter\u00e4ksest\u00e4 valmistettu A-puskuri \u2013 Toyota Land Cruiser 250<\/strong><br data-start=\"72\" data-end=\"75\"><em data-start=\"75\" data-end=\"127\">Tunnusomainen muotoilu ja varma suoja ajoneuvollesi<\/em><\/p>\n<p data-start=\"131\" data-end=\"294\"><strong data-start=\"131\" data-end=\"155\">STEELER\u00ae A-puskuri<\/strong> on suunniteltu korostamaan <strong data-start=\"180\" data-end=\"207\">Toyota Land Cruiser 250:n<\/strong> ainutlaatuista luonnetta, tarjoten samalla lis\u00e4suojaa ja vahvan visuaalisen korostuksen.<\/p>\n<p data-start=\"296\" data-end=\"622\">70 mm halkaisijaltaan ja 2 mm sein\u00e4m\u00e4paksuudeltaan olevat putket on valmistettu <strong data-start=\"356\" data-end=\"392\">ruostumattomasta ter\u00e4ksest\u00e4 (AISI 304)<\/strong> ja <strong data-start=\"398\" data-end=\"420\">k\u00e4sin kiillotettu<\/strong> kest\u00e4vyyden sek\u00e4 ajoneuvon rakenteellisten osien suojan varmistamiseksi. Tuloksena on <strong data-start=\"503\" data-end=\"535\">elegantti ja voimakas<\/strong> ulkon\u00e4k\u00f6, joka antaa autolle arvokkaamman ja aggressiivisemman ilmeen sek\u00e4 auttaa sit\u00e4 erottumaan muista. <\/p>\n<p data-start=\"624\" data-end=\"743\">Pakkaus sis\u00e4lt\u00e4\u00e4 <strong data-start=\"645\" data-end=\"674\">t\u00e4ydellisen asennussarjan<\/strong> ja <strong data-start=\"678\" data-end=\"706\">selke\u00e4t asennusohjeet<\/strong> nopeaa ja tarkkaa asennusta varten.<\/p>\n<p data-start=\"745\" data-end=\"1010\"><strong data-start=\"839\" data-end=\"887\">A-puskuri<\/strong> on saanut <strong data-start=\"745\" data-end=\"762\">eurooppalaisen tyyppihyv\u00e4ksynn\u00e4n<\/strong> ja se on suunniteltu uusimpien <strong data-start=\"773\" data-end=\"799\">EU-standardien ja direktiivin 78\/2009\/EY<\/strong> mukaisesti. T\u00e4m\u00e4 vahvistaa, ett\u00e4 tuote t\u00e4ytt\u00e4\u00e4 korkeimmat turvallisuusvaatimukset ja on l\u00e4p\u00e4issyt<strong data-start=\"977\" data-end=\"1000\"> kaikki jalankulkijoiden turvallisuustestit <\/strong>onnistuneesti. <\/p>\n<p data-start=\"1012\" data-end=\"1187\">Jos haluat, ett\u00e4 <strong data-start=\"1032\" data-end=\"1059\">Toyota Land Cruiser 250<\/strong> n\u00e4ytt\u00e4\u00e4 erityiselt\u00e4 s\u00e4ilytt\u00e4en samalla t\u00e4ydellisen muotonsa ja toiminnallisuutensa, on <strong data-start=\"1147\" data-end=\"1171\">STEELER\u00ae etupuskuri<\/strong> varma valinta.<\/p>\n<p data-start=\"1189\" data-end=\"1378\"><strong data-start=\"1189\" data-end=\"1220\">Ruostumaton ter\u00e4s (AISI 304) <\/strong>takaa erinomaisen korroosionkest\u00e4vyyden jopa kaikkein vaativimmissa s\u00e4\u00e4olosuhteissa, ja sit\u00e4 k\u00e4ytet\u00e4\u00e4n laajasti my\u00f6s teollisuudessa, mukaan lukien elintarviketeollisuudessa.<\/p>\n<p data-start=\"1380\" data-end=\"1395\"><strong data-start=\"1380\" data-end=\"1393\">Takuu:<\/strong><\/p>\n<ul data-start=\"1396\" data-end=\"1493\" data-is-last-node=\"\" data-is-only-node=\"\">\n<li data-start=\"1396\" data-end=\"1439\">\n<p data-start=\"1398\" data-end=\"1439\">Kiillotetulle etupuskurille \u2013 <strong data-start=\"1426\" data-end=\"1437\">24 kuukautta<\/strong><\/p>\n<\/li>\n<li data-start=\"1440\" data-end=\"1493\" data-is-last-node=\"\">\n<p data-start=\"1442\" data-end=\"1493\" data-is-last-node=\"\">Mustaksi maalatun etupuskurin pinnalle \u2013 <strong data-start=\"1482\" data-end=\"1493\" data-is-last-node=\"\">12 kuukautta<\/strong><\/p>\n<\/li>\n<\/ul>\n","protected":false},"excerpt":{"rendered":"<p data-start=\"131\" data-end=\"294\"><strong data-start=\"131\" data-end=\"155\">STEELER\u00ae A-puskuri<\/strong> on suunniteltu korostamaan <strong data-start=\"180\" data-end=\"207\">Toyota Land Cruiser 250:n<\/strong> ainutlaatuista luonnetta, tarjoten samalla lis\u00e4suojaa ja vahvan visuaalisen korostuksen.<\/p>\n<p data-start=\"296\" data-end=\"622\">70 mm halkaisijaltaan ja 2 mm sein\u00e4m\u00e4paksuudeltaan olevat putket on valmistettu <strong data-start=\"356\" data-end=\"392\">ruostumattomasta ter\u00e4ksest\u00e4 (AISI 304)<\/strong> ja <strong data-start=\"398\" data-end=\"420\">k\u00e4sin kiillotettu<\/strong> kest\u00e4vyyden sek\u00e4 ajoneuvon rakenteellisten osien suojan varmistamiseksi. Tuloksena on <strong data-start=\"503\" data-end=\"535\">elegantti ja voimakas<\/strong> ulkon\u00e4k\u00f6, joka antaa autolle arvokkaamman ja aggressiivisemman ilmeen sek\u00e4 auttaa sit\u00e4 erottumaan muista. <\/p>\n<p data-start=\"624\" data-end=\"743\">Pakkaus sis\u00e4lt\u00e4\u00e4 <strong data-start=\"645\" data-end=\"674\">t\u00e4ydellisen asennussarjan<\/strong> ja <strong data-start=\"678\" data-end=\"706\">selke\u00e4t asennusohjeet<\/strong> nopeaa ja tarkkaa asennusta varten.<\/p>\n","protected":false},"featured_media":76988,"template":"","meta":{"_acf_changed":false},"mark-ja-mudel":[],"product_brand":[1293,1279,1277],"product_cat":[1061,1062],"product_tag":[],"class_list":{"0":"post-77143","1":"product","2":"type-product","3":"status-publish","4":"has-post-thumbnail","6":"product_brand-land-cruiser","7":"product_brand-land-cruiser-250","8":"product_brand-toyota","9":"product_cat-4x4-raudat","10":"product_cat-e-hyvaksytyt-eturaudat","12":"first","13":"instock","14":"taxable","15":"shipping-taxable","16":"purchasable","17":"product-type-variable"},"bundled_by":[],"bundle_stock_status":"instock","bundle_stock_quantity":null,"bundle_virtual":false,"bundle_layout":"","bundle_add_to_cart_form_location":"","bundle_editable_in_cart":false,"bundle_sold_individually_context":"","bundle_item_grouping":"","bundle_min_size":"","bundle_max_size":"","bundle_price":[],"bundled_items":[],"bundle_sell_ids":[],"acf":[],"yoast_head":"<!-- This site is optimized with the Yoast SEO plugin v27.3 - https:\/\/yoast.com\/product\/yoast-seo-wordpress\/ -->\n<title>Steeler E-sertifioitu A-puskuri | Toyota Land Cruiser 250 [24+] | 4x4-raudat, E-hyv\u00e4ksytyt eturaudat<\/title>\n<meta name=\"description\" content=\"Steeler E-sertifioitu A-puskuri | Toyota Land Cruiser 250 [24+] - 4x4-raudat, E-hyv\u00e4ksytyt eturaudat . Autojen, maastureiden ja pakettiautojen lis\u00e4varusteet. Varaosat.\" \/>\n<meta name=\"robots\" content=\"index, follow, max-snippet:-1, max-image-preview:large, max-video-preview:-1\" \/>\n<link rel=\"canonical\" href=\"https:\/\/www.castrum.ee\/fi\/toode\/steeler-e-sertifioitu-a-puskuri-toyota-land-cruiser-250-24\/\" \/>\n<meta property=\"og:locale\" content=\"fi_FI\" \/>\n<meta property=\"og:type\" content=\"article\" \/>\n<meta property=\"og:title\" content=\"Steeler E-sertifioitu A-puskuri | Toyota Land Cruiser 250 [24+] | 4x4-raudat, E-hyv\u00e4ksytyt eturaudat\" \/>\n<meta property=\"og:description\" content=\"Steeler E-sertifioitu A-puskuri | Toyota Land Cruiser 250 [24+] - 4x4-raudat, E-hyv\u00e4ksytyt eturaudat . Autojen, maastureiden ja pakettiautojen lis\u00e4varusteet. Varaosat.\" \/>\n<meta property=\"og:url\" content=\"https:\/\/www.castrum.ee\/fi\/toode\/steeler-e-sertifioitu-a-puskuri-toyota-land-cruiser-250-24\/\" \/>\n<meta property=\"og:site_name\" content=\"Castrum\" \/>\n<meta property=\"article:publisher\" content=\"https:\/\/www.facebook.com\/castrum.ee\" \/>\n<meta property=\"og:image\" content=\"https:\/\/www.castrum.ee\/wp-content\/uploads\/2025\/11\/lc250-a-raud-poleeritud-teras.jpg\" \/>\n\t<meta property=\"og:image:width\" content=\"1000\" \/>\n\t<meta property=\"og:image:height\" content=\"562\" \/>\n\t<meta property=\"og:image:type\" content=\"image\/jpeg\" \/>\n<meta name=\"twitter:card\" content=\"summary_large_image\" \/>\n<meta name=\"twitter:label1\" content=\"Arvioitu lukuaika\" \/>\n\t<meta name=\"twitter:data1\" content=\"1 minuutti\" \/>\n<script type=\"application\/ld+json\" class=\"yoast-schema-graph\">{\"@context\":\"https:\\\/\\\/schema.org\",\"@graph\":[{\"@type\":\"WebPage\",\"@id\":\"https:\\\/\\\/www.castrum.ee\\\/fi\\\/toode\\\/steeler-e-sertifioitu-a-puskuri-toyota-land-cruiser-250-24\\\/\",\"url\":\"https:\\\/\\\/www.castrum.ee\\\/fi\\\/toode\\\/steeler-e-sertifioitu-a-puskuri-toyota-land-cruiser-250-24\\\/\",\"name\":\"Steeler E-sertifioitu A-puskuri | Toyota Land Cruiser 250 [24+] | 4x4-raudat, E-hyv\u00e4ksytyt eturaudat\",\"isPartOf\":{\"@id\":\"https:\\\/\\\/www.castrum.ee\\\/fi\\\/#website\"},\"primaryImageOfPage\":{\"@id\":\"https:\\\/\\\/www.castrum.ee\\\/fi\\\/toode\\\/steeler-e-sertifioitu-a-puskuri-toyota-land-cruiser-250-24\\\/#primaryimage\"},\"image\":{\"@id\":\"https:\\\/\\\/www.castrum.ee\\\/fi\\\/toode\\\/steeler-e-sertifioitu-a-puskuri-toyota-land-cruiser-250-24\\\/#primaryimage\"},\"thumbnailUrl\":\"https:\\\/\\\/www.castrum.ee\\\/wp-content\\\/uploads\\\/2025\\\/11\\\/lc250-a-raud-poleeritud-teras.jpg\",\"datePublished\":\"2025-11-12T08:57:38+00:00\",\"description\":\"Steeler E-sertifioitu A-puskuri | Toyota Land Cruiser 250 [24+] - 4x4-raudat, E-hyv\u00e4ksytyt eturaudat . Autojen, maastureiden ja pakettiautojen lis\u00e4varusteet. Varaosat.\",\"breadcrumb\":{\"@id\":\"https:\\\/\\\/www.castrum.ee\\\/fi\\\/toode\\\/steeler-e-sertifioitu-a-puskuri-toyota-land-cruiser-250-24\\\/#breadcrumb\"},\"inLanguage\":\"fi\",\"potentialAction\":[{\"@type\":\"ReadAction\",\"target\":[\"https:\\\/\\\/www.castrum.ee\\\/fi\\\/toode\\\/steeler-e-sertifioitu-a-puskuri-toyota-land-cruiser-250-24\\\/\"]}]},{\"@type\":\"ImageObject\",\"inLanguage\":\"fi\",\"@id\":\"https:\\\/\\\/www.castrum.ee\\\/fi\\\/toode\\\/steeler-e-sertifioitu-a-puskuri-toyota-land-cruiser-250-24\\\/#primaryimage\",\"url\":\"https:\\\/\\\/www.castrum.ee\\\/wp-content\\\/uploads\\\/2025\\\/11\\\/lc250-a-raud-poleeritud-teras.jpg\",\"contentUrl\":\"https:\\\/\\\/www.castrum.ee\\\/wp-content\\\/uploads\\\/2025\\\/11\\\/lc250-a-raud-poleeritud-teras.jpg\",\"width\":1000,\"height\":562},{\"@type\":\"BreadcrumbList\",\"@id\":\"https:\\\/\\\/www.castrum.ee\\\/fi\\\/toode\\\/steeler-e-sertifioitu-a-puskuri-toyota-land-cruiser-250-24\\\/#breadcrumb\",\"itemListElement\":[{\"@type\":\"ListItem\",\"position\":1,\"name\":\"Home\",\"item\":\"https:\\\/\\\/www.castrum.ee\\\/fi\\\/kotisivu\\\/\"},{\"@type\":\"ListItem\",\"position\":2,\"name\":\"Verkkokauppa\",\"item\":\"https:\\\/\\\/www.castrum.ee\\\/fi\\\/kauppa\\\/\"},{\"@type\":\"ListItem\",\"position\":3,\"name\":\"Steeler E-sertifioitu A-puskuri | Toyota Land Cruiser 250 [24+]\"}]},{\"@type\":\"WebSite\",\"@id\":\"https:\\\/\\\/www.castrum.ee\\\/fi\\\/#website\",\"url\":\"https:\\\/\\\/www.castrum.ee\\\/fi\\\/\",\"name\":\"Castrum\",\"description\":\"Maasturite, s\u00f5iduautode ja v\u00e4ikebusside lisavarustus\",\"publisher\":{\"@id\":\"https:\\\/\\\/www.castrum.ee\\\/fi\\\/#organization\"},\"potentialAction\":[{\"@type\":\"SearchAction\",\"target\":{\"@type\":\"EntryPoint\",\"urlTemplate\":\"https:\\\/\\\/www.castrum.ee\\\/fi\\\/?s={search_term_string}\"},\"query-input\":{\"@type\":\"PropertyValueSpecification\",\"valueRequired\":true,\"valueName\":\"search_term_string\"}}],\"inLanguage\":\"fi\"},{\"@type\":\"Organization\",\"@id\":\"https:\\\/\\\/www.castrum.ee\\\/fi\\\/#organization\",\"name\":\"Castrum Grupp O\u00dc\",\"url\":\"https:\\\/\\\/www.castrum.ee\\\/fi\\\/\",\"logo\":{\"@type\":\"ImageObject\",\"inLanguage\":\"fi\",\"@id\":\"https:\\\/\\\/www.castrum.ee\\\/fi\\\/#\\\/schema\\\/logo\\\/image\\\/\",\"url\":\"https:\\\/\\\/www.castrum.ee\\\/wp-content\\\/uploads\\\/2025\\\/03\\\/Castrum-logo-500.png\",\"contentUrl\":\"https:\\\/\\\/www.castrum.ee\\\/wp-content\\\/uploads\\\/2025\\\/03\\\/Castrum-logo-500.png\",\"width\":500,\"height\":250,\"caption\":\"Castrum Grupp O\u00dc\"},\"image\":{\"@id\":\"https:\\\/\\\/www.castrum.ee\\\/fi\\\/#\\\/schema\\\/logo\\\/image\\\/\"},\"sameAs\":[\"https:\\\/\\\/www.facebook.com\\\/castrum.ee\"]}]}<\/script>\n<!-- \/ Yoast SEO plugin. -->","yoast_head_json":{"title":"Steeler E-sertifioitu A-puskuri | Toyota Land Cruiser 250 [24+] | 4x4-raudat, E-hyv\u00e4ksytyt eturaudat","description":"Steeler E-sertifioitu A-puskuri | Toyota Land Cruiser 250 [24+] - 4x4-raudat, E-hyv\u00e4ksytyt eturaudat . Autojen, maastureiden ja pakettiautojen lis\u00e4varusteet. Varaosat.","robots":{"index":"index","follow":"follow","max-snippet":"max-snippet:-1","max-image-preview":"max-image-preview:large","max-video-preview":"max-video-preview:-1"},"canonical":"https:\/\/www.castrum.ee\/fi\/toode\/steeler-e-sertifioitu-a-puskuri-toyota-land-cruiser-250-24\/","og_locale":"fi_FI","og_type":"article","og_title":"Steeler E-sertifioitu A-puskuri | Toyota Land Cruiser 250 [24+] | 4x4-raudat, E-hyv\u00e4ksytyt eturaudat","og_description":"Steeler E-sertifioitu A-puskuri | Toyota Land Cruiser 250 [24+] - 4x4-raudat, E-hyv\u00e4ksytyt eturaudat . Autojen, maastureiden ja pakettiautojen lis\u00e4varusteet. Varaosat.","og_url":"https:\/\/www.castrum.ee\/fi\/toode\/steeler-e-sertifioitu-a-puskuri-toyota-land-cruiser-250-24\/","og_site_name":"Castrum","article_publisher":"https:\/\/www.facebook.com\/castrum.ee","og_image":[{"width":1000,"height":562,"url":"https:\/\/www.castrum.ee\/wp-content\/uploads\/2025\/11\/lc250-a-raud-poleeritud-teras.jpg","type":"image\/jpeg"}],"twitter_card":"summary_large_image","twitter_misc":{"Arvioitu lukuaika":"1 minuutti"},"schema":{"@context":"https:\/\/schema.org","@graph":[{"@type":"WebPage","@id":"https:\/\/www.castrum.ee\/fi\/toode\/steeler-e-sertifioitu-a-puskuri-toyota-land-cruiser-250-24\/","url":"https:\/\/www.castrum.ee\/fi\/toode\/steeler-e-sertifioitu-a-puskuri-toyota-land-cruiser-250-24\/","name":"Steeler E-sertifioitu A-puskuri | Toyota Land Cruiser 250 [24+] | 4x4-raudat, E-hyv\u00e4ksytyt eturaudat","isPartOf":{"@id":"https:\/\/www.castrum.ee\/fi\/#website"},"primaryImageOfPage":{"@id":"https:\/\/www.castrum.ee\/fi\/toode\/steeler-e-sertifioitu-a-puskuri-toyota-land-cruiser-250-24\/#primaryimage"},"image":{"@id":"https:\/\/www.castrum.ee\/fi\/toode\/steeler-e-sertifioitu-a-puskuri-toyota-land-cruiser-250-24\/#primaryimage"},"thumbnailUrl":"https:\/\/www.castrum.ee\/wp-content\/uploads\/2025\/11\/lc250-a-raud-poleeritud-teras.jpg","datePublished":"2025-11-12T08:57:38+00:00","description":"Steeler E-sertifioitu A-puskuri | Toyota Land Cruiser 250 [24+] - 4x4-raudat, E-hyv\u00e4ksytyt eturaudat . Autojen, maastureiden ja pakettiautojen lis\u00e4varusteet. Varaosat.","breadcrumb":{"@id":"https:\/\/www.castrum.ee\/fi\/toode\/steeler-e-sertifioitu-a-puskuri-toyota-land-cruiser-250-24\/#breadcrumb"},"inLanguage":"fi","potentialAction":[{"@type":"ReadAction","target":["https:\/\/www.castrum.ee\/fi\/toode\/steeler-e-sertifioitu-a-puskuri-toyota-land-cruiser-250-24\/"]}]},{"@type":"ImageObject","inLanguage":"fi","@id":"https:\/\/www.castrum.ee\/fi\/toode\/steeler-e-sertifioitu-a-puskuri-toyota-land-cruiser-250-24\/#primaryimage","url":"https:\/\/www.castrum.ee\/wp-content\/uploads\/2025\/11\/lc250-a-raud-poleeritud-teras.jpg","contentUrl":"https:\/\/www.castrum.ee\/wp-content\/uploads\/2025\/11\/lc250-a-raud-poleeritud-teras.jpg","width":1000,"height":562},{"@type":"BreadcrumbList","@id":"https:\/\/www.castrum.ee\/fi\/toode\/steeler-e-sertifioitu-a-puskuri-toyota-land-cruiser-250-24\/#breadcrumb","itemListElement":[{"@type":"ListItem","position":1,"name":"Home","item":"https:\/\/www.castrum.ee\/fi\/kotisivu\/"},{"@type":"ListItem","position":2,"name":"Verkkokauppa","item":"https:\/\/www.castrum.ee\/fi\/kauppa\/"},{"@type":"ListItem","position":3,"name":"Steeler E-sertifioitu A-puskuri | Toyota Land Cruiser 250 [24+]"}]},{"@type":"WebSite","@id":"https:\/\/www.castrum.ee\/fi\/#website","url":"https:\/\/www.castrum.ee\/fi\/","name":"Castrum","description":"Maasturite, s\u00f5iduautode ja v\u00e4ikebusside lisavarustus","publisher":{"@id":"https:\/\/www.castrum.ee\/fi\/#organization"},"potentialAction":[{"@type":"SearchAction","target":{"@type":"EntryPoint","urlTemplate":"https:\/\/www.castrum.ee\/fi\/?s={search_term_string}"},"query-input":{"@type":"PropertyValueSpecification","valueRequired":true,"valueName":"search_term_string"}}],"inLanguage":"fi"},{"@type":"Organization","@id":"https:\/\/www.castrum.ee\/fi\/#organization","name":"Castrum Grupp O\u00dc","url":"https:\/\/www.castrum.ee\/fi\/","logo":{"@type":"ImageObject","inLanguage":"fi","@id":"https:\/\/www.castrum.ee\/fi\/#\/schema\/logo\/image\/","url":"https:\/\/www.castrum.ee\/wp-content\/uploads\/2025\/03\/Castrum-logo-500.png","contentUrl":"https:\/\/www.castrum.ee\/wp-content\/uploads\/2025\/03\/Castrum-logo-500.png","width":500,"height":250,"caption":"Castrum Grupp O\u00dc"},"image":{"@id":"https:\/\/www.castrum.ee\/fi\/#\/schema\/logo\/image\/"},"sameAs":["https:\/\/www.facebook.com\/castrum.ee"]}]}},"_links":{"self":[{"href":"https:\/\/www.castrum.ee\/fi\/wp-json\/wp\/v2\/product\/77143","targetHints":{"allow":["GET"]}}],"collection":[{"href":"https:\/\/www.castrum.ee\/fi\/wp-json\/wp\/v2\/product"}],"about":[{"href":"https:\/\/www.castrum.ee\/fi\/wp-json\/wp\/v2\/types\/product"}],"wp:featuredmedia":[{"embeddable":true,"href":"https:\/\/www.castrum.ee\/fi\/wp-json\/wp\/v2\/media\/76988"}],"wp:attachment":[{"href":"https:\/\/www.castrum.ee\/fi\/wp-json\/wp\/v2\/media?parent=77143"}],"wp:term":[{"taxonomy":"mark-ja-mudel","embeddable":true,"href":"https:\/\/www.castrum.ee\/fi\/wp-json\/wp\/v2\/mark-ja-mudel?post=77143"},{"taxonomy":"product_brand","embeddable":true,"href":"https:\/\/www.castrum.ee\/fi\/wp-json\/wp\/v2\/product_brand?post=77143"},{"taxonomy":"product_cat","embeddable":true,"href":"https:\/\/www.castrum.ee\/fi\/wp-json\/wp\/v2\/product_cat?post=77143"},{"taxonomy":"product_tag","embeddable":true,"href":"https:\/\/www.castrum.ee\/fi\/wp-json\/wp\/v2\/product_tag?post=77143"}],"curies":[{"name":"wp","href":"https:\/\/api.w.org\/{rel}","templated":true}]}}