{"id":77193,"date":"2025-11-11T10:00:16","date_gmt":"2025-11-11T08:00:16","guid":{"rendered":"https:\/\/www.castrum.ee\/toode\/lazer-glide-elite\/"},"modified":"2025-11-13T17:20:08","modified_gmt":"2025-11-13T15:20:08","slug":"lazer-glide-elite","status":"publish","type":"product","link":"https:\/\/www.castrum.ee\/fi\/toode\/lazer-glide-elite\/","title":{"rendered":"LAZER Glide Elite"},"content":{"rendered":"<p data-start=\"0\" data-end=\"542\">Esittelemme <strong data-start=\"11\" data-end=\"22\">Gliden<\/strong> \u2013 maailman ensimm\u00e4isen <em data-start=\"41\" data-end=\"51\">muotoillun<\/em> LED-lis\u00e4valon. Monokokkilinssirakenteensa ansiosta Glide on poikkeuksellisen kevyt, mutta samalla vahva ja kest\u00e4v\u00e4. Glide on 20 tuuman kaareva lis\u00e4valosarja, joka tarjoaa erinomaista suorituskyky\u00e4 s\u00e4ilytt\u00e4en eritt\u00e4in matalan profiilin. T\u00e4ydellinen tasapaino vaikuttavan valotehon ja alkuper\u00e4isvarustelun laatua vastaavan estetiikan v\u00e4lill\u00e4, joka seuraa erilaisten ajoneuvotyyppien ja mallien etuosan linjoja, tekee Glidesta erinomaisen valinnan erityisesti henkil\u00f6- ja kevyiden hy\u00f6tyajoneuvojen segmentiss\u00e4.<\/p>\n<p data-start=\"544\" data-end=\"1243\">Kuten kaikki <em data-start=\"553\" data-end=\"566\">Lazer Elite<\/em> -sarjan tuotteet, my\u00f6s Glide Elite tarjoaa kompaktista koostaan huolimatta poikkeuksellisen voimakkaan ja tasaisen valovirran. T\u00e4m\u00e4 on saavutettu huolellisesti suunnitellun valokeilan avulla, joka perustuu <em data-start=\"729\" data-end=\"735\">Spot<\/em>&#8211; ja <em data-start=\"739\" data-end=\"745\">Wide<\/em>-optiikan sek\u00e4 LEDien yhdistelm\u00e4\u00e4n. N\u00e4m\u00e4 optiikat on tyhji\u00f6metallisoitu Lazerin omassa tehtaassa maksimaalisen heijastavuuden saavuttamiseksi, hy\u00f6dynt\u00e4en 12 800 raakalumenin valotehoa tuottaen 1 luksin valointensiteetin jopa 624 metrin et\u00e4isyydelle ja s\u00e4ilytt\u00e4en samalla 66\u00b0 vaakasuuntaisen valonjakauman. Glide Elite k\u00e4ytt\u00e4\u00e4 huolellisesti valittuja \u201cpremium bin\u201d -LED-valoja, joiden v\u00e4rintoistoindeksi (CRI) on 80 \u2013 t\u00e4m\u00e4 takaa paremman v\u00e4rien ja muotojen erottelun sek\u00e4 selke\u00e4mm\u00e4n ja turvallisemman ajokokemuksen pime\u00e4ss\u00e4.<\/p>\n<p data-start=\"1245\" data-end=\"1752\">Jokaisessa Glide-valossa on sis\u00e4\u00e4nrakennettu <strong data-start=\"1280\" data-end=\"1295\">Dynamic Dip<\/strong> -toiminto, joka mahdollistaa saumattoman siirtymisen pitkien ja l\u00e4hivalojen v\u00e4lill\u00e4. Pienitehoinen tila t\u00e4ytt\u00e4\u00e4 UNECE-asetuksen 149 vaatimukset (kaksois-E-merkint\u00e4) ja soveltuu tilanteisiin, joissa lains\u00e4\u00e4d\u00e4nt\u00f6 sit\u00e4 edellytt\u00e4\u00e4 tai kun on tarpeen v\u00e4hent\u00e4\u00e4 heijastuksia esimerkiksi suurikokoisista liikennemerkeist\u00e4. Dynamic Dip aktivoituu, kun valo on ollut p\u00e4\u00e4ll\u00e4 yli 2 sekuntia \u2013 valon nopea sammuttaminen ja uudelleen sytytt\u00e4minen aktivoi pienemm\u00e4n valotilan.<\/p>\n<p data-start=\"1754\" data-end=\"2043\">Jokainen valo on varustettu <strong data-start=\"1777\" data-end=\"1806\">sivukiinnityssarjalla<\/strong>, mutta lis\u00e4varusteena on saatavilla my\u00f6s rekisterikilpitelineen kiinnike tai varkaudenestolla varustettu sivukiinnityssarja. Kun valo asennetaan rekisterikilven alle, sivukiinnityst\u00e4 on k\u00e4ytett\u00e4v\u00e4 yhdess\u00e4 yleisen rekisterikilpitelineen kiinnityssarjan kanssa (myyd\u00e4\u00e4n erikseen).<\/p>\n<p data-start=\"2045\" data-end=\"2383\">Gliden matalaprofiilinen, muotoiltu lis\u00e4valosarja on kuten kaikki <strong data-start=\"2109\" data-end=\"2122\">Lazerin LED-<\/strong>valaistusratkaisut \u2013 suunniteltu ja valmistettu poikkeuksellisten standardien mukaisesti sek\u00e4 varustettu innovatiivisilla toiminnoilla, jotka maksimoivat suorituskyvyn ja k\u00e4ytt\u00f6i\u00e4n. Glide tarjoaa huippuluokan muotoilun ja erinomaisen valotehon, jota tukee Lazerin <strong data-start=\"2351\" data-end=\"2380\">viiden vuoden takuu.<\/strong><\/p>\n<hr data-start=\"2385\" data-end=\"2388\" \/>\n<h3 data-start=\"2390\" data-end=\"2409\">Tuotteen ominaisuudet:<\/h3>\n<ul data-start=\"2411\" data-end=\"3779\">\n<li data-start=\"2411\" data-end=\"2499\">\n<p data-start=\"2413\" data-end=\"2499\"><em data-start=\"2413\" data-end=\"2423\">Muotoiltu<\/em> lis\u00e4valo, jossa on painevalettu monokokkilinssirakenne<\/p>\n<\/li>\n<li data-start=\"2500\" data-end=\"2586\">\n<p data-start=\"2502\" data-end=\"2586\">Kaareva ja eritt\u00e4in matalaprofiilinen muotoilu takaa alkuper\u00e4isvarustelun tasoisen istuvuuden<\/p>\n<\/li>\n<li data-start=\"2587\" data-end=\"2619\">\n<p data-start=\"2589\" data-end=\"2619\">Patenttihakemuksessa oleva muotoilu<\/p>\n<\/li>\n<li data-start=\"2620\" data-end=\"2683\">\n<p data-start=\"2622\" data-end=\"2683\">Uusimman sukupolven korkean intensiteetin \u201cpremium bin\u201d LED-valot<\/p>\n<\/li>\n<li data-start=\"2684\" data-end=\"2773\">\n<p data-start=\"2686\" data-end=\"2773\">Tyhji\u00f6metalloidut Spot- ja <em data-start=\"2718\" data-end=\"2724\">Wide<\/em>-optiikat optimaalisen valonjakauman saavuttamiseksi<\/p>\n<\/li>\n<li data-start=\"2774\" data-end=\"2848\">\n<p data-start=\"2776\" data-end=\"2848\">Dynamic Dip -toiminto pitkien ja l\u00e4hivalojen v\u00e4lill\u00e4 siirtymiseen<\/p>\n<\/li>\n<li data-start=\"2849\" data-end=\"2947\">\n<p data-start=\"2851\" data-end=\"2947\">UNECE-hyv\u00e4ksynt\u00e4 Reg 149 (Class B Driving Light) \u2013 pienitehoisessa \/ E-merkityss\u00e4 tilassa<\/p>\n<\/li>\n<li data-start=\"2948\" data-end=\"3017\">\n<p data-start=\"2950\" data-end=\"3017\">Mustat PCB-levyt modernin ja hillityn ulkon\u00e4\u00f6n saavuttamiseksi<\/p>\n<\/li>\n<li data-start=\"3018\" data-end=\"3094\">\n<p data-start=\"3020\" data-end=\"3094\"><em data-start=\"3020\" data-end=\"3032\">S\u00e4rkym\u00e4t\u00f6n<\/em> polykarbonaattilinssi kovapinnoitteella (elinik\u00e4isell\u00e4 takuulla*)<\/p>\n<\/li>\n<li data-start=\"3095\" data-end=\"3169\">\n<p data-start=\"3097\" data-end=\"3169\">Linssien alareunassa tekstuuriefekti ainutlaatuisen estetiikan luomiseksi<\/p>\n<\/li>\n<li data-start=\"3170\" data-end=\"3257\">\n<p data-start=\"3172\" data-end=\"3257\">5000 K v\u00e4ril\u00e4mp\u00f6tila ja korkea 80 CRI takaavat maksimaalisen ter\u00e4vyyden ja v\u00e4rintoiston<\/p>\n<\/li>\n<li data-start=\"3258\" data-end=\"3358\">\n<p data-start=\"3260\" data-end=\"3358\">Paketissa sivukiinnitys \u2013 varkaudenestollinen sivukiinnitys ja rekisterikilpitelineen kiinnike saatavilla erikseen<\/p>\n<\/li>\n<li data-start=\"3359\" data-end=\"3426\">\n<p data-start=\"3361\" data-end=\"3426\">Elektroninen l\u00e4mm\u00f6nhallintaj\u00e4rjestelm\u00e4 varmistaa LED-valojen pitk\u00e4ik\u00e4isyyden<\/p>\n<\/li>\n<li data-start=\"3427\" data-end=\"3532\">\n<p data-start=\"3429\" data-end=\"3532\">Ajoneuvoluokan esik\u00e4sittely ja pulverimaalipinta takaavat erinomaisen korroosion- ja kemikaalinkest\u00e4vyyden<\/p>\n<\/li>\n<li data-start=\"3533\" data-end=\"3566\">\n<p data-start=\"3535\" data-end=\"3566\">Ylij\u00e4nnite- ja k\u00e4\u00e4nteisj\u00e4nnitesuojaus<\/p>\n<\/li>\n<li data-start=\"3567\" data-end=\"3593\">\n<p data-start=\"3569\" data-end=\"3593\">UNECE Reg 10 -hyv\u00e4ksynt\u00e4<\/p>\n<\/li>\n<li data-start=\"3594\" data-end=\"3647\">\n<p data-start=\"3596\" data-end=\"3647\">IP68-vesitiiviys \u2013 jopa 1,5 metrin syvyydess\u00e4 30 minuutin ajan<\/p>\n<\/li>\n<li data-start=\"3648\" data-end=\"3670\">\n<p data-start=\"3650\" data-end=\"3670\">5 vuoden takuu<\/p>\n<\/li>\n<li data-start=\"3671\" data-end=\"3734\">\n<p data-start=\"3673\" data-end=\"3734\">25 cm kaapeli, jossa uros- ja naaraspuoliset Superseal 2-napaiset liittimet<\/p>\n<\/li>\n<li data-start=\"3735\" data-end=\"3779\">\n<p data-start=\"3737\" data-end=\"3779\">Suunniteltu ja valmistettu Isossa-Britanniassa<\/p>\n<\/li>\n<\/ul>\n<div class=\"fusion-video fusion-youtube fusion-aligncenter\" style=\"--awb-max-width:600px;--awb-max-height:360px;--awb-width:100%;\"><div class=\"video-shortcode\"><div class=\"fluid-width-video-wrapper\" style=\"padding-top:60%;\" ><iframe title=\"YouTube video player 1\" src=\"https:\/\/www.youtube.com\/embed\/3DIWlwax8KE?wmode=transparent&autoplay=0\" width=\"600\" height=\"360\" allowfullscreen allow=\"autoplay; clipboard-write; encrypted-media; gyroscope; picture-in-picture;\"><\/iframe><\/div><\/div><\/div>\n","protected":false},"excerpt":{"rendered":"<p data-start=\"225\" data-end=\"535\">Nosta ajoneuvosi ulkon\u00e4k\u00f6 ja n\u00e4kyvyys uudelle tasolle Gliden avulla \u2013 maailman ensimm\u00e4isen muotoillun LED-lis\u00e4valon avulla. Monokokkilinssirakenteensa ansiosta Glide on kevyt, vahva ja kest\u00e4v\u00e4, tarjoten huippuluokan valaistuksen eritt\u00e4in matalaprofiilisessa designissa, joka sulautuu t\u00e4ydellisesti ajoneuvon etuosan linjoihin.<\/p>\n<p data-start=\"537\" data-end=\"763\"><strong data-start=\"537\" data-end=\"552\">Glide Elite <\/strong>-versio yhdist\u00e4\u00e4 <em data-start=\"570\" data-end=\"576\">Spot<\/em>&#8211; ja <em data-start=\"580\" data-end=\"586\">Wide<\/em>-optiikan tarjoten maksimaalisen valotehon \u2013 12 800 lumenia, 1 lux jopa 624 metrin et\u00e4isyydelle ja 66\u00b0 leve\u00e4n valokeilan. Korkea 80 CRI takaa selke\u00e4n v\u00e4rintoiston ja turvallisemman ajon y\u00f6ll\u00e4.<\/p>\n<p data-start=\"765\" data-end=\"934\">Sis\u00e4\u00e4nrakennettu <strong data-start=\"779\" data-end=\"794\">Dynamic Dip<\/strong> -toiminto mahdollistaa saumattoman siirtymisen pitkien ja l\u00e4hivalojen v\u00e4lill\u00e4, t\u00e4ytt\u00e4en UNECE Reg 149 -vaatimukset tieliikennek\u00e4ytt\u00f6\u00e4 varten.<\/p>\n<p data-start=\"936\" data-end=\"1142\">Glide on suunniteltu kest\u00e4m\u00e4\u00e4n \u2013 vahva polykarbonaattilinssi (elinik\u00e4isell\u00e4 takuulla), UV- ja kemikaalinkest\u00e4v\u00e4 pinta, IP68-vesitiiviys sek\u00e4 elektroninen l\u00e4mm\u00f6nhallinta takaavat pitk\u00e4n k\u00e4ytt\u00f6i\u00e4n my\u00f6s vaativissa olosuhteissa.<\/p>\n<p><strong>PAKETTI SIS\u00c4LT\u00c4\u00c4:<\/strong><\/p>\n<ul>\n<li data-start=\"22\" data-end=\"55\">\n<p data-start=\"24\" data-end=\"55\">Glide Elite LED-lis\u00e4valot<\/p>\n<\/li>\n<li data-start=\"56\" data-end=\"92\">\n<p data-start=\"58\" data-end=\"92\">Sivukiinnityssarja (1131K)<\/p>\n<\/li>\n<li data-start=\"93\" data-end=\"114\" data-is-last-node=\"\">\n<p data-start=\"95\" data-end=\"114\" data-is-last-node=\"\">Asennusohje<\/p>\n<\/li>\n<\/ul>\n","protected":false},"featured_media":77194,"template":"","meta":{"_acf_changed":false},"mark-ja-mudel":[],"product_brand":[],"product_cat":[1080,1079],"product_tag":[],"class_list":{"0":"post-77193","1":"product","2":"type-product","3":"status-publish","4":"has-post-thumbnail","6":"product_cat-led-kaukovalot","7":"product_cat-led-lisavalot-ja-tarvikkeet","9":"first","10":"instock","11":"sale","12":"taxable","13":"shipping-taxable","14":"purchasable","15":"product-type-bundle"},"bundled_by":[],"bundle_stock_status":"instock","bundle_stock_quantity":"","bundle_virtual":false,"bundle_layout":"tabular","bundle_add_to_cart_form_location":"default","bundle_editable_in_cart":false,"bundle_sold_individually_context":"product","bundle_item_grouping":"parent","bundle_min_size":"","bundle_max_size":"","bundle_price":{"price":{"min":{"incl_tax":"539.10","excl_tax":"434.76"},"max":{"incl_tax":"","excl_tax":""}},"regular_price":{"min":{"incl_tax":"599.00","excl_tax":"483.06"},"max":{"incl_tax":"","excl_tax":""}}},"bundled_items":[{"bundled_item_id":106,"product_id":77706,"menu_order":0,"quantity_min":0,"quantity_max":"","quantity_default":0,"priced_individually":true,"shipped_individually":false,"override_title":true,"title":"Johtosarja","override_description":true,"description":"Yhdelle valolle","optional":false,"hide_thumbnail":false,"discount":"","override_variations":false,"allowed_variations":[""],"override_default_variation_attributes":false,"default_variation_attributes":[],"single_product_visibility":"visible","cart_visibility":"visible","order_visibility":"visible","single_product_price_visibility":"visible","cart_price_visibility":"visible","order_price_visibility":"visible","stock_status":"in_stock"}],"bundle_sell_ids":[],"acf":[],"yoast_head":"<!-- This site is optimized with the Yoast SEO plugin v27.3 - https:\/\/yoast.com\/product\/yoast-seo-wordpress\/ -->\n<title>LAZER Glide Elite | LED-kaukovalot, LED-lis\u00e4valot ja tarvikkeet<\/title>\n<meta name=\"description\" content=\"LAZER Glide Elite - LED-kaukovalot, LED-lis\u00e4valot ja tarvikkeet . Autojen, maastureiden ja pakettiautojen lis\u00e4varusteet. Varaosat.\" \/>\n<meta name=\"robots\" content=\"index, follow, max-snippet:-1, max-image-preview:large, max-video-preview:-1\" \/>\n<link rel=\"canonical\" href=\"https:\/\/www.castrum.ee\/fi\/toode\/lazer-glide-elite\/\" \/>\n<meta property=\"og:locale\" content=\"fi_FI\" \/>\n<meta property=\"og:type\" content=\"article\" \/>\n<meta property=\"og:title\" content=\"LAZER Glide Elite | LED-kaukovalot, LED-lis\u00e4valot ja tarvikkeet\" \/>\n<meta property=\"og:description\" content=\"LAZER Glide Elite - LED-kaukovalot, LED-lis\u00e4valot ja tarvikkeet . Autojen, maastureiden ja pakettiautojen lis\u00e4varusteet. Varaosat.\" \/>\n<meta property=\"og:url\" content=\"https:\/\/www.castrum.ee\/fi\/toode\/lazer-glide-elite\/\" \/>\n<meta property=\"og:site_name\" content=\"Castrum\" \/>\n<meta property=\"article:publisher\" content=\"https:\/\/www.facebook.com\/castrum.ee\" \/>\n<meta property=\"article:modified_time\" content=\"2025-11-13T15:20:08+00:00\" \/>\n<meta property=\"og:image\" content=\"https:\/\/www.castrum.ee\/wp-content\/uploads\/2025\/11\/glide_elite_angled_side_mounts_web_1.jpg\" \/>\n\t<meta property=\"og:image:width\" content=\"1000\" \/>\n\t<meta property=\"og:image:height\" content=\"750\" \/>\n\t<meta property=\"og:image:type\" content=\"image\/jpeg\" \/>\n<meta name=\"twitter:card\" content=\"summary_large_image\" \/>\n<meta name=\"twitter:label1\" content=\"Arvioitu lukuaika\" \/>\n\t<meta name=\"twitter:data1\" content=\"3 minuuttia\" \/>\n<script type=\"application\/ld+json\" class=\"yoast-schema-graph\">{\"@context\":\"https:\\\/\\\/schema.org\",\"@graph\":[{\"@type\":\"WebPage\",\"@id\":\"https:\\\/\\\/www.castrum.ee\\\/fi\\\/toode\\\/lazer-glide-elite\\\/\",\"url\":\"https:\\\/\\\/www.castrum.ee\\\/fi\\\/toode\\\/lazer-glide-elite\\\/\",\"name\":\"LAZER Glide Elite | LED-kaukovalot, LED-lis\u00e4valot ja tarvikkeet\",\"isPartOf\":{\"@id\":\"https:\\\/\\\/www.castrum.ee\\\/fi\\\/#website\"},\"primaryImageOfPage\":{\"@id\":\"https:\\\/\\\/www.castrum.ee\\\/fi\\\/toode\\\/lazer-glide-elite\\\/#primaryimage\"},\"image\":{\"@id\":\"https:\\\/\\\/www.castrum.ee\\\/fi\\\/toode\\\/lazer-glide-elite\\\/#primaryimage\"},\"thumbnailUrl\":\"https:\\\/\\\/www.castrum.ee\\\/wp-content\\\/uploads\\\/2025\\\/11\\\/glide_elite_angled_side_mounts_web_1.jpg\",\"datePublished\":\"2025-11-11T08:00:16+00:00\",\"dateModified\":\"2025-11-13T15:20:08+00:00\",\"description\":\"LAZER Glide Elite - LED-kaukovalot, LED-lis\u00e4valot ja tarvikkeet . Autojen, maastureiden ja pakettiautojen lis\u00e4varusteet. Varaosat.\",\"breadcrumb\":{\"@id\":\"https:\\\/\\\/www.castrum.ee\\\/fi\\\/toode\\\/lazer-glide-elite\\\/#breadcrumb\"},\"inLanguage\":\"fi\",\"potentialAction\":[{\"@type\":\"ReadAction\",\"target\":[\"https:\\\/\\\/www.castrum.ee\\\/fi\\\/toode\\\/lazer-glide-elite\\\/\"]}]},{\"@type\":\"ImageObject\",\"inLanguage\":\"fi\",\"@id\":\"https:\\\/\\\/www.castrum.ee\\\/fi\\\/toode\\\/lazer-glide-elite\\\/#primaryimage\",\"url\":\"https:\\\/\\\/www.castrum.ee\\\/wp-content\\\/uploads\\\/2025\\\/11\\\/glide_elite_angled_side_mounts_web_1.jpg\",\"contentUrl\":\"https:\\\/\\\/www.castrum.ee\\\/wp-content\\\/uploads\\\/2025\\\/11\\\/glide_elite_angled_side_mounts_web_1.jpg\",\"width\":1000,\"height\":750},{\"@type\":\"BreadcrumbList\",\"@id\":\"https:\\\/\\\/www.castrum.ee\\\/fi\\\/toode\\\/lazer-glide-elite\\\/#breadcrumb\",\"itemListElement\":[{\"@type\":\"ListItem\",\"position\":1,\"name\":\"Home\",\"item\":\"https:\\\/\\\/www.castrum.ee\\\/fi\\\/kotisivu\\\/\"},{\"@type\":\"ListItem\",\"position\":2,\"name\":\"Verkkokauppa\",\"item\":\"https:\\\/\\\/www.castrum.ee\\\/fi\\\/kauppa\\\/\"},{\"@type\":\"ListItem\",\"position\":3,\"name\":\"LAZER Glide Elite\"}]},{\"@type\":\"WebSite\",\"@id\":\"https:\\\/\\\/www.castrum.ee\\\/fi\\\/#website\",\"url\":\"https:\\\/\\\/www.castrum.ee\\\/fi\\\/\",\"name\":\"Castrum\",\"description\":\"Maasturite, s\u00f5iduautode ja v\u00e4ikebusside lisavarustus\",\"publisher\":{\"@id\":\"https:\\\/\\\/www.castrum.ee\\\/fi\\\/#organization\"},\"potentialAction\":[{\"@type\":\"SearchAction\",\"target\":{\"@type\":\"EntryPoint\",\"urlTemplate\":\"https:\\\/\\\/www.castrum.ee\\\/fi\\\/?s={search_term_string}\"},\"query-input\":{\"@type\":\"PropertyValueSpecification\",\"valueRequired\":true,\"valueName\":\"search_term_string\"}}],\"inLanguage\":\"fi\"},{\"@type\":\"Organization\",\"@id\":\"https:\\\/\\\/www.castrum.ee\\\/fi\\\/#organization\",\"name\":\"Castrum Grupp O\u00dc\",\"url\":\"https:\\\/\\\/www.castrum.ee\\\/fi\\\/\",\"logo\":{\"@type\":\"ImageObject\",\"inLanguage\":\"fi\",\"@id\":\"https:\\\/\\\/www.castrum.ee\\\/fi\\\/#\\\/schema\\\/logo\\\/image\\\/\",\"url\":\"https:\\\/\\\/www.castrum.ee\\\/wp-content\\\/uploads\\\/2025\\\/03\\\/Castrum-logo-500.png\",\"contentUrl\":\"https:\\\/\\\/www.castrum.ee\\\/wp-content\\\/uploads\\\/2025\\\/03\\\/Castrum-logo-500.png\",\"width\":500,\"height\":250,\"caption\":\"Castrum Grupp O\u00dc\"},\"image\":{\"@id\":\"https:\\\/\\\/www.castrum.ee\\\/fi\\\/#\\\/schema\\\/logo\\\/image\\\/\"},\"sameAs\":[\"https:\\\/\\\/www.facebook.com\\\/castrum.ee\"]}]}<\/script>\n<!-- \/ Yoast SEO plugin. -->","yoast_head_json":{"title":"LAZER Glide Elite | LED-kaukovalot, LED-lis\u00e4valot ja tarvikkeet","description":"LAZER Glide Elite - LED-kaukovalot, LED-lis\u00e4valot ja tarvikkeet . Autojen, maastureiden ja pakettiautojen lis\u00e4varusteet. Varaosat.","robots":{"index":"index","follow":"follow","max-snippet":"max-snippet:-1","max-image-preview":"max-image-preview:large","max-video-preview":"max-video-preview:-1"},"canonical":"https:\/\/www.castrum.ee\/fi\/toode\/lazer-glide-elite\/","og_locale":"fi_FI","og_type":"article","og_title":"LAZER Glide Elite | LED-kaukovalot, LED-lis\u00e4valot ja tarvikkeet","og_description":"LAZER Glide Elite - LED-kaukovalot, LED-lis\u00e4valot ja tarvikkeet . Autojen, maastureiden ja pakettiautojen lis\u00e4varusteet. Varaosat.","og_url":"https:\/\/www.castrum.ee\/fi\/toode\/lazer-glide-elite\/","og_site_name":"Castrum","article_publisher":"https:\/\/www.facebook.com\/castrum.ee","article_modified_time":"2025-11-13T15:20:08+00:00","og_image":[{"width":1000,"height":750,"url":"https:\/\/www.castrum.ee\/wp-content\/uploads\/2025\/11\/glide_elite_angled_side_mounts_web_1.jpg","type":"image\/jpeg"}],"twitter_card":"summary_large_image","twitter_misc":{"Arvioitu lukuaika":"3 minuuttia"},"schema":{"@context":"https:\/\/schema.org","@graph":[{"@type":"WebPage","@id":"https:\/\/www.castrum.ee\/fi\/toode\/lazer-glide-elite\/","url":"https:\/\/www.castrum.ee\/fi\/toode\/lazer-glide-elite\/","name":"LAZER Glide Elite | LED-kaukovalot, LED-lis\u00e4valot ja tarvikkeet","isPartOf":{"@id":"https:\/\/www.castrum.ee\/fi\/#website"},"primaryImageOfPage":{"@id":"https:\/\/www.castrum.ee\/fi\/toode\/lazer-glide-elite\/#primaryimage"},"image":{"@id":"https:\/\/www.castrum.ee\/fi\/toode\/lazer-glide-elite\/#primaryimage"},"thumbnailUrl":"https:\/\/www.castrum.ee\/wp-content\/uploads\/2025\/11\/glide_elite_angled_side_mounts_web_1.jpg","datePublished":"2025-11-11T08:00:16+00:00","dateModified":"2025-11-13T15:20:08+00:00","description":"LAZER Glide Elite - LED-kaukovalot, LED-lis\u00e4valot ja tarvikkeet . Autojen, maastureiden ja pakettiautojen lis\u00e4varusteet. Varaosat.","breadcrumb":{"@id":"https:\/\/www.castrum.ee\/fi\/toode\/lazer-glide-elite\/#breadcrumb"},"inLanguage":"fi","potentialAction":[{"@type":"ReadAction","target":["https:\/\/www.castrum.ee\/fi\/toode\/lazer-glide-elite\/"]}]},{"@type":"ImageObject","inLanguage":"fi","@id":"https:\/\/www.castrum.ee\/fi\/toode\/lazer-glide-elite\/#primaryimage","url":"https:\/\/www.castrum.ee\/wp-content\/uploads\/2025\/11\/glide_elite_angled_side_mounts_web_1.jpg","contentUrl":"https:\/\/www.castrum.ee\/wp-content\/uploads\/2025\/11\/glide_elite_angled_side_mounts_web_1.jpg","width":1000,"height":750},{"@type":"BreadcrumbList","@id":"https:\/\/www.castrum.ee\/fi\/toode\/lazer-glide-elite\/#breadcrumb","itemListElement":[{"@type":"ListItem","position":1,"name":"Home","item":"https:\/\/www.castrum.ee\/fi\/kotisivu\/"},{"@type":"ListItem","position":2,"name":"Verkkokauppa","item":"https:\/\/www.castrum.ee\/fi\/kauppa\/"},{"@type":"ListItem","position":3,"name":"LAZER Glide Elite"}]},{"@type":"WebSite","@id":"https:\/\/www.castrum.ee\/fi\/#website","url":"https:\/\/www.castrum.ee\/fi\/","name":"Castrum","description":"Maasturite, s\u00f5iduautode ja v\u00e4ikebusside lisavarustus","publisher":{"@id":"https:\/\/www.castrum.ee\/fi\/#organization"},"potentialAction":[{"@type":"SearchAction","target":{"@type":"EntryPoint","urlTemplate":"https:\/\/www.castrum.ee\/fi\/?s={search_term_string}"},"query-input":{"@type":"PropertyValueSpecification","valueRequired":true,"valueName":"search_term_string"}}],"inLanguage":"fi"},{"@type":"Organization","@id":"https:\/\/www.castrum.ee\/fi\/#organization","name":"Castrum Grupp O\u00dc","url":"https:\/\/www.castrum.ee\/fi\/","logo":{"@type":"ImageObject","inLanguage":"fi","@id":"https:\/\/www.castrum.ee\/fi\/#\/schema\/logo\/image\/","url":"https:\/\/www.castrum.ee\/wp-content\/uploads\/2025\/03\/Castrum-logo-500.png","contentUrl":"https:\/\/www.castrum.ee\/wp-content\/uploads\/2025\/03\/Castrum-logo-500.png","width":500,"height":250,"caption":"Castrum Grupp O\u00dc"},"image":{"@id":"https:\/\/www.castrum.ee\/fi\/#\/schema\/logo\/image\/"},"sameAs":["https:\/\/www.facebook.com\/castrum.ee"]}]}},"_links":{"self":[{"href":"https:\/\/www.castrum.ee\/fi\/wp-json\/wp\/v2\/product\/77193","targetHints":{"allow":["GET"]}}],"collection":[{"href":"https:\/\/www.castrum.ee\/fi\/wp-json\/wp\/v2\/product"}],"about":[{"href":"https:\/\/www.castrum.ee\/fi\/wp-json\/wp\/v2\/types\/product"}],"wp:featuredmedia":[{"embeddable":true,"href":"https:\/\/www.castrum.ee\/fi\/wp-json\/wp\/v2\/media\/77194"}],"wp:attachment":[{"href":"https:\/\/www.castrum.ee\/fi\/wp-json\/wp\/v2\/media?parent=77193"}],"wp:term":[{"taxonomy":"mark-ja-mudel","embeddable":true,"href":"https:\/\/www.castrum.ee\/fi\/wp-json\/wp\/v2\/mark-ja-mudel?post=77193"},{"taxonomy":"product_brand","embeddable":true,"href":"https:\/\/www.castrum.ee\/fi\/wp-json\/wp\/v2\/product_brand?post=77193"},{"taxonomy":"product_cat","embeddable":true,"href":"https:\/\/www.castrum.ee\/fi\/wp-json\/wp\/v2\/product_cat?post=77193"},{"taxonomy":"product_tag","embeddable":true,"href":"https:\/\/www.castrum.ee\/fi\/wp-json\/wp\/v2\/product_tag?post=77193"}],"curies":[{"name":"wp","href":"https:\/\/api.w.org\/{rel}","templated":true}]}}