{"id":77243,"date":"2025-10-29T09:25:06","date_gmt":"2025-10-29T09:25:06","guid":{"rendered":"https:\/\/www.castrum.ee\/toode\/toyota-hilux-gr-sport-23-24-suojusarja-lazer-triple-r-750\/"},"modified":"2025-12-11T15:11:13","modified_gmt":"2025-12-11T13:11:13","slug":"toyota-hilux-gr-sport-23-24-suojusarja-lazer-triple-r-750","status":"publish","type":"product","link":"https:\/\/www.castrum.ee\/fi\/toode\/toyota-hilux-gr-sport-23-24-suojusarja-lazer-triple-r-750\/","title":{"rendered":"Toyota Hilux GR Sport [23-24]-suojusarja | LAZER Triple-R 750"},"content":{"rendered":"<p>Paranna Toyota Hilux GR Sport (2023-2024) -autosi ulkon\u00e4k\u00f6\u00e4 ja valaistustehoa r\u00e4\u00e4t\u00e4l\u00f6idyll\u00e4 Beauty Light -integrointisarjalla &#8211; saat tyylikk\u00e4\u00e4n, alkuper\u00e4isen varustetason viimeistelyn ja tehokkaat, tieliikennelain mukaiset ajovalot.<\/p>\n<p>Pakkauksen mukana toimitetaan pari Triple-R 750 -moottorin tehokkaita LED-ajovaloja, joita on saatavana nelj\u00e4n\u00e4 versiona eri ajotarpeiden mukaan:<\/p>\n<p>Vakiovaruste: monipuolinen ratkaisu, joka tarjoaa tasapainoisen s\u00e4teen kattavuuden ja levi\u00e4misen sek\u00e4 integroidun paikannustulen.<\/p>\n<p>Leve\u00e4: laajempi valokeilakulma ja pienempi ECE Reg 149 -viitenumero (lis\u00e4hyv\u00e4ksynt\u00e4\u00e4 ei tarvita), ihanteellinen maissa, joissa on tiukat valaistusvaatimukset.<\/p>\n<p>Merkkivalo: integroitu keltainen merkkivalo ja sijaintivalo, jossa on kehittynyt &#8221;flash-to-dim&#8221; -toiminto, sopii merkkivaloksi tai ty\u00f6valoksi.<\/p>\n<p>Elite: huippuluokan optiikka ja laajennettu kantama vakavaan y\u00f6ajoon.<\/p>\n<p>Nelj\u00e4 tarkasti ty\u00f6stetty\u00e4 kruunua, jotka sopivat t\u00e4ydellisesti ajoneuvon alkuper\u00e4iseen koriin, kiinnitt\u00e4v\u00e4t nastat. Kruunut on valmistettu UV-s\u00e4teilynkest\u00e4v\u00e4st\u00e4, lujasta komposiittimateriaalista, ja ne ovat t\u00e4ysin s\u00e4\u00e4n- ja kemikaalinkest\u00e4vi\u00e4. Pakkaus sis\u00e4lt\u00e4\u00e4 my\u00f6s leikkausohjeet, kahden lampun johdinsarjan ja varkaudenestokiinnikkeet helppoa, turvallista ja kest\u00e4v\u00e4\u00e4 asennusta varten.  <\/p>\n<p>Huomautus: Toyota Hilux GR Sport (2023-2024) -ajovalojen integrointisarja on erityisesti suunniteltu ja optimoitu k\u00e4ytett\u00e4v\u00e4ksi Triple-R 750 -suorituskykyisten LED-ajovalojen kanssa. Takuumme ei ole voimassa, kun polttimot asennetaan muiden kuin Lazer Lampsin valaisimien kanssa. <\/p>\n","protected":false},"excerpt":{"rendered":"<p>\u2714 Sopii tarkasti Toyota Hilux GR Sport (2023-2024) -malleihin<br \/>\n\u2714 Suunniteltu k\u00e4ytett\u00e4v\u00e4ksi Triple-R 750 LED-ajovalojen kanssa &#8211; Standard, Wide, Beacon- ja Elite-muunnokset<br \/>\n\u2714 Sis\u00e4lt\u00e4\u00e4 tarkkaan ty\u00f6stetyt kruunut ja kaksoisvalaisimen johtosarjan<br \/>\n\u2714 Mukana tarkat leikkausohjeet ja varkaudenestokiinnikkeet turvallista ja helppoa asennusta varten<br \/>\n\u2714 Kruunut on valmistettu lujatekoisesta, UV-s\u00e4teilynkest\u00e4v\u00e4st\u00e4 komposiittimateriaalista<br \/>\n\u2714 T\u00e4ysin tieliikennelains\u00e4\u00e4d\u00e4nn\u00f6n mukainen ja ECE-hyv\u00e4ksytty<br \/>\n\u2714 Kattava 5 vuoden takuu.<\/p>\n","protected":false},"featured_media":27296,"template":"","meta":{"_acf_changed":false},"mark-ja-mudel":[],"product_brand":[1278,1277],"product_cat":[1079,1081],"product_tag":[],"class_list":{"0":"post-77243","1":"product","2":"type-product","3":"status-publish","4":"has-post-thumbnail","6":"product_brand-hilux","7":"product_brand-toyota","8":"product_cat-led-lisavalot-ja-tarvikkeet","9":"product_cat-mallikohtaiset-led-kaukovalot","11":"first","12":"instock","13":"taxable","14":"shipping-taxable","15":"purchasable","16":"product-type-variable"},"bundled_by":[],"bundle_stock_status":"instock","bundle_stock_quantity":null,"bundle_virtual":false,"bundle_layout":"","bundle_add_to_cart_form_location":"","bundle_editable_in_cart":false,"bundle_sold_individually_context":"","bundle_item_grouping":"","bundle_min_size":"","bundle_max_size":"","bundle_price":[],"bundled_items":[],"bundle_sell_ids":[],"acf":[],"yoast_head":"<!-- This site is optimized with the Yoast SEO plugin v27.3 - https:\/\/yoast.com\/product\/yoast-seo-wordpress\/ -->\n<title>Toyota Hilux GR Sport [23-24]-suojusarja | LAZER Triple-R 750 | LED-lis\u00e4valot ja tarvikkeet, Mallikohtaiset LED-kaukovalot<\/title>\n<meta name=\"description\" content=\"Toyota Hilux GR Sport [23-24]-suojusarja | LAZER Triple-R 750 - LED-lis\u00e4valot ja tarvikkeet, Mallikohtaiset LED-kaukovalot . Autojen, maastureiden ja pakettiautojen lis\u00e4varusteet. Varaosat.\" \/>\n<meta name=\"robots\" content=\"index, follow, max-snippet:-1, max-image-preview:large, max-video-preview:-1\" \/>\n<link rel=\"canonical\" href=\"https:\/\/www.castrum.ee\/fi\/toode\/toyota-hilux-gr-sport-23-24-suojusarja-lazer-triple-r-750\/\" \/>\n<meta property=\"og:locale\" content=\"fi_FI\" \/>\n<meta property=\"og:type\" content=\"article\" \/>\n<meta property=\"og:title\" content=\"Toyota Hilux GR Sport [23-24]-suojusarja | LAZER Triple-R 750 | LED-lis\u00e4valot ja tarvikkeet, Mallikohtaiset LED-kaukovalot\" \/>\n<meta property=\"og:description\" content=\"Toyota Hilux GR Sport [23-24]-suojusarja | LAZER Triple-R 750 - LED-lis\u00e4valot ja tarvikkeet, Mallikohtaiset LED-kaukovalot . Autojen, maastureiden ja pakettiautojen lis\u00e4varusteet. Varaosat.\" \/>\n<meta property=\"og:url\" content=\"https:\/\/www.castrum.ee\/fi\/toode\/toyota-hilux-gr-sport-23-24-suojusarja-lazer-triple-r-750\/\" \/>\n<meta property=\"og:site_name\" content=\"Castrum\" \/>\n<meta property=\"article:publisher\" content=\"https:\/\/www.facebook.com\/castrum.ee\" \/>\n<meta property=\"article:modified_time\" content=\"2025-12-11T13:11:13+00:00\" \/>\n<meta property=\"og:image\" content=\"https:\/\/www.castrum.ee\/wp-content\/uploads\/2025\/10\/hilux-gr-sport_-_03_-_web.jpg\" \/>\n\t<meta property=\"og:image:width\" content=\"1000\" \/>\n\t<meta property=\"og:image:height\" content=\"750\" \/>\n\t<meta property=\"og:image:type\" content=\"image\/jpeg\" \/>\n<meta name=\"twitter:card\" content=\"summary_large_image\" \/>\n<meta name=\"twitter:label1\" content=\"Arvioitu lukuaika\" \/>\n\t<meta name=\"twitter:data1\" content=\"1 minuutti\" \/>\n<script type=\"application\/ld+json\" class=\"yoast-schema-graph\">{\"@context\":\"https:\\\/\\\/schema.org\",\"@graph\":[{\"@type\":\"WebPage\",\"@id\":\"https:\\\/\\\/www.castrum.ee\\\/fi\\\/toode\\\/toyota-hilux-gr-sport-23-24-suojusarja-lazer-triple-r-750\\\/\",\"url\":\"https:\\\/\\\/www.castrum.ee\\\/fi\\\/toode\\\/toyota-hilux-gr-sport-23-24-suojusarja-lazer-triple-r-750\\\/\",\"name\":\"Toyota Hilux GR Sport [23-24]-suojusarja | LAZER Triple-R 750 | LED-lis\u00e4valot ja tarvikkeet, Mallikohtaiset LED-kaukovalot\",\"isPartOf\":{\"@id\":\"https:\\\/\\\/www.castrum.ee\\\/fi\\\/#website\"},\"primaryImageOfPage\":{\"@id\":\"https:\\\/\\\/www.castrum.ee\\\/fi\\\/toode\\\/toyota-hilux-gr-sport-23-24-suojusarja-lazer-triple-r-750\\\/#primaryimage\"},\"image\":{\"@id\":\"https:\\\/\\\/www.castrum.ee\\\/fi\\\/toode\\\/toyota-hilux-gr-sport-23-24-suojusarja-lazer-triple-r-750\\\/#primaryimage\"},\"thumbnailUrl\":\"https:\\\/\\\/www.castrum.ee\\\/wp-content\\\/uploads\\\/2025\\\/10\\\/hilux-gr-sport_-_03_-_web.jpg\",\"datePublished\":\"2025-10-29T09:25:06+00:00\",\"dateModified\":\"2025-12-11T13:11:13+00:00\",\"description\":\"Toyota Hilux GR Sport [23-24]-suojusarja | LAZER Triple-R 750 - LED-lis\u00e4valot ja tarvikkeet, Mallikohtaiset LED-kaukovalot . Autojen, maastureiden ja pakettiautojen lis\u00e4varusteet. Varaosat.\",\"breadcrumb\":{\"@id\":\"https:\\\/\\\/www.castrum.ee\\\/fi\\\/toode\\\/toyota-hilux-gr-sport-23-24-suojusarja-lazer-triple-r-750\\\/#breadcrumb\"},\"inLanguage\":\"fi\",\"potentialAction\":[{\"@type\":\"ReadAction\",\"target\":[\"https:\\\/\\\/www.castrum.ee\\\/fi\\\/toode\\\/toyota-hilux-gr-sport-23-24-suojusarja-lazer-triple-r-750\\\/\"]}]},{\"@type\":\"ImageObject\",\"inLanguage\":\"fi\",\"@id\":\"https:\\\/\\\/www.castrum.ee\\\/fi\\\/toode\\\/toyota-hilux-gr-sport-23-24-suojusarja-lazer-triple-r-750\\\/#primaryimage\",\"url\":\"https:\\\/\\\/www.castrum.ee\\\/wp-content\\\/uploads\\\/2025\\\/10\\\/hilux-gr-sport_-_03_-_web.jpg\",\"contentUrl\":\"https:\\\/\\\/www.castrum.ee\\\/wp-content\\\/uploads\\\/2025\\\/10\\\/hilux-gr-sport_-_03_-_web.jpg\",\"width\":1000,\"height\":750},{\"@type\":\"BreadcrumbList\",\"@id\":\"https:\\\/\\\/www.castrum.ee\\\/fi\\\/toode\\\/toyota-hilux-gr-sport-23-24-suojusarja-lazer-triple-r-750\\\/#breadcrumb\",\"itemListElement\":[{\"@type\":\"ListItem\",\"position\":1,\"name\":\"Home\",\"item\":\"https:\\\/\\\/www.castrum.ee\\\/fi\\\/kotisivu\\\/\"},{\"@type\":\"ListItem\",\"position\":2,\"name\":\"Verkkokauppa\",\"item\":\"https:\\\/\\\/www.castrum.ee\\\/fi\\\/kauppa\\\/\"},{\"@type\":\"ListItem\",\"position\":3,\"name\":\"Toyota Hilux GR Sport [23-24]-suojusarja | LAZER Triple-R 750\"}]},{\"@type\":\"WebSite\",\"@id\":\"https:\\\/\\\/www.castrum.ee\\\/fi\\\/#website\",\"url\":\"https:\\\/\\\/www.castrum.ee\\\/fi\\\/\",\"name\":\"Castrum\",\"description\":\"Maasturite, s\u00f5iduautode ja v\u00e4ikebusside lisavarustus\",\"publisher\":{\"@id\":\"https:\\\/\\\/www.castrum.ee\\\/fi\\\/#organization\"},\"potentialAction\":[{\"@type\":\"SearchAction\",\"target\":{\"@type\":\"EntryPoint\",\"urlTemplate\":\"https:\\\/\\\/www.castrum.ee\\\/fi\\\/?s={search_term_string}\"},\"query-input\":{\"@type\":\"PropertyValueSpecification\",\"valueRequired\":true,\"valueName\":\"search_term_string\"}}],\"inLanguage\":\"fi\"},{\"@type\":\"Organization\",\"@id\":\"https:\\\/\\\/www.castrum.ee\\\/fi\\\/#organization\",\"name\":\"Castrum Grupp O\u00dc\",\"url\":\"https:\\\/\\\/www.castrum.ee\\\/fi\\\/\",\"logo\":{\"@type\":\"ImageObject\",\"inLanguage\":\"fi\",\"@id\":\"https:\\\/\\\/www.castrum.ee\\\/fi\\\/#\\\/schema\\\/logo\\\/image\\\/\",\"url\":\"https:\\\/\\\/www.castrum.ee\\\/wp-content\\\/uploads\\\/2025\\\/03\\\/Castrum-logo-500.png\",\"contentUrl\":\"https:\\\/\\\/www.castrum.ee\\\/wp-content\\\/uploads\\\/2025\\\/03\\\/Castrum-logo-500.png\",\"width\":500,\"height\":250,\"caption\":\"Castrum Grupp O\u00dc\"},\"image\":{\"@id\":\"https:\\\/\\\/www.castrum.ee\\\/fi\\\/#\\\/schema\\\/logo\\\/image\\\/\"},\"sameAs\":[\"https:\\\/\\\/www.facebook.com\\\/castrum.ee\"]}]}<\/script>\n<!-- \/ Yoast SEO plugin. -->","yoast_head_json":{"title":"Toyota Hilux GR Sport [23-24]-suojusarja | LAZER Triple-R 750 | LED-lis\u00e4valot ja tarvikkeet, Mallikohtaiset LED-kaukovalot","description":"Toyota Hilux GR Sport [23-24]-suojusarja | LAZER Triple-R 750 - LED-lis\u00e4valot ja tarvikkeet, Mallikohtaiset LED-kaukovalot . Autojen, maastureiden ja pakettiautojen lis\u00e4varusteet. Varaosat.","robots":{"index":"index","follow":"follow","max-snippet":"max-snippet:-1","max-image-preview":"max-image-preview:large","max-video-preview":"max-video-preview:-1"},"canonical":"https:\/\/www.castrum.ee\/fi\/toode\/toyota-hilux-gr-sport-23-24-suojusarja-lazer-triple-r-750\/","og_locale":"fi_FI","og_type":"article","og_title":"Toyota Hilux GR Sport [23-24]-suojusarja | LAZER Triple-R 750 | LED-lis\u00e4valot ja tarvikkeet, Mallikohtaiset LED-kaukovalot","og_description":"Toyota Hilux GR Sport [23-24]-suojusarja | LAZER Triple-R 750 - LED-lis\u00e4valot ja tarvikkeet, Mallikohtaiset LED-kaukovalot . Autojen, maastureiden ja pakettiautojen lis\u00e4varusteet. Varaosat.","og_url":"https:\/\/www.castrum.ee\/fi\/toode\/toyota-hilux-gr-sport-23-24-suojusarja-lazer-triple-r-750\/","og_site_name":"Castrum","article_publisher":"https:\/\/www.facebook.com\/castrum.ee","article_modified_time":"2025-12-11T13:11:13+00:00","og_image":[{"width":1000,"height":750,"url":"https:\/\/www.castrum.ee\/wp-content\/uploads\/2025\/10\/hilux-gr-sport_-_03_-_web.jpg","type":"image\/jpeg"}],"twitter_card":"summary_large_image","twitter_misc":{"Arvioitu lukuaika":"1 minuutti"},"schema":{"@context":"https:\/\/schema.org","@graph":[{"@type":"WebPage","@id":"https:\/\/www.castrum.ee\/fi\/toode\/toyota-hilux-gr-sport-23-24-suojusarja-lazer-triple-r-750\/","url":"https:\/\/www.castrum.ee\/fi\/toode\/toyota-hilux-gr-sport-23-24-suojusarja-lazer-triple-r-750\/","name":"Toyota Hilux GR Sport [23-24]-suojusarja | LAZER Triple-R 750 | LED-lis\u00e4valot ja tarvikkeet, Mallikohtaiset LED-kaukovalot","isPartOf":{"@id":"https:\/\/www.castrum.ee\/fi\/#website"},"primaryImageOfPage":{"@id":"https:\/\/www.castrum.ee\/fi\/toode\/toyota-hilux-gr-sport-23-24-suojusarja-lazer-triple-r-750\/#primaryimage"},"image":{"@id":"https:\/\/www.castrum.ee\/fi\/toode\/toyota-hilux-gr-sport-23-24-suojusarja-lazer-triple-r-750\/#primaryimage"},"thumbnailUrl":"https:\/\/www.castrum.ee\/wp-content\/uploads\/2025\/10\/hilux-gr-sport_-_03_-_web.jpg","datePublished":"2025-10-29T09:25:06+00:00","dateModified":"2025-12-11T13:11:13+00:00","description":"Toyota Hilux GR Sport [23-24]-suojusarja | LAZER Triple-R 750 - LED-lis\u00e4valot ja tarvikkeet, Mallikohtaiset LED-kaukovalot . Autojen, maastureiden ja pakettiautojen lis\u00e4varusteet. Varaosat.","breadcrumb":{"@id":"https:\/\/www.castrum.ee\/fi\/toode\/toyota-hilux-gr-sport-23-24-suojusarja-lazer-triple-r-750\/#breadcrumb"},"inLanguage":"fi","potentialAction":[{"@type":"ReadAction","target":["https:\/\/www.castrum.ee\/fi\/toode\/toyota-hilux-gr-sport-23-24-suojusarja-lazer-triple-r-750\/"]}]},{"@type":"ImageObject","inLanguage":"fi","@id":"https:\/\/www.castrum.ee\/fi\/toode\/toyota-hilux-gr-sport-23-24-suojusarja-lazer-triple-r-750\/#primaryimage","url":"https:\/\/www.castrum.ee\/wp-content\/uploads\/2025\/10\/hilux-gr-sport_-_03_-_web.jpg","contentUrl":"https:\/\/www.castrum.ee\/wp-content\/uploads\/2025\/10\/hilux-gr-sport_-_03_-_web.jpg","width":1000,"height":750},{"@type":"BreadcrumbList","@id":"https:\/\/www.castrum.ee\/fi\/toode\/toyota-hilux-gr-sport-23-24-suojusarja-lazer-triple-r-750\/#breadcrumb","itemListElement":[{"@type":"ListItem","position":1,"name":"Home","item":"https:\/\/www.castrum.ee\/fi\/kotisivu\/"},{"@type":"ListItem","position":2,"name":"Verkkokauppa","item":"https:\/\/www.castrum.ee\/fi\/kauppa\/"},{"@type":"ListItem","position":3,"name":"Toyota Hilux GR Sport [23-24]-suojusarja | LAZER Triple-R 750"}]},{"@type":"WebSite","@id":"https:\/\/www.castrum.ee\/fi\/#website","url":"https:\/\/www.castrum.ee\/fi\/","name":"Castrum","description":"Maasturite, s\u00f5iduautode ja v\u00e4ikebusside lisavarustus","publisher":{"@id":"https:\/\/www.castrum.ee\/fi\/#organization"},"potentialAction":[{"@type":"SearchAction","target":{"@type":"EntryPoint","urlTemplate":"https:\/\/www.castrum.ee\/fi\/?s={search_term_string}"},"query-input":{"@type":"PropertyValueSpecification","valueRequired":true,"valueName":"search_term_string"}}],"inLanguage":"fi"},{"@type":"Organization","@id":"https:\/\/www.castrum.ee\/fi\/#organization","name":"Castrum Grupp O\u00dc","url":"https:\/\/www.castrum.ee\/fi\/","logo":{"@type":"ImageObject","inLanguage":"fi","@id":"https:\/\/www.castrum.ee\/fi\/#\/schema\/logo\/image\/","url":"https:\/\/www.castrum.ee\/wp-content\/uploads\/2025\/03\/Castrum-logo-500.png","contentUrl":"https:\/\/www.castrum.ee\/wp-content\/uploads\/2025\/03\/Castrum-logo-500.png","width":500,"height":250,"caption":"Castrum Grupp O\u00dc"},"image":{"@id":"https:\/\/www.castrum.ee\/fi\/#\/schema\/logo\/image\/"},"sameAs":["https:\/\/www.facebook.com\/castrum.ee"]}]}},"_links":{"self":[{"href":"https:\/\/www.castrum.ee\/fi\/wp-json\/wp\/v2\/product\/77243","targetHints":{"allow":["GET"]}}],"collection":[{"href":"https:\/\/www.castrum.ee\/fi\/wp-json\/wp\/v2\/product"}],"about":[{"href":"https:\/\/www.castrum.ee\/fi\/wp-json\/wp\/v2\/types\/product"}],"wp:featuredmedia":[{"embeddable":true,"href":"https:\/\/www.castrum.ee\/fi\/wp-json\/wp\/v2\/media\/27296"}],"wp:attachment":[{"href":"https:\/\/www.castrum.ee\/fi\/wp-json\/wp\/v2\/media?parent=77243"}],"wp:term":[{"taxonomy":"mark-ja-mudel","embeddable":true,"href":"https:\/\/www.castrum.ee\/fi\/wp-json\/wp\/v2\/mark-ja-mudel?post=77243"},{"taxonomy":"product_brand","embeddable":true,"href":"https:\/\/www.castrum.ee\/fi\/wp-json\/wp\/v2\/product_brand?post=77243"},{"taxonomy":"product_cat","embeddable":true,"href":"https:\/\/www.castrum.ee\/fi\/wp-json\/wp\/v2\/product_cat?post=77243"},{"taxonomy":"product_tag","embeddable":true,"href":"https:\/\/www.castrum.ee\/fi\/wp-json\/wp\/v2\/product_tag?post=77243"}],"curies":[{"name":"wp","href":"https:\/\/api.w.org\/{rel}","templated":true}]}}