{"id":77280,"date":"2025-10-29T09:25:07","date_gmt":"2025-10-29T09:25:07","guid":{"rendered":"https:\/\/www.castrum.ee\/toode\/chevrolet-silverado-1500-lt-22-24-suojusarja-lazer-triple-r-1000\/"},"modified":"2025-12-11T10:26:43","modified_gmt":"2025-12-11T08:26:43","slug":"chevrolet-silverado-1500-lt-22-24-suojusarja-lazer-triple-r-1000","status":"publish","type":"product","link":"https:\/\/www.castrum.ee\/fi\/toode\/chevrolet-silverado-1500-lt-22-24-suojusarja-lazer-triple-r-1000\/","title":{"rendered":"Chevrolet Silverado 1500 LT [22-24]-suojusarja | LAZER Triple-R 1000"},"content":{"rendered":"<p>Chevrolet Silverado 1500 -suojapaketti on suunniteltu vuosille 2022-2024, ja se sopii LT-, LT Trail Boss- ja RST-malleihin. Pakkaus sis\u00e4lt\u00e4\u00e4 parin Triple-R 1000 suuritehoiset LED-ajovalot, johdinsarjan ja 4 tarkasti ty\u00f6stetty\u00e4 kruunukiinnikett\u00e4, jotka sopivat t\u00e4ydellisesti ajoneuvon vakiovarusteiseen keskiverhoiluun. Kruunut on valmistettu komposiittimateriaalista, joka tunnetaan korkeasta lujuudestaan ja UV-s\u00e4teilyn kest\u00e4vyydest\u00e4\u00e4n, ja ne ovat t\u00e4ysin s\u00e4\u00e4n- ja kemikaalinkest\u00e4vi\u00e4, mik\u00e4 takaa, ett\u00e4 asennus pysyy t\u00e4ydellisess\u00e4 kunnossa monta vuotta.  <\/p>\n<p>Kruunujen mukana toimitetaan leikkausohjeet, jotka helpottavat asennusta ja takaavat t\u00e4ydellisen istuvuuden joka kerta.<\/p>\n<p>Chevrolet Silverado 1500 LT (2022-2024) -ajovalojen integrointisarja on huolellisesti suunniteltu ja optimoitu k\u00e4ytett\u00e4v\u00e4ksi Triple-R 1000 Performance LED -ajovalojen kanssa. Takuumme ei ole voimassa, kun kromi asennetaan muiden kuin Lazer Lampsin valaisimien kanssa. <\/p>\n","protected":false},"excerpt":{"rendered":"<p>R\u00e4\u00e4t\u00e4l\u00f6ity sumuvalojen integrointisarja Chevrolet Silverado 1500 (2022-2024) -malleihin<\/p>\n<p>\u2714 Sopii LT-, LT Trail Boss- ja RST-malleihin<br \/>\n\u2714 Suunniteltu k\u00e4ytett\u00e4v\u00e4ksi Triple-R 1000 -valonheittimien kanssa<br \/>\n\u2714 Valinnainen valkoinen tai keltainen asento-\/puolivalo-ominaisuus (vain Standard- ja Beacon-mallit)<br \/>\n\u2714 Sarjaan sis\u00e4ltyy mukautettu kiinnityskannatin ja kaksois- tai nelinkertainen kiinnityskannatin \u2714 Sarjaan sis\u00e4ltyy mukautettu kiinnityskannatin ja kaksois- tai nelinkertainen kiinnityskannatin \u2714 Sarjaan sis\u00e4ltyy mukautettu asennuskannatin ja kaksois- tai nelinkertainen kiinnityskannatin \u2714 Sarjaan sis\u00e4ltyy mukautettu asennuskannatin ja kaksois- tai nelinkertainen kiinnityskannatin \u2714 Sarjaan sis\u00e4ltyy mukautettu asennuskannatin ja kaksois- tai nelinkertainen kiinnityskannatin \u2714 Sarjaan sis\u00e4ltyy mukautettu kiinnityskannatin ja kaksois- tai nelinkertainen asennuskannatin \u2714 Sarjaan sis\u00e4ltyy mukautettu asennuskannatinvalaisimien johdinsarja<br \/>\n\u2714 Asennus tapahtuu siten, ett\u00e4 kauneusvy\u00f6 pysyy paikallaan (sis\u00e4lt\u00e4\u00e4 tarkat leikkausohjeet)<br \/>\n\u2714 Kattokruunut on valmistettu lujatekoisesta ja UV-s\u00e4teilyn kannalta kest\u00e4v\u00e4st\u00e4 komposiittimateriaalista<br \/>\n\u2714 T\u00e4ysin tieliikennelains\u00e4\u00e4d\u00e4nn\u00f6n mukainen<br \/>\n\u2714 5 vuoden takuu<br \/>\n\u2714 Valmistettu Yhdistyneess\u00e4 kuningaskunnassa<\/p>\n","protected":false},"featured_media":27327,"template":"","meta":{"_acf_changed":false},"mark-ja-mudel":[],"product_brand":[1338,1354],"product_cat":[1079,1081],"product_tag":[],"class_list":{"0":"post-77280","1":"product","2":"type-product","3":"status-publish","4":"has-post-thumbnail","6":"product_brand-chevrolet","7":"product_brand-silverado","8":"product_cat-led-lisavalot-ja-tarvikkeet","9":"product_cat-mallikohtaiset-led-kaukovalot","11":"first","12":"instock","13":"taxable","14":"shipping-taxable","15":"purchasable","16":"product-type-variable"},"bundled_by":[],"bundle_stock_status":"instock","bundle_stock_quantity":null,"bundle_virtual":false,"bundle_layout":"","bundle_add_to_cart_form_location":"","bundle_editable_in_cart":false,"bundle_sold_individually_context":"","bundle_item_grouping":"","bundle_min_size":"","bundle_max_size":"","bundle_price":[],"bundled_items":[],"bundle_sell_ids":[],"acf":[],"yoast_head":"<!-- This site is optimized with the Yoast SEO plugin v27.3 - https:\/\/yoast.com\/product\/yoast-seo-wordpress\/ -->\n<title>Chevrolet Silverado 1500 LT [22-24]-suojusarja | LAZER Triple-R 1000 | LED-lis\u00e4valot ja tarvikkeet, Mallikohtaiset LED-kaukovalot<\/title>\n<meta name=\"description\" content=\"Chevrolet Silverado 1500 LT [22-24]-suojusarja | LAZER Triple-R 1000 - LED-lis\u00e4valot ja tarvikkeet, Mallikohtaiset LED-kaukovalot . Autojen, maastureiden ja pakettiautojen lis\u00e4varusteet. Varaosat.\" \/>\n<meta name=\"robots\" content=\"index, follow, max-snippet:-1, max-image-preview:large, max-video-preview:-1\" \/>\n<link rel=\"canonical\" href=\"https:\/\/www.castrum.ee\/fi\/toode\/chevrolet-silverado-1500-lt-22-24-suojusarja-lazer-triple-r-1000\/\" \/>\n<meta property=\"og:locale\" content=\"fi_FI\" \/>\n<meta property=\"og:type\" content=\"article\" \/>\n<meta property=\"og:title\" content=\"Chevrolet Silverado 1500 LT [22-24]-suojusarja | LAZER Triple-R 1000 | LED-lis\u00e4valot ja tarvikkeet, Mallikohtaiset LED-kaukovalot\" \/>\n<meta property=\"og:description\" content=\"Chevrolet Silverado 1500 LT [22-24]-suojusarja | LAZER Triple-R 1000 - LED-lis\u00e4valot ja tarvikkeet, Mallikohtaiset LED-kaukovalot . Autojen, maastureiden ja pakettiautojen lis\u00e4varusteet. Varaosat.\" \/>\n<meta property=\"og:url\" content=\"https:\/\/www.castrum.ee\/fi\/toode\/chevrolet-silverado-1500-lt-22-24-suojusarja-lazer-triple-r-1000\/\" \/>\n<meta property=\"og:site_name\" content=\"Castrum\" \/>\n<meta property=\"article:publisher\" content=\"https:\/\/www.facebook.com\/castrum.ee\" \/>\n<meta property=\"article:modified_time\" content=\"2025-12-11T08:26:43+00:00\" \/>\n<meta property=\"og:image\" content=\"https:\/\/www.castrum.ee\/wp-content\/uploads\/2025\/10\/chevy_silverado_1500_install_image_03_web.jpg\" \/>\n\t<meta property=\"og:image:width\" content=\"1000\" \/>\n\t<meta property=\"og:image:height\" content=\"750\" \/>\n\t<meta property=\"og:image:type\" content=\"image\/jpeg\" \/>\n<meta name=\"twitter:card\" content=\"summary_large_image\" \/>\n<meta name=\"twitter:label1\" content=\"Arvioitu lukuaika\" \/>\n\t<meta name=\"twitter:data1\" content=\"1 minuutti\" \/>\n<script type=\"application\/ld+json\" class=\"yoast-schema-graph\">{\"@context\":\"https:\\\/\\\/schema.org\",\"@graph\":[{\"@type\":\"WebPage\",\"@id\":\"https:\\\/\\\/www.castrum.ee\\\/fi\\\/toode\\\/chevrolet-silverado-1500-lt-22-24-suojusarja-lazer-triple-r-1000\\\/\",\"url\":\"https:\\\/\\\/www.castrum.ee\\\/fi\\\/toode\\\/chevrolet-silverado-1500-lt-22-24-suojusarja-lazer-triple-r-1000\\\/\",\"name\":\"Chevrolet Silverado 1500 LT [22-24]-suojusarja | LAZER Triple-R 1000 | LED-lis\u00e4valot ja tarvikkeet, Mallikohtaiset LED-kaukovalot\",\"isPartOf\":{\"@id\":\"https:\\\/\\\/www.castrum.ee\\\/fi\\\/#website\"},\"primaryImageOfPage\":{\"@id\":\"https:\\\/\\\/www.castrum.ee\\\/fi\\\/toode\\\/chevrolet-silverado-1500-lt-22-24-suojusarja-lazer-triple-r-1000\\\/#primaryimage\"},\"image\":{\"@id\":\"https:\\\/\\\/www.castrum.ee\\\/fi\\\/toode\\\/chevrolet-silverado-1500-lt-22-24-suojusarja-lazer-triple-r-1000\\\/#primaryimage\"},\"thumbnailUrl\":\"https:\\\/\\\/www.castrum.ee\\\/wp-content\\\/uploads\\\/2025\\\/10\\\/chevy_silverado_1500_install_image_03_web.jpg\",\"datePublished\":\"2025-10-29T09:25:07+00:00\",\"dateModified\":\"2025-12-11T08:26:43+00:00\",\"description\":\"Chevrolet Silverado 1500 LT [22-24]-suojusarja | LAZER Triple-R 1000 - LED-lis\u00e4valot ja tarvikkeet, Mallikohtaiset LED-kaukovalot . Autojen, maastureiden ja pakettiautojen lis\u00e4varusteet. Varaosat.\",\"breadcrumb\":{\"@id\":\"https:\\\/\\\/www.castrum.ee\\\/fi\\\/toode\\\/chevrolet-silverado-1500-lt-22-24-suojusarja-lazer-triple-r-1000\\\/#breadcrumb\"},\"inLanguage\":\"fi\",\"potentialAction\":[{\"@type\":\"ReadAction\",\"target\":[\"https:\\\/\\\/www.castrum.ee\\\/fi\\\/toode\\\/chevrolet-silverado-1500-lt-22-24-suojusarja-lazer-triple-r-1000\\\/\"]}]},{\"@type\":\"ImageObject\",\"inLanguage\":\"fi\",\"@id\":\"https:\\\/\\\/www.castrum.ee\\\/fi\\\/toode\\\/chevrolet-silverado-1500-lt-22-24-suojusarja-lazer-triple-r-1000\\\/#primaryimage\",\"url\":\"https:\\\/\\\/www.castrum.ee\\\/wp-content\\\/uploads\\\/2025\\\/10\\\/chevy_silverado_1500_install_image_03_web.jpg\",\"contentUrl\":\"https:\\\/\\\/www.castrum.ee\\\/wp-content\\\/uploads\\\/2025\\\/10\\\/chevy_silverado_1500_install_image_03_web.jpg\",\"width\":1000,\"height\":750},{\"@type\":\"BreadcrumbList\",\"@id\":\"https:\\\/\\\/www.castrum.ee\\\/fi\\\/toode\\\/chevrolet-silverado-1500-lt-22-24-suojusarja-lazer-triple-r-1000\\\/#breadcrumb\",\"itemListElement\":[{\"@type\":\"ListItem\",\"position\":1,\"name\":\"Home\",\"item\":\"https:\\\/\\\/www.castrum.ee\\\/fi\\\/kotisivu\\\/\"},{\"@type\":\"ListItem\",\"position\":2,\"name\":\"Verkkokauppa\",\"item\":\"https:\\\/\\\/www.castrum.ee\\\/fi\\\/kauppa\\\/\"},{\"@type\":\"ListItem\",\"position\":3,\"name\":\"Chevrolet Silverado 1500 LT [22-24]-suojusarja | LAZER Triple-R 1000\"}]},{\"@type\":\"WebSite\",\"@id\":\"https:\\\/\\\/www.castrum.ee\\\/fi\\\/#website\",\"url\":\"https:\\\/\\\/www.castrum.ee\\\/fi\\\/\",\"name\":\"Castrum\",\"description\":\"Maasturite, s\u00f5iduautode ja v\u00e4ikebusside lisavarustus\",\"publisher\":{\"@id\":\"https:\\\/\\\/www.castrum.ee\\\/fi\\\/#organization\"},\"potentialAction\":[{\"@type\":\"SearchAction\",\"target\":{\"@type\":\"EntryPoint\",\"urlTemplate\":\"https:\\\/\\\/www.castrum.ee\\\/fi\\\/?s={search_term_string}\"},\"query-input\":{\"@type\":\"PropertyValueSpecification\",\"valueRequired\":true,\"valueName\":\"search_term_string\"}}],\"inLanguage\":\"fi\"},{\"@type\":\"Organization\",\"@id\":\"https:\\\/\\\/www.castrum.ee\\\/fi\\\/#organization\",\"name\":\"Castrum Grupp O\u00dc\",\"url\":\"https:\\\/\\\/www.castrum.ee\\\/fi\\\/\",\"logo\":{\"@type\":\"ImageObject\",\"inLanguage\":\"fi\",\"@id\":\"https:\\\/\\\/www.castrum.ee\\\/fi\\\/#\\\/schema\\\/logo\\\/image\\\/\",\"url\":\"https:\\\/\\\/www.castrum.ee\\\/wp-content\\\/uploads\\\/2025\\\/03\\\/Castrum-logo-500.png\",\"contentUrl\":\"https:\\\/\\\/www.castrum.ee\\\/wp-content\\\/uploads\\\/2025\\\/03\\\/Castrum-logo-500.png\",\"width\":500,\"height\":250,\"caption\":\"Castrum Grupp O\u00dc\"},\"image\":{\"@id\":\"https:\\\/\\\/www.castrum.ee\\\/fi\\\/#\\\/schema\\\/logo\\\/image\\\/\"},\"sameAs\":[\"https:\\\/\\\/www.facebook.com\\\/castrum.ee\"]}]}<\/script>\n<!-- \/ Yoast SEO plugin. -->","yoast_head_json":{"title":"Chevrolet Silverado 1500 LT [22-24]-suojusarja | LAZER Triple-R 1000 | LED-lis\u00e4valot ja tarvikkeet, Mallikohtaiset LED-kaukovalot","description":"Chevrolet Silverado 1500 LT [22-24]-suojusarja | LAZER Triple-R 1000 - LED-lis\u00e4valot ja tarvikkeet, Mallikohtaiset LED-kaukovalot . Autojen, maastureiden ja pakettiautojen lis\u00e4varusteet. Varaosat.","robots":{"index":"index","follow":"follow","max-snippet":"max-snippet:-1","max-image-preview":"max-image-preview:large","max-video-preview":"max-video-preview:-1"},"canonical":"https:\/\/www.castrum.ee\/fi\/toode\/chevrolet-silverado-1500-lt-22-24-suojusarja-lazer-triple-r-1000\/","og_locale":"fi_FI","og_type":"article","og_title":"Chevrolet Silverado 1500 LT [22-24]-suojusarja | LAZER Triple-R 1000 | LED-lis\u00e4valot ja tarvikkeet, Mallikohtaiset LED-kaukovalot","og_description":"Chevrolet Silverado 1500 LT [22-24]-suojusarja | LAZER Triple-R 1000 - LED-lis\u00e4valot ja tarvikkeet, Mallikohtaiset LED-kaukovalot . Autojen, maastureiden ja pakettiautojen lis\u00e4varusteet. Varaosat.","og_url":"https:\/\/www.castrum.ee\/fi\/toode\/chevrolet-silverado-1500-lt-22-24-suojusarja-lazer-triple-r-1000\/","og_site_name":"Castrum","article_publisher":"https:\/\/www.facebook.com\/castrum.ee","article_modified_time":"2025-12-11T08:26:43+00:00","og_image":[{"width":1000,"height":750,"url":"https:\/\/www.castrum.ee\/wp-content\/uploads\/2025\/10\/chevy_silverado_1500_install_image_03_web.jpg","type":"image\/jpeg"}],"twitter_card":"summary_large_image","twitter_misc":{"Arvioitu lukuaika":"1 minuutti"},"schema":{"@context":"https:\/\/schema.org","@graph":[{"@type":"WebPage","@id":"https:\/\/www.castrum.ee\/fi\/toode\/chevrolet-silverado-1500-lt-22-24-suojusarja-lazer-triple-r-1000\/","url":"https:\/\/www.castrum.ee\/fi\/toode\/chevrolet-silverado-1500-lt-22-24-suojusarja-lazer-triple-r-1000\/","name":"Chevrolet Silverado 1500 LT [22-24]-suojusarja | LAZER Triple-R 1000 | LED-lis\u00e4valot ja tarvikkeet, Mallikohtaiset LED-kaukovalot","isPartOf":{"@id":"https:\/\/www.castrum.ee\/fi\/#website"},"primaryImageOfPage":{"@id":"https:\/\/www.castrum.ee\/fi\/toode\/chevrolet-silverado-1500-lt-22-24-suojusarja-lazer-triple-r-1000\/#primaryimage"},"image":{"@id":"https:\/\/www.castrum.ee\/fi\/toode\/chevrolet-silverado-1500-lt-22-24-suojusarja-lazer-triple-r-1000\/#primaryimage"},"thumbnailUrl":"https:\/\/www.castrum.ee\/wp-content\/uploads\/2025\/10\/chevy_silverado_1500_install_image_03_web.jpg","datePublished":"2025-10-29T09:25:07+00:00","dateModified":"2025-12-11T08:26:43+00:00","description":"Chevrolet Silverado 1500 LT [22-24]-suojusarja | LAZER Triple-R 1000 - LED-lis\u00e4valot ja tarvikkeet, Mallikohtaiset LED-kaukovalot . Autojen, maastureiden ja pakettiautojen lis\u00e4varusteet. Varaosat.","breadcrumb":{"@id":"https:\/\/www.castrum.ee\/fi\/toode\/chevrolet-silverado-1500-lt-22-24-suojusarja-lazer-triple-r-1000\/#breadcrumb"},"inLanguage":"fi","potentialAction":[{"@type":"ReadAction","target":["https:\/\/www.castrum.ee\/fi\/toode\/chevrolet-silverado-1500-lt-22-24-suojusarja-lazer-triple-r-1000\/"]}]},{"@type":"ImageObject","inLanguage":"fi","@id":"https:\/\/www.castrum.ee\/fi\/toode\/chevrolet-silverado-1500-lt-22-24-suojusarja-lazer-triple-r-1000\/#primaryimage","url":"https:\/\/www.castrum.ee\/wp-content\/uploads\/2025\/10\/chevy_silverado_1500_install_image_03_web.jpg","contentUrl":"https:\/\/www.castrum.ee\/wp-content\/uploads\/2025\/10\/chevy_silverado_1500_install_image_03_web.jpg","width":1000,"height":750},{"@type":"BreadcrumbList","@id":"https:\/\/www.castrum.ee\/fi\/toode\/chevrolet-silverado-1500-lt-22-24-suojusarja-lazer-triple-r-1000\/#breadcrumb","itemListElement":[{"@type":"ListItem","position":1,"name":"Home","item":"https:\/\/www.castrum.ee\/fi\/kotisivu\/"},{"@type":"ListItem","position":2,"name":"Verkkokauppa","item":"https:\/\/www.castrum.ee\/fi\/kauppa\/"},{"@type":"ListItem","position":3,"name":"Chevrolet Silverado 1500 LT [22-24]-suojusarja | LAZER Triple-R 1000"}]},{"@type":"WebSite","@id":"https:\/\/www.castrum.ee\/fi\/#website","url":"https:\/\/www.castrum.ee\/fi\/","name":"Castrum","description":"Maasturite, s\u00f5iduautode ja v\u00e4ikebusside lisavarustus","publisher":{"@id":"https:\/\/www.castrum.ee\/fi\/#organization"},"potentialAction":[{"@type":"SearchAction","target":{"@type":"EntryPoint","urlTemplate":"https:\/\/www.castrum.ee\/fi\/?s={search_term_string}"},"query-input":{"@type":"PropertyValueSpecification","valueRequired":true,"valueName":"search_term_string"}}],"inLanguage":"fi"},{"@type":"Organization","@id":"https:\/\/www.castrum.ee\/fi\/#organization","name":"Castrum Grupp O\u00dc","url":"https:\/\/www.castrum.ee\/fi\/","logo":{"@type":"ImageObject","inLanguage":"fi","@id":"https:\/\/www.castrum.ee\/fi\/#\/schema\/logo\/image\/","url":"https:\/\/www.castrum.ee\/wp-content\/uploads\/2025\/03\/Castrum-logo-500.png","contentUrl":"https:\/\/www.castrum.ee\/wp-content\/uploads\/2025\/03\/Castrum-logo-500.png","width":500,"height":250,"caption":"Castrum Grupp O\u00dc"},"image":{"@id":"https:\/\/www.castrum.ee\/fi\/#\/schema\/logo\/image\/"},"sameAs":["https:\/\/www.facebook.com\/castrum.ee"]}]}},"_links":{"self":[{"href":"https:\/\/www.castrum.ee\/fi\/wp-json\/wp\/v2\/product\/77280","targetHints":{"allow":["GET"]}}],"collection":[{"href":"https:\/\/www.castrum.ee\/fi\/wp-json\/wp\/v2\/product"}],"about":[{"href":"https:\/\/www.castrum.ee\/fi\/wp-json\/wp\/v2\/types\/product"}],"wp:featuredmedia":[{"embeddable":true,"href":"https:\/\/www.castrum.ee\/fi\/wp-json\/wp\/v2\/media\/27327"}],"wp:attachment":[{"href":"https:\/\/www.castrum.ee\/fi\/wp-json\/wp\/v2\/media?parent=77280"}],"wp:term":[{"taxonomy":"mark-ja-mudel","embeddable":true,"href":"https:\/\/www.castrum.ee\/fi\/wp-json\/wp\/v2\/mark-ja-mudel?post=77280"},{"taxonomy":"product_brand","embeddable":true,"href":"https:\/\/www.castrum.ee\/fi\/wp-json\/wp\/v2\/product_brand?post=77280"},{"taxonomy":"product_cat","embeddable":true,"href":"https:\/\/www.castrum.ee\/fi\/wp-json\/wp\/v2\/product_cat?post=77280"},{"taxonomy":"product_tag","embeddable":true,"href":"https:\/\/www.castrum.ee\/fi\/wp-json\/wp\/v2\/product_tag?post=77280"}],"curies":[{"name":"wp","href":"https:\/\/api.w.org\/{rel}","templated":true}]}}