{"id":77292,"date":"2025-10-29T09:25:14","date_gmt":"2025-10-29T09:25:14","guid":{"rendered":"https:\/\/www.castrum.ee\/toode\/ram-rebel-19-24-kauneuspukusarja-lazer-glide-linear-18\/"},"modified":"2025-12-11T10:38:15","modified_gmt":"2025-12-11T08:38:15","slug":"ram-rebel-19-24-kauneuspukusarja-lazer-glide-linear-18","status":"publish","type":"product","link":"https:\/\/www.castrum.ee\/fi\/toode\/ram-rebel-19-24-kauneuspukusarja-lazer-glide-linear-18\/","title":{"rendered":"RAM Rebel [19-24] kauneuspukusarja | LAZER Glide \/ Linear-18"},"content":{"rendered":"<p>R\u00e4\u00e4t\u00e4l\u00f6ity integrointisarja RAM Rebel (2019-2024) -malleihin:<\/p>\n<p>Valittavana Glide High Performance LED -valonauhat (Standard tai Elite &#8211; asemavaloilla tai ilman) tai Linear-18 -valonauhat (Standard, Elite tai Elite i-LBA).<\/p>\n<p>Johdinsarja kahden tai kolmen lampun liit\u00e4nt\u00e4\u00e4 varten<\/p>\n<p>Kruunut, jotka istuvat t\u00e4ydellisesti ajoneuvon alkuper\u00e4isen korin keskelle.<\/p>\n<p>Itsekierteitt\u00e4v\u00e4t (muoviset) pultit lis\u00e4tukea ja pitoa varten.<\/p>\n<p>Kruunut on valmistettu vahvasta, UV-s\u00e4teilynkest\u00e4v\u00e4st\u00e4 komposiittimateriaalista, joka kest\u00e4\u00e4 \u00e4\u00e4rimm\u00e4isi\u00e4 s\u00e4\u00e4olosuhteita ja kemikaaleja, jotta asennus pysyy luotettavana pitk\u00e4ll\u00e4 aikav\u00e4lill\u00e4.<\/p>\n<p>RAM Rebel (2019-2024) -kauneuspuvun integrointisarja on suunniteltu ja optimoitu huolellisesti yhteensopivaksi Glide- ja Linear-18-LED-valonauhojen kanssa. Takuumme ei ole voimassa, kun kruunuja k\u00e4ytet\u00e4\u00e4n muiden kuin Lazer Lampsin valaisimien kanssa. <\/p>\n","protected":false},"excerpt":{"rendered":"<p>\u2714 R\u00e4\u00e4t\u00e4l\u00f6idyt kruunut sujuvaan asennukseen<br \/>\n\u2714 Sopii tarkasti RAM Rebel (2019-2024) -malleihin<br \/>\n\u2714 Yhteensopiva Linear-18- ja Glide LED-valonauhojen kanssa<br \/>\n\u2714 Pakkaus sis\u00e4lt\u00e4\u00e4 my\u00f6s r\u00e4\u00e4t\u00e4l\u00f6idyt kiinnityskruunut ja johdinsarjan<br \/>\n\u2714 Kruunut on valmistettu eritt\u00e4in vahvasta ja UV-s\u00e4teilyn suhteen stabiilista komposiittimateriaalista<br \/>\n\u2714 T\u00e4ysin tieliikenteess\u00e4 sallittua<br \/>\n\u2714 5 vuoden takuu<br \/>\n\u2714 Valmistettu Yhdistyneess\u00e4 kuningaskunnassa.<\/p>\n","protected":false},"featured_media":27486,"template":"","meta":{"_acf_changed":false},"mark-ja-mudel":[],"product_brand":[1291,1292],"product_cat":[1079,1081],"product_tag":[1107],"class_list":{"0":"post-77292","1":"product","2":"type-product","3":"status-publish","4":"has-post-thumbnail","6":"product_brand-dodge","7":"product_brand-ram-1500","8":"product_cat-led-lisavalot-ja-tarvikkeet","9":"product_cat-mallikohtaiset-led-kaukovalot","10":"product_tag-toimitusaika-4-5-paivaa","12":"first","13":"instock","14":"taxable","15":"shipping-taxable","16":"purchasable","17":"product-type-variable"},"bundled_by":[],"bundle_stock_status":"instock","bundle_stock_quantity":null,"bundle_virtual":false,"bundle_layout":"","bundle_add_to_cart_form_location":"","bundle_editable_in_cart":false,"bundle_sold_individually_context":"","bundle_item_grouping":"","bundle_min_size":"","bundle_max_size":"","bundle_price":[],"bundled_items":[],"bundle_sell_ids":[],"acf":[],"yoast_head":"<!-- This site is optimized with the Yoast SEO plugin v27.3 - https:\/\/yoast.com\/product\/yoast-seo-wordpress\/ -->\n<title>RAM Rebel [19-24] kauneuspukusarja | LAZER Glide \/ Linear-18 | LED-lis\u00e4valot ja tarvikkeet, Mallikohtaiset LED-kaukovalot<\/title>\n<meta name=\"description\" content=\"RAM Rebel [19-24] kauneuspukusarja | LAZER Glide \/ Linear-18 - LED-lis\u00e4valot ja tarvikkeet, Mallikohtaiset LED-kaukovalot . Autojen, maastureiden ja pakettiautojen lis\u00e4varusteet. Varaosat.\" \/>\n<meta name=\"robots\" content=\"index, follow, max-snippet:-1, max-image-preview:large, max-video-preview:-1\" \/>\n<link rel=\"canonical\" href=\"https:\/\/www.castrum.ee\/fi\/toode\/ram-rebel-19-24-kauneuspukusarja-lazer-glide-linear-18\/\" \/>\n<meta property=\"og:locale\" content=\"fi_FI\" \/>\n<meta property=\"og:type\" content=\"article\" \/>\n<meta property=\"og:title\" content=\"RAM Rebel [19-24] kauneuspukusarja | LAZER Glide \/ Linear-18 | LED-lis\u00e4valot ja tarvikkeet, Mallikohtaiset LED-kaukovalot\" \/>\n<meta property=\"og:description\" content=\"RAM Rebel [19-24] kauneuspukusarja | LAZER Glide \/ Linear-18 - LED-lis\u00e4valot ja tarvikkeet, Mallikohtaiset LED-kaukovalot . Autojen, maastureiden ja pakettiautojen lis\u00e4varusteet. Varaosat.\" \/>\n<meta property=\"og:url\" content=\"https:\/\/www.castrum.ee\/fi\/toode\/ram-rebel-19-24-kauneuspukusarja-lazer-glide-linear-18\/\" \/>\n<meta property=\"og:site_name\" content=\"Castrum\" \/>\n<meta property=\"article:publisher\" content=\"https:\/\/www.facebook.com\/castrum.ee\" \/>\n<meta property=\"article:modified_time\" content=\"2025-12-11T08:38:15+00:00\" \/>\n<meta property=\"og:image\" content=\"https:\/\/www.castrum.ee\/wp-content\/uploads\/2025\/10\/ram_rebel_grille_kit_install_image_02_web.jpg\" \/>\n\t<meta property=\"og:image:width\" content=\"1000\" \/>\n\t<meta property=\"og:image:height\" content=\"750\" \/>\n\t<meta property=\"og:image:type\" content=\"image\/jpeg\" \/>\n<meta name=\"twitter:card\" content=\"summary_large_image\" \/>\n<meta name=\"twitter:label1\" content=\"Arvioitu lukuaika\" \/>\n\t<meta name=\"twitter:data1\" content=\"1 minuutti\" \/>\n<script type=\"application\/ld+json\" class=\"yoast-schema-graph\">{\"@context\":\"https:\\\/\\\/schema.org\",\"@graph\":[{\"@type\":\"WebPage\",\"@id\":\"https:\\\/\\\/www.castrum.ee\\\/fi\\\/toode\\\/ram-rebel-19-24-kauneuspukusarja-lazer-glide-linear-18\\\/\",\"url\":\"https:\\\/\\\/www.castrum.ee\\\/fi\\\/toode\\\/ram-rebel-19-24-kauneuspukusarja-lazer-glide-linear-18\\\/\",\"name\":\"RAM Rebel [19-24] kauneuspukusarja | LAZER Glide \\\/ Linear-18 | LED-lis\u00e4valot ja tarvikkeet, Mallikohtaiset LED-kaukovalot\",\"isPartOf\":{\"@id\":\"https:\\\/\\\/www.castrum.ee\\\/fi\\\/#website\"},\"primaryImageOfPage\":{\"@id\":\"https:\\\/\\\/www.castrum.ee\\\/fi\\\/toode\\\/ram-rebel-19-24-kauneuspukusarja-lazer-glide-linear-18\\\/#primaryimage\"},\"image\":{\"@id\":\"https:\\\/\\\/www.castrum.ee\\\/fi\\\/toode\\\/ram-rebel-19-24-kauneuspukusarja-lazer-glide-linear-18\\\/#primaryimage\"},\"thumbnailUrl\":\"https:\\\/\\\/www.castrum.ee\\\/wp-content\\\/uploads\\\/2025\\\/10\\\/ram_rebel_grille_kit_install_image_02_web.jpg\",\"datePublished\":\"2025-10-29T09:25:14+00:00\",\"dateModified\":\"2025-12-11T08:38:15+00:00\",\"description\":\"RAM Rebel [19-24] kauneuspukusarja | LAZER Glide \\\/ Linear-18 - LED-lis\u00e4valot ja tarvikkeet, Mallikohtaiset LED-kaukovalot . Autojen, maastureiden ja pakettiautojen lis\u00e4varusteet. Varaosat.\",\"breadcrumb\":{\"@id\":\"https:\\\/\\\/www.castrum.ee\\\/fi\\\/toode\\\/ram-rebel-19-24-kauneuspukusarja-lazer-glide-linear-18\\\/#breadcrumb\"},\"inLanguage\":\"fi\",\"potentialAction\":[{\"@type\":\"ReadAction\",\"target\":[\"https:\\\/\\\/www.castrum.ee\\\/fi\\\/toode\\\/ram-rebel-19-24-kauneuspukusarja-lazer-glide-linear-18\\\/\"]}]},{\"@type\":\"ImageObject\",\"inLanguage\":\"fi\",\"@id\":\"https:\\\/\\\/www.castrum.ee\\\/fi\\\/toode\\\/ram-rebel-19-24-kauneuspukusarja-lazer-glide-linear-18\\\/#primaryimage\",\"url\":\"https:\\\/\\\/www.castrum.ee\\\/wp-content\\\/uploads\\\/2025\\\/10\\\/ram_rebel_grille_kit_install_image_02_web.jpg\",\"contentUrl\":\"https:\\\/\\\/www.castrum.ee\\\/wp-content\\\/uploads\\\/2025\\\/10\\\/ram_rebel_grille_kit_install_image_02_web.jpg\",\"width\":1000,\"height\":750},{\"@type\":\"BreadcrumbList\",\"@id\":\"https:\\\/\\\/www.castrum.ee\\\/fi\\\/toode\\\/ram-rebel-19-24-kauneuspukusarja-lazer-glide-linear-18\\\/#breadcrumb\",\"itemListElement\":[{\"@type\":\"ListItem\",\"position\":1,\"name\":\"Home\",\"item\":\"https:\\\/\\\/www.castrum.ee\\\/fi\\\/kotisivu\\\/\"},{\"@type\":\"ListItem\",\"position\":2,\"name\":\"Verkkokauppa\",\"item\":\"https:\\\/\\\/www.castrum.ee\\\/fi\\\/kauppa\\\/\"},{\"@type\":\"ListItem\",\"position\":3,\"name\":\"RAM Rebel [19-24] kauneuspukusarja | LAZER Glide \\\/ Linear-18\"}]},{\"@type\":\"WebSite\",\"@id\":\"https:\\\/\\\/www.castrum.ee\\\/fi\\\/#website\",\"url\":\"https:\\\/\\\/www.castrum.ee\\\/fi\\\/\",\"name\":\"Castrum\",\"description\":\"Maasturite, s\u00f5iduautode ja v\u00e4ikebusside lisavarustus\",\"publisher\":{\"@id\":\"https:\\\/\\\/www.castrum.ee\\\/fi\\\/#organization\"},\"potentialAction\":[{\"@type\":\"SearchAction\",\"target\":{\"@type\":\"EntryPoint\",\"urlTemplate\":\"https:\\\/\\\/www.castrum.ee\\\/fi\\\/?s={search_term_string}\"},\"query-input\":{\"@type\":\"PropertyValueSpecification\",\"valueRequired\":true,\"valueName\":\"search_term_string\"}}],\"inLanguage\":\"fi\"},{\"@type\":\"Organization\",\"@id\":\"https:\\\/\\\/www.castrum.ee\\\/fi\\\/#organization\",\"name\":\"Castrum Grupp O\u00dc\",\"url\":\"https:\\\/\\\/www.castrum.ee\\\/fi\\\/\",\"logo\":{\"@type\":\"ImageObject\",\"inLanguage\":\"fi\",\"@id\":\"https:\\\/\\\/www.castrum.ee\\\/fi\\\/#\\\/schema\\\/logo\\\/image\\\/\",\"url\":\"https:\\\/\\\/www.castrum.ee\\\/wp-content\\\/uploads\\\/2025\\\/03\\\/Castrum-logo-500.png\",\"contentUrl\":\"https:\\\/\\\/www.castrum.ee\\\/wp-content\\\/uploads\\\/2025\\\/03\\\/Castrum-logo-500.png\",\"width\":500,\"height\":250,\"caption\":\"Castrum Grupp O\u00dc\"},\"image\":{\"@id\":\"https:\\\/\\\/www.castrum.ee\\\/fi\\\/#\\\/schema\\\/logo\\\/image\\\/\"},\"sameAs\":[\"https:\\\/\\\/www.facebook.com\\\/castrum.ee\"]}]}<\/script>\n<!-- \/ Yoast SEO plugin. -->","yoast_head_json":{"title":"RAM Rebel [19-24] kauneuspukusarja | LAZER Glide \/ Linear-18 | LED-lis\u00e4valot ja tarvikkeet, Mallikohtaiset LED-kaukovalot","description":"RAM Rebel [19-24] kauneuspukusarja | LAZER Glide \/ Linear-18 - LED-lis\u00e4valot ja tarvikkeet, Mallikohtaiset LED-kaukovalot . Autojen, maastureiden ja pakettiautojen lis\u00e4varusteet. Varaosat.","robots":{"index":"index","follow":"follow","max-snippet":"max-snippet:-1","max-image-preview":"max-image-preview:large","max-video-preview":"max-video-preview:-1"},"canonical":"https:\/\/www.castrum.ee\/fi\/toode\/ram-rebel-19-24-kauneuspukusarja-lazer-glide-linear-18\/","og_locale":"fi_FI","og_type":"article","og_title":"RAM Rebel [19-24] kauneuspukusarja | LAZER Glide \/ Linear-18 | LED-lis\u00e4valot ja tarvikkeet, Mallikohtaiset LED-kaukovalot","og_description":"RAM Rebel [19-24] kauneuspukusarja | LAZER Glide \/ Linear-18 - LED-lis\u00e4valot ja tarvikkeet, Mallikohtaiset LED-kaukovalot . Autojen, maastureiden ja pakettiautojen lis\u00e4varusteet. Varaosat.","og_url":"https:\/\/www.castrum.ee\/fi\/toode\/ram-rebel-19-24-kauneuspukusarja-lazer-glide-linear-18\/","og_site_name":"Castrum","article_publisher":"https:\/\/www.facebook.com\/castrum.ee","article_modified_time":"2025-12-11T08:38:15+00:00","og_image":[{"width":1000,"height":750,"url":"https:\/\/www.castrum.ee\/wp-content\/uploads\/2025\/10\/ram_rebel_grille_kit_install_image_02_web.jpg","type":"image\/jpeg"}],"twitter_card":"summary_large_image","twitter_misc":{"Arvioitu lukuaika":"1 minuutti"},"schema":{"@context":"https:\/\/schema.org","@graph":[{"@type":"WebPage","@id":"https:\/\/www.castrum.ee\/fi\/toode\/ram-rebel-19-24-kauneuspukusarja-lazer-glide-linear-18\/","url":"https:\/\/www.castrum.ee\/fi\/toode\/ram-rebel-19-24-kauneuspukusarja-lazer-glide-linear-18\/","name":"RAM Rebel [19-24] kauneuspukusarja | LAZER Glide \/ Linear-18 | LED-lis\u00e4valot ja tarvikkeet, Mallikohtaiset LED-kaukovalot","isPartOf":{"@id":"https:\/\/www.castrum.ee\/fi\/#website"},"primaryImageOfPage":{"@id":"https:\/\/www.castrum.ee\/fi\/toode\/ram-rebel-19-24-kauneuspukusarja-lazer-glide-linear-18\/#primaryimage"},"image":{"@id":"https:\/\/www.castrum.ee\/fi\/toode\/ram-rebel-19-24-kauneuspukusarja-lazer-glide-linear-18\/#primaryimage"},"thumbnailUrl":"https:\/\/www.castrum.ee\/wp-content\/uploads\/2025\/10\/ram_rebel_grille_kit_install_image_02_web.jpg","datePublished":"2025-10-29T09:25:14+00:00","dateModified":"2025-12-11T08:38:15+00:00","description":"RAM Rebel [19-24] kauneuspukusarja | LAZER Glide \/ Linear-18 - LED-lis\u00e4valot ja tarvikkeet, Mallikohtaiset LED-kaukovalot . Autojen, maastureiden ja pakettiautojen lis\u00e4varusteet. Varaosat.","breadcrumb":{"@id":"https:\/\/www.castrum.ee\/fi\/toode\/ram-rebel-19-24-kauneuspukusarja-lazer-glide-linear-18\/#breadcrumb"},"inLanguage":"fi","potentialAction":[{"@type":"ReadAction","target":["https:\/\/www.castrum.ee\/fi\/toode\/ram-rebel-19-24-kauneuspukusarja-lazer-glide-linear-18\/"]}]},{"@type":"ImageObject","inLanguage":"fi","@id":"https:\/\/www.castrum.ee\/fi\/toode\/ram-rebel-19-24-kauneuspukusarja-lazer-glide-linear-18\/#primaryimage","url":"https:\/\/www.castrum.ee\/wp-content\/uploads\/2025\/10\/ram_rebel_grille_kit_install_image_02_web.jpg","contentUrl":"https:\/\/www.castrum.ee\/wp-content\/uploads\/2025\/10\/ram_rebel_grille_kit_install_image_02_web.jpg","width":1000,"height":750},{"@type":"BreadcrumbList","@id":"https:\/\/www.castrum.ee\/fi\/toode\/ram-rebel-19-24-kauneuspukusarja-lazer-glide-linear-18\/#breadcrumb","itemListElement":[{"@type":"ListItem","position":1,"name":"Home","item":"https:\/\/www.castrum.ee\/fi\/kotisivu\/"},{"@type":"ListItem","position":2,"name":"Verkkokauppa","item":"https:\/\/www.castrum.ee\/fi\/kauppa\/"},{"@type":"ListItem","position":3,"name":"RAM Rebel [19-24] kauneuspukusarja | LAZER Glide \/ Linear-18"}]},{"@type":"WebSite","@id":"https:\/\/www.castrum.ee\/fi\/#website","url":"https:\/\/www.castrum.ee\/fi\/","name":"Castrum","description":"Maasturite, s\u00f5iduautode ja v\u00e4ikebusside lisavarustus","publisher":{"@id":"https:\/\/www.castrum.ee\/fi\/#organization"},"potentialAction":[{"@type":"SearchAction","target":{"@type":"EntryPoint","urlTemplate":"https:\/\/www.castrum.ee\/fi\/?s={search_term_string}"},"query-input":{"@type":"PropertyValueSpecification","valueRequired":true,"valueName":"search_term_string"}}],"inLanguage":"fi"},{"@type":"Organization","@id":"https:\/\/www.castrum.ee\/fi\/#organization","name":"Castrum Grupp O\u00dc","url":"https:\/\/www.castrum.ee\/fi\/","logo":{"@type":"ImageObject","inLanguage":"fi","@id":"https:\/\/www.castrum.ee\/fi\/#\/schema\/logo\/image\/","url":"https:\/\/www.castrum.ee\/wp-content\/uploads\/2025\/03\/Castrum-logo-500.png","contentUrl":"https:\/\/www.castrum.ee\/wp-content\/uploads\/2025\/03\/Castrum-logo-500.png","width":500,"height":250,"caption":"Castrum Grupp O\u00dc"},"image":{"@id":"https:\/\/www.castrum.ee\/fi\/#\/schema\/logo\/image\/"},"sameAs":["https:\/\/www.facebook.com\/castrum.ee"]}]}},"_links":{"self":[{"href":"https:\/\/www.castrum.ee\/fi\/wp-json\/wp\/v2\/product\/77292","targetHints":{"allow":["GET"]}}],"collection":[{"href":"https:\/\/www.castrum.ee\/fi\/wp-json\/wp\/v2\/product"}],"about":[{"href":"https:\/\/www.castrum.ee\/fi\/wp-json\/wp\/v2\/types\/product"}],"wp:featuredmedia":[{"embeddable":true,"href":"https:\/\/www.castrum.ee\/fi\/wp-json\/wp\/v2\/media\/27486"}],"wp:attachment":[{"href":"https:\/\/www.castrum.ee\/fi\/wp-json\/wp\/v2\/media?parent=77292"}],"wp:term":[{"taxonomy":"mark-ja-mudel","embeddable":true,"href":"https:\/\/www.castrum.ee\/fi\/wp-json\/wp\/v2\/mark-ja-mudel?post=77292"},{"taxonomy":"product_brand","embeddable":true,"href":"https:\/\/www.castrum.ee\/fi\/wp-json\/wp\/v2\/product_brand?post=77292"},{"taxonomy":"product_cat","embeddable":true,"href":"https:\/\/www.castrum.ee\/fi\/wp-json\/wp\/v2\/product_cat?post=77292"},{"taxonomy":"product_tag","embeddable":true,"href":"https:\/\/www.castrum.ee\/fi\/wp-json\/wp\/v2\/product_tag?post=77292"}],"curies":[{"name":"wp","href":"https:\/\/api.w.org\/{rel}","templated":true}]}}