{"id":77315,"date":"2025-09-24T11:28:26","date_gmt":"2025-09-24T11:28:26","guid":{"rendered":"https:\/\/www.castrum.ee\/toode\/rival-alumiininen-etutanko-vw-amarok-23\/"},"modified":"2025-09-24T11:28:26","modified_gmt":"2025-09-24T08:28:26","slug":"rival-alumiininen-etutanko-vw-amarok-23","status":"publish","type":"product","link":"https:\/\/www.castrum.ee\/fi\/toode\/rival-alumiininen-etutanko-vw-amarok-23\/","title":{"rendered":"RIVAL Alumiininen etutanko | VW Amarok [23+]"},"content":{"rendered":"<p>\u2714 Tehtaan puskurin t\u00e4ydellinen korvaaminen<br \/>\n\u2714 T\u00e4ysi tuki kaikille ajoneuvon vakioj\u00e4rjestelmille<br \/>\n &#8211; tutka<br \/>\n &#8211; pys\u00e4k\u00f6intianturit<br \/>\n &#8211; ACC (automaattinen vakionopeudens\u00e4\u00e4din)<br \/>\n &#8211; turvatyyny<br \/>\n\u2714 Kaikki puskurin osat on pulverimaalattu erinomaisen korroosionkest\u00e4vyyden varmistamiseksi.<br \/>\n\u2714 Suojan vahva ja kest\u00e4v\u00e4 sis\u00e4kehys on valmistettu 5 mm:n ter\u00e4ksest\u00e4.<br \/>\n\u2714 Integroitu alumiininen iskualusta<br \/>\n &#8211; yksil\u00f6llinen leimasinsuunnittelu<br \/>\n &#8211; s\u00e4ilytt\u00e4\u00e4 l\u00e4hentymiskulman<br \/>\n\u2714 Integroidut hinauspisteet, 5000 kg kantavuus<br \/>\n\u2714 Mahdollisuus asentaa erilaisia lis\u00e4varusteita, esim:<br \/>\n &#8211; vinssit (jopa 12 000 lbs vetovoima)<br \/>\n &#8211; integroidut sumuvalot<br \/>\n &#8211; valopalkki jopa 20 tuumaa<br \/>\n &#8211; CB-antennit<\/p>\n","protected":false},"excerpt":{"rendered":"<p>Alumiininen Rival eturunko OEM-etuaisan t\u00e4ydellist\u00e4 korvaamista varten.<\/p>\n","protected":false},"featured_media":24742,"template":"","meta":{"_acf_changed":false},"mark-ja-mudel":[],"product_brand":[1276,1275],"product_cat":[1052,1057],"product_tag":[1107],"class_list":{"0":"post-77315","1":"product","2":"type-product","3":"status-publish","4":"has-post-thumbnail","6":"product_brand-amarok","7":"product_brand-volkswagen","8":"product_cat-4x4-off-road-varusteet","9":"product_cat-off-road-puskurit","10":"product_tag-toimitusaika-4-5-paivaa","12":"first","13":"instock","14":"taxable","15":"shipping-taxable","16":"purchasable","17":"product-type-simple"},"bundled_by":[],"bundle_stock_status":"instock","bundle_stock_quantity":null,"bundle_virtual":false,"bundle_layout":"","bundle_add_to_cart_form_location":"","bundle_editable_in_cart":false,"bundle_sold_individually_context":"","bundle_item_grouping":"","bundle_min_size":"","bundle_max_size":"","bundle_price":[],"bundled_items":[],"bundle_sell_ids":[],"acf":[],"yoast_head":"<!-- This site is optimized with the Yoast SEO plugin v27.3 - https:\/\/yoast.com\/product\/yoast-seo-wordpress\/ -->\n<title>RIVAL Alumiininen etutanko | VW Amarok [23+] | 4x4 off-road -varusteet, Off-road-puskurit<\/title>\n<meta name=\"description\" content=\"RIVAL Alumiininen etutanko | VW Amarok [23+] - 4x4 off-road -varusteet, Off-road-puskurit . Autojen, maastureiden ja pakettiautojen lis\u00e4varusteet. Varaosat.\" \/>\n<meta name=\"robots\" content=\"index, follow, max-snippet:-1, max-image-preview:large, max-video-preview:-1\" \/>\n<link rel=\"canonical\" href=\"https:\/\/www.castrum.ee\/fi\/toode\/rival-alumiininen-etutanko-vw-amarok-23\/\" \/>\n<meta property=\"og:locale\" content=\"fi_FI\" \/>\n<meta property=\"og:type\" content=\"article\" \/>\n<meta property=\"og:title\" content=\"RIVAL Alumiininen etutanko | VW Amarok [23+] | 4x4 off-road -varusteet, Off-road-puskurit\" \/>\n<meta property=\"og:description\" content=\"RIVAL Alumiininen etutanko | VW Amarok [23+] - 4x4 off-road -varusteet, Off-road-puskurit . Autojen, maastureiden ja pakettiautojen lis\u00e4varusteet. Varaosat.\" \/>\n<meta property=\"og:url\" content=\"https:\/\/www.castrum.ee\/fi\/toode\/rival-alumiininen-etutanko-vw-amarok-23\/\" \/>\n<meta property=\"og:site_name\" content=\"Castrum\" \/>\n<meta property=\"article:publisher\" content=\"https:\/\/www.facebook.com\/castrum.ee\" \/>\n<meta name=\"twitter:card\" content=\"summary_large_image\" \/>\n<script type=\"application\/ld+json\" class=\"yoast-schema-graph\">{\"@context\":\"https:\\\/\\\/schema.org\",\"@graph\":[{\"@type\":\"WebPage\",\"@id\":\"https:\\\/\\\/www.castrum.ee\\\/fi\\\/toode\\\/rival-alumiininen-etutanko-vw-amarok-23\\\/\",\"url\":\"https:\\\/\\\/www.castrum.ee\\\/fi\\\/toode\\\/rival-alumiininen-etutanko-vw-amarok-23\\\/\",\"name\":\"RIVAL Alumiininen etutanko | VW Amarok [23+] | 4x4 off-road -varusteet, Off-road-puskurit\",\"isPartOf\":{\"@id\":\"https:\\\/\\\/www.castrum.ee\\\/fi\\\/#website\"},\"primaryImageOfPage\":{\"@id\":\"https:\\\/\\\/www.castrum.ee\\\/fi\\\/toode\\\/rival-alumiininen-etutanko-vw-amarok-23\\\/#primaryimage\"},\"image\":{\"@id\":\"https:\\\/\\\/www.castrum.ee\\\/fi\\\/toode\\\/rival-alumiininen-etutanko-vw-amarok-23\\\/#primaryimage\"},\"thumbnailUrl\":\"https:\\\/\\\/www.castrum.ee\\\/wp-content\\\/uploads\\\/2025\\\/09\\\/rival-stange-vw-amarok-23.webp\",\"datePublished\":\"2025-09-24T11:28:26+00:00\",\"description\":\"RIVAL Alumiininen etutanko | VW Amarok [23+] - 4x4 off-road -varusteet, Off-road-puskurit . Autojen, maastureiden ja pakettiautojen lis\u00e4varusteet. Varaosat.\",\"breadcrumb\":{\"@id\":\"https:\\\/\\\/www.castrum.ee\\\/fi\\\/toode\\\/rival-alumiininen-etutanko-vw-amarok-23\\\/#breadcrumb\"},\"inLanguage\":\"fi\",\"potentialAction\":[{\"@type\":\"ReadAction\",\"target\":[\"https:\\\/\\\/www.castrum.ee\\\/fi\\\/toode\\\/rival-alumiininen-etutanko-vw-amarok-23\\\/\"]}]},{\"@type\":\"ImageObject\",\"inLanguage\":\"fi\",\"@id\":\"https:\\\/\\\/www.castrum.ee\\\/fi\\\/toode\\\/rival-alumiininen-etutanko-vw-amarok-23\\\/#primaryimage\",\"url\":\"https:\\\/\\\/www.castrum.ee\\\/wp-content\\\/uploads\\\/2025\\\/09\\\/rival-stange-vw-amarok-23.webp\",\"contentUrl\":\"https:\\\/\\\/www.castrum.ee\\\/wp-content\\\/uploads\\\/2025\\\/09\\\/rival-stange-vw-amarok-23.webp\",\"width\":1200,\"height\":848},{\"@type\":\"BreadcrumbList\",\"@id\":\"https:\\\/\\\/www.castrum.ee\\\/fi\\\/toode\\\/rival-alumiininen-etutanko-vw-amarok-23\\\/#breadcrumb\",\"itemListElement\":[{\"@type\":\"ListItem\",\"position\":1,\"name\":\"Home\",\"item\":\"https:\\\/\\\/www.castrum.ee\\\/fi\\\/kotisivu\\\/\"},{\"@type\":\"ListItem\",\"position\":2,\"name\":\"Verkkokauppa\",\"item\":\"https:\\\/\\\/www.castrum.ee\\\/fi\\\/kauppa\\\/\"},{\"@type\":\"ListItem\",\"position\":3,\"name\":\"RIVAL Alumiininen etutanko | VW Amarok [23+]\"}]},{\"@type\":\"WebSite\",\"@id\":\"https:\\\/\\\/www.castrum.ee\\\/fi\\\/#website\",\"url\":\"https:\\\/\\\/www.castrum.ee\\\/fi\\\/\",\"name\":\"Castrum\",\"description\":\"Maasturite, s\u00f5iduautode ja v\u00e4ikebusside lisavarustus\",\"publisher\":{\"@id\":\"https:\\\/\\\/www.castrum.ee\\\/fi\\\/#organization\"},\"potentialAction\":[{\"@type\":\"SearchAction\",\"target\":{\"@type\":\"EntryPoint\",\"urlTemplate\":\"https:\\\/\\\/www.castrum.ee\\\/fi\\\/?s={search_term_string}\"},\"query-input\":{\"@type\":\"PropertyValueSpecification\",\"valueRequired\":true,\"valueName\":\"search_term_string\"}}],\"inLanguage\":\"fi\"},{\"@type\":\"Organization\",\"@id\":\"https:\\\/\\\/www.castrum.ee\\\/fi\\\/#organization\",\"name\":\"Castrum Grupp O\u00dc\",\"url\":\"https:\\\/\\\/www.castrum.ee\\\/fi\\\/\",\"logo\":{\"@type\":\"ImageObject\",\"inLanguage\":\"fi\",\"@id\":\"https:\\\/\\\/www.castrum.ee\\\/fi\\\/#\\\/schema\\\/logo\\\/image\\\/\",\"url\":\"https:\\\/\\\/www.castrum.ee\\\/wp-content\\\/uploads\\\/2025\\\/03\\\/Castrum-logo-500.png\",\"contentUrl\":\"https:\\\/\\\/www.castrum.ee\\\/wp-content\\\/uploads\\\/2025\\\/03\\\/Castrum-logo-500.png\",\"width\":500,\"height\":250,\"caption\":\"Castrum Grupp O\u00dc\"},\"image\":{\"@id\":\"https:\\\/\\\/www.castrum.ee\\\/fi\\\/#\\\/schema\\\/logo\\\/image\\\/\"},\"sameAs\":[\"https:\\\/\\\/www.facebook.com\\\/castrum.ee\"]}]}<\/script>\n<!-- \/ Yoast SEO plugin. -->","yoast_head_json":{"title":"RIVAL Alumiininen etutanko | VW Amarok [23+] | 4x4 off-road -varusteet, Off-road-puskurit","description":"RIVAL Alumiininen etutanko | VW Amarok [23+] - 4x4 off-road -varusteet, Off-road-puskurit . Autojen, maastureiden ja pakettiautojen lis\u00e4varusteet. Varaosat.","robots":{"index":"index","follow":"follow","max-snippet":"max-snippet:-1","max-image-preview":"max-image-preview:large","max-video-preview":"max-video-preview:-1"},"canonical":"https:\/\/www.castrum.ee\/fi\/toode\/rival-alumiininen-etutanko-vw-amarok-23\/","og_locale":"fi_FI","og_type":"article","og_title":"RIVAL Alumiininen etutanko | VW Amarok [23+] | 4x4 off-road -varusteet, Off-road-puskurit","og_description":"RIVAL Alumiininen etutanko | VW Amarok [23+] - 4x4 off-road -varusteet, Off-road-puskurit . Autojen, maastureiden ja pakettiautojen lis\u00e4varusteet. Varaosat.","og_url":"https:\/\/www.castrum.ee\/fi\/toode\/rival-alumiininen-etutanko-vw-amarok-23\/","og_site_name":"Castrum","article_publisher":"https:\/\/www.facebook.com\/castrum.ee","twitter_card":"summary_large_image","schema":{"@context":"https:\/\/schema.org","@graph":[{"@type":"WebPage","@id":"https:\/\/www.castrum.ee\/fi\/toode\/rival-alumiininen-etutanko-vw-amarok-23\/","url":"https:\/\/www.castrum.ee\/fi\/toode\/rival-alumiininen-etutanko-vw-amarok-23\/","name":"RIVAL Alumiininen etutanko | VW Amarok [23+] | 4x4 off-road -varusteet, Off-road-puskurit","isPartOf":{"@id":"https:\/\/www.castrum.ee\/fi\/#website"},"primaryImageOfPage":{"@id":"https:\/\/www.castrum.ee\/fi\/toode\/rival-alumiininen-etutanko-vw-amarok-23\/#primaryimage"},"image":{"@id":"https:\/\/www.castrum.ee\/fi\/toode\/rival-alumiininen-etutanko-vw-amarok-23\/#primaryimage"},"thumbnailUrl":"https:\/\/www.castrum.ee\/wp-content\/uploads\/2025\/09\/rival-stange-vw-amarok-23.webp","datePublished":"2025-09-24T11:28:26+00:00","description":"RIVAL Alumiininen etutanko | VW Amarok [23+] - 4x4 off-road -varusteet, Off-road-puskurit . Autojen, maastureiden ja pakettiautojen lis\u00e4varusteet. Varaosat.","breadcrumb":{"@id":"https:\/\/www.castrum.ee\/fi\/toode\/rival-alumiininen-etutanko-vw-amarok-23\/#breadcrumb"},"inLanguage":"fi","potentialAction":[{"@type":"ReadAction","target":["https:\/\/www.castrum.ee\/fi\/toode\/rival-alumiininen-etutanko-vw-amarok-23\/"]}]},{"@type":"ImageObject","inLanguage":"fi","@id":"https:\/\/www.castrum.ee\/fi\/toode\/rival-alumiininen-etutanko-vw-amarok-23\/#primaryimage","url":"https:\/\/www.castrum.ee\/wp-content\/uploads\/2025\/09\/rival-stange-vw-amarok-23.webp","contentUrl":"https:\/\/www.castrum.ee\/wp-content\/uploads\/2025\/09\/rival-stange-vw-amarok-23.webp","width":1200,"height":848},{"@type":"BreadcrumbList","@id":"https:\/\/www.castrum.ee\/fi\/toode\/rival-alumiininen-etutanko-vw-amarok-23\/#breadcrumb","itemListElement":[{"@type":"ListItem","position":1,"name":"Home","item":"https:\/\/www.castrum.ee\/fi\/kotisivu\/"},{"@type":"ListItem","position":2,"name":"Verkkokauppa","item":"https:\/\/www.castrum.ee\/fi\/kauppa\/"},{"@type":"ListItem","position":3,"name":"RIVAL Alumiininen etutanko | VW Amarok [23+]"}]},{"@type":"WebSite","@id":"https:\/\/www.castrum.ee\/fi\/#website","url":"https:\/\/www.castrum.ee\/fi\/","name":"Castrum","description":"Maasturite, s\u00f5iduautode ja v\u00e4ikebusside lisavarustus","publisher":{"@id":"https:\/\/www.castrum.ee\/fi\/#organization"},"potentialAction":[{"@type":"SearchAction","target":{"@type":"EntryPoint","urlTemplate":"https:\/\/www.castrum.ee\/fi\/?s={search_term_string}"},"query-input":{"@type":"PropertyValueSpecification","valueRequired":true,"valueName":"search_term_string"}}],"inLanguage":"fi"},{"@type":"Organization","@id":"https:\/\/www.castrum.ee\/fi\/#organization","name":"Castrum Grupp O\u00dc","url":"https:\/\/www.castrum.ee\/fi\/","logo":{"@type":"ImageObject","inLanguage":"fi","@id":"https:\/\/www.castrum.ee\/fi\/#\/schema\/logo\/image\/","url":"https:\/\/www.castrum.ee\/wp-content\/uploads\/2025\/03\/Castrum-logo-500.png","contentUrl":"https:\/\/www.castrum.ee\/wp-content\/uploads\/2025\/03\/Castrum-logo-500.png","width":500,"height":250,"caption":"Castrum Grupp O\u00dc"},"image":{"@id":"https:\/\/www.castrum.ee\/fi\/#\/schema\/logo\/image\/"},"sameAs":["https:\/\/www.facebook.com\/castrum.ee"]}]}},"_links":{"self":[{"href":"https:\/\/www.castrum.ee\/fi\/wp-json\/wp\/v2\/product\/77315","targetHints":{"allow":["GET"]}}],"collection":[{"href":"https:\/\/www.castrum.ee\/fi\/wp-json\/wp\/v2\/product"}],"about":[{"href":"https:\/\/www.castrum.ee\/fi\/wp-json\/wp\/v2\/types\/product"}],"wp:featuredmedia":[{"embeddable":true,"href":"https:\/\/www.castrum.ee\/fi\/wp-json\/wp\/v2\/media\/24742"}],"wp:attachment":[{"href":"https:\/\/www.castrum.ee\/fi\/wp-json\/wp\/v2\/media?parent=77315"}],"wp:term":[{"taxonomy":"mark-ja-mudel","embeddable":true,"href":"https:\/\/www.castrum.ee\/fi\/wp-json\/wp\/v2\/mark-ja-mudel?post=77315"},{"taxonomy":"product_brand","embeddable":true,"href":"https:\/\/www.castrum.ee\/fi\/wp-json\/wp\/v2\/product_brand?post=77315"},{"taxonomy":"product_cat","embeddable":true,"href":"https:\/\/www.castrum.ee\/fi\/wp-json\/wp\/v2\/product_cat?post=77315"},{"taxonomy":"product_tag","embeddable":true,"href":"https:\/\/www.castrum.ee\/fi\/wp-json\/wp\/v2\/product_tag?post=77315"}],"curies":[{"name":"wp","href":"https:\/\/api.w.org\/{rel}","templated":true}]}}