{"id":77338,"date":"2025-10-09T12:31:55","date_gmt":"2025-10-09T12:31:55","guid":{"rendered":"https:\/\/www.castrum.ee\/toode\/w-light-atv-sideshooter-lammitettava-lasi\/"},"modified":"2025-10-09T12:31:55","modified_gmt":"2025-10-09T09:31:55","slug":"w-light-atv-sideshooter-lammitettava-lasi","status":"publish","type":"product","link":"https:\/\/www.castrum.ee\/fi\/toode\/w-light-atv-sideshooter-lammitettava-lasi\/","title":{"rendered":"W-Light ATV Sideshooter, l\u00e4mmitett\u00e4v\u00e4 lasi"},"content":{"rendered":"<p>SKU: 1605-NS3835<br \/>\n<strong>Mitat<\/strong>: 253.00 x 79.00 x 63.00mm<br \/>\n<strong>J\u00e4nnite<\/strong>: 10-30V<br \/>\n<strong>Lumenit<\/strong>: 7200 lm<br \/>\n<strong>V\u00e4ril\u00e4mp\u00f6tila<\/strong>: 5700 K<br \/>\n<strong>Liittimen tyyppi<\/strong>: 2-pin DT<br \/>\n<strong>Kotelon materiaali<\/strong>: Alumiini<br \/>\n<strong>Linssin materiaali<\/strong>: Polykarbonaatti<br \/>\n<strong>IP-luokitus<\/strong>: IP67\/ IP69K<br \/>\n<strong>Sertifikaatit<\/strong>: R10<br \/>\n<strong>Mallin nimi<\/strong>: ATV Sideshooter<br \/>\n<strong>Kuvaus<\/strong>: 12 x Osram + sideshooter 8 x Osram, yhdistelm\u00e4valokuvio + sivuvalot, 7200lm (teor.), 248lx @10m, 5700K, l\u00e4mmitetty PC-lasi, alumiinirunko ja kiinnitys, kumikaapeli Deutsch DT -liittimell\u00e4, IP67, R10, 12V 5.2A \u2013 24V 2.7A. Suunniteltu erityisesti moottorikelkoille ja m\u00f6nkij\u00f6ille, l\u00e4mmitetty lasi pit\u00e4\u00e4 valaisimen puhtaana lumesta ja j\u00e4\u00e4st\u00e4, tehokas yhdistelm\u00e4valokuvio valaisee kauas. S\u00e4\u00e4dett\u00e4v\u00e4t kiinnitysjalat takaavat helpon asennuksen ja DT-liitin varmistaa luotettavan yhteyden. Valaisimen saa kiinnitt\u00e4\u00e4 autoihin (ECE R10 -sertifikaatti), mutta se ei sovellu (ECE R112) tieliikennek\u00e4ytt\u00f6\u00f6n.   <\/p>\n","protected":false},"excerpt":{"rendered":"<p>SKU: 1605-NS3835 Mitat: 253.00 x 79.00 x 63.00mm J\u00e4nnite: 10-30V  [&#8230;]<\/p>\n","protected":false},"featured_media":25917,"template":"","meta":{"_acf_changed":false},"mark-ja-mudel":[],"product_brand":[],"product_cat":[1079,1084],"product_tag":[1135],"class_list":{"0":"post-77338","1":"product","2":"type-product","3":"status-publish","4":"has-post-thumbnail","6":"product_cat-led-lisavalot-ja-tarvikkeet","7":"product_cat-tyovalot","8":"product_tag-toimitusaika-1-2-paivaa","10":"first","11":"instock","12":"taxable","13":"shipping-taxable","14":"purchasable","15":"product-type-simple"},"bundled_by":[],"bundle_stock_status":"instock","bundle_stock_quantity":null,"bundle_virtual":false,"bundle_layout":"","bundle_add_to_cart_form_location":"","bundle_editable_in_cart":false,"bundle_sold_individually_context":"","bundle_item_grouping":"","bundle_min_size":"","bundle_max_size":"","bundle_price":[],"bundled_items":[],"bundle_sell_ids":[],"acf":[],"yoast_head":"<!-- This site is optimized with the Yoast SEO plugin v27.3 - https:\/\/yoast.com\/product\/yoast-seo-wordpress\/ -->\n<title>W-Light ATV Sideshooter, l\u00e4mmitett\u00e4v\u00e4 lasi | LED-lis\u00e4valot ja tarvikkeet, Ty\u00f6valot<\/title>\n<meta name=\"description\" content=\"W-Light ATV Sideshooter, l\u00e4mmitett\u00e4v\u00e4 lasi - LED-lis\u00e4valot ja tarvikkeet, Ty\u00f6valot . Autojen, maastureiden ja pakettiautojen lis\u00e4varusteet. Varaosat.\" \/>\n<meta name=\"robots\" content=\"index, follow, max-snippet:-1, max-image-preview:large, max-video-preview:-1\" \/>\n<link rel=\"canonical\" href=\"https:\/\/www.castrum.ee\/fi\/toode\/w-light-atv-sideshooter-lammitettava-lasi\/\" \/>\n<meta property=\"og:locale\" content=\"fi_FI\" \/>\n<meta property=\"og:type\" content=\"article\" \/>\n<meta property=\"og:title\" content=\"W-Light ATV Sideshooter, l\u00e4mmitett\u00e4v\u00e4 lasi | LED-lis\u00e4valot ja tarvikkeet, Ty\u00f6valot\" \/>\n<meta property=\"og:description\" content=\"W-Light ATV Sideshooter, l\u00e4mmitett\u00e4v\u00e4 lasi - LED-lis\u00e4valot ja tarvikkeet, Ty\u00f6valot . Autojen, maastureiden ja pakettiautojen lis\u00e4varusteet. Varaosat.\" \/>\n<meta property=\"og:url\" content=\"https:\/\/www.castrum.ee\/fi\/toode\/w-light-atv-sideshooter-lammitettava-lasi\/\" \/>\n<meta property=\"og:site_name\" content=\"Castrum\" \/>\n<meta property=\"article:publisher\" content=\"https:\/\/www.facebook.com\/castrum.ee\" \/>\n<meta name=\"twitter:card\" content=\"summary_large_image\" \/>\n<meta name=\"twitter:label1\" content=\"Arvioitu lukuaika\" \/>\n\t<meta name=\"twitter:data1\" content=\"1 minuutti\" \/>\n<script type=\"application\/ld+json\" class=\"yoast-schema-graph\">{\"@context\":\"https:\\\/\\\/schema.org\",\"@graph\":[{\"@type\":\"WebPage\",\"@id\":\"https:\\\/\\\/www.castrum.ee\\\/fi\\\/toode\\\/w-light-atv-sideshooter-lammitettava-lasi\\\/\",\"url\":\"https:\\\/\\\/www.castrum.ee\\\/fi\\\/toode\\\/w-light-atv-sideshooter-lammitettava-lasi\\\/\",\"name\":\"W-Light ATV Sideshooter, l\u00e4mmitett\u00e4v\u00e4 lasi | LED-lis\u00e4valot ja tarvikkeet, Ty\u00f6valot\",\"isPartOf\":{\"@id\":\"https:\\\/\\\/www.castrum.ee\\\/fi\\\/#website\"},\"primaryImageOfPage\":{\"@id\":\"https:\\\/\\\/www.castrum.ee\\\/fi\\\/toode\\\/w-light-atv-sideshooter-lammitettava-lasi\\\/#primaryimage\"},\"image\":{\"@id\":\"https:\\\/\\\/www.castrum.ee\\\/fi\\\/toode\\\/w-light-atv-sideshooter-lammitettava-lasi\\\/#primaryimage\"},\"thumbnailUrl\":\"https:\\\/\\\/www.castrum.ee\\\/wp-content\\\/uploads\\\/2025\\\/10\\\/1605-NS3835_001.jpg\",\"datePublished\":\"2025-10-09T12:31:55+00:00\",\"description\":\"W-Light ATV Sideshooter, l\u00e4mmitett\u00e4v\u00e4 lasi - LED-lis\u00e4valot ja tarvikkeet, Ty\u00f6valot . Autojen, maastureiden ja pakettiautojen lis\u00e4varusteet. Varaosat.\",\"breadcrumb\":{\"@id\":\"https:\\\/\\\/www.castrum.ee\\\/fi\\\/toode\\\/w-light-atv-sideshooter-lammitettava-lasi\\\/#breadcrumb\"},\"inLanguage\":\"fi\",\"potentialAction\":[{\"@type\":\"ReadAction\",\"target\":[\"https:\\\/\\\/www.castrum.ee\\\/fi\\\/toode\\\/w-light-atv-sideshooter-lammitettava-lasi\\\/\"]}]},{\"@type\":\"ImageObject\",\"inLanguage\":\"fi\",\"@id\":\"https:\\\/\\\/www.castrum.ee\\\/fi\\\/toode\\\/w-light-atv-sideshooter-lammitettava-lasi\\\/#primaryimage\",\"url\":\"https:\\\/\\\/www.castrum.ee\\\/wp-content\\\/uploads\\\/2025\\\/10\\\/1605-NS3835_001.jpg\",\"contentUrl\":\"https:\\\/\\\/www.castrum.ee\\\/wp-content\\\/uploads\\\/2025\\\/10\\\/1605-NS3835_001.jpg\",\"width\":400,\"height\":300},{\"@type\":\"BreadcrumbList\",\"@id\":\"https:\\\/\\\/www.castrum.ee\\\/fi\\\/toode\\\/w-light-atv-sideshooter-lammitettava-lasi\\\/#breadcrumb\",\"itemListElement\":[{\"@type\":\"ListItem\",\"position\":1,\"name\":\"Home\",\"item\":\"https:\\\/\\\/www.castrum.ee\\\/fi\\\/kotisivu\\\/\"},{\"@type\":\"ListItem\",\"position\":2,\"name\":\"Verkkokauppa\",\"item\":\"https:\\\/\\\/www.castrum.ee\\\/fi\\\/kauppa\\\/\"},{\"@type\":\"ListItem\",\"position\":3,\"name\":\"W-Light ATV Sideshooter, l\u00e4mmitett\u00e4v\u00e4 lasi\"}]},{\"@type\":\"WebSite\",\"@id\":\"https:\\\/\\\/www.castrum.ee\\\/fi\\\/#website\",\"url\":\"https:\\\/\\\/www.castrum.ee\\\/fi\\\/\",\"name\":\"Castrum\",\"description\":\"Maasturite, s\u00f5iduautode ja v\u00e4ikebusside lisavarustus\",\"publisher\":{\"@id\":\"https:\\\/\\\/www.castrum.ee\\\/fi\\\/#organization\"},\"potentialAction\":[{\"@type\":\"SearchAction\",\"target\":{\"@type\":\"EntryPoint\",\"urlTemplate\":\"https:\\\/\\\/www.castrum.ee\\\/fi\\\/?s={search_term_string}\"},\"query-input\":{\"@type\":\"PropertyValueSpecification\",\"valueRequired\":true,\"valueName\":\"search_term_string\"}}],\"inLanguage\":\"fi\"},{\"@type\":\"Organization\",\"@id\":\"https:\\\/\\\/www.castrum.ee\\\/fi\\\/#organization\",\"name\":\"Castrum Grupp O\u00dc\",\"url\":\"https:\\\/\\\/www.castrum.ee\\\/fi\\\/\",\"logo\":{\"@type\":\"ImageObject\",\"inLanguage\":\"fi\",\"@id\":\"https:\\\/\\\/www.castrum.ee\\\/fi\\\/#\\\/schema\\\/logo\\\/image\\\/\",\"url\":\"https:\\\/\\\/www.castrum.ee\\\/wp-content\\\/uploads\\\/2025\\\/03\\\/Castrum-logo-500.png\",\"contentUrl\":\"https:\\\/\\\/www.castrum.ee\\\/wp-content\\\/uploads\\\/2025\\\/03\\\/Castrum-logo-500.png\",\"width\":500,\"height\":250,\"caption\":\"Castrum Grupp O\u00dc\"},\"image\":{\"@id\":\"https:\\\/\\\/www.castrum.ee\\\/fi\\\/#\\\/schema\\\/logo\\\/image\\\/\"},\"sameAs\":[\"https:\\\/\\\/www.facebook.com\\\/castrum.ee\"]}]}<\/script>\n<!-- \/ Yoast SEO plugin. -->","yoast_head_json":{"title":"W-Light ATV Sideshooter, l\u00e4mmitett\u00e4v\u00e4 lasi | LED-lis\u00e4valot ja tarvikkeet, Ty\u00f6valot","description":"W-Light ATV Sideshooter, l\u00e4mmitett\u00e4v\u00e4 lasi - LED-lis\u00e4valot ja tarvikkeet, Ty\u00f6valot . Autojen, maastureiden ja pakettiautojen lis\u00e4varusteet. Varaosat.","robots":{"index":"index","follow":"follow","max-snippet":"max-snippet:-1","max-image-preview":"max-image-preview:large","max-video-preview":"max-video-preview:-1"},"canonical":"https:\/\/www.castrum.ee\/fi\/toode\/w-light-atv-sideshooter-lammitettava-lasi\/","og_locale":"fi_FI","og_type":"article","og_title":"W-Light ATV Sideshooter, l\u00e4mmitett\u00e4v\u00e4 lasi | LED-lis\u00e4valot ja tarvikkeet, Ty\u00f6valot","og_description":"W-Light ATV Sideshooter, l\u00e4mmitett\u00e4v\u00e4 lasi - LED-lis\u00e4valot ja tarvikkeet, Ty\u00f6valot . Autojen, maastureiden ja pakettiautojen lis\u00e4varusteet. Varaosat.","og_url":"https:\/\/www.castrum.ee\/fi\/toode\/w-light-atv-sideshooter-lammitettava-lasi\/","og_site_name":"Castrum","article_publisher":"https:\/\/www.facebook.com\/castrum.ee","twitter_card":"summary_large_image","twitter_misc":{"Arvioitu lukuaika":"1 minuutti"},"schema":{"@context":"https:\/\/schema.org","@graph":[{"@type":"WebPage","@id":"https:\/\/www.castrum.ee\/fi\/toode\/w-light-atv-sideshooter-lammitettava-lasi\/","url":"https:\/\/www.castrum.ee\/fi\/toode\/w-light-atv-sideshooter-lammitettava-lasi\/","name":"W-Light ATV Sideshooter, l\u00e4mmitett\u00e4v\u00e4 lasi | LED-lis\u00e4valot ja tarvikkeet, Ty\u00f6valot","isPartOf":{"@id":"https:\/\/www.castrum.ee\/fi\/#website"},"primaryImageOfPage":{"@id":"https:\/\/www.castrum.ee\/fi\/toode\/w-light-atv-sideshooter-lammitettava-lasi\/#primaryimage"},"image":{"@id":"https:\/\/www.castrum.ee\/fi\/toode\/w-light-atv-sideshooter-lammitettava-lasi\/#primaryimage"},"thumbnailUrl":"https:\/\/www.castrum.ee\/wp-content\/uploads\/2025\/10\/1605-NS3835_001.jpg","datePublished":"2025-10-09T12:31:55+00:00","description":"W-Light ATV Sideshooter, l\u00e4mmitett\u00e4v\u00e4 lasi - LED-lis\u00e4valot ja tarvikkeet, Ty\u00f6valot . Autojen, maastureiden ja pakettiautojen lis\u00e4varusteet. Varaosat.","breadcrumb":{"@id":"https:\/\/www.castrum.ee\/fi\/toode\/w-light-atv-sideshooter-lammitettava-lasi\/#breadcrumb"},"inLanguage":"fi","potentialAction":[{"@type":"ReadAction","target":["https:\/\/www.castrum.ee\/fi\/toode\/w-light-atv-sideshooter-lammitettava-lasi\/"]}]},{"@type":"ImageObject","inLanguage":"fi","@id":"https:\/\/www.castrum.ee\/fi\/toode\/w-light-atv-sideshooter-lammitettava-lasi\/#primaryimage","url":"https:\/\/www.castrum.ee\/wp-content\/uploads\/2025\/10\/1605-NS3835_001.jpg","contentUrl":"https:\/\/www.castrum.ee\/wp-content\/uploads\/2025\/10\/1605-NS3835_001.jpg","width":400,"height":300},{"@type":"BreadcrumbList","@id":"https:\/\/www.castrum.ee\/fi\/toode\/w-light-atv-sideshooter-lammitettava-lasi\/#breadcrumb","itemListElement":[{"@type":"ListItem","position":1,"name":"Home","item":"https:\/\/www.castrum.ee\/fi\/kotisivu\/"},{"@type":"ListItem","position":2,"name":"Verkkokauppa","item":"https:\/\/www.castrum.ee\/fi\/kauppa\/"},{"@type":"ListItem","position":3,"name":"W-Light ATV Sideshooter, l\u00e4mmitett\u00e4v\u00e4 lasi"}]},{"@type":"WebSite","@id":"https:\/\/www.castrum.ee\/fi\/#website","url":"https:\/\/www.castrum.ee\/fi\/","name":"Castrum","description":"Maasturite, s\u00f5iduautode ja v\u00e4ikebusside lisavarustus","publisher":{"@id":"https:\/\/www.castrum.ee\/fi\/#organization"},"potentialAction":[{"@type":"SearchAction","target":{"@type":"EntryPoint","urlTemplate":"https:\/\/www.castrum.ee\/fi\/?s={search_term_string}"},"query-input":{"@type":"PropertyValueSpecification","valueRequired":true,"valueName":"search_term_string"}}],"inLanguage":"fi"},{"@type":"Organization","@id":"https:\/\/www.castrum.ee\/fi\/#organization","name":"Castrum Grupp O\u00dc","url":"https:\/\/www.castrum.ee\/fi\/","logo":{"@type":"ImageObject","inLanguage":"fi","@id":"https:\/\/www.castrum.ee\/fi\/#\/schema\/logo\/image\/","url":"https:\/\/www.castrum.ee\/wp-content\/uploads\/2025\/03\/Castrum-logo-500.png","contentUrl":"https:\/\/www.castrum.ee\/wp-content\/uploads\/2025\/03\/Castrum-logo-500.png","width":500,"height":250,"caption":"Castrum Grupp O\u00dc"},"image":{"@id":"https:\/\/www.castrum.ee\/fi\/#\/schema\/logo\/image\/"},"sameAs":["https:\/\/www.facebook.com\/castrum.ee"]}]}},"_links":{"self":[{"href":"https:\/\/www.castrum.ee\/fi\/wp-json\/wp\/v2\/product\/77338","targetHints":{"allow":["GET"]}}],"collection":[{"href":"https:\/\/www.castrum.ee\/fi\/wp-json\/wp\/v2\/product"}],"about":[{"href":"https:\/\/www.castrum.ee\/fi\/wp-json\/wp\/v2\/types\/product"}],"wp:featuredmedia":[{"embeddable":true,"href":"https:\/\/www.castrum.ee\/fi\/wp-json\/wp\/v2\/media\/25917"}],"wp:attachment":[{"href":"https:\/\/www.castrum.ee\/fi\/wp-json\/wp\/v2\/media?parent=77338"}],"wp:term":[{"taxonomy":"mark-ja-mudel","embeddable":true,"href":"https:\/\/www.castrum.ee\/fi\/wp-json\/wp\/v2\/mark-ja-mudel?post=77338"},{"taxonomy":"product_brand","embeddable":true,"href":"https:\/\/www.castrum.ee\/fi\/wp-json\/wp\/v2\/product_brand?post=77338"},{"taxonomy":"product_cat","embeddable":true,"href":"https:\/\/www.castrum.ee\/fi\/wp-json\/wp\/v2\/product_cat?post=77338"},{"taxonomy":"product_tag","embeddable":true,"href":"https:\/\/www.castrum.ee\/fi\/wp-json\/wp\/v2\/product_tag?post=77338"}],"curies":[{"name":"wp","href":"https:\/\/api.w.org\/{rel}","templated":true}]}}