{"id":77429,"date":"2025-10-09T12:33:27","date_gmt":"2025-10-09T12:33:27","guid":{"rendered":"https:\/\/www.castrum.ee\/toode\/x-vision-genesis-ii-600-spot-beam-lammitettava-lasi\/"},"modified":"2025-10-09T12:33:27","modified_gmt":"2025-10-09T09:33:27","slug":"x-vision-genesis-ii-600-spot-beam-lammitettava-lasi","status":"publish","type":"product","link":"https:\/\/www.castrum.ee\/fi\/toode\/x-vision-genesis-ii-600-spot-beam-lammitettava-lasi\/","title":{"rendered":"X-Vision Genesis II 600 Spot beam, l\u00e4mmitett\u00e4v\u00e4 lasi."},"content":{"rendered":"<div class=\"thelights_sku\">1605-NS3742H<\/div>\n<p><strong>Mitat<\/strong>: 548.00 x 72.00 x 92.00mm<br \/>\n<strong>Tyyppi<\/strong>: Ref. 50<br \/>\n<strong>J\u00e4nnite<\/strong>: 9-36V<br \/>\n<strong>V\u00e4ril\u00e4mp\u00f6tila<\/strong>: 4700 K<br \/>\n<strong>Sertifikaatit<\/strong>: R10, R112<br \/>\n<strong>Mallin nimi<\/strong>: Genesis II 600 Spot beam<br \/>\n<strong>Kuvaus<\/strong>: Genesis II 600 Spot beam on suositun X-Vision Genesis -sarjan uusi sukupolvi. T\u00e4m\u00e4n sarjan uutuudet tuovat uusia valokeilavaihtoehtoja sek\u00e4 raikkaan muotoilun. Genesis II -sarjan valot ovat kehyksett\u00f6mi\u00e4, suoria valopaneeleja kirkkailla Gemstone-parkkivaloilla. Uudet eritt\u00e4in pitk\u00e4n kantaman (spot) paneelit tukevat tunnettujen laajan ja hybridivalokeilan mallien valikoimaa. Seuraavia toimintoja EI SAA k\u00e4ytt\u00e4\u00e4 liikenteess\u00e4: DOUBLE UP (t\u00e4ysi teho), gemstone-parkkivalot. 4700K, 12V: 11,83A (t\u00e4ysi teho), 6,7A (R112), 6600lm (t\u00e4ysi teho), 3500lm (R112), 1 lux @ 775m (t\u00e4ysi teho), 440m (R112), E-merkki R10, R112<\/p>\n","protected":false},"excerpt":{"rendered":"<p>1605-NS3742H Mitat: 548.00 x 72.00 x 92.00mm Tyyppi: Ref. 50  [&#8230;]<\/p>\n","protected":false},"featured_media":26124,"template":"","meta":{"_acf_changed":false},"mark-ja-mudel":[],"product_brand":[],"product_cat":[1080,1079],"product_tag":[1135],"class_list":{"0":"post-77429","1":"product","2":"type-product","3":"status-publish","4":"has-post-thumbnail","6":"product_cat-led-kaukovalot","7":"product_cat-led-lisavalot-ja-tarvikkeet","8":"product_tag-toimitusaika-1-2-paivaa","10":"first","11":"instock","12":"taxable","13":"shipping-taxable","14":"purchasable","15":"product-type-simple"},"bundled_by":[],"bundle_stock_status":"instock","bundle_stock_quantity":null,"bundle_virtual":false,"bundle_layout":"","bundle_add_to_cart_form_location":"","bundle_editable_in_cart":false,"bundle_sold_individually_context":"","bundle_item_grouping":"","bundle_min_size":"","bundle_max_size":"","bundle_price":[],"bundled_items":[],"bundle_sell_ids":[],"acf":[],"yoast_head":"<!-- This site is optimized with the Yoast SEO plugin v27.3 - https:\/\/yoast.com\/product\/yoast-seo-wordpress\/ -->\n<title>X-Vision Genesis II 600 Spot beam, l\u00e4mmitett\u00e4v\u00e4 lasi. | LED-kaukovalot, LED-lis\u00e4valot ja tarvikkeet<\/title>\n<meta name=\"description\" content=\"X-Vision Genesis II 600 Spot beam, l\u00e4mmitett\u00e4v\u00e4 lasi. - LED-kaukovalot, LED-lis\u00e4valot ja tarvikkeet . Autojen, maastureiden ja pakettiautojen lis\u00e4varusteet. Varaosat.\" \/>\n<meta name=\"robots\" content=\"index, follow, max-snippet:-1, max-image-preview:large, max-video-preview:-1\" \/>\n<link rel=\"canonical\" href=\"https:\/\/www.castrum.ee\/fi\/toode\/x-vision-genesis-ii-600-spot-beam-lammitettava-lasi\/\" \/>\n<meta property=\"og:locale\" content=\"fi_FI\" \/>\n<meta property=\"og:type\" content=\"article\" \/>\n<meta property=\"og:title\" content=\"X-Vision Genesis II 600 Spot beam, l\u00e4mmitett\u00e4v\u00e4 lasi. | LED-kaukovalot, LED-lis\u00e4valot ja tarvikkeet\" \/>\n<meta property=\"og:description\" content=\"X-Vision Genesis II 600 Spot beam, l\u00e4mmitett\u00e4v\u00e4 lasi. - LED-kaukovalot, LED-lis\u00e4valot ja tarvikkeet . Autojen, maastureiden ja pakettiautojen lis\u00e4varusteet. Varaosat.\" \/>\n<meta property=\"og:url\" content=\"https:\/\/www.castrum.ee\/fi\/toode\/x-vision-genesis-ii-600-spot-beam-lammitettava-lasi\/\" \/>\n<meta property=\"og:site_name\" content=\"Castrum\" \/>\n<meta property=\"article:publisher\" content=\"https:\/\/www.facebook.com\/castrum.ee\" \/>\n<meta name=\"twitter:card\" content=\"summary_large_image\" \/>\n<meta name=\"twitter:label1\" content=\"Arvioitu lukuaika\" \/>\n\t<meta name=\"twitter:data1\" content=\"1 minuutti\" \/>\n<script type=\"application\/ld+json\" class=\"yoast-schema-graph\">{\"@context\":\"https:\\\/\\\/schema.org\",\"@graph\":[{\"@type\":\"WebPage\",\"@id\":\"https:\\\/\\\/www.castrum.ee\\\/fi\\\/toode\\\/x-vision-genesis-ii-600-spot-beam-lammitettava-lasi\\\/\",\"url\":\"https:\\\/\\\/www.castrum.ee\\\/fi\\\/toode\\\/x-vision-genesis-ii-600-spot-beam-lammitettava-lasi\\\/\",\"name\":\"X-Vision Genesis II 600 Spot beam, l\u00e4mmitett\u00e4v\u00e4 lasi. | LED-kaukovalot, LED-lis\u00e4valot ja tarvikkeet\",\"isPartOf\":{\"@id\":\"https:\\\/\\\/www.castrum.ee\\\/fi\\\/#website\"},\"primaryImageOfPage\":{\"@id\":\"https:\\\/\\\/www.castrum.ee\\\/fi\\\/toode\\\/x-vision-genesis-ii-600-spot-beam-lammitettava-lasi\\\/#primaryimage\"},\"image\":{\"@id\":\"https:\\\/\\\/www.castrum.ee\\\/fi\\\/toode\\\/x-vision-genesis-ii-600-spot-beam-lammitettava-lasi\\\/#primaryimage\"},\"thumbnailUrl\":\"https:\\\/\\\/www.castrum.ee\\\/wp-content\\\/uploads\\\/2025\\\/10\\\/1605-NS3741H.jpg\",\"datePublished\":\"2025-10-09T12:33:27+00:00\",\"description\":\"X-Vision Genesis II 600 Spot beam, l\u00e4mmitett\u00e4v\u00e4 lasi. - LED-kaukovalot, LED-lis\u00e4valot ja tarvikkeet . Autojen, maastureiden ja pakettiautojen lis\u00e4varusteet. Varaosat.\",\"breadcrumb\":{\"@id\":\"https:\\\/\\\/www.castrum.ee\\\/fi\\\/toode\\\/x-vision-genesis-ii-600-spot-beam-lammitettava-lasi\\\/#breadcrumb\"},\"inLanguage\":\"fi\",\"potentialAction\":[{\"@type\":\"ReadAction\",\"target\":[\"https:\\\/\\\/www.castrum.ee\\\/fi\\\/toode\\\/x-vision-genesis-ii-600-spot-beam-lammitettava-lasi\\\/\"]}]},{\"@type\":\"ImageObject\",\"inLanguage\":\"fi\",\"@id\":\"https:\\\/\\\/www.castrum.ee\\\/fi\\\/toode\\\/x-vision-genesis-ii-600-spot-beam-lammitettava-lasi\\\/#primaryimage\",\"url\":\"https:\\\/\\\/www.castrum.ee\\\/wp-content\\\/uploads\\\/2025\\\/10\\\/1605-NS3741H.jpg\",\"contentUrl\":\"https:\\\/\\\/www.castrum.ee\\\/wp-content\\\/uploads\\\/2025\\\/10\\\/1605-NS3741H.jpg\",\"width\":1200,\"height\":800},{\"@type\":\"BreadcrumbList\",\"@id\":\"https:\\\/\\\/www.castrum.ee\\\/fi\\\/toode\\\/x-vision-genesis-ii-600-spot-beam-lammitettava-lasi\\\/#breadcrumb\",\"itemListElement\":[{\"@type\":\"ListItem\",\"position\":1,\"name\":\"Home\",\"item\":\"https:\\\/\\\/www.castrum.ee\\\/fi\\\/kotisivu\\\/\"},{\"@type\":\"ListItem\",\"position\":2,\"name\":\"Verkkokauppa\",\"item\":\"https:\\\/\\\/www.castrum.ee\\\/fi\\\/kauppa\\\/\"},{\"@type\":\"ListItem\",\"position\":3,\"name\":\"X-Vision Genesis II 600 Spot beam, l\u00e4mmitett\u00e4v\u00e4 lasi.\"}]},{\"@type\":\"WebSite\",\"@id\":\"https:\\\/\\\/www.castrum.ee\\\/fi\\\/#website\",\"url\":\"https:\\\/\\\/www.castrum.ee\\\/fi\\\/\",\"name\":\"Castrum\",\"description\":\"Maasturite, s\u00f5iduautode ja v\u00e4ikebusside lisavarustus\",\"publisher\":{\"@id\":\"https:\\\/\\\/www.castrum.ee\\\/fi\\\/#organization\"},\"potentialAction\":[{\"@type\":\"SearchAction\",\"target\":{\"@type\":\"EntryPoint\",\"urlTemplate\":\"https:\\\/\\\/www.castrum.ee\\\/fi\\\/?s={search_term_string}\"},\"query-input\":{\"@type\":\"PropertyValueSpecification\",\"valueRequired\":true,\"valueName\":\"search_term_string\"}}],\"inLanguage\":\"fi\"},{\"@type\":\"Organization\",\"@id\":\"https:\\\/\\\/www.castrum.ee\\\/fi\\\/#organization\",\"name\":\"Castrum Grupp O\u00dc\",\"url\":\"https:\\\/\\\/www.castrum.ee\\\/fi\\\/\",\"logo\":{\"@type\":\"ImageObject\",\"inLanguage\":\"fi\",\"@id\":\"https:\\\/\\\/www.castrum.ee\\\/fi\\\/#\\\/schema\\\/logo\\\/image\\\/\",\"url\":\"https:\\\/\\\/www.castrum.ee\\\/wp-content\\\/uploads\\\/2025\\\/03\\\/Castrum-logo-500.png\",\"contentUrl\":\"https:\\\/\\\/www.castrum.ee\\\/wp-content\\\/uploads\\\/2025\\\/03\\\/Castrum-logo-500.png\",\"width\":500,\"height\":250,\"caption\":\"Castrum Grupp O\u00dc\"},\"image\":{\"@id\":\"https:\\\/\\\/www.castrum.ee\\\/fi\\\/#\\\/schema\\\/logo\\\/image\\\/\"},\"sameAs\":[\"https:\\\/\\\/www.facebook.com\\\/castrum.ee\"]}]}<\/script>\n<!-- \/ Yoast SEO plugin. -->","yoast_head_json":{"title":"X-Vision Genesis II 600 Spot beam, l\u00e4mmitett\u00e4v\u00e4 lasi. | LED-kaukovalot, LED-lis\u00e4valot ja tarvikkeet","description":"X-Vision Genesis II 600 Spot beam, l\u00e4mmitett\u00e4v\u00e4 lasi. - LED-kaukovalot, LED-lis\u00e4valot ja tarvikkeet . Autojen, maastureiden ja pakettiautojen lis\u00e4varusteet. Varaosat.","robots":{"index":"index","follow":"follow","max-snippet":"max-snippet:-1","max-image-preview":"max-image-preview:large","max-video-preview":"max-video-preview:-1"},"canonical":"https:\/\/www.castrum.ee\/fi\/toode\/x-vision-genesis-ii-600-spot-beam-lammitettava-lasi\/","og_locale":"fi_FI","og_type":"article","og_title":"X-Vision Genesis II 600 Spot beam, l\u00e4mmitett\u00e4v\u00e4 lasi. | LED-kaukovalot, LED-lis\u00e4valot ja tarvikkeet","og_description":"X-Vision Genesis II 600 Spot beam, l\u00e4mmitett\u00e4v\u00e4 lasi. - LED-kaukovalot, LED-lis\u00e4valot ja tarvikkeet . Autojen, maastureiden ja pakettiautojen lis\u00e4varusteet. Varaosat.","og_url":"https:\/\/www.castrum.ee\/fi\/toode\/x-vision-genesis-ii-600-spot-beam-lammitettava-lasi\/","og_site_name":"Castrum","article_publisher":"https:\/\/www.facebook.com\/castrum.ee","twitter_card":"summary_large_image","twitter_misc":{"Arvioitu lukuaika":"1 minuutti"},"schema":{"@context":"https:\/\/schema.org","@graph":[{"@type":"WebPage","@id":"https:\/\/www.castrum.ee\/fi\/toode\/x-vision-genesis-ii-600-spot-beam-lammitettava-lasi\/","url":"https:\/\/www.castrum.ee\/fi\/toode\/x-vision-genesis-ii-600-spot-beam-lammitettava-lasi\/","name":"X-Vision Genesis II 600 Spot beam, l\u00e4mmitett\u00e4v\u00e4 lasi. | LED-kaukovalot, LED-lis\u00e4valot ja tarvikkeet","isPartOf":{"@id":"https:\/\/www.castrum.ee\/fi\/#website"},"primaryImageOfPage":{"@id":"https:\/\/www.castrum.ee\/fi\/toode\/x-vision-genesis-ii-600-spot-beam-lammitettava-lasi\/#primaryimage"},"image":{"@id":"https:\/\/www.castrum.ee\/fi\/toode\/x-vision-genesis-ii-600-spot-beam-lammitettava-lasi\/#primaryimage"},"thumbnailUrl":"https:\/\/www.castrum.ee\/wp-content\/uploads\/2025\/10\/1605-NS3741H.jpg","datePublished":"2025-10-09T12:33:27+00:00","description":"X-Vision Genesis II 600 Spot beam, l\u00e4mmitett\u00e4v\u00e4 lasi. - LED-kaukovalot, LED-lis\u00e4valot ja tarvikkeet . Autojen, maastureiden ja pakettiautojen lis\u00e4varusteet. Varaosat.","breadcrumb":{"@id":"https:\/\/www.castrum.ee\/fi\/toode\/x-vision-genesis-ii-600-spot-beam-lammitettava-lasi\/#breadcrumb"},"inLanguage":"fi","potentialAction":[{"@type":"ReadAction","target":["https:\/\/www.castrum.ee\/fi\/toode\/x-vision-genesis-ii-600-spot-beam-lammitettava-lasi\/"]}]},{"@type":"ImageObject","inLanguage":"fi","@id":"https:\/\/www.castrum.ee\/fi\/toode\/x-vision-genesis-ii-600-spot-beam-lammitettava-lasi\/#primaryimage","url":"https:\/\/www.castrum.ee\/wp-content\/uploads\/2025\/10\/1605-NS3741H.jpg","contentUrl":"https:\/\/www.castrum.ee\/wp-content\/uploads\/2025\/10\/1605-NS3741H.jpg","width":1200,"height":800},{"@type":"BreadcrumbList","@id":"https:\/\/www.castrum.ee\/fi\/toode\/x-vision-genesis-ii-600-spot-beam-lammitettava-lasi\/#breadcrumb","itemListElement":[{"@type":"ListItem","position":1,"name":"Home","item":"https:\/\/www.castrum.ee\/fi\/kotisivu\/"},{"@type":"ListItem","position":2,"name":"Verkkokauppa","item":"https:\/\/www.castrum.ee\/fi\/kauppa\/"},{"@type":"ListItem","position":3,"name":"X-Vision Genesis II 600 Spot beam, l\u00e4mmitett\u00e4v\u00e4 lasi."}]},{"@type":"WebSite","@id":"https:\/\/www.castrum.ee\/fi\/#website","url":"https:\/\/www.castrum.ee\/fi\/","name":"Castrum","description":"Maasturite, s\u00f5iduautode ja v\u00e4ikebusside lisavarustus","publisher":{"@id":"https:\/\/www.castrum.ee\/fi\/#organization"},"potentialAction":[{"@type":"SearchAction","target":{"@type":"EntryPoint","urlTemplate":"https:\/\/www.castrum.ee\/fi\/?s={search_term_string}"},"query-input":{"@type":"PropertyValueSpecification","valueRequired":true,"valueName":"search_term_string"}}],"inLanguage":"fi"},{"@type":"Organization","@id":"https:\/\/www.castrum.ee\/fi\/#organization","name":"Castrum Grupp O\u00dc","url":"https:\/\/www.castrum.ee\/fi\/","logo":{"@type":"ImageObject","inLanguage":"fi","@id":"https:\/\/www.castrum.ee\/fi\/#\/schema\/logo\/image\/","url":"https:\/\/www.castrum.ee\/wp-content\/uploads\/2025\/03\/Castrum-logo-500.png","contentUrl":"https:\/\/www.castrum.ee\/wp-content\/uploads\/2025\/03\/Castrum-logo-500.png","width":500,"height":250,"caption":"Castrum Grupp O\u00dc"},"image":{"@id":"https:\/\/www.castrum.ee\/fi\/#\/schema\/logo\/image\/"},"sameAs":["https:\/\/www.facebook.com\/castrum.ee"]}]}},"_links":{"self":[{"href":"https:\/\/www.castrum.ee\/fi\/wp-json\/wp\/v2\/product\/77429","targetHints":{"allow":["GET"]}}],"collection":[{"href":"https:\/\/www.castrum.ee\/fi\/wp-json\/wp\/v2\/product"}],"about":[{"href":"https:\/\/www.castrum.ee\/fi\/wp-json\/wp\/v2\/types\/product"}],"wp:featuredmedia":[{"embeddable":true,"href":"https:\/\/www.castrum.ee\/fi\/wp-json\/wp\/v2\/media\/26124"}],"wp:attachment":[{"href":"https:\/\/www.castrum.ee\/fi\/wp-json\/wp\/v2\/media?parent=77429"}],"wp:term":[{"taxonomy":"mark-ja-mudel","embeddable":true,"href":"https:\/\/www.castrum.ee\/fi\/wp-json\/wp\/v2\/mark-ja-mudel?post=77429"},{"taxonomy":"product_brand","embeddable":true,"href":"https:\/\/www.castrum.ee\/fi\/wp-json\/wp\/v2\/product_brand?post=77429"},{"taxonomy":"product_cat","embeddable":true,"href":"https:\/\/www.castrum.ee\/fi\/wp-json\/wp\/v2\/product_cat?post=77429"},{"taxonomy":"product_tag","embeddable":true,"href":"https:\/\/www.castrum.ee\/fi\/wp-json\/wp\/v2\/product_tag?post=77429"}],"curies":[{"name":"wp","href":"https:\/\/api.w.org\/{rel}","templated":true}]}}