{"id":77522,"date":"2025-10-14T09:34:03","date_gmt":"2025-10-14T09:34:03","guid":{"rendered":"https:\/\/www.castrum.ee\/toode\/renault-alaskan-16-upotettu-led-kohdevalo\/"},"modified":"2025-10-14T09:34:03","modified_gmt":"2025-10-14T06:34:03","slug":"renault-alaskan-16-upotettu-led-kohdevalo","status":"publish","type":"product","link":"https:\/\/www.castrum.ee\/fi\/toode\/renault-alaskan-16-upotettu-led-kohdevalo\/","title":{"rendered":"Renault Alaskan [16+] upotettu LED-kohdevalo"},"content":{"rendered":"<p>LED Extra Light DSM Premium Plus on tehokas lis\u00e4valaisin, jossa k\u00e4ytet\u00e4\u00e4n Osramin ledej\u00e4 ja prisma-linssitekniikkaa tehokkaan valons\u00e4teen ja korkean suorituskyvyn aikaansaamiseksi. Kevyen painon ja erinomaisen valon yhdistelm\u00e4 takaa, ett\u00e4 ajo on mukavaa ja turvallista! Mallikohtainen kiinnitys mahdollistaa valaisimen upottamisen, mik\u00e4 takaa siistin ilmeen ja vaikeuttaa lis\u00e4valaisimen varastamista. Pakkauksessa on lis\u00e4ksi valaisinkohtainen asennusopas. Asennusohjeissa ei ole erityisi\u00e4 ohjeita lis\u00e4valaistusjohtojen kytkemiseen.<\/p>\n<p>LED-valaistuspaketti sis\u00e4lt\u00e4\u00e4:<br \/>\n&#8211; LED DSM Premium Plus<br \/>\n&#8211; DSM-asennussarja.&nbsp;<br \/>\n&#8211; Luminalights-johtosarja saksiliittimill\u00e4 varustettuna<\/p>\n<p>Lis\u00e4valaistuspaneelin tekniset tiedot<br \/>\n&#8211; Viitenumero: 40<br \/>\n&#8211; K\u00e4ytt\u00f6j\u00e4nnite: 10-50V<br \/>\n&#8211; Valmistajan ilmoittama teho 200 W (40 x 5W Osram LED).<br \/>\n&#8211; Valovirta: 20 000 lm (valmistajan ilmoittama).<br \/>\n&#8211; V\u00e4ril\u00e4mp\u00f6tila: 6500K<br \/>\n&#8211; EMC-suojattu &#8211; ei aiheuta radioh\u00e4iri\u00f6it\u00e4.<br \/>\n&#8211; Iskunkest\u00e4v\u00e4 polykarbonaattilinssi<br \/>\n&#8211; puristin<br \/>\n&#8211; Leveys: 550 mm<br \/>\n&#8211; Korkeus: 82 mm<br \/>\n&#8211; Syvyys: 80 mm<br \/>\n&#8211; Paino 3,4 kg<br \/>\n&#8211; Saksan pistik<br \/>\n&#8211; Takuu 36 kuukautta<br \/>\n&#8211; IP68<br \/>\n&#8211; Hyv\u00e4ksytty tieliikennek\u00e4ytt\u00f6\u00f6n (E-hyv\u00e4ksynt\u00e4)<\/p>\n","protected":false},"excerpt":{"rendered":"<p>LED Extra Light DSM Premium Plus on tehokas lis\u00e4valaisin, jossa k\u00e4ytet\u00e4\u00e4n Osramin ledej\u00e4 ja prisma-linssitekniikkaa tehokkaan valons\u00e4teen ja korkean suorituskyvyn aikaansaamiseksi. Kevyen painon ja erinomaisen valon yhdistelm\u00e4 takaa, ett\u00e4 ajo on mukavaa ja turvallista!<\/p>\n","protected":false},"featured_media":26295,"template":"","meta":{"_acf_changed":false},"mark-ja-mudel":[],"product_brand":[1300,1299],"product_cat":[1079,1081],"product_tag":[1107],"class_list":{"0":"post-77522","1":"product","2":"type-product","3":"status-publish","4":"has-post-thumbnail","6":"product_brand-alaskan","7":"product_brand-renault","8":"product_cat-led-lisavalot-ja-tarvikkeet","9":"product_cat-mallikohtaiset-led-kaukovalot","10":"product_tag-toimitusaika-4-5-paivaa","12":"first","13":"instock","14":"taxable","15":"shipping-taxable","16":"purchasable","17":"product-type-simple"},"bundled_by":[],"bundle_stock_status":"instock","bundle_stock_quantity":null,"bundle_virtual":false,"bundle_layout":"","bundle_add_to_cart_form_location":"","bundle_editable_in_cart":false,"bundle_sold_individually_context":"","bundle_item_grouping":"","bundle_min_size":"","bundle_max_size":"","bundle_price":[],"bundled_items":[],"bundle_sell_ids":[],"acf":[],"yoast_head":"<!-- This site is optimized with the Yoast SEO plugin v27.3 - https:\/\/yoast.com\/product\/yoast-seo-wordpress\/ -->\n<title>Renault Alaskan [16+] upotettu LED-kohdevalo | LED-lis\u00e4valot ja tarvikkeet, Mallikohtaiset LED-kaukovalot<\/title>\n<meta name=\"description\" content=\"Renault Alaskan [16+] upotettu LED-kohdevalo - LED-lis\u00e4valot ja tarvikkeet, Mallikohtaiset LED-kaukovalot . Autojen, maastureiden ja pakettiautojen lis\u00e4varusteet. Varaosat.\" \/>\n<meta name=\"robots\" content=\"index, follow, max-snippet:-1, max-image-preview:large, max-video-preview:-1\" \/>\n<link rel=\"canonical\" href=\"https:\/\/www.castrum.ee\/fi\/toode\/renault-alaskan-16-upotettu-led-kohdevalo\/\" \/>\n<meta property=\"og:locale\" content=\"fi_FI\" \/>\n<meta property=\"og:type\" content=\"article\" \/>\n<meta property=\"og:title\" content=\"Renault Alaskan [16+] upotettu LED-kohdevalo | LED-lis\u00e4valot ja tarvikkeet, Mallikohtaiset LED-kaukovalot\" \/>\n<meta property=\"og:description\" content=\"Renault Alaskan [16+] upotettu LED-kohdevalo - LED-lis\u00e4valot ja tarvikkeet, Mallikohtaiset LED-kaukovalot . Autojen, maastureiden ja pakettiautojen lis\u00e4varusteet. Varaosat.\" \/>\n<meta property=\"og:url\" content=\"https:\/\/www.castrum.ee\/fi\/toode\/renault-alaskan-16-upotettu-led-kohdevalo\/\" \/>\n<meta property=\"og:site_name\" content=\"Castrum\" \/>\n<meta property=\"article:publisher\" content=\"https:\/\/www.facebook.com\/castrum.ee\" \/>\n<meta name=\"twitter:card\" content=\"summary_large_image\" \/>\n<meta name=\"twitter:label1\" content=\"Arvioitu lukuaika\" \/>\n\t<meta name=\"twitter:data1\" content=\"1 minuutti\" \/>\n<script type=\"application\/ld+json\" class=\"yoast-schema-graph\">{\"@context\":\"https:\\\/\\\/schema.org\",\"@graph\":[{\"@type\":\"WebPage\",\"@id\":\"https:\\\/\\\/www.castrum.ee\\\/fi\\\/toode\\\/renault-alaskan-16-upotettu-led-kohdevalo\\\/\",\"url\":\"https:\\\/\\\/www.castrum.ee\\\/fi\\\/toode\\\/renault-alaskan-16-upotettu-led-kohdevalo\\\/\",\"name\":\"Renault Alaskan [16+] upotettu LED-kohdevalo | LED-lis\u00e4valot ja tarvikkeet, Mallikohtaiset LED-kaukovalot\",\"isPartOf\":{\"@id\":\"https:\\\/\\\/www.castrum.ee\\\/fi\\\/#website\"},\"primaryImageOfPage\":{\"@id\":\"https:\\\/\\\/www.castrum.ee\\\/fi\\\/toode\\\/renault-alaskan-16-upotettu-led-kohdevalo\\\/#primaryimage\"},\"image\":{\"@id\":\"https:\\\/\\\/www.castrum.ee\\\/fi\\\/toode\\\/renault-alaskan-16-upotettu-led-kohdevalo\\\/#primaryimage\"},\"thumbnailUrl\":\"https:\\\/\\\/www.castrum.ee\\\/wp-content\\\/uploads\\\/2025\\\/10\\\/30B0481F-4C2E-41EF-80AA-96C6219FD779.jpeg\",\"datePublished\":\"2025-10-14T09:34:03+00:00\",\"description\":\"Renault Alaskan [16+] upotettu LED-kohdevalo - LED-lis\u00e4valot ja tarvikkeet, Mallikohtaiset LED-kaukovalot . Autojen, maastureiden ja pakettiautojen lis\u00e4varusteet. Varaosat.\",\"breadcrumb\":{\"@id\":\"https:\\\/\\\/www.castrum.ee\\\/fi\\\/toode\\\/renault-alaskan-16-upotettu-led-kohdevalo\\\/#breadcrumb\"},\"inLanguage\":\"fi\",\"potentialAction\":[{\"@type\":\"ReadAction\",\"target\":[\"https:\\\/\\\/www.castrum.ee\\\/fi\\\/toode\\\/renault-alaskan-16-upotettu-led-kohdevalo\\\/\"]}]},{\"@type\":\"ImageObject\",\"inLanguage\":\"fi\",\"@id\":\"https:\\\/\\\/www.castrum.ee\\\/fi\\\/toode\\\/renault-alaskan-16-upotettu-led-kohdevalo\\\/#primaryimage\",\"url\":\"https:\\\/\\\/www.castrum.ee\\\/wp-content\\\/uploads\\\/2025\\\/10\\\/30B0481F-4C2E-41EF-80AA-96C6219FD779.jpeg\",\"contentUrl\":\"https:\\\/\\\/www.castrum.ee\\\/wp-content\\\/uploads\\\/2025\\\/10\\\/30B0481F-4C2E-41EF-80AA-96C6219FD779.jpeg\",\"width\":600,\"height\":363},{\"@type\":\"BreadcrumbList\",\"@id\":\"https:\\\/\\\/www.castrum.ee\\\/fi\\\/toode\\\/renault-alaskan-16-upotettu-led-kohdevalo\\\/#breadcrumb\",\"itemListElement\":[{\"@type\":\"ListItem\",\"position\":1,\"name\":\"Home\",\"item\":\"https:\\\/\\\/www.castrum.ee\\\/fi\\\/kotisivu\\\/\"},{\"@type\":\"ListItem\",\"position\":2,\"name\":\"Verkkokauppa\",\"item\":\"https:\\\/\\\/www.castrum.ee\\\/fi\\\/kauppa\\\/\"},{\"@type\":\"ListItem\",\"position\":3,\"name\":\"Renault Alaskan [16+] upotettu LED-kohdevalo\"}]},{\"@type\":\"WebSite\",\"@id\":\"https:\\\/\\\/www.castrum.ee\\\/fi\\\/#website\",\"url\":\"https:\\\/\\\/www.castrum.ee\\\/fi\\\/\",\"name\":\"Castrum\",\"description\":\"Maasturite, s\u00f5iduautode ja v\u00e4ikebusside lisavarustus\",\"publisher\":{\"@id\":\"https:\\\/\\\/www.castrum.ee\\\/fi\\\/#organization\"},\"potentialAction\":[{\"@type\":\"SearchAction\",\"target\":{\"@type\":\"EntryPoint\",\"urlTemplate\":\"https:\\\/\\\/www.castrum.ee\\\/fi\\\/?s={search_term_string}\"},\"query-input\":{\"@type\":\"PropertyValueSpecification\",\"valueRequired\":true,\"valueName\":\"search_term_string\"}}],\"inLanguage\":\"fi\"},{\"@type\":\"Organization\",\"@id\":\"https:\\\/\\\/www.castrum.ee\\\/fi\\\/#organization\",\"name\":\"Castrum Grupp O\u00dc\",\"url\":\"https:\\\/\\\/www.castrum.ee\\\/fi\\\/\",\"logo\":{\"@type\":\"ImageObject\",\"inLanguage\":\"fi\",\"@id\":\"https:\\\/\\\/www.castrum.ee\\\/fi\\\/#\\\/schema\\\/logo\\\/image\\\/\",\"url\":\"https:\\\/\\\/www.castrum.ee\\\/wp-content\\\/uploads\\\/2025\\\/03\\\/Castrum-logo-500.png\",\"contentUrl\":\"https:\\\/\\\/www.castrum.ee\\\/wp-content\\\/uploads\\\/2025\\\/03\\\/Castrum-logo-500.png\",\"width\":500,\"height\":250,\"caption\":\"Castrum Grupp O\u00dc\"},\"image\":{\"@id\":\"https:\\\/\\\/www.castrum.ee\\\/fi\\\/#\\\/schema\\\/logo\\\/image\\\/\"},\"sameAs\":[\"https:\\\/\\\/www.facebook.com\\\/castrum.ee\"]}]}<\/script>\n<!-- \/ Yoast SEO plugin. -->","yoast_head_json":{"title":"Renault Alaskan [16+] upotettu LED-kohdevalo | LED-lis\u00e4valot ja tarvikkeet, Mallikohtaiset LED-kaukovalot","description":"Renault Alaskan [16+] upotettu LED-kohdevalo - LED-lis\u00e4valot ja tarvikkeet, Mallikohtaiset LED-kaukovalot . Autojen, maastureiden ja pakettiautojen lis\u00e4varusteet. Varaosat.","robots":{"index":"index","follow":"follow","max-snippet":"max-snippet:-1","max-image-preview":"max-image-preview:large","max-video-preview":"max-video-preview:-1"},"canonical":"https:\/\/www.castrum.ee\/fi\/toode\/renault-alaskan-16-upotettu-led-kohdevalo\/","og_locale":"fi_FI","og_type":"article","og_title":"Renault Alaskan [16+] upotettu LED-kohdevalo | LED-lis\u00e4valot ja tarvikkeet, Mallikohtaiset LED-kaukovalot","og_description":"Renault Alaskan [16+] upotettu LED-kohdevalo - LED-lis\u00e4valot ja tarvikkeet, Mallikohtaiset LED-kaukovalot . Autojen, maastureiden ja pakettiautojen lis\u00e4varusteet. Varaosat.","og_url":"https:\/\/www.castrum.ee\/fi\/toode\/renault-alaskan-16-upotettu-led-kohdevalo\/","og_site_name":"Castrum","article_publisher":"https:\/\/www.facebook.com\/castrum.ee","twitter_card":"summary_large_image","twitter_misc":{"Arvioitu lukuaika":"1 minuutti"},"schema":{"@context":"https:\/\/schema.org","@graph":[{"@type":"WebPage","@id":"https:\/\/www.castrum.ee\/fi\/toode\/renault-alaskan-16-upotettu-led-kohdevalo\/","url":"https:\/\/www.castrum.ee\/fi\/toode\/renault-alaskan-16-upotettu-led-kohdevalo\/","name":"Renault Alaskan [16+] upotettu LED-kohdevalo | LED-lis\u00e4valot ja tarvikkeet, Mallikohtaiset LED-kaukovalot","isPartOf":{"@id":"https:\/\/www.castrum.ee\/fi\/#website"},"primaryImageOfPage":{"@id":"https:\/\/www.castrum.ee\/fi\/toode\/renault-alaskan-16-upotettu-led-kohdevalo\/#primaryimage"},"image":{"@id":"https:\/\/www.castrum.ee\/fi\/toode\/renault-alaskan-16-upotettu-led-kohdevalo\/#primaryimage"},"thumbnailUrl":"https:\/\/www.castrum.ee\/wp-content\/uploads\/2025\/10\/30B0481F-4C2E-41EF-80AA-96C6219FD779.jpeg","datePublished":"2025-10-14T09:34:03+00:00","description":"Renault Alaskan [16+] upotettu LED-kohdevalo - LED-lis\u00e4valot ja tarvikkeet, Mallikohtaiset LED-kaukovalot . Autojen, maastureiden ja pakettiautojen lis\u00e4varusteet. Varaosat.","breadcrumb":{"@id":"https:\/\/www.castrum.ee\/fi\/toode\/renault-alaskan-16-upotettu-led-kohdevalo\/#breadcrumb"},"inLanguage":"fi","potentialAction":[{"@type":"ReadAction","target":["https:\/\/www.castrum.ee\/fi\/toode\/renault-alaskan-16-upotettu-led-kohdevalo\/"]}]},{"@type":"ImageObject","inLanguage":"fi","@id":"https:\/\/www.castrum.ee\/fi\/toode\/renault-alaskan-16-upotettu-led-kohdevalo\/#primaryimage","url":"https:\/\/www.castrum.ee\/wp-content\/uploads\/2025\/10\/30B0481F-4C2E-41EF-80AA-96C6219FD779.jpeg","contentUrl":"https:\/\/www.castrum.ee\/wp-content\/uploads\/2025\/10\/30B0481F-4C2E-41EF-80AA-96C6219FD779.jpeg","width":600,"height":363},{"@type":"BreadcrumbList","@id":"https:\/\/www.castrum.ee\/fi\/toode\/renault-alaskan-16-upotettu-led-kohdevalo\/#breadcrumb","itemListElement":[{"@type":"ListItem","position":1,"name":"Home","item":"https:\/\/www.castrum.ee\/fi\/kotisivu\/"},{"@type":"ListItem","position":2,"name":"Verkkokauppa","item":"https:\/\/www.castrum.ee\/fi\/kauppa\/"},{"@type":"ListItem","position":3,"name":"Renault Alaskan [16+] upotettu LED-kohdevalo"}]},{"@type":"WebSite","@id":"https:\/\/www.castrum.ee\/fi\/#website","url":"https:\/\/www.castrum.ee\/fi\/","name":"Castrum","description":"Maasturite, s\u00f5iduautode ja v\u00e4ikebusside lisavarustus","publisher":{"@id":"https:\/\/www.castrum.ee\/fi\/#organization"},"potentialAction":[{"@type":"SearchAction","target":{"@type":"EntryPoint","urlTemplate":"https:\/\/www.castrum.ee\/fi\/?s={search_term_string}"},"query-input":{"@type":"PropertyValueSpecification","valueRequired":true,"valueName":"search_term_string"}}],"inLanguage":"fi"},{"@type":"Organization","@id":"https:\/\/www.castrum.ee\/fi\/#organization","name":"Castrum Grupp O\u00dc","url":"https:\/\/www.castrum.ee\/fi\/","logo":{"@type":"ImageObject","inLanguage":"fi","@id":"https:\/\/www.castrum.ee\/fi\/#\/schema\/logo\/image\/","url":"https:\/\/www.castrum.ee\/wp-content\/uploads\/2025\/03\/Castrum-logo-500.png","contentUrl":"https:\/\/www.castrum.ee\/wp-content\/uploads\/2025\/03\/Castrum-logo-500.png","width":500,"height":250,"caption":"Castrum Grupp O\u00dc"},"image":{"@id":"https:\/\/www.castrum.ee\/fi\/#\/schema\/logo\/image\/"},"sameAs":["https:\/\/www.facebook.com\/castrum.ee"]}]}},"_links":{"self":[{"href":"https:\/\/www.castrum.ee\/fi\/wp-json\/wp\/v2\/product\/77522","targetHints":{"allow":["GET"]}}],"collection":[{"href":"https:\/\/www.castrum.ee\/fi\/wp-json\/wp\/v2\/product"}],"about":[{"href":"https:\/\/www.castrum.ee\/fi\/wp-json\/wp\/v2\/types\/product"}],"wp:featuredmedia":[{"embeddable":true,"href":"https:\/\/www.castrum.ee\/fi\/wp-json\/wp\/v2\/media\/26295"}],"wp:attachment":[{"href":"https:\/\/www.castrum.ee\/fi\/wp-json\/wp\/v2\/media?parent=77522"}],"wp:term":[{"taxonomy":"mark-ja-mudel","embeddable":true,"href":"https:\/\/www.castrum.ee\/fi\/wp-json\/wp\/v2\/mark-ja-mudel?post=77522"},{"taxonomy":"product_brand","embeddable":true,"href":"https:\/\/www.castrum.ee\/fi\/wp-json\/wp\/v2\/product_brand?post=77522"},{"taxonomy":"product_cat","embeddable":true,"href":"https:\/\/www.castrum.ee\/fi\/wp-json\/wp\/v2\/product_cat?post=77522"},{"taxonomy":"product_tag","embeddable":true,"href":"https:\/\/www.castrum.ee\/fi\/wp-json\/wp\/v2\/product_tag?post=77522"}],"curies":[{"name":"wp","href":"https:\/\/api.w.org\/{rel}","templated":true}]}}