{"id":77527,"date":"2025-10-09T15:33:27","date_gmt":"2025-10-09T12:33:27","guid":{"rendered":"https:\/\/www.castrum.ee\/toode\/x-vision-genesis-ii-600-spot-beam-viimeisin\/"},"modified":"2026-05-12T15:30:14","modified_gmt":"2026-05-12T12:30:14","slug":"x-vision-genesis-ii-600-spot-beam-viimeisin","status":"publish","type":"product","link":"https:\/\/www.castrum.ee\/fi\/toode\/x-vision-genesis-ii-600-spot-beam-viimeisin\/","title":{"rendered":"X-Vision Genesis II 600 Spot beam (viimeisin)"},"content":{"rendered":"<div class=\"thelights_sku\">1605-NS3742<\/div>\n<div class=\"thelights_sku\"><strong>Mitat<\/strong>: 548.00 x 72.00 x 92.00mm<br \/>\n<strong>Tyyppi<\/strong>: Ref 50<br \/>\n<strong>J\u00e4nnite<\/strong>: 9-36V<br \/>\n<strong>Lumenit<\/strong>: 8000 lm<br \/>\n<strong>Lumenit (mitattu)<\/strong>: 6687 lm<br \/>\n<strong>V\u00e4ril\u00e4mp\u00f6tila<\/strong>: 4700 K<br \/>\n<strong>Liitintyyppi<\/strong>: 4-pin DTP<br \/>\n<strong>Johdon pituus<\/strong>: 2,20 m<br \/>\n<strong>Sertifikaatit<\/strong>: R112, R10<br \/>\n<strong>Mallin nimi<\/strong>: Genesis II 600 Spot beam<br \/>\n<strong>Kuvaus<\/strong>: Genesis II 600 Spot beam on suositun X-Vision Genesis -sarjan uusi sukupolvi. T\u00e4m\u00e4n sarjan uutuudet tuovat uusia valokeilavaihtoehtoja ja raikkaan muotoilun. Genesis II -sarjan valot ovat kehyksett\u00f6mi\u00e4, suoria valopaneeleja kirkkailla Gemstone-parkkivaloilla. Uudet eritt\u00e4in pitk\u00e4n kantaman (spot) paneelit t\u00e4ydent\u00e4v\u00e4t tunnettujen laaja- ja hybridikeilamallien valikoimaa. Seuraavia toimintoja EI SAA k\u00e4ytt\u00e4\u00e4 liikenteess\u00e4: DOUBLE UP (full), Gemstone-parkkivalot. 4700K, 12V: 6,81A (t\u00e4ysi teho), 2,75A (R112), 6000lm (t\u00e4ysi teho), 3600lm (R112), 1 lux @ 775m (t\u00e4ysi teho), 440m (R112), E-merkint\u00e4 R10, R112     <\/div>\n","protected":false},"excerpt":{"rendered":"<p>X-Vision Genesis II 600 Spot beam LED-kaukovalo tarkalla valokeilalla. Sopii offroad- ja hy\u00f6tyajoneuvoihin vaativissa s\u00e4\u00e4olosuhteissa k\u00e4ytett\u00e4v\u00e4ksi.<\/p>\n","protected":false},"featured_media":26130,"template":"","meta":{"_acf_changed":false},"mark-ja-mudel":[],"product_brand":[2079],"product_cat":[1080,1079],"product_tag":[1135],"class_list":{"0":"post-77527","1":"product","2":"type-product","3":"status-publish","4":"has-post-thumbnail","6":"product_brand-x-vision-fi","7":"product_cat-led-kaukovalot","8":"product_cat-led-lisavalot-ja-tarvikkeet","9":"product_tag-toimitusaika-1-2-paivaa","11":"first","12":"instock","13":"taxable","14":"shipping-taxable","15":"purchasable","16":"product-type-simple"},"bundled_by":[],"bundle_stock_status":"instock","bundle_stock_quantity":null,"bundle_virtual":false,"bundle_layout":"","bundle_add_to_cart_form_location":"","bundle_editable_in_cart":false,"bundle_sold_individually_context":"","bundle_item_grouping":"","bundle_min_size":"","bundle_max_size":"","bundle_price":[],"bundled_items":[],"bundle_sell_ids":[],"acf":[],"yoast_head":"<!-- This site is optimized with the Yoast SEO plugin v27.5 - https:\/\/yoast.com\/product\/yoast-seo-wordpress\/ -->\n<title>X-Vision Genesis II 600 Spot beam (viimeisin) | LED-kaukovalot, LED-lis\u00e4valot ja tarvikkeet<\/title>\n<meta name=\"description\" content=\"X-Vision Genesis II 600 Spot beam (viimeisin) - LED-kaukovalot, LED-lis\u00e4valot ja tarvikkeet . Autojen, maastureiden ja pakettiautojen lis\u00e4varusteet. Varaosat.\" \/>\n<meta name=\"robots\" content=\"index, follow, max-snippet:-1, max-image-preview:large, max-video-preview:-1\" \/>\n<link rel=\"canonical\" href=\"https:\/\/www.castrum.ee\/fi\/toode\/x-vision-genesis-ii-600-spot-beam-viimeisin\/\" \/>\n<meta property=\"og:locale\" content=\"fi_FI\" \/>\n<meta property=\"og:type\" content=\"article\" \/>\n<meta property=\"og:title\" content=\"X-Vision Genesis II 600 Spot beam (viimeisin) | LED-kaukovalot, LED-lis\u00e4valot ja tarvikkeet\" \/>\n<meta property=\"og:description\" content=\"X-Vision Genesis II 600 Spot beam (viimeisin) - LED-kaukovalot, LED-lis\u00e4valot ja tarvikkeet . Autojen, maastureiden ja pakettiautojen lis\u00e4varusteet. Varaosat.\" \/>\n<meta property=\"og:url\" content=\"https:\/\/www.castrum.ee\/fi\/toode\/x-vision-genesis-ii-600-spot-beam-viimeisin\/\" \/>\n<meta property=\"og:site_name\" content=\"Castrum\" \/>\n<meta property=\"article:publisher\" content=\"https:\/\/www.facebook.com\/castrum.ee\" \/>\n<meta property=\"article:modified_time\" content=\"2026-05-12T12:30:14+00:00\" \/>\n<meta property=\"og:image\" content=\"https:\/\/www.castrum.ee\/wp-content\/uploads\/2025\/10\/1605-NS3742.jpg\" \/>\n\t<meta property=\"og:image:width\" content=\"1200\" \/>\n\t<meta property=\"og:image:height\" content=\"800\" \/>\n\t<meta property=\"og:image:type\" content=\"image\/jpeg\" \/>\n<meta name=\"twitter:card\" content=\"summary_large_image\" \/>\n<meta name=\"twitter:label1\" content=\"Arvioitu lukuaika\" \/>\n\t<meta name=\"twitter:data1\" content=\"1 minuutti\" \/>\n<script type=\"application\/ld+json\" class=\"yoast-schema-graph\">{\"@context\":\"https:\\\/\\\/schema.org\",\"@graph\":[{\"@type\":\"WebPage\",\"@id\":\"https:\\\/\\\/www.castrum.ee\\\/fi\\\/toode\\\/x-vision-genesis-ii-600-spot-beam-viimeisin\\\/\",\"url\":\"https:\\\/\\\/www.castrum.ee\\\/fi\\\/toode\\\/x-vision-genesis-ii-600-spot-beam-viimeisin\\\/\",\"name\":\"X-Vision Genesis II 600 Spot beam (viimeisin) | LED-kaukovalot, LED-lis\u00e4valot ja tarvikkeet\",\"isPartOf\":{\"@id\":\"https:\\\/\\\/www.castrum.ee\\\/fi\\\/#website\"},\"primaryImageOfPage\":{\"@id\":\"https:\\\/\\\/www.castrum.ee\\\/fi\\\/toode\\\/x-vision-genesis-ii-600-spot-beam-viimeisin\\\/#primaryimage\"},\"image\":{\"@id\":\"https:\\\/\\\/www.castrum.ee\\\/fi\\\/toode\\\/x-vision-genesis-ii-600-spot-beam-viimeisin\\\/#primaryimage\"},\"thumbnailUrl\":\"https:\\\/\\\/www.castrum.ee\\\/wp-content\\\/uploads\\\/2025\\\/10\\\/1605-NS3742.jpg\",\"datePublished\":\"2025-10-09T12:33:27+00:00\",\"dateModified\":\"2026-05-12T12:30:14+00:00\",\"description\":\"X-Vision Genesis II 600 Spot beam (viimeisin) - LED-kaukovalot, LED-lis\u00e4valot ja tarvikkeet . Autojen, maastureiden ja pakettiautojen lis\u00e4varusteet. Varaosat.\",\"breadcrumb\":{\"@id\":\"https:\\\/\\\/www.castrum.ee\\\/fi\\\/toode\\\/x-vision-genesis-ii-600-spot-beam-viimeisin\\\/#breadcrumb\"},\"inLanguage\":\"fi\",\"potentialAction\":[{\"@type\":\"ReadAction\",\"target\":[\"https:\\\/\\\/www.castrum.ee\\\/fi\\\/toode\\\/x-vision-genesis-ii-600-spot-beam-viimeisin\\\/\"]}]},{\"@type\":\"ImageObject\",\"inLanguage\":\"fi\",\"@id\":\"https:\\\/\\\/www.castrum.ee\\\/fi\\\/toode\\\/x-vision-genesis-ii-600-spot-beam-viimeisin\\\/#primaryimage\",\"url\":\"https:\\\/\\\/www.castrum.ee\\\/wp-content\\\/uploads\\\/2025\\\/10\\\/1605-NS3742.jpg\",\"contentUrl\":\"https:\\\/\\\/www.castrum.ee\\\/wp-content\\\/uploads\\\/2025\\\/10\\\/1605-NS3742.jpg\",\"width\":1200,\"height\":800},{\"@type\":\"BreadcrumbList\",\"@id\":\"https:\\\/\\\/www.castrum.ee\\\/fi\\\/toode\\\/x-vision-genesis-ii-600-spot-beam-viimeisin\\\/#breadcrumb\",\"itemListElement\":[{\"@type\":\"ListItem\",\"position\":1,\"name\":\"Home\",\"item\":\"https:\\\/\\\/www.castrum.ee\\\/fi\\\/kotisivu\\\/\"},{\"@type\":\"ListItem\",\"position\":2,\"name\":\"Verkkokauppa\",\"item\":\"https:\\\/\\\/www.castrum.ee\\\/fi\\\/kauppa\\\/\"},{\"@type\":\"ListItem\",\"position\":3,\"name\":\"X-Vision Genesis II 600 Spot beam (viimeisin)\"}]},{\"@type\":\"WebSite\",\"@id\":\"https:\\\/\\\/www.castrum.ee\\\/fi\\\/#website\",\"url\":\"https:\\\/\\\/www.castrum.ee\\\/fi\\\/\",\"name\":\"Castrum\",\"description\":\"Maastoautojen, henkil\u00f6autojen ja pienvaunujen lis\u00e4varusteet\",\"publisher\":{\"@id\":\"https:\\\/\\\/www.castrum.ee\\\/fi\\\/#organization\"},\"potentialAction\":[{\"@type\":\"SearchAction\",\"target\":{\"@type\":\"EntryPoint\",\"urlTemplate\":\"https:\\\/\\\/www.castrum.ee\\\/fi\\\/?s={search_term_string}\"},\"query-input\":{\"@type\":\"PropertyValueSpecification\",\"valueRequired\":true,\"valueName\":\"search_term_string\"}}],\"inLanguage\":\"fi\"},{\"@type\":\"Organization\",\"@id\":\"https:\\\/\\\/www.castrum.ee\\\/fi\\\/#organization\",\"name\":\"Castrum Grupp O\u00dc\",\"url\":\"https:\\\/\\\/www.castrum.ee\\\/fi\\\/\",\"logo\":{\"@type\":\"ImageObject\",\"inLanguage\":\"fi\",\"@id\":\"https:\\\/\\\/www.castrum.ee\\\/fi\\\/#\\\/schema\\\/logo\\\/image\\\/\",\"url\":\"https:\\\/\\\/www.castrum.ee\\\/wp-content\\\/uploads\\\/2025\\\/03\\\/Castrum-logo-500.png\",\"contentUrl\":\"https:\\\/\\\/www.castrum.ee\\\/wp-content\\\/uploads\\\/2025\\\/03\\\/Castrum-logo-500.png\",\"width\":500,\"height\":250,\"caption\":\"Castrum Grupp O\u00dc\"},\"image\":{\"@id\":\"https:\\\/\\\/www.castrum.ee\\\/fi\\\/#\\\/schema\\\/logo\\\/image\\\/\"},\"sameAs\":[\"https:\\\/\\\/www.facebook.com\\\/castrum.ee\"]}]}<\/script>\n<!-- \/ Yoast SEO plugin. -->","yoast_head_json":{"title":"X-Vision Genesis II 600 Spot beam (viimeisin) | LED-kaukovalot, LED-lis\u00e4valot ja tarvikkeet","description":"X-Vision Genesis II 600 Spot beam (viimeisin) - LED-kaukovalot, LED-lis\u00e4valot ja tarvikkeet . Autojen, maastureiden ja pakettiautojen lis\u00e4varusteet. Varaosat.","robots":{"index":"index","follow":"follow","max-snippet":"max-snippet:-1","max-image-preview":"max-image-preview:large","max-video-preview":"max-video-preview:-1"},"canonical":"https:\/\/www.castrum.ee\/fi\/toode\/x-vision-genesis-ii-600-spot-beam-viimeisin\/","og_locale":"fi_FI","og_type":"article","og_title":"X-Vision Genesis II 600 Spot beam (viimeisin) | LED-kaukovalot, LED-lis\u00e4valot ja tarvikkeet","og_description":"X-Vision Genesis II 600 Spot beam (viimeisin) - LED-kaukovalot, LED-lis\u00e4valot ja tarvikkeet . Autojen, maastureiden ja pakettiautojen lis\u00e4varusteet. Varaosat.","og_url":"https:\/\/www.castrum.ee\/fi\/toode\/x-vision-genesis-ii-600-spot-beam-viimeisin\/","og_site_name":"Castrum","article_publisher":"https:\/\/www.facebook.com\/castrum.ee","article_modified_time":"2026-05-12T12:30:14+00:00","og_image":[{"width":1200,"height":800,"url":"https:\/\/www.castrum.ee\/wp-content\/uploads\/2025\/10\/1605-NS3742.jpg","type":"image\/jpeg"}],"twitter_card":"summary_large_image","twitter_misc":{"Arvioitu lukuaika":"1 minuutti"},"schema":{"@context":"https:\/\/schema.org","@graph":[{"@type":"WebPage","@id":"https:\/\/www.castrum.ee\/fi\/toode\/x-vision-genesis-ii-600-spot-beam-viimeisin\/","url":"https:\/\/www.castrum.ee\/fi\/toode\/x-vision-genesis-ii-600-spot-beam-viimeisin\/","name":"X-Vision Genesis II 600 Spot beam (viimeisin) | LED-kaukovalot, LED-lis\u00e4valot ja tarvikkeet","isPartOf":{"@id":"https:\/\/www.castrum.ee\/fi\/#website"},"primaryImageOfPage":{"@id":"https:\/\/www.castrum.ee\/fi\/toode\/x-vision-genesis-ii-600-spot-beam-viimeisin\/#primaryimage"},"image":{"@id":"https:\/\/www.castrum.ee\/fi\/toode\/x-vision-genesis-ii-600-spot-beam-viimeisin\/#primaryimage"},"thumbnailUrl":"https:\/\/www.castrum.ee\/wp-content\/uploads\/2025\/10\/1605-NS3742.jpg","datePublished":"2025-10-09T12:33:27+00:00","dateModified":"2026-05-12T12:30:14+00:00","description":"X-Vision Genesis II 600 Spot beam (viimeisin) - LED-kaukovalot, LED-lis\u00e4valot ja tarvikkeet . Autojen, maastureiden ja pakettiautojen lis\u00e4varusteet. Varaosat.","breadcrumb":{"@id":"https:\/\/www.castrum.ee\/fi\/toode\/x-vision-genesis-ii-600-spot-beam-viimeisin\/#breadcrumb"},"inLanguage":"fi","potentialAction":[{"@type":"ReadAction","target":["https:\/\/www.castrum.ee\/fi\/toode\/x-vision-genesis-ii-600-spot-beam-viimeisin\/"]}]},{"@type":"ImageObject","inLanguage":"fi","@id":"https:\/\/www.castrum.ee\/fi\/toode\/x-vision-genesis-ii-600-spot-beam-viimeisin\/#primaryimage","url":"https:\/\/www.castrum.ee\/wp-content\/uploads\/2025\/10\/1605-NS3742.jpg","contentUrl":"https:\/\/www.castrum.ee\/wp-content\/uploads\/2025\/10\/1605-NS3742.jpg","width":1200,"height":800},{"@type":"BreadcrumbList","@id":"https:\/\/www.castrum.ee\/fi\/toode\/x-vision-genesis-ii-600-spot-beam-viimeisin\/#breadcrumb","itemListElement":[{"@type":"ListItem","position":1,"name":"Home","item":"https:\/\/www.castrum.ee\/fi\/kotisivu\/"},{"@type":"ListItem","position":2,"name":"Verkkokauppa","item":"https:\/\/www.castrum.ee\/fi\/kauppa\/"},{"@type":"ListItem","position":3,"name":"X-Vision Genesis II 600 Spot beam (viimeisin)"}]},{"@type":"WebSite","@id":"https:\/\/www.castrum.ee\/fi\/#website","url":"https:\/\/www.castrum.ee\/fi\/","name":"Castrum","description":"Maastoautojen, henkil\u00f6autojen ja pienvaunujen lis\u00e4varusteet","publisher":{"@id":"https:\/\/www.castrum.ee\/fi\/#organization"},"potentialAction":[{"@type":"SearchAction","target":{"@type":"EntryPoint","urlTemplate":"https:\/\/www.castrum.ee\/fi\/?s={search_term_string}"},"query-input":{"@type":"PropertyValueSpecification","valueRequired":true,"valueName":"search_term_string"}}],"inLanguage":"fi"},{"@type":"Organization","@id":"https:\/\/www.castrum.ee\/fi\/#organization","name":"Castrum Grupp O\u00dc","url":"https:\/\/www.castrum.ee\/fi\/","logo":{"@type":"ImageObject","inLanguage":"fi","@id":"https:\/\/www.castrum.ee\/fi\/#\/schema\/logo\/image\/","url":"https:\/\/www.castrum.ee\/wp-content\/uploads\/2025\/03\/Castrum-logo-500.png","contentUrl":"https:\/\/www.castrum.ee\/wp-content\/uploads\/2025\/03\/Castrum-logo-500.png","width":500,"height":250,"caption":"Castrum Grupp O\u00dc"},"image":{"@id":"https:\/\/www.castrum.ee\/fi\/#\/schema\/logo\/image\/"},"sameAs":["https:\/\/www.facebook.com\/castrum.ee"]}]}},"_links":{"self":[{"href":"https:\/\/www.castrum.ee\/fi\/wp-json\/wp\/v2\/product\/77527","targetHints":{"allow":["GET"]}}],"collection":[{"href":"https:\/\/www.castrum.ee\/fi\/wp-json\/wp\/v2\/product"}],"about":[{"href":"https:\/\/www.castrum.ee\/fi\/wp-json\/wp\/v2\/types\/product"}],"wp:featuredmedia":[{"embeddable":true,"href":"https:\/\/www.castrum.ee\/fi\/wp-json\/wp\/v2\/media\/26130"}],"wp:attachment":[{"href":"https:\/\/www.castrum.ee\/fi\/wp-json\/wp\/v2\/media?parent=77527"}],"wp:term":[{"taxonomy":"mark-ja-mudel","embeddable":true,"href":"https:\/\/www.castrum.ee\/fi\/wp-json\/wp\/v2\/mark-ja-mudel?post=77527"},{"taxonomy":"product_brand","embeddable":true,"href":"https:\/\/www.castrum.ee\/fi\/wp-json\/wp\/v2\/product_brand?post=77527"},{"taxonomy":"product_cat","embeddable":true,"href":"https:\/\/www.castrum.ee\/fi\/wp-json\/wp\/v2\/product_cat?post=77527"},{"taxonomy":"product_tag","embeddable":true,"href":"https:\/\/www.castrum.ee\/fi\/wp-json\/wp\/v2\/product_tag?post=77527"}],"curies":[{"name":"wp","href":"https:\/\/api.w.org\/{rel}","templated":true}]}}