{"id":77534,"date":"2025-10-09T12:30:23","date_gmt":"2025-10-09T12:30:23","guid":{"rendered":"https:\/\/www.castrum.ee\/toode\/strands-cruise-light-led-vilkkupaneeli-3164mm\/"},"modified":"2025-10-09T12:30:23","modified_gmt":"2025-10-09T09:30:23","slug":"strands-cruise-light-led-vilkkupaneeli-3164mm","status":"publish","type":"product","link":"https:\/\/www.castrum.ee\/fi\/toode\/strands-cruise-light-led-vilkkupaneeli-3164mm\/","title":{"rendered":"STRANDS CRUISE LIGHT LED vilkkupaneeli 316,4mm."},"content":{"rendered":"<p><strong>Mitat<\/strong>: 314,80 x 36,00 x 120,00 mm<br \/>\n<strong>Paino<\/strong>: 2,15 kg<br \/>\n<strong>Tyyppi<\/strong>: LED<br \/>\n<strong>J\u00e4nnite<\/strong>: 10-30V<br \/>\n<strong>Johdon pituus<\/strong>: 2,50 m<br \/>\n<strong>Kotelon materiaali<\/strong>: Polykarbonaatti<br \/>\n<strong>Linssin materiaali<\/strong>: Polykarbonaatti<br \/>\n<strong>IP-luokitus<\/strong>: IP67<br \/>\n<strong>Sertifikaatit<\/strong>: ECE R65 Class 2, ECE R10<br \/>\n<strong>Takuu (kuukausina)<\/strong>: 36<br \/>\n<strong>Kuvaus<\/strong>: T\u00e4m\u00e4 on Cruise Light. Varoitusvalojen uusi eturintama upealla meripihkanv\u00e4risell\u00e4 hehkulla. Tuotteet, joiden avulla otat ohjat k\u00e4siisi ja yhdistyt intohimosi kanssa. &lt;br\/&gt;&lt;br\/&gt;Cruise Light -sarjan varoitusvalopalkkien avulla sinut n\u00e4hd\u00e4\u00e4n t\u00e4ysin uudella tavalla. Minne tahansa teht\u00e4v\u00e4si sinua viekin, voit ty\u00f6skennell\u00e4 turvallisesti Cruise Light -varoitusvalopalkkien kanssa, joita on saatavilla 8 eri koossa 30 cm:st\u00e4 180 cm:iin. &lt;br\/&gt; &lt;br\/&gt;Kun k\u00e4yt\u00e4t Cruise Light -sarjaa, takaamme n\u00e4kyvyyden ja turvallisuuden sek\u00e4 houkuttelevan tyylivaikutelman 13 erilaisella varoitusvalokuviolla \u2013 joista yksi on Cruise Lightin meripihkanv\u00e4rinen hehku. Varoitusvalopalkkeja voidaan k\u00e4ytt\u00e4\u00e4 Strands Lighting Divisionin Cruise Light -ohjausyksik\u00f6n kanssa. Ohjausyksikk\u00f6 voi hallita kaikkia varoitusvalokuvioita sek\u00e4 kytke\u00e4 varoitusvalopalkin p\u00e4\u00e4lle ja pois p\u00e4\u00e4lt\u00e4. (Osanro. 850209). &lt;br\/&gt;&lt;br\/&gt;Kaikki koot ovat E-hyv\u00e4ksyttyj\u00e4 ECE R65 luokan 1 ja luokan 2 mukaisesti, ja koko sarjalla on Strands Lighting Divisionin ainutlaatuinen 3 vuoden toimintatakuu, joka tekee sinusta entist\u00e4 turvallisemman. Varoitusvalopalkeissa on ohut muotoilu, korkeus vain 36 mm ja leveys 120 mm, ne on helppo asentaa mukana toimitettavilla kiinnikkeill\u00e4, ja niit\u00e4 voidaan k\u00e4ytt\u00e4\u00e4 yhdess\u00e4 tai erikseen kaikentyyppisiss\u00e4 hy\u00f6tyajoneuvoissa erilaisissa ty\u00f6tilanteissa. Minne tahansa teht\u00e4v\u00e4si sinua viekin, Cruise Light -sarja antaa sinun ottaa ohjat k\u00e4siisi ja yhdisty\u00e4 intohimosi kanssa.<\/p>\n","protected":false},"excerpt":{"rendered":"<p>Mitat: 314,80 x 36,00 x 120,00 mm Paino: 2,15 kg  [&#8230;]<\/p>\n","protected":false},"featured_media":25614,"template":"","meta":{"_acf_changed":false},"mark-ja-mudel":[],"product_brand":[],"product_cat":[1079,1084],"product_tag":[1116],"class_list":{"0":"post-77534","1":"product","2":"type-product","3":"status-publish","4":"has-post-thumbnail","6":"product_cat-led-lisavalot-ja-tarvikkeet","7":"product_cat-tyovalot","8":"product_tag-toimitus-2-3-paivaa","10":"first","11":"instock","12":"taxable","13":"shipping-taxable","14":"purchasable","15":"product-type-simple"},"bundled_by":[],"bundle_stock_status":"instock","bundle_stock_quantity":null,"bundle_virtual":false,"bundle_layout":"","bundle_add_to_cart_form_location":"","bundle_editable_in_cart":false,"bundle_sold_individually_context":"","bundle_item_grouping":"","bundle_min_size":"","bundle_max_size":"","bundle_price":[],"bundled_items":[],"bundle_sell_ids":[],"acf":[],"yoast_head":"<!-- This site is optimized with the Yoast SEO plugin v27.3 - https:\/\/yoast.com\/product\/yoast-seo-wordpress\/ -->\n<title>STRANDS CRUISE LIGHT LED vilkkupaneeli 316,4mm. | LED-lis\u00e4valot ja tarvikkeet, Ty\u00f6valot<\/title>\n<meta name=\"description\" content=\"STRANDS CRUISE LIGHT LED vilkkupaneeli 316,4mm. - LED-lis\u00e4valot ja tarvikkeet, Ty\u00f6valot . Autojen, maastureiden ja pakettiautojen lis\u00e4varusteet. Varaosat.\" \/>\n<meta name=\"robots\" content=\"index, follow, max-snippet:-1, max-image-preview:large, max-video-preview:-1\" \/>\n<link rel=\"canonical\" href=\"https:\/\/www.castrum.ee\/fi\/toode\/strands-cruise-light-led-vilkkupaneeli-3164mm\/\" \/>\n<meta property=\"og:locale\" content=\"fi_FI\" \/>\n<meta property=\"og:type\" content=\"article\" \/>\n<meta property=\"og:title\" content=\"STRANDS CRUISE LIGHT LED vilkkupaneeli 316,4mm. | LED-lis\u00e4valot ja tarvikkeet, Ty\u00f6valot\" \/>\n<meta property=\"og:description\" content=\"STRANDS CRUISE LIGHT LED vilkkupaneeli 316,4mm. - LED-lis\u00e4valot ja tarvikkeet, Ty\u00f6valot . Autojen, maastureiden ja pakettiautojen lis\u00e4varusteet. Varaosat.\" \/>\n<meta property=\"og:url\" content=\"https:\/\/www.castrum.ee\/fi\/toode\/strands-cruise-light-led-vilkkupaneeli-3164mm\/\" \/>\n<meta property=\"og:site_name\" content=\"Castrum\" \/>\n<meta property=\"article:publisher\" content=\"https:\/\/www.facebook.com\/castrum.ee\" \/>\n<meta name=\"twitter:card\" content=\"summary_large_image\" \/>\n<meta name=\"twitter:label1\" content=\"Arvioitu lukuaika\" \/>\n\t<meta name=\"twitter:data1\" content=\"1 minuutti\" \/>\n<script type=\"application\/ld+json\" class=\"yoast-schema-graph\">{\"@context\":\"https:\\\/\\\/schema.org\",\"@graph\":[{\"@type\":\"WebPage\",\"@id\":\"https:\\\/\\\/www.castrum.ee\\\/fi\\\/toode\\\/strands-cruise-light-led-vilkkupaneeli-3164mm\\\/\",\"url\":\"https:\\\/\\\/www.castrum.ee\\\/fi\\\/toode\\\/strands-cruise-light-led-vilkkupaneeli-3164mm\\\/\",\"name\":\"STRANDS CRUISE LIGHT LED vilkkupaneeli 316,4mm. | LED-lis\u00e4valot ja tarvikkeet, Ty\u00f6valot\",\"isPartOf\":{\"@id\":\"https:\\\/\\\/www.castrum.ee\\\/fi\\\/#website\"},\"primaryImageOfPage\":{\"@id\":\"https:\\\/\\\/www.castrum.ee\\\/fi\\\/toode\\\/strands-cruise-light-led-vilkkupaneeli-3164mm\\\/#primaryimage\"},\"image\":{\"@id\":\"https:\\\/\\\/www.castrum.ee\\\/fi\\\/toode\\\/strands-cruise-light-led-vilkkupaneeli-3164mm\\\/#primaryimage\"},\"thumbnailUrl\":\"https:\\\/\\\/www.castrum.ee\\\/wp-content\\\/uploads\\\/2025\\\/10\\\/S-850211_001.jpg\",\"datePublished\":\"2025-10-09T12:30:23+00:00\",\"description\":\"STRANDS CRUISE LIGHT LED vilkkupaneeli 316,4mm. - LED-lis\u00e4valot ja tarvikkeet, Ty\u00f6valot . Autojen, maastureiden ja pakettiautojen lis\u00e4varusteet. Varaosat.\",\"breadcrumb\":{\"@id\":\"https:\\\/\\\/www.castrum.ee\\\/fi\\\/toode\\\/strands-cruise-light-led-vilkkupaneeli-3164mm\\\/#breadcrumb\"},\"inLanguage\":\"fi\",\"potentialAction\":[{\"@type\":\"ReadAction\",\"target\":[\"https:\\\/\\\/www.castrum.ee\\\/fi\\\/toode\\\/strands-cruise-light-led-vilkkupaneeli-3164mm\\\/\"]}]},{\"@type\":\"ImageObject\",\"inLanguage\":\"fi\",\"@id\":\"https:\\\/\\\/www.castrum.ee\\\/fi\\\/toode\\\/strands-cruise-light-led-vilkkupaneeli-3164mm\\\/#primaryimage\",\"url\":\"https:\\\/\\\/www.castrum.ee\\\/wp-content\\\/uploads\\\/2025\\\/10\\\/S-850211_001.jpg\",\"contentUrl\":\"https:\\\/\\\/www.castrum.ee\\\/wp-content\\\/uploads\\\/2025\\\/10\\\/S-850211_001.jpg\",\"width\":800,\"height\":600},{\"@type\":\"BreadcrumbList\",\"@id\":\"https:\\\/\\\/www.castrum.ee\\\/fi\\\/toode\\\/strands-cruise-light-led-vilkkupaneeli-3164mm\\\/#breadcrumb\",\"itemListElement\":[{\"@type\":\"ListItem\",\"position\":1,\"name\":\"Home\",\"item\":\"https:\\\/\\\/www.castrum.ee\\\/fi\\\/kotisivu\\\/\"},{\"@type\":\"ListItem\",\"position\":2,\"name\":\"Verkkokauppa\",\"item\":\"https:\\\/\\\/www.castrum.ee\\\/fi\\\/kauppa\\\/\"},{\"@type\":\"ListItem\",\"position\":3,\"name\":\"STRANDS CRUISE LIGHT LED vilkkupaneeli 316,4mm.\"}]},{\"@type\":\"WebSite\",\"@id\":\"https:\\\/\\\/www.castrum.ee\\\/fi\\\/#website\",\"url\":\"https:\\\/\\\/www.castrum.ee\\\/fi\\\/\",\"name\":\"Castrum\",\"description\":\"Maasturite, s\u00f5iduautode ja v\u00e4ikebusside lisavarustus\",\"publisher\":{\"@id\":\"https:\\\/\\\/www.castrum.ee\\\/fi\\\/#organization\"},\"potentialAction\":[{\"@type\":\"SearchAction\",\"target\":{\"@type\":\"EntryPoint\",\"urlTemplate\":\"https:\\\/\\\/www.castrum.ee\\\/fi\\\/?s={search_term_string}\"},\"query-input\":{\"@type\":\"PropertyValueSpecification\",\"valueRequired\":true,\"valueName\":\"search_term_string\"}}],\"inLanguage\":\"fi\"},{\"@type\":\"Organization\",\"@id\":\"https:\\\/\\\/www.castrum.ee\\\/fi\\\/#organization\",\"name\":\"Castrum Grupp O\u00dc\",\"url\":\"https:\\\/\\\/www.castrum.ee\\\/fi\\\/\",\"logo\":{\"@type\":\"ImageObject\",\"inLanguage\":\"fi\",\"@id\":\"https:\\\/\\\/www.castrum.ee\\\/fi\\\/#\\\/schema\\\/logo\\\/image\\\/\",\"url\":\"https:\\\/\\\/www.castrum.ee\\\/wp-content\\\/uploads\\\/2025\\\/03\\\/Castrum-logo-500.png\",\"contentUrl\":\"https:\\\/\\\/www.castrum.ee\\\/wp-content\\\/uploads\\\/2025\\\/03\\\/Castrum-logo-500.png\",\"width\":500,\"height\":250,\"caption\":\"Castrum Grupp O\u00dc\"},\"image\":{\"@id\":\"https:\\\/\\\/www.castrum.ee\\\/fi\\\/#\\\/schema\\\/logo\\\/image\\\/\"},\"sameAs\":[\"https:\\\/\\\/www.facebook.com\\\/castrum.ee\"]}]}<\/script>\n<!-- \/ Yoast SEO plugin. -->","yoast_head_json":{"title":"STRANDS CRUISE LIGHT LED vilkkupaneeli 316,4mm. | LED-lis\u00e4valot ja tarvikkeet, Ty\u00f6valot","description":"STRANDS CRUISE LIGHT LED vilkkupaneeli 316,4mm. - LED-lis\u00e4valot ja tarvikkeet, Ty\u00f6valot . Autojen, maastureiden ja pakettiautojen lis\u00e4varusteet. Varaosat.","robots":{"index":"index","follow":"follow","max-snippet":"max-snippet:-1","max-image-preview":"max-image-preview:large","max-video-preview":"max-video-preview:-1"},"canonical":"https:\/\/www.castrum.ee\/fi\/toode\/strands-cruise-light-led-vilkkupaneeli-3164mm\/","og_locale":"fi_FI","og_type":"article","og_title":"STRANDS CRUISE LIGHT LED vilkkupaneeli 316,4mm. | LED-lis\u00e4valot ja tarvikkeet, Ty\u00f6valot","og_description":"STRANDS CRUISE LIGHT LED vilkkupaneeli 316,4mm. - LED-lis\u00e4valot ja tarvikkeet, Ty\u00f6valot . Autojen, maastureiden ja pakettiautojen lis\u00e4varusteet. Varaosat.","og_url":"https:\/\/www.castrum.ee\/fi\/toode\/strands-cruise-light-led-vilkkupaneeli-3164mm\/","og_site_name":"Castrum","article_publisher":"https:\/\/www.facebook.com\/castrum.ee","twitter_card":"summary_large_image","twitter_misc":{"Arvioitu lukuaika":"1 minuutti"},"schema":{"@context":"https:\/\/schema.org","@graph":[{"@type":"WebPage","@id":"https:\/\/www.castrum.ee\/fi\/toode\/strands-cruise-light-led-vilkkupaneeli-3164mm\/","url":"https:\/\/www.castrum.ee\/fi\/toode\/strands-cruise-light-led-vilkkupaneeli-3164mm\/","name":"STRANDS CRUISE LIGHT LED vilkkupaneeli 316,4mm. | LED-lis\u00e4valot ja tarvikkeet, Ty\u00f6valot","isPartOf":{"@id":"https:\/\/www.castrum.ee\/fi\/#website"},"primaryImageOfPage":{"@id":"https:\/\/www.castrum.ee\/fi\/toode\/strands-cruise-light-led-vilkkupaneeli-3164mm\/#primaryimage"},"image":{"@id":"https:\/\/www.castrum.ee\/fi\/toode\/strands-cruise-light-led-vilkkupaneeli-3164mm\/#primaryimage"},"thumbnailUrl":"https:\/\/www.castrum.ee\/wp-content\/uploads\/2025\/10\/S-850211_001.jpg","datePublished":"2025-10-09T12:30:23+00:00","description":"STRANDS CRUISE LIGHT LED vilkkupaneeli 316,4mm. - LED-lis\u00e4valot ja tarvikkeet, Ty\u00f6valot . Autojen, maastureiden ja pakettiautojen lis\u00e4varusteet. Varaosat.","breadcrumb":{"@id":"https:\/\/www.castrum.ee\/fi\/toode\/strands-cruise-light-led-vilkkupaneeli-3164mm\/#breadcrumb"},"inLanguage":"fi","potentialAction":[{"@type":"ReadAction","target":["https:\/\/www.castrum.ee\/fi\/toode\/strands-cruise-light-led-vilkkupaneeli-3164mm\/"]}]},{"@type":"ImageObject","inLanguage":"fi","@id":"https:\/\/www.castrum.ee\/fi\/toode\/strands-cruise-light-led-vilkkupaneeli-3164mm\/#primaryimage","url":"https:\/\/www.castrum.ee\/wp-content\/uploads\/2025\/10\/S-850211_001.jpg","contentUrl":"https:\/\/www.castrum.ee\/wp-content\/uploads\/2025\/10\/S-850211_001.jpg","width":800,"height":600},{"@type":"BreadcrumbList","@id":"https:\/\/www.castrum.ee\/fi\/toode\/strands-cruise-light-led-vilkkupaneeli-3164mm\/#breadcrumb","itemListElement":[{"@type":"ListItem","position":1,"name":"Home","item":"https:\/\/www.castrum.ee\/fi\/kotisivu\/"},{"@type":"ListItem","position":2,"name":"Verkkokauppa","item":"https:\/\/www.castrum.ee\/fi\/kauppa\/"},{"@type":"ListItem","position":3,"name":"STRANDS CRUISE LIGHT LED vilkkupaneeli 316,4mm."}]},{"@type":"WebSite","@id":"https:\/\/www.castrum.ee\/fi\/#website","url":"https:\/\/www.castrum.ee\/fi\/","name":"Castrum","description":"Maasturite, s\u00f5iduautode ja v\u00e4ikebusside lisavarustus","publisher":{"@id":"https:\/\/www.castrum.ee\/fi\/#organization"},"potentialAction":[{"@type":"SearchAction","target":{"@type":"EntryPoint","urlTemplate":"https:\/\/www.castrum.ee\/fi\/?s={search_term_string}"},"query-input":{"@type":"PropertyValueSpecification","valueRequired":true,"valueName":"search_term_string"}}],"inLanguage":"fi"},{"@type":"Organization","@id":"https:\/\/www.castrum.ee\/fi\/#organization","name":"Castrum Grupp O\u00dc","url":"https:\/\/www.castrum.ee\/fi\/","logo":{"@type":"ImageObject","inLanguage":"fi","@id":"https:\/\/www.castrum.ee\/fi\/#\/schema\/logo\/image\/","url":"https:\/\/www.castrum.ee\/wp-content\/uploads\/2025\/03\/Castrum-logo-500.png","contentUrl":"https:\/\/www.castrum.ee\/wp-content\/uploads\/2025\/03\/Castrum-logo-500.png","width":500,"height":250,"caption":"Castrum Grupp O\u00dc"},"image":{"@id":"https:\/\/www.castrum.ee\/fi\/#\/schema\/logo\/image\/"},"sameAs":["https:\/\/www.facebook.com\/castrum.ee"]}]}},"_links":{"self":[{"href":"https:\/\/www.castrum.ee\/fi\/wp-json\/wp\/v2\/product\/77534","targetHints":{"allow":["GET"]}}],"collection":[{"href":"https:\/\/www.castrum.ee\/fi\/wp-json\/wp\/v2\/product"}],"about":[{"href":"https:\/\/www.castrum.ee\/fi\/wp-json\/wp\/v2\/types\/product"}],"wp:featuredmedia":[{"embeddable":true,"href":"https:\/\/www.castrum.ee\/fi\/wp-json\/wp\/v2\/media\/25614"}],"wp:attachment":[{"href":"https:\/\/www.castrum.ee\/fi\/wp-json\/wp\/v2\/media?parent=77534"}],"wp:term":[{"taxonomy":"mark-ja-mudel","embeddable":true,"href":"https:\/\/www.castrum.ee\/fi\/wp-json\/wp\/v2\/mark-ja-mudel?post=77534"},{"taxonomy":"product_brand","embeddable":true,"href":"https:\/\/www.castrum.ee\/fi\/wp-json\/wp\/v2\/product_brand?post=77534"},{"taxonomy":"product_cat","embeddable":true,"href":"https:\/\/www.castrum.ee\/fi\/wp-json\/wp\/v2\/product_cat?post=77534"},{"taxonomy":"product_tag","embeddable":true,"href":"https:\/\/www.castrum.ee\/fi\/wp-json\/wp\/v2\/product_tag?post=77534"}],"curies":[{"name":"wp","href":"https:\/\/api.w.org\/{rel}","templated":true}]}}