{"id":77546,"date":"2025-10-09T12:31:31","date_gmt":"2025-10-09T12:31:31","guid":{"rendered":"https:\/\/www.castrum.ee\/toode\/strands-siberia-qb-qube-light-tyovalo-led\/"},"modified":"2025-10-09T12:31:31","modified_gmt":"2025-10-09T09:31:31","slug":"strands-siberia-qb-qube-light-tyovalo-led","status":"publish","type":"product","link":"https:\/\/www.castrum.ee\/fi\/toode\/strands-siberia-qb-qube-light-tyovalo-led\/","title":{"rendered":"STRANDS SIBERIA QB, QUBE LIGHT ty\u00f6valo LED."},"content":{"rendered":"<p><strong>Mitat<\/strong>: 72.00 x 72.00 x 72.00mm<br \/>\n<strong>Paino<\/strong>: 650g<br \/>\n<strong>Tyyppi<\/strong>: LED<br \/>\n<strong>J\u00e4nnite<\/strong>: 9-32V<br \/>\n<strong>Lumenit<\/strong>: 4800 lm<br \/>\n<strong>Lumenit (mitattu)<\/strong>: 2949 lm<br \/>\n<strong>Teho<\/strong>: 40 W<br \/>\n<strong>Liittimen tyyppi<\/strong>: 4-pin DT<br \/>\n<strong>Johdon pituus<\/strong>: 500 mm<br \/>\n<strong>Linssin materiaali<\/strong>: Polykarbonaatti<br \/>\n<strong>IP-luokitus<\/strong>: IP67\/69K<br \/>\n<strong>Sertifikaatit<\/strong>: ECE R10<br \/>\n<strong>Takuu (kuukausina)<\/strong>: 36<br \/>\n<strong>Kuvaus<\/strong>: Siberia Qube on ty\u00f6valo, joka on suunniteltu tarjoamaan laaja valokeila. Tarjoaa 1 luksin 166 metrin et\u00e4isyydell\u00e4. Siberia Qubella on huomaamaton, kompakti muotoilu, mik\u00e4 tekee siit\u00e4 t\u00e4ydellisen pienempiin ajoneuvoihin, joissa ei ole tilaa suuremmille valoille. Voidaan k\u00e4ytt\u00e4\u00e4 sek\u00e4 yksin ett\u00e4 pareittain. Valaisimessa on my\u00f6s duo-parkkivalo, jossa on keltainen ja valkoinen valo.<\/p>\n","protected":false},"excerpt":{"rendered":"<p>Mitat: 72.00 x 72.00 x 72.00mm Paino: 650g Tyyppi: LED  [&#8230;]<\/p>\n","protected":false},"featured_media":25847,"template":"","meta":{"_acf_changed":false},"mark-ja-mudel":[],"product_brand":[],"product_cat":[1080,1079],"product_tag":[1116],"class_list":{"0":"post-77546","1":"product","2":"type-product","3":"status-publish","4":"has-post-thumbnail","6":"product_cat-led-kaukovalot","7":"product_cat-led-lisavalot-ja-tarvikkeet","8":"product_tag-toimitus-2-3-paivaa","10":"first","11":"instock","12":"taxable","13":"shipping-taxable","14":"purchasable","15":"product-type-simple"},"bundled_by":[],"bundle_stock_status":"instock","bundle_stock_quantity":null,"bundle_virtual":false,"bundle_layout":"","bundle_add_to_cart_form_location":"","bundle_editable_in_cart":false,"bundle_sold_individually_context":"","bundle_item_grouping":"","bundle_min_size":"","bundle_max_size":"","bundle_price":[],"bundled_items":[],"bundle_sell_ids":[],"acf":[],"yoast_head":"<!-- This site is optimized with the Yoast SEO plugin v27.3 - https:\/\/yoast.com\/product\/yoast-seo-wordpress\/ -->\n<title>STRANDS SIBERIA QB, QUBE LIGHT ty\u00f6valo LED. | LED-kaukovalot, LED-lis\u00e4valot ja tarvikkeet<\/title>\n<meta name=\"description\" content=\"STRANDS SIBERIA QB, QUBE LIGHT ty\u00f6valo LED. - LED-kaukovalot, LED-lis\u00e4valot ja tarvikkeet . Autojen, maastureiden ja pakettiautojen lis\u00e4varusteet. Varaosat.\" \/>\n<meta name=\"robots\" content=\"index, follow, max-snippet:-1, max-image-preview:large, max-video-preview:-1\" \/>\n<link rel=\"canonical\" href=\"https:\/\/www.castrum.ee\/fi\/toode\/strands-siberia-qb-qube-light-tyovalo-led\/\" \/>\n<meta property=\"og:locale\" content=\"fi_FI\" \/>\n<meta property=\"og:type\" content=\"article\" \/>\n<meta property=\"og:title\" content=\"STRANDS SIBERIA QB, QUBE LIGHT ty\u00f6valo LED. | LED-kaukovalot, LED-lis\u00e4valot ja tarvikkeet\" \/>\n<meta property=\"og:description\" content=\"STRANDS SIBERIA QB, QUBE LIGHT ty\u00f6valo LED. - LED-kaukovalot, LED-lis\u00e4valot ja tarvikkeet . Autojen, maastureiden ja pakettiautojen lis\u00e4varusteet. Varaosat.\" \/>\n<meta property=\"og:url\" content=\"https:\/\/www.castrum.ee\/fi\/toode\/strands-siberia-qb-qube-light-tyovalo-led\/\" \/>\n<meta property=\"og:site_name\" content=\"Castrum\" \/>\n<meta property=\"article:publisher\" content=\"https:\/\/www.facebook.com\/castrum.ee\" \/>\n<meta name=\"twitter:card\" content=\"summary_large_image\" \/>\n<script type=\"application\/ld+json\" class=\"yoast-schema-graph\">{\"@context\":\"https:\\\/\\\/schema.org\",\"@graph\":[{\"@type\":\"WebPage\",\"@id\":\"https:\\\/\\\/www.castrum.ee\\\/fi\\\/toode\\\/strands-siberia-qb-qube-light-tyovalo-led\\\/\",\"url\":\"https:\\\/\\\/www.castrum.ee\\\/fi\\\/toode\\\/strands-siberia-qb-qube-light-tyovalo-led\\\/\",\"name\":\"STRANDS SIBERIA QB, QUBE LIGHT ty\u00f6valo LED. | LED-kaukovalot, LED-lis\u00e4valot ja tarvikkeet\",\"isPartOf\":{\"@id\":\"https:\\\/\\\/www.castrum.ee\\\/fi\\\/#website\"},\"primaryImageOfPage\":{\"@id\":\"https:\\\/\\\/www.castrum.ee\\\/fi\\\/toode\\\/strands-siberia-qb-qube-light-tyovalo-led\\\/#primaryimage\"},\"image\":{\"@id\":\"https:\\\/\\\/www.castrum.ee\\\/fi\\\/toode\\\/strands-siberia-qb-qube-light-tyovalo-led\\\/#primaryimage\"},\"thumbnailUrl\":\"https:\\\/\\\/www.castrum.ee\\\/wp-content\\\/uploads\\\/2025\\\/10\\\/S-809186_002.jpg\",\"datePublished\":\"2025-10-09T12:31:31+00:00\",\"description\":\"STRANDS SIBERIA QB, QUBE LIGHT ty\u00f6valo LED. - LED-kaukovalot, LED-lis\u00e4valot ja tarvikkeet . Autojen, maastureiden ja pakettiautojen lis\u00e4varusteet. Varaosat.\",\"breadcrumb\":{\"@id\":\"https:\\\/\\\/www.castrum.ee\\\/fi\\\/toode\\\/strands-siberia-qb-qube-light-tyovalo-led\\\/#breadcrumb\"},\"inLanguage\":\"fi\",\"potentialAction\":[{\"@type\":\"ReadAction\",\"target\":[\"https:\\\/\\\/www.castrum.ee\\\/fi\\\/toode\\\/strands-siberia-qb-qube-light-tyovalo-led\\\/\"]}]},{\"@type\":\"ImageObject\",\"inLanguage\":\"fi\",\"@id\":\"https:\\\/\\\/www.castrum.ee\\\/fi\\\/toode\\\/strands-siberia-qb-qube-light-tyovalo-led\\\/#primaryimage\",\"url\":\"https:\\\/\\\/www.castrum.ee\\\/wp-content\\\/uploads\\\/2025\\\/10\\\/S-809186_002.jpg\",\"contentUrl\":\"https:\\\/\\\/www.castrum.ee\\\/wp-content\\\/uploads\\\/2025\\\/10\\\/S-809186_002.jpg\",\"width\":800,\"height\":600},{\"@type\":\"BreadcrumbList\",\"@id\":\"https:\\\/\\\/www.castrum.ee\\\/fi\\\/toode\\\/strands-siberia-qb-qube-light-tyovalo-led\\\/#breadcrumb\",\"itemListElement\":[{\"@type\":\"ListItem\",\"position\":1,\"name\":\"Home\",\"item\":\"https:\\\/\\\/www.castrum.ee\\\/fi\\\/kotisivu\\\/\"},{\"@type\":\"ListItem\",\"position\":2,\"name\":\"Verkkokauppa\",\"item\":\"https:\\\/\\\/www.castrum.ee\\\/fi\\\/kauppa\\\/\"},{\"@type\":\"ListItem\",\"position\":3,\"name\":\"STRANDS SIBERIA QB, QUBE LIGHT ty\u00f6valo LED.\"}]},{\"@type\":\"WebSite\",\"@id\":\"https:\\\/\\\/www.castrum.ee\\\/fi\\\/#website\",\"url\":\"https:\\\/\\\/www.castrum.ee\\\/fi\\\/\",\"name\":\"Castrum\",\"description\":\"Maasturite, s\u00f5iduautode ja v\u00e4ikebusside lisavarustus\",\"publisher\":{\"@id\":\"https:\\\/\\\/www.castrum.ee\\\/fi\\\/#organization\"},\"potentialAction\":[{\"@type\":\"SearchAction\",\"target\":{\"@type\":\"EntryPoint\",\"urlTemplate\":\"https:\\\/\\\/www.castrum.ee\\\/fi\\\/?s={search_term_string}\"},\"query-input\":{\"@type\":\"PropertyValueSpecification\",\"valueRequired\":true,\"valueName\":\"search_term_string\"}}],\"inLanguage\":\"fi\"},{\"@type\":\"Organization\",\"@id\":\"https:\\\/\\\/www.castrum.ee\\\/fi\\\/#organization\",\"name\":\"Castrum Grupp O\u00dc\",\"url\":\"https:\\\/\\\/www.castrum.ee\\\/fi\\\/\",\"logo\":{\"@type\":\"ImageObject\",\"inLanguage\":\"fi\",\"@id\":\"https:\\\/\\\/www.castrum.ee\\\/fi\\\/#\\\/schema\\\/logo\\\/image\\\/\",\"url\":\"https:\\\/\\\/www.castrum.ee\\\/wp-content\\\/uploads\\\/2025\\\/03\\\/Castrum-logo-500.png\",\"contentUrl\":\"https:\\\/\\\/www.castrum.ee\\\/wp-content\\\/uploads\\\/2025\\\/03\\\/Castrum-logo-500.png\",\"width\":500,\"height\":250,\"caption\":\"Castrum Grupp O\u00dc\"},\"image\":{\"@id\":\"https:\\\/\\\/www.castrum.ee\\\/fi\\\/#\\\/schema\\\/logo\\\/image\\\/\"},\"sameAs\":[\"https:\\\/\\\/www.facebook.com\\\/castrum.ee\"]}]}<\/script>\n<!-- \/ Yoast SEO plugin. -->","yoast_head_json":{"title":"STRANDS SIBERIA QB, QUBE LIGHT ty\u00f6valo LED. | LED-kaukovalot, LED-lis\u00e4valot ja tarvikkeet","description":"STRANDS SIBERIA QB, QUBE LIGHT ty\u00f6valo LED. - LED-kaukovalot, LED-lis\u00e4valot ja tarvikkeet . Autojen, maastureiden ja pakettiautojen lis\u00e4varusteet. Varaosat.","robots":{"index":"index","follow":"follow","max-snippet":"max-snippet:-1","max-image-preview":"max-image-preview:large","max-video-preview":"max-video-preview:-1"},"canonical":"https:\/\/www.castrum.ee\/fi\/toode\/strands-siberia-qb-qube-light-tyovalo-led\/","og_locale":"fi_FI","og_type":"article","og_title":"STRANDS SIBERIA QB, QUBE LIGHT ty\u00f6valo LED. | LED-kaukovalot, LED-lis\u00e4valot ja tarvikkeet","og_description":"STRANDS SIBERIA QB, QUBE LIGHT ty\u00f6valo LED. - LED-kaukovalot, LED-lis\u00e4valot ja tarvikkeet . Autojen, maastureiden ja pakettiautojen lis\u00e4varusteet. Varaosat.","og_url":"https:\/\/www.castrum.ee\/fi\/toode\/strands-siberia-qb-qube-light-tyovalo-led\/","og_site_name":"Castrum","article_publisher":"https:\/\/www.facebook.com\/castrum.ee","twitter_card":"summary_large_image","schema":{"@context":"https:\/\/schema.org","@graph":[{"@type":"WebPage","@id":"https:\/\/www.castrum.ee\/fi\/toode\/strands-siberia-qb-qube-light-tyovalo-led\/","url":"https:\/\/www.castrum.ee\/fi\/toode\/strands-siberia-qb-qube-light-tyovalo-led\/","name":"STRANDS SIBERIA QB, QUBE LIGHT ty\u00f6valo LED. | LED-kaukovalot, LED-lis\u00e4valot ja tarvikkeet","isPartOf":{"@id":"https:\/\/www.castrum.ee\/fi\/#website"},"primaryImageOfPage":{"@id":"https:\/\/www.castrum.ee\/fi\/toode\/strands-siberia-qb-qube-light-tyovalo-led\/#primaryimage"},"image":{"@id":"https:\/\/www.castrum.ee\/fi\/toode\/strands-siberia-qb-qube-light-tyovalo-led\/#primaryimage"},"thumbnailUrl":"https:\/\/www.castrum.ee\/wp-content\/uploads\/2025\/10\/S-809186_002.jpg","datePublished":"2025-10-09T12:31:31+00:00","description":"STRANDS SIBERIA QB, QUBE LIGHT ty\u00f6valo LED. - LED-kaukovalot, LED-lis\u00e4valot ja tarvikkeet . Autojen, maastureiden ja pakettiautojen lis\u00e4varusteet. Varaosat.","breadcrumb":{"@id":"https:\/\/www.castrum.ee\/fi\/toode\/strands-siberia-qb-qube-light-tyovalo-led\/#breadcrumb"},"inLanguage":"fi","potentialAction":[{"@type":"ReadAction","target":["https:\/\/www.castrum.ee\/fi\/toode\/strands-siberia-qb-qube-light-tyovalo-led\/"]}]},{"@type":"ImageObject","inLanguage":"fi","@id":"https:\/\/www.castrum.ee\/fi\/toode\/strands-siberia-qb-qube-light-tyovalo-led\/#primaryimage","url":"https:\/\/www.castrum.ee\/wp-content\/uploads\/2025\/10\/S-809186_002.jpg","contentUrl":"https:\/\/www.castrum.ee\/wp-content\/uploads\/2025\/10\/S-809186_002.jpg","width":800,"height":600},{"@type":"BreadcrumbList","@id":"https:\/\/www.castrum.ee\/fi\/toode\/strands-siberia-qb-qube-light-tyovalo-led\/#breadcrumb","itemListElement":[{"@type":"ListItem","position":1,"name":"Home","item":"https:\/\/www.castrum.ee\/fi\/kotisivu\/"},{"@type":"ListItem","position":2,"name":"Verkkokauppa","item":"https:\/\/www.castrum.ee\/fi\/kauppa\/"},{"@type":"ListItem","position":3,"name":"STRANDS SIBERIA QB, QUBE LIGHT ty\u00f6valo LED."}]},{"@type":"WebSite","@id":"https:\/\/www.castrum.ee\/fi\/#website","url":"https:\/\/www.castrum.ee\/fi\/","name":"Castrum","description":"Maasturite, s\u00f5iduautode ja v\u00e4ikebusside lisavarustus","publisher":{"@id":"https:\/\/www.castrum.ee\/fi\/#organization"},"potentialAction":[{"@type":"SearchAction","target":{"@type":"EntryPoint","urlTemplate":"https:\/\/www.castrum.ee\/fi\/?s={search_term_string}"},"query-input":{"@type":"PropertyValueSpecification","valueRequired":true,"valueName":"search_term_string"}}],"inLanguage":"fi"},{"@type":"Organization","@id":"https:\/\/www.castrum.ee\/fi\/#organization","name":"Castrum Grupp O\u00dc","url":"https:\/\/www.castrum.ee\/fi\/","logo":{"@type":"ImageObject","inLanguage":"fi","@id":"https:\/\/www.castrum.ee\/fi\/#\/schema\/logo\/image\/","url":"https:\/\/www.castrum.ee\/wp-content\/uploads\/2025\/03\/Castrum-logo-500.png","contentUrl":"https:\/\/www.castrum.ee\/wp-content\/uploads\/2025\/03\/Castrum-logo-500.png","width":500,"height":250,"caption":"Castrum Grupp O\u00dc"},"image":{"@id":"https:\/\/www.castrum.ee\/fi\/#\/schema\/logo\/image\/"},"sameAs":["https:\/\/www.facebook.com\/castrum.ee"]}]}},"_links":{"self":[{"href":"https:\/\/www.castrum.ee\/fi\/wp-json\/wp\/v2\/product\/77546","targetHints":{"allow":["GET"]}}],"collection":[{"href":"https:\/\/www.castrum.ee\/fi\/wp-json\/wp\/v2\/product"}],"about":[{"href":"https:\/\/www.castrum.ee\/fi\/wp-json\/wp\/v2\/types\/product"}],"wp:featuredmedia":[{"embeddable":true,"href":"https:\/\/www.castrum.ee\/fi\/wp-json\/wp\/v2\/media\/25847"}],"wp:attachment":[{"href":"https:\/\/www.castrum.ee\/fi\/wp-json\/wp\/v2\/media?parent=77546"}],"wp:term":[{"taxonomy":"mark-ja-mudel","embeddable":true,"href":"https:\/\/www.castrum.ee\/fi\/wp-json\/wp\/v2\/mark-ja-mudel?post=77546"},{"taxonomy":"product_brand","embeddable":true,"href":"https:\/\/www.castrum.ee\/fi\/wp-json\/wp\/v2\/product_brand?post=77546"},{"taxonomy":"product_cat","embeddable":true,"href":"https:\/\/www.castrum.ee\/fi\/wp-json\/wp\/v2\/product_cat?post=77546"},{"taxonomy":"product_tag","embeddable":true,"href":"https:\/\/www.castrum.ee\/fi\/wp-json\/wp\/v2\/product_tag?post=77546"}],"curies":[{"name":"wp","href":"https:\/\/api.w.org\/{rel}","templated":true}]}}