{"id":77554,"date":"2025-10-09T12:30:47","date_gmt":"2025-10-09T12:30:47","guid":{"rendered":"https:\/\/www.castrum.ee\/toode\/strands-dark-knight-identity-20-led-valopaneeli\/"},"modified":"2025-10-09T12:30:47","modified_gmt":"2025-10-09T09:30:47","slug":"strands-dark-knight-identity-20-led-valopaneeli","status":"publish","type":"product","link":"https:\/\/www.castrum.ee\/fi\/toode\/strands-dark-knight-identity-20-led-valopaneeli\/","title":{"rendered":"STRANDS DARK KNIGHT IDENTITY 20&#8243; LED-valopaneeli"},"content":{"rendered":"<p><strong>Mitat<\/strong>: 520.00 x 58.00 x 55.50mm<br \/>\n<strong>Paino<\/strong>: 1.90kg<br \/>\n<strong>Tyyppi<\/strong>: LED<br \/>\n<strong>J\u00e4nnite<\/strong>: 9-36V<br \/>\n<strong>Lumenit<\/strong>: 12000 lm<br \/>\n<strong>Lumenit (mitattu)<\/strong>: 9800 lm<br \/>\n<strong>Teho<\/strong>: 120 W<br \/>\n<strong>Viitearvo<\/strong>: 50<br \/>\n<strong>Liittimen tyyppi<\/strong>: 4-pin DT<br \/>\n<strong>Johdon pituus<\/strong>: 500 mm<br \/>\n<strong>Linssin materiaali<\/strong>: Polykarbonaatti<br \/>\n<strong>IP-luokitus<\/strong>: IP68\/69K<br \/>\n<strong>Sertifikaatit<\/strong>: ECE R112, R7, ECE R10<br \/>\n<strong>Takuu (kuukausina)<\/strong>: 36<br \/>\n<strong>Kuvaus<\/strong>: Seuraava tuote Dark Knight -sarjassa on Dark Knight Identity. Luotu samasta perheest\u00e4 kuin lis\u00e4valo Dark Knight Intense, mutta LED-valopalkin muodossa. LED-valopalkki on 20\u201d ja E-hyv\u00e4ksytty. TIR-optiikan tuella Identity luo t\u00e4yden intensiteetin kirkkauden sek\u00e4 laajan ja pitk\u00e4n valokuvion yli 500 metrin et\u00e4isyydelle. TIR-teknologia parantaa kokonaistehokkuutta, ker\u00e4\u00e4 ja ohjaa valoa t\u00e4ydellisess\u00e4 tasapainossa. &lt;br\/&gt;&lt;br\/&gt;LED-valopalkin tumma ulkon\u00e4k\u00f6 luo itsevarman, futuristisen ilmeen ja yhdistyy edullisesti muiden Dark Knight -sarjan valojen kanssa harmoniseksi kokonaisuudeksi. Dark Knight Identity ohuen muotoilunsa ja 55,5 mm syvyytens\u00e4, 58 mm tai 75 mm korkeutensa (kiinnikkeet mukaan lukien) ansiosta sopii useimpiin ajoneuvoihin, jotka tarvitsevat LED-valopalkin. Siin\u00e4 on my\u00f6s taka- ja sivukiinnikkeet helppoa asennusta varten. Paras asennus tapahtuu Siberia professional -kiinnikkeen kanssa yhdess\u00e4 Siberia professional 1x DT -kaapelisarjan tai Siberia professional 3x DT -kaapelisarjan kanssa. Parkkivalo luo houkuttelevan vaikutelman kaarevalla linjalla, jota ymp\u00e4r\u00f6i 12 diodia. Siin\u00e4 on my\u00f6s duotoiminto, jossa kuljettaja voi valita keltaisen ja valkoisen valon v\u00e4lill\u00e4.<\/p>\n","protected":false},"excerpt":{"rendered":"<p>Mitat: 520.00 x 58.00 x 55.50mm Paino: 1.90kg Tyyppi: LED  [&#8230;]<\/p>\n","protected":false},"featured_media":25752,"template":"","meta":{"_acf_changed":false},"mark-ja-mudel":[],"product_brand":[],"product_cat":[1080,1079],"product_tag":[1116],"class_list":{"0":"post-77554","1":"product","2":"type-product","3":"status-publish","4":"has-post-thumbnail","6":"product_cat-led-kaukovalot","7":"product_cat-led-lisavalot-ja-tarvikkeet","8":"product_tag-toimitus-2-3-paivaa","10":"first","11":"instock","12":"taxable","13":"shipping-taxable","14":"purchasable","15":"product-type-simple"},"bundled_by":[],"bundle_stock_status":"instock","bundle_stock_quantity":null,"bundle_virtual":false,"bundle_layout":"","bundle_add_to_cart_form_location":"","bundle_editable_in_cart":false,"bundle_sold_individually_context":"","bundle_item_grouping":"","bundle_min_size":"","bundle_max_size":"","bundle_price":[],"bundled_items":[],"bundle_sell_ids":[],"acf":[],"yoast_head":"<!-- This site is optimized with the Yoast SEO plugin v27.3 - https:\/\/yoast.com\/product\/yoast-seo-wordpress\/ -->\n<title>STRANDS DARK KNIGHT IDENTITY 20&quot; LED-valopaneeli | LED-kaukovalot, LED-lis\u00e4valot ja tarvikkeet<\/title>\n<meta name=\"description\" content=\"STRANDS DARK KNIGHT IDENTITY 20&quot; LED-valopaneeli - LED-kaukovalot, LED-lis\u00e4valot ja tarvikkeet . Autojen, maastureiden ja pakettiautojen lis\u00e4varusteet. Varaosat.\" \/>\n<meta name=\"robots\" content=\"index, follow, max-snippet:-1, max-image-preview:large, max-video-preview:-1\" \/>\n<link rel=\"canonical\" href=\"https:\/\/www.castrum.ee\/fi\/toode\/strands-dark-knight-identity-20-led-valopaneeli\/\" \/>\n<meta property=\"og:locale\" content=\"fi_FI\" \/>\n<meta property=\"og:type\" content=\"article\" \/>\n<meta property=\"og:title\" content=\"STRANDS DARK KNIGHT IDENTITY 20&quot; LED-valopaneeli | LED-kaukovalot, LED-lis\u00e4valot ja tarvikkeet\" \/>\n<meta property=\"og:description\" content=\"STRANDS DARK KNIGHT IDENTITY 20&quot; LED-valopaneeli - LED-kaukovalot, LED-lis\u00e4valot ja tarvikkeet . Autojen, maastureiden ja pakettiautojen lis\u00e4varusteet. Varaosat.\" \/>\n<meta property=\"og:url\" content=\"https:\/\/www.castrum.ee\/fi\/toode\/strands-dark-knight-identity-20-led-valopaneeli\/\" \/>\n<meta property=\"og:site_name\" content=\"Castrum\" \/>\n<meta property=\"article:publisher\" content=\"https:\/\/www.facebook.com\/castrum.ee\" \/>\n<meta name=\"twitter:card\" content=\"summary_large_image\" \/>\n<meta name=\"twitter:label1\" content=\"Arvioitu lukuaika\" \/>\n\t<meta name=\"twitter:data1\" content=\"1 minuutti\" \/>\n<script type=\"application\/ld+json\" class=\"yoast-schema-graph\">{\"@context\":\"https:\\\/\\\/schema.org\",\"@graph\":[{\"@type\":\"WebPage\",\"@id\":\"https:\\\/\\\/www.castrum.ee\\\/fi\\\/toode\\\/strands-dark-knight-identity-20-led-valopaneeli\\\/\",\"url\":\"https:\\\/\\\/www.castrum.ee\\\/fi\\\/toode\\\/strands-dark-knight-identity-20-led-valopaneeli\\\/\",\"name\":\"STRANDS DARK KNIGHT IDENTITY 20\\\" LED-valopaneeli | LED-kaukovalot, LED-lis\u00e4valot ja tarvikkeet\",\"isPartOf\":{\"@id\":\"https:\\\/\\\/www.castrum.ee\\\/fi\\\/#website\"},\"primaryImageOfPage\":{\"@id\":\"https:\\\/\\\/www.castrum.ee\\\/fi\\\/toode\\\/strands-dark-knight-identity-20-led-valopaneeli\\\/#primaryimage\"},\"image\":{\"@id\":\"https:\\\/\\\/www.castrum.ee\\\/fi\\\/toode\\\/strands-dark-knight-identity-20-led-valopaneeli\\\/#primaryimage\"},\"thumbnailUrl\":\"https:\\\/\\\/www.castrum.ee\\\/wp-content\\\/uploads\\\/2025\\\/10\\\/S-809165_001.jpg\",\"datePublished\":\"2025-10-09T12:30:47+00:00\",\"description\":\"STRANDS DARK KNIGHT IDENTITY 20\\\" LED-valopaneeli - LED-kaukovalot, LED-lis\u00e4valot ja tarvikkeet . Autojen, maastureiden ja pakettiautojen lis\u00e4varusteet. Varaosat.\",\"breadcrumb\":{\"@id\":\"https:\\\/\\\/www.castrum.ee\\\/fi\\\/toode\\\/strands-dark-knight-identity-20-led-valopaneeli\\\/#breadcrumb\"},\"inLanguage\":\"fi\",\"potentialAction\":[{\"@type\":\"ReadAction\",\"target\":[\"https:\\\/\\\/www.castrum.ee\\\/fi\\\/toode\\\/strands-dark-knight-identity-20-led-valopaneeli\\\/\"]}]},{\"@type\":\"ImageObject\",\"inLanguage\":\"fi\",\"@id\":\"https:\\\/\\\/www.castrum.ee\\\/fi\\\/toode\\\/strands-dark-knight-identity-20-led-valopaneeli\\\/#primaryimage\",\"url\":\"https:\\\/\\\/www.castrum.ee\\\/wp-content\\\/uploads\\\/2025\\\/10\\\/S-809165_001.jpg\",\"contentUrl\":\"https:\\\/\\\/www.castrum.ee\\\/wp-content\\\/uploads\\\/2025\\\/10\\\/S-809165_001.jpg\",\"width\":800,\"height\":600},{\"@type\":\"BreadcrumbList\",\"@id\":\"https:\\\/\\\/www.castrum.ee\\\/fi\\\/toode\\\/strands-dark-knight-identity-20-led-valopaneeli\\\/#breadcrumb\",\"itemListElement\":[{\"@type\":\"ListItem\",\"position\":1,\"name\":\"Home\",\"item\":\"https:\\\/\\\/www.castrum.ee\\\/fi\\\/kotisivu\\\/\"},{\"@type\":\"ListItem\",\"position\":2,\"name\":\"Verkkokauppa\",\"item\":\"https:\\\/\\\/www.castrum.ee\\\/fi\\\/kauppa\\\/\"},{\"@type\":\"ListItem\",\"position\":3,\"name\":\"STRANDS DARK KNIGHT IDENTITY 20&#8243; LED-valopaneeli\"}]},{\"@type\":\"WebSite\",\"@id\":\"https:\\\/\\\/www.castrum.ee\\\/fi\\\/#website\",\"url\":\"https:\\\/\\\/www.castrum.ee\\\/fi\\\/\",\"name\":\"Castrum\",\"description\":\"Maasturite, s\u00f5iduautode ja v\u00e4ikebusside lisavarustus\",\"publisher\":{\"@id\":\"https:\\\/\\\/www.castrum.ee\\\/fi\\\/#organization\"},\"potentialAction\":[{\"@type\":\"SearchAction\",\"target\":{\"@type\":\"EntryPoint\",\"urlTemplate\":\"https:\\\/\\\/www.castrum.ee\\\/fi\\\/?s={search_term_string}\"},\"query-input\":{\"@type\":\"PropertyValueSpecification\",\"valueRequired\":true,\"valueName\":\"search_term_string\"}}],\"inLanguage\":\"fi\"},{\"@type\":\"Organization\",\"@id\":\"https:\\\/\\\/www.castrum.ee\\\/fi\\\/#organization\",\"name\":\"Castrum Grupp O\u00dc\",\"url\":\"https:\\\/\\\/www.castrum.ee\\\/fi\\\/\",\"logo\":{\"@type\":\"ImageObject\",\"inLanguage\":\"fi\",\"@id\":\"https:\\\/\\\/www.castrum.ee\\\/fi\\\/#\\\/schema\\\/logo\\\/image\\\/\",\"url\":\"https:\\\/\\\/www.castrum.ee\\\/wp-content\\\/uploads\\\/2025\\\/03\\\/Castrum-logo-500.png\",\"contentUrl\":\"https:\\\/\\\/www.castrum.ee\\\/wp-content\\\/uploads\\\/2025\\\/03\\\/Castrum-logo-500.png\",\"width\":500,\"height\":250,\"caption\":\"Castrum Grupp O\u00dc\"},\"image\":{\"@id\":\"https:\\\/\\\/www.castrum.ee\\\/fi\\\/#\\\/schema\\\/logo\\\/image\\\/\"},\"sameAs\":[\"https:\\\/\\\/www.facebook.com\\\/castrum.ee\"]}]}<\/script>\n<!-- \/ Yoast SEO plugin. -->","yoast_head_json":{"title":"STRANDS DARK KNIGHT IDENTITY 20\" LED-valopaneeli | LED-kaukovalot, LED-lis\u00e4valot ja tarvikkeet","description":"STRANDS DARK KNIGHT IDENTITY 20\" LED-valopaneeli - LED-kaukovalot, LED-lis\u00e4valot ja tarvikkeet . Autojen, maastureiden ja pakettiautojen lis\u00e4varusteet. Varaosat.","robots":{"index":"index","follow":"follow","max-snippet":"max-snippet:-1","max-image-preview":"max-image-preview:large","max-video-preview":"max-video-preview:-1"},"canonical":"https:\/\/www.castrum.ee\/fi\/toode\/strands-dark-knight-identity-20-led-valopaneeli\/","og_locale":"fi_FI","og_type":"article","og_title":"STRANDS DARK KNIGHT IDENTITY 20\" LED-valopaneeli | LED-kaukovalot, LED-lis\u00e4valot ja tarvikkeet","og_description":"STRANDS DARK KNIGHT IDENTITY 20\" LED-valopaneeli - LED-kaukovalot, LED-lis\u00e4valot ja tarvikkeet . Autojen, maastureiden ja pakettiautojen lis\u00e4varusteet. Varaosat.","og_url":"https:\/\/www.castrum.ee\/fi\/toode\/strands-dark-knight-identity-20-led-valopaneeli\/","og_site_name":"Castrum","article_publisher":"https:\/\/www.facebook.com\/castrum.ee","twitter_card":"summary_large_image","twitter_misc":{"Arvioitu lukuaika":"1 minuutti"},"schema":{"@context":"https:\/\/schema.org","@graph":[{"@type":"WebPage","@id":"https:\/\/www.castrum.ee\/fi\/toode\/strands-dark-knight-identity-20-led-valopaneeli\/","url":"https:\/\/www.castrum.ee\/fi\/toode\/strands-dark-knight-identity-20-led-valopaneeli\/","name":"STRANDS DARK KNIGHT IDENTITY 20\" LED-valopaneeli | LED-kaukovalot, LED-lis\u00e4valot ja tarvikkeet","isPartOf":{"@id":"https:\/\/www.castrum.ee\/fi\/#website"},"primaryImageOfPage":{"@id":"https:\/\/www.castrum.ee\/fi\/toode\/strands-dark-knight-identity-20-led-valopaneeli\/#primaryimage"},"image":{"@id":"https:\/\/www.castrum.ee\/fi\/toode\/strands-dark-knight-identity-20-led-valopaneeli\/#primaryimage"},"thumbnailUrl":"https:\/\/www.castrum.ee\/wp-content\/uploads\/2025\/10\/S-809165_001.jpg","datePublished":"2025-10-09T12:30:47+00:00","description":"STRANDS DARK KNIGHT IDENTITY 20\" LED-valopaneeli - LED-kaukovalot, LED-lis\u00e4valot ja tarvikkeet . Autojen, maastureiden ja pakettiautojen lis\u00e4varusteet. Varaosat.","breadcrumb":{"@id":"https:\/\/www.castrum.ee\/fi\/toode\/strands-dark-knight-identity-20-led-valopaneeli\/#breadcrumb"},"inLanguage":"fi","potentialAction":[{"@type":"ReadAction","target":["https:\/\/www.castrum.ee\/fi\/toode\/strands-dark-knight-identity-20-led-valopaneeli\/"]}]},{"@type":"ImageObject","inLanguage":"fi","@id":"https:\/\/www.castrum.ee\/fi\/toode\/strands-dark-knight-identity-20-led-valopaneeli\/#primaryimage","url":"https:\/\/www.castrum.ee\/wp-content\/uploads\/2025\/10\/S-809165_001.jpg","contentUrl":"https:\/\/www.castrum.ee\/wp-content\/uploads\/2025\/10\/S-809165_001.jpg","width":800,"height":600},{"@type":"BreadcrumbList","@id":"https:\/\/www.castrum.ee\/fi\/toode\/strands-dark-knight-identity-20-led-valopaneeli\/#breadcrumb","itemListElement":[{"@type":"ListItem","position":1,"name":"Home","item":"https:\/\/www.castrum.ee\/fi\/kotisivu\/"},{"@type":"ListItem","position":2,"name":"Verkkokauppa","item":"https:\/\/www.castrum.ee\/fi\/kauppa\/"},{"@type":"ListItem","position":3,"name":"STRANDS DARK KNIGHT IDENTITY 20&#8243; LED-valopaneeli"}]},{"@type":"WebSite","@id":"https:\/\/www.castrum.ee\/fi\/#website","url":"https:\/\/www.castrum.ee\/fi\/","name":"Castrum","description":"Maasturite, s\u00f5iduautode ja v\u00e4ikebusside lisavarustus","publisher":{"@id":"https:\/\/www.castrum.ee\/fi\/#organization"},"potentialAction":[{"@type":"SearchAction","target":{"@type":"EntryPoint","urlTemplate":"https:\/\/www.castrum.ee\/fi\/?s={search_term_string}"},"query-input":{"@type":"PropertyValueSpecification","valueRequired":true,"valueName":"search_term_string"}}],"inLanguage":"fi"},{"@type":"Organization","@id":"https:\/\/www.castrum.ee\/fi\/#organization","name":"Castrum Grupp O\u00dc","url":"https:\/\/www.castrum.ee\/fi\/","logo":{"@type":"ImageObject","inLanguage":"fi","@id":"https:\/\/www.castrum.ee\/fi\/#\/schema\/logo\/image\/","url":"https:\/\/www.castrum.ee\/wp-content\/uploads\/2025\/03\/Castrum-logo-500.png","contentUrl":"https:\/\/www.castrum.ee\/wp-content\/uploads\/2025\/03\/Castrum-logo-500.png","width":500,"height":250,"caption":"Castrum Grupp O\u00dc"},"image":{"@id":"https:\/\/www.castrum.ee\/fi\/#\/schema\/logo\/image\/"},"sameAs":["https:\/\/www.facebook.com\/castrum.ee"]}]}},"_links":{"self":[{"href":"https:\/\/www.castrum.ee\/fi\/wp-json\/wp\/v2\/product\/77554","targetHints":{"allow":["GET"]}}],"collection":[{"href":"https:\/\/www.castrum.ee\/fi\/wp-json\/wp\/v2\/product"}],"about":[{"href":"https:\/\/www.castrum.ee\/fi\/wp-json\/wp\/v2\/types\/product"}],"wp:featuredmedia":[{"embeddable":true,"href":"https:\/\/www.castrum.ee\/fi\/wp-json\/wp\/v2\/media\/25752"}],"wp:attachment":[{"href":"https:\/\/www.castrum.ee\/fi\/wp-json\/wp\/v2\/media?parent=77554"}],"wp:term":[{"taxonomy":"mark-ja-mudel","embeddable":true,"href":"https:\/\/www.castrum.ee\/fi\/wp-json\/wp\/v2\/mark-ja-mudel?post=77554"},{"taxonomy":"product_brand","embeddable":true,"href":"https:\/\/www.castrum.ee\/fi\/wp-json\/wp\/v2\/product_brand?post=77554"},{"taxonomy":"product_cat","embeddable":true,"href":"https:\/\/www.castrum.ee\/fi\/wp-json\/wp\/v2\/product_cat?post=77554"},{"taxonomy":"product_tag","embeddable":true,"href":"https:\/\/www.castrum.ee\/fi\/wp-json\/wp\/v2\/product_tag?post=77554"}],"curies":[{"name":"wp","href":"https:\/\/api.w.org\/{rel}","templated":true}]}}