{"id":77556,"date":"2025-10-09T12:30:24","date_gmt":"2025-10-09T12:30:24","guid":{"rendered":"https:\/\/www.castrum.ee\/toode\/strands-siberia-rf-red-fox-side-shooter-led-tyovalo\/"},"modified":"2025-10-09T12:30:24","modified_gmt":"2025-10-09T09:30:24","slug":"strands-siberia-rf-red-fox-side-shooter-led-tyovalo","status":"publish","type":"product","link":"https:\/\/www.castrum.ee\/fi\/toode\/strands-siberia-rf-red-fox-side-shooter-led-tyovalo\/","title":{"rendered":"STRANDS SIBERIA RF RED FOX SIDE SHOOTER LED -ty\u00f6valo."},"content":{"rendered":"<p><strong>Mitat<\/strong>: 93.00 x 74.00 x 74.00mm<br \/>\n<strong>Paino<\/strong>: 700g<br \/>\n<strong>Tyyppi<\/strong>: LED<br \/>\n<strong>J\u00e4nnite<\/strong>: 9-32V<br \/>\n<strong>Lumenit<\/strong>: 8400 lm<br \/>\n<strong>Lumenit (mitattu)<\/strong>: 3583 lm<br \/>\n<strong>Liitintyyppi<\/strong>: 6-pin DT<br \/>\n<strong>Johdon pituus<\/strong>: 500 mm<br \/>\n<strong>Linssin materiaali<\/strong>: Polykarbonaatti<br \/>\n<strong>IP-luokitus<\/strong>: IP67\/69K<br \/>\n<strong>Sertifikaatit<\/strong>: ECE R10<br \/>\n<strong>Takuu (kuukausina)<\/strong>: 36<br \/>\n<strong>Kuvaus<\/strong>: Siberia Red Fox on Side-Shooter-ty\u00f6valo. Mukana eritt\u00e4in laaja ja pitk\u00e4 valokuvio. Tuottaa 3500 todellista lumenia. Tehokas varoitusvalo ja tunnusomainen parkkivalo \u2013 valitse punaisen ja keltaisen valon v\u00e4lill\u00e4. Tarjoaa 160 asteen valokulman. Valot on sijoitettu lampun ala- ja yl\u00e4osaan maksimaalisen tehon saavuttamiseksi. Joustava ja kompakti, mik\u00e4 tekee siit\u00e4 helpon asentaa. Asennettavissa sek\u00e4 yksitt\u00e4in ett\u00e4 pareittain.<\/p>\n","protected":false},"excerpt":{"rendered":"<p>Mitat: 93.00 x 74.00 x 74.00mm Paino: 700g Tyyppi: LED  [&#8230;]<\/p>\n","protected":false},"featured_media":25697,"template":"","meta":{"_acf_changed":false},"mark-ja-mudel":[],"product_brand":[],"product_cat":[1079,1084],"product_tag":[1116],"class_list":{"0":"post-77556","1":"product","2":"type-product","3":"status-publish","4":"has-post-thumbnail","6":"product_cat-led-lisavalot-ja-tarvikkeet","7":"product_cat-tyovalot","8":"product_tag-toimitus-2-3-paivaa","10":"first","11":"instock","12":"taxable","13":"shipping-taxable","14":"purchasable","15":"product-type-simple"},"bundled_by":[],"bundle_stock_status":"instock","bundle_stock_quantity":null,"bundle_virtual":false,"bundle_layout":"","bundle_add_to_cart_form_location":"","bundle_editable_in_cart":false,"bundle_sold_individually_context":"","bundle_item_grouping":"","bundle_min_size":"","bundle_max_size":"","bundle_price":[],"bundled_items":[],"bundle_sell_ids":[],"acf":[],"yoast_head":"<!-- This site is optimized with the Yoast SEO plugin v27.3 - https:\/\/yoast.com\/product\/yoast-seo-wordpress\/ -->\n<title>STRANDS SIBERIA RF RED FOX SIDE SHOOTER LED -ty\u00f6valo. | LED-lis\u00e4valot ja tarvikkeet, Ty\u00f6valot<\/title>\n<meta name=\"description\" content=\"STRANDS SIBERIA RF RED FOX SIDE SHOOTER LED -ty\u00f6valo. - LED-lis\u00e4valot ja tarvikkeet, Ty\u00f6valot . Autojen, maastureiden ja pakettiautojen lis\u00e4varusteet. Varaosat.\" \/>\n<meta name=\"robots\" content=\"index, follow, max-snippet:-1, max-image-preview:large, max-video-preview:-1\" \/>\n<link rel=\"canonical\" href=\"https:\/\/www.castrum.ee\/fi\/toode\/strands-siberia-rf-red-fox-side-shooter-led-tyovalo\/\" \/>\n<meta property=\"og:locale\" content=\"fi_FI\" \/>\n<meta property=\"og:type\" content=\"article\" \/>\n<meta property=\"og:title\" content=\"STRANDS SIBERIA RF RED FOX SIDE SHOOTER LED -ty\u00f6valo. | LED-lis\u00e4valot ja tarvikkeet, Ty\u00f6valot\" \/>\n<meta property=\"og:description\" content=\"STRANDS SIBERIA RF RED FOX SIDE SHOOTER LED -ty\u00f6valo. - LED-lis\u00e4valot ja tarvikkeet, Ty\u00f6valot . Autojen, maastureiden ja pakettiautojen lis\u00e4varusteet. Varaosat.\" \/>\n<meta property=\"og:url\" content=\"https:\/\/www.castrum.ee\/fi\/toode\/strands-siberia-rf-red-fox-side-shooter-led-tyovalo\/\" \/>\n<meta property=\"og:site_name\" content=\"Castrum\" \/>\n<meta property=\"article:publisher\" content=\"https:\/\/www.facebook.com\/castrum.ee\" \/>\n<meta name=\"twitter:card\" content=\"summary_large_image\" \/>\n<script type=\"application\/ld+json\" class=\"yoast-schema-graph\">{\"@context\":\"https:\\\/\\\/schema.org\",\"@graph\":[{\"@type\":\"WebPage\",\"@id\":\"https:\\\/\\\/www.castrum.ee\\\/fi\\\/toode\\\/strands-siberia-rf-red-fox-side-shooter-led-tyovalo\\\/\",\"url\":\"https:\\\/\\\/www.castrum.ee\\\/fi\\\/toode\\\/strands-siberia-rf-red-fox-side-shooter-led-tyovalo\\\/\",\"name\":\"STRANDS SIBERIA RF RED FOX SIDE SHOOTER LED -ty\u00f6valo. | LED-lis\u00e4valot ja tarvikkeet, Ty\u00f6valot\",\"isPartOf\":{\"@id\":\"https:\\\/\\\/www.castrum.ee\\\/fi\\\/#website\"},\"primaryImageOfPage\":{\"@id\":\"https:\\\/\\\/www.castrum.ee\\\/fi\\\/toode\\\/strands-siberia-rf-red-fox-side-shooter-led-tyovalo\\\/#primaryimage\"},\"image\":{\"@id\":\"https:\\\/\\\/www.castrum.ee\\\/fi\\\/toode\\\/strands-siberia-rf-red-fox-side-shooter-led-tyovalo\\\/#primaryimage\"},\"thumbnailUrl\":\"https:\\\/\\\/www.castrum.ee\\\/wp-content\\\/uploads\\\/2025\\\/10\\\/S-809125_001.jpg\",\"datePublished\":\"2025-10-09T12:30:24+00:00\",\"description\":\"STRANDS SIBERIA RF RED FOX SIDE SHOOTER LED -ty\u00f6valo. - LED-lis\u00e4valot ja tarvikkeet, Ty\u00f6valot . Autojen, maastureiden ja pakettiautojen lis\u00e4varusteet. Varaosat.\",\"breadcrumb\":{\"@id\":\"https:\\\/\\\/www.castrum.ee\\\/fi\\\/toode\\\/strands-siberia-rf-red-fox-side-shooter-led-tyovalo\\\/#breadcrumb\"},\"inLanguage\":\"fi\",\"potentialAction\":[{\"@type\":\"ReadAction\",\"target\":[\"https:\\\/\\\/www.castrum.ee\\\/fi\\\/toode\\\/strands-siberia-rf-red-fox-side-shooter-led-tyovalo\\\/\"]}]},{\"@type\":\"ImageObject\",\"inLanguage\":\"fi\",\"@id\":\"https:\\\/\\\/www.castrum.ee\\\/fi\\\/toode\\\/strands-siberia-rf-red-fox-side-shooter-led-tyovalo\\\/#primaryimage\",\"url\":\"https:\\\/\\\/www.castrum.ee\\\/wp-content\\\/uploads\\\/2025\\\/10\\\/S-809125_001.jpg\",\"contentUrl\":\"https:\\\/\\\/www.castrum.ee\\\/wp-content\\\/uploads\\\/2025\\\/10\\\/S-809125_001.jpg\",\"width\":800,\"height\":600},{\"@type\":\"BreadcrumbList\",\"@id\":\"https:\\\/\\\/www.castrum.ee\\\/fi\\\/toode\\\/strands-siberia-rf-red-fox-side-shooter-led-tyovalo\\\/#breadcrumb\",\"itemListElement\":[{\"@type\":\"ListItem\",\"position\":1,\"name\":\"Home\",\"item\":\"https:\\\/\\\/www.castrum.ee\\\/fi\\\/kotisivu\\\/\"},{\"@type\":\"ListItem\",\"position\":2,\"name\":\"Verkkokauppa\",\"item\":\"https:\\\/\\\/www.castrum.ee\\\/fi\\\/kauppa\\\/\"},{\"@type\":\"ListItem\",\"position\":3,\"name\":\"STRANDS SIBERIA RF RED FOX SIDE SHOOTER LED -ty\u00f6valo.\"}]},{\"@type\":\"WebSite\",\"@id\":\"https:\\\/\\\/www.castrum.ee\\\/fi\\\/#website\",\"url\":\"https:\\\/\\\/www.castrum.ee\\\/fi\\\/\",\"name\":\"Castrum\",\"description\":\"Maasturite, s\u00f5iduautode ja v\u00e4ikebusside lisavarustus\",\"publisher\":{\"@id\":\"https:\\\/\\\/www.castrum.ee\\\/fi\\\/#organization\"},\"potentialAction\":[{\"@type\":\"SearchAction\",\"target\":{\"@type\":\"EntryPoint\",\"urlTemplate\":\"https:\\\/\\\/www.castrum.ee\\\/fi\\\/?s={search_term_string}\"},\"query-input\":{\"@type\":\"PropertyValueSpecification\",\"valueRequired\":true,\"valueName\":\"search_term_string\"}}],\"inLanguage\":\"fi\"},{\"@type\":\"Organization\",\"@id\":\"https:\\\/\\\/www.castrum.ee\\\/fi\\\/#organization\",\"name\":\"Castrum Grupp O\u00dc\",\"url\":\"https:\\\/\\\/www.castrum.ee\\\/fi\\\/\",\"logo\":{\"@type\":\"ImageObject\",\"inLanguage\":\"fi\",\"@id\":\"https:\\\/\\\/www.castrum.ee\\\/fi\\\/#\\\/schema\\\/logo\\\/image\\\/\",\"url\":\"https:\\\/\\\/www.castrum.ee\\\/wp-content\\\/uploads\\\/2025\\\/03\\\/Castrum-logo-500.png\",\"contentUrl\":\"https:\\\/\\\/www.castrum.ee\\\/wp-content\\\/uploads\\\/2025\\\/03\\\/Castrum-logo-500.png\",\"width\":500,\"height\":250,\"caption\":\"Castrum Grupp O\u00dc\"},\"image\":{\"@id\":\"https:\\\/\\\/www.castrum.ee\\\/fi\\\/#\\\/schema\\\/logo\\\/image\\\/\"},\"sameAs\":[\"https:\\\/\\\/www.facebook.com\\\/castrum.ee\"]}]}<\/script>\n<!-- \/ Yoast SEO plugin. -->","yoast_head_json":{"title":"STRANDS SIBERIA RF RED FOX SIDE SHOOTER LED -ty\u00f6valo. | LED-lis\u00e4valot ja tarvikkeet, Ty\u00f6valot","description":"STRANDS SIBERIA RF RED FOX SIDE SHOOTER LED -ty\u00f6valo. - LED-lis\u00e4valot ja tarvikkeet, Ty\u00f6valot . Autojen, maastureiden ja pakettiautojen lis\u00e4varusteet. Varaosat.","robots":{"index":"index","follow":"follow","max-snippet":"max-snippet:-1","max-image-preview":"max-image-preview:large","max-video-preview":"max-video-preview:-1"},"canonical":"https:\/\/www.castrum.ee\/fi\/toode\/strands-siberia-rf-red-fox-side-shooter-led-tyovalo\/","og_locale":"fi_FI","og_type":"article","og_title":"STRANDS SIBERIA RF RED FOX SIDE SHOOTER LED -ty\u00f6valo. | LED-lis\u00e4valot ja tarvikkeet, Ty\u00f6valot","og_description":"STRANDS SIBERIA RF RED FOX SIDE SHOOTER LED -ty\u00f6valo. - LED-lis\u00e4valot ja tarvikkeet, Ty\u00f6valot . Autojen, maastureiden ja pakettiautojen lis\u00e4varusteet. Varaosat.","og_url":"https:\/\/www.castrum.ee\/fi\/toode\/strands-siberia-rf-red-fox-side-shooter-led-tyovalo\/","og_site_name":"Castrum","article_publisher":"https:\/\/www.facebook.com\/castrum.ee","twitter_card":"summary_large_image","schema":{"@context":"https:\/\/schema.org","@graph":[{"@type":"WebPage","@id":"https:\/\/www.castrum.ee\/fi\/toode\/strands-siberia-rf-red-fox-side-shooter-led-tyovalo\/","url":"https:\/\/www.castrum.ee\/fi\/toode\/strands-siberia-rf-red-fox-side-shooter-led-tyovalo\/","name":"STRANDS SIBERIA RF RED FOX SIDE SHOOTER LED -ty\u00f6valo. | LED-lis\u00e4valot ja tarvikkeet, Ty\u00f6valot","isPartOf":{"@id":"https:\/\/www.castrum.ee\/fi\/#website"},"primaryImageOfPage":{"@id":"https:\/\/www.castrum.ee\/fi\/toode\/strands-siberia-rf-red-fox-side-shooter-led-tyovalo\/#primaryimage"},"image":{"@id":"https:\/\/www.castrum.ee\/fi\/toode\/strands-siberia-rf-red-fox-side-shooter-led-tyovalo\/#primaryimage"},"thumbnailUrl":"https:\/\/www.castrum.ee\/wp-content\/uploads\/2025\/10\/S-809125_001.jpg","datePublished":"2025-10-09T12:30:24+00:00","description":"STRANDS SIBERIA RF RED FOX SIDE SHOOTER LED -ty\u00f6valo. - LED-lis\u00e4valot ja tarvikkeet, Ty\u00f6valot . Autojen, maastureiden ja pakettiautojen lis\u00e4varusteet. Varaosat.","breadcrumb":{"@id":"https:\/\/www.castrum.ee\/fi\/toode\/strands-siberia-rf-red-fox-side-shooter-led-tyovalo\/#breadcrumb"},"inLanguage":"fi","potentialAction":[{"@type":"ReadAction","target":["https:\/\/www.castrum.ee\/fi\/toode\/strands-siberia-rf-red-fox-side-shooter-led-tyovalo\/"]}]},{"@type":"ImageObject","inLanguage":"fi","@id":"https:\/\/www.castrum.ee\/fi\/toode\/strands-siberia-rf-red-fox-side-shooter-led-tyovalo\/#primaryimage","url":"https:\/\/www.castrum.ee\/wp-content\/uploads\/2025\/10\/S-809125_001.jpg","contentUrl":"https:\/\/www.castrum.ee\/wp-content\/uploads\/2025\/10\/S-809125_001.jpg","width":800,"height":600},{"@type":"BreadcrumbList","@id":"https:\/\/www.castrum.ee\/fi\/toode\/strands-siberia-rf-red-fox-side-shooter-led-tyovalo\/#breadcrumb","itemListElement":[{"@type":"ListItem","position":1,"name":"Home","item":"https:\/\/www.castrum.ee\/fi\/kotisivu\/"},{"@type":"ListItem","position":2,"name":"Verkkokauppa","item":"https:\/\/www.castrum.ee\/fi\/kauppa\/"},{"@type":"ListItem","position":3,"name":"STRANDS SIBERIA RF RED FOX SIDE SHOOTER LED -ty\u00f6valo."}]},{"@type":"WebSite","@id":"https:\/\/www.castrum.ee\/fi\/#website","url":"https:\/\/www.castrum.ee\/fi\/","name":"Castrum","description":"Maasturite, s\u00f5iduautode ja v\u00e4ikebusside lisavarustus","publisher":{"@id":"https:\/\/www.castrum.ee\/fi\/#organization"},"potentialAction":[{"@type":"SearchAction","target":{"@type":"EntryPoint","urlTemplate":"https:\/\/www.castrum.ee\/fi\/?s={search_term_string}"},"query-input":{"@type":"PropertyValueSpecification","valueRequired":true,"valueName":"search_term_string"}}],"inLanguage":"fi"},{"@type":"Organization","@id":"https:\/\/www.castrum.ee\/fi\/#organization","name":"Castrum Grupp O\u00dc","url":"https:\/\/www.castrum.ee\/fi\/","logo":{"@type":"ImageObject","inLanguage":"fi","@id":"https:\/\/www.castrum.ee\/fi\/#\/schema\/logo\/image\/","url":"https:\/\/www.castrum.ee\/wp-content\/uploads\/2025\/03\/Castrum-logo-500.png","contentUrl":"https:\/\/www.castrum.ee\/wp-content\/uploads\/2025\/03\/Castrum-logo-500.png","width":500,"height":250,"caption":"Castrum Grupp O\u00dc"},"image":{"@id":"https:\/\/www.castrum.ee\/fi\/#\/schema\/logo\/image\/"},"sameAs":["https:\/\/www.facebook.com\/castrum.ee"]}]}},"_links":{"self":[{"href":"https:\/\/www.castrum.ee\/fi\/wp-json\/wp\/v2\/product\/77556","targetHints":{"allow":["GET"]}}],"collection":[{"href":"https:\/\/www.castrum.ee\/fi\/wp-json\/wp\/v2\/product"}],"about":[{"href":"https:\/\/www.castrum.ee\/fi\/wp-json\/wp\/v2\/types\/product"}],"wp:featuredmedia":[{"embeddable":true,"href":"https:\/\/www.castrum.ee\/fi\/wp-json\/wp\/v2\/media\/25697"}],"wp:attachment":[{"href":"https:\/\/www.castrum.ee\/fi\/wp-json\/wp\/v2\/media?parent=77556"}],"wp:term":[{"taxonomy":"mark-ja-mudel","embeddable":true,"href":"https:\/\/www.castrum.ee\/fi\/wp-json\/wp\/v2\/mark-ja-mudel?post=77556"},{"taxonomy":"product_brand","embeddable":true,"href":"https:\/\/www.castrum.ee\/fi\/wp-json\/wp\/v2\/product_brand?post=77556"},{"taxonomy":"product_cat","embeddable":true,"href":"https:\/\/www.castrum.ee\/fi\/wp-json\/wp\/v2\/product_cat?post=77556"},{"taxonomy":"product_tag","embeddable":true,"href":"https:\/\/www.castrum.ee\/fi\/wp-json\/wp\/v2\/product_tag?post=77556"}],"curies":[{"name":"wp","href":"https:\/\/api.w.org\/{rel}","templated":true}]}}