{"id":77570,"date":"2025-11-12T10:43:03","date_gmt":"2025-11-12T08:43:03","guid":{"rendered":"https:\/\/www.castrum.ee\/toode\/steeler-takakulmaraudat-toyota-land-cruiser-250-24\/"},"modified":"2025-11-12T10:43:03","modified_gmt":"2025-11-12T08:43:03","slug":"steeler-takakulmaraudat-toyota-land-cruiser-250-24","status":"publish","type":"product","link":"https:\/\/www.castrum.ee\/fi\/toode\/steeler-takakulmaraudat-toyota-land-cruiser-250-24\/","title":{"rendered":"Steeler takakulmaraudat | Toyota Land Cruiser 250 [24+]"},"content":{"rendered":"<p data-start=\"0\" data-end=\"134\"><strong data-start=\"0\" data-end=\"58\">STEELER\u00ae takakulmaraudat \u2013 Toyota Land Cruiser 250<\/strong><br data-start=\"58\" data-end=\"61\"><em data-start=\"61\" data-end=\"132\">Tyylik\u00e4s ulkon\u00e4k\u00f6 ja parempi suoja pienemmilt\u00e4 pys\u00e4k\u00f6intivaurioilta<\/em><\/p>\n<p data-start=\"136\" data-end=\"285\">Takakulmaraudat tarjoavat tehokkaan suojan puskurille pienempien pys\u00e4k\u00f6intivaurioiden varalta ja korostavat samalla ajoneuvon modernia ja voimakasta muotoilua.<\/p>\n<p data-start=\"287\" data-end=\"489\">70 mm:n halkaisijaltaan ja 2 mm:n sein\u00e4m\u00e4vahvuudeltaan putket on valmistettu <strong data-start=\"347\" data-end=\"383\">ruostumattomasta ter\u00e4ksest\u00e4 (AISI 304)<\/strong> ja <strong data-start=\"389\" data-end=\"411\">k\u00e4sin kiillotettu<\/strong>, varmistaen kest\u00e4vyyden ja lis\u00e4suojan ajoneuvon rakenneosille.<\/p>\n<p data-start=\"491\" data-end=\"627\">Paketti sis\u00e4lt\u00e4\u00e4 <strong data-start=\"509\" data-end=\"541\">t\u00e4ydellisen asennussarjan<\/strong> ja <strong data-start=\"545\" data-end=\"575\">helpot asennusohjeet<\/strong>, varmistaakseen nopean ja tarkan sopivuuden ajoneuvoosi.<\/p>\n<p data-start=\"629\" data-end=\"796\">K\u00e4ytetty ruostumaton ter\u00e4s takaa <strong data-start=\"662\" data-end=\"724\">korkean korroosionkest\u00e4vyyden my\u00f6s vaikeissa s\u00e4\u00e4olosuhteissa<\/strong>, ollen materiaalina tehokas my\u00f6s teollisuudessa, mukaan lukien elintarviketeollisuudessa.<\/p>\n<p data-start=\"798\" data-end=\"813\"><strong data-start=\"798\" data-end=\"811\">Takuu:<\/strong><\/p>\n<ul data-start=\"814\" data-end=\"911\" data-is-last-node=\"\" data-is-only-node=\"\">\n<li data-start=\"814\" data-end=\"857\">\n<p data-start=\"816\" data-end=\"857\">Kiillotetuille suojaputkille \u2013 <strong data-start=\"844\" data-end=\"855\">24 kuukautta<\/strong><\/p>\n<\/li>\n<li data-start=\"858\" data-end=\"911\" data-is-last-node=\"\">\n<p data-start=\"860\" data-end=\"911\" data-is-last-node=\"\">Mustaksi maalattujen putkien pinnoitteelle \u2013 <strong data-start=\"900\" data-end=\"911\" data-is-last-node=\"\">12 kuukautta<\/strong><\/p>\n<\/li>\n<\/ul>\n","protected":false},"excerpt":{"rendered":"<p data-start=\"136\" data-end=\"285\">Takakulmaraudat tarjoavat tehokkaan suojan puskurille pienempien pys\u00e4k\u00f6intivaurioiden varalta ja korostavat samalla ajoneuvon modernia ja voimakasta muotoilua.<\/p>\n<p data-start=\"287\" data-end=\"489\">70 mm:n halkaisijaltaan ja 2 mm:n sein\u00e4m\u00e4vahvuudeltaan putket on valmistettu <strong data-start=\"347\" data-end=\"383\">ruostumattomasta ter\u00e4ksest\u00e4 (AISI 304)<\/strong> ja <strong data-start=\"389\" data-end=\"411\">k\u00e4sin kiillotettu<\/strong>, varmistaen kest\u00e4vyyden ja lis\u00e4suojan ajoneuvon rakenneosille.<\/p>\n<p data-start=\"491\" data-end=\"627\">Paketti sis\u00e4lt\u00e4\u00e4 <strong data-start=\"509\" data-end=\"541\">t\u00e4ydellisen asennussarjan<\/strong> ja <strong data-start=\"545\" data-end=\"575\">helpot asennusohjeet<\/strong>, varmistaakseen nopean ja tarkan sopivuuden ajoneuvoosi.<\/p>\n","protected":false},"featured_media":76978,"template":"","meta":{"_acf_changed":false},"mark-ja-mudel":[],"product_brand":[1293,1279,1277],"product_cat":[1061,1065],"product_tag":[],"class_list":{"0":"post-77570","1":"product","2":"type-product","3":"status-publish","4":"has-post-thumbnail","6":"product_brand-land-cruiser","7":"product_brand-land-cruiser-250","8":"product_brand-toyota","9":"product_cat-4x4-raudat","10":"product_cat-takaraudat","12":"first","13":"instock","14":"taxable","15":"shipping-taxable","16":"purchasable","17":"product-type-variable"},"bundled_by":[],"bundle_stock_status":"instock","bundle_stock_quantity":null,"bundle_virtual":false,"bundle_layout":"","bundle_add_to_cart_form_location":"","bundle_editable_in_cart":false,"bundle_sold_individually_context":"","bundle_item_grouping":"","bundle_min_size":"","bundle_max_size":"","bundle_price":[],"bundled_items":[],"bundle_sell_ids":[],"acf":[],"yoast_head":"<!-- This site is optimized with the Yoast SEO plugin v27.3 - https:\/\/yoast.com\/product\/yoast-seo-wordpress\/ -->\n<title>Steeler takakulmaraudat | Toyota Land Cruiser 250 [24+] | 4x4-raudat, Takaraudat<\/title>\n<meta name=\"description\" content=\"Steeler takakulmaraudat | Toyota Land Cruiser 250 [24+] - 4x4-raudat, Takaraudat . Autojen, maastureiden ja pakettiautojen lis\u00e4varusteet. Varaosat.\" \/>\n<meta name=\"robots\" content=\"index, follow, max-snippet:-1, max-image-preview:large, max-video-preview:-1\" \/>\n<link rel=\"canonical\" href=\"https:\/\/www.castrum.ee\/fi\/toode\/steeler-takakulmaraudat-toyota-land-cruiser-250-24\/\" \/>\n<meta property=\"og:locale\" content=\"fi_FI\" \/>\n<meta property=\"og:type\" content=\"article\" \/>\n<meta property=\"og:title\" content=\"Steeler takakulmaraudat | Toyota Land Cruiser 250 [24+] | 4x4-raudat, Takaraudat\" \/>\n<meta property=\"og:description\" content=\"Steeler takakulmaraudat | Toyota Land Cruiser 250 [24+] - 4x4-raudat, Takaraudat . Autojen, maastureiden ja pakettiautojen lis\u00e4varusteet. Varaosat.\" \/>\n<meta property=\"og:url\" content=\"https:\/\/www.castrum.ee\/fi\/toode\/steeler-takakulmaraudat-toyota-land-cruiser-250-24\/\" \/>\n<meta property=\"og:site_name\" content=\"Castrum\" \/>\n<meta property=\"article:publisher\" content=\"https:\/\/www.facebook.com\/castrum.ee\" \/>\n<meta property=\"og:image\" content=\"https:\/\/www.castrum.ee\/wp-content\/uploads\/2025\/11\/lc250-nurgaraud-poleeritud-teras.jpg\" \/>\n\t<meta property=\"og:image:width\" content=\"1000\" \/>\n\t<meta property=\"og:image:height\" content=\"678\" \/>\n\t<meta property=\"og:image:type\" content=\"image\/jpeg\" \/>\n<meta name=\"twitter:card\" content=\"summary_large_image\" \/>\n<meta name=\"twitter:label1\" content=\"Arvioitu lukuaika\" \/>\n\t<meta name=\"twitter:data1\" content=\"1 minuutti\" \/>\n<script type=\"application\/ld+json\" class=\"yoast-schema-graph\">{\"@context\":\"https:\\\/\\\/schema.org\",\"@graph\":[{\"@type\":\"WebPage\",\"@id\":\"https:\\\/\\\/www.castrum.ee\\\/fi\\\/toode\\\/steeler-takakulmaraudat-toyota-land-cruiser-250-24\\\/\",\"url\":\"https:\\\/\\\/www.castrum.ee\\\/fi\\\/toode\\\/steeler-takakulmaraudat-toyota-land-cruiser-250-24\\\/\",\"name\":\"Steeler takakulmaraudat | Toyota Land Cruiser 250 [24+] | 4x4-raudat, Takaraudat\",\"isPartOf\":{\"@id\":\"https:\\\/\\\/www.castrum.ee\\\/fi\\\/#website\"},\"primaryImageOfPage\":{\"@id\":\"https:\\\/\\\/www.castrum.ee\\\/fi\\\/toode\\\/steeler-takakulmaraudat-toyota-land-cruiser-250-24\\\/#primaryimage\"},\"image\":{\"@id\":\"https:\\\/\\\/www.castrum.ee\\\/fi\\\/toode\\\/steeler-takakulmaraudat-toyota-land-cruiser-250-24\\\/#primaryimage\"},\"thumbnailUrl\":\"https:\\\/\\\/www.castrum.ee\\\/wp-content\\\/uploads\\\/2025\\\/11\\\/lc250-nurgaraud-poleeritud-teras.jpg\",\"datePublished\":\"2025-11-12T08:43:03+00:00\",\"description\":\"Steeler takakulmaraudat | Toyota Land Cruiser 250 [24+] - 4x4-raudat, Takaraudat . Autojen, maastureiden ja pakettiautojen lis\u00e4varusteet. Varaosat.\",\"breadcrumb\":{\"@id\":\"https:\\\/\\\/www.castrum.ee\\\/fi\\\/toode\\\/steeler-takakulmaraudat-toyota-land-cruiser-250-24\\\/#breadcrumb\"},\"inLanguage\":\"fi\",\"potentialAction\":[{\"@type\":\"ReadAction\",\"target\":[\"https:\\\/\\\/www.castrum.ee\\\/fi\\\/toode\\\/steeler-takakulmaraudat-toyota-land-cruiser-250-24\\\/\"]}]},{\"@type\":\"ImageObject\",\"inLanguage\":\"fi\",\"@id\":\"https:\\\/\\\/www.castrum.ee\\\/fi\\\/toode\\\/steeler-takakulmaraudat-toyota-land-cruiser-250-24\\\/#primaryimage\",\"url\":\"https:\\\/\\\/www.castrum.ee\\\/wp-content\\\/uploads\\\/2025\\\/11\\\/lc250-nurgaraud-poleeritud-teras.jpg\",\"contentUrl\":\"https:\\\/\\\/www.castrum.ee\\\/wp-content\\\/uploads\\\/2025\\\/11\\\/lc250-nurgaraud-poleeritud-teras.jpg\",\"width\":1000,\"height\":678},{\"@type\":\"BreadcrumbList\",\"@id\":\"https:\\\/\\\/www.castrum.ee\\\/fi\\\/toode\\\/steeler-takakulmaraudat-toyota-land-cruiser-250-24\\\/#breadcrumb\",\"itemListElement\":[{\"@type\":\"ListItem\",\"position\":1,\"name\":\"Home\",\"item\":\"https:\\\/\\\/www.castrum.ee\\\/fi\\\/kotisivu\\\/\"},{\"@type\":\"ListItem\",\"position\":2,\"name\":\"Verkkokauppa\",\"item\":\"https:\\\/\\\/www.castrum.ee\\\/fi\\\/kauppa\\\/\"},{\"@type\":\"ListItem\",\"position\":3,\"name\":\"Steeler takakulmaraudat | Toyota Land Cruiser 250 [24+]\"}]},{\"@type\":\"WebSite\",\"@id\":\"https:\\\/\\\/www.castrum.ee\\\/fi\\\/#website\",\"url\":\"https:\\\/\\\/www.castrum.ee\\\/fi\\\/\",\"name\":\"Castrum\",\"description\":\"Maasturite, s\u00f5iduautode ja v\u00e4ikebusside lisavarustus\",\"publisher\":{\"@id\":\"https:\\\/\\\/www.castrum.ee\\\/fi\\\/#organization\"},\"potentialAction\":[{\"@type\":\"SearchAction\",\"target\":{\"@type\":\"EntryPoint\",\"urlTemplate\":\"https:\\\/\\\/www.castrum.ee\\\/fi\\\/?s={search_term_string}\"},\"query-input\":{\"@type\":\"PropertyValueSpecification\",\"valueRequired\":true,\"valueName\":\"search_term_string\"}}],\"inLanguage\":\"fi\"},{\"@type\":\"Organization\",\"@id\":\"https:\\\/\\\/www.castrum.ee\\\/fi\\\/#organization\",\"name\":\"Castrum Grupp O\u00dc\",\"url\":\"https:\\\/\\\/www.castrum.ee\\\/fi\\\/\",\"logo\":{\"@type\":\"ImageObject\",\"inLanguage\":\"fi\",\"@id\":\"https:\\\/\\\/www.castrum.ee\\\/fi\\\/#\\\/schema\\\/logo\\\/image\\\/\",\"url\":\"https:\\\/\\\/www.castrum.ee\\\/wp-content\\\/uploads\\\/2025\\\/03\\\/Castrum-logo-500.png\",\"contentUrl\":\"https:\\\/\\\/www.castrum.ee\\\/wp-content\\\/uploads\\\/2025\\\/03\\\/Castrum-logo-500.png\",\"width\":500,\"height\":250,\"caption\":\"Castrum Grupp O\u00dc\"},\"image\":{\"@id\":\"https:\\\/\\\/www.castrum.ee\\\/fi\\\/#\\\/schema\\\/logo\\\/image\\\/\"},\"sameAs\":[\"https:\\\/\\\/www.facebook.com\\\/castrum.ee\"]}]}<\/script>\n<!-- \/ Yoast SEO plugin. -->","yoast_head_json":{"title":"Steeler takakulmaraudat | Toyota Land Cruiser 250 [24+] | 4x4-raudat, Takaraudat","description":"Steeler takakulmaraudat | Toyota Land Cruiser 250 [24+] - 4x4-raudat, Takaraudat . Autojen, maastureiden ja pakettiautojen lis\u00e4varusteet. Varaosat.","robots":{"index":"index","follow":"follow","max-snippet":"max-snippet:-1","max-image-preview":"max-image-preview:large","max-video-preview":"max-video-preview:-1"},"canonical":"https:\/\/www.castrum.ee\/fi\/toode\/steeler-takakulmaraudat-toyota-land-cruiser-250-24\/","og_locale":"fi_FI","og_type":"article","og_title":"Steeler takakulmaraudat | Toyota Land Cruiser 250 [24+] | 4x4-raudat, Takaraudat","og_description":"Steeler takakulmaraudat | Toyota Land Cruiser 250 [24+] - 4x4-raudat, Takaraudat . Autojen, maastureiden ja pakettiautojen lis\u00e4varusteet. Varaosat.","og_url":"https:\/\/www.castrum.ee\/fi\/toode\/steeler-takakulmaraudat-toyota-land-cruiser-250-24\/","og_site_name":"Castrum","article_publisher":"https:\/\/www.facebook.com\/castrum.ee","og_image":[{"width":1000,"height":678,"url":"https:\/\/www.castrum.ee\/wp-content\/uploads\/2025\/11\/lc250-nurgaraud-poleeritud-teras.jpg","type":"image\/jpeg"}],"twitter_card":"summary_large_image","twitter_misc":{"Arvioitu lukuaika":"1 minuutti"},"schema":{"@context":"https:\/\/schema.org","@graph":[{"@type":"WebPage","@id":"https:\/\/www.castrum.ee\/fi\/toode\/steeler-takakulmaraudat-toyota-land-cruiser-250-24\/","url":"https:\/\/www.castrum.ee\/fi\/toode\/steeler-takakulmaraudat-toyota-land-cruiser-250-24\/","name":"Steeler takakulmaraudat | Toyota Land Cruiser 250 [24+] | 4x4-raudat, Takaraudat","isPartOf":{"@id":"https:\/\/www.castrum.ee\/fi\/#website"},"primaryImageOfPage":{"@id":"https:\/\/www.castrum.ee\/fi\/toode\/steeler-takakulmaraudat-toyota-land-cruiser-250-24\/#primaryimage"},"image":{"@id":"https:\/\/www.castrum.ee\/fi\/toode\/steeler-takakulmaraudat-toyota-land-cruiser-250-24\/#primaryimage"},"thumbnailUrl":"https:\/\/www.castrum.ee\/wp-content\/uploads\/2025\/11\/lc250-nurgaraud-poleeritud-teras.jpg","datePublished":"2025-11-12T08:43:03+00:00","description":"Steeler takakulmaraudat | Toyota Land Cruiser 250 [24+] - 4x4-raudat, Takaraudat . Autojen, maastureiden ja pakettiautojen lis\u00e4varusteet. Varaosat.","breadcrumb":{"@id":"https:\/\/www.castrum.ee\/fi\/toode\/steeler-takakulmaraudat-toyota-land-cruiser-250-24\/#breadcrumb"},"inLanguage":"fi","potentialAction":[{"@type":"ReadAction","target":["https:\/\/www.castrum.ee\/fi\/toode\/steeler-takakulmaraudat-toyota-land-cruiser-250-24\/"]}]},{"@type":"ImageObject","inLanguage":"fi","@id":"https:\/\/www.castrum.ee\/fi\/toode\/steeler-takakulmaraudat-toyota-land-cruiser-250-24\/#primaryimage","url":"https:\/\/www.castrum.ee\/wp-content\/uploads\/2025\/11\/lc250-nurgaraud-poleeritud-teras.jpg","contentUrl":"https:\/\/www.castrum.ee\/wp-content\/uploads\/2025\/11\/lc250-nurgaraud-poleeritud-teras.jpg","width":1000,"height":678},{"@type":"BreadcrumbList","@id":"https:\/\/www.castrum.ee\/fi\/toode\/steeler-takakulmaraudat-toyota-land-cruiser-250-24\/#breadcrumb","itemListElement":[{"@type":"ListItem","position":1,"name":"Home","item":"https:\/\/www.castrum.ee\/fi\/kotisivu\/"},{"@type":"ListItem","position":2,"name":"Verkkokauppa","item":"https:\/\/www.castrum.ee\/fi\/kauppa\/"},{"@type":"ListItem","position":3,"name":"Steeler takakulmaraudat | Toyota Land Cruiser 250 [24+]"}]},{"@type":"WebSite","@id":"https:\/\/www.castrum.ee\/fi\/#website","url":"https:\/\/www.castrum.ee\/fi\/","name":"Castrum","description":"Maasturite, s\u00f5iduautode ja v\u00e4ikebusside lisavarustus","publisher":{"@id":"https:\/\/www.castrum.ee\/fi\/#organization"},"potentialAction":[{"@type":"SearchAction","target":{"@type":"EntryPoint","urlTemplate":"https:\/\/www.castrum.ee\/fi\/?s={search_term_string}"},"query-input":{"@type":"PropertyValueSpecification","valueRequired":true,"valueName":"search_term_string"}}],"inLanguage":"fi"},{"@type":"Organization","@id":"https:\/\/www.castrum.ee\/fi\/#organization","name":"Castrum Grupp O\u00dc","url":"https:\/\/www.castrum.ee\/fi\/","logo":{"@type":"ImageObject","inLanguage":"fi","@id":"https:\/\/www.castrum.ee\/fi\/#\/schema\/logo\/image\/","url":"https:\/\/www.castrum.ee\/wp-content\/uploads\/2025\/03\/Castrum-logo-500.png","contentUrl":"https:\/\/www.castrum.ee\/wp-content\/uploads\/2025\/03\/Castrum-logo-500.png","width":500,"height":250,"caption":"Castrum Grupp O\u00dc"},"image":{"@id":"https:\/\/www.castrum.ee\/fi\/#\/schema\/logo\/image\/"},"sameAs":["https:\/\/www.facebook.com\/castrum.ee"]}]}},"_links":{"self":[{"href":"https:\/\/www.castrum.ee\/fi\/wp-json\/wp\/v2\/product\/77570","targetHints":{"allow":["GET"]}}],"collection":[{"href":"https:\/\/www.castrum.ee\/fi\/wp-json\/wp\/v2\/product"}],"about":[{"href":"https:\/\/www.castrum.ee\/fi\/wp-json\/wp\/v2\/types\/product"}],"wp:featuredmedia":[{"embeddable":true,"href":"https:\/\/www.castrum.ee\/fi\/wp-json\/wp\/v2\/media\/76978"}],"wp:attachment":[{"href":"https:\/\/www.castrum.ee\/fi\/wp-json\/wp\/v2\/media?parent=77570"}],"wp:term":[{"taxonomy":"mark-ja-mudel","embeddable":true,"href":"https:\/\/www.castrum.ee\/fi\/wp-json\/wp\/v2\/mark-ja-mudel?post=77570"},{"taxonomy":"product_brand","embeddable":true,"href":"https:\/\/www.castrum.ee\/fi\/wp-json\/wp\/v2\/product_brand?post=77570"},{"taxonomy":"product_cat","embeddable":true,"href":"https:\/\/www.castrum.ee\/fi\/wp-json\/wp\/v2\/product_cat?post=77570"},{"taxonomy":"product_tag","embeddable":true,"href":"https:\/\/www.castrum.ee\/fi\/wp-json\/wp\/v2\/product_tag?post=77570"}],"curies":[{"name":"wp","href":"https:\/\/api.w.org\/{rel}","templated":true}]}}