{"id":77598,"date":"2025-11-12T10:48:18","date_gmt":"2025-11-12T08:48:18","guid":{"rendered":"https:\/\/www.castrum.ee\/toode\/steeler-e-sertifioitu-puskurin-suojarauta-toyota-land-cruiser-250-24\/"},"modified":"2025-11-12T10:48:18","modified_gmt":"2025-11-12T08:48:18","slug":"steeler-e-sertifioitu-puskurin-suojarauta-toyota-land-cruiser-250-24","status":"publish","type":"product","link":"https:\/\/www.castrum.ee\/fi\/toode\/steeler-e-sertifioitu-puskurin-suojarauta-toyota-land-cruiser-250-24\/","title":{"rendered":"Steeler E-sertifioitu puskurin suojarauta | Toyota Land Cruiser 250 [24+]"},"content":{"rendered":"<p data-start=\"0\" data-end=\"127\"><strong data-start=\"0\" data-end=\"56\">STEELER\u00ae matala puskurin suojarauta \u2013 Toyota Land Cruiser 250<\/strong><br data-start=\"56\" data-end=\"59\"><em data-start=\"59\" data-end=\"125\">Erottuva muotoilu ja entist\u00e4 parempi suoja ajoneuvosi puskurille<\/em><\/p>\n<p data-start=\"129\" data-end=\"348\"><strong data-start=\"129\" data-end=\"150\">Matala puskurin suojarauta<\/strong> yhdist\u00e4\u00e4 eleganssin ja toiminnallisuuden \u2013 sen leve\u00e4 muoto suojaa tehokkaasti <strong data-start=\"223\" data-end=\"245\">puskurin alaosaa<\/strong> sek\u00e4 maantiell\u00e4 tapahtuvilta pienemmilt\u00e4 t\u00f6rm\u00e4yksilt\u00e4 ett\u00e4 maastoajon aikana syntyvilt\u00e4 vaurioilta.<\/p>\n<p data-start=\"350\" data-end=\"557\">70 mm:n halkaisijaltaan ja 2 mm:n sein\u00e4paksuudeltaan olevat putket on valmistettu <strong data-start=\"410\" data-end=\"446\">ruostumattomasta ter\u00e4ksest\u00e4 (AISI 304)<\/strong> ja <strong data-start=\"452\" data-end=\"474\">k\u00e4sin kiillotettu<\/strong>, mik\u00e4 takaa korkean kest\u00e4vyyden ja lis\u00e4suojan ajoneuvon rakenneosille.<\/p>\n<p data-start=\"559\" data-end=\"691\">Paketti sis\u00e4lt\u00e4\u00e4 <strong data-start=\"577\" data-end=\"609\">t\u00e4ydellisen asennussarjan<\/strong> ja <strong data-start=\"613\" data-end=\"643\">selke\u00e4t asennusohjeet<\/strong>, jotka tekev\u00e4t asennuksesta nopeaa ja k\u00e4tev\u00e4\u00e4.<\/p>\n<p data-start=\"693\" data-end=\"968\">Matala puskurin suojarauta on saanut <strong data-start=\"721\" data-end=\"747\">eurooppalaisen tyyppihyv\u00e4ksynn\u00e4n<\/strong>, ja se on suunniteltu <strong data-start=\"780\" data-end=\"811\">EU-direktiivin 78\/2009\/EY<\/strong> ja uusimpien turvallisuusstandardien mukaisesti. T\u00e4m\u00e4 tarkoittaa, ett\u00e4 tuotteet t\u00e4ytt\u00e4v\u00e4t korkeimmat turvallisuusvaatimukset ja ovat l\u00e4p\u00e4isseet menestyksekk\u00e4\u00e4sti kaikki <strong data-start=\"935\" data-end=\"958\">jalankulkijoiden turvallisuustestit<\/strong>. <\/p>\n<p data-start=\"970\" data-end=\"1129\">Jos haluat, ett\u00e4 <strong data-start=\"990\" data-end=\"1017\">Toyota Land Cruiser 250:si<\/strong> erottuu muista, s\u00e4ilytt\u00e4en samalla t\u00e4ydellisen muotonsa, on <strong data-start=\"1083\" data-end=\"1107\">STEELER\u00ae puskurin suojarauta<\/strong> paras investointi.<\/p>\n<p data-start=\"1131\" data-end=\"1302\"><strong data-start=\"1131\" data-end=\"1162\">Ruostumaton ter\u00e4s (AISI 304)<\/strong> takaa erinomaisen korroosionkest\u00e4vyyden my\u00f6s vaativissa s\u00e4\u00e4olosuhteissa, ja sit\u00e4 k\u00e4ytet\u00e4\u00e4n menestyksekk\u00e4\u00e4sti my\u00f6s teollisuudessa, mukaan lukien elintarviketeollisuudessa.<\/p>\n<p data-start=\"1304\" data-end=\"1319\"><strong data-start=\"1304\" data-end=\"1317\">Takuu:<\/strong><\/p>\n<ul data-start=\"1320\" data-end=\"1411\" data-is-last-node=\"\" data-is-only-node=\"\">\n<li data-start=\"1320\" data-end=\"1357\">\n<p data-start=\"1322\" data-end=\"1357\">Kiillotetuille putkille \u2013 <strong data-start=\"1344\" data-end=\"1355\">24 kuukautta<\/strong><\/p>\n<\/li>\n<li data-start=\"1358\" data-end=\"1411\" data-is-last-node=\"\">\n<p data-start=\"1360\" data-end=\"1411\" data-is-last-node=\"\">Mustaksi maalattujen putkien viimeistelylle \u2013 <strong data-start=\"1400\" data-end=\"1411\" data-is-last-node=\"\">12 kuukautta<\/strong><\/p>\n<\/li>\n<\/ul>\n","protected":false},"excerpt":{"rendered":"<p data-start=\"129\" data-end=\"348\"><strong data-start=\"129\" data-end=\"150\">Matala puskurin suojarauta<\/strong> yhdist\u00e4\u00e4 eleganssin ja toiminnallisuuden \u2013 sen leve\u00e4 muoto suojaa tehokkaasti <strong data-start=\"223\" data-end=\"245\">puskurin alaosaa<\/strong> sek\u00e4 maantiell\u00e4 tapahtuvilta pienemmilt\u00e4 t\u00f6rm\u00e4yksilt\u00e4 ett\u00e4 maastoajon aikana syntyvilt\u00e4 vaurioilta.<\/p>\n<p data-start=\"350\" data-end=\"557\">70 mm:n halkaisijaltaan ja 2 mm:n sein\u00e4paksuudeltaan olevat putket on valmistettu <strong data-start=\"410\" data-end=\"446\">ruostumattomasta ter\u00e4ksest\u00e4 (AISI 304)<\/strong> ja <strong data-start=\"452\" data-end=\"474\">k\u00e4sin kiillotettu<\/strong>, mik\u00e4 takaa korkean kest\u00e4vyyden ja lis\u00e4suojan ajoneuvon rakenneosille.<\/p>\n<p data-start=\"559\" data-end=\"691\">Paketti sis\u00e4lt\u00e4\u00e4 <strong data-start=\"577\" data-end=\"609\">t\u00e4ydellisen asennussarjan<\/strong> ja <strong data-start=\"613\" data-end=\"643\">selke\u00e4t asennusohjeet<\/strong>, jotka tekev\u00e4t asennuksesta nopeaa ja k\u00e4tev\u00e4\u00e4.<\/p>\n","protected":false},"featured_media":76984,"template":"","meta":{"_acf_changed":false},"mark-ja-mudel":[],"product_brand":[1293,1279,1277],"product_cat":[1061,1062],"product_tag":[],"class_list":{"0":"post-77598","1":"product","2":"type-product","3":"status-publish","4":"has-post-thumbnail","6":"product_brand-land-cruiser","7":"product_brand-land-cruiser-250","8":"product_brand-toyota","9":"product_cat-4x4-raudat","10":"product_cat-e-hyvaksytyt-eturaudat","12":"first","13":"instock","14":"taxable","15":"shipping-taxable","16":"purchasable","17":"product-type-variable"},"bundled_by":[],"bundle_stock_status":"instock","bundle_stock_quantity":null,"bundle_virtual":false,"bundle_layout":"","bundle_add_to_cart_form_location":"","bundle_editable_in_cart":false,"bundle_sold_individually_context":"","bundle_item_grouping":"","bundle_min_size":"","bundle_max_size":"","bundle_price":[],"bundled_items":[],"bundle_sell_ids":[],"acf":[],"yoast_head":"<!-- This site is optimized with the Yoast SEO plugin v27.3 - https:\/\/yoast.com\/product\/yoast-seo-wordpress\/ -->\n<title>Steeler E-sertifioitu puskurin suojarauta | Toyota Land Cruiser 250 [24+] | 4x4-raudat, E-hyv\u00e4ksytyt eturaudat<\/title>\n<meta name=\"description\" content=\"Steeler E-sertifioitu puskurin suojarauta | Toyota Land Cruiser 250 [24+] - 4x4-raudat, E-hyv\u00e4ksytyt eturaudat . Autojen, maastureiden ja pakettiautojen lis\u00e4varusteet. Varaosat.\" \/>\n<meta name=\"robots\" content=\"index, follow, max-snippet:-1, max-image-preview:large, max-video-preview:-1\" \/>\n<link rel=\"canonical\" href=\"https:\/\/www.castrum.ee\/fi\/toode\/steeler-e-sertifioitu-puskurin-suojarauta-toyota-land-cruiser-250-24\/\" \/>\n<meta property=\"og:locale\" content=\"fi_FI\" \/>\n<meta property=\"og:type\" content=\"article\" \/>\n<meta property=\"og:title\" content=\"Steeler E-sertifioitu puskurin suojarauta | Toyota Land Cruiser 250 [24+] | 4x4-raudat, E-hyv\u00e4ksytyt eturaudat\" \/>\n<meta property=\"og:description\" content=\"Steeler E-sertifioitu puskurin suojarauta | Toyota Land Cruiser 250 [24+] - 4x4-raudat, E-hyv\u00e4ksytyt eturaudat . Autojen, maastureiden ja pakettiautojen lis\u00e4varusteet. Varaosat.\" \/>\n<meta property=\"og:url\" content=\"https:\/\/www.castrum.ee\/fi\/toode\/steeler-e-sertifioitu-puskurin-suojarauta-toyota-land-cruiser-250-24\/\" \/>\n<meta property=\"og:site_name\" content=\"Castrum\" \/>\n<meta property=\"article:publisher\" content=\"https:\/\/www.facebook.com\/castrum.ee\" \/>\n<meta property=\"og:image\" content=\"https:\/\/www.castrum.ee\/wp-content\/uploads\/2025\/11\/lc250-stangeaaris-must.jpg\" \/>\n\t<meta property=\"og:image:width\" content=\"1000\" \/>\n\t<meta property=\"og:image:height\" content=\"562\" \/>\n\t<meta property=\"og:image:type\" content=\"image\/jpeg\" \/>\n<meta name=\"twitter:card\" content=\"summary_large_image\" \/>\n<meta name=\"twitter:label1\" content=\"Arvioitu lukuaika\" \/>\n\t<meta name=\"twitter:data1\" content=\"1 minuutti\" \/>\n<script type=\"application\/ld+json\" class=\"yoast-schema-graph\">{\"@context\":\"https:\\\/\\\/schema.org\",\"@graph\":[{\"@type\":\"WebPage\",\"@id\":\"https:\\\/\\\/www.castrum.ee\\\/fi\\\/toode\\\/steeler-e-sertifioitu-puskurin-suojarauta-toyota-land-cruiser-250-24\\\/\",\"url\":\"https:\\\/\\\/www.castrum.ee\\\/fi\\\/toode\\\/steeler-e-sertifioitu-puskurin-suojarauta-toyota-land-cruiser-250-24\\\/\",\"name\":\"Steeler E-sertifioitu puskurin suojarauta | Toyota Land Cruiser 250 [24+] | 4x4-raudat, E-hyv\u00e4ksytyt eturaudat\",\"isPartOf\":{\"@id\":\"https:\\\/\\\/www.castrum.ee\\\/fi\\\/#website\"},\"primaryImageOfPage\":{\"@id\":\"https:\\\/\\\/www.castrum.ee\\\/fi\\\/toode\\\/steeler-e-sertifioitu-puskurin-suojarauta-toyota-land-cruiser-250-24\\\/#primaryimage\"},\"image\":{\"@id\":\"https:\\\/\\\/www.castrum.ee\\\/fi\\\/toode\\\/steeler-e-sertifioitu-puskurin-suojarauta-toyota-land-cruiser-250-24\\\/#primaryimage\"},\"thumbnailUrl\":\"https:\\\/\\\/www.castrum.ee\\\/wp-content\\\/uploads\\\/2025\\\/11\\\/lc250-stangeaaris-must.jpg\",\"datePublished\":\"2025-11-12T08:48:18+00:00\",\"description\":\"Steeler E-sertifioitu puskurin suojarauta | Toyota Land Cruiser 250 [24+] - 4x4-raudat, E-hyv\u00e4ksytyt eturaudat . Autojen, maastureiden ja pakettiautojen lis\u00e4varusteet. Varaosat.\",\"breadcrumb\":{\"@id\":\"https:\\\/\\\/www.castrum.ee\\\/fi\\\/toode\\\/steeler-e-sertifioitu-puskurin-suojarauta-toyota-land-cruiser-250-24\\\/#breadcrumb\"},\"inLanguage\":\"fi\",\"potentialAction\":[{\"@type\":\"ReadAction\",\"target\":[\"https:\\\/\\\/www.castrum.ee\\\/fi\\\/toode\\\/steeler-e-sertifioitu-puskurin-suojarauta-toyota-land-cruiser-250-24\\\/\"]}]},{\"@type\":\"ImageObject\",\"inLanguage\":\"fi\",\"@id\":\"https:\\\/\\\/www.castrum.ee\\\/fi\\\/toode\\\/steeler-e-sertifioitu-puskurin-suojarauta-toyota-land-cruiser-250-24\\\/#primaryimage\",\"url\":\"https:\\\/\\\/www.castrum.ee\\\/wp-content\\\/uploads\\\/2025\\\/11\\\/lc250-stangeaaris-must.jpg\",\"contentUrl\":\"https:\\\/\\\/www.castrum.ee\\\/wp-content\\\/uploads\\\/2025\\\/11\\\/lc250-stangeaaris-must.jpg\",\"width\":1000,\"height\":562},{\"@type\":\"BreadcrumbList\",\"@id\":\"https:\\\/\\\/www.castrum.ee\\\/fi\\\/toode\\\/steeler-e-sertifioitu-puskurin-suojarauta-toyota-land-cruiser-250-24\\\/#breadcrumb\",\"itemListElement\":[{\"@type\":\"ListItem\",\"position\":1,\"name\":\"Home\",\"item\":\"https:\\\/\\\/www.castrum.ee\\\/fi\\\/kotisivu\\\/\"},{\"@type\":\"ListItem\",\"position\":2,\"name\":\"Verkkokauppa\",\"item\":\"https:\\\/\\\/www.castrum.ee\\\/fi\\\/kauppa\\\/\"},{\"@type\":\"ListItem\",\"position\":3,\"name\":\"Steeler E-sertifioitu puskurin suojarauta | Toyota Land Cruiser 250 [24+]\"}]},{\"@type\":\"WebSite\",\"@id\":\"https:\\\/\\\/www.castrum.ee\\\/fi\\\/#website\",\"url\":\"https:\\\/\\\/www.castrum.ee\\\/fi\\\/\",\"name\":\"Castrum\",\"description\":\"Maasturite, s\u00f5iduautode ja v\u00e4ikebusside lisavarustus\",\"publisher\":{\"@id\":\"https:\\\/\\\/www.castrum.ee\\\/fi\\\/#organization\"},\"potentialAction\":[{\"@type\":\"SearchAction\",\"target\":{\"@type\":\"EntryPoint\",\"urlTemplate\":\"https:\\\/\\\/www.castrum.ee\\\/fi\\\/?s={search_term_string}\"},\"query-input\":{\"@type\":\"PropertyValueSpecification\",\"valueRequired\":true,\"valueName\":\"search_term_string\"}}],\"inLanguage\":\"fi\"},{\"@type\":\"Organization\",\"@id\":\"https:\\\/\\\/www.castrum.ee\\\/fi\\\/#organization\",\"name\":\"Castrum Grupp O\u00dc\",\"url\":\"https:\\\/\\\/www.castrum.ee\\\/fi\\\/\",\"logo\":{\"@type\":\"ImageObject\",\"inLanguage\":\"fi\",\"@id\":\"https:\\\/\\\/www.castrum.ee\\\/fi\\\/#\\\/schema\\\/logo\\\/image\\\/\",\"url\":\"https:\\\/\\\/www.castrum.ee\\\/wp-content\\\/uploads\\\/2025\\\/03\\\/Castrum-logo-500.png\",\"contentUrl\":\"https:\\\/\\\/www.castrum.ee\\\/wp-content\\\/uploads\\\/2025\\\/03\\\/Castrum-logo-500.png\",\"width\":500,\"height\":250,\"caption\":\"Castrum Grupp O\u00dc\"},\"image\":{\"@id\":\"https:\\\/\\\/www.castrum.ee\\\/fi\\\/#\\\/schema\\\/logo\\\/image\\\/\"},\"sameAs\":[\"https:\\\/\\\/www.facebook.com\\\/castrum.ee\"]}]}<\/script>\n<!-- \/ Yoast SEO plugin. -->","yoast_head_json":{"title":"Steeler E-sertifioitu puskurin suojarauta | Toyota Land Cruiser 250 [24+] | 4x4-raudat, E-hyv\u00e4ksytyt eturaudat","description":"Steeler E-sertifioitu puskurin suojarauta | Toyota Land Cruiser 250 [24+] - 4x4-raudat, E-hyv\u00e4ksytyt eturaudat . Autojen, maastureiden ja pakettiautojen lis\u00e4varusteet. Varaosat.","robots":{"index":"index","follow":"follow","max-snippet":"max-snippet:-1","max-image-preview":"max-image-preview:large","max-video-preview":"max-video-preview:-1"},"canonical":"https:\/\/www.castrum.ee\/fi\/toode\/steeler-e-sertifioitu-puskurin-suojarauta-toyota-land-cruiser-250-24\/","og_locale":"fi_FI","og_type":"article","og_title":"Steeler E-sertifioitu puskurin suojarauta | Toyota Land Cruiser 250 [24+] | 4x4-raudat, E-hyv\u00e4ksytyt eturaudat","og_description":"Steeler E-sertifioitu puskurin suojarauta | Toyota Land Cruiser 250 [24+] - 4x4-raudat, E-hyv\u00e4ksytyt eturaudat . Autojen, maastureiden ja pakettiautojen lis\u00e4varusteet. Varaosat.","og_url":"https:\/\/www.castrum.ee\/fi\/toode\/steeler-e-sertifioitu-puskurin-suojarauta-toyota-land-cruiser-250-24\/","og_site_name":"Castrum","article_publisher":"https:\/\/www.facebook.com\/castrum.ee","og_image":[{"width":1000,"height":562,"url":"https:\/\/www.castrum.ee\/wp-content\/uploads\/2025\/11\/lc250-stangeaaris-must.jpg","type":"image\/jpeg"}],"twitter_card":"summary_large_image","twitter_misc":{"Arvioitu lukuaika":"1 minuutti"},"schema":{"@context":"https:\/\/schema.org","@graph":[{"@type":"WebPage","@id":"https:\/\/www.castrum.ee\/fi\/toode\/steeler-e-sertifioitu-puskurin-suojarauta-toyota-land-cruiser-250-24\/","url":"https:\/\/www.castrum.ee\/fi\/toode\/steeler-e-sertifioitu-puskurin-suojarauta-toyota-land-cruiser-250-24\/","name":"Steeler E-sertifioitu puskurin suojarauta | Toyota Land Cruiser 250 [24+] | 4x4-raudat, E-hyv\u00e4ksytyt eturaudat","isPartOf":{"@id":"https:\/\/www.castrum.ee\/fi\/#website"},"primaryImageOfPage":{"@id":"https:\/\/www.castrum.ee\/fi\/toode\/steeler-e-sertifioitu-puskurin-suojarauta-toyota-land-cruiser-250-24\/#primaryimage"},"image":{"@id":"https:\/\/www.castrum.ee\/fi\/toode\/steeler-e-sertifioitu-puskurin-suojarauta-toyota-land-cruiser-250-24\/#primaryimage"},"thumbnailUrl":"https:\/\/www.castrum.ee\/wp-content\/uploads\/2025\/11\/lc250-stangeaaris-must.jpg","datePublished":"2025-11-12T08:48:18+00:00","description":"Steeler E-sertifioitu puskurin suojarauta | Toyota Land Cruiser 250 [24+] - 4x4-raudat, E-hyv\u00e4ksytyt eturaudat . Autojen, maastureiden ja pakettiautojen lis\u00e4varusteet. Varaosat.","breadcrumb":{"@id":"https:\/\/www.castrum.ee\/fi\/toode\/steeler-e-sertifioitu-puskurin-suojarauta-toyota-land-cruiser-250-24\/#breadcrumb"},"inLanguage":"fi","potentialAction":[{"@type":"ReadAction","target":["https:\/\/www.castrum.ee\/fi\/toode\/steeler-e-sertifioitu-puskurin-suojarauta-toyota-land-cruiser-250-24\/"]}]},{"@type":"ImageObject","inLanguage":"fi","@id":"https:\/\/www.castrum.ee\/fi\/toode\/steeler-e-sertifioitu-puskurin-suojarauta-toyota-land-cruiser-250-24\/#primaryimage","url":"https:\/\/www.castrum.ee\/wp-content\/uploads\/2025\/11\/lc250-stangeaaris-must.jpg","contentUrl":"https:\/\/www.castrum.ee\/wp-content\/uploads\/2025\/11\/lc250-stangeaaris-must.jpg","width":1000,"height":562},{"@type":"BreadcrumbList","@id":"https:\/\/www.castrum.ee\/fi\/toode\/steeler-e-sertifioitu-puskurin-suojarauta-toyota-land-cruiser-250-24\/#breadcrumb","itemListElement":[{"@type":"ListItem","position":1,"name":"Home","item":"https:\/\/www.castrum.ee\/fi\/kotisivu\/"},{"@type":"ListItem","position":2,"name":"Verkkokauppa","item":"https:\/\/www.castrum.ee\/fi\/kauppa\/"},{"@type":"ListItem","position":3,"name":"Steeler E-sertifioitu puskurin suojarauta | Toyota Land Cruiser 250 [24+]"}]},{"@type":"WebSite","@id":"https:\/\/www.castrum.ee\/fi\/#website","url":"https:\/\/www.castrum.ee\/fi\/","name":"Castrum","description":"Maasturite, s\u00f5iduautode ja v\u00e4ikebusside lisavarustus","publisher":{"@id":"https:\/\/www.castrum.ee\/fi\/#organization"},"potentialAction":[{"@type":"SearchAction","target":{"@type":"EntryPoint","urlTemplate":"https:\/\/www.castrum.ee\/fi\/?s={search_term_string}"},"query-input":{"@type":"PropertyValueSpecification","valueRequired":true,"valueName":"search_term_string"}}],"inLanguage":"fi"},{"@type":"Organization","@id":"https:\/\/www.castrum.ee\/fi\/#organization","name":"Castrum Grupp O\u00dc","url":"https:\/\/www.castrum.ee\/fi\/","logo":{"@type":"ImageObject","inLanguage":"fi","@id":"https:\/\/www.castrum.ee\/fi\/#\/schema\/logo\/image\/","url":"https:\/\/www.castrum.ee\/wp-content\/uploads\/2025\/03\/Castrum-logo-500.png","contentUrl":"https:\/\/www.castrum.ee\/wp-content\/uploads\/2025\/03\/Castrum-logo-500.png","width":500,"height":250,"caption":"Castrum Grupp O\u00dc"},"image":{"@id":"https:\/\/www.castrum.ee\/fi\/#\/schema\/logo\/image\/"},"sameAs":["https:\/\/www.facebook.com\/castrum.ee"]}]}},"_links":{"self":[{"href":"https:\/\/www.castrum.ee\/fi\/wp-json\/wp\/v2\/product\/77598","targetHints":{"allow":["GET"]}}],"collection":[{"href":"https:\/\/www.castrum.ee\/fi\/wp-json\/wp\/v2\/product"}],"about":[{"href":"https:\/\/www.castrum.ee\/fi\/wp-json\/wp\/v2\/types\/product"}],"wp:featuredmedia":[{"embeddable":true,"href":"https:\/\/www.castrum.ee\/fi\/wp-json\/wp\/v2\/media\/76984"}],"wp:attachment":[{"href":"https:\/\/www.castrum.ee\/fi\/wp-json\/wp\/v2\/media?parent=77598"}],"wp:term":[{"taxonomy":"mark-ja-mudel","embeddable":true,"href":"https:\/\/www.castrum.ee\/fi\/wp-json\/wp\/v2\/mark-ja-mudel?post=77598"},{"taxonomy":"product_brand","embeddable":true,"href":"https:\/\/www.castrum.ee\/fi\/wp-json\/wp\/v2\/product_brand?post=77598"},{"taxonomy":"product_cat","embeddable":true,"href":"https:\/\/www.castrum.ee\/fi\/wp-json\/wp\/v2\/product_cat?post=77598"},{"taxonomy":"product_tag","embeddable":true,"href":"https:\/\/www.castrum.ee\/fi\/wp-json\/wp\/v2\/product_tag?post=77598"}],"curies":[{"name":"wp","href":"https:\/\/api.w.org\/{rel}","templated":true}]}}