{"id":77623,"date":"2025-10-09T12:29:54","date_gmt":"2025-10-09T12:29:54","guid":{"rendered":"https:\/\/www.castrum.ee\/toode\/optibeam-pure-506-led-kaukovalo\/"},"modified":"2025-10-09T12:29:54","modified_gmt":"2025-10-09T09:29:54","slug":"optibeam-pure-506-led-kaukovalo","status":"publish","type":"product","link":"https:\/\/www.castrum.ee\/fi\/toode\/optibeam-pure-506-led-kaukovalo\/","title":{"rendered":"OPTIBEAM PURE 506 LED-kaukovalo."},"content":{"rendered":"<p>1605-NS2097<br \/>\n<strong>Pakkauksen koko<\/strong>: 1\/6<br \/>\n<strong>Mitat<\/strong>: 508.00 x 42.00 x 65.00mm<br \/>\n<strong>J\u00e4nnite<\/strong>: 9-48V<br \/>\n<strong>Lumenit (mitattu)<\/strong>: 17620 lm<br \/>\n<strong>Viitearvo<\/strong>: 30<br \/>\n<strong>Muoto<\/strong>: Valopalkki<br \/>\n<strong>V\u00e4ril\u00e4mp\u00f6tila<\/strong>: 5000 K<br \/>\n<strong>Liitintyyppi<\/strong>: 4-pin DTP<br \/>\n<strong>IP-luokitus<\/strong>: IP68<br \/>\n<strong>Sertifikaatit<\/strong>: ECE R148, R149, R10<br \/>\n<strong>Takuu (kuukausina)<\/strong>: 36<br \/>\n<strong>Mallin nimi<\/strong>: PURE 506<br \/>\n<strong>Kuvaus<\/strong>: Ainutlaatuinen yksiosainen runko, tyylik\u00e4s kaareva muotoilu, vain 42 mm korkea, kest\u00e4v\u00e4 PC-lasi. Double Up Boost -toiminto, 1 lux @ 562 m, kaksiv\u00e4rinen parkkivalo. Virrankulutus 21 A @ 13.7 V  <\/p>\n<p>Optibeam Pure 506 on uraauurtava lis\u00e4valo, joka on varustettu huipputeknologialla ja edustaa Optibeamin ennenn\u00e4kem\u00e4t\u00f6nt\u00e4 investointitasoa. Puren kehitysty\u00f6h\u00f6n sis\u00e4ltyi yhteisty\u00f6t\u00e4 eri teollisuudenalojen asiantuntijoiden kanssa sen monipuolisuuden varmistamiseksi eri ajoneuvotyypeiss\u00e4. Poikkeuksellisen kirkkauden ja koon suhteen, uskomattoman laajan valokeilan, vaikuttavan kantaman ja tyylikk\u00e4\u00e4n kaarevan muotoilunsa ansiosta t\u00e4m\u00e4 lis\u00e4valo erottuu kauden kirkkaimpana uutuutena. Optibeam on panostanut erityisesti optisiin ominaisuuksiin ja laadukkaisiin komponentteihin, mik\u00e4 n\u00e4kyy sen poikkeuksellisen korkeassa v\u00e4rintoistoindeksin (CRI) arvossa, varmistaen luonnollisen v\u00e4rien toiston. Valon linssi on valmistettu eritt\u00e4in kest\u00e4v\u00e4st\u00e4 polykarbonaattiseoksesta, joka on k\u00e4yt\u00e4nn\u00f6ss\u00e4 tuhoutumaton. Sen ohut 42 mm profiili mahdollistaa tyylikk\u00e4\u00e4n ja huomaamattoman asennuksen jopa haastavimpiin ajoneuvoihin, ja sen ajaton minimalistinen muotoilu miellytt\u00e4\u00e4 vaativimpiakin k\u00e4ytt\u00e4ji\u00e4. Optibeam Pure 506 -lis\u00e4valossa on t\u00e4ysin ainutlaatuinen yksiosainen muotoilu, joka on suunniteltu tarjoamaan elektroniikalle maksimaalisen j\u00e4\u00e4hdytyksen ja suojaamaan iskuilta.      <\/p>\n","protected":false},"excerpt":{"rendered":"<p>1605-NS2097 Pakkauksen koko: 1\/6 Mitat: 508.00 x 42.00 x 65.00mm  [&#8230;]<\/p>\n","protected":false},"featured_media":25324,"template":"","meta":{"_acf_changed":false},"mark-ja-mudel":[],"product_brand":[],"product_cat":[1080,1079],"product_tag":[1116],"class_list":{"0":"post-77623","1":"product","2":"type-product","3":"status-publish","4":"has-post-thumbnail","6":"product_cat-led-kaukovalot","7":"product_cat-led-lisavalot-ja-tarvikkeet","8":"product_tag-toimitus-2-3-paivaa","10":"first","11":"instock","12":"taxable","13":"shipping-taxable","14":"purchasable","15":"product-type-simple"},"bundled_by":[],"bundle_stock_status":"instock","bundle_stock_quantity":null,"bundle_virtual":false,"bundle_layout":"","bundle_add_to_cart_form_location":"","bundle_editable_in_cart":false,"bundle_sold_individually_context":"","bundle_item_grouping":"","bundle_min_size":"","bundle_max_size":"","bundle_price":[],"bundled_items":[],"bundle_sell_ids":[],"acf":[],"yoast_head":"<!-- This site is optimized with the Yoast SEO plugin v27.3 - https:\/\/yoast.com\/product\/yoast-seo-wordpress\/ -->\n<title>OPTIBEAM PURE 506 LED-kaukovalo. | LED-kaukovalot, LED-lis\u00e4valot ja tarvikkeet<\/title>\n<meta name=\"description\" content=\"OPTIBEAM PURE 506 LED-kaukovalo. - LED-kaukovalot, LED-lis\u00e4valot ja tarvikkeet . Autojen, maastureiden ja pakettiautojen lis\u00e4varusteet. Varaosat.\" \/>\n<meta name=\"robots\" content=\"index, follow, max-snippet:-1, max-image-preview:large, max-video-preview:-1\" \/>\n<link rel=\"canonical\" href=\"https:\/\/www.castrum.ee\/fi\/toode\/optibeam-pure-506-led-kaukovalo\/\" \/>\n<meta property=\"og:locale\" content=\"fi_FI\" \/>\n<meta property=\"og:type\" content=\"article\" \/>\n<meta property=\"og:title\" content=\"OPTIBEAM PURE 506 LED-kaukovalo. | LED-kaukovalot, LED-lis\u00e4valot ja tarvikkeet\" \/>\n<meta property=\"og:description\" content=\"OPTIBEAM PURE 506 LED-kaukovalo. - LED-kaukovalot, LED-lis\u00e4valot ja tarvikkeet . Autojen, maastureiden ja pakettiautojen lis\u00e4varusteet. Varaosat.\" \/>\n<meta property=\"og:url\" content=\"https:\/\/www.castrum.ee\/fi\/toode\/optibeam-pure-506-led-kaukovalo\/\" \/>\n<meta property=\"og:site_name\" content=\"Castrum\" \/>\n<meta property=\"article:publisher\" content=\"https:\/\/www.facebook.com\/castrum.ee\" \/>\n<meta name=\"twitter:card\" content=\"summary_large_image\" \/>\n<meta name=\"twitter:label1\" content=\"Arvioitu lukuaika\" \/>\n\t<meta name=\"twitter:data1\" content=\"1 minuutti\" \/>\n<script type=\"application\/ld+json\" class=\"yoast-schema-graph\">{\"@context\":\"https:\\\/\\\/schema.org\",\"@graph\":[{\"@type\":\"WebPage\",\"@id\":\"https:\\\/\\\/www.castrum.ee\\\/fi\\\/toode\\\/optibeam-pure-506-led-kaukovalo\\\/\",\"url\":\"https:\\\/\\\/www.castrum.ee\\\/fi\\\/toode\\\/optibeam-pure-506-led-kaukovalo\\\/\",\"name\":\"OPTIBEAM PURE 506 LED-kaukovalo. | LED-kaukovalot, LED-lis\u00e4valot ja tarvikkeet\",\"isPartOf\":{\"@id\":\"https:\\\/\\\/www.castrum.ee\\\/fi\\\/#website\"},\"primaryImageOfPage\":{\"@id\":\"https:\\\/\\\/www.castrum.ee\\\/fi\\\/toode\\\/optibeam-pure-506-led-kaukovalo\\\/#primaryimage\"},\"image\":{\"@id\":\"https:\\\/\\\/www.castrum.ee\\\/fi\\\/toode\\\/optibeam-pure-506-led-kaukovalo\\\/#primaryimage\"},\"thumbnailUrl\":\"https:\\\/\\\/www.castrum.ee\\\/wp-content\\\/uploads\\\/2025\\\/10\\\/1605-NS2097_001.jpg\",\"datePublished\":\"2025-10-09T12:29:54+00:00\",\"description\":\"OPTIBEAM PURE 506 LED-kaukovalo. - LED-kaukovalot, LED-lis\u00e4valot ja tarvikkeet . Autojen, maastureiden ja pakettiautojen lis\u00e4varusteet. Varaosat.\",\"breadcrumb\":{\"@id\":\"https:\\\/\\\/www.castrum.ee\\\/fi\\\/toode\\\/optibeam-pure-506-led-kaukovalo\\\/#breadcrumb\"},\"inLanguage\":\"fi\",\"potentialAction\":[{\"@type\":\"ReadAction\",\"target\":[\"https:\\\/\\\/www.castrum.ee\\\/fi\\\/toode\\\/optibeam-pure-506-led-kaukovalo\\\/\"]}]},{\"@type\":\"ImageObject\",\"inLanguage\":\"fi\",\"@id\":\"https:\\\/\\\/www.castrum.ee\\\/fi\\\/toode\\\/optibeam-pure-506-led-kaukovalo\\\/#primaryimage\",\"url\":\"https:\\\/\\\/www.castrum.ee\\\/wp-content\\\/uploads\\\/2025\\\/10\\\/1605-NS2097_001.jpg\",\"contentUrl\":\"https:\\\/\\\/www.castrum.ee\\\/wp-content\\\/uploads\\\/2025\\\/10\\\/1605-NS2097_001.jpg\",\"width\":800,\"height\":600},{\"@type\":\"BreadcrumbList\",\"@id\":\"https:\\\/\\\/www.castrum.ee\\\/fi\\\/toode\\\/optibeam-pure-506-led-kaukovalo\\\/#breadcrumb\",\"itemListElement\":[{\"@type\":\"ListItem\",\"position\":1,\"name\":\"Home\",\"item\":\"https:\\\/\\\/www.castrum.ee\\\/fi\\\/kotisivu\\\/\"},{\"@type\":\"ListItem\",\"position\":2,\"name\":\"Verkkokauppa\",\"item\":\"https:\\\/\\\/www.castrum.ee\\\/fi\\\/kauppa\\\/\"},{\"@type\":\"ListItem\",\"position\":3,\"name\":\"OPTIBEAM PURE 506 LED-kaukovalo.\"}]},{\"@type\":\"WebSite\",\"@id\":\"https:\\\/\\\/www.castrum.ee\\\/fi\\\/#website\",\"url\":\"https:\\\/\\\/www.castrum.ee\\\/fi\\\/\",\"name\":\"Castrum\",\"description\":\"Maasturite, s\u00f5iduautode ja v\u00e4ikebusside lisavarustus\",\"publisher\":{\"@id\":\"https:\\\/\\\/www.castrum.ee\\\/fi\\\/#organization\"},\"potentialAction\":[{\"@type\":\"SearchAction\",\"target\":{\"@type\":\"EntryPoint\",\"urlTemplate\":\"https:\\\/\\\/www.castrum.ee\\\/fi\\\/?s={search_term_string}\"},\"query-input\":{\"@type\":\"PropertyValueSpecification\",\"valueRequired\":true,\"valueName\":\"search_term_string\"}}],\"inLanguage\":\"fi\"},{\"@type\":\"Organization\",\"@id\":\"https:\\\/\\\/www.castrum.ee\\\/fi\\\/#organization\",\"name\":\"Castrum Grupp O\u00dc\",\"url\":\"https:\\\/\\\/www.castrum.ee\\\/fi\\\/\",\"logo\":{\"@type\":\"ImageObject\",\"inLanguage\":\"fi\",\"@id\":\"https:\\\/\\\/www.castrum.ee\\\/fi\\\/#\\\/schema\\\/logo\\\/image\\\/\",\"url\":\"https:\\\/\\\/www.castrum.ee\\\/wp-content\\\/uploads\\\/2025\\\/03\\\/Castrum-logo-500.png\",\"contentUrl\":\"https:\\\/\\\/www.castrum.ee\\\/wp-content\\\/uploads\\\/2025\\\/03\\\/Castrum-logo-500.png\",\"width\":500,\"height\":250,\"caption\":\"Castrum Grupp O\u00dc\"},\"image\":{\"@id\":\"https:\\\/\\\/www.castrum.ee\\\/fi\\\/#\\\/schema\\\/logo\\\/image\\\/\"},\"sameAs\":[\"https:\\\/\\\/www.facebook.com\\\/castrum.ee\"]}]}<\/script>\n<!-- \/ Yoast SEO plugin. -->","yoast_head_json":{"title":"OPTIBEAM PURE 506 LED-kaukovalo. | LED-kaukovalot, LED-lis\u00e4valot ja tarvikkeet","description":"OPTIBEAM PURE 506 LED-kaukovalo. - LED-kaukovalot, LED-lis\u00e4valot ja tarvikkeet . Autojen, maastureiden ja pakettiautojen lis\u00e4varusteet. Varaosat.","robots":{"index":"index","follow":"follow","max-snippet":"max-snippet:-1","max-image-preview":"max-image-preview:large","max-video-preview":"max-video-preview:-1"},"canonical":"https:\/\/www.castrum.ee\/fi\/toode\/optibeam-pure-506-led-kaukovalo\/","og_locale":"fi_FI","og_type":"article","og_title":"OPTIBEAM PURE 506 LED-kaukovalo. | LED-kaukovalot, LED-lis\u00e4valot ja tarvikkeet","og_description":"OPTIBEAM PURE 506 LED-kaukovalo. - LED-kaukovalot, LED-lis\u00e4valot ja tarvikkeet . Autojen, maastureiden ja pakettiautojen lis\u00e4varusteet. Varaosat.","og_url":"https:\/\/www.castrum.ee\/fi\/toode\/optibeam-pure-506-led-kaukovalo\/","og_site_name":"Castrum","article_publisher":"https:\/\/www.facebook.com\/castrum.ee","twitter_card":"summary_large_image","twitter_misc":{"Arvioitu lukuaika":"1 minuutti"},"schema":{"@context":"https:\/\/schema.org","@graph":[{"@type":"WebPage","@id":"https:\/\/www.castrum.ee\/fi\/toode\/optibeam-pure-506-led-kaukovalo\/","url":"https:\/\/www.castrum.ee\/fi\/toode\/optibeam-pure-506-led-kaukovalo\/","name":"OPTIBEAM PURE 506 LED-kaukovalo. | LED-kaukovalot, LED-lis\u00e4valot ja tarvikkeet","isPartOf":{"@id":"https:\/\/www.castrum.ee\/fi\/#website"},"primaryImageOfPage":{"@id":"https:\/\/www.castrum.ee\/fi\/toode\/optibeam-pure-506-led-kaukovalo\/#primaryimage"},"image":{"@id":"https:\/\/www.castrum.ee\/fi\/toode\/optibeam-pure-506-led-kaukovalo\/#primaryimage"},"thumbnailUrl":"https:\/\/www.castrum.ee\/wp-content\/uploads\/2025\/10\/1605-NS2097_001.jpg","datePublished":"2025-10-09T12:29:54+00:00","description":"OPTIBEAM PURE 506 LED-kaukovalo. - LED-kaukovalot, LED-lis\u00e4valot ja tarvikkeet . Autojen, maastureiden ja pakettiautojen lis\u00e4varusteet. Varaosat.","breadcrumb":{"@id":"https:\/\/www.castrum.ee\/fi\/toode\/optibeam-pure-506-led-kaukovalo\/#breadcrumb"},"inLanguage":"fi","potentialAction":[{"@type":"ReadAction","target":["https:\/\/www.castrum.ee\/fi\/toode\/optibeam-pure-506-led-kaukovalo\/"]}]},{"@type":"ImageObject","inLanguage":"fi","@id":"https:\/\/www.castrum.ee\/fi\/toode\/optibeam-pure-506-led-kaukovalo\/#primaryimage","url":"https:\/\/www.castrum.ee\/wp-content\/uploads\/2025\/10\/1605-NS2097_001.jpg","contentUrl":"https:\/\/www.castrum.ee\/wp-content\/uploads\/2025\/10\/1605-NS2097_001.jpg","width":800,"height":600},{"@type":"BreadcrumbList","@id":"https:\/\/www.castrum.ee\/fi\/toode\/optibeam-pure-506-led-kaukovalo\/#breadcrumb","itemListElement":[{"@type":"ListItem","position":1,"name":"Home","item":"https:\/\/www.castrum.ee\/fi\/kotisivu\/"},{"@type":"ListItem","position":2,"name":"Verkkokauppa","item":"https:\/\/www.castrum.ee\/fi\/kauppa\/"},{"@type":"ListItem","position":3,"name":"OPTIBEAM PURE 506 LED-kaukovalo."}]},{"@type":"WebSite","@id":"https:\/\/www.castrum.ee\/fi\/#website","url":"https:\/\/www.castrum.ee\/fi\/","name":"Castrum","description":"Maasturite, s\u00f5iduautode ja v\u00e4ikebusside lisavarustus","publisher":{"@id":"https:\/\/www.castrum.ee\/fi\/#organization"},"potentialAction":[{"@type":"SearchAction","target":{"@type":"EntryPoint","urlTemplate":"https:\/\/www.castrum.ee\/fi\/?s={search_term_string}"},"query-input":{"@type":"PropertyValueSpecification","valueRequired":true,"valueName":"search_term_string"}}],"inLanguage":"fi"},{"@type":"Organization","@id":"https:\/\/www.castrum.ee\/fi\/#organization","name":"Castrum Grupp O\u00dc","url":"https:\/\/www.castrum.ee\/fi\/","logo":{"@type":"ImageObject","inLanguage":"fi","@id":"https:\/\/www.castrum.ee\/fi\/#\/schema\/logo\/image\/","url":"https:\/\/www.castrum.ee\/wp-content\/uploads\/2025\/03\/Castrum-logo-500.png","contentUrl":"https:\/\/www.castrum.ee\/wp-content\/uploads\/2025\/03\/Castrum-logo-500.png","width":500,"height":250,"caption":"Castrum Grupp O\u00dc"},"image":{"@id":"https:\/\/www.castrum.ee\/fi\/#\/schema\/logo\/image\/"},"sameAs":["https:\/\/www.facebook.com\/castrum.ee"]}]}},"_links":{"self":[{"href":"https:\/\/www.castrum.ee\/fi\/wp-json\/wp\/v2\/product\/77623","targetHints":{"allow":["GET"]}}],"collection":[{"href":"https:\/\/www.castrum.ee\/fi\/wp-json\/wp\/v2\/product"}],"about":[{"href":"https:\/\/www.castrum.ee\/fi\/wp-json\/wp\/v2\/types\/product"}],"wp:featuredmedia":[{"embeddable":true,"href":"https:\/\/www.castrum.ee\/fi\/wp-json\/wp\/v2\/media\/25324"}],"wp:attachment":[{"href":"https:\/\/www.castrum.ee\/fi\/wp-json\/wp\/v2\/media?parent=77623"}],"wp:term":[{"taxonomy":"mark-ja-mudel","embeddable":true,"href":"https:\/\/www.castrum.ee\/fi\/wp-json\/wp\/v2\/mark-ja-mudel?post=77623"},{"taxonomy":"product_brand","embeddable":true,"href":"https:\/\/www.castrum.ee\/fi\/wp-json\/wp\/v2\/product_brand?post=77623"},{"taxonomy":"product_cat","embeddable":true,"href":"https:\/\/www.castrum.ee\/fi\/wp-json\/wp\/v2\/product_cat?post=77623"},{"taxonomy":"product_tag","embeddable":true,"href":"https:\/\/www.castrum.ee\/fi\/wp-json\/wp\/v2\/product_tag?post=77623"}],"curies":[{"name":"wp","href":"https:\/\/api.w.org\/{rel}","templated":true}]}}