{"id":77633,"date":"2025-10-09T12:30:23","date_gmt":"2025-10-09T12:30:23","guid":{"rendered":"https:\/\/www.castrum.ee\/toode\/strands-ambassador-9-led-lisavalo\/"},"modified":"2025-10-09T12:30:23","modified_gmt":"2025-10-09T09:30:23","slug":"strands-ambassador-9-led-lisavalo","status":"publish","type":"product","link":"https:\/\/www.castrum.ee\/fi\/toode\/strands-ambassador-9-led-lisavalo\/","title":{"rendered":"STRANDS AMBASSADOR 9&#8243; LED lis\u00e4valo."},"content":{"rendered":"<p><strong>Mitat<\/strong>: \u2300 230.50 x 132.00mm<br \/>\n<strong>Paino<\/strong>: 2.40kg<br \/>\n<strong>Tyyppi<\/strong>: LED<br \/>\n<strong>J\u00e4nnite<\/strong>: 10-32V<br \/>\n<strong>Lumenit<\/strong>: 5535 lm<br \/>\n<strong>Lumenit (mitattu)<\/strong>: 4040 lm<br \/>\n<strong>V\u00e4ril\u00e4mp\u00f6tila<\/strong>: 6250 K<br \/>\n<strong>Liitintyyppi<\/strong>: 4-pin avoin kaapeli<br \/>\n<strong>Johdon pituus<\/strong>: 3,00 m<br \/>\n<strong>Linssin materiaali<\/strong>: Polykarbonaatti<br \/>\n<strong>IP-luokitus<\/strong>: IP68<br \/>\n<strong>Sertifikaatit<\/strong>: ECE R10<br \/>\n<strong>Takuu (kuukausina)<\/strong>: 36<br \/>\n<strong>Kuvaus<\/strong>: Ambassador on lis\u00e4valo, joka on suunniteltu sinulle, joka vaadit korkeinta laatua ja parasta valokuviota. Ambassador tarjoaa sinulle erityisesti kehitettyj\u00e4 ainutlaatuisia komponentteja, ja se on suunniteltu Ruotsissa ja valmistettu Euroopassa. Valkoisella ja keltaisella parkkivalolla&lt;br\/  &gt;&lt;br\/&gt;Mukana tulee duo-parkkivalo, voit valita mieleisesi valkoisen ja keltaisen valon v\u00e4lill\u00e4. Linssi on valmistettu polykarbonaatista ja on eritt\u00e4in kest\u00e4v\u00e4 naarmuja ja kiveniskuja vastaan. Valaisimen takana on &#8221;hengittimet&#8221;, Nitto Denkon hengitysventtiilit, jotka kuljettavat kosteuden pois valaisimesta eiv\u00e4tk\u00e4 p\u00e4\u00e4st\u00e4 kosteutta sis\u00e4\u00e4n. Valaisinkoteloa maalatessa venttiilit on kuitenkin suojattava hengitystoiminnon s\u00e4ilytt\u00e4miseksi.   <\/p>\n","protected":false},"excerpt":{"rendered":"<p>Mitat: \u2300 230.50 x 132.00mm Paino: 2.40kg Tyyppi: LED J\u00e4nnite:  [&#8230;]<\/p>\n","protected":false},"featured_media":25596,"template":"","meta":{"_acf_changed":false},"mark-ja-mudel":[],"product_brand":[],"product_cat":[1080,1079],"product_tag":[1116],"class_list":{"0":"post-77633","1":"product","2":"type-product","3":"status-publish","4":"has-post-thumbnail","6":"product_cat-led-kaukovalot","7":"product_cat-led-lisavalot-ja-tarvikkeet","8":"product_tag-toimitus-2-3-paivaa","10":"first","11":"instock","12":"taxable","13":"shipping-taxable","14":"purchasable","15":"product-type-simple"},"bundled_by":[],"bundle_stock_status":"instock","bundle_stock_quantity":null,"bundle_virtual":false,"bundle_layout":"","bundle_add_to_cart_form_location":"","bundle_editable_in_cart":false,"bundle_sold_individually_context":"","bundle_item_grouping":"","bundle_min_size":"","bundle_max_size":"","bundle_price":[],"bundled_items":[],"bundle_sell_ids":[],"acf":[],"yoast_head":"<!-- This site is optimized with the Yoast SEO plugin v27.3 - https:\/\/yoast.com\/product\/yoast-seo-wordpress\/ -->\n<title>STRANDS AMBASSADOR 9&quot; LED lis\u00e4valo. | LED-kaukovalot, LED-lis\u00e4valot ja tarvikkeet<\/title>\n<meta name=\"description\" content=\"STRANDS AMBASSADOR 9&quot; LED lis\u00e4valo. - LED-kaukovalot, LED-lis\u00e4valot ja tarvikkeet . Autojen, maastureiden ja pakettiautojen lis\u00e4varusteet. Varaosat.\" \/>\n<meta name=\"robots\" content=\"index, follow, max-snippet:-1, max-image-preview:large, max-video-preview:-1\" \/>\n<link rel=\"canonical\" href=\"https:\/\/www.castrum.ee\/fi\/toode\/strands-ambassador-9-led-lisavalo\/\" \/>\n<meta property=\"og:locale\" content=\"fi_FI\" \/>\n<meta property=\"og:type\" content=\"article\" \/>\n<meta property=\"og:title\" content=\"STRANDS AMBASSADOR 9&quot; LED lis\u00e4valo. | LED-kaukovalot, LED-lis\u00e4valot ja tarvikkeet\" \/>\n<meta property=\"og:description\" content=\"STRANDS AMBASSADOR 9&quot; LED lis\u00e4valo. - LED-kaukovalot, LED-lis\u00e4valot ja tarvikkeet . Autojen, maastureiden ja pakettiautojen lis\u00e4varusteet. Varaosat.\" \/>\n<meta property=\"og:url\" content=\"https:\/\/www.castrum.ee\/fi\/toode\/strands-ambassador-9-led-lisavalo\/\" \/>\n<meta property=\"og:site_name\" content=\"Castrum\" \/>\n<meta property=\"article:publisher\" content=\"https:\/\/www.facebook.com\/castrum.ee\" \/>\n<meta name=\"twitter:card\" content=\"summary_large_image\" \/>\n<meta name=\"twitter:label1\" content=\"Arvioitu lukuaika\" \/>\n\t<meta name=\"twitter:data1\" content=\"1 minuutti\" \/>\n<script type=\"application\/ld+json\" class=\"yoast-schema-graph\">{\"@context\":\"https:\\\/\\\/schema.org\",\"@graph\":[{\"@type\":\"WebPage\",\"@id\":\"https:\\\/\\\/www.castrum.ee\\\/fi\\\/toode\\\/strands-ambassador-9-led-lisavalo\\\/\",\"url\":\"https:\\\/\\\/www.castrum.ee\\\/fi\\\/toode\\\/strands-ambassador-9-led-lisavalo\\\/\",\"name\":\"STRANDS AMBASSADOR 9\\\" LED lis\u00e4valo. | LED-kaukovalot, LED-lis\u00e4valot ja tarvikkeet\",\"isPartOf\":{\"@id\":\"https:\\\/\\\/www.castrum.ee\\\/fi\\\/#website\"},\"primaryImageOfPage\":{\"@id\":\"https:\\\/\\\/www.castrum.ee\\\/fi\\\/toode\\\/strands-ambassador-9-led-lisavalo\\\/#primaryimage\"},\"image\":{\"@id\":\"https:\\\/\\\/www.castrum.ee\\\/fi\\\/toode\\\/strands-ambassador-9-led-lisavalo\\\/#primaryimage\"},\"thumbnailUrl\":\"https:\\\/\\\/www.castrum.ee\\\/wp-content\\\/uploads\\\/2025\\\/10\\\/S-270922_001.jpg\",\"datePublished\":\"2025-10-09T12:30:23+00:00\",\"description\":\"STRANDS AMBASSADOR 9\\\" LED lis\u00e4valo. - LED-kaukovalot, LED-lis\u00e4valot ja tarvikkeet . Autojen, maastureiden ja pakettiautojen lis\u00e4varusteet. Varaosat.\",\"breadcrumb\":{\"@id\":\"https:\\\/\\\/www.castrum.ee\\\/fi\\\/toode\\\/strands-ambassador-9-led-lisavalo\\\/#breadcrumb\"},\"inLanguage\":\"fi\",\"potentialAction\":[{\"@type\":\"ReadAction\",\"target\":[\"https:\\\/\\\/www.castrum.ee\\\/fi\\\/toode\\\/strands-ambassador-9-led-lisavalo\\\/\"]}]},{\"@type\":\"ImageObject\",\"inLanguage\":\"fi\",\"@id\":\"https:\\\/\\\/www.castrum.ee\\\/fi\\\/toode\\\/strands-ambassador-9-led-lisavalo\\\/#primaryimage\",\"url\":\"https:\\\/\\\/www.castrum.ee\\\/wp-content\\\/uploads\\\/2025\\\/10\\\/S-270922_001.jpg\",\"contentUrl\":\"https:\\\/\\\/www.castrum.ee\\\/wp-content\\\/uploads\\\/2025\\\/10\\\/S-270922_001.jpg\",\"width\":800,\"height\":600},{\"@type\":\"BreadcrumbList\",\"@id\":\"https:\\\/\\\/www.castrum.ee\\\/fi\\\/toode\\\/strands-ambassador-9-led-lisavalo\\\/#breadcrumb\",\"itemListElement\":[{\"@type\":\"ListItem\",\"position\":1,\"name\":\"Home\",\"item\":\"https:\\\/\\\/www.castrum.ee\\\/fi\\\/kotisivu\\\/\"},{\"@type\":\"ListItem\",\"position\":2,\"name\":\"Verkkokauppa\",\"item\":\"https:\\\/\\\/www.castrum.ee\\\/fi\\\/kauppa\\\/\"},{\"@type\":\"ListItem\",\"position\":3,\"name\":\"STRANDS AMBASSADOR 9&#8243; LED lis\u00e4valo.\"}]},{\"@type\":\"WebSite\",\"@id\":\"https:\\\/\\\/www.castrum.ee\\\/fi\\\/#website\",\"url\":\"https:\\\/\\\/www.castrum.ee\\\/fi\\\/\",\"name\":\"Castrum\",\"description\":\"Maasturite, s\u00f5iduautode ja v\u00e4ikebusside lisavarustus\",\"publisher\":{\"@id\":\"https:\\\/\\\/www.castrum.ee\\\/fi\\\/#organization\"},\"potentialAction\":[{\"@type\":\"SearchAction\",\"target\":{\"@type\":\"EntryPoint\",\"urlTemplate\":\"https:\\\/\\\/www.castrum.ee\\\/fi\\\/?s={search_term_string}\"},\"query-input\":{\"@type\":\"PropertyValueSpecification\",\"valueRequired\":true,\"valueName\":\"search_term_string\"}}],\"inLanguage\":\"fi\"},{\"@type\":\"Organization\",\"@id\":\"https:\\\/\\\/www.castrum.ee\\\/fi\\\/#organization\",\"name\":\"Castrum Grupp O\u00dc\",\"url\":\"https:\\\/\\\/www.castrum.ee\\\/fi\\\/\",\"logo\":{\"@type\":\"ImageObject\",\"inLanguage\":\"fi\",\"@id\":\"https:\\\/\\\/www.castrum.ee\\\/fi\\\/#\\\/schema\\\/logo\\\/image\\\/\",\"url\":\"https:\\\/\\\/www.castrum.ee\\\/wp-content\\\/uploads\\\/2025\\\/03\\\/Castrum-logo-500.png\",\"contentUrl\":\"https:\\\/\\\/www.castrum.ee\\\/wp-content\\\/uploads\\\/2025\\\/03\\\/Castrum-logo-500.png\",\"width\":500,\"height\":250,\"caption\":\"Castrum Grupp O\u00dc\"},\"image\":{\"@id\":\"https:\\\/\\\/www.castrum.ee\\\/fi\\\/#\\\/schema\\\/logo\\\/image\\\/\"},\"sameAs\":[\"https:\\\/\\\/www.facebook.com\\\/castrum.ee\"]}]}<\/script>\n<!-- \/ Yoast SEO plugin. -->","yoast_head_json":{"title":"STRANDS AMBASSADOR 9\" LED lis\u00e4valo. | LED-kaukovalot, LED-lis\u00e4valot ja tarvikkeet","description":"STRANDS AMBASSADOR 9\" LED lis\u00e4valo. - LED-kaukovalot, LED-lis\u00e4valot ja tarvikkeet . Autojen, maastureiden ja pakettiautojen lis\u00e4varusteet. Varaosat.","robots":{"index":"index","follow":"follow","max-snippet":"max-snippet:-1","max-image-preview":"max-image-preview:large","max-video-preview":"max-video-preview:-1"},"canonical":"https:\/\/www.castrum.ee\/fi\/toode\/strands-ambassador-9-led-lisavalo\/","og_locale":"fi_FI","og_type":"article","og_title":"STRANDS AMBASSADOR 9\" LED lis\u00e4valo. | LED-kaukovalot, LED-lis\u00e4valot ja tarvikkeet","og_description":"STRANDS AMBASSADOR 9\" LED lis\u00e4valo. - LED-kaukovalot, LED-lis\u00e4valot ja tarvikkeet . Autojen, maastureiden ja pakettiautojen lis\u00e4varusteet. Varaosat.","og_url":"https:\/\/www.castrum.ee\/fi\/toode\/strands-ambassador-9-led-lisavalo\/","og_site_name":"Castrum","article_publisher":"https:\/\/www.facebook.com\/castrum.ee","twitter_card":"summary_large_image","twitter_misc":{"Arvioitu lukuaika":"1 minuutti"},"schema":{"@context":"https:\/\/schema.org","@graph":[{"@type":"WebPage","@id":"https:\/\/www.castrum.ee\/fi\/toode\/strands-ambassador-9-led-lisavalo\/","url":"https:\/\/www.castrum.ee\/fi\/toode\/strands-ambassador-9-led-lisavalo\/","name":"STRANDS AMBASSADOR 9\" LED lis\u00e4valo. | LED-kaukovalot, LED-lis\u00e4valot ja tarvikkeet","isPartOf":{"@id":"https:\/\/www.castrum.ee\/fi\/#website"},"primaryImageOfPage":{"@id":"https:\/\/www.castrum.ee\/fi\/toode\/strands-ambassador-9-led-lisavalo\/#primaryimage"},"image":{"@id":"https:\/\/www.castrum.ee\/fi\/toode\/strands-ambassador-9-led-lisavalo\/#primaryimage"},"thumbnailUrl":"https:\/\/www.castrum.ee\/wp-content\/uploads\/2025\/10\/S-270922_001.jpg","datePublished":"2025-10-09T12:30:23+00:00","description":"STRANDS AMBASSADOR 9\" LED lis\u00e4valo. - LED-kaukovalot, LED-lis\u00e4valot ja tarvikkeet . Autojen, maastureiden ja pakettiautojen lis\u00e4varusteet. Varaosat.","breadcrumb":{"@id":"https:\/\/www.castrum.ee\/fi\/toode\/strands-ambassador-9-led-lisavalo\/#breadcrumb"},"inLanguage":"fi","potentialAction":[{"@type":"ReadAction","target":["https:\/\/www.castrum.ee\/fi\/toode\/strands-ambassador-9-led-lisavalo\/"]}]},{"@type":"ImageObject","inLanguage":"fi","@id":"https:\/\/www.castrum.ee\/fi\/toode\/strands-ambassador-9-led-lisavalo\/#primaryimage","url":"https:\/\/www.castrum.ee\/wp-content\/uploads\/2025\/10\/S-270922_001.jpg","contentUrl":"https:\/\/www.castrum.ee\/wp-content\/uploads\/2025\/10\/S-270922_001.jpg","width":800,"height":600},{"@type":"BreadcrumbList","@id":"https:\/\/www.castrum.ee\/fi\/toode\/strands-ambassador-9-led-lisavalo\/#breadcrumb","itemListElement":[{"@type":"ListItem","position":1,"name":"Home","item":"https:\/\/www.castrum.ee\/fi\/kotisivu\/"},{"@type":"ListItem","position":2,"name":"Verkkokauppa","item":"https:\/\/www.castrum.ee\/fi\/kauppa\/"},{"@type":"ListItem","position":3,"name":"STRANDS AMBASSADOR 9&#8243; LED lis\u00e4valo."}]},{"@type":"WebSite","@id":"https:\/\/www.castrum.ee\/fi\/#website","url":"https:\/\/www.castrum.ee\/fi\/","name":"Castrum","description":"Maasturite, s\u00f5iduautode ja v\u00e4ikebusside lisavarustus","publisher":{"@id":"https:\/\/www.castrum.ee\/fi\/#organization"},"potentialAction":[{"@type":"SearchAction","target":{"@type":"EntryPoint","urlTemplate":"https:\/\/www.castrum.ee\/fi\/?s={search_term_string}"},"query-input":{"@type":"PropertyValueSpecification","valueRequired":true,"valueName":"search_term_string"}}],"inLanguage":"fi"},{"@type":"Organization","@id":"https:\/\/www.castrum.ee\/fi\/#organization","name":"Castrum Grupp O\u00dc","url":"https:\/\/www.castrum.ee\/fi\/","logo":{"@type":"ImageObject","inLanguage":"fi","@id":"https:\/\/www.castrum.ee\/fi\/#\/schema\/logo\/image\/","url":"https:\/\/www.castrum.ee\/wp-content\/uploads\/2025\/03\/Castrum-logo-500.png","contentUrl":"https:\/\/www.castrum.ee\/wp-content\/uploads\/2025\/03\/Castrum-logo-500.png","width":500,"height":250,"caption":"Castrum Grupp O\u00dc"},"image":{"@id":"https:\/\/www.castrum.ee\/fi\/#\/schema\/logo\/image\/"},"sameAs":["https:\/\/www.facebook.com\/castrum.ee"]}]}},"_links":{"self":[{"href":"https:\/\/www.castrum.ee\/fi\/wp-json\/wp\/v2\/product\/77633","targetHints":{"allow":["GET"]}}],"collection":[{"href":"https:\/\/www.castrum.ee\/fi\/wp-json\/wp\/v2\/product"}],"about":[{"href":"https:\/\/www.castrum.ee\/fi\/wp-json\/wp\/v2\/types\/product"}],"wp:featuredmedia":[{"embeddable":true,"href":"https:\/\/www.castrum.ee\/fi\/wp-json\/wp\/v2\/media\/25596"}],"wp:attachment":[{"href":"https:\/\/www.castrum.ee\/fi\/wp-json\/wp\/v2\/media?parent=77633"}],"wp:term":[{"taxonomy":"mark-ja-mudel","embeddable":true,"href":"https:\/\/www.castrum.ee\/fi\/wp-json\/wp\/v2\/mark-ja-mudel?post=77633"},{"taxonomy":"product_brand","embeddable":true,"href":"https:\/\/www.castrum.ee\/fi\/wp-json\/wp\/v2\/product_brand?post=77633"},{"taxonomy":"product_cat","embeddable":true,"href":"https:\/\/www.castrum.ee\/fi\/wp-json\/wp\/v2\/product_cat?post=77633"},{"taxonomy":"product_tag","embeddable":true,"href":"https:\/\/www.castrum.ee\/fi\/wp-json\/wp\/v2\/product_tag?post=77633"}],"curies":[{"name":"wp","href":"https:\/\/api.w.org\/{rel}","templated":true}]}}