{"id":77635,"date":"2025-09-24T11:28:26","date_gmt":"2025-09-24T11:28:26","guid":{"rendered":"https:\/\/www.castrum.ee\/toode\/toyota-land-cruiser-150-18-rival-alumiininen-etupuskuri-led-sumuvaloilla\/"},"modified":"2025-09-24T11:28:26","modified_gmt":"2025-09-24T08:28:26","slug":"toyota-land-cruiser-150-18-rival-alumiininen-etupuskuri-led-sumuvaloilla","status":"publish","type":"product","link":"https:\/\/www.castrum.ee\/fi\/toode\/toyota-land-cruiser-150-18-rival-alumiininen-etupuskuri-led-sumuvaloilla\/","title":{"rendered":"Toyota Land Cruiser 150 [18+] Rival alumiininen etupuskuri, LED-sumuvaloilla."},"content":{"rendered":"<p>T\u00d6RM\u00c4YSTESTATTU JA ADR69-VAATIMUSTENMUKAINEN<\/p>\n<p>Jokainen RIVAL-alumiinipuskuri l\u00e4p\u00e4isee t\u00f6rm\u00e4ystestin varmistaakseen kaikkien tehdasasennettujen turvaj\u00e4rjestelmien asianmukaisen toiminnan. Puskurimme tarjoavat paremman suojan ja turvallisuuden verrattuna ter\u00e4spuskureihin ja niiden lis\u00e4painoon.<\/p>\n<p>TOIMINNALLINEN<\/p>\n<p>RIVAL-alumiinipuskurit ovat yhteensopivia useimpien 3 tuuman lis\u00e4sumu-\/ajovalojen kanssa. Useimmissa puskureissamme on vakiona integroidut vinssin kiinnityspisteet.<\/p>\n<p>HELPPO ASENTAA<\/p>\n<p>Rival-alumiinipuskurit on suunniteltu siten, ett\u00e4 ajoneuvoosi tarvitaan minimaalisesti leikkauksia tai muutoksia, varmistaen alkuper\u00e4isen laitevalmistajan mukaisen istuvuuden ja viimeistelyn sek\u00e4 helpon asennuksen.<\/p>\n","protected":false},"excerpt":{"rendered":"<p>T\u00d6RM\u00c4YSTESTATTU JA ADR69-VAATIMUSTENMUKAINEN Jokainen RIVAL-alumiinipuskuri l\u00e4p\u00e4isee t\u00f6rm\u00e4ystestin varmistaakseen kaikkien tehdasasennettujen  [&#8230;]<\/p>\n","protected":false},"featured_media":24715,"template":"","meta":{"_acf_changed":false},"mark-ja-mudel":[],"product_brand":[1293,1277],"product_cat":[1052,1057],"product_tag":[1125],"class_list":{"0":"post-77635","1":"product","2":"type-product","3":"status-publish","4":"has-post-thumbnail","6":"product_brand-land-cruiser","7":"product_brand-toyota","8":"product_cat-4x4-off-road-varusteet","9":"product_cat-off-road-puskurit","10":"product_tag-toimitusaika-1-viikko","11":"product_shipping_class-tukku","13":"first","14":"instock","15":"taxable","16":"shipping-taxable","17":"purchasable","18":"product-type-simple"},"bundled_by":[],"bundle_stock_status":"instock","bundle_stock_quantity":null,"bundle_virtual":false,"bundle_layout":"","bundle_add_to_cart_form_location":"","bundle_editable_in_cart":false,"bundle_sold_individually_context":"","bundle_item_grouping":"","bundle_min_size":"","bundle_max_size":"","bundle_price":[],"bundled_items":[],"bundle_sell_ids":[],"acf":[],"yoast_head":"<!-- This site is optimized with the Yoast SEO plugin v27.3 - https:\/\/yoast.com\/product\/yoast-seo-wordpress\/ -->\n<title>Toyota Land Cruiser 150 [18+] Rival alumiininen etupuskuri, LED-sumuvaloilla. | 4x4 off-road -varusteet, Off-road-puskurit<\/title>\n<meta name=\"description\" content=\"Toyota Land Cruiser 150 [18+] Rival alumiininen etupuskuri, LED-sumuvaloilla. - 4x4 off-road -varusteet, Off-road-puskurit . Autojen, maastureiden ja pakettiautojen lis\u00e4varusteet. Varaosat.\" \/>\n<meta name=\"robots\" content=\"index, follow, max-snippet:-1, max-image-preview:large, max-video-preview:-1\" \/>\n<link rel=\"canonical\" href=\"https:\/\/www.castrum.ee\/fi\/toode\/toyota-land-cruiser-150-18-rival-alumiininen-etupuskuri-led-sumuvaloilla\/\" \/>\n<meta property=\"og:locale\" content=\"fi_FI\" \/>\n<meta property=\"og:type\" content=\"article\" \/>\n<meta property=\"og:title\" content=\"Toyota Land Cruiser 150 [18+] Rival alumiininen etupuskuri, LED-sumuvaloilla. | 4x4 off-road -varusteet, Off-road-puskurit\" \/>\n<meta property=\"og:description\" content=\"Toyota Land Cruiser 150 [18+] Rival alumiininen etupuskuri, LED-sumuvaloilla. - 4x4 off-road -varusteet, Off-road-puskurit . Autojen, maastureiden ja pakettiautojen lis\u00e4varusteet. Varaosat.\" \/>\n<meta property=\"og:url\" content=\"https:\/\/www.castrum.ee\/fi\/toode\/toyota-land-cruiser-150-18-rival-alumiininen-etupuskuri-led-sumuvaloilla\/\" \/>\n<meta property=\"og:site_name\" content=\"Castrum\" \/>\n<meta property=\"article:publisher\" content=\"https:\/\/www.facebook.com\/castrum.ee\" \/>\n<meta name=\"twitter:card\" content=\"summary_large_image\" \/>\n<script type=\"application\/ld+json\" class=\"yoast-schema-graph\">{\"@context\":\"https:\\\/\\\/schema.org\",\"@graph\":[{\"@type\":\"WebPage\",\"@id\":\"https:\\\/\\\/www.castrum.ee\\\/fi\\\/toode\\\/toyota-land-cruiser-150-18-rival-alumiininen-etupuskuri-led-sumuvaloilla\\\/\",\"url\":\"https:\\\/\\\/www.castrum.ee\\\/fi\\\/toode\\\/toyota-land-cruiser-150-18-rival-alumiininen-etupuskuri-led-sumuvaloilla\\\/\",\"name\":\"Toyota Land Cruiser 150 [18+] Rival alumiininen etupuskuri, LED-sumuvaloilla. | 4x4 off-road -varusteet, Off-road-puskurit\",\"isPartOf\":{\"@id\":\"https:\\\/\\\/www.castrum.ee\\\/fi\\\/#website\"},\"primaryImageOfPage\":{\"@id\":\"https:\\\/\\\/www.castrum.ee\\\/fi\\\/toode\\\/toyota-land-cruiser-150-18-rival-alumiininen-etupuskuri-led-sumuvaloilla\\\/#primaryimage\"},\"image\":{\"@id\":\"https:\\\/\\\/www.castrum.ee\\\/fi\\\/toode\\\/toyota-land-cruiser-150-18-rival-alumiininen-etupuskuri-led-sumuvaloilla\\\/#primaryimage\"},\"thumbnailUrl\":\"https:\\\/\\\/www.castrum.ee\\\/wp-content\\\/uploads\\\/2025\\\/09\\\/rsw_776h_583cg_truem-1.webp\",\"datePublished\":\"2025-09-24T11:28:26+00:00\",\"description\":\"Toyota Land Cruiser 150 [18+] Rival alumiininen etupuskuri, LED-sumuvaloilla. - 4x4 off-road -varusteet, Off-road-puskurit . Autojen, maastureiden ja pakettiautojen lis\u00e4varusteet. Varaosat.\",\"breadcrumb\":{\"@id\":\"https:\\\/\\\/www.castrum.ee\\\/fi\\\/toode\\\/toyota-land-cruiser-150-18-rival-alumiininen-etupuskuri-led-sumuvaloilla\\\/#breadcrumb\"},\"inLanguage\":\"fi\",\"potentialAction\":[{\"@type\":\"ReadAction\",\"target\":[\"https:\\\/\\\/www.castrum.ee\\\/fi\\\/toode\\\/toyota-land-cruiser-150-18-rival-alumiininen-etupuskuri-led-sumuvaloilla\\\/\"]}]},{\"@type\":\"ImageObject\",\"inLanguage\":\"fi\",\"@id\":\"https:\\\/\\\/www.castrum.ee\\\/fi\\\/toode\\\/toyota-land-cruiser-150-18-rival-alumiininen-etupuskuri-led-sumuvaloilla\\\/#primaryimage\",\"url\":\"https:\\\/\\\/www.castrum.ee\\\/wp-content\\\/uploads\\\/2025\\\/09\\\/rsw_776h_583cg_truem-1.webp\",\"contentUrl\":\"https:\\\/\\\/www.castrum.ee\\\/wp-content\\\/uploads\\\/2025\\\/09\\\/rsw_776h_583cg_truem-1.webp\",\"width\":776,\"height\":584},{\"@type\":\"BreadcrumbList\",\"@id\":\"https:\\\/\\\/www.castrum.ee\\\/fi\\\/toode\\\/toyota-land-cruiser-150-18-rival-alumiininen-etupuskuri-led-sumuvaloilla\\\/#breadcrumb\",\"itemListElement\":[{\"@type\":\"ListItem\",\"position\":1,\"name\":\"Home\",\"item\":\"https:\\\/\\\/www.castrum.ee\\\/fi\\\/kotisivu\\\/\"},{\"@type\":\"ListItem\",\"position\":2,\"name\":\"Verkkokauppa\",\"item\":\"https:\\\/\\\/www.castrum.ee\\\/fi\\\/kauppa\\\/\"},{\"@type\":\"ListItem\",\"position\":3,\"name\":\"Toyota Land Cruiser 150 [18+] Rival alumiininen etupuskuri, LED-sumuvaloilla.\"}]},{\"@type\":\"WebSite\",\"@id\":\"https:\\\/\\\/www.castrum.ee\\\/fi\\\/#website\",\"url\":\"https:\\\/\\\/www.castrum.ee\\\/fi\\\/\",\"name\":\"Castrum\",\"description\":\"Maasturite, s\u00f5iduautode ja v\u00e4ikebusside lisavarustus\",\"publisher\":{\"@id\":\"https:\\\/\\\/www.castrum.ee\\\/fi\\\/#organization\"},\"potentialAction\":[{\"@type\":\"SearchAction\",\"target\":{\"@type\":\"EntryPoint\",\"urlTemplate\":\"https:\\\/\\\/www.castrum.ee\\\/fi\\\/?s={search_term_string}\"},\"query-input\":{\"@type\":\"PropertyValueSpecification\",\"valueRequired\":true,\"valueName\":\"search_term_string\"}}],\"inLanguage\":\"fi\"},{\"@type\":\"Organization\",\"@id\":\"https:\\\/\\\/www.castrum.ee\\\/fi\\\/#organization\",\"name\":\"Castrum Grupp O\u00dc\",\"url\":\"https:\\\/\\\/www.castrum.ee\\\/fi\\\/\",\"logo\":{\"@type\":\"ImageObject\",\"inLanguage\":\"fi\",\"@id\":\"https:\\\/\\\/www.castrum.ee\\\/fi\\\/#\\\/schema\\\/logo\\\/image\\\/\",\"url\":\"https:\\\/\\\/www.castrum.ee\\\/wp-content\\\/uploads\\\/2025\\\/03\\\/Castrum-logo-500.png\",\"contentUrl\":\"https:\\\/\\\/www.castrum.ee\\\/wp-content\\\/uploads\\\/2025\\\/03\\\/Castrum-logo-500.png\",\"width\":500,\"height\":250,\"caption\":\"Castrum Grupp O\u00dc\"},\"image\":{\"@id\":\"https:\\\/\\\/www.castrum.ee\\\/fi\\\/#\\\/schema\\\/logo\\\/image\\\/\"},\"sameAs\":[\"https:\\\/\\\/www.facebook.com\\\/castrum.ee\"]}]}<\/script>\n<!-- \/ Yoast SEO plugin. -->","yoast_head_json":{"title":"Toyota Land Cruiser 150 [18+] Rival alumiininen etupuskuri, LED-sumuvaloilla. | 4x4 off-road -varusteet, Off-road-puskurit","description":"Toyota Land Cruiser 150 [18+] Rival alumiininen etupuskuri, LED-sumuvaloilla. - 4x4 off-road -varusteet, Off-road-puskurit . Autojen, maastureiden ja pakettiautojen lis\u00e4varusteet. Varaosat.","robots":{"index":"index","follow":"follow","max-snippet":"max-snippet:-1","max-image-preview":"max-image-preview:large","max-video-preview":"max-video-preview:-1"},"canonical":"https:\/\/www.castrum.ee\/fi\/toode\/toyota-land-cruiser-150-18-rival-alumiininen-etupuskuri-led-sumuvaloilla\/","og_locale":"fi_FI","og_type":"article","og_title":"Toyota Land Cruiser 150 [18+] Rival alumiininen etupuskuri, LED-sumuvaloilla. | 4x4 off-road -varusteet, Off-road-puskurit","og_description":"Toyota Land Cruiser 150 [18+] Rival alumiininen etupuskuri, LED-sumuvaloilla. - 4x4 off-road -varusteet, Off-road-puskurit . Autojen, maastureiden ja pakettiautojen lis\u00e4varusteet. Varaosat.","og_url":"https:\/\/www.castrum.ee\/fi\/toode\/toyota-land-cruiser-150-18-rival-alumiininen-etupuskuri-led-sumuvaloilla\/","og_site_name":"Castrum","article_publisher":"https:\/\/www.facebook.com\/castrum.ee","twitter_card":"summary_large_image","schema":{"@context":"https:\/\/schema.org","@graph":[{"@type":"WebPage","@id":"https:\/\/www.castrum.ee\/fi\/toode\/toyota-land-cruiser-150-18-rival-alumiininen-etupuskuri-led-sumuvaloilla\/","url":"https:\/\/www.castrum.ee\/fi\/toode\/toyota-land-cruiser-150-18-rival-alumiininen-etupuskuri-led-sumuvaloilla\/","name":"Toyota Land Cruiser 150 [18+] Rival alumiininen etupuskuri, LED-sumuvaloilla. | 4x4 off-road -varusteet, Off-road-puskurit","isPartOf":{"@id":"https:\/\/www.castrum.ee\/fi\/#website"},"primaryImageOfPage":{"@id":"https:\/\/www.castrum.ee\/fi\/toode\/toyota-land-cruiser-150-18-rival-alumiininen-etupuskuri-led-sumuvaloilla\/#primaryimage"},"image":{"@id":"https:\/\/www.castrum.ee\/fi\/toode\/toyota-land-cruiser-150-18-rival-alumiininen-etupuskuri-led-sumuvaloilla\/#primaryimage"},"thumbnailUrl":"https:\/\/www.castrum.ee\/wp-content\/uploads\/2025\/09\/rsw_776h_583cg_truem-1.webp","datePublished":"2025-09-24T11:28:26+00:00","description":"Toyota Land Cruiser 150 [18+] Rival alumiininen etupuskuri, LED-sumuvaloilla. - 4x4 off-road -varusteet, Off-road-puskurit . Autojen, maastureiden ja pakettiautojen lis\u00e4varusteet. Varaosat.","breadcrumb":{"@id":"https:\/\/www.castrum.ee\/fi\/toode\/toyota-land-cruiser-150-18-rival-alumiininen-etupuskuri-led-sumuvaloilla\/#breadcrumb"},"inLanguage":"fi","potentialAction":[{"@type":"ReadAction","target":["https:\/\/www.castrum.ee\/fi\/toode\/toyota-land-cruiser-150-18-rival-alumiininen-etupuskuri-led-sumuvaloilla\/"]}]},{"@type":"ImageObject","inLanguage":"fi","@id":"https:\/\/www.castrum.ee\/fi\/toode\/toyota-land-cruiser-150-18-rival-alumiininen-etupuskuri-led-sumuvaloilla\/#primaryimage","url":"https:\/\/www.castrum.ee\/wp-content\/uploads\/2025\/09\/rsw_776h_583cg_truem-1.webp","contentUrl":"https:\/\/www.castrum.ee\/wp-content\/uploads\/2025\/09\/rsw_776h_583cg_truem-1.webp","width":776,"height":584},{"@type":"BreadcrumbList","@id":"https:\/\/www.castrum.ee\/fi\/toode\/toyota-land-cruiser-150-18-rival-alumiininen-etupuskuri-led-sumuvaloilla\/#breadcrumb","itemListElement":[{"@type":"ListItem","position":1,"name":"Home","item":"https:\/\/www.castrum.ee\/fi\/kotisivu\/"},{"@type":"ListItem","position":2,"name":"Verkkokauppa","item":"https:\/\/www.castrum.ee\/fi\/kauppa\/"},{"@type":"ListItem","position":3,"name":"Toyota Land Cruiser 150 [18+] Rival alumiininen etupuskuri, LED-sumuvaloilla."}]},{"@type":"WebSite","@id":"https:\/\/www.castrum.ee\/fi\/#website","url":"https:\/\/www.castrum.ee\/fi\/","name":"Castrum","description":"Maasturite, s\u00f5iduautode ja v\u00e4ikebusside lisavarustus","publisher":{"@id":"https:\/\/www.castrum.ee\/fi\/#organization"},"potentialAction":[{"@type":"SearchAction","target":{"@type":"EntryPoint","urlTemplate":"https:\/\/www.castrum.ee\/fi\/?s={search_term_string}"},"query-input":{"@type":"PropertyValueSpecification","valueRequired":true,"valueName":"search_term_string"}}],"inLanguage":"fi"},{"@type":"Organization","@id":"https:\/\/www.castrum.ee\/fi\/#organization","name":"Castrum Grupp O\u00dc","url":"https:\/\/www.castrum.ee\/fi\/","logo":{"@type":"ImageObject","inLanguage":"fi","@id":"https:\/\/www.castrum.ee\/fi\/#\/schema\/logo\/image\/","url":"https:\/\/www.castrum.ee\/wp-content\/uploads\/2025\/03\/Castrum-logo-500.png","contentUrl":"https:\/\/www.castrum.ee\/wp-content\/uploads\/2025\/03\/Castrum-logo-500.png","width":500,"height":250,"caption":"Castrum Grupp O\u00dc"},"image":{"@id":"https:\/\/www.castrum.ee\/fi\/#\/schema\/logo\/image\/"},"sameAs":["https:\/\/www.facebook.com\/castrum.ee"]}]}},"_links":{"self":[{"href":"https:\/\/www.castrum.ee\/fi\/wp-json\/wp\/v2\/product\/77635","targetHints":{"allow":["GET"]}}],"collection":[{"href":"https:\/\/www.castrum.ee\/fi\/wp-json\/wp\/v2\/product"}],"about":[{"href":"https:\/\/www.castrum.ee\/fi\/wp-json\/wp\/v2\/types\/product"}],"wp:featuredmedia":[{"embeddable":true,"href":"https:\/\/www.castrum.ee\/fi\/wp-json\/wp\/v2\/media\/24715"}],"wp:attachment":[{"href":"https:\/\/www.castrum.ee\/fi\/wp-json\/wp\/v2\/media?parent=77635"}],"wp:term":[{"taxonomy":"mark-ja-mudel","embeddable":true,"href":"https:\/\/www.castrum.ee\/fi\/wp-json\/wp\/v2\/mark-ja-mudel?post=77635"},{"taxonomy":"product_brand","embeddable":true,"href":"https:\/\/www.castrum.ee\/fi\/wp-json\/wp\/v2\/product_brand?post=77635"},{"taxonomy":"product_cat","embeddable":true,"href":"https:\/\/www.castrum.ee\/fi\/wp-json\/wp\/v2\/product_cat?post=77635"},{"taxonomy":"product_tag","embeddable":true,"href":"https:\/\/www.castrum.ee\/fi\/wp-json\/wp\/v2\/product_tag?post=77635"}],"curies":[{"name":"wp","href":"https:\/\/api.w.org\/{rel}","templated":true}]}}